{"id":17329,"date":"2022-07-27T17:35:36","date_gmt":"2022-07-27T21:35:36","guid":{"rendered":"https:\/\/produncan.cl\/producto\/villa-ohiggins-farm-victoria-araucania-region\/"},"modified":"2025-12-26T17:29:20","modified_gmt":"2025-12-26T20:29:20","slug":"villa-ohiggins-farm-victoria-araucania-region","status":"publish","type":"product","link":"https:\/\/produncan.cl\/en\/property\/villa-ohiggins-farm-victoria-araucania-region\/","title":{"rendered":"Villa O&#8217;Higgins Farm &#8211; Victoria &#8211; Araucan\u00eda Region"},"content":{"rendered":"\t\t<div data-elementor-type=\"product-post\" data-elementor-id=\"17329\" class=\"elementor elementor-17329 elementor-17189\" data-elementor-post-type=\"product\">\n\t\t\t\t<div class=\"elementor-element elementor-element-c8f0638 e-flex e-con-boxed e-con e-parent\" data-id=\"c8f0638\" data-element_type=\"container\" data-e-type=\"container\" data-settings=\"{&quot;jet_parallax_layout_list&quot;:[]}\">\n\t\t\t\t\t<div class=\"e-con-inner\">\n\t\t\t\t<div class=\"elementor-element elementor-element-8f1e79f elementor-widget elementor-widget-heading\" data-id=\"8f1e79f\" data-element_type=\"widget\" data-e-type=\"widget\" data-widget_type=\"heading.default\">\n\t\t\t\t\t<h2 class=\"elementor-heading-title elementor-size-default\">Farm for sale in Villa O'Higgins, Victoria, Araucan\u00eda Region<\/h2>\t\t\t\t<\/div>\n\t\t\t\t\t<\/div>\n\t\t\t\t<\/div>\n\t\t<div class=\"elementor-element elementor-element-74f5bc0 e-flex e-con-boxed e-con e-parent\" data-id=\"74f5bc0\" data-element_type=\"container\" data-e-type=\"container\" data-settings=\"{&quot;jet_parallax_layout_list&quot;:[]}\">\n\t\t\t\t\t<div class=\"e-con-inner\">\n\t\t\t\t<div class=\"elementor-element elementor-element-0569ea1 elementor-widget elementor-widget-text-editor\" data-id=\"0569ea1\" data-element_type=\"widget\" data-e-type=\"widget\" data-widget_type=\"text-editor.default\">\n\t\t\t\t\t\t\t\t\t<p>This charming farm is located in the Villa O&#8217;Higgins sector, in the commune of Victoria, Malleco province, Araucan\u00eda region. The land has an area of 47.8 hectares and is located 16 km from the asphalt. There is an asphalting project that would leave the land 2 km from the asphalt. The land has a house, a shed, a cellar, a barbecue area, a cabin and a woodshed;<\/p>\n<p><\/p>\n<p>The house was built in 2008 and has a living area of 143 sqm. The house has four bedrooms, all en suite, five bathrooms, a stone terrace, a loggia, a covered parking area, a wine cellar, a gas hot water system and a slow combustion heating system. The house faces south and has no municipal reception.<\/p>\n<p><\/p>\n<p>The cabin is small and in need of repairs. It has two bedrooms, a bathroom, an open kitchen integrated to a dining room, a living room, a heater and a slow combustion stove.<\/p>\n<p><\/p>\n<p>The field has underground electricity, well water, 3 streams, 2 dry up in summer, there are 5 springs, it does not have water rights, the topography is flat with slight oscillations, it is accessed directly from a rural road, the field does not give easement to other properties, no agriculture or livestock is worked.<\/p>\n<p><\/p>\n<p>The farm is located in a stunning natural environment, surrounded by native forest and mountains; The climate is temperate and pleasant, and the fauna is diverse.<\/p>\n<p><\/p>\n<p>In flora you can find rosehip, maqui, myrtle, hazel chestnut, coihue, hualle oak, ma\u00f1\u00edo, radal and a few pines. As for fauna you can find pud\u00fa, culpeo fox, otter, condor, eagle, Andean condor, black woodpecker.<\/p>\n<p><\/p>\n<p>You will be able to travel by public transportation on Mondays, Wednesdays and Fridays, so you can move around without any worries.<\/p>\n<p><\/p>\n<p>The land is well located, close to several tourist attractions, such as the Tolhuaca national park, the Malleco hot springs, Curacaut\u00edn, Malalcahuello, Corralco, Lonquimay and 16 kms from the international road;<\/p>\n<p><\/p>\n<p>This course is perfect for those who are looking for a quiet life in contact with nature.<\/p>\n<p><\/p>\n<p>Contact us to get more information!<\/p>\t\t\t\t\t\t\t\t<\/div>\n\t\t\t\t\t<\/div>\n\t\t\t\t<\/div>\n\t\t\t\t<\/div>\n\t\t","protected":false},"excerpt":{"rendered":"<p>Farm in Villa O&#8217;Higgins, house, shed, underground electricity, well, springs.<\/p>\n","protected":false},"featured_media":17199,"template":"","meta":{"_acf_changed":false},"product_brand":[],"product_cat":[110],"product_tag":[187],"regiones":[226],"ciudades":[],"class_list":{"0":"post-17329","1":"product","2":"type-product","3":"status-publish","4":"has-post-thumbnail","6":"product_cat-nuble-los_lagos-en","7":"product_tag-fields","8":"regiones-nuble-los_lagos","10":"first","11":"instock","12":"shipping-taxable","13":"purchasable","14":"product-type-simple"},"acf":[],"yoast_head":"<!-- This site is optimized with the Yoast SEO Premium plugin v26.0 (Yoast SEO v27.3) - https:\/\/yoast.com\/product\/yoast-seo-premium-wordpress\/ -->\n<title>Villa O&#039;Higgins Farm - Victoria - Araucan\u00eda Region - Produncan<\/title>\n<meta name=\"description\" content=\"Farm Villa O&#039;Higgins is a beautiful property of 500 hectares in the commune of Villa O&#039;Higgins, Chile; Ideal for agriculture, livestock, tourism and real estate development; Currently for sale\" \/>\n<meta name=\"robots\" content=\"index, follow, max-snippet:-1, max-image-preview:large, max-video-preview:-1\" \/>\n<link rel=\"canonical\" href=\"https:\/\/produncan.cl\/en\/property\/villa-ohiggins-farm-victoria-araucania-region\/\" \/>\n<meta property=\"og:locale\" content=\"en_US\" \/>\n<meta property=\"og:type\" content=\"article\" \/>\n<meta property=\"og:title\" content=\"Villa O&#039;Higgins Farm - Victoria - Araucan\u00eda Region\" \/>\n<meta property=\"og:description\" content=\"Farm Villa O&#039;Higgins is a beautiful property of 500 hectares in the commune of Villa O&#039;Higgins, Chile; Ideal for agriculture, livestock, tourism and real estate development; Currently for sale\" \/>\n<meta property=\"og:url\" content=\"https:\/\/produncan.cl\/en\/property\/villa-ohiggins-farm-victoria-araucania-region\/\" \/>\n<meta property=\"og:site_name\" content=\"Produncan\" \/>\n<meta property=\"article:publisher\" content=\"https:\/\/web.facebook.com\/produncanland\" \/>\n<meta property=\"article:modified_time\" content=\"2025-12-26T20:29:20+00:00\" \/>\n<meta property=\"og:image\" content=\"https:\/\/produncan.cl\/wp-content\/uploads\/2023\/07\/Campo-en-venta-en-Villa-OHiggins.webp\" \/>\n\t<meta property=\"og:image:width\" content=\"600\" \/>\n\t<meta property=\"og:image:height\" content=\"450\" \/>\n\t<meta property=\"og:image:type\" content=\"image\/webp\" \/>\n<meta name=\"twitter:card\" content=\"summary_large_image\" \/>\n<meta name=\"twitter:label1\" content=\"Price\" \/>\n\t<meta name=\"twitter:data1\" content=\"USD630.500,00\" \/>\n\t<meta name=\"twitter:label2\" content=\"Availability\" \/>\n\t<meta name=\"twitter:data2\" content=\"In stock\" \/>\n<script type=\"application\/ld+json\" class=\"yoast-schema-graph\">{\"@context\":\"https:\\\/\\\/schema.org\",\"@graph\":[{\"@type\":\"WebPage\",\"@id\":\"https:\\\/\\\/produncan.cl\\\/en\\\/property\\\/villa-ohiggins-farm-victoria-araucania-region\\\/\",\"url\":\"https:\\\/\\\/produncan.cl\\\/en\\\/property\\\/villa-ohiggins-farm-victoria-araucania-region\\\/\",\"name\":\"Villa O'Higgins Farm - Victoria - Araucan\u00eda Region - Produncan\",\"isPartOf\":{\"@id\":\"https:\\\/\\\/produncan.cl\\\/en\\\/#website\"},\"primaryImageOfPage\":{\"@id\":\"https:\\\/\\\/produncan.cl\\\/en\\\/property\\\/villa-ohiggins-farm-victoria-araucania-region\\\/#primaryimage\"},\"image\":{\"@id\":\"https:\\\/\\\/produncan.cl\\\/en\\\/property\\\/villa-ohiggins-farm-victoria-araucania-region\\\/#primaryimage\"},\"thumbnailUrl\":\"https:\\\/\\\/produncan.cl\\\/wp-content\\\/uploads\\\/2023\\\/07\\\/Campo-en-venta-en-Villa-OHiggins.webp\",\"datePublished\":\"2022-07-27T21:35:36+00:00\",\"dateModified\":\"2025-12-26T20:29:20+00:00\",\"description\":\"Farm Villa O'Higgins is a beautiful property of 500 hectares in the commune of Villa O'Higgins, Chile; Ideal for agriculture, livestock, tourism and real estate development; Currently for sale\",\"breadcrumb\":{\"@id\":\"https:\\\/\\\/produncan.cl\\\/en\\\/property\\\/villa-ohiggins-farm-victoria-araucania-region\\\/#breadcrumb\"},\"inLanguage\":\"en-US\",\"potentialAction\":[{\"@type\":\"ReadAction\",\"target\":[\"https:\\\/\\\/produncan.cl\\\/en\\\/property\\\/villa-ohiggins-farm-victoria-araucania-region\\\/\"]}]},{\"@type\":\"ImageObject\",\"inLanguage\":\"en-US\",\"@id\":\"https:\\\/\\\/produncan.cl\\\/en\\\/property\\\/villa-ohiggins-farm-victoria-araucania-region\\\/#primaryimage\",\"url\":\"https:\\\/\\\/produncan.cl\\\/wp-content\\\/uploads\\\/2023\\\/07\\\/Campo-en-venta-en-Villa-OHiggins.webp\",\"contentUrl\":\"https:\\\/\\\/produncan.cl\\\/wp-content\\\/uploads\\\/2023\\\/07\\\/Campo-en-venta-en-Villa-OHiggins.webp\",\"width\":600,\"height\":450},{\"@type\":\"BreadcrumbList\",\"@id\":\"https:\\\/\\\/produncan.cl\\\/en\\\/property\\\/villa-ohiggins-farm-victoria-araucania-region\\\/#breadcrumb\",\"itemListElement\":[{\"@type\":\"ListItem\",\"position\":1,\"name\":\"Inicio\",\"item\":\"https:\\\/\\\/produncan.cl\\\/en\\\/\"},{\"@type\":\"ListItem\",\"position\":2,\"name\":\"Properties\",\"item\":\"https:\\\/\\\/produncan.cl\\\/propiedades\\\/\"},{\"@type\":\"ListItem\",\"position\":3,\"name\":\"Fields\",\"item\":\"https:\\\/\\\/produncan.cl\\\/en\\\/property-type\\\/fields\\\/\"},{\"@type\":\"ListItem\",\"position\":4,\"name\":\"Villa O&#8217;Higgins Farm &#8211; Victoria &#8211; Araucan\u00eda Region\"}]},{\"@type\":\"WebSite\",\"@id\":\"https:\\\/\\\/produncan.cl\\\/en\\\/#website\",\"url\":\"https:\\\/\\\/produncan.cl\\\/en\\\/\",\"name\":\"Produncan\",\"description\":\"We accompany you in your life project!\",\"publisher\":{\"@id\":\"https:\\\/\\\/produncan.cl\\\/en\\\/#organization\"},\"potentialAction\":[{\"@type\":\"SearchAction\",\"target\":{\"@type\":\"EntryPoint\",\"urlTemplate\":\"https:\\\/\\\/produncan.cl\\\/en\\\/?s={search_term_string}\"},\"query-input\":{\"@type\":\"PropertyValueSpecification\",\"valueRequired\":true,\"valueName\":\"search_term_string\"}}],\"inLanguage\":\"en-US\"},{\"@type\":\"Organization\",\"@id\":\"https:\\\/\\\/produncan.cl\\\/en\\\/#organization\",\"name\":\"Produncan\",\"url\":\"https:\\\/\\\/produncan.cl\\\/en\\\/\",\"logo\":{\"@type\":\"ImageObject\",\"inLanguage\":\"en-US\",\"@id\":\"https:\\\/\\\/produncan.cl\\\/en\\\/#\\\/schema\\\/logo\\\/image\\\/\",\"url\":\"https:\\\/\\\/produncan.cl\\\/wp-content\\\/uploads\\\/2021\\\/03\\\/LOGO.jpeg\",\"contentUrl\":\"https:\\\/\\\/produncan.cl\\\/wp-content\\\/uploads\\\/2021\\\/03\\\/LOGO.jpeg\",\"width\":1280,\"height\":903,\"caption\":\"Produncan\"},\"image\":{\"@id\":\"https:\\\/\\\/produncan.cl\\\/en\\\/#\\\/schema\\\/logo\\\/image\\\/\"},\"sameAs\":[\"https:\\\/\\\/web.facebook.com\\\/produncanland\",\"https:\\\/\\\/www.instagram.com\\\/pro_duncan\\\/\",\"https:\\\/\\\/www.linkedin.com\\\/company\\\/produncan-lands\\\/\",\"https:\\\/\\\/www.youtube.com\\\/channel\\\/UCu7N-f3x0svkazD-Eew1-QQ\"],\"description\":\"En Produncan somos especialistas en la venta de terrenos en el sur de Chile. Proveemos estancias, campos, parcelas y hoteles.\",\"email\":\"info@produncan.cl\"}]}<\/script>\n<meta property=\"og:video\" content=\"https:\/\/www.youtube.com\/embed\/-JALZjG2_sQ\" \/>\n<meta property=\"og:video:type\" content=\"text\/html\" \/>\n<meta property=\"og:video:duration\" content=\"91\" \/>\n<meta property=\"og:video:width\" content=\"480\" \/>\n<meta property=\"og:video:height\" content=\"360\" \/>\n<meta property=\"ya:ovs:adult\" content=\"false\" \/>\n<meta property=\"ya:ovs:upload_date\" content=\"2022-07-27T21:35:36+00:00\" \/>\n<meta property=\"ya:ovs:allow_embed\" content=\"true\" \/>\n<meta property=\"product:price:amount\" content=\"630500.00\" \/>\n<meta property=\"product:price:currency\" content=\"USD\" \/>\n<meta property=\"og:availability\" content=\"instock\" \/>\n<meta property=\"product:availability\" content=\"instock\" \/>\n<meta property=\"product:condition\" content=\"new\" \/>\n<!-- \/ Yoast SEO Premium plugin. -->","yoast_head_json":{"title":"Villa O'Higgins Farm - Victoria - Araucan\u00eda Region - Produncan","description":"Farm Villa O'Higgins is a beautiful property of 500 hectares in the commune of Villa O'Higgins, Chile; Ideal for agriculture, livestock, tourism and real estate development; Currently for sale","robots":{"index":"index","follow":"follow","max-snippet":"max-snippet:-1","max-image-preview":"max-image-preview:large","max-video-preview":"max-video-preview:-1"},"canonical":"https:\/\/produncan.cl\/en\/property\/villa-ohiggins-farm-victoria-araucania-region\/","og_locale":"en_US","og_type":"article","og_title":"Villa O'Higgins Farm - Victoria - Araucan\u00eda Region","og_description":"Farm Villa O'Higgins is a beautiful property of 500 hectares in the commune of Villa O'Higgins, Chile; Ideal for agriculture, livestock, tourism and real estate development; Currently for sale","og_url":"https:\/\/produncan.cl\/en\/property\/villa-ohiggins-farm-victoria-araucania-region\/","og_site_name":"Produncan","article_publisher":"https:\/\/web.facebook.com\/produncanland","article_modified_time":"2025-12-26T20:29:20+00:00","og_image":[{"width":600,"height":450,"url":"https:\/\/produncan.cl\/wp-content\/uploads\/2023\/07\/Campo-en-venta-en-Villa-OHiggins.webp","type":"image\/webp"}],"twitter_card":"summary_large_image","twitter_misc":{"Price":"USD630.500,00","Availability":"In stock"},"schema":{"@context":"https:\/\/schema.org","@graph":[{"@type":"WebPage","@id":"https:\/\/produncan.cl\/en\/property\/villa-ohiggins-farm-victoria-araucania-region\/","url":"https:\/\/produncan.cl\/en\/property\/villa-ohiggins-farm-victoria-araucania-region\/","name":"Villa O'Higgins Farm - Victoria - Araucan\u00eda Region - Produncan","isPartOf":{"@id":"https:\/\/produncan.cl\/en\/#website"},"primaryImageOfPage":{"@id":"https:\/\/produncan.cl\/en\/property\/villa-ohiggins-farm-victoria-araucania-region\/#primaryimage"},"image":{"@id":"https:\/\/produncan.cl\/en\/property\/villa-ohiggins-farm-victoria-araucania-region\/#primaryimage"},"thumbnailUrl":"https:\/\/produncan.cl\/wp-content\/uploads\/2023\/07\/Campo-en-venta-en-Villa-OHiggins.webp","datePublished":"2022-07-27T21:35:36+00:00","dateModified":"2025-12-26T20:29:20+00:00","description":"Farm Villa O'Higgins is a beautiful property of 500 hectares in the commune of Villa O'Higgins, Chile; Ideal for agriculture, livestock, tourism and real estate development; Currently for sale","breadcrumb":{"@id":"https:\/\/produncan.cl\/en\/property\/villa-ohiggins-farm-victoria-araucania-region\/#breadcrumb"},"inLanguage":"en-US","potentialAction":[{"@type":"ReadAction","target":["https:\/\/produncan.cl\/en\/property\/villa-ohiggins-farm-victoria-araucania-region\/"]}]},{"@type":"ImageObject","inLanguage":"en-US","@id":"https:\/\/produncan.cl\/en\/property\/villa-ohiggins-farm-victoria-araucania-region\/#primaryimage","url":"https:\/\/produncan.cl\/wp-content\/uploads\/2023\/07\/Campo-en-venta-en-Villa-OHiggins.webp","contentUrl":"https:\/\/produncan.cl\/wp-content\/uploads\/2023\/07\/Campo-en-venta-en-Villa-OHiggins.webp","width":600,"height":450},{"@type":"BreadcrumbList","@id":"https:\/\/produncan.cl\/en\/property\/villa-ohiggins-farm-victoria-araucania-region\/#breadcrumb","itemListElement":[{"@type":"ListItem","position":1,"name":"Inicio","item":"https:\/\/produncan.cl\/en\/"},{"@type":"ListItem","position":2,"name":"Properties","item":"https:\/\/produncan.cl\/propiedades\/"},{"@type":"ListItem","position":3,"name":"Fields","item":"https:\/\/produncan.cl\/en\/property-type\/fields\/"},{"@type":"ListItem","position":4,"name":"Villa O&#8217;Higgins Farm &#8211; Victoria &#8211; Araucan\u00eda Region"}]},{"@type":"WebSite","@id":"https:\/\/produncan.cl\/en\/#website","url":"https:\/\/produncan.cl\/en\/","name":"Produncan","description":"We accompany you in your life project!","publisher":{"@id":"https:\/\/produncan.cl\/en\/#organization"},"potentialAction":[{"@type":"SearchAction","target":{"@type":"EntryPoint","urlTemplate":"https:\/\/produncan.cl\/en\/?s={search_term_string}"},"query-input":{"@type":"PropertyValueSpecification","valueRequired":true,"valueName":"search_term_string"}}],"inLanguage":"en-US"},{"@type":"Organization","@id":"https:\/\/produncan.cl\/en\/#organization","name":"Produncan","url":"https:\/\/produncan.cl\/en\/","logo":{"@type":"ImageObject","inLanguage":"en-US","@id":"https:\/\/produncan.cl\/en\/#\/schema\/logo\/image\/","url":"https:\/\/produncan.cl\/wp-content\/uploads\/2021\/03\/LOGO.jpeg","contentUrl":"https:\/\/produncan.cl\/wp-content\/uploads\/2021\/03\/LOGO.jpeg","width":1280,"height":903,"caption":"Produncan"},"image":{"@id":"https:\/\/produncan.cl\/en\/#\/schema\/logo\/image\/"},"sameAs":["https:\/\/web.facebook.com\/produncanland","https:\/\/www.instagram.com\/pro_duncan\/","https:\/\/www.linkedin.com\/company\/produncan-lands\/","https:\/\/www.youtube.com\/channel\/UCu7N-f3x0svkazD-Eew1-QQ"],"description":"En Produncan somos especialistas en la venta de terrenos en el sur de Chile. Proveemos estancias, campos, parcelas y hoteles.","email":"info@produncan.cl"}]},"og_video":"https:\/\/www.youtube.com\/embed\/-JALZjG2_sQ","og_video_type":"text\/html","og_video_duration":"91","og_video_width":"480","og_video_height":"360","ya_ovs_adult":"false","ya_ovs_upload_date":"2022-07-27T21:35:36+00:00","ya_ovs_allow_embed":"true","product_price_amount":"630500.00","product_price_currency":"USD","og_availability":"instock","product_availability":"instock","product_condition":"new"},"_links":{"self":[{"href":"https:\/\/produncan.cl\/en\/wp-json\/wp\/v2\/product\/17329","targetHints":{"allow":["GET"]}}],"collection":[{"href":"https:\/\/produncan.cl\/en\/wp-json\/wp\/v2\/product"}],"about":[{"href":"https:\/\/produncan.cl\/en\/wp-json\/wp\/v2\/types\/product"}],"version-history":[{"count":2,"href":"https:\/\/produncan.cl\/en\/wp-json\/wp\/v2\/product\/17329\/revisions"}],"predecessor-version":[{"id":54219,"href":"https:\/\/produncan.cl\/en\/wp-json\/wp\/v2\/product\/17329\/revisions\/54219"}],"wp:featuredmedia":[{"embeddable":true,"href":"https:\/\/produncan.cl\/en\/wp-json\/wp\/v2\/media\/17199"}],"wp:attachment":[{"href":"https:\/\/produncan.cl\/en\/wp-json\/wp\/v2\/media?parent=17329"}],"wp:term":[{"taxonomy":"product_brand","embeddable":true,"href":"https:\/\/produncan.cl\/en\/wp-json\/wp\/v2\/product_brand?post=17329"},{"taxonomy":"product_cat","embeddable":true,"href":"https:\/\/produncan.cl\/en\/wp-json\/wp\/v2\/product_cat?post=17329"},{"taxonomy":"product_tag","embeddable":true,"href":"https:\/\/produncan.cl\/en\/wp-json\/wp\/v2\/product_tag?post=17329"},{"taxonomy":"regiones","embeddable":true,"href":"https:\/\/produncan.cl\/en\/wp-json\/wp\/v2\/regiones?post=17329"},{"taxonomy":"ciudades","embeddable":true,"href":"https:\/\/produncan.cl\/en\/wp-json\/wp\/v2\/ciudades?post=17329"}],"curies":[{"name":"wp","href":"https:\/\/api.w.org\/{rel}","templated":true}]}}