{"id":24316,"date":"2024-05-12T17:11:28","date_gmt":"2024-05-12T21:11:28","guid":{"rendered":"https:\/\/produncan.cl\/producto\/campo-pradera-oeste-los-muermos-lakes-region\/"},"modified":"2025-08-18T16:55:52","modified_gmt":"2025-08-18T20:55:52","slug":"campo-pradera-oeste-los-muermos-lakes-region","status":"publish","type":"product","link":"https:\/\/produncan.cl\/en\/property\/campo-pradera-oeste-los-muermos-lakes-region\/","title":{"rendered":"Field in Los Muermos &#8211; Pradera Oeste, Lakes Region"},"content":{"rendered":"\t\t<div data-elementor-type=\"product-post\" data-elementor-id=\"24316\" class=\"elementor elementor-24316 elementor-24077\" data-elementor-post-type=\"product\">\n\t\t\t\t<div class=\"elementor-element elementor-element-4e94c89 e-flex e-con-boxed e-con e-parent\" data-id=\"4e94c89\" data-element_type=\"container\" data-e-type=\"container\" data-settings=\"{&quot;jet_parallax_layout_list&quot;:[]}\">\n\t\t\t\t\t<div class=\"e-con-inner\">\n\t\t\t\t<div class=\"elementor-element elementor-element-f926d9c elementor-widget elementor-widget-heading\" data-id=\"f926d9c\" data-element_type=\"widget\" data-e-type=\"widget\" data-widget_type=\"heading.default\">\n\t\t\t\t\t<h2 class=\"elementor-heading-title elementor-size-default\">Agricultural Oasis in Los Muermos: 44.6 Hectares with Abundant Water Supply and Constructions  <\/h2>\t\t\t\t<\/div>\n\t\t\t\t\t<\/div>\n\t\t\t\t<\/div>\n\t\t<div class=\"elementor-element elementor-element-45ec125 e-flex e-con-boxed e-con e-parent\" data-id=\"45ec125\" data-element_type=\"container\" data-e-type=\"container\" data-settings=\"{&quot;jet_parallax_layout_list&quot;:[]}\">\n\t\t\t\t\t<div class=\"e-con-inner\">\n\t\t\t\t<div class=\"elementor-element elementor-element-43f3c43 elementor-widget elementor-widget-text-editor\" data-id=\"43f3c43\" data-element_type=\"widget\" data-e-type=\"widget\" data-widget_type=\"text-editor.default\">\n\t\t\t\t\t\t\t\t\t<p>We present an exceptional investment opportunity in Los Muermos, with the sale of a 44.6 hectares agricultural land that is accessed through a public road and has a beautiful panoramic view.<\/p>\n<p>With a sale price of CLP$10.000.000 per hectare, it has all the necessary characteristics for a successful agricultural or livestock project.<\/p>\n<p>The land has its own role and is classified for agricultural use. In terms of services, there is single-phase electricity, abundant water supply through springs and a good telecommunications signal, thanks to several antennas installed in the nearby fields.<\/p>\n<p>In addition, it has three springs and two large estuaries that run along most of the perimeter, which never dry up, even during the summer, ensuring a constant supply of water.<\/p>\n<p>In terms of buildings, the land includes a 16-year-old larch wood house, a shed made of tin and larch wood, a barn and an orchard. The 64 m\u00b2 house has three bedrooms, a bathroom, a living room and a kitchen. It has a water heater for hot water and a wood stove for heating.<\/p>\n<p>The land is completely fenced, ideal for animal management, and has a one hectare paddock. Agriculture and livestock farming are viable on the property, with a capacity for up to 25 animals and 14 hectares already cleared and worked for crops such as potatoes, oats and wheat.<\/p>\n<p>As for the location, the land is 7 kilometers from the asphalt and the nearest town is Los Muermos. Public transportation is limited to cab services.<\/p>\n<p>The property benefits from a rich diversity of flora, including eucalyptus, canelo, luma, meli, tepa, ma\u00f1\u00edo, hualle, pell\u00edn, maqui, array\u00e1n and lingue, and the local fauna includes foxes and hares, with pumas absent in the area.<\/p>\n<p>This property is ideal for those looking for a quiet life in the countryside, with the possibility of developing an agricultural or livestock project, in a naturally rich and well-connected environment. With its ample acreage, water and electricity resources, and a house and additional structures already in place, this farm offers a solid base for a variety of rural projects.<\/p>\t\t\t\t\t\t\t\t<\/div>\n\t\t\t\t\t<\/div>\n\t\t\t\t<\/div>\n\t\t\t\t<\/div>\n\t\t","protected":false},"excerpt":{"rendered":"<p>Farm in Los Muermos with 44.6 hectares of agricultural\/livestock land with panoramic view. With house, barn, stable and orchard. Electricity, springs, marshes and good signal. 7 kilometers from the asphalt.<\/p>\n","protected":false},"featured_media":24081,"template":"","meta":{"_acf_changed":false},"product_brand":[],"product_cat":[110],"product_tag":[187],"regiones":[226],"ciudades":[216],"class_list":{"0":"post-24316","1":"product","2":"type-product","3":"status-publish","4":"has-post-thumbnail","6":"product_cat-nuble-los_lagos-en","7":"product_tag-fields","8":"regiones-nuble-los_lagos","9":"ciudades-los-muermos","11":"first","12":"instock","13":"shipping-taxable","14":"purchasable","15":"product-type-simple"},"acf":[],"yoast_head":"<!-- This site is optimized with the Yoast SEO Premium plugin v26.0 (Yoast SEO v27.4) - https:\/\/yoast.com\/product\/yoast-seo-premium-wordpress\/ -->\n<title>Field in Los Muermos - Pradera Oeste, Lakes Region - Produncan<\/title>\n<meta name=\"description\" content=\"44.6 hectares of land for sale in Los Muermos. Abundant water, existing buildings, ideal for agricultural\/livestock projects, well connected.\" \/>\n<meta name=\"robots\" content=\"index, follow, max-snippet:-1, max-image-preview:large, max-video-preview:-1\" \/>\n<link rel=\"canonical\" href=\"https:\/\/produncan.cl\/en\/property\/campo-pradera-oeste-los-muermos-lakes-region\/\" \/>\n<meta property=\"og:locale\" content=\"en_US\" \/>\n<meta property=\"og:type\" content=\"article\" \/>\n<meta property=\"og:title\" content=\"Field in Los Muermos - Pradera Oeste, Lakes Region\" \/>\n<meta property=\"og:description\" content=\"44.6 hectares of land for sale in Los Muermos. Abundant water, existing buildings, ideal for agricultural\/livestock projects, well connected.\" \/>\n<meta property=\"og:url\" content=\"https:\/\/produncan.cl\/en\/property\/campo-pradera-oeste-los-muermos-lakes-region\/\" \/>\n<meta property=\"og:site_name\" content=\"Produncan\" \/>\n<meta property=\"article:publisher\" content=\"https:\/\/web.facebook.com\/produncanland\" \/>\n<meta property=\"article:modified_time\" content=\"2025-08-18T20:55:52+00:00\" \/>\n<meta property=\"og:image\" content=\"https:\/\/produncan.cl\/wp-content\/uploads\/2023\/11\/Campo-en-Venta-Pradera-Oeste.webp\" \/>\n<meta name=\"twitter:card\" content=\"summary_large_image\" \/>\n<meta name=\"twitter:label1\" content=\"Price\" \/>\n\t<meta name=\"twitter:data1\" content=\"USD500.900,00\" \/>\n\t<meta name=\"twitter:label2\" content=\"Availability\" \/>\n\t<meta name=\"twitter:data2\" content=\"In stock\" \/>\n<script type=\"application\/ld+json\" class=\"yoast-schema-graph\">{\"@context\":\"https:\\\/\\\/schema.org\",\"@graph\":[{\"@type\":\"WebPage\",\"@id\":\"https:\\\/\\\/produncan.cl\\\/en\\\/property\\\/campo-pradera-oeste-los-muermos-lakes-region\\\/\",\"url\":\"https:\\\/\\\/produncan.cl\\\/en\\\/property\\\/campo-pradera-oeste-los-muermos-lakes-region\\\/\",\"name\":\"Field in Los Muermos - Pradera Oeste, Lakes Region - Produncan\",\"isPartOf\":{\"@id\":\"https:\\\/\\\/produncan.cl\\\/en\\\/#website\"},\"primaryImageOfPage\":{\"@id\":\"https:\\\/\\\/produncan.cl\\\/en\\\/property\\\/campo-pradera-oeste-los-muermos-lakes-region\\\/#primaryimage\"},\"image\":{\"@id\":\"https:\\\/\\\/produncan.cl\\\/en\\\/property\\\/campo-pradera-oeste-los-muermos-lakes-region\\\/#primaryimage\"},\"thumbnailUrl\":\"https:\\\/\\\/produncan.cl\\\/wp-content\\\/uploads\\\/2023\\\/11\\\/Campo-en-Venta-Pradera-Oeste.webp\",\"datePublished\":\"2024-05-12T21:11:28+00:00\",\"dateModified\":\"2025-08-18T20:55:52+00:00\",\"description\":\"44.6 hectares of land for sale in Los Muermos. Abundant water, existing buildings, ideal for agricultural\\\/livestock projects, well connected.\",\"breadcrumb\":{\"@id\":\"https:\\\/\\\/produncan.cl\\\/en\\\/property\\\/campo-pradera-oeste-los-muermos-lakes-region\\\/#breadcrumb\"},\"inLanguage\":\"en-US\",\"potentialAction\":[{\"@type\":\"ReadAction\",\"target\":[\"https:\\\/\\\/produncan.cl\\\/en\\\/property\\\/campo-pradera-oeste-los-muermos-lakes-region\\\/\"]}]},{\"@type\":\"ImageObject\",\"inLanguage\":\"en-US\",\"@id\":\"https:\\\/\\\/produncan.cl\\\/en\\\/property\\\/campo-pradera-oeste-los-muermos-lakes-region\\\/#primaryimage\",\"url\":\"https:\\\/\\\/produncan.cl\\\/wp-content\\\/uploads\\\/2023\\\/11\\\/Campo-en-Venta-Pradera-Oeste.webp\",\"contentUrl\":\"https:\\\/\\\/produncan.cl\\\/wp-content\\\/uploads\\\/2023\\\/11\\\/Campo-en-Venta-Pradera-Oeste.webp\",\"width\":600,\"height\":450},{\"@type\":\"BreadcrumbList\",\"@id\":\"https:\\\/\\\/produncan.cl\\\/en\\\/property\\\/campo-pradera-oeste-los-muermos-lakes-region\\\/#breadcrumb\",\"itemListElement\":[{\"@type\":\"ListItem\",\"position\":1,\"name\":\"Inicio\",\"item\":\"https:\\\/\\\/produncan.cl\\\/en\\\/\"},{\"@type\":\"ListItem\",\"position\":2,\"name\":\"Properties\",\"item\":\"https:\\\/\\\/produncan.cl\\\/propiedades\\\/\"},{\"@type\":\"ListItem\",\"position\":3,\"name\":\"Fields\",\"item\":\"https:\\\/\\\/produncan.cl\\\/en\\\/property-type\\\/fields\\\/\"},{\"@type\":\"ListItem\",\"position\":4,\"name\":\"Field in Los Muermos &#8211; Pradera Oeste, Lakes Region\"}]},{\"@type\":\"WebSite\",\"@id\":\"https:\\\/\\\/produncan.cl\\\/en\\\/#website\",\"url\":\"https:\\\/\\\/produncan.cl\\\/en\\\/\",\"name\":\"Produncan\",\"description\":\"We accompany you in your life project!\",\"publisher\":{\"@id\":\"https:\\\/\\\/produncan.cl\\\/en\\\/#organization\"},\"potentialAction\":[{\"@type\":\"SearchAction\",\"target\":{\"@type\":\"EntryPoint\",\"urlTemplate\":\"https:\\\/\\\/produncan.cl\\\/en\\\/?s={search_term_string}\"},\"query-input\":{\"@type\":\"PropertyValueSpecification\",\"valueRequired\":true,\"valueName\":\"search_term_string\"}}],\"inLanguage\":\"en-US\"},{\"@type\":\"Organization\",\"@id\":\"https:\\\/\\\/produncan.cl\\\/en\\\/#organization\",\"name\":\"Produncan\",\"url\":\"https:\\\/\\\/produncan.cl\\\/en\\\/\",\"logo\":{\"@type\":\"ImageObject\",\"inLanguage\":\"en-US\",\"@id\":\"https:\\\/\\\/produncan.cl\\\/en\\\/#\\\/schema\\\/logo\\\/image\\\/\",\"url\":\"https:\\\/\\\/produncan.cl\\\/wp-content\\\/uploads\\\/2021\\\/03\\\/LOGO.jpeg\",\"contentUrl\":\"https:\\\/\\\/produncan.cl\\\/wp-content\\\/uploads\\\/2021\\\/03\\\/LOGO.jpeg\",\"width\":1280,\"height\":903,\"caption\":\"Produncan\"},\"image\":{\"@id\":\"https:\\\/\\\/produncan.cl\\\/en\\\/#\\\/schema\\\/logo\\\/image\\\/\"},\"sameAs\":[\"https:\\\/\\\/web.facebook.com\\\/produncanland\",\"https:\\\/\\\/www.instagram.com\\\/pro_duncan\\\/\",\"https:\\\/\\\/www.linkedin.com\\\/company\\\/produncan-lands\\\/\",\"https:\\\/\\\/www.youtube.com\\\/channel\\\/UCu7N-f3x0svkazD-Eew1-QQ\"],\"description\":\"En Produncan somos especialistas en la venta de terrenos en el sur de Chile. Proveemos estancias, campos, parcelas y hoteles.\",\"email\":\"info@produncan.cl\"}]}<\/script>\n<meta property=\"og:video\" content=\"https:\/\/www.youtube.com\/embed\/aUALoGQOKVM\" \/>\n<meta property=\"og:video:type\" content=\"text\/html\" \/>\n<meta property=\"og:video:duration\" content=\"68\" \/>\n<meta property=\"og:video:width\" content=\"480\" \/>\n<meta property=\"og:video:height\" content=\"270\" \/>\n<meta property=\"ya:ovs:adult\" content=\"false\" \/>\n<meta property=\"ya:ovs:upload_date\" content=\"2024-05-12T21:11:28+00:00\" \/>\n<meta property=\"ya:ovs:allow_embed\" content=\"true\" \/>\n<meta property=\"product:price:amount\" content=\"500900.00\" \/>\n<meta property=\"product:price:currency\" content=\"USD\" \/>\n<meta property=\"og:availability\" content=\"instock\" \/>\n<meta property=\"product:availability\" content=\"instock\" \/>\n<meta property=\"product:condition\" content=\"new\" \/>\n<!-- \/ Yoast SEO Premium plugin. -->","yoast_head_json":{"title":"Field in Los Muermos - Pradera Oeste, Lakes Region - Produncan","description":"44.6 hectares of land for sale in Los Muermos. Abundant water, existing buildings, ideal for agricultural\/livestock projects, well connected.","robots":{"index":"index","follow":"follow","max-snippet":"max-snippet:-1","max-image-preview":"max-image-preview:large","max-video-preview":"max-video-preview:-1"},"canonical":"https:\/\/produncan.cl\/en\/property\/campo-pradera-oeste-los-muermos-lakes-region\/","og_locale":"en_US","og_type":"article","og_title":"Field in Los Muermos - Pradera Oeste, Lakes Region","og_description":"44.6 hectares of land for sale in Los Muermos. Abundant water, existing buildings, ideal for agricultural\/livestock projects, well connected.","og_url":"https:\/\/produncan.cl\/en\/property\/campo-pradera-oeste-los-muermos-lakes-region\/","og_site_name":"Produncan","article_publisher":"https:\/\/web.facebook.com\/produncanland","article_modified_time":"2025-08-18T20:55:52+00:00","og_image":[{"url":"https:\/\/produncan.cl\/wp-content\/uploads\/2023\/11\/Campo-en-Venta-Pradera-Oeste.webp","type":"","width":"","height":""}],"twitter_card":"summary_large_image","twitter_misc":{"Price":"USD500.900,00","Availability":"In stock"},"schema":{"@context":"https:\/\/schema.org","@graph":[{"@type":"WebPage","@id":"https:\/\/produncan.cl\/en\/property\/campo-pradera-oeste-los-muermos-lakes-region\/","url":"https:\/\/produncan.cl\/en\/property\/campo-pradera-oeste-los-muermos-lakes-region\/","name":"Field in Los Muermos - Pradera Oeste, Lakes Region - Produncan","isPartOf":{"@id":"https:\/\/produncan.cl\/en\/#website"},"primaryImageOfPage":{"@id":"https:\/\/produncan.cl\/en\/property\/campo-pradera-oeste-los-muermos-lakes-region\/#primaryimage"},"image":{"@id":"https:\/\/produncan.cl\/en\/property\/campo-pradera-oeste-los-muermos-lakes-region\/#primaryimage"},"thumbnailUrl":"https:\/\/produncan.cl\/wp-content\/uploads\/2023\/11\/Campo-en-Venta-Pradera-Oeste.webp","datePublished":"2024-05-12T21:11:28+00:00","dateModified":"2025-08-18T20:55:52+00:00","description":"44.6 hectares of land for sale in Los Muermos. Abundant water, existing buildings, ideal for agricultural\/livestock projects, well connected.","breadcrumb":{"@id":"https:\/\/produncan.cl\/en\/property\/campo-pradera-oeste-los-muermos-lakes-region\/#breadcrumb"},"inLanguage":"en-US","potentialAction":[{"@type":"ReadAction","target":["https:\/\/produncan.cl\/en\/property\/campo-pradera-oeste-los-muermos-lakes-region\/"]}]},{"@type":"ImageObject","inLanguage":"en-US","@id":"https:\/\/produncan.cl\/en\/property\/campo-pradera-oeste-los-muermos-lakes-region\/#primaryimage","url":"https:\/\/produncan.cl\/wp-content\/uploads\/2023\/11\/Campo-en-Venta-Pradera-Oeste.webp","contentUrl":"https:\/\/produncan.cl\/wp-content\/uploads\/2023\/11\/Campo-en-Venta-Pradera-Oeste.webp","width":600,"height":450},{"@type":"BreadcrumbList","@id":"https:\/\/produncan.cl\/en\/property\/campo-pradera-oeste-los-muermos-lakes-region\/#breadcrumb","itemListElement":[{"@type":"ListItem","position":1,"name":"Inicio","item":"https:\/\/produncan.cl\/en\/"},{"@type":"ListItem","position":2,"name":"Properties","item":"https:\/\/produncan.cl\/propiedades\/"},{"@type":"ListItem","position":3,"name":"Fields","item":"https:\/\/produncan.cl\/en\/property-type\/fields\/"},{"@type":"ListItem","position":4,"name":"Field in Los Muermos &#8211; Pradera Oeste, Lakes Region"}]},{"@type":"WebSite","@id":"https:\/\/produncan.cl\/en\/#website","url":"https:\/\/produncan.cl\/en\/","name":"Produncan","description":"We accompany you in your life project!","publisher":{"@id":"https:\/\/produncan.cl\/en\/#organization"},"potentialAction":[{"@type":"SearchAction","target":{"@type":"EntryPoint","urlTemplate":"https:\/\/produncan.cl\/en\/?s={search_term_string}"},"query-input":{"@type":"PropertyValueSpecification","valueRequired":true,"valueName":"search_term_string"}}],"inLanguage":"en-US"},{"@type":"Organization","@id":"https:\/\/produncan.cl\/en\/#organization","name":"Produncan","url":"https:\/\/produncan.cl\/en\/","logo":{"@type":"ImageObject","inLanguage":"en-US","@id":"https:\/\/produncan.cl\/en\/#\/schema\/logo\/image\/","url":"https:\/\/produncan.cl\/wp-content\/uploads\/2021\/03\/LOGO.jpeg","contentUrl":"https:\/\/produncan.cl\/wp-content\/uploads\/2021\/03\/LOGO.jpeg","width":1280,"height":903,"caption":"Produncan"},"image":{"@id":"https:\/\/produncan.cl\/en\/#\/schema\/logo\/image\/"},"sameAs":["https:\/\/web.facebook.com\/produncanland","https:\/\/www.instagram.com\/pro_duncan\/","https:\/\/www.linkedin.com\/company\/produncan-lands\/","https:\/\/www.youtube.com\/channel\/UCu7N-f3x0svkazD-Eew1-QQ"],"description":"En Produncan somos especialistas en la venta de terrenos en el sur de Chile. Proveemos estancias, campos, parcelas y hoteles.","email":"info@produncan.cl"}]},"og_video":"https:\/\/www.youtube.com\/embed\/aUALoGQOKVM","og_video_type":"text\/html","og_video_duration":"68","og_video_width":"480","og_video_height":"270","ya_ovs_adult":"false","ya_ovs_upload_date":"2024-05-12T21:11:28+00:00","ya_ovs_allow_embed":"true","product_price_amount":"500900.00","product_price_currency":"USD","og_availability":"instock","product_availability":"instock","product_condition":"new"},"_links":{"self":[{"href":"https:\/\/produncan.cl\/en\/wp-json\/wp\/v2\/product\/24316","targetHints":{"allow":["GET"]}}],"collection":[{"href":"https:\/\/produncan.cl\/en\/wp-json\/wp\/v2\/product"}],"about":[{"href":"https:\/\/produncan.cl\/en\/wp-json\/wp\/v2\/types\/product"}],"version-history":[{"count":0,"href":"https:\/\/produncan.cl\/en\/wp-json\/wp\/v2\/product\/24316\/revisions"}],"wp:featuredmedia":[{"embeddable":true,"href":"https:\/\/produncan.cl\/en\/wp-json\/wp\/v2\/media\/24081"}],"wp:attachment":[{"href":"https:\/\/produncan.cl\/en\/wp-json\/wp\/v2\/media?parent=24316"}],"wp:term":[{"taxonomy":"product_brand","embeddable":true,"href":"https:\/\/produncan.cl\/en\/wp-json\/wp\/v2\/product_brand?post=24316"},{"taxonomy":"product_cat","embeddable":true,"href":"https:\/\/produncan.cl\/en\/wp-json\/wp\/v2\/product_cat?post=24316"},{"taxonomy":"product_tag","embeddable":true,"href":"https:\/\/produncan.cl\/en\/wp-json\/wp\/v2\/product_tag?post=24316"},{"taxonomy":"regiones","embeddable":true,"href":"https:\/\/produncan.cl\/en\/wp-json\/wp\/v2\/regiones?post=24316"},{"taxonomy":"ciudades","embeddable":true,"href":"https:\/\/produncan.cl\/en\/wp-json\/wp\/v2\/ciudades?post=24316"}],"curies":[{"name":"wp","href":"https:\/\/api.w.org\/{rel}","templated":true}]}}