{"id":25824,"date":"2024-05-13T13:03:40","date_gmt":"2024-05-13T17:03:40","guid":{"rendered":"https:\/\/produncan.cl\/producto\/el-calafate-ranch-fresia\/"},"modified":"2025-12-15T18:34:02","modified_gmt":"2025-12-15T21:34:02","slug":"el-calafate-ranch-fresia","status":"publish","type":"product","link":"https:\/\/produncan.cl\/en\/property\/el-calafate-ranch-fresia\/","title":{"rendered":"Field with house in Fresia &#8211; El Calafate &#8211; Lakes Region"},"content":{"rendered":"\t\t<div data-elementor-type=\"product-post\" data-elementor-id=\"25824\" class=\"elementor elementor-25824 elementor-25582\" data-elementor-post-type=\"product\">\n\t\t\t\t<div class=\"elementor-element elementor-element-f03a4dc e-flex e-con-boxed e-con e-parent\" data-id=\"f03a4dc\" data-element_type=\"container\" data-e-type=\"container\" data-settings=\"{&quot;jet_parallax_layout_list&quot;:[]}\">\n\t\t\t\t\t<div class=\"e-con-inner\">\n\t\t\t\t<div class=\"elementor-element elementor-element-b774032 elementor-widget elementor-widget-heading\" data-id=\"b774032\" data-element_type=\"widget\" data-e-type=\"widget\" data-widget_type=\"heading.default\">\n\t\t\t\t\t<h2 class=\"elementor-heading-title elementor-size-default\">19.43 Hectare Field with Housing and Agricultural Opportunity<\/h2>\t\t\t\t<\/div>\n\t\t\t\t\t<\/div>\n\t\t\t\t<\/div>\n\t\t<div class=\"elementor-element elementor-element-942fd84 e-flex e-con-boxed e-con e-parent\" data-id=\"942fd84\" data-element_type=\"container\" data-e-type=\"container\" data-settings=\"{&quot;jet_parallax_layout_list&quot;:[]}\">\n\t\t\t\t\t<div class=\"e-con-inner\">\n\t\t\t\t<div class=\"elementor-element elementor-element-4602916 elementor-widget elementor-widget-text-editor\" data-id=\"4602916\" data-element_type=\"widget\" data-e-type=\"widget\" data-widget_type=\"text-editor.default\">\n\t\t\t\t\t\t\t\t\t<p>This 19.43 hectare farm with house in Fresia is a jewel for those looking for a quiet life in contact with nature.<\/p>\n<p>With an asking price of $13,000,000 per hectare, this land offers a unique opportunity for agricultural and livestock development, an ideal place to grow wheat, alfalfa, potatoes and oats, and to keep animals in pasture pastures.<\/p>\n<p>The property has a main house and two warehouses, as well as three greenhouses. The topography, mostly flat and with ravines towards the marshes that surround the field, adds a unique charm.<\/p>\n<p>It has a small flat area from the public road, followed by a descent to the first stream, a climb to a high and flat area, and ending at the second stream, the Llico and the Picaflor, which run along most of the perimeter of the field and do not dry out in summer.<\/p>\n<p>The property benefits from electricity through a rural road. In addition, it has a water system through springs, which is extracted with a motor to a 1000 liter pond, and then distributed to the house, greenhouses and orchards through a network of hoses.<\/p>\n<p>The house, built in 2005 with some remodeling, has an approximate size of 6m x 8m, with 2 bedrooms, 1 bathroom, and a small terrace. The open kitchen, hardwood and ceramic tile floors in bathrooms, and aluminum-framed windows add a rustic and cozy touch to the space. Although there is no central heating system, the wood-burning stove provides comfortable warmth during the colder months.<\/p>\n<p>This field is surrounded by an impressive 60% of native trees and 40% of grasslands, with species such as canelo, coig\u00fce, ma\u00f1\u00edo, ulmo, ciruelillo, notro and luma. The local fauna includes foxes, hares, chucao, pigeons, bandurrias and thrushes, making it a paradise for nature lovers.<\/p>\n<p>Access is via a mostly paved road, with only 3 km of gravel road that is in the process of being paved, ensuring easy and comfortable connectivity. Just an hour from the airport and close to Los Muermos, the location is ideal for those who want a quiet retreat without being too far from urban conveniences.<\/p>\n<p>In short, this farm is an exceptional opportunity to enjoy rural life with all the modern comforts, in a naturally beautiful and serene setting.<\/p>\t\t\t\t\t\t\t\t<\/div>\n\t\t\t\t\t<\/div>\n\t\t\t\t<\/div>\n\t\t\t\t<\/div>\n\t\t","protected":false},"excerpt":{"rendered":"<p>Farm with house in Fresia of 19.43 hectares ideal for agriculture and cattle raising, one hour from Puerto Varas. With marshes and river in its perimeter, all services, house, barn, stable and greenhouses.<\/p>\n","protected":false},"featured_media":25592,"template":"","meta":{"_acf_changed":false},"product_brand":[],"product_cat":[110],"product_tag":[187],"regiones":[226],"ciudades":[214,216],"class_list":{"0":"post-25824","1":"product","2":"type-product","3":"status-publish","4":"has-post-thumbnail","6":"product_cat-nuble-los_lagos-en","7":"product_tag-fields","8":"regiones-nuble-los_lagos","9":"ciudades-fresia","10":"ciudades-los-muermos","12":"first","13":"instock","14":"shipping-taxable","15":"purchasable","16":"product-type-simple"},"acf":[],"yoast_head":"<!-- This site is optimized with the Yoast SEO Premium plugin v26.0 (Yoast SEO v27.3) - https:\/\/yoast.com\/product\/yoast-seo-premium-wordpress\/ -->\n<title>Field with house in Fresia - El Calafate - Lakes Region - Produncan<\/title>\n<meta name=\"description\" content=\"Field of 19.43has in Fresia, ideal for agriculture and cattle raising, one hour from Puerto Varas. With marshes in its perimeter, all services, house, shed.\" \/>\n<meta name=\"robots\" content=\"index, follow, max-snippet:-1, max-image-preview:large, max-video-preview:-1\" \/>\n<link rel=\"canonical\" href=\"https:\/\/produncan.cl\/en\/property\/el-calafate-ranch-fresia\/\" \/>\n<meta property=\"og:locale\" content=\"en_US\" \/>\n<meta property=\"og:type\" content=\"article\" \/>\n<meta property=\"og:title\" content=\"Field with house in Fresia - El Calafate - Lakes Region\" \/>\n<meta property=\"og:description\" content=\"Field of 19.43has in Fresia, ideal for agriculture and cattle raising, one hour from Puerto Varas. With marshes in its perimeter, all services, house, shed.\" \/>\n<meta property=\"og:url\" content=\"https:\/\/produncan.cl\/en\/property\/el-calafate-ranch-fresia\/\" \/>\n<meta property=\"og:site_name\" content=\"Produncan\" \/>\n<meta property=\"article:publisher\" content=\"https:\/\/web.facebook.com\/produncanland\" \/>\n<meta property=\"article:modified_time\" content=\"2025-12-15T21:34:02+00:00\" \/>\n<meta property=\"og:image\" content=\"https:\/\/produncan.cl\/wp-content\/uploads\/2023\/12\/Campo-Fundo-El-Calafate-En-Venta-Los-Muermos.webp\" \/>\n<meta name=\"twitter:card\" content=\"summary_large_image\" \/>\n<meta name=\"twitter:label1\" content=\"Price\" \/>\n\t<meta name=\"twitter:data1\" content=\"USD275.100,00\" \/>\n\t<meta name=\"twitter:label2\" content=\"Availability\" \/>\n\t<meta name=\"twitter:data2\" content=\"In stock\" \/>\n<script type=\"application\/ld+json\" class=\"yoast-schema-graph\">{\"@context\":\"https:\\\/\\\/schema.org\",\"@graph\":[{\"@type\":\"WebPage\",\"@id\":\"https:\\\/\\\/produncan.cl\\\/en\\\/property\\\/el-calafate-ranch-fresia\\\/\",\"url\":\"https:\\\/\\\/produncan.cl\\\/en\\\/property\\\/el-calafate-ranch-fresia\\\/\",\"name\":\"Field with house in Fresia - El Calafate - Lakes Region - Produncan\",\"isPartOf\":{\"@id\":\"https:\\\/\\\/produncan.cl\\\/en\\\/#website\"},\"primaryImageOfPage\":{\"@id\":\"https:\\\/\\\/produncan.cl\\\/en\\\/property\\\/el-calafate-ranch-fresia\\\/#primaryimage\"},\"image\":{\"@id\":\"https:\\\/\\\/produncan.cl\\\/en\\\/property\\\/el-calafate-ranch-fresia\\\/#primaryimage\"},\"thumbnailUrl\":\"https:\\\/\\\/produncan.cl\\\/wp-content\\\/uploads\\\/2023\\\/12\\\/Campo-Fundo-El-Calafate-En-Venta-Los-Muermos.webp\",\"datePublished\":\"2024-05-13T17:03:40+00:00\",\"dateModified\":\"2025-12-15T21:34:02+00:00\",\"description\":\"Field of 19.43has in Fresia, ideal for agriculture and cattle raising, one hour from Puerto Varas. With marshes in its perimeter, all services, house, shed.\",\"breadcrumb\":{\"@id\":\"https:\\\/\\\/produncan.cl\\\/en\\\/property\\\/el-calafate-ranch-fresia\\\/#breadcrumb\"},\"inLanguage\":\"en-US\",\"potentialAction\":[{\"@type\":\"ReadAction\",\"target\":[\"https:\\\/\\\/produncan.cl\\\/en\\\/property\\\/el-calafate-ranch-fresia\\\/\"]}]},{\"@type\":\"ImageObject\",\"inLanguage\":\"en-US\",\"@id\":\"https:\\\/\\\/produncan.cl\\\/en\\\/property\\\/el-calafate-ranch-fresia\\\/#primaryimage\",\"url\":\"https:\\\/\\\/produncan.cl\\\/wp-content\\\/uploads\\\/2023\\\/12\\\/Campo-Fundo-El-Calafate-En-Venta-Los-Muermos.webp\",\"contentUrl\":\"https:\\\/\\\/produncan.cl\\\/wp-content\\\/uploads\\\/2023\\\/12\\\/Campo-Fundo-El-Calafate-En-Venta-Los-Muermos.webp\",\"width\":600,\"height\":450,\"caption\":\"Campo Fundo El Calafate For Sale\"},{\"@type\":\"BreadcrumbList\",\"@id\":\"https:\\\/\\\/produncan.cl\\\/en\\\/property\\\/el-calafate-ranch-fresia\\\/#breadcrumb\",\"itemListElement\":[{\"@type\":\"ListItem\",\"position\":1,\"name\":\"Inicio\",\"item\":\"https:\\\/\\\/produncan.cl\\\/en\\\/\"},{\"@type\":\"ListItem\",\"position\":2,\"name\":\"Properties\",\"item\":\"https:\\\/\\\/produncan.cl\\\/propiedades\\\/\"},{\"@type\":\"ListItem\",\"position\":3,\"name\":\"Fields\",\"item\":\"https:\\\/\\\/produncan.cl\\\/en\\\/property-type\\\/fields\\\/\"},{\"@type\":\"ListItem\",\"position\":4,\"name\":\"Field with house in Fresia &#8211; El Calafate &#8211; Lakes Region\"}]},{\"@type\":\"WebSite\",\"@id\":\"https:\\\/\\\/produncan.cl\\\/en\\\/#website\",\"url\":\"https:\\\/\\\/produncan.cl\\\/en\\\/\",\"name\":\"Produncan\",\"description\":\"We accompany you in your life project!\",\"publisher\":{\"@id\":\"https:\\\/\\\/produncan.cl\\\/en\\\/#organization\"},\"potentialAction\":[{\"@type\":\"SearchAction\",\"target\":{\"@type\":\"EntryPoint\",\"urlTemplate\":\"https:\\\/\\\/produncan.cl\\\/en\\\/?s={search_term_string}\"},\"query-input\":{\"@type\":\"PropertyValueSpecification\",\"valueRequired\":true,\"valueName\":\"search_term_string\"}}],\"inLanguage\":\"en-US\"},{\"@type\":\"Organization\",\"@id\":\"https:\\\/\\\/produncan.cl\\\/en\\\/#organization\",\"name\":\"Produncan\",\"url\":\"https:\\\/\\\/produncan.cl\\\/en\\\/\",\"logo\":{\"@type\":\"ImageObject\",\"inLanguage\":\"en-US\",\"@id\":\"https:\\\/\\\/produncan.cl\\\/en\\\/#\\\/schema\\\/logo\\\/image\\\/\",\"url\":\"https:\\\/\\\/produncan.cl\\\/wp-content\\\/uploads\\\/2021\\\/03\\\/LOGO.jpeg\",\"contentUrl\":\"https:\\\/\\\/produncan.cl\\\/wp-content\\\/uploads\\\/2021\\\/03\\\/LOGO.jpeg\",\"width\":1280,\"height\":903,\"caption\":\"Produncan\"},\"image\":{\"@id\":\"https:\\\/\\\/produncan.cl\\\/en\\\/#\\\/schema\\\/logo\\\/image\\\/\"},\"sameAs\":[\"https:\\\/\\\/web.facebook.com\\\/produncanland\",\"https:\\\/\\\/www.instagram.com\\\/pro_duncan\\\/\",\"https:\\\/\\\/www.linkedin.com\\\/company\\\/produncan-lands\\\/\",\"https:\\\/\\\/www.youtube.com\\\/channel\\\/UCu7N-f3x0svkazD-Eew1-QQ\"],\"description\":\"En Produncan somos especialistas en la venta de terrenos en el sur de Chile. Proveemos estancias, campos, parcelas y hoteles.\",\"email\":\"info@produncan.cl\"}]}<\/script>\n<meta property=\"og:video\" content=\"https:\/\/www.youtube.com\/embed\/Ct9SsSgPJ04\" \/>\n<meta property=\"og:video:type\" content=\"text\/html\" \/>\n<meta property=\"og:video:duration\" content=\"149\" \/>\n<meta property=\"og:video:width\" content=\"480\" \/>\n<meta property=\"og:video:height\" content=\"360\" \/>\n<meta property=\"ya:ovs:adult\" content=\"false\" \/>\n<meta property=\"ya:ovs:upload_date\" content=\"2024-05-13T17:03:40+00:00\" \/>\n<meta property=\"ya:ovs:allow_embed\" content=\"true\" \/>\n<meta property=\"product:price:amount\" content=\"275100.00\" \/>\n<meta property=\"product:price:currency\" content=\"USD\" \/>\n<meta property=\"og:availability\" content=\"instock\" \/>\n<meta property=\"product:availability\" content=\"instock\" \/>\n<meta property=\"product:condition\" content=\"new\" \/>\n<!-- \/ Yoast SEO Premium plugin. -->","yoast_head_json":{"title":"Field with house in Fresia - El Calafate - Lakes Region - Produncan","description":"Field of 19.43has in Fresia, ideal for agriculture and cattle raising, one hour from Puerto Varas. With marshes in its perimeter, all services, house, shed.","robots":{"index":"index","follow":"follow","max-snippet":"max-snippet:-1","max-image-preview":"max-image-preview:large","max-video-preview":"max-video-preview:-1"},"canonical":"https:\/\/produncan.cl\/en\/property\/el-calafate-ranch-fresia\/","og_locale":"en_US","og_type":"article","og_title":"Field with house in Fresia - El Calafate - Lakes Region","og_description":"Field of 19.43has in Fresia, ideal for agriculture and cattle raising, one hour from Puerto Varas. With marshes in its perimeter, all services, house, shed.","og_url":"https:\/\/produncan.cl\/en\/property\/el-calafate-ranch-fresia\/","og_site_name":"Produncan","article_publisher":"https:\/\/web.facebook.com\/produncanland","article_modified_time":"2025-12-15T21:34:02+00:00","og_image":[{"url":"https:\/\/produncan.cl\/wp-content\/uploads\/2023\/12\/Campo-Fundo-El-Calafate-En-Venta-Los-Muermos.webp","type":"","width":"","height":""}],"twitter_card":"summary_large_image","twitter_misc":{"Price":"USD275.100,00","Availability":"In stock"},"schema":{"@context":"https:\/\/schema.org","@graph":[{"@type":"WebPage","@id":"https:\/\/produncan.cl\/en\/property\/el-calafate-ranch-fresia\/","url":"https:\/\/produncan.cl\/en\/property\/el-calafate-ranch-fresia\/","name":"Field with house in Fresia - El Calafate - Lakes Region - Produncan","isPartOf":{"@id":"https:\/\/produncan.cl\/en\/#website"},"primaryImageOfPage":{"@id":"https:\/\/produncan.cl\/en\/property\/el-calafate-ranch-fresia\/#primaryimage"},"image":{"@id":"https:\/\/produncan.cl\/en\/property\/el-calafate-ranch-fresia\/#primaryimage"},"thumbnailUrl":"https:\/\/produncan.cl\/wp-content\/uploads\/2023\/12\/Campo-Fundo-El-Calafate-En-Venta-Los-Muermos.webp","datePublished":"2024-05-13T17:03:40+00:00","dateModified":"2025-12-15T21:34:02+00:00","description":"Field of 19.43has in Fresia, ideal for agriculture and cattle raising, one hour from Puerto Varas. With marshes in its perimeter, all services, house, shed.","breadcrumb":{"@id":"https:\/\/produncan.cl\/en\/property\/el-calafate-ranch-fresia\/#breadcrumb"},"inLanguage":"en-US","potentialAction":[{"@type":"ReadAction","target":["https:\/\/produncan.cl\/en\/property\/el-calafate-ranch-fresia\/"]}]},{"@type":"ImageObject","inLanguage":"en-US","@id":"https:\/\/produncan.cl\/en\/property\/el-calafate-ranch-fresia\/#primaryimage","url":"https:\/\/produncan.cl\/wp-content\/uploads\/2023\/12\/Campo-Fundo-El-Calafate-En-Venta-Los-Muermos.webp","contentUrl":"https:\/\/produncan.cl\/wp-content\/uploads\/2023\/12\/Campo-Fundo-El-Calafate-En-Venta-Los-Muermos.webp","width":600,"height":450,"caption":"Campo Fundo El Calafate For Sale"},{"@type":"BreadcrumbList","@id":"https:\/\/produncan.cl\/en\/property\/el-calafate-ranch-fresia\/#breadcrumb","itemListElement":[{"@type":"ListItem","position":1,"name":"Inicio","item":"https:\/\/produncan.cl\/en\/"},{"@type":"ListItem","position":2,"name":"Properties","item":"https:\/\/produncan.cl\/propiedades\/"},{"@type":"ListItem","position":3,"name":"Fields","item":"https:\/\/produncan.cl\/en\/property-type\/fields\/"},{"@type":"ListItem","position":4,"name":"Field with house in Fresia &#8211; El Calafate &#8211; Lakes Region"}]},{"@type":"WebSite","@id":"https:\/\/produncan.cl\/en\/#website","url":"https:\/\/produncan.cl\/en\/","name":"Produncan","description":"We accompany you in your life project!","publisher":{"@id":"https:\/\/produncan.cl\/en\/#organization"},"potentialAction":[{"@type":"SearchAction","target":{"@type":"EntryPoint","urlTemplate":"https:\/\/produncan.cl\/en\/?s={search_term_string}"},"query-input":{"@type":"PropertyValueSpecification","valueRequired":true,"valueName":"search_term_string"}}],"inLanguage":"en-US"},{"@type":"Organization","@id":"https:\/\/produncan.cl\/en\/#organization","name":"Produncan","url":"https:\/\/produncan.cl\/en\/","logo":{"@type":"ImageObject","inLanguage":"en-US","@id":"https:\/\/produncan.cl\/en\/#\/schema\/logo\/image\/","url":"https:\/\/produncan.cl\/wp-content\/uploads\/2021\/03\/LOGO.jpeg","contentUrl":"https:\/\/produncan.cl\/wp-content\/uploads\/2021\/03\/LOGO.jpeg","width":1280,"height":903,"caption":"Produncan"},"image":{"@id":"https:\/\/produncan.cl\/en\/#\/schema\/logo\/image\/"},"sameAs":["https:\/\/web.facebook.com\/produncanland","https:\/\/www.instagram.com\/pro_duncan\/","https:\/\/www.linkedin.com\/company\/produncan-lands\/","https:\/\/www.youtube.com\/channel\/UCu7N-f3x0svkazD-Eew1-QQ"],"description":"En Produncan somos especialistas en la venta de terrenos en el sur de Chile. Proveemos estancias, campos, parcelas y hoteles.","email":"info@produncan.cl"}]},"og_video":"https:\/\/www.youtube.com\/embed\/Ct9SsSgPJ04","og_video_type":"text\/html","og_video_duration":"149","og_video_width":"480","og_video_height":"360","ya_ovs_adult":"false","ya_ovs_upload_date":"2024-05-13T17:03:40+00:00","ya_ovs_allow_embed":"true","product_price_amount":"275100.00","product_price_currency":"USD","og_availability":"instock","product_availability":"instock","product_condition":"new"},"_links":{"self":[{"href":"https:\/\/produncan.cl\/en\/wp-json\/wp\/v2\/product\/25824","targetHints":{"allow":["GET"]}}],"collection":[{"href":"https:\/\/produncan.cl\/en\/wp-json\/wp\/v2\/product"}],"about":[{"href":"https:\/\/produncan.cl\/en\/wp-json\/wp\/v2\/types\/product"}],"version-history":[{"count":2,"href":"https:\/\/produncan.cl\/en\/wp-json\/wp\/v2\/product\/25824\/revisions"}],"predecessor-version":[{"id":53094,"href":"https:\/\/produncan.cl\/en\/wp-json\/wp\/v2\/product\/25824\/revisions\/53094"}],"wp:featuredmedia":[{"embeddable":true,"href":"https:\/\/produncan.cl\/en\/wp-json\/wp\/v2\/media\/25592"}],"wp:attachment":[{"href":"https:\/\/produncan.cl\/en\/wp-json\/wp\/v2\/media?parent=25824"}],"wp:term":[{"taxonomy":"product_brand","embeddable":true,"href":"https:\/\/produncan.cl\/en\/wp-json\/wp\/v2\/product_brand?post=25824"},{"taxonomy":"product_cat","embeddable":true,"href":"https:\/\/produncan.cl\/en\/wp-json\/wp\/v2\/product_cat?post=25824"},{"taxonomy":"product_tag","embeddable":true,"href":"https:\/\/produncan.cl\/en\/wp-json\/wp\/v2\/product_tag?post=25824"},{"taxonomy":"regiones","embeddable":true,"href":"https:\/\/produncan.cl\/en\/wp-json\/wp\/v2\/regiones?post=25824"},{"taxonomy":"ciudades","embeddable":true,"href":"https:\/\/produncan.cl\/en\/wp-json\/wp\/v2\/ciudades?post=25824"}],"curies":[{"name":"wp","href":"https:\/\/api.w.org\/{rel}","templated":true}]}}