{"id":29442,"date":"2024-04-15T16:59:18","date_gmt":"2024-04-15T20:59:18","guid":{"rendered":"https:\/\/produncan.cl\/producto\/campito-las-torres-aysen-region\/"},"modified":"2026-03-11T13:24:53","modified_gmt":"2026-03-11T16:24:53","slug":"campito-las-torres-aysen-region","status":"publish","type":"product","link":"https:\/\/produncan.cl\/en\/property\/campito-las-torres-aysen-region\/","title":{"rendered":"Countryside in Ays\u00e9n &#8211; Coyhaique and Puerto Ays\u00e9n &#8211; Los Torreones, Ays\u00e9n Region"},"content":{"rendered":"\t\t<div data-elementor-type=\"product-post\" data-elementor-id=\"29442\" class=\"elementor elementor-29442 elementor-28951\" data-elementor-post-type=\"product\">\n\t\t\t\t<div class=\"elementor-element elementor-element-4b0de4e e-flex e-con-boxed e-con e-parent\" data-id=\"4b0de4e\" data-element_type=\"container\" data-e-type=\"container\" data-settings=\"{&quot;jet_parallax_layout_list&quot;:[]}\">\n\t\t\t\t\t<div class=\"e-con-inner\">\n\t\t\t\t<div class=\"elementor-element elementor-element-09740d6 elementor-widget elementor-widget-heading\" data-id=\"09740d6\" data-element_type=\"widget\" data-e-type=\"widget\" data-widget_type=\"heading.default\">\n\t\t\t\t\t<h2 class=\"elementor-heading-title elementor-size-default\">15.11 Hectares with Panoramic View, Water and Great Tourism Potential<\/h2>\t\t\t\t<\/div>\n\t\t\t\t\t<\/div>\n\t\t\t\t<\/div>\n\t\t<div class=\"elementor-element elementor-element-3625a96 e-flex e-con-boxed e-con e-parent\" data-id=\"3625a96\" data-element_type=\"container\" data-e-type=\"container\" data-settings=\"{&quot;jet_parallax_layout_list&quot;:[]}\">\n\t\t\t\t\t<div class=\"e-con-inner\">\n\t\t\t\t<div class=\"elementor-element elementor-element-a65d397 elementor-widget elementor-widget-text-editor\" data-id=\"a65d397\" data-element_type=\"widget\" data-e-type=\"widget\" data-widget_type=\"text-editor.default\">\n\t\t\t\t\t\t\t\t\t<p>This field in Ays\u00e9n, strategically located near the road between Coyhaique and Puerto Ays\u00e9n, covers 15.11 hectares and represents a unique opportunity for those looking for land with spectacular views, easy access and proximity to the city.<\/p>\n<p>The property is located on a rocky massif, with extensive meadows on top and bordered by native trees on its edges.<\/p>\n<p>With a sales value of $150,000,000, it has its own land ownership and is classified for mixed use, including agricultural and livestock activities. It is an excellent option for tourism due to its proximity to the highway and the impressive Simpson River and Caracoles River that pass through the lower part, as well as its spectacular panoramic view. <\/p>\n<p>The land is accessed from a registered easement, has electric power feasibility through a line that passes through a rural road located one kilometer from the property, there is a telecommunications signal, and also has water from two springs and a stream.<\/p>\n<p>The property has an assured exposure to the north, with meadows in the upper part and cliffs in some sectors of its north side, which in its lower part meet the great Simpson River, providing a diverse and picturesque scenery. Add the presence of native trees such as coig\u00fces, tepas, maquis, calafates, among others, contributing to the biodiversity of the place. <\/p>\n<p>The fauna of the area includes hares, foxes, condors, and more, creating a unique natural environment. Although there is no construction on the land, the possibility of developing a tourism project, canopy, or even the construction of a lodge looms as an attractive option. <\/p>\n<p>In terms of location, access is via a public road, and the land is only 1 km from asphalt. The nearest cities are Puerto Ays\u00e9n and Coyhaique, and the farm is 2 hours from the airport. In addition, the presence of public transportation and telecommunications signal facilitates connectivity.  <\/p>\n<p>The land borders with another property of 17 hectares, also available for sale. By acquiring both, you get the entire massif, including all the meadow on top. Furthermore, this additional property borders the Caracoles River, which adds an additional attraction to the investment. The 17 hectares can be acquired at $10 million per hectare.   <\/p>\n<p>The environment of the land is rich in natural attractions such as the Cascada de la Virgen, the Velo de la Novia, the Queque Ingl\u00e9s, streams and mountains. The temperate rainy climate, characteristic of the region, is manifested with well marked seasons of the year. <\/p>\n<p>This farm not only offers a stunning and diverse landscape but also an opportunity for those looking to invest in a tourism project or simply enjoy the tranquility and privacy that this beautiful corner of Ays\u00e9n has to offer.<\/p>\n<p>Contact us today and find out how to make your dream come true on this spectacular lot!<\/p>\n\t\t\t\t\t\t\t\t<\/div>\n\t\t\t\t\t<\/div>\n\t\t\t\t<\/div>\n\t\t\t\t<\/div>\n\t\t","protected":false},"excerpt":{"rendered":"<p>Field in Ays\u00e9n between Coyhaique and Puerto Ays\u00e9n. Mountain range with impressive views, one kilometer from the highway. Meadows, estuaries, springs, and electrical feasibility.   Ideal for tourist activities.<\/p>\n","protected":false},"featured_media":54853,"template":"","meta":{"_acf_changed":false},"product_brand":[],"product_cat":[119],"product_tag":[187,189],"regiones":[225],"ciudades":[209,448],"class_list":{"0":"post-29442","1":"product","2":"type-product","3":"status-publish","4":"has-post-thumbnail","6":"product_cat-aysen-magallanes-en","7":"product_tag-fields","8":"product_tag-touristic-properties","9":"regiones-aysen-magallanes","10":"ciudades-coyhaique","11":"ciudades-puerto-aysen","13":"first","14":"outofstock","15":"shipping-taxable","16":"product-type-simple"},"acf":[],"yoast_head":"<!-- This site is optimized with the Yoast SEO Premium plugin v26.0 (Yoast SEO v27.3) - https:\/\/yoast.com\/product\/yoast-seo-premium-wordpress\/ -->\n<title>Field in Ays\u00e9n between Coyhaique and Puerto Ays\u00e9n - Los Torreones<\/title>\n<meta name=\"description\" content=\"15 hectare farm located between Coyhaique and Puerto Ays\u00e9n, with an impressive view and one kilometer from the main road.\" \/>\n<meta name=\"robots\" content=\"index, follow, max-snippet:-1, max-image-preview:large, max-video-preview:-1\" \/>\n<link rel=\"canonical\" href=\"https:\/\/produncan.cl\/en\/property\/campito-las-torres-aysen-region\/\" \/>\n<meta property=\"og:locale\" content=\"en_US\" \/>\n<meta property=\"og:type\" content=\"article\" \/>\n<meta property=\"og:title\" content=\"Countryside in Ays\u00e9n - Coyhaique and Puerto Ays\u00e9n - Los Torreones, Ays\u00e9n Region\" \/>\n<meta property=\"og:description\" content=\"15 hectare farm located between Coyhaique and Puerto Ays\u00e9n, with an impressive view and one kilometer from the main road.\" \/>\n<meta property=\"og:url\" content=\"https:\/\/produncan.cl\/en\/property\/campito-las-torres-aysen-region\/\" \/>\n<meta property=\"og:site_name\" content=\"Produncan\" \/>\n<meta property=\"article:publisher\" content=\"https:\/\/web.facebook.com\/produncanland\" \/>\n<meta property=\"article:modified_time\" content=\"2026-03-11T16:24:53+00:00\" \/>\n<meta property=\"og:image\" content=\"https:\/\/produncan.cl\/wp-content\/uploads\/2024\/04\/Campo-Los-Torreones-vendido.webp\" \/>\n\t<meta property=\"og:image:width\" content=\"600\" \/>\n\t<meta property=\"og:image:height\" content=\"450\" \/>\n\t<meta property=\"og:image:type\" content=\"image\/webp\" \/>\n<meta name=\"twitter:card\" content=\"summary_large_image\" \/>\n<meta name=\"twitter:label1\" content=\"Price\" \/>\n\t<meta name=\"twitter:data1\" content=\"\" \/>\n\t<meta name=\"twitter:label2\" content=\"Availability\" \/>\n\t<meta name=\"twitter:data2\" content=\"Out of stock\" \/>\n<script type=\"application\/ld+json\" class=\"yoast-schema-graph\">{\"@context\":\"https:\\\/\\\/schema.org\",\"@graph\":[{\"@type\":\"WebPage\",\"@id\":\"https:\\\/\\\/produncan.cl\\\/en\\\/property\\\/campito-las-torres-aysen-region\\\/\",\"url\":\"https:\\\/\\\/produncan.cl\\\/en\\\/property\\\/campito-las-torres-aysen-region\\\/\",\"name\":\"Field in Ays\u00e9n between Coyhaique and Puerto Ays\u00e9n - Los Torreones\",\"isPartOf\":{\"@id\":\"https:\\\/\\\/produncan.cl\\\/en\\\/#website\"},\"primaryImageOfPage\":{\"@id\":\"https:\\\/\\\/produncan.cl\\\/en\\\/property\\\/campito-las-torres-aysen-region\\\/#primaryimage\"},\"image\":{\"@id\":\"https:\\\/\\\/produncan.cl\\\/en\\\/property\\\/campito-las-torres-aysen-region\\\/#primaryimage\"},\"thumbnailUrl\":\"https:\\\/\\\/produncan.cl\\\/wp-content\\\/uploads\\\/2024\\\/04\\\/Campo-Los-Torreones-vendido.webp\",\"datePublished\":\"2024-04-15T20:59:18+00:00\",\"dateModified\":\"2026-03-11T16:24:53+00:00\",\"description\":\"15 hectare farm located between Coyhaique and Puerto Ays\u00e9n, with an impressive view and one kilometer from the main road.\",\"breadcrumb\":{\"@id\":\"https:\\\/\\\/produncan.cl\\\/en\\\/property\\\/campito-las-torres-aysen-region\\\/#breadcrumb\"},\"inLanguage\":\"en-US\",\"potentialAction\":[{\"@type\":\"ReadAction\",\"target\":[\"https:\\\/\\\/produncan.cl\\\/en\\\/property\\\/campito-las-torres-aysen-region\\\/\"]}]},{\"@type\":\"ImageObject\",\"inLanguage\":\"en-US\",\"@id\":\"https:\\\/\\\/produncan.cl\\\/en\\\/property\\\/campito-las-torres-aysen-region\\\/#primaryimage\",\"url\":\"https:\\\/\\\/produncan.cl\\\/wp-content\\\/uploads\\\/2024\\\/04\\\/Campo-Los-Torreones-vendido.webp\",\"contentUrl\":\"https:\\\/\\\/produncan.cl\\\/wp-content\\\/uploads\\\/2024\\\/04\\\/Campo-Los-Torreones-vendido.webp\",\"width\":600,\"height\":450,\"caption\":\"Campo Los Torreones vendido\"},{\"@type\":\"BreadcrumbList\",\"@id\":\"https:\\\/\\\/produncan.cl\\\/en\\\/property\\\/campito-las-torres-aysen-region\\\/#breadcrumb\",\"itemListElement\":[{\"@type\":\"ListItem\",\"position\":1,\"name\":\"Inicio\",\"item\":\"https:\\\/\\\/produncan.cl\\\/en\\\/\"},{\"@type\":\"ListItem\",\"position\":2,\"name\":\"Properties\",\"item\":\"https:\\\/\\\/produncan.cl\\\/propiedades\\\/\"},{\"@type\":\"ListItem\",\"position\":3,\"name\":\"Fields\",\"item\":\"https:\\\/\\\/produncan.cl\\\/en\\\/property-type\\\/fields\\\/\"},{\"@type\":\"ListItem\",\"position\":4,\"name\":\"Countryside in Ays\u00e9n &#8211; Coyhaique and Puerto Ays\u00e9n &#8211; Los Torreones, Ays\u00e9n Region\"}]},{\"@type\":\"WebSite\",\"@id\":\"https:\\\/\\\/produncan.cl\\\/en\\\/#website\",\"url\":\"https:\\\/\\\/produncan.cl\\\/en\\\/\",\"name\":\"Produncan\",\"description\":\"We accompany you in your life project!\",\"publisher\":{\"@id\":\"https:\\\/\\\/produncan.cl\\\/en\\\/#organization\"},\"potentialAction\":[{\"@type\":\"SearchAction\",\"target\":{\"@type\":\"EntryPoint\",\"urlTemplate\":\"https:\\\/\\\/produncan.cl\\\/en\\\/?s={search_term_string}\"},\"query-input\":{\"@type\":\"PropertyValueSpecification\",\"valueRequired\":true,\"valueName\":\"search_term_string\"}}],\"inLanguage\":\"en-US\"},{\"@type\":\"Organization\",\"@id\":\"https:\\\/\\\/produncan.cl\\\/en\\\/#organization\",\"name\":\"Produncan\",\"url\":\"https:\\\/\\\/produncan.cl\\\/en\\\/\",\"logo\":{\"@type\":\"ImageObject\",\"inLanguage\":\"en-US\",\"@id\":\"https:\\\/\\\/produncan.cl\\\/en\\\/#\\\/schema\\\/logo\\\/image\\\/\",\"url\":\"https:\\\/\\\/produncan.cl\\\/wp-content\\\/uploads\\\/2021\\\/03\\\/LOGO.jpeg\",\"contentUrl\":\"https:\\\/\\\/produncan.cl\\\/wp-content\\\/uploads\\\/2021\\\/03\\\/LOGO.jpeg\",\"width\":1280,\"height\":903,\"caption\":\"Produncan\"},\"image\":{\"@id\":\"https:\\\/\\\/produncan.cl\\\/en\\\/#\\\/schema\\\/logo\\\/image\\\/\"},\"sameAs\":[\"https:\\\/\\\/web.facebook.com\\\/produncanland\",\"https:\\\/\\\/www.instagram.com\\\/pro_duncan\\\/\",\"https:\\\/\\\/www.linkedin.com\\\/company\\\/produncan-lands\\\/\",\"https:\\\/\\\/www.youtube.com\\\/channel\\\/UCu7N-f3x0svkazD-Eew1-QQ\"],\"description\":\"En Produncan somos especialistas en la venta de terrenos en el sur de Chile. Proveemos estancias, campos, parcelas y hoteles.\",\"email\":\"info@produncan.cl\"}]}<\/script>\n<meta property=\"og:video\" content=\"https:\/\/www.youtube.com\/embed\/_3UE01D_3NE\" \/>\n<meta property=\"og:video:type\" content=\"text\/html\" \/>\n<meta property=\"og:video:duration\" content=\"84\" \/>\n<meta property=\"og:video:width\" content=\"480\" \/>\n<meta property=\"og:video:height\" content=\"270\" \/>\n<meta property=\"ya:ovs:adult\" content=\"false\" \/>\n<meta property=\"ya:ovs:upload_date\" content=\"2024-04-15T20:59:18+00:00\" \/>\n<meta property=\"ya:ovs:allow_embed\" content=\"true\" \/>\n<meta property=\"product:price:currency\" content=\"USD\" \/>\n<meta property=\"og:availability\" content=\"out of stock\" \/>\n<meta property=\"product:availability\" content=\"out of stock\" \/>\n<meta property=\"product:condition\" content=\"new\" \/>\n<!-- \/ Yoast SEO Premium plugin. -->","yoast_head_json":{"title":"Field in Ays\u00e9n between Coyhaique and Puerto Ays\u00e9n - Los Torreones","description":"15 hectare farm located between Coyhaique and Puerto Ays\u00e9n, with an impressive view and one kilometer from the main road.","robots":{"index":"index","follow":"follow","max-snippet":"max-snippet:-1","max-image-preview":"max-image-preview:large","max-video-preview":"max-video-preview:-1"},"canonical":"https:\/\/produncan.cl\/en\/property\/campito-las-torres-aysen-region\/","og_locale":"en_US","og_type":"article","og_title":"Countryside in Ays\u00e9n - Coyhaique and Puerto Ays\u00e9n - Los Torreones, Ays\u00e9n Region","og_description":"15 hectare farm located between Coyhaique and Puerto Ays\u00e9n, with an impressive view and one kilometer from the main road.","og_url":"https:\/\/produncan.cl\/en\/property\/campito-las-torres-aysen-region\/","og_site_name":"Produncan","article_publisher":"https:\/\/web.facebook.com\/produncanland","article_modified_time":"2026-03-11T16:24:53+00:00","og_image":[{"width":600,"height":450,"url":"https:\/\/produncan.cl\/wp-content\/uploads\/2024\/04\/Campo-Los-Torreones-vendido.webp","type":"image\/webp"}],"twitter_card":"summary_large_image","twitter_misc":{"Price":"","Availability":"Out of stock"},"schema":{"@context":"https:\/\/schema.org","@graph":[{"@type":"WebPage","@id":"https:\/\/produncan.cl\/en\/property\/campito-las-torres-aysen-region\/","url":"https:\/\/produncan.cl\/en\/property\/campito-las-torres-aysen-region\/","name":"Field in Ays\u00e9n between Coyhaique and Puerto Ays\u00e9n - Los Torreones","isPartOf":{"@id":"https:\/\/produncan.cl\/en\/#website"},"primaryImageOfPage":{"@id":"https:\/\/produncan.cl\/en\/property\/campito-las-torres-aysen-region\/#primaryimage"},"image":{"@id":"https:\/\/produncan.cl\/en\/property\/campito-las-torres-aysen-region\/#primaryimage"},"thumbnailUrl":"https:\/\/produncan.cl\/wp-content\/uploads\/2024\/04\/Campo-Los-Torreones-vendido.webp","datePublished":"2024-04-15T20:59:18+00:00","dateModified":"2026-03-11T16:24:53+00:00","description":"15 hectare farm located between Coyhaique and Puerto Ays\u00e9n, with an impressive view and one kilometer from the main road.","breadcrumb":{"@id":"https:\/\/produncan.cl\/en\/property\/campito-las-torres-aysen-region\/#breadcrumb"},"inLanguage":"en-US","potentialAction":[{"@type":"ReadAction","target":["https:\/\/produncan.cl\/en\/property\/campito-las-torres-aysen-region\/"]}]},{"@type":"ImageObject","inLanguage":"en-US","@id":"https:\/\/produncan.cl\/en\/property\/campito-las-torres-aysen-region\/#primaryimage","url":"https:\/\/produncan.cl\/wp-content\/uploads\/2024\/04\/Campo-Los-Torreones-vendido.webp","contentUrl":"https:\/\/produncan.cl\/wp-content\/uploads\/2024\/04\/Campo-Los-Torreones-vendido.webp","width":600,"height":450,"caption":"Campo Los Torreones vendido"},{"@type":"BreadcrumbList","@id":"https:\/\/produncan.cl\/en\/property\/campito-las-torres-aysen-region\/#breadcrumb","itemListElement":[{"@type":"ListItem","position":1,"name":"Inicio","item":"https:\/\/produncan.cl\/en\/"},{"@type":"ListItem","position":2,"name":"Properties","item":"https:\/\/produncan.cl\/propiedades\/"},{"@type":"ListItem","position":3,"name":"Fields","item":"https:\/\/produncan.cl\/en\/property-type\/fields\/"},{"@type":"ListItem","position":4,"name":"Countryside in Ays\u00e9n &#8211; Coyhaique and Puerto Ays\u00e9n &#8211; Los Torreones, Ays\u00e9n Region"}]},{"@type":"WebSite","@id":"https:\/\/produncan.cl\/en\/#website","url":"https:\/\/produncan.cl\/en\/","name":"Produncan","description":"We accompany you in your life project!","publisher":{"@id":"https:\/\/produncan.cl\/en\/#organization"},"potentialAction":[{"@type":"SearchAction","target":{"@type":"EntryPoint","urlTemplate":"https:\/\/produncan.cl\/en\/?s={search_term_string}"},"query-input":{"@type":"PropertyValueSpecification","valueRequired":true,"valueName":"search_term_string"}}],"inLanguage":"en-US"},{"@type":"Organization","@id":"https:\/\/produncan.cl\/en\/#organization","name":"Produncan","url":"https:\/\/produncan.cl\/en\/","logo":{"@type":"ImageObject","inLanguage":"en-US","@id":"https:\/\/produncan.cl\/en\/#\/schema\/logo\/image\/","url":"https:\/\/produncan.cl\/wp-content\/uploads\/2021\/03\/LOGO.jpeg","contentUrl":"https:\/\/produncan.cl\/wp-content\/uploads\/2021\/03\/LOGO.jpeg","width":1280,"height":903,"caption":"Produncan"},"image":{"@id":"https:\/\/produncan.cl\/en\/#\/schema\/logo\/image\/"},"sameAs":["https:\/\/web.facebook.com\/produncanland","https:\/\/www.instagram.com\/pro_duncan\/","https:\/\/www.linkedin.com\/company\/produncan-lands\/","https:\/\/www.youtube.com\/channel\/UCu7N-f3x0svkazD-Eew1-QQ"],"description":"En Produncan somos especialistas en la venta de terrenos en el sur de Chile. Proveemos estancias, campos, parcelas y hoteles.","email":"info@produncan.cl"}]},"og_video":"https:\/\/www.youtube.com\/embed\/_3UE01D_3NE","og_video_type":"text\/html","og_video_duration":"84","og_video_width":"480","og_video_height":"270","ya_ovs_adult":"false","ya_ovs_upload_date":"2024-04-15T20:59:18+00:00","ya_ovs_allow_embed":"true","product_price_currency":"USD","og_availability":"out of stock","product_availability":"out of stock","product_condition":"new"},"_links":{"self":[{"href":"https:\/\/produncan.cl\/en\/wp-json\/wp\/v2\/product\/29442","targetHints":{"allow":["GET"]}}],"collection":[{"href":"https:\/\/produncan.cl\/en\/wp-json\/wp\/v2\/product"}],"about":[{"href":"https:\/\/produncan.cl\/en\/wp-json\/wp\/v2\/types\/product"}],"version-history":[{"count":2,"href":"https:\/\/produncan.cl\/en\/wp-json\/wp\/v2\/product\/29442\/revisions"}],"predecessor-version":[{"id":54858,"href":"https:\/\/produncan.cl\/en\/wp-json\/wp\/v2\/product\/29442\/revisions\/54858"}],"wp:featuredmedia":[{"embeddable":true,"href":"https:\/\/produncan.cl\/en\/wp-json\/wp\/v2\/media\/54853"}],"wp:attachment":[{"href":"https:\/\/produncan.cl\/en\/wp-json\/wp\/v2\/media?parent=29442"}],"wp:term":[{"taxonomy":"product_brand","embeddable":true,"href":"https:\/\/produncan.cl\/en\/wp-json\/wp\/v2\/product_brand?post=29442"},{"taxonomy":"product_cat","embeddable":true,"href":"https:\/\/produncan.cl\/en\/wp-json\/wp\/v2\/product_cat?post=29442"},{"taxonomy":"product_tag","embeddable":true,"href":"https:\/\/produncan.cl\/en\/wp-json\/wp\/v2\/product_tag?post=29442"},{"taxonomy":"regiones","embeddable":true,"href":"https:\/\/produncan.cl\/en\/wp-json\/wp\/v2\/regiones?post=29442"},{"taxonomy":"ciudades","embeddable":true,"href":"https:\/\/produncan.cl\/en\/wp-json\/wp\/v2\/ciudades?post=29442"}],"curies":[{"name":"wp","href":"https:\/\/api.w.org\/{rel}","templated":true}]}}