{"id":29951,"date":"2020-05-16T21:37:43","date_gmt":"2020-05-17T01:37:43","guid":{"rendered":"https:\/\/produncan.cl\/producto\/campito-pradera-hermosa-los-muermos-lakes-region\/"},"modified":"2025-08-11T12:07:14","modified_gmt":"2025-08-11T16:07:14","slug":"campito-pradera-hermosa-los-muermos-lakes-region","status":"publish","type":"product","link":"https:\/\/produncan.cl\/en\/property\/campito-pradera-hermosa-los-muermos-lakes-region\/","title":{"rendered":"&#8220;Campito Pradera Hermosa &#8211; Los Muermos &#8211; Regi\u00f3n de Los Lagos&#8221;"},"content":{"rendered":"\t\t<div data-elementor-type=\"product-post\" data-elementor-id=\"29951\" class=\"elementor elementor-29951 elementor-29750\" data-elementor-post-type=\"product\">\n\t\t\t\t<div class=\"elementor-element elementor-element-92e1d48 e-flex e-con-boxed e-con e-parent\" data-id=\"92e1d48\" data-element_type=\"container\" data-e-type=\"container\" data-settings=\"{&quot;jet_parallax_layout_list&quot;:[]}\">\n\t\t\t\t\t<div class=\"e-con-inner\">\n\t\t\t\t<div class=\"elementor-element elementor-element-5b4ed3d elementor-widget elementor-widget-heading\" data-id=\"5b4ed3d\" data-element_type=\"widget\" data-e-type=\"widget\" data-widget_type=\"heading.default\">\n\t\t\t\t\t<h2 class=\"elementor-heading-title elementor-size-default\">\"Field with perfect meadows and river edge \"<\/h2>\t\t\t\t<\/div>\n\t\t\t\t\t<\/div>\n\t\t\t\t<\/div>\n\t\t<div class=\"elementor-element elementor-element-3b3c521 e-flex e-con-boxed e-con e-parent\" data-id=\"3b3c521\" data-element_type=\"container\" data-e-type=\"container\" data-settings=\"{&quot;jet_parallax_layout_list&quot;:[]}\">\n\t\t\t\t\t<div class=\"e-con-inner\">\n\t\t\t\t<div class=\"elementor-element elementor-element-253a68c elementor-widget elementor-widget-text-editor\" data-id=\"253a68c\" data-element_type=\"widget\" data-e-type=\"widget\" data-widget_type=\"text-editor.default\">\n\t\t\t\t\t\t\t\t\t&#8220;`html\n<p>Located near the city of Los Muermos, this 11.4-hectare field with perfect meadows, beautiful views, and direct access to the road, is a treasure for those seeking a serene life in harmony with nature.<\/p>\n<p>With a sale price of $137,000,000 and approximately 250 meters of river, this land represents an unparalleled opportunity to have your home in a place where you can develop agricultural and livestock activities.<\/p>\n<p>The topography of the land is gentle, with a flat part at one end of the field. The soil is fertile and suitable for agriculture, providing a significant advantage for planting, and it has a proportion of 80% meadow and 20% native forest.<\/p>\n<p>The property has access to electricity through a line of poles that crosses the road and a neighborhood road. You only need to acquire the connection with the service company. For water supply, the field has springs and the river. The phone signal is good, and the perimeter of the field is fenced, except for the part that borders the river.<\/p>\n<p>Regarding flora, the field hosts species such as Coig\u00fce, Ma\u00f1\u00edo, Tepa, Canelo, and Luma, making it a true paradise for nature lovers.<\/p>\n<p>Access to the field is direct through a paved road, ensuring comfortable and easy connectivity. Just an hour from the airport and close to Los Muermos, the location is perfect for those seeking a peaceful retreat without giving up urban conveniences.<\/p>\n&#8220;`\t\t\t\t\t\t\t\t<\/div>\n\t\t\t\t\t<\/div>\n\t\t\t\t<\/div>\n\t\t\t\t<\/div>\n\t\t","protected":false},"excerpt":{"rendered":"<p>&#8220;Small field with river, adjacent to road, mostly meadow, with electricity, beautiful view and only 15 minutes from Los Muermos.&#8221;<\/p>\n","protected":false},"featured_media":31531,"template":"","meta":{"_acf_changed":false},"product_brand":[],"product_cat":[110],"product_tag":[187,188],"regiones":[226],"ciudades":[214,216],"class_list":{"0":"post-29951","1":"product","2":"type-product","3":"status-publish","4":"has-post-thumbnail","6":"product_cat-nuble-los_lagos-en","7":"product_tag-fields","8":"product_tag-plots","9":"regiones-nuble-los_lagos","10":"ciudades-fresia","11":"ciudades-los-muermos","13":"first","14":"outofstock","15":"sold-individually","16":"shipping-taxable","17":"product-type-simple"},"acf":[],"yoast_head":"<!-- This site is optimized with the Yoast SEO Premium plugin v26.0 (Yoast SEO v27.3) - https:\/\/yoast.com\/product\/yoast-seo-premium-wordpress\/ -->\n<title>&quot;Campito Pradera Hermosa - Los Muermos - Regi\u00f3n de Los Lagos&quot; - Produncan<\/title>\n<meta name=\"description\" content=\"&quot;Small field of 1 hectare with river, adjacent to road, mostly meadow, electricity, beautiful view and only 15 minutes from Los Muermos.&quot;\" \/>\n<meta name=\"robots\" content=\"index, follow, max-snippet:-1, max-image-preview:large, max-video-preview:-1\" \/>\n<link rel=\"canonical\" href=\"https:\/\/produncan.cl\/en\/property\/campito-pradera-hermosa-los-muermos-lakes-region\/\" \/>\n<meta property=\"og:locale\" content=\"en_US\" \/>\n<meta property=\"og:type\" content=\"article\" \/>\n<meta property=\"og:title\" content=\"&quot;Campito Pradera Hermosa - Los Muermos - Regi\u00f3n de Los Lagos&quot;\" \/>\n<meta property=\"og:description\" content=\"&quot;Small field of 1 hectare with river, adjacent to road, mostly meadow, electricity, beautiful view and only 15 minutes from Los Muermos.&quot;\" \/>\n<meta property=\"og:url\" content=\"https:\/\/produncan.cl\/en\/property\/campito-pradera-hermosa-los-muermos-lakes-region\/\" \/>\n<meta property=\"og:site_name\" content=\"Produncan\" \/>\n<meta property=\"article:publisher\" content=\"https:\/\/web.facebook.com\/produncanland\" \/>\n<meta property=\"article:modified_time\" content=\"2025-08-11T16:07:14+00:00\" \/>\n<meta property=\"og:image\" content=\"https:\/\/produncan.cl\/wp-content\/uploads\/2021\/05\/Campito-Pradera-Hermosa-vendido.jpg\" \/>\n\t<meta property=\"og:image:width\" content=\"600\" \/>\n\t<meta property=\"og:image:height\" content=\"450\" \/>\n\t<meta property=\"og:image:type\" content=\"image\/jpeg\" \/>\n<meta name=\"twitter:card\" content=\"summary_large_image\" \/>\n<meta name=\"twitter:label1\" content=\"Price\" \/>\n\t<meta name=\"twitter:data1\" content=\"\" \/>\n\t<meta name=\"twitter:label2\" content=\"Availability\" \/>\n\t<meta name=\"twitter:data2\" content=\"Out of stock\" \/>\n<script type=\"application\/ld+json\" class=\"yoast-schema-graph\">{\"@context\":\"https:\\\/\\\/schema.org\",\"@graph\":[{\"@type\":\"WebPage\",\"@id\":\"https:\\\/\\\/produncan.cl\\\/en\\\/property\\\/campito-pradera-hermosa-los-muermos-lakes-region\\\/\",\"url\":\"https:\\\/\\\/produncan.cl\\\/en\\\/property\\\/campito-pradera-hermosa-los-muermos-lakes-region\\\/\",\"name\":\"\\\"Campito Pradera Hermosa - Los Muermos - Regi\u00f3n de Los Lagos\\\" - Produncan\",\"isPartOf\":{\"@id\":\"https:\\\/\\\/produncan.cl\\\/en\\\/#website\"},\"primaryImageOfPage\":{\"@id\":\"https:\\\/\\\/produncan.cl\\\/en\\\/property\\\/campito-pradera-hermosa-los-muermos-lakes-region\\\/#primaryimage\"},\"image\":{\"@id\":\"https:\\\/\\\/produncan.cl\\\/en\\\/property\\\/campito-pradera-hermosa-los-muermos-lakes-region\\\/#primaryimage\"},\"thumbnailUrl\":\"https:\\\/\\\/produncan.cl\\\/wp-content\\\/uploads\\\/2021\\\/05\\\/Campito-Pradera-Hermosa-vendido.jpg\",\"datePublished\":\"2020-05-17T01:37:43+00:00\",\"dateModified\":\"2025-08-11T16:07:14+00:00\",\"description\":\"\\\"Small field of 1 hectare with river, adjacent to road, mostly meadow, electricity, beautiful view and only 15 minutes from Los Muermos.\\\"\",\"breadcrumb\":{\"@id\":\"https:\\\/\\\/produncan.cl\\\/en\\\/property\\\/campito-pradera-hermosa-los-muermos-lakes-region\\\/#breadcrumb\"},\"inLanguage\":\"en-US\",\"potentialAction\":[{\"@type\":\"ReadAction\",\"target\":[\"https:\\\/\\\/produncan.cl\\\/en\\\/property\\\/campito-pradera-hermosa-los-muermos-lakes-region\\\/\"]}]},{\"@type\":\"ImageObject\",\"inLanguage\":\"en-US\",\"@id\":\"https:\\\/\\\/produncan.cl\\\/en\\\/property\\\/campito-pradera-hermosa-los-muermos-lakes-region\\\/#primaryimage\",\"url\":\"https:\\\/\\\/produncan.cl\\\/wp-content\\\/uploads\\\/2021\\\/05\\\/Campito-Pradera-Hermosa-vendido.jpg\",\"contentUrl\":\"https:\\\/\\\/produncan.cl\\\/wp-content\\\/uploads\\\/2021\\\/05\\\/Campito-Pradera-Hermosa-vendido.jpg\",\"width\":600,\"height\":450},{\"@type\":\"BreadcrumbList\",\"@id\":\"https:\\\/\\\/produncan.cl\\\/en\\\/property\\\/campito-pradera-hermosa-los-muermos-lakes-region\\\/#breadcrumb\",\"itemListElement\":[{\"@type\":\"ListItem\",\"position\":1,\"name\":\"Inicio\",\"item\":\"https:\\\/\\\/produncan.cl\\\/en\\\/\"},{\"@type\":\"ListItem\",\"position\":2,\"name\":\"Properties\",\"item\":\"https:\\\/\\\/produncan.cl\\\/propiedades\\\/\"},{\"@type\":\"ListItem\",\"position\":3,\"name\":\"Fields\",\"item\":\"https:\\\/\\\/produncan.cl\\\/en\\\/property-type\\\/fields\\\/\"},{\"@type\":\"ListItem\",\"position\":4,\"name\":\"&#8220;Campito Pradera Hermosa &#8211; Los Muermos &#8211; Regi\u00f3n de Los Lagos&#8221;\"}]},{\"@type\":\"WebSite\",\"@id\":\"https:\\\/\\\/produncan.cl\\\/en\\\/#website\",\"url\":\"https:\\\/\\\/produncan.cl\\\/en\\\/\",\"name\":\"Produncan\",\"description\":\"We accompany you in your life project!\",\"publisher\":{\"@id\":\"https:\\\/\\\/produncan.cl\\\/en\\\/#organization\"},\"potentialAction\":[{\"@type\":\"SearchAction\",\"target\":{\"@type\":\"EntryPoint\",\"urlTemplate\":\"https:\\\/\\\/produncan.cl\\\/en\\\/?s={search_term_string}\"},\"query-input\":{\"@type\":\"PropertyValueSpecification\",\"valueRequired\":true,\"valueName\":\"search_term_string\"}}],\"inLanguage\":\"en-US\"},{\"@type\":\"Organization\",\"@id\":\"https:\\\/\\\/produncan.cl\\\/en\\\/#organization\",\"name\":\"Produncan\",\"url\":\"https:\\\/\\\/produncan.cl\\\/en\\\/\",\"logo\":{\"@type\":\"ImageObject\",\"inLanguage\":\"en-US\",\"@id\":\"https:\\\/\\\/produncan.cl\\\/en\\\/#\\\/schema\\\/logo\\\/image\\\/\",\"url\":\"https:\\\/\\\/produncan.cl\\\/wp-content\\\/uploads\\\/2021\\\/03\\\/LOGO.jpeg\",\"contentUrl\":\"https:\\\/\\\/produncan.cl\\\/wp-content\\\/uploads\\\/2021\\\/03\\\/LOGO.jpeg\",\"width\":1280,\"height\":903,\"caption\":\"Produncan\"},\"image\":{\"@id\":\"https:\\\/\\\/produncan.cl\\\/en\\\/#\\\/schema\\\/logo\\\/image\\\/\"},\"sameAs\":[\"https:\\\/\\\/web.facebook.com\\\/produncanland\",\"https:\\\/\\\/www.instagram.com\\\/pro_duncan\\\/\",\"https:\\\/\\\/www.linkedin.com\\\/company\\\/produncan-lands\\\/\",\"https:\\\/\\\/www.youtube.com\\\/channel\\\/UCu7N-f3x0svkazD-Eew1-QQ\"],\"description\":\"En Produncan somos especialistas en la venta de terrenos en el sur de Chile. Proveemos estancias, campos, parcelas y hoteles.\",\"email\":\"info@produncan.cl\"}]}<\/script>\n<meta property=\"og:video\" content=\"https:\/\/www.youtube.com\/embed\/qWMFtDlDd6Y\" \/>\n<meta property=\"og:video:type\" content=\"text\/html\" \/>\n<meta property=\"og:video:duration\" content=\"80\" \/>\n<meta property=\"og:video:width\" content=\"480\" \/>\n<meta property=\"og:video:height\" content=\"360\" \/>\n<meta property=\"ya:ovs:adult\" content=\"false\" \/>\n<meta property=\"ya:ovs:upload_date\" content=\"2020-05-17T01:37:43+00:00\" \/>\n<meta property=\"ya:ovs:allow_embed\" content=\"true\" \/>\n<meta property=\"product:price:currency\" content=\"USD\" \/>\n<meta property=\"og:availability\" content=\"out of stock\" \/>\n<meta property=\"product:availability\" content=\"out of stock\" \/>\n<meta property=\"product:condition\" content=\"new\" \/>\n<!-- \/ Yoast SEO Premium plugin. -->","yoast_head_json":{"title":"\"Campito Pradera Hermosa - Los Muermos - Regi\u00f3n de Los Lagos\" - Produncan","description":"\"Small field of 1 hectare with river, adjacent to road, mostly meadow, electricity, beautiful view and only 15 minutes from Los Muermos.\"","robots":{"index":"index","follow":"follow","max-snippet":"max-snippet:-1","max-image-preview":"max-image-preview:large","max-video-preview":"max-video-preview:-1"},"canonical":"https:\/\/produncan.cl\/en\/property\/campito-pradera-hermosa-los-muermos-lakes-region\/","og_locale":"en_US","og_type":"article","og_title":"\"Campito Pradera Hermosa - Los Muermos - Regi\u00f3n de Los Lagos\"","og_description":"\"Small field of 1 hectare with river, adjacent to road, mostly meadow, electricity, beautiful view and only 15 minutes from Los Muermos.\"","og_url":"https:\/\/produncan.cl\/en\/property\/campito-pradera-hermosa-los-muermos-lakes-region\/","og_site_name":"Produncan","article_publisher":"https:\/\/web.facebook.com\/produncanland","article_modified_time":"2025-08-11T16:07:14+00:00","og_image":[{"width":600,"height":450,"url":"https:\/\/produncan.cl\/wp-content\/uploads\/2021\/05\/Campito-Pradera-Hermosa-vendido.jpg","type":"image\/jpeg"}],"twitter_card":"summary_large_image","twitter_misc":{"Price":"","Availability":"Out of stock"},"schema":{"@context":"https:\/\/schema.org","@graph":[{"@type":"WebPage","@id":"https:\/\/produncan.cl\/en\/property\/campito-pradera-hermosa-los-muermos-lakes-region\/","url":"https:\/\/produncan.cl\/en\/property\/campito-pradera-hermosa-los-muermos-lakes-region\/","name":"\"Campito Pradera Hermosa - Los Muermos - Regi\u00f3n de Los Lagos\" - Produncan","isPartOf":{"@id":"https:\/\/produncan.cl\/en\/#website"},"primaryImageOfPage":{"@id":"https:\/\/produncan.cl\/en\/property\/campito-pradera-hermosa-los-muermos-lakes-region\/#primaryimage"},"image":{"@id":"https:\/\/produncan.cl\/en\/property\/campito-pradera-hermosa-los-muermos-lakes-region\/#primaryimage"},"thumbnailUrl":"https:\/\/produncan.cl\/wp-content\/uploads\/2021\/05\/Campito-Pradera-Hermosa-vendido.jpg","datePublished":"2020-05-17T01:37:43+00:00","dateModified":"2025-08-11T16:07:14+00:00","description":"\"Small field of 1 hectare with river, adjacent to road, mostly meadow, electricity, beautiful view and only 15 minutes from Los Muermos.\"","breadcrumb":{"@id":"https:\/\/produncan.cl\/en\/property\/campito-pradera-hermosa-los-muermos-lakes-region\/#breadcrumb"},"inLanguage":"en-US","potentialAction":[{"@type":"ReadAction","target":["https:\/\/produncan.cl\/en\/property\/campito-pradera-hermosa-los-muermos-lakes-region\/"]}]},{"@type":"ImageObject","inLanguage":"en-US","@id":"https:\/\/produncan.cl\/en\/property\/campito-pradera-hermosa-los-muermos-lakes-region\/#primaryimage","url":"https:\/\/produncan.cl\/wp-content\/uploads\/2021\/05\/Campito-Pradera-Hermosa-vendido.jpg","contentUrl":"https:\/\/produncan.cl\/wp-content\/uploads\/2021\/05\/Campito-Pradera-Hermosa-vendido.jpg","width":600,"height":450},{"@type":"BreadcrumbList","@id":"https:\/\/produncan.cl\/en\/property\/campito-pradera-hermosa-los-muermos-lakes-region\/#breadcrumb","itemListElement":[{"@type":"ListItem","position":1,"name":"Inicio","item":"https:\/\/produncan.cl\/en\/"},{"@type":"ListItem","position":2,"name":"Properties","item":"https:\/\/produncan.cl\/propiedades\/"},{"@type":"ListItem","position":3,"name":"Fields","item":"https:\/\/produncan.cl\/en\/property-type\/fields\/"},{"@type":"ListItem","position":4,"name":"&#8220;Campito Pradera Hermosa &#8211; Los Muermos &#8211; Regi\u00f3n de Los Lagos&#8221;"}]},{"@type":"WebSite","@id":"https:\/\/produncan.cl\/en\/#website","url":"https:\/\/produncan.cl\/en\/","name":"Produncan","description":"We accompany you in your life project!","publisher":{"@id":"https:\/\/produncan.cl\/en\/#organization"},"potentialAction":[{"@type":"SearchAction","target":{"@type":"EntryPoint","urlTemplate":"https:\/\/produncan.cl\/en\/?s={search_term_string}"},"query-input":{"@type":"PropertyValueSpecification","valueRequired":true,"valueName":"search_term_string"}}],"inLanguage":"en-US"},{"@type":"Organization","@id":"https:\/\/produncan.cl\/en\/#organization","name":"Produncan","url":"https:\/\/produncan.cl\/en\/","logo":{"@type":"ImageObject","inLanguage":"en-US","@id":"https:\/\/produncan.cl\/en\/#\/schema\/logo\/image\/","url":"https:\/\/produncan.cl\/wp-content\/uploads\/2021\/03\/LOGO.jpeg","contentUrl":"https:\/\/produncan.cl\/wp-content\/uploads\/2021\/03\/LOGO.jpeg","width":1280,"height":903,"caption":"Produncan"},"image":{"@id":"https:\/\/produncan.cl\/en\/#\/schema\/logo\/image\/"},"sameAs":["https:\/\/web.facebook.com\/produncanland","https:\/\/www.instagram.com\/pro_duncan\/","https:\/\/www.linkedin.com\/company\/produncan-lands\/","https:\/\/www.youtube.com\/channel\/UCu7N-f3x0svkazD-Eew1-QQ"],"description":"En Produncan somos especialistas en la venta de terrenos en el sur de Chile. Proveemos estancias, campos, parcelas y hoteles.","email":"info@produncan.cl"}]},"og_video":"https:\/\/www.youtube.com\/embed\/qWMFtDlDd6Y","og_video_type":"text\/html","og_video_duration":"80","og_video_width":"480","og_video_height":"360","ya_ovs_adult":"false","ya_ovs_upload_date":"2020-05-17T01:37:43+00:00","ya_ovs_allow_embed":"true","product_price_currency":"USD","og_availability":"out of stock","product_availability":"out of stock","product_condition":"new"},"_links":{"self":[{"href":"https:\/\/produncan.cl\/en\/wp-json\/wp\/v2\/product\/29951","targetHints":{"allow":["GET"]}}],"collection":[{"href":"https:\/\/produncan.cl\/en\/wp-json\/wp\/v2\/product"}],"about":[{"href":"https:\/\/produncan.cl\/en\/wp-json\/wp\/v2\/types\/product"}],"version-history":[{"count":0,"href":"https:\/\/produncan.cl\/en\/wp-json\/wp\/v2\/product\/29951\/revisions"}],"wp:featuredmedia":[{"embeddable":true,"href":"https:\/\/produncan.cl\/en\/wp-json\/wp\/v2\/media\/31531"}],"wp:attachment":[{"href":"https:\/\/produncan.cl\/en\/wp-json\/wp\/v2\/media?parent=29951"}],"wp:term":[{"taxonomy":"product_brand","embeddable":true,"href":"https:\/\/produncan.cl\/en\/wp-json\/wp\/v2\/product_brand?post=29951"},{"taxonomy":"product_cat","embeddable":true,"href":"https:\/\/produncan.cl\/en\/wp-json\/wp\/v2\/product_cat?post=29951"},{"taxonomy":"product_tag","embeddable":true,"href":"https:\/\/produncan.cl\/en\/wp-json\/wp\/v2\/product_tag?post=29951"},{"taxonomy":"regiones","embeddable":true,"href":"https:\/\/produncan.cl\/en\/wp-json\/wp\/v2\/regiones?post=29951"},{"taxonomy":"ciudades","embeddable":true,"href":"https:\/\/produncan.cl\/en\/wp-json\/wp\/v2\/ciudades?post=29951"}],"curies":[{"name":"wp","href":"https:\/\/api.w.org\/{rel}","templated":true}]}}