{"id":33601,"date":"2024-08-05T18:47:00","date_gmt":"2024-08-05T22:47:00","guid":{"rendered":"https:\/\/produncan.cl\/producto\/parcela-alto-tepu-ensenada-region-de-los-lagos\/"},"modified":"2025-12-17T14:06:57","modified_gmt":"2025-12-17T17:06:57","slug":"parcela-alto-tepu-ensenada-region-de-los-lagos","status":"publish","type":"product","link":"https:\/\/produncan.cl\/en\/property\/parcela-alto-tepu-ensenada-region-de-los-lagos\/","title":{"rendered":"Plot in Ensenada &#8211; Alto Tepu, Los Lagos Region, Chile"},"content":{"rendered":"\t\t<div data-elementor-type=\"product-post\" data-elementor-id=\"33601\" class=\"elementor elementor-33601 elementor-33438\" data-elementor-post-type=\"product\">\n\t\t\t\t<div class=\"elementor-element elementor-element-a0c90ce e-flex e-con-boxed e-con e-parent\" data-id=\"a0c90ce\" data-element_type=\"container\" data-e-type=\"container\" data-settings=\"{&quot;jet_parallax_layout_list&quot;:[]}\">\n\t\t\t\t\t<div class=\"e-con-inner\">\n\t\t\t\t<div class=\"elementor-element elementor-element-66e3f0a elementor-widget elementor-widget-heading\" data-id=\"66e3f0a\" data-element_type=\"widget\" data-e-type=\"widget\" data-widget_type=\"heading.default\">\n\t\t\t\t\t<h2 class=\"elementor-heading-title elementor-size-default\">Beautiful lot with lake and volcanoes view near Ensenada<\/h2>\t\t\t\t<\/div>\n\t\t\t\t\t<\/div>\n\t\t\t\t<\/div>\n\t\t<div class=\"elementor-element elementor-element-ee56225 e-flex e-con-boxed e-con e-parent\" data-id=\"ee56225\" data-element_type=\"container\" data-e-type=\"container\" data-settings=\"{&quot;jet_parallax_layout_list&quot;:[]}\">\n\t\t\t\t\t<div class=\"e-con-inner\">\n\t\t\t\t<div class=\"elementor-element elementor-element-9541956 elementor-widget elementor-widget-text-editor\" data-id=\"9541956\" data-element_type=\"widget\" data-e-type=\"widget\" data-widget_type=\"text-editor.default\">\n\t\t\t\t\t\t\t\t\t<p>Discover the opportunity to live in a 5000 m\u00b2 lot with a stunning panoramic view, located near Ensenada , Puerto Varas.<\/p>\n<p>With a sale price of $62,000,000, this land features a gently sloping topography, allowing you to enjoy an impressive view of the volcanoes and the lake. It is one of the best-positioned plots within the project. <\/p>\n<p>In addition, it is located within a consolidated project with several houses built, giving the security that your family deserves.<span style=\"color: var( --e-global-color-text ); font-family: var( --e-global-typography-text-font-family ), Sans-serif; font-weight: var( --e-global-typography-text-font-weight ); text-align: var(--text-align); font-size: 1rem;\">&nbsp;<\/span><\/p>\n<p>The plot in Ensenada is for sale with electricity supplied by SAESA and has water from a well in the project. Although it has no buildings, it is completely fenced, offering security and privacy. In addition, a stream runs outside the plot, adding a natural attraction to the surroundings.  <\/p>\n<p>The solar exposure is excellent, guaranteeing a bright and welcoming environment. Access to the plot is easy, with a paved road and only 2 kilometers of gravel. The nearest city is Puerto Varas, just 50 minutes away, and the airport is approximately 1 hour and 15 minutes away. In addition, there is public transportation available from the highway and good telecommunications signal.   <\/p>\n<p>In the surrounding area, you can enjoy a variety of natural attractions such as Ensenada, the Osorno Volcano, Laguna Verde, the Petrohu\u00e9, Ral\u00fan and Cocham\u00f3 waterfalls, Lake Todos los Santos, the Cascades and the charming city of Puerto Varas.<\/p>\n<p>Regarding payment methods, both mortgage credit and cash payment are accepted. There is also the possibility of promising, paying 10% down and discussing the conditions according to the form of purchase. <\/p>\n<p>This Ensenada parcel is ideal for those looking for a quiet location, with wonderful views and access to a great number of natural attractions. Don&#8217;t miss this unique investment opportunity in a privileged environment! <\/p>\n<p>For more information and to schedule a visit, contact us today!<\/p>\t\t\t\t\t\t\t\t<\/div>\n\t\t\t\t\t<\/div>\n\t\t\t\t<\/div>\n\t\t\t\t<\/div>\n\t\t","protected":false},"excerpt":{"rendered":"<p>Plot in Ensenada, with views of Lake Llanquihue and the volcano Osorno. Access mostly paved and close to Puerto Varas. Within a consolidated project, with electricity, water and pond.  <\/p>\n","protected":false},"featured_media":33441,"template":"","meta":{"_acf_changed":false},"product_brand":[],"product_cat":[110],"product_tag":[188],"regiones":[226],"ciudades":[213,219],"class_list":{"0":"post-33601","1":"product","2":"type-product","3":"status-publish","4":"has-post-thumbnail","6":"product_cat-nuble-los_lagos-en","7":"product_tag-plots","8":"regiones-nuble-los_lagos","9":"ciudades-ensenada","10":"ciudades-puerto-varas","12":"first","13":"instock","14":"shipping-taxable","15":"purchasable","16":"product-type-simple"},"acf":[],"yoast_head":"<!-- This site is optimized with the Yoast SEO Premium plugin v26.0 (Yoast SEO v27.3) - https:\/\/yoast.com\/product\/yoast-seo-premium-wordpress\/ -->\n<title>Plot in Ensenada - Alto Tepu, Los Lagos Region, Chile - Produncan<\/title>\n<meta name=\"description\" content=\"DiscoverParcelaAltoTepu, a 5,000 square meter plot of land located in Puerto Varas near Ensenada.Ensenada , in the vicinity ofPuerto Varas, with its breathtakingviews of the lake and the mountains.\" \/>\n<meta name=\"robots\" content=\"index, follow, max-snippet:-1, max-image-preview:large, max-video-preview:-1\" \/>\n<link rel=\"canonical\" href=\"https:\/\/produncan.cl\/en\/property\/parcela-alto-tepu-ensenada-region-de-los-lagos\/\" \/>\n<meta property=\"og:locale\" content=\"en_US\" \/>\n<meta property=\"og:type\" content=\"article\" \/>\n<meta property=\"og:title\" content=\"Plot in Ensenada - Alto Tepu, Los Lagos Region, Chile\" \/>\n<meta property=\"og:description\" content=\"DiscoverParcelaAltoTepu, a 5,000 square meter plot of land located in Puerto Varas near Ensenada.Ensenada , in the vicinity ofPuerto Varas, with its breathtakingviews of the lake and the mountains.\" \/>\n<meta property=\"og:url\" content=\"https:\/\/produncan.cl\/en\/property\/parcela-alto-tepu-ensenada-region-de-los-lagos\/\" \/>\n<meta property=\"og:site_name\" content=\"Produncan\" \/>\n<meta property=\"article:publisher\" content=\"https:\/\/web.facebook.com\/produncanland\" \/>\n<meta property=\"article:modified_time\" content=\"2025-12-17T17:06:57+00:00\" \/>\n<meta property=\"og:image\" content=\"https:\/\/produncan.cl\/wp-content\/uploads\/2024\/08\/Parcela-Alto-Tepu-cerca-de-Ensenada.webp\" \/>\n\t<meta property=\"og:image:width\" content=\"600\" \/>\n\t<meta property=\"og:image:height\" content=\"450\" \/>\n\t<meta property=\"og:image:type\" content=\"image\/webp\" \/>\n<meta name=\"twitter:card\" content=\"summary_large_image\" \/>\n<meta name=\"twitter:label1\" content=\"Price\" \/>\n\t<meta name=\"twitter:data1\" content=\"USD67.400,00\" \/>\n\t<meta name=\"twitter:label2\" content=\"Availability\" \/>\n\t<meta name=\"twitter:data2\" content=\"In stock\" \/>\n<script type=\"application\/ld+json\" class=\"yoast-schema-graph\">{\"@context\":\"https:\\\/\\\/schema.org\",\"@graph\":[{\"@type\":\"WebPage\",\"@id\":\"https:\\\/\\\/produncan.cl\\\/en\\\/property\\\/parcela-alto-tepu-ensenada-region-de-los-lagos\\\/\",\"url\":\"https:\\\/\\\/produncan.cl\\\/en\\\/property\\\/parcela-alto-tepu-ensenada-region-de-los-lagos\\\/\",\"name\":\"Plot in Ensenada - Alto Tepu, Los Lagos Region, Chile - Produncan\",\"isPartOf\":{\"@id\":\"https:\\\/\\\/produncan.cl\\\/en\\\/#website\"},\"primaryImageOfPage\":{\"@id\":\"https:\\\/\\\/produncan.cl\\\/en\\\/property\\\/parcela-alto-tepu-ensenada-region-de-los-lagos\\\/#primaryimage\"},\"image\":{\"@id\":\"https:\\\/\\\/produncan.cl\\\/en\\\/property\\\/parcela-alto-tepu-ensenada-region-de-los-lagos\\\/#primaryimage\"},\"thumbnailUrl\":\"https:\\\/\\\/produncan.cl\\\/wp-content\\\/uploads\\\/2024\\\/08\\\/Parcela-Alto-Tepu-cerca-de-Ensenada.webp\",\"datePublished\":\"2024-08-05T22:47:00+00:00\",\"dateModified\":\"2025-12-17T17:06:57+00:00\",\"description\":\"DiscoverParcelaAltoTepu, a 5,000 square meter plot of land located in Puerto Varas near Ensenada.Ensenada , in the vicinity ofPuerto Varas, with its breathtakingviews of the lake and the mountains.\",\"breadcrumb\":{\"@id\":\"https:\\\/\\\/produncan.cl\\\/en\\\/property\\\/parcela-alto-tepu-ensenada-region-de-los-lagos\\\/#breadcrumb\"},\"inLanguage\":\"en-US\",\"potentialAction\":[{\"@type\":\"ReadAction\",\"target\":[\"https:\\\/\\\/produncan.cl\\\/en\\\/property\\\/parcela-alto-tepu-ensenada-region-de-los-lagos\\\/\"]}]},{\"@type\":\"ImageObject\",\"inLanguage\":\"en-US\",\"@id\":\"https:\\\/\\\/produncan.cl\\\/en\\\/property\\\/parcela-alto-tepu-ensenada-region-de-los-lagos\\\/#primaryimage\",\"url\":\"https:\\\/\\\/produncan.cl\\\/wp-content\\\/uploads\\\/2024\\\/08\\\/Parcela-Alto-Tepu-cerca-de-Ensenada.webp\",\"contentUrl\":\"https:\\\/\\\/produncan.cl\\\/wp-content\\\/uploads\\\/2024\\\/08\\\/Parcela-Alto-Tepu-cerca-de-Ensenada.webp\",\"width\":600,\"height\":450,\"caption\":\"Plot Alto Tepu near Ensenada\"},{\"@type\":\"BreadcrumbList\",\"@id\":\"https:\\\/\\\/produncan.cl\\\/en\\\/property\\\/parcela-alto-tepu-ensenada-region-de-los-lagos\\\/#breadcrumb\",\"itemListElement\":[{\"@type\":\"ListItem\",\"position\":1,\"name\":\"Inicio\",\"item\":\"https:\\\/\\\/produncan.cl\\\/en\\\/\"},{\"@type\":\"ListItem\",\"position\":2,\"name\":\"Properties\",\"item\":\"https:\\\/\\\/produncan.cl\\\/propiedades\\\/\"},{\"@type\":\"ListItem\",\"position\":3,\"name\":\"plots\",\"item\":\"https:\\\/\\\/produncan.cl\\\/en\\\/property-type\\\/plots\\\/\"},{\"@type\":\"ListItem\",\"position\":4,\"name\":\"Plot in Ensenada &#8211; Alto Tepu, Los Lagos Region, Chile\"}]},{\"@type\":\"WebSite\",\"@id\":\"https:\\\/\\\/produncan.cl\\\/en\\\/#website\",\"url\":\"https:\\\/\\\/produncan.cl\\\/en\\\/\",\"name\":\"Produncan\",\"description\":\"We accompany you in your life project!\",\"publisher\":{\"@id\":\"https:\\\/\\\/produncan.cl\\\/en\\\/#organization\"},\"potentialAction\":[{\"@type\":\"SearchAction\",\"target\":{\"@type\":\"EntryPoint\",\"urlTemplate\":\"https:\\\/\\\/produncan.cl\\\/en\\\/?s={search_term_string}\"},\"query-input\":{\"@type\":\"PropertyValueSpecification\",\"valueRequired\":true,\"valueName\":\"search_term_string\"}}],\"inLanguage\":\"en-US\"},{\"@type\":\"Organization\",\"@id\":\"https:\\\/\\\/produncan.cl\\\/en\\\/#organization\",\"name\":\"Produncan\",\"url\":\"https:\\\/\\\/produncan.cl\\\/en\\\/\",\"logo\":{\"@type\":\"ImageObject\",\"inLanguage\":\"en-US\",\"@id\":\"https:\\\/\\\/produncan.cl\\\/en\\\/#\\\/schema\\\/logo\\\/image\\\/\",\"url\":\"https:\\\/\\\/produncan.cl\\\/wp-content\\\/uploads\\\/2021\\\/03\\\/LOGO.jpeg\",\"contentUrl\":\"https:\\\/\\\/produncan.cl\\\/wp-content\\\/uploads\\\/2021\\\/03\\\/LOGO.jpeg\",\"width\":1280,\"height\":903,\"caption\":\"Produncan\"},\"image\":{\"@id\":\"https:\\\/\\\/produncan.cl\\\/en\\\/#\\\/schema\\\/logo\\\/image\\\/\"},\"sameAs\":[\"https:\\\/\\\/web.facebook.com\\\/produncanland\",\"https:\\\/\\\/www.instagram.com\\\/pro_duncan\\\/\",\"https:\\\/\\\/www.linkedin.com\\\/company\\\/produncan-lands\\\/\",\"https:\\\/\\\/www.youtube.com\\\/channel\\\/UCu7N-f3x0svkazD-Eew1-QQ\"],\"description\":\"En Produncan somos especialistas en la venta de terrenos en el sur de Chile. Proveemos estancias, campos, parcelas y hoteles.\",\"email\":\"info@produncan.cl\"}]}<\/script>\n<meta property=\"og:video\" content=\"https:\/\/www.youtube.com\/embed\/nH3GMu0aY-8\" \/>\n<meta property=\"og:video:type\" content=\"text\/html\" \/>\n<meta property=\"og:video:duration\" content=\"85\" \/>\n<meta property=\"og:video:width\" content=\"480\" \/>\n<meta property=\"og:video:height\" content=\"270\" \/>\n<meta property=\"ya:ovs:adult\" content=\"false\" \/>\n<meta property=\"ya:ovs:upload_date\" content=\"2024-08-05T22:47:00+00:00\" \/>\n<meta property=\"ya:ovs:allow_embed\" content=\"true\" \/>\n<meta property=\"product:price:amount\" content=\"67400.00\" \/>\n<meta property=\"product:price:currency\" content=\"USD\" \/>\n<meta property=\"og:availability\" content=\"instock\" \/>\n<meta property=\"product:availability\" content=\"instock\" \/>\n<meta property=\"product:condition\" content=\"new\" \/>\n<!-- \/ Yoast SEO Premium plugin. -->","yoast_head_json":{"title":"Plot in Ensenada - Alto Tepu, Los Lagos Region, Chile - Produncan","description":"DiscoverParcelaAltoTepu, a 5,000 square meter plot of land located in Puerto Varas near Ensenada.Ensenada , in the vicinity ofPuerto Varas, with its breathtakingviews of the lake and the mountains.","robots":{"index":"index","follow":"follow","max-snippet":"max-snippet:-1","max-image-preview":"max-image-preview:large","max-video-preview":"max-video-preview:-1"},"canonical":"https:\/\/produncan.cl\/en\/property\/parcela-alto-tepu-ensenada-region-de-los-lagos\/","og_locale":"en_US","og_type":"article","og_title":"Plot in Ensenada - Alto Tepu, Los Lagos Region, Chile","og_description":"DiscoverParcelaAltoTepu, a 5,000 square meter plot of land located in Puerto Varas near Ensenada.Ensenada , in the vicinity ofPuerto Varas, with its breathtakingviews of the lake and the mountains.","og_url":"https:\/\/produncan.cl\/en\/property\/parcela-alto-tepu-ensenada-region-de-los-lagos\/","og_site_name":"Produncan","article_publisher":"https:\/\/web.facebook.com\/produncanland","article_modified_time":"2025-12-17T17:06:57+00:00","og_image":[{"width":600,"height":450,"url":"https:\/\/produncan.cl\/wp-content\/uploads\/2024\/08\/Parcela-Alto-Tepu-cerca-de-Ensenada.webp","type":"image\/webp"}],"twitter_card":"summary_large_image","twitter_misc":{"Price":"USD67.400,00","Availability":"In stock"},"schema":{"@context":"https:\/\/schema.org","@graph":[{"@type":"WebPage","@id":"https:\/\/produncan.cl\/en\/property\/parcela-alto-tepu-ensenada-region-de-los-lagos\/","url":"https:\/\/produncan.cl\/en\/property\/parcela-alto-tepu-ensenada-region-de-los-lagos\/","name":"Plot in Ensenada - Alto Tepu, Los Lagos Region, Chile - Produncan","isPartOf":{"@id":"https:\/\/produncan.cl\/en\/#website"},"primaryImageOfPage":{"@id":"https:\/\/produncan.cl\/en\/property\/parcela-alto-tepu-ensenada-region-de-los-lagos\/#primaryimage"},"image":{"@id":"https:\/\/produncan.cl\/en\/property\/parcela-alto-tepu-ensenada-region-de-los-lagos\/#primaryimage"},"thumbnailUrl":"https:\/\/produncan.cl\/wp-content\/uploads\/2024\/08\/Parcela-Alto-Tepu-cerca-de-Ensenada.webp","datePublished":"2024-08-05T22:47:00+00:00","dateModified":"2025-12-17T17:06:57+00:00","description":"DiscoverParcelaAltoTepu, a 5,000 square meter plot of land located in Puerto Varas near Ensenada.Ensenada , in the vicinity ofPuerto Varas, with its breathtakingviews of the lake and the mountains.","breadcrumb":{"@id":"https:\/\/produncan.cl\/en\/property\/parcela-alto-tepu-ensenada-region-de-los-lagos\/#breadcrumb"},"inLanguage":"en-US","potentialAction":[{"@type":"ReadAction","target":["https:\/\/produncan.cl\/en\/property\/parcela-alto-tepu-ensenada-region-de-los-lagos\/"]}]},{"@type":"ImageObject","inLanguage":"en-US","@id":"https:\/\/produncan.cl\/en\/property\/parcela-alto-tepu-ensenada-region-de-los-lagos\/#primaryimage","url":"https:\/\/produncan.cl\/wp-content\/uploads\/2024\/08\/Parcela-Alto-Tepu-cerca-de-Ensenada.webp","contentUrl":"https:\/\/produncan.cl\/wp-content\/uploads\/2024\/08\/Parcela-Alto-Tepu-cerca-de-Ensenada.webp","width":600,"height":450,"caption":"Plot Alto Tepu near Ensenada"},{"@type":"BreadcrumbList","@id":"https:\/\/produncan.cl\/en\/property\/parcela-alto-tepu-ensenada-region-de-los-lagos\/#breadcrumb","itemListElement":[{"@type":"ListItem","position":1,"name":"Inicio","item":"https:\/\/produncan.cl\/en\/"},{"@type":"ListItem","position":2,"name":"Properties","item":"https:\/\/produncan.cl\/propiedades\/"},{"@type":"ListItem","position":3,"name":"plots","item":"https:\/\/produncan.cl\/en\/property-type\/plots\/"},{"@type":"ListItem","position":4,"name":"Plot in Ensenada &#8211; Alto Tepu, Los Lagos Region, Chile"}]},{"@type":"WebSite","@id":"https:\/\/produncan.cl\/en\/#website","url":"https:\/\/produncan.cl\/en\/","name":"Produncan","description":"We accompany you in your life project!","publisher":{"@id":"https:\/\/produncan.cl\/en\/#organization"},"potentialAction":[{"@type":"SearchAction","target":{"@type":"EntryPoint","urlTemplate":"https:\/\/produncan.cl\/en\/?s={search_term_string}"},"query-input":{"@type":"PropertyValueSpecification","valueRequired":true,"valueName":"search_term_string"}}],"inLanguage":"en-US"},{"@type":"Organization","@id":"https:\/\/produncan.cl\/en\/#organization","name":"Produncan","url":"https:\/\/produncan.cl\/en\/","logo":{"@type":"ImageObject","inLanguage":"en-US","@id":"https:\/\/produncan.cl\/en\/#\/schema\/logo\/image\/","url":"https:\/\/produncan.cl\/wp-content\/uploads\/2021\/03\/LOGO.jpeg","contentUrl":"https:\/\/produncan.cl\/wp-content\/uploads\/2021\/03\/LOGO.jpeg","width":1280,"height":903,"caption":"Produncan"},"image":{"@id":"https:\/\/produncan.cl\/en\/#\/schema\/logo\/image\/"},"sameAs":["https:\/\/web.facebook.com\/produncanland","https:\/\/www.instagram.com\/pro_duncan\/","https:\/\/www.linkedin.com\/company\/produncan-lands\/","https:\/\/www.youtube.com\/channel\/UCu7N-f3x0svkazD-Eew1-QQ"],"description":"En Produncan somos especialistas en la venta de terrenos en el sur de Chile. Proveemos estancias, campos, parcelas y hoteles.","email":"info@produncan.cl"}]},"og_video":"https:\/\/www.youtube.com\/embed\/nH3GMu0aY-8","og_video_type":"text\/html","og_video_duration":"85","og_video_width":"480","og_video_height":"270","ya_ovs_adult":"false","ya_ovs_upload_date":"2024-08-05T22:47:00+00:00","ya_ovs_allow_embed":"true","product_price_amount":"67400.00","product_price_currency":"USD","og_availability":"instock","product_availability":"instock","product_condition":"new"},"_links":{"self":[{"href":"https:\/\/produncan.cl\/en\/wp-json\/wp\/v2\/product\/33601","targetHints":{"allow":["GET"]}}],"collection":[{"href":"https:\/\/produncan.cl\/en\/wp-json\/wp\/v2\/product"}],"about":[{"href":"https:\/\/produncan.cl\/en\/wp-json\/wp\/v2\/types\/product"}],"version-history":[{"count":2,"href":"https:\/\/produncan.cl\/en\/wp-json\/wp\/v2\/product\/33601\/revisions"}],"predecessor-version":[{"id":53354,"href":"https:\/\/produncan.cl\/en\/wp-json\/wp\/v2\/product\/33601\/revisions\/53354"}],"wp:featuredmedia":[{"embeddable":true,"href":"https:\/\/produncan.cl\/en\/wp-json\/wp\/v2\/media\/33441"}],"wp:attachment":[{"href":"https:\/\/produncan.cl\/en\/wp-json\/wp\/v2\/media?parent=33601"}],"wp:term":[{"taxonomy":"product_brand","embeddable":true,"href":"https:\/\/produncan.cl\/en\/wp-json\/wp\/v2\/product_brand?post=33601"},{"taxonomy":"product_cat","embeddable":true,"href":"https:\/\/produncan.cl\/en\/wp-json\/wp\/v2\/product_cat?post=33601"},{"taxonomy":"product_tag","embeddable":true,"href":"https:\/\/produncan.cl\/en\/wp-json\/wp\/v2\/product_tag?post=33601"},{"taxonomy":"regiones","embeddable":true,"href":"https:\/\/produncan.cl\/en\/wp-json\/wp\/v2\/regiones?post=33601"},{"taxonomy":"ciudades","embeddable":true,"href":"https:\/\/produncan.cl\/en\/wp-json\/wp\/v2\/ciudades?post=33601"}],"curies":[{"name":"wp","href":"https:\/\/api.w.org\/{rel}","templated":true}]}}