{"id":35649,"date":"2024-11-04T13:52:24","date_gmt":"2024-11-04T16:52:24","guid":{"rendered":"https:\/\/produncan.cl\/producto\/reserva-alto-rio-ibanez-region-de-aysen\/"},"modified":"2025-12-17T14:06:56","modified_gmt":"2025-12-17T17:06:56","slug":"reserva-alto-rio-ibanez-region-de-aysen","status":"publish","type":"product","link":"https:\/\/produncan.cl\/en\/property\/reserva-alto-rio-ibanez-region-de-aysen\/","title":{"rendered":"Reserva Alto R\u00edo Ibajez &#8211; Ays\u00e9n Region"},"content":{"rendered":"\t\t<div data-elementor-type=\"product-post\" data-elementor-id=\"35649\" class=\"elementor elementor-35649 elementor-35487\" data-elementor-post-type=\"product\">\n\t\t\t\t<div class=\"elementor-element elementor-element-00cb367 e-flex e-con-boxed e-con e-parent\" data-id=\"00cb367\" data-element_type=\"container\" data-e-type=\"container\" data-settings=\"{&quot;jet_parallax_layout_list&quot;:[]}\">\n\t\t\t\t\t<div class=\"e-con-inner\">\n\t\t\t\t<div class=\"elementor-element elementor-element-1fdc581 elementor-widget elementor-widget-heading\" data-id=\"1fdc581\" data-element_type=\"widget\" data-e-type=\"widget\" data-widget_type=\"heading.default\">\n\t\t\t\t\t<h2 class=\"elementor-heading-title elementor-size-default\">297 hectare field near Cerro Castillo with 3.2 kilometers of the Iba\u00f1ez River.<\/h2>\t\t\t\t<\/div>\n\t\t\t\t\t<\/div>\n\t\t\t\t<\/div>\n\t\t<div class=\"elementor-element elementor-element-25a66ff e-flex e-con-boxed e-con e-parent\" data-id=\"25a66ff\" data-element_type=\"container\" data-e-type=\"container\" data-settings=\"{&quot;jet_parallax_layout_list&quot;:[]}\">\n\t\t\t\t\t<div class=\"e-con-inner\">\n\t\t\t\t<div class=\"elementor-element elementor-element-d5475a6 elementor-widget elementor-widget-text-editor\" data-id=\"d5475a6\" data-element_type=\"widget\" data-e-type=\"widget\" data-widget_type=\"text-editor.default\">\n\t\t\t\t\t\t\t\t\t<p>Get 297 hectares of land in the commune of R\u00edo Ib\u00e1\u00f1ez, Ays\u00e9n Region. This field in Ays\u00e9n, on the banks of the Ib\u00e1\u00f1ez and Desparramado rivers, has 4.6 kilometers of natural riverbank that bring you closer to an ecosystem of high ecological value. <\/p>\n<p>With its flat topography and gentle slopes, offers humic soils rich in organic matter, perfect for conservation projects.<\/p>\n<p>Surrounded by mature native forest &#8211; with species such as lenga, \u00f1ire, and coihue de Magallanes &#8211; and home to emblematic fauna such as the huemul, the puma, and the Andean condor, and the Andean condor, this property is ideal for those looking for an authentic ecotourism experience or a unique ecotourism experience or a unique retreat in contact with nature.<\/p>\n<p>Located only 45 minutes from Villa Cerro Castillo and 2 hours from Balmaceda airport, It is accessed from the Carretera Austral through a public road of 11,4 kilometers of gravel in good condition.<\/p>\n<p>The proximity to the Cerro Castillo National Park and bordering the Iba\u00f1ez River, important turquoise-colored water flowing from millenary glaciers, amplifies the landscape and conservation value of the land, ensuring a profitable and sustainable investment, amplifies the landscape and conservation value of the land, ensuring a profitable and sustainable investment.<\/p>\n<p>Contact us and take advantage of this opportunity to own an exclusive corner in the south of Chile!<\/p>\t\t\t\t\t\t\t\t<\/div>\n\t\t\t\t\t<\/div>\n\t\t\t\t<\/div>\n\t\t\t\t<\/div>\n\t\t","protected":false},"excerpt":{"rendered":"<p>Reserva with 3.2 km of R\u00edo Ib\u00e1\u00f1ez nearby to Parque Nacional Cerro Castillo, Ays\u00e9n. With access via a public road, ideal for ecotourism or conservation and 2 hours from the airport. <\/p>\n","protected":false},"featured_media":35490,"template":"","meta":{"_acf_changed":false},"product_brand":[],"product_cat":[119],"product_tag":[187,190],"regiones":[225],"ciudades":[209],"class_list":{"0":"post-35649","1":"product","2":"type-product","3":"status-publish","4":"has-post-thumbnail","6":"product_cat-aysen-magallanes-en","7":"product_tag-fields","8":"product_tag-fields-for-conservation","9":"regiones-aysen-magallanes","10":"ciudades-coyhaique","12":"first","13":"instock","14":"shipping-taxable","15":"purchasable","16":"product-type-simple"},"acf":[],"yoast_head":"<!-- This site is optimized with the Yoast SEO Premium plugin v26.0 (Yoast SEO v27.3) - https:\/\/yoast.com\/product\/yoast-seo-premium-wordpress\/ -->\n<title>Reserva Alto R\u00edo Ibajez - Ays\u00e9n Region - Produncan<\/title>\n<meta name=\"description\" content=\"Reserve of 297 hectares with 3,2kms from R\u00edo Ib\u00e1\u00f1ez near Cerro Castillo National Park, Ays\u00e9n. Ideal for ecotourism or conservation.\" \/>\n<meta name=\"robots\" content=\"index, follow, max-snippet:-1, max-image-preview:large, max-video-preview:-1\" \/>\n<link rel=\"canonical\" href=\"https:\/\/produncan.cl\/en\/property\/reserva-alto-rio-ibanez-region-de-aysen\/\" \/>\n<meta property=\"og:locale\" content=\"en_US\" \/>\n<meta property=\"og:type\" content=\"article\" \/>\n<meta property=\"og:title\" content=\"Reserva Alto R\u00edo Ibajez - Ays\u00e9n Region\" \/>\n<meta property=\"og:description\" content=\"Reserve of 297 hectares with 3,2kms from R\u00edo Ib\u00e1\u00f1ez near Cerro Castillo National Park, Ays\u00e9n. Ideal for ecotourism or conservation.\" \/>\n<meta property=\"og:url\" content=\"https:\/\/produncan.cl\/en\/property\/reserva-alto-rio-ibanez-region-de-aysen\/\" \/>\n<meta property=\"og:site_name\" content=\"Produncan\" \/>\n<meta property=\"article:publisher\" content=\"https:\/\/web.facebook.com\/produncanland\" \/>\n<meta property=\"article:modified_time\" content=\"2025-12-17T17:06:56+00:00\" \/>\n<meta property=\"og:image\" content=\"https:\/\/produncan.cl\/wp-content\/uploads\/2024\/11\/Reserva-Alto-Rio-Ibanez.webp\" \/>\n<meta name=\"twitter:card\" content=\"summary_large_image\" \/>\n<meta name=\"twitter:label1\" content=\"Price\" \/>\n\t<meta name=\"twitter:data1\" content=\"USD749.400,00\" \/>\n\t<meta name=\"twitter:label2\" content=\"Availability\" \/>\n\t<meta name=\"twitter:data2\" content=\"In stock\" \/>\n<script type=\"application\/ld+json\" class=\"yoast-schema-graph\">{\"@context\":\"https:\\\/\\\/schema.org\",\"@graph\":[{\"@type\":\"WebPage\",\"@id\":\"https:\\\/\\\/produncan.cl\\\/en\\\/property\\\/reserva-alto-rio-ibanez-region-de-aysen\\\/\",\"url\":\"https:\\\/\\\/produncan.cl\\\/en\\\/property\\\/reserva-alto-rio-ibanez-region-de-aysen\\\/\",\"name\":\"Reserva Alto R\u00edo Ibajez - Ays\u00e9n Region - Produncan\",\"isPartOf\":{\"@id\":\"https:\\\/\\\/produncan.cl\\\/en\\\/#website\"},\"primaryImageOfPage\":{\"@id\":\"https:\\\/\\\/produncan.cl\\\/en\\\/property\\\/reserva-alto-rio-ibanez-region-de-aysen\\\/#primaryimage\"},\"image\":{\"@id\":\"https:\\\/\\\/produncan.cl\\\/en\\\/property\\\/reserva-alto-rio-ibanez-region-de-aysen\\\/#primaryimage\"},\"thumbnailUrl\":\"https:\\\/\\\/produncan.cl\\\/wp-content\\\/uploads\\\/2024\\\/11\\\/Reserva-Alto-Rio-Ibanez.webp\",\"datePublished\":\"2024-11-04T16:52:24+00:00\",\"dateModified\":\"2025-12-17T17:06:56+00:00\",\"description\":\"Reserve of 297 hectares with 3,2kms from R\u00edo Ib\u00e1\u00f1ez near Cerro Castillo National Park, Ays\u00e9n. Ideal for ecotourism or conservation.\",\"breadcrumb\":{\"@id\":\"https:\\\/\\\/produncan.cl\\\/en\\\/property\\\/reserva-alto-rio-ibanez-region-de-aysen\\\/#breadcrumb\"},\"inLanguage\":\"en-US\",\"potentialAction\":[{\"@type\":\"ReadAction\",\"target\":[\"https:\\\/\\\/produncan.cl\\\/en\\\/property\\\/reserva-alto-rio-ibanez-region-de-aysen\\\/\"]}]},{\"@type\":\"ImageObject\",\"inLanguage\":\"en-US\",\"@id\":\"https:\\\/\\\/produncan.cl\\\/en\\\/property\\\/reserva-alto-rio-ibanez-region-de-aysen\\\/#primaryimage\",\"url\":\"https:\\\/\\\/produncan.cl\\\/wp-content\\\/uploads\\\/2024\\\/11\\\/Reserva-Alto-Rio-Ibanez.webp\",\"contentUrl\":\"https:\\\/\\\/produncan.cl\\\/wp-content\\\/uploads\\\/2024\\\/11\\\/Reserva-Alto-Rio-Ibanez.webp\",\"width\":600,\"height\":450,\"caption\":\"Reserva Alto R\u00edo Ibajez\"},{\"@type\":\"BreadcrumbList\",\"@id\":\"https:\\\/\\\/produncan.cl\\\/en\\\/property\\\/reserva-alto-rio-ibanez-region-de-aysen\\\/#breadcrumb\",\"itemListElement\":[{\"@type\":\"ListItem\",\"position\":1,\"name\":\"Inicio\",\"item\":\"https:\\\/\\\/produncan.cl\\\/en\\\/\"},{\"@type\":\"ListItem\",\"position\":2,\"name\":\"Properties\",\"item\":\"https:\\\/\\\/produncan.cl\\\/propiedades\\\/\"},{\"@type\":\"ListItem\",\"position\":3,\"name\":\"Fields\",\"item\":\"https:\\\/\\\/produncan.cl\\\/en\\\/property-type\\\/fields\\\/\"},{\"@type\":\"ListItem\",\"position\":4,\"name\":\"Reserva Alto R\u00edo Ibajez &#8211; Ays\u00e9n Region\"}]},{\"@type\":\"WebSite\",\"@id\":\"https:\\\/\\\/produncan.cl\\\/en\\\/#website\",\"url\":\"https:\\\/\\\/produncan.cl\\\/en\\\/\",\"name\":\"Produncan\",\"description\":\"We accompany you in your life project!\",\"publisher\":{\"@id\":\"https:\\\/\\\/produncan.cl\\\/en\\\/#organization\"},\"potentialAction\":[{\"@type\":\"SearchAction\",\"target\":{\"@type\":\"EntryPoint\",\"urlTemplate\":\"https:\\\/\\\/produncan.cl\\\/en\\\/?s={search_term_string}\"},\"query-input\":{\"@type\":\"PropertyValueSpecification\",\"valueRequired\":true,\"valueName\":\"search_term_string\"}}],\"inLanguage\":\"en-US\"},{\"@type\":\"Organization\",\"@id\":\"https:\\\/\\\/produncan.cl\\\/en\\\/#organization\",\"name\":\"Produncan\",\"url\":\"https:\\\/\\\/produncan.cl\\\/en\\\/\",\"logo\":{\"@type\":\"ImageObject\",\"inLanguage\":\"en-US\",\"@id\":\"https:\\\/\\\/produncan.cl\\\/en\\\/#\\\/schema\\\/logo\\\/image\\\/\",\"url\":\"https:\\\/\\\/produncan.cl\\\/wp-content\\\/uploads\\\/2021\\\/03\\\/LOGO.jpeg\",\"contentUrl\":\"https:\\\/\\\/produncan.cl\\\/wp-content\\\/uploads\\\/2021\\\/03\\\/LOGO.jpeg\",\"width\":1280,\"height\":903,\"caption\":\"Produncan\"},\"image\":{\"@id\":\"https:\\\/\\\/produncan.cl\\\/en\\\/#\\\/schema\\\/logo\\\/image\\\/\"},\"sameAs\":[\"https:\\\/\\\/web.facebook.com\\\/produncanland\",\"https:\\\/\\\/www.instagram.com\\\/pro_duncan\\\/\",\"https:\\\/\\\/www.linkedin.com\\\/company\\\/produncan-lands\\\/\",\"https:\\\/\\\/www.youtube.com\\\/channel\\\/UCu7N-f3x0svkazD-Eew1-QQ\"],\"description\":\"En Produncan somos especialistas en la venta de terrenos en el sur de Chile. Proveemos estancias, campos, parcelas y hoteles.\",\"email\":\"info@produncan.cl\"}]}<\/script>\n<meta property=\"og:video\" content=\"https:\/\/www.youtube.com\/embed\/V5otioOWD_M\" \/>\n<meta property=\"og:video:type\" content=\"text\/html\" \/>\n<meta property=\"og:video:duration\" content=\"79\" \/>\n<meta property=\"og:video:width\" content=\"480\" \/>\n<meta property=\"og:video:height\" content=\"270\" \/>\n<meta property=\"ya:ovs:adult\" content=\"false\" \/>\n<meta property=\"ya:ovs:upload_date\" content=\"2024-11-04T16:52:24+00:00\" \/>\n<meta property=\"ya:ovs:allow_embed\" content=\"true\" \/>\n<meta property=\"product:price:amount\" content=\"749400.00\" \/>\n<meta property=\"product:price:currency\" content=\"USD\" \/>\n<meta property=\"og:availability\" content=\"instock\" \/>\n<meta property=\"product:availability\" content=\"instock\" \/>\n<meta property=\"product:condition\" content=\"new\" \/>\n<!-- \/ Yoast SEO Premium plugin. -->","yoast_head_json":{"title":"Reserva Alto R\u00edo Ibajez - Ays\u00e9n Region - Produncan","description":"Reserve of 297 hectares with 3,2kms from R\u00edo Ib\u00e1\u00f1ez near Cerro Castillo National Park, Ays\u00e9n. Ideal for ecotourism or conservation.","robots":{"index":"index","follow":"follow","max-snippet":"max-snippet:-1","max-image-preview":"max-image-preview:large","max-video-preview":"max-video-preview:-1"},"canonical":"https:\/\/produncan.cl\/en\/property\/reserva-alto-rio-ibanez-region-de-aysen\/","og_locale":"en_US","og_type":"article","og_title":"Reserva Alto R\u00edo Ibajez - Ays\u00e9n Region","og_description":"Reserve of 297 hectares with 3,2kms from R\u00edo Ib\u00e1\u00f1ez near Cerro Castillo National Park, Ays\u00e9n. Ideal for ecotourism or conservation.","og_url":"https:\/\/produncan.cl\/en\/property\/reserva-alto-rio-ibanez-region-de-aysen\/","og_site_name":"Produncan","article_publisher":"https:\/\/web.facebook.com\/produncanland","article_modified_time":"2025-12-17T17:06:56+00:00","og_image":[{"url":"https:\/\/produncan.cl\/wp-content\/uploads\/2024\/11\/Reserva-Alto-Rio-Ibanez.webp","type":"","width":"","height":""}],"twitter_card":"summary_large_image","twitter_misc":{"Price":"USD749.400,00","Availability":"In stock"},"schema":{"@context":"https:\/\/schema.org","@graph":[{"@type":"WebPage","@id":"https:\/\/produncan.cl\/en\/property\/reserva-alto-rio-ibanez-region-de-aysen\/","url":"https:\/\/produncan.cl\/en\/property\/reserva-alto-rio-ibanez-region-de-aysen\/","name":"Reserva Alto R\u00edo Ibajez - Ays\u00e9n Region - Produncan","isPartOf":{"@id":"https:\/\/produncan.cl\/en\/#website"},"primaryImageOfPage":{"@id":"https:\/\/produncan.cl\/en\/property\/reserva-alto-rio-ibanez-region-de-aysen\/#primaryimage"},"image":{"@id":"https:\/\/produncan.cl\/en\/property\/reserva-alto-rio-ibanez-region-de-aysen\/#primaryimage"},"thumbnailUrl":"https:\/\/produncan.cl\/wp-content\/uploads\/2024\/11\/Reserva-Alto-Rio-Ibanez.webp","datePublished":"2024-11-04T16:52:24+00:00","dateModified":"2025-12-17T17:06:56+00:00","description":"Reserve of 297 hectares with 3,2kms from R\u00edo Ib\u00e1\u00f1ez near Cerro Castillo National Park, Ays\u00e9n. Ideal for ecotourism or conservation.","breadcrumb":{"@id":"https:\/\/produncan.cl\/en\/property\/reserva-alto-rio-ibanez-region-de-aysen\/#breadcrumb"},"inLanguage":"en-US","potentialAction":[{"@type":"ReadAction","target":["https:\/\/produncan.cl\/en\/property\/reserva-alto-rio-ibanez-region-de-aysen\/"]}]},{"@type":"ImageObject","inLanguage":"en-US","@id":"https:\/\/produncan.cl\/en\/property\/reserva-alto-rio-ibanez-region-de-aysen\/#primaryimage","url":"https:\/\/produncan.cl\/wp-content\/uploads\/2024\/11\/Reserva-Alto-Rio-Ibanez.webp","contentUrl":"https:\/\/produncan.cl\/wp-content\/uploads\/2024\/11\/Reserva-Alto-Rio-Ibanez.webp","width":600,"height":450,"caption":"Reserva Alto R\u00edo Ibajez"},{"@type":"BreadcrumbList","@id":"https:\/\/produncan.cl\/en\/property\/reserva-alto-rio-ibanez-region-de-aysen\/#breadcrumb","itemListElement":[{"@type":"ListItem","position":1,"name":"Inicio","item":"https:\/\/produncan.cl\/en\/"},{"@type":"ListItem","position":2,"name":"Properties","item":"https:\/\/produncan.cl\/propiedades\/"},{"@type":"ListItem","position":3,"name":"Fields","item":"https:\/\/produncan.cl\/en\/property-type\/fields\/"},{"@type":"ListItem","position":4,"name":"Reserva Alto R\u00edo Ibajez &#8211; Ays\u00e9n Region"}]},{"@type":"WebSite","@id":"https:\/\/produncan.cl\/en\/#website","url":"https:\/\/produncan.cl\/en\/","name":"Produncan","description":"We accompany you in your life project!","publisher":{"@id":"https:\/\/produncan.cl\/en\/#organization"},"potentialAction":[{"@type":"SearchAction","target":{"@type":"EntryPoint","urlTemplate":"https:\/\/produncan.cl\/en\/?s={search_term_string}"},"query-input":{"@type":"PropertyValueSpecification","valueRequired":true,"valueName":"search_term_string"}}],"inLanguage":"en-US"},{"@type":"Organization","@id":"https:\/\/produncan.cl\/en\/#organization","name":"Produncan","url":"https:\/\/produncan.cl\/en\/","logo":{"@type":"ImageObject","inLanguage":"en-US","@id":"https:\/\/produncan.cl\/en\/#\/schema\/logo\/image\/","url":"https:\/\/produncan.cl\/wp-content\/uploads\/2021\/03\/LOGO.jpeg","contentUrl":"https:\/\/produncan.cl\/wp-content\/uploads\/2021\/03\/LOGO.jpeg","width":1280,"height":903,"caption":"Produncan"},"image":{"@id":"https:\/\/produncan.cl\/en\/#\/schema\/logo\/image\/"},"sameAs":["https:\/\/web.facebook.com\/produncanland","https:\/\/www.instagram.com\/pro_duncan\/","https:\/\/www.linkedin.com\/company\/produncan-lands\/","https:\/\/www.youtube.com\/channel\/UCu7N-f3x0svkazD-Eew1-QQ"],"description":"En Produncan somos especialistas en la venta de terrenos en el sur de Chile. Proveemos estancias, campos, parcelas y hoteles.","email":"info@produncan.cl"}]},"og_video":"https:\/\/www.youtube.com\/embed\/V5otioOWD_M","og_video_type":"text\/html","og_video_duration":"79","og_video_width":"480","og_video_height":"270","ya_ovs_adult":"false","ya_ovs_upload_date":"2024-11-04T16:52:24+00:00","ya_ovs_allow_embed":"true","product_price_amount":"749400.00","product_price_currency":"USD","og_availability":"instock","product_availability":"instock","product_condition":"new"},"_links":{"self":[{"href":"https:\/\/produncan.cl\/en\/wp-json\/wp\/v2\/product\/35649","targetHints":{"allow":["GET"]}}],"collection":[{"href":"https:\/\/produncan.cl\/en\/wp-json\/wp\/v2\/product"}],"about":[{"href":"https:\/\/produncan.cl\/en\/wp-json\/wp\/v2\/types\/product"}],"version-history":[{"count":2,"href":"https:\/\/produncan.cl\/en\/wp-json\/wp\/v2\/product\/35649\/revisions"}],"predecessor-version":[{"id":53318,"href":"https:\/\/produncan.cl\/en\/wp-json\/wp\/v2\/product\/35649\/revisions\/53318"}],"wp:featuredmedia":[{"embeddable":true,"href":"https:\/\/produncan.cl\/en\/wp-json\/wp\/v2\/media\/35490"}],"wp:attachment":[{"href":"https:\/\/produncan.cl\/en\/wp-json\/wp\/v2\/media?parent=35649"}],"wp:term":[{"taxonomy":"product_brand","embeddable":true,"href":"https:\/\/produncan.cl\/en\/wp-json\/wp\/v2\/product_brand?post=35649"},{"taxonomy":"product_cat","embeddable":true,"href":"https:\/\/produncan.cl\/en\/wp-json\/wp\/v2\/product_cat?post=35649"},{"taxonomy":"product_tag","embeddable":true,"href":"https:\/\/produncan.cl\/en\/wp-json\/wp\/v2\/product_tag?post=35649"},{"taxonomy":"regiones","embeddable":true,"href":"https:\/\/produncan.cl\/en\/wp-json\/wp\/v2\/regiones?post=35649"},{"taxonomy":"ciudades","embeddable":true,"href":"https:\/\/produncan.cl\/en\/wp-json\/wp\/v2\/ciudades?post=35649"}],"curies":[{"name":"wp","href":"https:\/\/api.w.org\/{rel}","templated":true}]}}