{"id":36031,"date":"2024-11-13T10:49:47","date_gmt":"2024-11-13T13:49:47","guid":{"rendered":"https:\/\/produncan.cl\/producto\/subdivided-field-temuco-araucania-region\/"},"modified":"2025-11-24T13:52:51","modified_gmt":"2025-11-24T16:52:51","slug":"subdivided-field-temuco-araucania-region","status":"publish","type":"product","link":"https:\/\/produncan.cl\/en\/property\/subdivided-field-temuco-araucania-region\/","title":{"rendered":"Subdivided Field in Temuco &#8211; Araucania Region"},"content":{"rendered":"\t\t<div data-elementor-type=\"product-post\" data-elementor-id=\"36031\" class=\"elementor elementor-36031 elementor-35858\" data-elementor-post-type=\"product\">\n\t\t\t\t<div class=\"elementor-element elementor-element-bbc0d56 e-flex e-con-boxed e-con e-parent\" data-id=\"bbc0d56\" data-element_type=\"container\" data-e-type=\"container\" data-settings=\"{&quot;jet_parallax_layout_list&quot;:[]}\">\n\t\t\t\t\t<div class=\"e-con-inner\">\n\t\t\t\t<div class=\"elementor-element elementor-element-5dc9f39 elementor-widget elementor-widget-heading\" data-id=\"5dc9f39\" data-element_type=\"widget\" data-e-type=\"widget\" data-widget_type=\"heading.default\">\n\t\t\t\t\t<h2 class=\"elementor-heading-title elementor-size-default\">Develop your project in a field subdivided into 135 lots of 5000m\u00b2 at 10 minutes from Temuco!<\/h2>\t\t\t\t<\/div>\n\t\t\t\t\t<\/div>\n\t\t\t\t<\/div>\n\t\t<div class=\"elementor-element elementor-element-98fe3ff e-flex e-con-boxed e-con e-parent\" data-id=\"98fe3ff\" data-element_type=\"container\" data-e-type=\"container\" data-settings=\"{&quot;jet_parallax_layout_list&quot;:[]}\">\n\t\t\t\t\t<div class=\"e-con-inner\">\n\t\t\t\t<div class=\"elementor-element elementor-element-c283d0c elementor-widget elementor-widget-text-editor\" data-id=\"c283d0c\" data-element_type=\"widget\" data-e-type=\"widget\" data-widget_type=\"text-editor.default\">\n\t\t\t\t\t\t\t\t\t<p>This is a unique opportunity to acquire a 93 hectare property subdivided into 135 lots approved by the SAG, with SII roles, direct access by paved road just 10 minutes from Temuco and 40 minutes from the airport.<\/p><p>This property offers excellent conditions and a competitive sale price of UF36,760, equivalent to approximately CLP$10,600,000 per 5000m\u00b2 lot. Here are the main characteristics that make this property an ideal opportunity: <\/p><p>1) Land with approved subdivision: With 135 lots of 5,000 m\u00b2 each and subdivision registered and approved by SAG, this property is perfect for those looking for a residential development. Each lot has its own role. <\/p><p>2) Accessibility and Connectivity: Located next to the highway with public transportation nearby and excellent telecommunications signal, this land offers the convenience of proximity to Temuco and its airport, and its airport, together with a privileged rural environment.<\/p><p>3) Basic Services and Natural Resources: The land has three-phase electricity, provided by SAESA, and deep well water (not registered). It also includes a caretaker&#8217;s house of 12&#215;6 meters, water tank and a perimeter fence with metal gate at the access. <\/p><p>4) Natural Attraction and Protected Areas: With an area of 13.51 hectares of protected areas and a variety of native trees (including Ma\u00f1\u00edo, Roble, Array\u00e1n, and Ulmo), the property guarantees a natural environment in harmony with nature. In addition, it has a 600-meter stream that does not dry out in summer, increasing the landscape value. <\/p><p>5) Expansion Facility: There is the possibility of acquiring an adjoining property of 85,18 unsubdivided hectares at a price of UF 26.000, which allows for a significant expansion of the project.<\/p><p>6) Excellent sun exposure and soil quality: With gently rolling topography and well-drained soil, this land is optimal for residential development.<\/p><p>7) Interior Road and Access: It has 4.32 kilometers of internal roads, graveled and with a width of 6 meters, providing easy access to all areas of the land.<\/p><p>In the sector, plots of land sell for $35,000.000, therefore, this subdivided property not only represents an investment in a land with excellent an investment in a land with excellent location and natural conditions, but the possibility of making a profitable residential development in a city of high growth.<\/p><p>Take advantage of this opportunity to be part of Temuco &#8216; s growth! <\/p>\t\t\t\t\t\t\t\t<\/div>\n\t\t\t\t\t<\/div>\n\t\t\t\t<\/div>\n\t\t\t\t<\/div>\n\t\t","protected":false},"excerpt":{"rendered":"<p>Land subdivided into 135 lots of 5,000 m\u00b2, SII roles, direct access via paved road, three-phase power, internal roads, and 10 minutes from Temuco. Feasibility of DGA water rights. Possibility of expanding 85 hectares.  <\/p>\n","protected":false},"featured_media":35861,"template":"","meta":{"_acf_changed":false},"product_brand":[],"product_cat":[110],"product_tag":[187],"regiones":[226],"ciudades":[424],"class_list":{"0":"post-36031","1":"product","2":"type-product","3":"status-publish","4":"has-post-thumbnail","6":"product_cat-nuble-los_lagos-en","7":"product_tag-fields","8":"regiones-nuble-los_lagos","9":"ciudades-temuco","11":"first","12":"instock","13":"shipping-taxable","14":"purchasable","15":"product-type-simple"},"acf":[],"yoast_head":"<!-- This site is optimized with the Yoast SEO Premium plugin v26.0 (Yoast SEO v27.4) - https:\/\/yoast.com\/product\/yoast-seo-premium-wordpress\/ -->\n<title>Subdivided Field in Temuco - Araucania Region - Produncan<\/title>\n<meta name=\"description\" content=\"Farm in Temuco of 93 hectares subdivided into 135 lots approved by SAG, with direct access by paved road and 10 minutes from the city.\" \/>\n<meta name=\"robots\" content=\"index, follow, max-snippet:-1, max-image-preview:large, max-video-preview:-1\" \/>\n<link rel=\"canonical\" href=\"https:\/\/produncan.cl\/en\/property\/subdivided-field-temuco-araucania-region\/\" \/>\n<meta property=\"og:locale\" content=\"en_US\" \/>\n<meta property=\"og:type\" content=\"article\" \/>\n<meta property=\"og:title\" content=\"Subdivided Field in Temuco - Araucania Region\" \/>\n<meta property=\"og:description\" content=\"Farm in Temuco of 93 hectares subdivided into 135 lots approved by SAG, with direct access by paved road and 10 minutes from the city.\" \/>\n<meta property=\"og:url\" content=\"https:\/\/produncan.cl\/en\/property\/subdivided-field-temuco-araucania-region\/\" \/>\n<meta property=\"og:site_name\" content=\"Produncan\" \/>\n<meta property=\"article:publisher\" content=\"https:\/\/web.facebook.com\/produncanland\" \/>\n<meta property=\"article:modified_time\" content=\"2025-11-24T16:52:51+00:00\" \/>\n<meta property=\"og:image\" content=\"https:\/\/produncan.cl\/wp-content\/uploads\/2024\/11\/Campo-Subdividido-Temuco.webp\" \/>\n<meta name=\"twitter:card\" content=\"summary_large_image\" \/>\n<meta name=\"twitter:label1\" content=\"Price\" \/>\n\t<meta name=\"twitter:data1\" content=\"USD1.617.000,00\" \/>\n\t<meta name=\"twitter:label2\" content=\"Availability\" \/>\n\t<meta name=\"twitter:data2\" content=\"In stock\" \/>\n<script type=\"application\/ld+json\" class=\"yoast-schema-graph\">{\"@context\":\"https:\\\/\\\/schema.org\",\"@graph\":[{\"@type\":\"WebPage\",\"@id\":\"https:\\\/\\\/produncan.cl\\\/en\\\/property\\\/subdivided-field-temuco-araucania-region\\\/\",\"url\":\"https:\\\/\\\/produncan.cl\\\/en\\\/property\\\/subdivided-field-temuco-araucania-region\\\/\",\"name\":\"Subdivided Field in Temuco - Araucania Region - Produncan\",\"isPartOf\":{\"@id\":\"https:\\\/\\\/produncan.cl\\\/en\\\/#website\"},\"primaryImageOfPage\":{\"@id\":\"https:\\\/\\\/produncan.cl\\\/en\\\/property\\\/subdivided-field-temuco-araucania-region\\\/#primaryimage\"},\"image\":{\"@id\":\"https:\\\/\\\/produncan.cl\\\/en\\\/property\\\/subdivided-field-temuco-araucania-region\\\/#primaryimage\"},\"thumbnailUrl\":\"https:\\\/\\\/produncan.cl\\\/wp-content\\\/uploads\\\/2024\\\/11\\\/Campo-Subdividido-Temuco.webp\",\"datePublished\":\"2024-11-13T13:49:47+00:00\",\"dateModified\":\"2025-11-24T16:52:51+00:00\",\"description\":\"Farm in Temuco of 93 hectares subdivided into 135 lots approved by SAG, with direct access by paved road and 10 minutes from the city.\",\"breadcrumb\":{\"@id\":\"https:\\\/\\\/produncan.cl\\\/en\\\/property\\\/subdivided-field-temuco-araucania-region\\\/#breadcrumb\"},\"inLanguage\":\"en-US\",\"potentialAction\":[{\"@type\":\"ReadAction\",\"target\":[\"https:\\\/\\\/produncan.cl\\\/en\\\/property\\\/subdivided-field-temuco-araucania-region\\\/\"]}]},{\"@type\":\"ImageObject\",\"inLanguage\":\"en-US\",\"@id\":\"https:\\\/\\\/produncan.cl\\\/en\\\/property\\\/subdivided-field-temuco-araucania-region\\\/#primaryimage\",\"url\":\"https:\\\/\\\/produncan.cl\\\/wp-content\\\/uploads\\\/2024\\\/11\\\/Campo-Subdividido-Temuco.webp\",\"contentUrl\":\"https:\\\/\\\/produncan.cl\\\/wp-content\\\/uploads\\\/2024\\\/11\\\/Campo-Subdividido-Temuco.webp\",\"width\":600,\"height\":450,\"caption\":\"Subdivided field Temuco\"},{\"@type\":\"BreadcrumbList\",\"@id\":\"https:\\\/\\\/produncan.cl\\\/en\\\/property\\\/subdivided-field-temuco-araucania-region\\\/#breadcrumb\",\"itemListElement\":[{\"@type\":\"ListItem\",\"position\":1,\"name\":\"Inicio\",\"item\":\"https:\\\/\\\/produncan.cl\\\/en\\\/\"},{\"@type\":\"ListItem\",\"position\":2,\"name\":\"Properties\",\"item\":\"https:\\\/\\\/produncan.cl\\\/propiedades\\\/\"},{\"@type\":\"ListItem\",\"position\":3,\"name\":\"Fields\",\"item\":\"https:\\\/\\\/produncan.cl\\\/en\\\/property-type\\\/fields\\\/\"},{\"@type\":\"ListItem\",\"position\":4,\"name\":\"Subdivided Field in Temuco &#8211; Araucania Region\"}]},{\"@type\":\"WebSite\",\"@id\":\"https:\\\/\\\/produncan.cl\\\/en\\\/#website\",\"url\":\"https:\\\/\\\/produncan.cl\\\/en\\\/\",\"name\":\"Produncan\",\"description\":\"We accompany you in your life project!\",\"publisher\":{\"@id\":\"https:\\\/\\\/produncan.cl\\\/en\\\/#organization\"},\"potentialAction\":[{\"@type\":\"SearchAction\",\"target\":{\"@type\":\"EntryPoint\",\"urlTemplate\":\"https:\\\/\\\/produncan.cl\\\/en\\\/?s={search_term_string}\"},\"query-input\":{\"@type\":\"PropertyValueSpecification\",\"valueRequired\":true,\"valueName\":\"search_term_string\"}}],\"inLanguage\":\"en-US\"},{\"@type\":\"Organization\",\"@id\":\"https:\\\/\\\/produncan.cl\\\/en\\\/#organization\",\"name\":\"Produncan\",\"url\":\"https:\\\/\\\/produncan.cl\\\/en\\\/\",\"logo\":{\"@type\":\"ImageObject\",\"inLanguage\":\"en-US\",\"@id\":\"https:\\\/\\\/produncan.cl\\\/en\\\/#\\\/schema\\\/logo\\\/image\\\/\",\"url\":\"https:\\\/\\\/produncan.cl\\\/wp-content\\\/uploads\\\/2021\\\/03\\\/LOGO.jpeg\",\"contentUrl\":\"https:\\\/\\\/produncan.cl\\\/wp-content\\\/uploads\\\/2021\\\/03\\\/LOGO.jpeg\",\"width\":1280,\"height\":903,\"caption\":\"Produncan\"},\"image\":{\"@id\":\"https:\\\/\\\/produncan.cl\\\/en\\\/#\\\/schema\\\/logo\\\/image\\\/\"},\"sameAs\":[\"https:\\\/\\\/web.facebook.com\\\/produncanland\",\"https:\\\/\\\/www.instagram.com\\\/pro_duncan\\\/\",\"https:\\\/\\\/www.linkedin.com\\\/company\\\/produncan-lands\\\/\",\"https:\\\/\\\/www.youtube.com\\\/channel\\\/UCu7N-f3x0svkazD-Eew1-QQ\"],\"description\":\"En Produncan somos especialistas en la venta de terrenos en el sur de Chile. Proveemos estancias, campos, parcelas y hoteles.\",\"email\":\"info@produncan.cl\"}]}<\/script>\n<meta property=\"og:video\" content=\"https:\/\/www.youtube.com\/embed\/VgaNMKFxZ5c\" \/>\n<meta property=\"og:video:type\" content=\"text\/html\" \/>\n<meta property=\"og:video:duration\" content=\"109\" \/>\n<meta property=\"og:video:width\" content=\"480\" \/>\n<meta property=\"og:video:height\" content=\"270\" \/>\n<meta property=\"ya:ovs:adult\" content=\"false\" \/>\n<meta property=\"ya:ovs:upload_date\" content=\"2024-11-13T13:49:47+00:00\" \/>\n<meta property=\"ya:ovs:allow_embed\" content=\"true\" \/>\n<meta property=\"product:price:amount\" content=\"1617000.00\" \/>\n<meta property=\"product:price:currency\" content=\"USD\" \/>\n<meta property=\"og:availability\" content=\"instock\" \/>\n<meta property=\"product:availability\" content=\"instock\" \/>\n<meta property=\"product:condition\" content=\"new\" \/>\n<!-- \/ Yoast SEO Premium plugin. -->","yoast_head_json":{"title":"Subdivided Field in Temuco - Araucania Region - Produncan","description":"Farm in Temuco of 93 hectares subdivided into 135 lots approved by SAG, with direct access by paved road and 10 minutes from the city.","robots":{"index":"index","follow":"follow","max-snippet":"max-snippet:-1","max-image-preview":"max-image-preview:large","max-video-preview":"max-video-preview:-1"},"canonical":"https:\/\/produncan.cl\/en\/property\/subdivided-field-temuco-araucania-region\/","og_locale":"en_US","og_type":"article","og_title":"Subdivided Field in Temuco - Araucania Region","og_description":"Farm in Temuco of 93 hectares subdivided into 135 lots approved by SAG, with direct access by paved road and 10 minutes from the city.","og_url":"https:\/\/produncan.cl\/en\/property\/subdivided-field-temuco-araucania-region\/","og_site_name":"Produncan","article_publisher":"https:\/\/web.facebook.com\/produncanland","article_modified_time":"2025-11-24T16:52:51+00:00","og_image":[{"url":"https:\/\/produncan.cl\/wp-content\/uploads\/2024\/11\/Campo-Subdividido-Temuco.webp","type":"","width":"","height":""}],"twitter_card":"summary_large_image","twitter_misc":{"Price":"USD1.617.000,00","Availability":"In stock"},"schema":{"@context":"https:\/\/schema.org","@graph":[{"@type":"WebPage","@id":"https:\/\/produncan.cl\/en\/property\/subdivided-field-temuco-araucania-region\/","url":"https:\/\/produncan.cl\/en\/property\/subdivided-field-temuco-araucania-region\/","name":"Subdivided Field in Temuco - Araucania Region - Produncan","isPartOf":{"@id":"https:\/\/produncan.cl\/en\/#website"},"primaryImageOfPage":{"@id":"https:\/\/produncan.cl\/en\/property\/subdivided-field-temuco-araucania-region\/#primaryimage"},"image":{"@id":"https:\/\/produncan.cl\/en\/property\/subdivided-field-temuco-araucania-region\/#primaryimage"},"thumbnailUrl":"https:\/\/produncan.cl\/wp-content\/uploads\/2024\/11\/Campo-Subdividido-Temuco.webp","datePublished":"2024-11-13T13:49:47+00:00","dateModified":"2025-11-24T16:52:51+00:00","description":"Farm in Temuco of 93 hectares subdivided into 135 lots approved by SAG, with direct access by paved road and 10 minutes from the city.","breadcrumb":{"@id":"https:\/\/produncan.cl\/en\/property\/subdivided-field-temuco-araucania-region\/#breadcrumb"},"inLanguage":"en-US","potentialAction":[{"@type":"ReadAction","target":["https:\/\/produncan.cl\/en\/property\/subdivided-field-temuco-araucania-region\/"]}]},{"@type":"ImageObject","inLanguage":"en-US","@id":"https:\/\/produncan.cl\/en\/property\/subdivided-field-temuco-araucania-region\/#primaryimage","url":"https:\/\/produncan.cl\/wp-content\/uploads\/2024\/11\/Campo-Subdividido-Temuco.webp","contentUrl":"https:\/\/produncan.cl\/wp-content\/uploads\/2024\/11\/Campo-Subdividido-Temuco.webp","width":600,"height":450,"caption":"Subdivided field Temuco"},{"@type":"BreadcrumbList","@id":"https:\/\/produncan.cl\/en\/property\/subdivided-field-temuco-araucania-region\/#breadcrumb","itemListElement":[{"@type":"ListItem","position":1,"name":"Inicio","item":"https:\/\/produncan.cl\/en\/"},{"@type":"ListItem","position":2,"name":"Properties","item":"https:\/\/produncan.cl\/propiedades\/"},{"@type":"ListItem","position":3,"name":"Fields","item":"https:\/\/produncan.cl\/en\/property-type\/fields\/"},{"@type":"ListItem","position":4,"name":"Subdivided Field in Temuco &#8211; Araucania Region"}]},{"@type":"WebSite","@id":"https:\/\/produncan.cl\/en\/#website","url":"https:\/\/produncan.cl\/en\/","name":"Produncan","description":"We accompany you in your life project!","publisher":{"@id":"https:\/\/produncan.cl\/en\/#organization"},"potentialAction":[{"@type":"SearchAction","target":{"@type":"EntryPoint","urlTemplate":"https:\/\/produncan.cl\/en\/?s={search_term_string}"},"query-input":{"@type":"PropertyValueSpecification","valueRequired":true,"valueName":"search_term_string"}}],"inLanguage":"en-US"},{"@type":"Organization","@id":"https:\/\/produncan.cl\/en\/#organization","name":"Produncan","url":"https:\/\/produncan.cl\/en\/","logo":{"@type":"ImageObject","inLanguage":"en-US","@id":"https:\/\/produncan.cl\/en\/#\/schema\/logo\/image\/","url":"https:\/\/produncan.cl\/wp-content\/uploads\/2021\/03\/LOGO.jpeg","contentUrl":"https:\/\/produncan.cl\/wp-content\/uploads\/2021\/03\/LOGO.jpeg","width":1280,"height":903,"caption":"Produncan"},"image":{"@id":"https:\/\/produncan.cl\/en\/#\/schema\/logo\/image\/"},"sameAs":["https:\/\/web.facebook.com\/produncanland","https:\/\/www.instagram.com\/pro_duncan\/","https:\/\/www.linkedin.com\/company\/produncan-lands\/","https:\/\/www.youtube.com\/channel\/UCu7N-f3x0svkazD-Eew1-QQ"],"description":"En Produncan somos especialistas en la venta de terrenos en el sur de Chile. Proveemos estancias, campos, parcelas y hoteles.","email":"info@produncan.cl"}]},"og_video":"https:\/\/www.youtube.com\/embed\/VgaNMKFxZ5c","og_video_type":"text\/html","og_video_duration":"109","og_video_width":"480","og_video_height":"270","ya_ovs_adult":"false","ya_ovs_upload_date":"2024-11-13T13:49:47+00:00","ya_ovs_allow_embed":"true","product_price_amount":"1617000.00","product_price_currency":"USD","og_availability":"instock","product_availability":"instock","product_condition":"new"},"_links":{"self":[{"href":"https:\/\/produncan.cl\/en\/wp-json\/wp\/v2\/product\/36031","targetHints":{"allow":["GET"]}}],"collection":[{"href":"https:\/\/produncan.cl\/en\/wp-json\/wp\/v2\/product"}],"about":[{"href":"https:\/\/produncan.cl\/en\/wp-json\/wp\/v2\/types\/product"}],"version-history":[{"count":2,"href":"https:\/\/produncan.cl\/en\/wp-json\/wp\/v2\/product\/36031\/revisions"}],"predecessor-version":[{"id":52413,"href":"https:\/\/produncan.cl\/en\/wp-json\/wp\/v2\/product\/36031\/revisions\/52413"}],"wp:featuredmedia":[{"embeddable":true,"href":"https:\/\/produncan.cl\/en\/wp-json\/wp\/v2\/media\/35861"}],"wp:attachment":[{"href":"https:\/\/produncan.cl\/en\/wp-json\/wp\/v2\/media?parent=36031"}],"wp:term":[{"taxonomy":"product_brand","embeddable":true,"href":"https:\/\/produncan.cl\/en\/wp-json\/wp\/v2\/product_brand?post=36031"},{"taxonomy":"product_cat","embeddable":true,"href":"https:\/\/produncan.cl\/en\/wp-json\/wp\/v2\/product_cat?post=36031"},{"taxonomy":"product_tag","embeddable":true,"href":"https:\/\/produncan.cl\/en\/wp-json\/wp\/v2\/product_tag?post=36031"},{"taxonomy":"regiones","embeddable":true,"href":"https:\/\/produncan.cl\/en\/wp-json\/wp\/v2\/regiones?post=36031"},{"taxonomy":"ciudades","embeddable":true,"href":"https:\/\/produncan.cl\/en\/wp-json\/wp\/v2\/ciudades?post=36031"}],"curies":[{"name":"wp","href":"https:\/\/api.w.org\/{rel}","templated":true}]}}