{"id":36608,"date":"2024-12-02T19:09:37","date_gmt":"2024-12-02T22:09:37","guid":{"rendered":"https:\/\/produncan.cl\/producto\/parcelas-guairabo-punta-arenas-region-de-magallanes\/"},"modified":"2025-11-24T13:52:50","modified_gmt":"2025-11-24T16:52:50","slug":"parcelas-guairabo-punta-arenas-region-de-magallanes","status":"publish","type":"product","link":"https:\/\/produncan.cl\/en\/property\/parcelas-guairabo-punta-arenas-region-de-magallanes\/","title":{"rendered":"Plots of land in Punta Arenas, Guairabo &#8211; Magallanes Region"},"content":{"rendered":"\t\t<div data-elementor-type=\"product-post\" data-elementor-id=\"36608\" class=\"elementor elementor-36608 elementor-36383\" data-elementor-post-type=\"product\">\n\t\t\t\t<div class=\"elementor-element elementor-element-b964691 e-flex e-con-boxed e-con e-parent\" data-id=\"b964691\" data-element_type=\"container\" data-e-type=\"container\" data-settings=\"{&quot;jet_parallax_layout_list&quot;:[]}\">\n\t\t\t\t\t<div class=\"e-con-inner\">\n\t\t\t\t<div class=\"elementor-element elementor-element-1e4edb9 elementor-widget elementor-widget-heading\" data-id=\"1e4edb9\" data-element_type=\"widget\" data-e-type=\"widget\" data-widget_type=\"heading.default\">\n\t\t\t\t\t<h2 class=\"elementor-heading-title elementor-size-default\">If you are looking for your dream place by the sea in Punta Arenas, you have come to the right place!<\/h2>\t\t\t\t<\/div>\n\t\t\t\t\t<\/div>\n\t\t\t\t<\/div>\n\t\t<div class=\"elementor-element elementor-element-7d6c3ea e-flex e-con-boxed e-con e-parent\" data-id=\"7d6c3ea\" data-element_type=\"container\" data-e-type=\"container\" data-settings=\"{&quot;jet_parallax_layout_list&quot;:[]}\">\n\t\t\t\t\t<div class=\"e-con-inner\">\n\t\t\t\t<div class=\"elementor-element elementor-element-5586983 elementor-widget elementor-widget-text-editor\" data-id=\"5586983\" data-element_type=\"widget\" data-e-type=\"widget\" data-widget_type=\"text-editor.default\">\n\t\t\t\t\t\t\t\t\t<p>Diese Grundst\u00fccke in Punta Arenas, Region Magallanes, sind Ihre beste Wahl. Mit Fl\u00e4chen zwischen 6.799 m\u00b2 und 9.000 m\u00b2 bieten sie eine perfekte Kombination aus Platz und Zug\u00e4nglichkeit. <\/p><p>Located only 20 minutes from Punta Arenas and 40 minutes from the international airport, these plots stand out for their excellent location and proximity to its proximity to attractions such as the Magallanes National Reserve, BulnesFort, San Isidro Lighthouse and Puerto del Hambre.<\/p><p>Each parcel has direct access by paved road and seashore.<\/p><p>The electric line runs outside, facilitating the connection with EDELMAG. For water, each owner can build his own well or use water trucks, a common service in the area. <\/p><p>Connectivity is assured with good Movistar signal and satellite internet available.<\/p><p>With a climate typical of the region, including long summer days and stunning natural surroundings, they are ideal for those seeking a personal retreat or a special project.<\/p><p>If you are looking for tranquility, unique views and a smart investment, contact us!<\/p><p>Invest in a unique space and make your project a reality at the end of the world!<\/p>\t\t\t\t\t\t\t\t<\/div>\n\t\t\t\t\t<\/div>\n\t\t\t\t<\/div>\n\t\t\t\t<\/div>\n\t\t","protected":false},"excerpt":{"rendered":"<p>Grundst\u00fccke in Punta Arenas, direkt am Meer. Fl\u00e4chen von 6799 m\u00b2, mit gepflasterten Zugang, Strom und die N\u00e4he zu Sehensw\u00fcrdigkeiten. Nur 20 Minuten von der Stadt, ideal f\u00fcr ein erstes Zuhause.  <\/p>\n","protected":false},"featured_media":36386,"template":"","meta":{"_acf_changed":false},"product_brand":[],"product_cat":[119],"product_tag":[188,189],"regiones":[225],"ciudades":[211],"class_list":{"0":"post-36608","1":"product","2":"type-product","3":"status-publish","4":"has-post-thumbnail","6":"product_cat-aysen-magallanes-en","7":"product_tag-plots","8":"product_tag-touristic-properties","9":"regiones-aysen-magallanes","10":"ciudades-punta-arenas","12":"first","13":"instock","14":"shipping-taxable","15":"purchasable","16":"product-type-simple"},"acf":[],"yoast_head":"<!-- This site is optimized with the Yoast SEO Premium plugin v26.0 (Yoast SEO v27.3) - https:\/\/yoast.com\/product\/yoast-seo-premium-wordpress\/ -->\n<title>Plots of land in Punta Arenas, Guairabo - Magallanes Region - Produncan<\/title>\n<meta name=\"description\" content=\"Sea front parking in Punta Arenas, from 6,799 m \u00b2, with paved access, close to attractions and basic services available.\" \/>\n<meta name=\"robots\" content=\"index, follow, max-snippet:-1, max-image-preview:large, max-video-preview:-1\" \/>\n<link rel=\"canonical\" href=\"https:\/\/produncan.cl\/en\/property\/parcelas-guairabo-punta-arenas-region-de-magallanes\/\" \/>\n<meta property=\"og:locale\" content=\"en_US\" \/>\n<meta property=\"og:type\" content=\"article\" \/>\n<meta property=\"og:title\" content=\"Plots of land in Punta Arenas, Guairabo - Magallanes Region\" \/>\n<meta property=\"og:description\" content=\"Plots in front of the sea in Punta Arenas, from 5.300 m\u00b2, with paved access, proximity to attractions and basic services available. Only 20 minutes from the city, they are perfect for your refuge or investment.\" \/>\n<meta property=\"og:url\" content=\"https:\/\/produncan.cl\/en\/property\/parcelas-guairabo-punta-arenas-region-de-magallanes\/\" \/>\n<meta property=\"og:site_name\" content=\"Produncan\" \/>\n<meta property=\"article:publisher\" content=\"https:\/\/web.facebook.com\/produncanland\" \/>\n<meta property=\"article:modified_time\" content=\"2025-11-24T16:52:50+00:00\" \/>\n<meta property=\"og:image\" content=\"https:\/\/produncan.cl\/wp-content\/uploads\/2024\/12\/Parcelas-Guairabo-en-venta-Punta-Arenas.webp\" \/>\n<meta name=\"twitter:card\" content=\"summary_large_image\" \/>\n<meta name=\"twitter:label1\" content=\"Price\" \/>\n\t<meta name=\"twitter:data1\" content=\"USD120.700,00\" \/>\n\t<meta name=\"twitter:label2\" content=\"Availability\" \/>\n\t<meta name=\"twitter:data2\" content=\"In stock\" \/>\n<script type=\"application\/ld+json\" class=\"yoast-schema-graph\">{\"@context\":\"https:\\\/\\\/schema.org\",\"@graph\":[{\"@type\":\"WebPage\",\"@id\":\"https:\\\/\\\/produncan.cl\\\/en\\\/property\\\/parcelas-guairabo-punta-arenas-region-de-magallanes\\\/\",\"url\":\"https:\\\/\\\/produncan.cl\\\/en\\\/property\\\/parcelas-guairabo-punta-arenas-region-de-magallanes\\\/\",\"name\":\"Plots of land in Punta Arenas, Guairabo - Magallanes Region - Produncan\",\"isPartOf\":{\"@id\":\"https:\\\/\\\/produncan.cl\\\/en\\\/#website\"},\"primaryImageOfPage\":{\"@id\":\"https:\\\/\\\/produncan.cl\\\/en\\\/property\\\/parcelas-guairabo-punta-arenas-region-de-magallanes\\\/#primaryimage\"},\"image\":{\"@id\":\"https:\\\/\\\/produncan.cl\\\/en\\\/property\\\/parcelas-guairabo-punta-arenas-region-de-magallanes\\\/#primaryimage\"},\"thumbnailUrl\":\"https:\\\/\\\/produncan.cl\\\/wp-content\\\/uploads\\\/2024\\\/12\\\/Parcelas-Guairabo-en-venta-Punta-Arenas.webp\",\"datePublished\":\"2024-12-02T22:09:37+00:00\",\"dateModified\":\"2025-11-24T16:52:50+00:00\",\"description\":\"Sea front parking in Punta Arenas, from 6,799 m \u00b2, with paved access, close to attractions and basic services available.\",\"breadcrumb\":{\"@id\":\"https:\\\/\\\/produncan.cl\\\/en\\\/property\\\/parcelas-guairabo-punta-arenas-region-de-magallanes\\\/#breadcrumb\"},\"inLanguage\":\"en-US\",\"potentialAction\":[{\"@type\":\"ReadAction\",\"target\":[\"https:\\\/\\\/produncan.cl\\\/en\\\/property\\\/parcelas-guairabo-punta-arenas-region-de-magallanes\\\/\"]}]},{\"@type\":\"ImageObject\",\"inLanguage\":\"en-US\",\"@id\":\"https:\\\/\\\/produncan.cl\\\/en\\\/property\\\/parcelas-guairabo-punta-arenas-region-de-magallanes\\\/#primaryimage\",\"url\":\"https:\\\/\\\/produncan.cl\\\/wp-content\\\/uploads\\\/2024\\\/12\\\/Parcelas-Guairabo-en-venta-Punta-Arenas.webp\",\"contentUrl\":\"https:\\\/\\\/produncan.cl\\\/wp-content\\\/uploads\\\/2024\\\/12\\\/Parcelas-Guairabo-en-venta-Punta-Arenas.webp\",\"width\":600,\"height\":450,\"caption\":\"Guairabo Plot for sale Punta Arenas\"},{\"@type\":\"BreadcrumbList\",\"@id\":\"https:\\\/\\\/produncan.cl\\\/en\\\/property\\\/parcelas-guairabo-punta-arenas-region-de-magallanes\\\/#breadcrumb\",\"itemListElement\":[{\"@type\":\"ListItem\",\"position\":1,\"name\":\"Inicio\",\"item\":\"https:\\\/\\\/produncan.cl\\\/en\\\/\"},{\"@type\":\"ListItem\",\"position\":2,\"name\":\"Properties\",\"item\":\"https:\\\/\\\/produncan.cl\\\/propiedades\\\/\"},{\"@type\":\"ListItem\",\"position\":3,\"name\":\"plots\",\"item\":\"https:\\\/\\\/produncan.cl\\\/en\\\/property-type\\\/plots\\\/\"},{\"@type\":\"ListItem\",\"position\":4,\"name\":\"Plots of land in Punta Arenas, Guairabo &#8211; Magallanes Region\"}]},{\"@type\":\"WebSite\",\"@id\":\"https:\\\/\\\/produncan.cl\\\/en\\\/#website\",\"url\":\"https:\\\/\\\/produncan.cl\\\/en\\\/\",\"name\":\"Produncan\",\"description\":\"We accompany you in your life project!\",\"publisher\":{\"@id\":\"https:\\\/\\\/produncan.cl\\\/en\\\/#organization\"},\"potentialAction\":[{\"@type\":\"SearchAction\",\"target\":{\"@type\":\"EntryPoint\",\"urlTemplate\":\"https:\\\/\\\/produncan.cl\\\/en\\\/?s={search_term_string}\"},\"query-input\":{\"@type\":\"PropertyValueSpecification\",\"valueRequired\":true,\"valueName\":\"search_term_string\"}}],\"inLanguage\":\"en-US\"},{\"@type\":\"Organization\",\"@id\":\"https:\\\/\\\/produncan.cl\\\/en\\\/#organization\",\"name\":\"Produncan\",\"url\":\"https:\\\/\\\/produncan.cl\\\/en\\\/\",\"logo\":{\"@type\":\"ImageObject\",\"inLanguage\":\"en-US\",\"@id\":\"https:\\\/\\\/produncan.cl\\\/en\\\/#\\\/schema\\\/logo\\\/image\\\/\",\"url\":\"https:\\\/\\\/produncan.cl\\\/wp-content\\\/uploads\\\/2021\\\/03\\\/LOGO.jpeg\",\"contentUrl\":\"https:\\\/\\\/produncan.cl\\\/wp-content\\\/uploads\\\/2021\\\/03\\\/LOGO.jpeg\",\"width\":1280,\"height\":903,\"caption\":\"Produncan\"},\"image\":{\"@id\":\"https:\\\/\\\/produncan.cl\\\/en\\\/#\\\/schema\\\/logo\\\/image\\\/\"},\"sameAs\":[\"https:\\\/\\\/web.facebook.com\\\/produncanland\",\"https:\\\/\\\/www.instagram.com\\\/pro_duncan\\\/\",\"https:\\\/\\\/www.linkedin.com\\\/company\\\/produncan-lands\\\/\",\"https:\\\/\\\/www.youtube.com\\\/channel\\\/UCu7N-f3x0svkazD-Eew1-QQ\"],\"description\":\"En Produncan somos especialistas en la venta de terrenos en el sur de Chile. Proveemos estancias, campos, parcelas y hoteles.\",\"email\":\"info@produncan.cl\"}]}<\/script>\n<meta property=\"og:video\" content=\"https:\/\/www.youtube.com\/embed\/cHImwvMT6WU\" \/>\n<meta property=\"og:video:type\" content=\"text\/html\" \/>\n<meta property=\"og:video:duration\" content=\"70\" \/>\n<meta property=\"og:video:width\" content=\"480\" \/>\n<meta property=\"og:video:height\" content=\"270\" \/>\n<meta property=\"ya:ovs:adult\" content=\"false\" \/>\n<meta property=\"ya:ovs:upload_date\" content=\"2024-12-02T22:09:37+00:00\" \/>\n<meta property=\"ya:ovs:allow_embed\" content=\"true\" \/>\n<meta property=\"product:price:amount\" content=\"120700.00\" \/>\n<meta property=\"product:price:currency\" content=\"USD\" \/>\n<meta property=\"og:availability\" content=\"instock\" \/>\n<meta property=\"product:availability\" content=\"instock\" \/>\n<meta property=\"product:condition\" content=\"new\" \/>\n<!-- \/ Yoast SEO Premium plugin. -->","yoast_head_json":{"title":"Plots of land in Punta Arenas, Guairabo - Magallanes Region - Produncan","description":"Sea front parking in Punta Arenas, from 6,799 m \u00b2, with paved access, close to attractions and basic services available.","robots":{"index":"index","follow":"follow","max-snippet":"max-snippet:-1","max-image-preview":"max-image-preview:large","max-video-preview":"max-video-preview:-1"},"canonical":"https:\/\/produncan.cl\/en\/property\/parcelas-guairabo-punta-arenas-region-de-magallanes\/","og_locale":"en_US","og_type":"article","og_title":"Plots of land in Punta Arenas, Guairabo - Magallanes Region","og_description":"Plots in front of the sea in Punta Arenas, from 5.300 m\u00b2, with paved access, proximity to attractions and basic services available. Only 20 minutes from the city, they are perfect for your refuge or investment.","og_url":"https:\/\/produncan.cl\/en\/property\/parcelas-guairabo-punta-arenas-region-de-magallanes\/","og_site_name":"Produncan","article_publisher":"https:\/\/web.facebook.com\/produncanland","article_modified_time":"2025-11-24T16:52:50+00:00","og_image":[{"url":"https:\/\/produncan.cl\/wp-content\/uploads\/2024\/12\/Parcelas-Guairabo-en-venta-Punta-Arenas.webp","type":"","width":"","height":""}],"twitter_card":"summary_large_image","twitter_misc":{"Price":"USD120.700,00","Availability":"In stock"},"schema":{"@context":"https:\/\/schema.org","@graph":[{"@type":"WebPage","@id":"https:\/\/produncan.cl\/en\/property\/parcelas-guairabo-punta-arenas-region-de-magallanes\/","url":"https:\/\/produncan.cl\/en\/property\/parcelas-guairabo-punta-arenas-region-de-magallanes\/","name":"Plots of land in Punta Arenas, Guairabo - Magallanes Region - Produncan","isPartOf":{"@id":"https:\/\/produncan.cl\/en\/#website"},"primaryImageOfPage":{"@id":"https:\/\/produncan.cl\/en\/property\/parcelas-guairabo-punta-arenas-region-de-magallanes\/#primaryimage"},"image":{"@id":"https:\/\/produncan.cl\/en\/property\/parcelas-guairabo-punta-arenas-region-de-magallanes\/#primaryimage"},"thumbnailUrl":"https:\/\/produncan.cl\/wp-content\/uploads\/2024\/12\/Parcelas-Guairabo-en-venta-Punta-Arenas.webp","datePublished":"2024-12-02T22:09:37+00:00","dateModified":"2025-11-24T16:52:50+00:00","description":"Sea front parking in Punta Arenas, from 6,799 m \u00b2, with paved access, close to attractions and basic services available.","breadcrumb":{"@id":"https:\/\/produncan.cl\/en\/property\/parcelas-guairabo-punta-arenas-region-de-magallanes\/#breadcrumb"},"inLanguage":"en-US","potentialAction":[{"@type":"ReadAction","target":["https:\/\/produncan.cl\/en\/property\/parcelas-guairabo-punta-arenas-region-de-magallanes\/"]}]},{"@type":"ImageObject","inLanguage":"en-US","@id":"https:\/\/produncan.cl\/en\/property\/parcelas-guairabo-punta-arenas-region-de-magallanes\/#primaryimage","url":"https:\/\/produncan.cl\/wp-content\/uploads\/2024\/12\/Parcelas-Guairabo-en-venta-Punta-Arenas.webp","contentUrl":"https:\/\/produncan.cl\/wp-content\/uploads\/2024\/12\/Parcelas-Guairabo-en-venta-Punta-Arenas.webp","width":600,"height":450,"caption":"Guairabo Plot for sale Punta Arenas"},{"@type":"BreadcrumbList","@id":"https:\/\/produncan.cl\/en\/property\/parcelas-guairabo-punta-arenas-region-de-magallanes\/#breadcrumb","itemListElement":[{"@type":"ListItem","position":1,"name":"Inicio","item":"https:\/\/produncan.cl\/en\/"},{"@type":"ListItem","position":2,"name":"Properties","item":"https:\/\/produncan.cl\/propiedades\/"},{"@type":"ListItem","position":3,"name":"plots","item":"https:\/\/produncan.cl\/en\/property-type\/plots\/"},{"@type":"ListItem","position":4,"name":"Plots of land in Punta Arenas, Guairabo &#8211; Magallanes Region"}]},{"@type":"WebSite","@id":"https:\/\/produncan.cl\/en\/#website","url":"https:\/\/produncan.cl\/en\/","name":"Produncan","description":"We accompany you in your life project!","publisher":{"@id":"https:\/\/produncan.cl\/en\/#organization"},"potentialAction":[{"@type":"SearchAction","target":{"@type":"EntryPoint","urlTemplate":"https:\/\/produncan.cl\/en\/?s={search_term_string}"},"query-input":{"@type":"PropertyValueSpecification","valueRequired":true,"valueName":"search_term_string"}}],"inLanguage":"en-US"},{"@type":"Organization","@id":"https:\/\/produncan.cl\/en\/#organization","name":"Produncan","url":"https:\/\/produncan.cl\/en\/","logo":{"@type":"ImageObject","inLanguage":"en-US","@id":"https:\/\/produncan.cl\/en\/#\/schema\/logo\/image\/","url":"https:\/\/produncan.cl\/wp-content\/uploads\/2021\/03\/LOGO.jpeg","contentUrl":"https:\/\/produncan.cl\/wp-content\/uploads\/2021\/03\/LOGO.jpeg","width":1280,"height":903,"caption":"Produncan"},"image":{"@id":"https:\/\/produncan.cl\/en\/#\/schema\/logo\/image\/"},"sameAs":["https:\/\/web.facebook.com\/produncanland","https:\/\/www.instagram.com\/pro_duncan\/","https:\/\/www.linkedin.com\/company\/produncan-lands\/","https:\/\/www.youtube.com\/channel\/UCu7N-f3x0svkazD-Eew1-QQ"],"description":"En Produncan somos especialistas en la venta de terrenos en el sur de Chile. Proveemos estancias, campos, parcelas y hoteles.","email":"info@produncan.cl"}]},"og_video":"https:\/\/www.youtube.com\/embed\/cHImwvMT6WU","og_video_type":"text\/html","og_video_duration":"70","og_video_width":"480","og_video_height":"270","ya_ovs_adult":"false","ya_ovs_upload_date":"2024-12-02T22:09:37+00:00","ya_ovs_allow_embed":"true","product_price_amount":"120700.00","product_price_currency":"USD","og_availability":"instock","product_availability":"instock","product_condition":"new"},"_links":{"self":[{"href":"https:\/\/produncan.cl\/en\/wp-json\/wp\/v2\/product\/36608","targetHints":{"allow":["GET"]}}],"collection":[{"href":"https:\/\/produncan.cl\/en\/wp-json\/wp\/v2\/product"}],"about":[{"href":"https:\/\/produncan.cl\/en\/wp-json\/wp\/v2\/types\/product"}],"version-history":[{"count":2,"href":"https:\/\/produncan.cl\/en\/wp-json\/wp\/v2\/product\/36608\/revisions"}],"predecessor-version":[{"id":52385,"href":"https:\/\/produncan.cl\/en\/wp-json\/wp\/v2\/product\/36608\/revisions\/52385"}],"wp:featuredmedia":[{"embeddable":true,"href":"https:\/\/produncan.cl\/en\/wp-json\/wp\/v2\/media\/36386"}],"wp:attachment":[{"href":"https:\/\/produncan.cl\/en\/wp-json\/wp\/v2\/media?parent=36608"}],"wp:term":[{"taxonomy":"product_brand","embeddable":true,"href":"https:\/\/produncan.cl\/en\/wp-json\/wp\/v2\/product_brand?post=36608"},{"taxonomy":"product_cat","embeddable":true,"href":"https:\/\/produncan.cl\/en\/wp-json\/wp\/v2\/product_cat?post=36608"},{"taxonomy":"product_tag","embeddable":true,"href":"https:\/\/produncan.cl\/en\/wp-json\/wp\/v2\/product_tag?post=36608"},{"taxonomy":"regiones","embeddable":true,"href":"https:\/\/produncan.cl\/en\/wp-json\/wp\/v2\/regiones?post=36608"},{"taxonomy":"ciudades","embeddable":true,"href":"https:\/\/produncan.cl\/en\/wp-json\/wp\/v2\/ciudades?post=36608"}],"curies":[{"name":"wp","href":"https:\/\/api.w.org\/{rel}","templated":true}]}}