{"id":38493,"date":"2025-01-22T12:28:13","date_gmt":"2025-01-22T15:28:13","guid":{"rendered":"https:\/\/produncan.cl\/producto\/farm-in-canitas-los-muermos-fundo-canitas-los-lagos-region\/"},"modified":"2026-03-12T13:02:50","modified_gmt":"2026-03-12T16:02:50","slug":"farm-in-canitas-los-muermos-fundo-canitas-los-lagos-region","status":"publish","type":"product","link":"https:\/\/produncan.cl\/en\/property\/farm-in-canitas-los-muermos-fundo-canitas-los-lagos-region\/","title":{"rendered":"Farm in Ca\u00f1itas, Los Muermos &#8211; Fundo Ca\u00f1itas, Los Lagos Region"},"content":{"rendered":"\t\t<div data-elementor-type=\"product-post\" data-elementor-id=\"38493\" class=\"elementor elementor-38493 elementor-38393\" data-elementor-post-type=\"product\">\n\t\t\t\t<div class=\"elementor-element elementor-element-de1aeef e-flex e-con-boxed e-con e-parent\" data-id=\"de1aeef\" data-element_type=\"container\" data-e-type=\"container\" data-settings=\"{&quot;jet_parallax_layout_list&quot;:[]}\">\n\t\t\t\t\t<div class=\"e-con-inner\">\n\t\t\t\t<div class=\"elementor-element elementor-element-5ff6ed3 elementor-widget elementor-widget-heading\" data-id=\"5ff6ed3\" data-element_type=\"widget\" data-e-type=\"widget\" data-widget_type=\"heading.default\">\n\t\t\t\t\t<h2 class=\"elementor-heading-title elementor-size-default\">Invest in a farm close to the city in Ca\u00f1itas!<\/h2>\t\t\t\t<\/div>\n\t\t\t\t\t<\/div>\n\t\t\t\t<\/div>\n\t\t<div class=\"elementor-element elementor-element-66b90a8 e-flex e-con-boxed e-con e-parent\" data-id=\"66b90a8\" data-element_type=\"container\" data-e-type=\"container\" data-settings=\"{&quot;jet_parallax_layout_list&quot;:[]}\">\n\t\t\t\t\t<div class=\"e-con-inner\">\n\t\t\t\t<div class=\"elementor-element elementor-element-466318f elementor-widget elementor-widget-text-editor\" data-id=\"466318f\" data-element_type=\"widget\" data-e-type=\"widget\" data-widget_type=\"text-editor.default\">\n\t\t\t\t\t\t\t\t\t<p>Discover this beautiful property of <strong>17.06 hectares<\/strong> located in the Ca\u00f1itas sector, commune of Los Muermos, in the beautiful Tenth Region. Ideal for those looking for a self-sustainable space, perfect for raising animals or establishing small production plantations. Its proximity to <strong>Puerto Varas<\/strong> and <strong>El Tepual Airport<\/strong> (only 30 minutes away) makes it an opportunity to enjoy the tranquility of the countryside without losing the connection to the city.  <\/p>\n<p><strong>Land Characteristics<\/strong><\/p>\n<ul>\n<li><strong>Sale Price:<\/strong> $204,000,000 CLP ($12,000,000 CLP per hectare).<\/li>\n<li><strong>Total area:<\/strong> 17.06 hectares registered.<\/li>\n<li><strong>Land Use:<\/strong> Agricultural.<\/li>\n<li><strong>Topography:<\/strong> Rectangular and mostly flat surface.<\/li>\n<li><strong>Soil Composition:<\/strong> 11.77 hectares of fourth category of dry land. 5.29 hectares of sixth category of dry land. Fertile land, ideal for agriculture and livestock.  <\/li>\n<\/ul><div><br><\/div>\n<p><strong>Services and Feasibilities<\/strong><\/p>\n<ul>\n<li><strong>Electricity:<\/strong>\n<ul>\n<li>Feasibility of connection, with a 1,200 meter pole.<\/li>\n<li>Option to reduce this distance to 100 meters by requesting an easement from the neighbor.<\/li>\n<\/ul>\n<\/li>\n<li><strong>Water:<\/strong>\n<\/li><ul>\n<li>Factibilidad de conexi\u00f3n al sistema APR a 1.200 metros.<\/li>\n<li>Deep well alternative (approximate cost: $7,000,000 CLP).<\/li>\n<\/ul>\n\n<\/ul><div><br><\/div>\n<p><strong>Natural Environment<\/strong><\/p>\n<ul>\n<li><strong>Orilla de Agua:<\/strong> 147 metros aproximados de frente al <strong>R\u00edo \u00d1adi<\/strong>, ideal para disfrutar de un entorno natural \u00fanico.<\/li>\n<li><strong>Vegetation:<\/strong> 80% grassland and 20% native trees (including pellines and fruit trees such as apple and plum trees).<\/li>\n<li><strong>Climate:<\/strong> Temperate rainy, ideal to maintain the fertility of the soil and enjoy green landscapes all year round.<\/li>\n<li><strong>Flora and Fauna:<\/strong> Pellines, myrtles, tepas, ulmos, murta, bandurrias, chucaos, foxes and others typical of the Tenth Region.<\/li>\n<\/ul><div><br><\/div>\n<p><strong>Access and Connectivity<\/strong><\/p>\n<ul>\n<li><strong>Distance to Asphalt:<\/strong> Currently 1,200 meters by means of a registered easement. This distance can be reduced to only 100 meters by requesting a new easement from the neighbor. <\/li>\n<li><strong>Proximity to Services and Attractions:<\/strong>\n<\/li><ul>\n<li>30 minutes from <strong>El Tepual Airport<\/strong>.<\/li>\n<li>Public transportation available.<\/li>\n<li>Telecommunications signal in the area.<\/li>\n<li>Nearby attractions: <strong>Llico River<\/strong> and <strong>\u00d1adi River<\/strong>.<\/li>\n<\/ul>\n\n<\/ul><div><br><\/div>\n<p><strong>Why Choose This Property<\/strong><\/p>\n<p>This farm in Ca\u00f1itas, Los Muermos, offers a perfect combination of beauty, connectivity and versatility. It is ideal for small agricultural and livestock projects or as an investment. Its proximity to towns such as Ca\u00f1itas, Estaci\u00f3n R\u00edo Fr\u00edo and important urban and tourist centers makes it unique in the market.  <\/p>\n<p><strong>Don&#8217;t let this opportunity pass you by!<\/strong> Contact us today to schedule a visit and learn more about this incredible lot in Ca\u00f1itas.<\/p>\t\t\t\t\t\t\t\t<\/div>\n\t\t\t\t\t<\/div>\n\t\t\t\t<\/div>\n\t\t\t\t<\/div>\n\t\t","protected":false},"excerpt":{"rendered":"<p>Farm in Ca\u00f1itas, Los Muermos, of 17.06 hectares. Flat topography, mostly meadow, river and 32 minutes from El Tepual airport in Puerto Montt. Ideal for small livestock, agricultural and self-sustainable projects.  <\/p>\n","protected":false},"featured_media":49358,"template":"","meta":{"_acf_changed":false},"product_brand":[],"product_cat":[110],"product_tag":[187],"regiones":[226],"ciudades":[216],"class_list":{"0":"post-38493","1":"product","2":"type-product","3":"status-publish","4":"has-post-thumbnail","6":"product_cat-nuble-los_lagos-en","7":"product_tag-fields","8":"regiones-nuble-los_lagos","9":"ciudades-los-muermos","11":"first","12":"outofstock","13":"sold-individually","14":"shipping-taxable","15":"product-type-simple"},"acf":[],"yoast_head":"<!-- This site is optimized with the Yoast SEO Premium plugin v26.0 (Yoast SEO v27.3) - https:\/\/yoast.com\/product\/yoast-seo-premium-wordpress\/ -->\n<title>Farm in Ca\u00f1itas, Los Muermos - Los Lagos Region<\/title>\n<meta name=\"description\" content=\"Farm in Ca\u00f1itas, Los Muermos, of 17.06 hectares. Flat topography, mostly prairie. Ideal for small livestock and agricultural projects.\" \/>\n<meta name=\"robots\" content=\"index, follow, max-snippet:-1, max-image-preview:large, max-video-preview:-1\" \/>\n<link rel=\"canonical\" href=\"https:\/\/produncan.cl\/en\/property\/farm-in-canitas-los-muermos-fundo-canitas-los-lagos-region\/\" \/>\n<meta property=\"og:locale\" content=\"en_US\" \/>\n<meta property=\"og:type\" content=\"article\" \/>\n<meta property=\"og:title\" content=\"Farm in Ca\u00f1itas, Los Muermos - Fundo Ca\u00f1itas, Los Lagos Region\" \/>\n<meta property=\"og:description\" content=\"Farm in Ca\u00f1itas, Los Muermos, of 17.06 hectares. Flat topography, mostly meadow, river and 32 minutes from El Tepual airport in Puerto Montt. Ideal for small livestock, agricultural and self-sustainable projects.\" \/>\n<meta property=\"og:url\" content=\"https:\/\/produncan.cl\/en\/property\/farm-in-canitas-los-muermos-fundo-canitas-los-lagos-region\/\" \/>\n<meta property=\"og:site_name\" content=\"Produncan\" \/>\n<meta property=\"article:publisher\" content=\"https:\/\/web.facebook.com\/produncanland\" \/>\n<meta property=\"article:modified_time\" content=\"2026-03-12T16:02:50+00:00\" \/>\n<meta property=\"og:image\" content=\"https:\/\/produncan.cl\/wp-content\/uploads\/2025\/01\/Campo-en-Los-Muermos-Fundo-Canitas-Produncan.webp\" \/>\n<meta name=\"twitter:card\" content=\"summary_large_image\" \/>\n<meta name=\"twitter:label1\" content=\"Price\" \/>\n\t<meta name=\"twitter:data1\" content=\"\" \/>\n\t<meta name=\"twitter:label2\" content=\"Availability\" \/>\n\t<meta name=\"twitter:data2\" content=\"Out of stock\" \/>\n<script type=\"application\/ld+json\" class=\"yoast-schema-graph\">{\"@context\":\"https:\\\/\\\/schema.org\",\"@graph\":[{\"@type\":\"WebPage\",\"@id\":\"https:\\\/\\\/produncan.cl\\\/en\\\/property\\\/farm-in-canitas-los-muermos-fundo-canitas-los-lagos-region\\\/\",\"url\":\"https:\\\/\\\/produncan.cl\\\/en\\\/property\\\/farm-in-canitas-los-muermos-fundo-canitas-los-lagos-region\\\/\",\"name\":\"Farm in Ca\u00f1itas, Los Muermos - Los Lagos Region\",\"isPartOf\":{\"@id\":\"https:\\\/\\\/produncan.cl\\\/en\\\/#website\"},\"primaryImageOfPage\":{\"@id\":\"https:\\\/\\\/produncan.cl\\\/en\\\/property\\\/farm-in-canitas-los-muermos-fundo-canitas-los-lagos-region\\\/#primaryimage\"},\"image\":{\"@id\":\"https:\\\/\\\/produncan.cl\\\/en\\\/property\\\/farm-in-canitas-los-muermos-fundo-canitas-los-lagos-region\\\/#primaryimage\"},\"thumbnailUrl\":\"https:\\\/\\\/produncan.cl\\\/wp-content\\\/uploads\\\/2025\\\/01\\\/Fundo-Canitas-vendido.webp\",\"datePublished\":\"2025-01-22T15:28:13+00:00\",\"dateModified\":\"2026-03-12T16:02:50+00:00\",\"description\":\"Farm in Ca\u00f1itas, Los Muermos, of 17.06 hectares. Flat topography, mostly prairie. Ideal for small livestock and agricultural projects.\",\"breadcrumb\":{\"@id\":\"https:\\\/\\\/produncan.cl\\\/en\\\/property\\\/farm-in-canitas-los-muermos-fundo-canitas-los-lagos-region\\\/#breadcrumb\"},\"inLanguage\":\"en-US\",\"potentialAction\":[{\"@type\":\"ReadAction\",\"target\":[\"https:\\\/\\\/produncan.cl\\\/en\\\/property\\\/farm-in-canitas-los-muermos-fundo-canitas-los-lagos-region\\\/\"]}]},{\"@type\":\"ImageObject\",\"inLanguage\":\"en-US\",\"@id\":\"https:\\\/\\\/produncan.cl\\\/en\\\/property\\\/farm-in-canitas-los-muermos-fundo-canitas-los-lagos-region\\\/#primaryimage\",\"url\":\"https:\\\/\\\/produncan.cl\\\/wp-content\\\/uploads\\\/2025\\\/01\\\/Fundo-Canitas-vendido.webp\",\"contentUrl\":\"https:\\\/\\\/produncan.cl\\\/wp-content\\\/uploads\\\/2025\\\/01\\\/Fundo-Canitas-vendido.webp\",\"width\":600,\"height\":450,\"caption\":\"Fundo Ca\u00f1itas sold\"},{\"@type\":\"BreadcrumbList\",\"@id\":\"https:\\\/\\\/produncan.cl\\\/en\\\/property\\\/farm-in-canitas-los-muermos-fundo-canitas-los-lagos-region\\\/#breadcrumb\",\"itemListElement\":[{\"@type\":\"ListItem\",\"position\":1,\"name\":\"Inicio\",\"item\":\"https:\\\/\\\/produncan.cl\\\/en\\\/\"},{\"@type\":\"ListItem\",\"position\":2,\"name\":\"Properties\",\"item\":\"https:\\\/\\\/produncan.cl\\\/propiedades\\\/\"},{\"@type\":\"ListItem\",\"position\":3,\"name\":\"Fields\",\"item\":\"https:\\\/\\\/produncan.cl\\\/en\\\/property-type\\\/fields\\\/\"},{\"@type\":\"ListItem\",\"position\":4,\"name\":\"Farm in Ca\u00f1itas, Los Muermos &#8211; Fundo Ca\u00f1itas, Los Lagos Region\"}]},{\"@type\":\"WebSite\",\"@id\":\"https:\\\/\\\/produncan.cl\\\/en\\\/#website\",\"url\":\"https:\\\/\\\/produncan.cl\\\/en\\\/\",\"name\":\"Produncan\",\"description\":\"We accompany you in your life project!\",\"publisher\":{\"@id\":\"https:\\\/\\\/produncan.cl\\\/en\\\/#organization\"},\"potentialAction\":[{\"@type\":\"SearchAction\",\"target\":{\"@type\":\"EntryPoint\",\"urlTemplate\":\"https:\\\/\\\/produncan.cl\\\/en\\\/?s={search_term_string}\"},\"query-input\":{\"@type\":\"PropertyValueSpecification\",\"valueRequired\":true,\"valueName\":\"search_term_string\"}}],\"inLanguage\":\"en-US\"},{\"@type\":\"Organization\",\"@id\":\"https:\\\/\\\/produncan.cl\\\/en\\\/#organization\",\"name\":\"Produncan\",\"url\":\"https:\\\/\\\/produncan.cl\\\/en\\\/\",\"logo\":{\"@type\":\"ImageObject\",\"inLanguage\":\"en-US\",\"@id\":\"https:\\\/\\\/produncan.cl\\\/en\\\/#\\\/schema\\\/logo\\\/image\\\/\",\"url\":\"https:\\\/\\\/produncan.cl\\\/wp-content\\\/uploads\\\/2021\\\/03\\\/LOGO.jpeg\",\"contentUrl\":\"https:\\\/\\\/produncan.cl\\\/wp-content\\\/uploads\\\/2021\\\/03\\\/LOGO.jpeg\",\"width\":1280,\"height\":903,\"caption\":\"Produncan\"},\"image\":{\"@id\":\"https:\\\/\\\/produncan.cl\\\/en\\\/#\\\/schema\\\/logo\\\/image\\\/\"},\"sameAs\":[\"https:\\\/\\\/web.facebook.com\\\/produncanland\",\"https:\\\/\\\/www.instagram.com\\\/pro_duncan\\\/\",\"https:\\\/\\\/www.linkedin.com\\\/company\\\/produncan-lands\\\/\",\"https:\\\/\\\/www.youtube.com\\\/channel\\\/UCu7N-f3x0svkazD-Eew1-QQ\"],\"description\":\"En Produncan somos especialistas en la venta de terrenos en el sur de Chile. Proveemos estancias, campos, parcelas y hoteles.\",\"email\":\"info@produncan.cl\"}]}<\/script>\n<meta property=\"og:video\" content=\"https:\/\/www.youtube.com\/embed\/DDk0duJvIbY\" \/>\n<meta property=\"og:video:type\" content=\"text\/html\" \/>\n<meta property=\"og:video:duration\" content=\"118\" \/>\n<meta property=\"og:video:width\" content=\"480\" \/>\n<meta property=\"og:video:height\" content=\"270\" \/>\n<meta property=\"ya:ovs:adult\" content=\"false\" \/>\n<meta property=\"ya:ovs:upload_date\" content=\"2025-01-22T15:28:13+00:00\" \/>\n<meta property=\"ya:ovs:allow_embed\" content=\"true\" \/>\n<meta property=\"product:price:currency\" content=\"USD\" \/>\n<meta property=\"og:availability\" content=\"out of stock\" \/>\n<meta property=\"product:availability\" content=\"out of stock\" \/>\n<meta property=\"product:condition\" content=\"new\" \/>\n<!-- \/ Yoast SEO Premium plugin. -->","yoast_head_json":{"title":"Farm in Ca\u00f1itas, Los Muermos - Los Lagos Region","description":"Farm in Ca\u00f1itas, Los Muermos, of 17.06 hectares. Flat topography, mostly prairie. Ideal for small livestock and agricultural projects.","robots":{"index":"index","follow":"follow","max-snippet":"max-snippet:-1","max-image-preview":"max-image-preview:large","max-video-preview":"max-video-preview:-1"},"canonical":"https:\/\/produncan.cl\/en\/property\/farm-in-canitas-los-muermos-fundo-canitas-los-lagos-region\/","og_locale":"en_US","og_type":"article","og_title":"Farm in Ca\u00f1itas, Los Muermos - Fundo Ca\u00f1itas, Los Lagos Region","og_description":"Farm in Ca\u00f1itas, Los Muermos, of 17.06 hectares. Flat topography, mostly meadow, river and 32 minutes from El Tepual airport in Puerto Montt. Ideal for small livestock, agricultural and self-sustainable projects.","og_url":"https:\/\/produncan.cl\/en\/property\/farm-in-canitas-los-muermos-fundo-canitas-los-lagos-region\/","og_site_name":"Produncan","article_publisher":"https:\/\/web.facebook.com\/produncanland","article_modified_time":"2026-03-12T16:02:50+00:00","og_image":[{"url":"https:\/\/produncan.cl\/wp-content\/uploads\/2025\/01\/Campo-en-Los-Muermos-Fundo-Canitas-Produncan.webp","type":"","width":"","height":""}],"twitter_card":"summary_large_image","twitter_misc":{"Price":"","Availability":"Out of stock"},"schema":{"@context":"https:\/\/schema.org","@graph":[{"@type":"WebPage","@id":"https:\/\/produncan.cl\/en\/property\/farm-in-canitas-los-muermos-fundo-canitas-los-lagos-region\/","url":"https:\/\/produncan.cl\/en\/property\/farm-in-canitas-los-muermos-fundo-canitas-los-lagos-region\/","name":"Farm in Ca\u00f1itas, Los Muermos - Los Lagos Region","isPartOf":{"@id":"https:\/\/produncan.cl\/en\/#website"},"primaryImageOfPage":{"@id":"https:\/\/produncan.cl\/en\/property\/farm-in-canitas-los-muermos-fundo-canitas-los-lagos-region\/#primaryimage"},"image":{"@id":"https:\/\/produncan.cl\/en\/property\/farm-in-canitas-los-muermos-fundo-canitas-los-lagos-region\/#primaryimage"},"thumbnailUrl":"https:\/\/produncan.cl\/wp-content\/uploads\/2025\/01\/Fundo-Canitas-vendido.webp","datePublished":"2025-01-22T15:28:13+00:00","dateModified":"2026-03-12T16:02:50+00:00","description":"Farm in Ca\u00f1itas, Los Muermos, of 17.06 hectares. Flat topography, mostly prairie. Ideal for small livestock and agricultural projects.","breadcrumb":{"@id":"https:\/\/produncan.cl\/en\/property\/farm-in-canitas-los-muermos-fundo-canitas-los-lagos-region\/#breadcrumb"},"inLanguage":"en-US","potentialAction":[{"@type":"ReadAction","target":["https:\/\/produncan.cl\/en\/property\/farm-in-canitas-los-muermos-fundo-canitas-los-lagos-region\/"]}]},{"@type":"ImageObject","inLanguage":"en-US","@id":"https:\/\/produncan.cl\/en\/property\/farm-in-canitas-los-muermos-fundo-canitas-los-lagos-region\/#primaryimage","url":"https:\/\/produncan.cl\/wp-content\/uploads\/2025\/01\/Fundo-Canitas-vendido.webp","contentUrl":"https:\/\/produncan.cl\/wp-content\/uploads\/2025\/01\/Fundo-Canitas-vendido.webp","width":600,"height":450,"caption":"Fundo Ca\u00f1itas sold"},{"@type":"BreadcrumbList","@id":"https:\/\/produncan.cl\/en\/property\/farm-in-canitas-los-muermos-fundo-canitas-los-lagos-region\/#breadcrumb","itemListElement":[{"@type":"ListItem","position":1,"name":"Inicio","item":"https:\/\/produncan.cl\/en\/"},{"@type":"ListItem","position":2,"name":"Properties","item":"https:\/\/produncan.cl\/propiedades\/"},{"@type":"ListItem","position":3,"name":"Fields","item":"https:\/\/produncan.cl\/en\/property-type\/fields\/"},{"@type":"ListItem","position":4,"name":"Farm in Ca\u00f1itas, Los Muermos &#8211; Fundo Ca\u00f1itas, Los Lagos Region"}]},{"@type":"WebSite","@id":"https:\/\/produncan.cl\/en\/#website","url":"https:\/\/produncan.cl\/en\/","name":"Produncan","description":"We accompany you in your life project!","publisher":{"@id":"https:\/\/produncan.cl\/en\/#organization"},"potentialAction":[{"@type":"SearchAction","target":{"@type":"EntryPoint","urlTemplate":"https:\/\/produncan.cl\/en\/?s={search_term_string}"},"query-input":{"@type":"PropertyValueSpecification","valueRequired":true,"valueName":"search_term_string"}}],"inLanguage":"en-US"},{"@type":"Organization","@id":"https:\/\/produncan.cl\/en\/#organization","name":"Produncan","url":"https:\/\/produncan.cl\/en\/","logo":{"@type":"ImageObject","inLanguage":"en-US","@id":"https:\/\/produncan.cl\/en\/#\/schema\/logo\/image\/","url":"https:\/\/produncan.cl\/wp-content\/uploads\/2021\/03\/LOGO.jpeg","contentUrl":"https:\/\/produncan.cl\/wp-content\/uploads\/2021\/03\/LOGO.jpeg","width":1280,"height":903,"caption":"Produncan"},"image":{"@id":"https:\/\/produncan.cl\/en\/#\/schema\/logo\/image\/"},"sameAs":["https:\/\/web.facebook.com\/produncanland","https:\/\/www.instagram.com\/pro_duncan\/","https:\/\/www.linkedin.com\/company\/produncan-lands\/","https:\/\/www.youtube.com\/channel\/UCu7N-f3x0svkazD-Eew1-QQ"],"description":"En Produncan somos especialistas en la venta de terrenos en el sur de Chile. Proveemos estancias, campos, parcelas y hoteles.","email":"info@produncan.cl"}]},"og_video":"https:\/\/www.youtube.com\/embed\/DDk0duJvIbY","og_video_type":"text\/html","og_video_duration":"118","og_video_width":"480","og_video_height":"270","ya_ovs_adult":"false","ya_ovs_upload_date":"2025-01-22T15:28:13+00:00","ya_ovs_allow_embed":"true","product_price_currency":"USD","og_availability":"out of stock","product_availability":"out of stock","product_condition":"new"},"_links":{"self":[{"href":"https:\/\/produncan.cl\/en\/wp-json\/wp\/v2\/product\/38493","targetHints":{"allow":["GET"]}}],"collection":[{"href":"https:\/\/produncan.cl\/en\/wp-json\/wp\/v2\/product"}],"about":[{"href":"https:\/\/produncan.cl\/en\/wp-json\/wp\/v2\/types\/product"}],"version-history":[{"count":1,"href":"https:\/\/produncan.cl\/en\/wp-json\/wp\/v2\/product\/38493\/revisions"}],"predecessor-version":[{"id":52355,"href":"https:\/\/produncan.cl\/en\/wp-json\/wp\/v2\/product\/38493\/revisions\/52355"}],"wp:featuredmedia":[{"embeddable":true,"href":"https:\/\/produncan.cl\/en\/wp-json\/wp\/v2\/media\/49358"}],"wp:attachment":[{"href":"https:\/\/produncan.cl\/en\/wp-json\/wp\/v2\/media?parent=38493"}],"wp:term":[{"taxonomy":"product_brand","embeddable":true,"href":"https:\/\/produncan.cl\/en\/wp-json\/wp\/v2\/product_brand?post=38493"},{"taxonomy":"product_cat","embeddable":true,"href":"https:\/\/produncan.cl\/en\/wp-json\/wp\/v2\/product_cat?post=38493"},{"taxonomy":"product_tag","embeddable":true,"href":"https:\/\/produncan.cl\/en\/wp-json\/wp\/v2\/product_tag?post=38493"},{"taxonomy":"regiones","embeddable":true,"href":"https:\/\/produncan.cl\/en\/wp-json\/wp\/v2\/regiones?post=38493"},{"taxonomy":"ciudades","embeddable":true,"href":"https:\/\/produncan.cl\/en\/wp-json\/wp\/v2\/ciudades?post=38493"}],"curies":[{"name":"wp","href":"https:\/\/api.w.org\/{rel}","templated":true}]}}