{"id":40636,"date":"2025-04-23T17:36:30","date_gmt":"2025-04-23T21:36:30","guid":{"rendered":"https:\/\/produncan.cl\/producto\/plot-in-lepihue-maullin-los-lagos-region-chile\/"},"modified":"2026-03-12T13:02:59","modified_gmt":"2026-03-12T16:02:59","slug":"plot-in-lepihue-maullin-los-lagos-region-chile","status":"publish","type":"product","link":"https:\/\/produncan.cl\/en\/property\/plot-in-lepihue-maullin-los-lagos-region-chile\/","title":{"rendered":"Plot in Lepihu\u00e9 &#8211; Maull\u00edn, Los Lagos Region , Chile"},"content":{"rendered":"\t\t<div data-elementor-type=\"product-post\" data-elementor-id=\"40636\" class=\"elementor elementor-40636 elementor-40523\" data-elementor-post-type=\"product\">\n\t\t\t\t<div class=\"elementor-element elementor-element-99df4dd e-flex e-con-boxed e-con e-parent\" data-id=\"99df4dd\" data-element_type=\"container\" data-e-type=\"container\" data-settings=\"{&quot;jet_parallax_layout_list&quot;:[]}\">\n\t\t\t\t\t<div class=\"e-con-inner\">\n\t\t\t\t<div class=\"elementor-element elementor-element-fa0dcf3 elementor-widget elementor-widget-heading\" data-id=\"fa0dcf3\" data-element_type=\"widget\" data-e-type=\"widget\" data-widget_type=\"heading.default\">\n\t\t\t\t\t<h2 class=\"elementor-heading-title elementor-size-default\">1.4 hectare plot of land near the Maull\u00edn River in Lepihu\u00e9<\/h2>\t\t\t\t<\/div>\n\t\t\t\t\t<\/div>\n\t\t\t\t<\/div>\n\t\t<div class=\"elementor-element elementor-element-c83c878 e-flex e-con-boxed e-con e-parent\" data-id=\"c83c878\" data-element_type=\"container\" data-e-type=\"container\" data-settings=\"{&quot;jet_parallax_layout_list&quot;:[]}\">\n\t\t\t\t\t<div class=\"e-con-inner\">\n\t\t\t\t<div class=\"elementor-element elementor-element-2b0f762 elementor-widget elementor-widget-text-editor\" data-id=\"2b0f762\" data-element_type=\"widget\" data-e-type=\"widget\" data-widget_type=\"text-editor.default\">\n\t\t\t\t\t\t\t\t\t<p>Located in the quiet sector of Lepihu\u00e9, in the commune of Maull\u00edn, Los Lagos Region, this 14,000 m\u00b2 agricultural land represents an excellent opportunity for those looking for a fully usable space in harmony with nature. With direct access from a public road and only 270 meters from the paved road, the property stands out for its completely flat topography, optimal sun exposure and proximity to essential services, offering the perfect balance between rural life and connectivity. <\/p>\n<p>This parcel of land in Maull\u00edn, Lepihu\u00e9, has its own water supply, rural drinking water and electricity through the Crell company. Within the land there are two old buildings: a house and a warehouse, both more than 30 years old, which, although not habitable, can be used as a base for new buildings or remodeling. <\/p>\n<p>The natural environment is one of the main attractions of this parcel. Only 280 meters away flows the Maull\u00edn River and nearby are the valuable wetlands of the Maull\u00edn River, a paradise for lovers of biodiversity and bird watching, including species such as flamingos in winter, migratory birds, waterfowl and shorebirds. The area is also the habitat of the huill\u00edn, an endangered <a href=\"https:\/\/produncan.cl\/en\/otter-conservation-in-chile-strategies-and-challenges\/\">species<\/a>.  <\/p>\n<p>The land is partially fenced with mesh and barbed wire, and surrounded by native vegetation such as myrtles, lumas, tepas and temos. Its agricultural land use makes it ideal for developing family farming and cattle raising activities, while preserving the ecological value of the environment. <\/p>\n<p>In terms of location, it is 56 minutes from El Tepual airport and a short distance from the cities of Maull\u00edn and Los Muermos. The surrounding area includes places such as Pangal Beach, the Amortajado Peninsula and Mar Brava beach in Carelmapu, an unmissable spot for surfing and coastal tourism. <\/p>\n<p>An excellent opportunity to invest in land with agricultural potential, unique biodiversity and privileged access in the south of Chile. Schedule your visit! <\/p>\n\t\t\t\t\t\t\t\t<\/div>\n\t\t\t\t\t<\/div>\n\t\t\t\t<\/div>\n\t\t\t\t<\/div>\n\t\t","protected":false},"excerpt":{"rendered":"<p>Plot in Maull\u00edn, Lepihu\u00e9, 1.4 hectares, 100% flat meadow, electricity, rural drinking water (APR), direct access from public road and 270 meters from asphalt. Located 280 meters from the Maull\u00edn river and close to unique natural attractions. <\/p>\n","protected":false},"featured_media":54523,"template":"","meta":{"_acf_changed":false},"product_brand":[],"product_cat":[110],"product_tag":[188,189],"regiones":[226],"ciudades":[457],"class_list":{"0":"post-40636","1":"product","2":"type-product","3":"status-publish","4":"has-post-thumbnail","6":"product_cat-nuble-los_lagos-en","7":"product_tag-plots","8":"product_tag-touristic-properties","9":"regiones-nuble-los_lagos","10":"ciudades-maullin","12":"first","13":"outofstock","14":"shipping-taxable","15":"product-type-simple"},"acf":[],"yoast_head":"<!-- This site is optimized with the Yoast SEO Premium plugin v26.0 (Yoast SEO v27.3) - https:\/\/yoast.com\/product\/yoast-seo-premium-wordpress\/ -->\n<title>Plot in Lepihu\u00e9 - Maull\u00edn, Los Lagos Region , Chile - Produncan<\/title>\n<meta name=\"description\" content=\"Plot in Lepihu\u00e9 with 1.75 hectares, electricity, drinking water and direct access from the road. Located near the Maull\u00edn river.\" \/>\n<meta name=\"robots\" content=\"index, follow, max-snippet:-1, max-image-preview:large, max-video-preview:-1\" \/>\n<link rel=\"canonical\" href=\"https:\/\/produncan.cl\/en\/property\/plot-in-lepihue-maullin-los-lagos-region-chile\/\" \/>\n<meta property=\"og:locale\" content=\"en_US\" \/>\n<meta property=\"og:type\" content=\"article\" \/>\n<meta property=\"og:title\" content=\"Plot in Lepihu\u00e9 - Maull\u00edn, Los Lagos Region , Chile\" \/>\n<meta property=\"og:description\" content=\"Plot in Lepihu\u00e9 with 1.75 hectares, electricity, drinking water and direct access from the road. Located near the Maull\u00edn river.\" \/>\n<meta property=\"og:url\" content=\"https:\/\/produncan.cl\/en\/property\/plot-in-lepihue-maullin-los-lagos-region-chile\/\" \/>\n<meta property=\"og:site_name\" content=\"Produncan\" \/>\n<meta property=\"article:publisher\" content=\"https:\/\/web.facebook.com\/produncanland\" \/>\n<meta property=\"article:modified_time\" content=\"2026-03-12T16:02:59+00:00\" \/>\n<meta property=\"og:image\" content=\"https:\/\/produncan.cl\/wp-content\/uploads\/2025\/04\/Parcela-Lepihue-Vendido.webp\" \/>\n\t<meta property=\"og:image:width\" content=\"600\" \/>\n\t<meta property=\"og:image:height\" content=\"450\" \/>\n\t<meta property=\"og:image:type\" content=\"image\/webp\" \/>\n<meta name=\"twitter:card\" content=\"summary_large_image\" \/>\n<meta name=\"twitter:label1\" content=\"Price\" \/>\n\t<meta name=\"twitter:data1\" content=\"\" \/>\n\t<meta name=\"twitter:label2\" content=\"Availability\" \/>\n\t<meta name=\"twitter:data2\" content=\"Out of stock\" \/>\n<script type=\"application\/ld+json\" class=\"yoast-schema-graph\">{\"@context\":\"https:\\\/\\\/schema.org\",\"@graph\":[{\"@type\":\"WebPage\",\"@id\":\"https:\\\/\\\/produncan.cl\\\/en\\\/property\\\/plot-in-lepihue-maullin-los-lagos-region-chile\\\/\",\"url\":\"https:\\\/\\\/produncan.cl\\\/en\\\/property\\\/plot-in-lepihue-maullin-los-lagos-region-chile\\\/\",\"name\":\"Plot in Lepihu\u00e9 - Maull\u00edn, Los Lagos Region , Chile - Produncan\",\"isPartOf\":{\"@id\":\"https:\\\/\\\/produncan.cl\\\/en\\\/#website\"},\"primaryImageOfPage\":{\"@id\":\"https:\\\/\\\/produncan.cl\\\/en\\\/property\\\/plot-in-lepihue-maullin-los-lagos-region-chile\\\/#primaryimage\"},\"image\":{\"@id\":\"https:\\\/\\\/produncan.cl\\\/en\\\/property\\\/plot-in-lepihue-maullin-los-lagos-region-chile\\\/#primaryimage\"},\"thumbnailUrl\":\"https:\\\/\\\/produncan.cl\\\/wp-content\\\/uploads\\\/2025\\\/04\\\/Parcela-Lepihue-Vendido.webp\",\"datePublished\":\"2025-04-23T21:36:30+00:00\",\"dateModified\":\"2026-03-12T16:02:59+00:00\",\"description\":\"Plot in Lepihu\u00e9 with 1.75 hectares, electricity, drinking water and direct access from the road. Located near the Maull\u00edn river.\",\"breadcrumb\":{\"@id\":\"https:\\\/\\\/produncan.cl\\\/en\\\/property\\\/plot-in-lepihue-maullin-los-lagos-region-chile\\\/#breadcrumb\"},\"inLanguage\":\"en-US\",\"potentialAction\":[{\"@type\":\"ReadAction\",\"target\":[\"https:\\\/\\\/produncan.cl\\\/en\\\/property\\\/plot-in-lepihue-maullin-los-lagos-region-chile\\\/\"]}]},{\"@type\":\"ImageObject\",\"inLanguage\":\"en-US\",\"@id\":\"https:\\\/\\\/produncan.cl\\\/en\\\/property\\\/plot-in-lepihue-maullin-los-lagos-region-chile\\\/#primaryimage\",\"url\":\"https:\\\/\\\/produncan.cl\\\/wp-content\\\/uploads\\\/2025\\\/04\\\/Parcela-Lepihue-Vendido.webp\",\"contentUrl\":\"https:\\\/\\\/produncan.cl\\\/wp-content\\\/uploads\\\/2025\\\/04\\\/Parcela-Lepihue-Vendido.webp\",\"width\":600,\"height\":450,\"caption\":\"Parcela Lepihu\u00e9 Vendido\"},{\"@type\":\"BreadcrumbList\",\"@id\":\"https:\\\/\\\/produncan.cl\\\/en\\\/property\\\/plot-in-lepihue-maullin-los-lagos-region-chile\\\/#breadcrumb\",\"itemListElement\":[{\"@type\":\"ListItem\",\"position\":1,\"name\":\"Inicio\",\"item\":\"https:\\\/\\\/produncan.cl\\\/en\\\/\"},{\"@type\":\"ListItem\",\"position\":2,\"name\":\"Properties\",\"item\":\"https:\\\/\\\/produncan.cl\\\/propiedades\\\/\"},{\"@type\":\"ListItem\",\"position\":3,\"name\":\"plots\",\"item\":\"https:\\\/\\\/produncan.cl\\\/en\\\/property-type\\\/plots\\\/\"},{\"@type\":\"ListItem\",\"position\":4,\"name\":\"Plot in Lepihu\u00e9 &#8211; Maull\u00edn, Los Lagos Region , Chile\"}]},{\"@type\":\"WebSite\",\"@id\":\"https:\\\/\\\/produncan.cl\\\/en\\\/#website\",\"url\":\"https:\\\/\\\/produncan.cl\\\/en\\\/\",\"name\":\"Produncan\",\"description\":\"We accompany you in your life project!\",\"publisher\":{\"@id\":\"https:\\\/\\\/produncan.cl\\\/en\\\/#organization\"},\"potentialAction\":[{\"@type\":\"SearchAction\",\"target\":{\"@type\":\"EntryPoint\",\"urlTemplate\":\"https:\\\/\\\/produncan.cl\\\/en\\\/?s={search_term_string}\"},\"query-input\":{\"@type\":\"PropertyValueSpecification\",\"valueRequired\":true,\"valueName\":\"search_term_string\"}}],\"inLanguage\":\"en-US\"},{\"@type\":\"Organization\",\"@id\":\"https:\\\/\\\/produncan.cl\\\/en\\\/#organization\",\"name\":\"Produncan\",\"url\":\"https:\\\/\\\/produncan.cl\\\/en\\\/\",\"logo\":{\"@type\":\"ImageObject\",\"inLanguage\":\"en-US\",\"@id\":\"https:\\\/\\\/produncan.cl\\\/en\\\/#\\\/schema\\\/logo\\\/image\\\/\",\"url\":\"https:\\\/\\\/produncan.cl\\\/wp-content\\\/uploads\\\/2021\\\/03\\\/LOGO.jpeg\",\"contentUrl\":\"https:\\\/\\\/produncan.cl\\\/wp-content\\\/uploads\\\/2021\\\/03\\\/LOGO.jpeg\",\"width\":1280,\"height\":903,\"caption\":\"Produncan\"},\"image\":{\"@id\":\"https:\\\/\\\/produncan.cl\\\/en\\\/#\\\/schema\\\/logo\\\/image\\\/\"},\"sameAs\":[\"https:\\\/\\\/web.facebook.com\\\/produncanland\",\"https:\\\/\\\/www.instagram.com\\\/pro_duncan\\\/\",\"https:\\\/\\\/www.linkedin.com\\\/company\\\/produncan-lands\\\/\",\"https:\\\/\\\/www.youtube.com\\\/channel\\\/UCu7N-f3x0svkazD-Eew1-QQ\"],\"description\":\"En Produncan somos especialistas en la venta de terrenos en el sur de Chile. Proveemos estancias, campos, parcelas y hoteles.\",\"email\":\"info@produncan.cl\"}]}<\/script>\n<meta property=\"og:video\" content=\"https:\/\/www.youtube.com\/embed\/JChxyaVbzsM\" \/>\n<meta property=\"og:video:type\" content=\"text\/html\" \/>\n<meta property=\"og:video:duration\" content=\"64\" \/>\n<meta property=\"og:video:width\" content=\"480\" \/>\n<meta property=\"og:video:height\" content=\"270\" \/>\n<meta property=\"ya:ovs:adult\" content=\"false\" \/>\n<meta property=\"ya:ovs:upload_date\" content=\"2025-04-23T21:36:30+00:00\" \/>\n<meta property=\"ya:ovs:allow_embed\" content=\"true\" \/>\n<meta property=\"product:price:currency\" content=\"USD\" \/>\n<meta property=\"og:availability\" content=\"out of stock\" \/>\n<meta property=\"product:availability\" content=\"out of stock\" \/>\n<meta property=\"product:condition\" content=\"new\" \/>\n<!-- \/ Yoast SEO Premium plugin. -->","yoast_head_json":{"title":"Plot in Lepihu\u00e9 - Maull\u00edn, Los Lagos Region , Chile - Produncan","description":"Plot in Lepihu\u00e9 with 1.75 hectares, electricity, drinking water and direct access from the road. Located near the Maull\u00edn river.","robots":{"index":"index","follow":"follow","max-snippet":"max-snippet:-1","max-image-preview":"max-image-preview:large","max-video-preview":"max-video-preview:-1"},"canonical":"https:\/\/produncan.cl\/en\/property\/plot-in-lepihue-maullin-los-lagos-region-chile\/","og_locale":"en_US","og_type":"article","og_title":"Plot in Lepihu\u00e9 - Maull\u00edn, Los Lagos Region , Chile","og_description":"Plot in Lepihu\u00e9 with 1.75 hectares, electricity, drinking water and direct access from the road. Located near the Maull\u00edn river.","og_url":"https:\/\/produncan.cl\/en\/property\/plot-in-lepihue-maullin-los-lagos-region-chile\/","og_site_name":"Produncan","article_publisher":"https:\/\/web.facebook.com\/produncanland","article_modified_time":"2026-03-12T16:02:59+00:00","og_image":[{"width":600,"height":450,"url":"https:\/\/produncan.cl\/wp-content\/uploads\/2025\/04\/Parcela-Lepihue-Vendido.webp","type":"image\/webp"}],"twitter_card":"summary_large_image","twitter_misc":{"Price":"","Availability":"Out of stock"},"schema":{"@context":"https:\/\/schema.org","@graph":[{"@type":"WebPage","@id":"https:\/\/produncan.cl\/en\/property\/plot-in-lepihue-maullin-los-lagos-region-chile\/","url":"https:\/\/produncan.cl\/en\/property\/plot-in-lepihue-maullin-los-lagos-region-chile\/","name":"Plot in Lepihu\u00e9 - Maull\u00edn, Los Lagos Region , Chile - Produncan","isPartOf":{"@id":"https:\/\/produncan.cl\/en\/#website"},"primaryImageOfPage":{"@id":"https:\/\/produncan.cl\/en\/property\/plot-in-lepihue-maullin-los-lagos-region-chile\/#primaryimage"},"image":{"@id":"https:\/\/produncan.cl\/en\/property\/plot-in-lepihue-maullin-los-lagos-region-chile\/#primaryimage"},"thumbnailUrl":"https:\/\/produncan.cl\/wp-content\/uploads\/2025\/04\/Parcela-Lepihue-Vendido.webp","datePublished":"2025-04-23T21:36:30+00:00","dateModified":"2026-03-12T16:02:59+00:00","description":"Plot in Lepihu\u00e9 with 1.75 hectares, electricity, drinking water and direct access from the road. Located near the Maull\u00edn river.","breadcrumb":{"@id":"https:\/\/produncan.cl\/en\/property\/plot-in-lepihue-maullin-los-lagos-region-chile\/#breadcrumb"},"inLanguage":"en-US","potentialAction":[{"@type":"ReadAction","target":["https:\/\/produncan.cl\/en\/property\/plot-in-lepihue-maullin-los-lagos-region-chile\/"]}]},{"@type":"ImageObject","inLanguage":"en-US","@id":"https:\/\/produncan.cl\/en\/property\/plot-in-lepihue-maullin-los-lagos-region-chile\/#primaryimage","url":"https:\/\/produncan.cl\/wp-content\/uploads\/2025\/04\/Parcela-Lepihue-Vendido.webp","contentUrl":"https:\/\/produncan.cl\/wp-content\/uploads\/2025\/04\/Parcela-Lepihue-Vendido.webp","width":600,"height":450,"caption":"Parcela Lepihu\u00e9 Vendido"},{"@type":"BreadcrumbList","@id":"https:\/\/produncan.cl\/en\/property\/plot-in-lepihue-maullin-los-lagos-region-chile\/#breadcrumb","itemListElement":[{"@type":"ListItem","position":1,"name":"Inicio","item":"https:\/\/produncan.cl\/en\/"},{"@type":"ListItem","position":2,"name":"Properties","item":"https:\/\/produncan.cl\/propiedades\/"},{"@type":"ListItem","position":3,"name":"plots","item":"https:\/\/produncan.cl\/en\/property-type\/plots\/"},{"@type":"ListItem","position":4,"name":"Plot in Lepihu\u00e9 &#8211; Maull\u00edn, Los Lagos Region , Chile"}]},{"@type":"WebSite","@id":"https:\/\/produncan.cl\/en\/#website","url":"https:\/\/produncan.cl\/en\/","name":"Produncan","description":"We accompany you in your life project!","publisher":{"@id":"https:\/\/produncan.cl\/en\/#organization"},"potentialAction":[{"@type":"SearchAction","target":{"@type":"EntryPoint","urlTemplate":"https:\/\/produncan.cl\/en\/?s={search_term_string}"},"query-input":{"@type":"PropertyValueSpecification","valueRequired":true,"valueName":"search_term_string"}}],"inLanguage":"en-US"},{"@type":"Organization","@id":"https:\/\/produncan.cl\/en\/#organization","name":"Produncan","url":"https:\/\/produncan.cl\/en\/","logo":{"@type":"ImageObject","inLanguage":"en-US","@id":"https:\/\/produncan.cl\/en\/#\/schema\/logo\/image\/","url":"https:\/\/produncan.cl\/wp-content\/uploads\/2021\/03\/LOGO.jpeg","contentUrl":"https:\/\/produncan.cl\/wp-content\/uploads\/2021\/03\/LOGO.jpeg","width":1280,"height":903,"caption":"Produncan"},"image":{"@id":"https:\/\/produncan.cl\/en\/#\/schema\/logo\/image\/"},"sameAs":["https:\/\/web.facebook.com\/produncanland","https:\/\/www.instagram.com\/pro_duncan\/","https:\/\/www.linkedin.com\/company\/produncan-lands\/","https:\/\/www.youtube.com\/channel\/UCu7N-f3x0svkazD-Eew1-QQ"],"description":"En Produncan somos especialistas en la venta de terrenos en el sur de Chile. Proveemos estancias, campos, parcelas y hoteles.","email":"info@produncan.cl"}]},"og_video":"https:\/\/www.youtube.com\/embed\/JChxyaVbzsM","og_video_type":"text\/html","og_video_duration":"64","og_video_width":"480","og_video_height":"270","ya_ovs_adult":"false","ya_ovs_upload_date":"2025-04-23T21:36:30+00:00","ya_ovs_allow_embed":"true","product_price_currency":"USD","og_availability":"out of stock","product_availability":"out of stock","product_condition":"new"},"_links":{"self":[{"href":"https:\/\/produncan.cl\/en\/wp-json\/wp\/v2\/product\/40636","targetHints":{"allow":["GET"]}}],"collection":[{"href":"https:\/\/produncan.cl\/en\/wp-json\/wp\/v2\/product"}],"about":[{"href":"https:\/\/produncan.cl\/en\/wp-json\/wp\/v2\/types\/product"}],"version-history":[{"count":3,"href":"https:\/\/produncan.cl\/en\/wp-json\/wp\/v2\/product\/40636\/revisions"}],"predecessor-version":[{"id":54528,"href":"https:\/\/produncan.cl\/en\/wp-json\/wp\/v2\/product\/40636\/revisions\/54528"}],"wp:featuredmedia":[{"embeddable":true,"href":"https:\/\/produncan.cl\/en\/wp-json\/wp\/v2\/media\/54523"}],"wp:attachment":[{"href":"https:\/\/produncan.cl\/en\/wp-json\/wp\/v2\/media?parent=40636"}],"wp:term":[{"taxonomy":"product_brand","embeddable":true,"href":"https:\/\/produncan.cl\/en\/wp-json\/wp\/v2\/product_brand?post=40636"},{"taxonomy":"product_cat","embeddable":true,"href":"https:\/\/produncan.cl\/en\/wp-json\/wp\/v2\/product_cat?post=40636"},{"taxonomy":"product_tag","embeddable":true,"href":"https:\/\/produncan.cl\/en\/wp-json\/wp\/v2\/product_tag?post=40636"},{"taxonomy":"regiones","embeddable":true,"href":"https:\/\/produncan.cl\/en\/wp-json\/wp\/v2\/regiones?post=40636"},{"taxonomy":"ciudades","embeddable":true,"href":"https:\/\/produncan.cl\/en\/wp-json\/wp\/v2\/ciudades?post=40636"}],"curies":[{"name":"wp","href":"https:\/\/api.w.org\/{rel}","templated":true}]}}