{"id":41586,"date":"2025-05-30T17:38:49","date_gmt":"2025-05-30T21:38:49","guid":{"rendered":"https:\/\/produncan.cl\/producto\/farm-in-nanculen-la-union-los-rios-region\/"},"modified":"2025-12-04T16:55:56","modified_gmt":"2025-12-04T19:55:56","slug":"farm-in-nanculen-la-union-los-rios-region","status":"publish","type":"product","link":"https:\/\/produncan.cl\/en\/property\/farm-in-nanculen-la-union-los-rios-region\/","title":{"rendered":"Farm in \u00d1ancul\u00e9n, La Uni\u00f3n &#8211; Los R\u00edos Region"},"content":{"rendered":"\t\t<div data-elementor-type=\"product-post\" data-elementor-id=\"41586\" class=\"elementor elementor-41586 elementor-41398\" data-elementor-post-type=\"product\">\n\t\t\t\t<div class=\"elementor-element elementor-element-47488a8 e-flex e-con-boxed e-con e-parent\" data-id=\"47488a8\" data-element_type=\"container\" data-e-type=\"container\" data-settings=\"{&quot;jet_parallax_layout_list&quot;:[]}\">\n\t\t\t\t\t<div class=\"e-con-inner\">\n\t\t\t\t<div class=\"elementor-element elementor-element-515e82d elementor-widget elementor-widget-heading\" data-id=\"515e82d\" data-element_type=\"widget\" data-e-type=\"widget\" data-widget_type=\"heading.default\">\n\t\t\t\t\t<h2 class=\"elementor-heading-title elementor-size-default\">Field of 150.9 hectares, flat, asphalted access and 1.8 km of river.<\/h2>\t\t\t\t<\/div>\n\t\t\t\t\t<\/div>\n\t\t\t\t<\/div>\n\t\t<div class=\"elementor-element elementor-element-062cc07 e-flex e-con-boxed e-con e-parent\" data-id=\"062cc07\" data-element_type=\"container\" data-e-type=\"container\" data-settings=\"{&quot;jet_parallax_layout_list&quot;:[]}\">\n\t\t\t\t\t<div class=\"e-con-inner\">\n\t\t\t\t<div class=\"elementor-element elementor-element-b95bd9a elementor-widget elementor-widget-text-editor\" data-id=\"b95bd9a\" data-element_type=\"widget\" data-e-type=\"widget\" data-widget_type=\"text-editor.default\">\n\t\t\t\t\t\t\t\t\t<p>This spectacular <strong>150.9 hectare<\/strong> field is located in the Los R\u00edos Region, in the commune of La Uni\u00f3n. With direct access by <strong>paved road<\/strong> -820 meters adjacent to the asphalt- and a mostly flat topography, this land offers ideal conditions for agricultural and livestock development combining productivity and natural beauty in the same place. <\/p><p>This farm in La Uni\u00f3n is composed of <strong>two roles<\/strong>, and has <strong>agricultural, livestock and forestry land use<\/strong>, with soils classified as class 1, 2 and 5, which allows for a wide range of productive activities. Estimates indicate that the farm is distributed in 50% of <strong>native forest<\/strong>, mostly renewable (with species such as myrtle, cinnamon, hualles and coihues) and 50% of <strong>clean grasslands<\/strong>, usable for planting or grazing. <\/p><p>In its northeastern sector, the farm <strong>borders the river for 1.8 linear kilometers<\/strong>, which adds exceptional natural and scenic value. In addition, the property has <strong>interior roads<\/strong>, which facilitates the displacement and projection of subdivisions or work areas. <\/p><p>There is feasibility of electrical connection through the company Saesa, with poles located on the road. As for water, an APR project is in process for the area. Sun exposure is excellent throughout the day, and it is completely fenced with wooden posts.  <\/p><p>The farm in La Uni\u00f3n, \u00d1ancul\u00e9n, is located only <strong>30 minutes from the city of La Uni\u00f3n<\/strong> and <strong>1 hour from the Ca\u00f1al Bajo de Osorno airport<\/strong>, with good connectivity and telecommunications coverage. In addition, in the surrounding area there are tourist destinations such as the Alerce Costero National Park, Lago Ranco, La Leona waterfall and the Hueicolla beach resort. <\/p><p>A property with high productive and natural potential, ideal for medium and long term investments, in one of the most fertile and pristine regions of southern Chile.<\/p>\t\t\t\t\t\t\t\t<\/div>\n\t\t\t\t\t<\/div>\n\t\t\t\t<\/div>\n\t\t\t\t<\/div>\n\t\t","protected":false},"excerpt":{"rendered":"<p>Farm in La Union of 151 hectares. Flat topography, 1.8 kilometers from river, direct access from paved public road, 50% meadow, 50% native renewable, electricity, APR in process and telecommunications signal. <\/p>\n","protected":false},"featured_media":41407,"template":"","meta":{"_acf_changed":false},"product_brand":[],"product_cat":[110],"product_tag":[187],"regiones":[226],"ciudades":[215],"class_list":{"0":"post-41586","1":"product","2":"type-product","3":"status-publish","4":"has-post-thumbnail","6":"product_cat-nuble-los_lagos-en","7":"product_tag-fields","8":"regiones-nuble-los_lagos","9":"ciudades-la-union","11":"first","12":"instock","13":"shipping-taxable","14":"purchasable","15":"product-type-simple"},"acf":[],"yoast_head":"<!-- This site is optimized with the Yoast SEO Premium plugin v26.0 (Yoast SEO v27.3) - https:\/\/yoast.com\/product\/yoast-seo-premium-wordpress\/ -->\n<title>Farm in \u00d1ancul\u00e9n, La Uni\u00f3n - Los R\u00edos Region - Produncan<\/title>\n<meta name=\"description\" content=\"Field in La Union of 151 ha, flat, with 1.8 km of river. Access from paved road, 50% meadow, 50% native, electricity, APR in process and good signal.\" \/>\n<meta name=\"robots\" content=\"index, follow, max-snippet:-1, max-image-preview:large, max-video-preview:-1\" \/>\n<link rel=\"canonical\" href=\"https:\/\/produncan.cl\/en\/property\/farm-in-nanculen-la-union-los-rios-region\/\" \/>\n<meta property=\"og:locale\" content=\"en_US\" \/>\n<meta property=\"og:type\" content=\"article\" \/>\n<meta property=\"og:title\" content=\"Farm in \u00d1ancul\u00e9n, La Uni\u00f3n - Los R\u00edos Region\" \/>\n<meta property=\"og:description\" content=\"Field in La Union of 151 ha, flat, with 1.8 km of river. Access from paved road, 50% meadow, 50% native, electricity, APR in process and good signal.\" \/>\n<meta property=\"og:url\" content=\"https:\/\/produncan.cl\/en\/property\/farm-in-nanculen-la-union-los-rios-region\/\" \/>\n<meta property=\"og:site_name\" content=\"Produncan\" \/>\n<meta property=\"article:publisher\" content=\"https:\/\/web.facebook.com\/produncanland\" \/>\n<meta property=\"article:modified_time\" content=\"2025-12-04T19:55:56+00:00\" \/>\n<meta property=\"og:image\" content=\"https:\/\/produncan.cl\/wp-content\/uploads\/2025\/05\/Campo-en-venta-en-Nanculen.webp\" \/>\n\t<meta property=\"og:image:width\" content=\"800\" \/>\n\t<meta property=\"og:image:height\" content=\"600\" \/>\n\t<meta property=\"og:image:type\" content=\"image\/webp\" \/>\n<meta name=\"twitter:card\" content=\"summary_large_image\" \/>\n<meta name=\"twitter:label1\" content=\"Price\" \/>\n\t<meta name=\"twitter:data1\" content=\"USD2.378.500,00\" \/>\n\t<meta name=\"twitter:label2\" content=\"Availability\" \/>\n\t<meta name=\"twitter:data2\" content=\"In stock\" \/>\n<script type=\"application\/ld+json\" class=\"yoast-schema-graph\">{\"@context\":\"https:\\\/\\\/schema.org\",\"@graph\":[{\"@type\":\"WebPage\",\"@id\":\"https:\\\/\\\/produncan.cl\\\/en\\\/property\\\/farm-in-nanculen-la-union-los-rios-region\\\/\",\"url\":\"https:\\\/\\\/produncan.cl\\\/en\\\/property\\\/farm-in-nanculen-la-union-los-rios-region\\\/\",\"name\":\"Farm in \u00d1ancul\u00e9n, La Uni\u00f3n - Los R\u00edos Region - Produncan\",\"isPartOf\":{\"@id\":\"https:\\\/\\\/produncan.cl\\\/en\\\/#website\"},\"primaryImageOfPage\":{\"@id\":\"https:\\\/\\\/produncan.cl\\\/en\\\/property\\\/farm-in-nanculen-la-union-los-rios-region\\\/#primaryimage\"},\"image\":{\"@id\":\"https:\\\/\\\/produncan.cl\\\/en\\\/property\\\/farm-in-nanculen-la-union-los-rios-region\\\/#primaryimage\"},\"thumbnailUrl\":\"https:\\\/\\\/produncan.cl\\\/wp-content\\\/uploads\\\/2025\\\/05\\\/Campo-en-venta-en-Nanculen.webp\",\"datePublished\":\"2025-05-30T21:38:49+00:00\",\"dateModified\":\"2025-12-04T19:55:56+00:00\",\"description\":\"Field in La Union of 151 ha, flat, with 1.8 km of river. Access from paved road, 50% meadow, 50% native, electricity, APR in process and good signal.\",\"breadcrumb\":{\"@id\":\"https:\\\/\\\/produncan.cl\\\/en\\\/property\\\/farm-in-nanculen-la-union-los-rios-region\\\/#breadcrumb\"},\"inLanguage\":\"en-US\",\"potentialAction\":[{\"@type\":\"ReadAction\",\"target\":[\"https:\\\/\\\/produncan.cl\\\/en\\\/property\\\/farm-in-nanculen-la-union-los-rios-region\\\/\"]}]},{\"@type\":\"ImageObject\",\"inLanguage\":\"en-US\",\"@id\":\"https:\\\/\\\/produncan.cl\\\/en\\\/property\\\/farm-in-nanculen-la-union-los-rios-region\\\/#primaryimage\",\"url\":\"https:\\\/\\\/produncan.cl\\\/wp-content\\\/uploads\\\/2025\\\/05\\\/Campo-en-venta-en-Nanculen.webp\",\"contentUrl\":\"https:\\\/\\\/produncan.cl\\\/wp-content\\\/uploads\\\/2025\\\/05\\\/Campo-en-venta-en-Nanculen.webp\",\"width\":800,\"height\":600,\"caption\":\"Field for sale in Los Angeles\"},{\"@type\":\"BreadcrumbList\",\"@id\":\"https:\\\/\\\/produncan.cl\\\/en\\\/property\\\/farm-in-nanculen-la-union-los-rios-region\\\/#breadcrumb\",\"itemListElement\":[{\"@type\":\"ListItem\",\"position\":1,\"name\":\"Inicio\",\"item\":\"https:\\\/\\\/produncan.cl\\\/en\\\/\"},{\"@type\":\"ListItem\",\"position\":2,\"name\":\"Properties\",\"item\":\"https:\\\/\\\/produncan.cl\\\/propiedades\\\/\"},{\"@type\":\"ListItem\",\"position\":3,\"name\":\"Fields\",\"item\":\"https:\\\/\\\/produncan.cl\\\/en\\\/property-type\\\/fields\\\/\"},{\"@type\":\"ListItem\",\"position\":4,\"name\":\"Farm in \u00d1ancul\u00e9n, La Uni\u00f3n &#8211; Los R\u00edos Region\"}]},{\"@type\":\"WebSite\",\"@id\":\"https:\\\/\\\/produncan.cl\\\/en\\\/#website\",\"url\":\"https:\\\/\\\/produncan.cl\\\/en\\\/\",\"name\":\"Produncan\",\"description\":\"We accompany you in your life project!\",\"publisher\":{\"@id\":\"https:\\\/\\\/produncan.cl\\\/en\\\/#organization\"},\"potentialAction\":[{\"@type\":\"SearchAction\",\"target\":{\"@type\":\"EntryPoint\",\"urlTemplate\":\"https:\\\/\\\/produncan.cl\\\/en\\\/?s={search_term_string}\"},\"query-input\":{\"@type\":\"PropertyValueSpecification\",\"valueRequired\":true,\"valueName\":\"search_term_string\"}}],\"inLanguage\":\"en-US\"},{\"@type\":\"Organization\",\"@id\":\"https:\\\/\\\/produncan.cl\\\/en\\\/#organization\",\"name\":\"Produncan\",\"url\":\"https:\\\/\\\/produncan.cl\\\/en\\\/\",\"logo\":{\"@type\":\"ImageObject\",\"inLanguage\":\"en-US\",\"@id\":\"https:\\\/\\\/produncan.cl\\\/en\\\/#\\\/schema\\\/logo\\\/image\\\/\",\"url\":\"https:\\\/\\\/produncan.cl\\\/wp-content\\\/uploads\\\/2021\\\/03\\\/LOGO.jpeg\",\"contentUrl\":\"https:\\\/\\\/produncan.cl\\\/wp-content\\\/uploads\\\/2021\\\/03\\\/LOGO.jpeg\",\"width\":1280,\"height\":903,\"caption\":\"Produncan\"},\"image\":{\"@id\":\"https:\\\/\\\/produncan.cl\\\/en\\\/#\\\/schema\\\/logo\\\/image\\\/\"},\"sameAs\":[\"https:\\\/\\\/web.facebook.com\\\/produncanland\",\"https:\\\/\\\/www.instagram.com\\\/pro_duncan\\\/\",\"https:\\\/\\\/www.linkedin.com\\\/company\\\/produncan-lands\\\/\",\"https:\\\/\\\/www.youtube.com\\\/channel\\\/UCu7N-f3x0svkazD-Eew1-QQ\"],\"description\":\"En Produncan somos especialistas en la venta de terrenos en el sur de Chile. Proveemos estancias, campos, parcelas y hoteles.\",\"email\":\"info@produncan.cl\"}]}<\/script>\n<meta property=\"og:video\" content=\"https:\/\/www.youtube.com\/embed\/ZpTkjNCZQ_0\" \/>\n<meta property=\"og:video:type\" content=\"text\/html\" \/>\n<meta property=\"og:video:duration\" content=\"71\" \/>\n<meta property=\"og:video:width\" content=\"480\" \/>\n<meta property=\"og:video:height\" content=\"270\" \/>\n<meta property=\"ya:ovs:adult\" content=\"false\" \/>\n<meta property=\"ya:ovs:upload_date\" content=\"2025-05-30T21:38:49+00:00\" \/>\n<meta property=\"ya:ovs:allow_embed\" content=\"true\" \/>\n<meta property=\"product:price:amount\" content=\"2378500.00\" \/>\n<meta property=\"product:price:currency\" content=\"USD\" \/>\n<meta property=\"og:availability\" content=\"instock\" \/>\n<meta property=\"product:availability\" content=\"instock\" \/>\n<meta property=\"product:condition\" content=\"new\" \/>\n<!-- \/ Yoast SEO Premium plugin. -->","yoast_head_json":{"title":"Farm in \u00d1ancul\u00e9n, La Uni\u00f3n - Los R\u00edos Region - Produncan","description":"Field in La Union of 151 ha, flat, with 1.8 km of river. Access from paved road, 50% meadow, 50% native, electricity, APR in process and good signal.","robots":{"index":"index","follow":"follow","max-snippet":"max-snippet:-1","max-image-preview":"max-image-preview:large","max-video-preview":"max-video-preview:-1"},"canonical":"https:\/\/produncan.cl\/en\/property\/farm-in-nanculen-la-union-los-rios-region\/","og_locale":"en_US","og_type":"article","og_title":"Farm in \u00d1ancul\u00e9n, La Uni\u00f3n - Los R\u00edos Region","og_description":"Field in La Union of 151 ha, flat, with 1.8 km of river. Access from paved road, 50% meadow, 50% native, electricity, APR in process and good signal.","og_url":"https:\/\/produncan.cl\/en\/property\/farm-in-nanculen-la-union-los-rios-region\/","og_site_name":"Produncan","article_publisher":"https:\/\/web.facebook.com\/produncanland","article_modified_time":"2025-12-04T19:55:56+00:00","og_image":[{"width":800,"height":600,"url":"https:\/\/produncan.cl\/wp-content\/uploads\/2025\/05\/Campo-en-venta-en-Nanculen.webp","type":"image\/webp"}],"twitter_card":"summary_large_image","twitter_misc":{"Price":"USD2.378.500,00","Availability":"In stock"},"schema":{"@context":"https:\/\/schema.org","@graph":[{"@type":"WebPage","@id":"https:\/\/produncan.cl\/en\/property\/farm-in-nanculen-la-union-los-rios-region\/","url":"https:\/\/produncan.cl\/en\/property\/farm-in-nanculen-la-union-los-rios-region\/","name":"Farm in \u00d1ancul\u00e9n, La Uni\u00f3n - Los R\u00edos Region - Produncan","isPartOf":{"@id":"https:\/\/produncan.cl\/en\/#website"},"primaryImageOfPage":{"@id":"https:\/\/produncan.cl\/en\/property\/farm-in-nanculen-la-union-los-rios-region\/#primaryimage"},"image":{"@id":"https:\/\/produncan.cl\/en\/property\/farm-in-nanculen-la-union-los-rios-region\/#primaryimage"},"thumbnailUrl":"https:\/\/produncan.cl\/wp-content\/uploads\/2025\/05\/Campo-en-venta-en-Nanculen.webp","datePublished":"2025-05-30T21:38:49+00:00","dateModified":"2025-12-04T19:55:56+00:00","description":"Field in La Union of 151 ha, flat, with 1.8 km of river. Access from paved road, 50% meadow, 50% native, electricity, APR in process and good signal.","breadcrumb":{"@id":"https:\/\/produncan.cl\/en\/property\/farm-in-nanculen-la-union-los-rios-region\/#breadcrumb"},"inLanguage":"en-US","potentialAction":[{"@type":"ReadAction","target":["https:\/\/produncan.cl\/en\/property\/farm-in-nanculen-la-union-los-rios-region\/"]}]},{"@type":"ImageObject","inLanguage":"en-US","@id":"https:\/\/produncan.cl\/en\/property\/farm-in-nanculen-la-union-los-rios-region\/#primaryimage","url":"https:\/\/produncan.cl\/wp-content\/uploads\/2025\/05\/Campo-en-venta-en-Nanculen.webp","contentUrl":"https:\/\/produncan.cl\/wp-content\/uploads\/2025\/05\/Campo-en-venta-en-Nanculen.webp","width":800,"height":600,"caption":"Field for sale in Los Angeles"},{"@type":"BreadcrumbList","@id":"https:\/\/produncan.cl\/en\/property\/farm-in-nanculen-la-union-los-rios-region\/#breadcrumb","itemListElement":[{"@type":"ListItem","position":1,"name":"Inicio","item":"https:\/\/produncan.cl\/en\/"},{"@type":"ListItem","position":2,"name":"Properties","item":"https:\/\/produncan.cl\/propiedades\/"},{"@type":"ListItem","position":3,"name":"Fields","item":"https:\/\/produncan.cl\/en\/property-type\/fields\/"},{"@type":"ListItem","position":4,"name":"Farm in \u00d1ancul\u00e9n, La Uni\u00f3n &#8211; Los R\u00edos Region"}]},{"@type":"WebSite","@id":"https:\/\/produncan.cl\/en\/#website","url":"https:\/\/produncan.cl\/en\/","name":"Produncan","description":"We accompany you in your life project!","publisher":{"@id":"https:\/\/produncan.cl\/en\/#organization"},"potentialAction":[{"@type":"SearchAction","target":{"@type":"EntryPoint","urlTemplate":"https:\/\/produncan.cl\/en\/?s={search_term_string}"},"query-input":{"@type":"PropertyValueSpecification","valueRequired":true,"valueName":"search_term_string"}}],"inLanguage":"en-US"},{"@type":"Organization","@id":"https:\/\/produncan.cl\/en\/#organization","name":"Produncan","url":"https:\/\/produncan.cl\/en\/","logo":{"@type":"ImageObject","inLanguage":"en-US","@id":"https:\/\/produncan.cl\/en\/#\/schema\/logo\/image\/","url":"https:\/\/produncan.cl\/wp-content\/uploads\/2021\/03\/LOGO.jpeg","contentUrl":"https:\/\/produncan.cl\/wp-content\/uploads\/2021\/03\/LOGO.jpeg","width":1280,"height":903,"caption":"Produncan"},"image":{"@id":"https:\/\/produncan.cl\/en\/#\/schema\/logo\/image\/"},"sameAs":["https:\/\/web.facebook.com\/produncanland","https:\/\/www.instagram.com\/pro_duncan\/","https:\/\/www.linkedin.com\/company\/produncan-lands\/","https:\/\/www.youtube.com\/channel\/UCu7N-f3x0svkazD-Eew1-QQ"],"description":"En Produncan somos especialistas en la venta de terrenos en el sur de Chile. Proveemos estancias, campos, parcelas y hoteles.","email":"info@produncan.cl"}]},"og_video":"https:\/\/www.youtube.com\/embed\/ZpTkjNCZQ_0","og_video_type":"text\/html","og_video_duration":"71","og_video_width":"480","og_video_height":"270","ya_ovs_adult":"false","ya_ovs_upload_date":"2025-05-30T21:38:49+00:00","ya_ovs_allow_embed":"true","product_price_amount":"2378500.00","product_price_currency":"USD","og_availability":"instock","product_availability":"instock","product_condition":"new"},"_links":{"self":[{"href":"https:\/\/produncan.cl\/en\/wp-json\/wp\/v2\/product\/41586","targetHints":{"allow":["GET"]}}],"collection":[{"href":"https:\/\/produncan.cl\/en\/wp-json\/wp\/v2\/product"}],"about":[{"href":"https:\/\/produncan.cl\/en\/wp-json\/wp\/v2\/types\/product"}],"version-history":[{"count":2,"href":"https:\/\/produncan.cl\/en\/wp-json\/wp\/v2\/product\/41586\/revisions"}],"predecessor-version":[{"id":51638,"href":"https:\/\/produncan.cl\/en\/wp-json\/wp\/v2\/product\/41586\/revisions\/51638"}],"wp:featuredmedia":[{"embeddable":true,"href":"https:\/\/produncan.cl\/en\/wp-json\/wp\/v2\/media\/41407"}],"wp:attachment":[{"href":"https:\/\/produncan.cl\/en\/wp-json\/wp\/v2\/media?parent=41586"}],"wp:term":[{"taxonomy":"product_brand","embeddable":true,"href":"https:\/\/produncan.cl\/en\/wp-json\/wp\/v2\/product_brand?post=41586"},{"taxonomy":"product_cat","embeddable":true,"href":"https:\/\/produncan.cl\/en\/wp-json\/wp\/v2\/product_cat?post=41586"},{"taxonomy":"product_tag","embeddable":true,"href":"https:\/\/produncan.cl\/en\/wp-json\/wp\/v2\/product_tag?post=41586"},{"taxonomy":"regiones","embeddable":true,"href":"https:\/\/produncan.cl\/en\/wp-json\/wp\/v2\/regiones?post=41586"},{"taxonomy":"ciudades","embeddable":true,"href":"https:\/\/produncan.cl\/en\/wp-json\/wp\/v2\/ciudades?post=41586"}],"curies":[{"name":"wp","href":"https:\/\/api.w.org\/{rel}","templated":true}]}}