{"id":42384,"date":"2025-06-24T12:53:51","date_gmt":"2025-06-24T16:53:51","guid":{"rendered":"https:\/\/produncan.cl\/producto\/plot-of-land-in-puerto-aysen-rio-simpson-aysen-region\/"},"modified":"2025-12-26T17:18:46","modified_gmt":"2025-12-26T20:18:46","slug":"plot-of-land-in-puerto-aysen-rio-simpson-aysen-region","status":"publish","type":"product","link":"https:\/\/produncan.cl\/en\/property\/plot-of-land-in-puerto-aysen-rio-simpson-aysen-region\/","title":{"rendered":"Plot of land in Puerto Ays\u00e9n, R\u00edo Simpson &#8211; Ays\u00e9n Region"},"content":{"rendered":"\t\t<div data-elementor-type=\"product-post\" data-elementor-id=\"42384\" class=\"elementor elementor-42384 elementor-42083\" data-elementor-post-type=\"product\">\n\t\t\t\t<div class=\"elementor-element elementor-element-167ff31 e-flex e-con-boxed e-con e-parent\" data-id=\"167ff31\" data-element_type=\"container\" data-e-type=\"container\" data-settings=\"{&quot;jet_parallax_layout_list&quot;:[]}\">\n\t\t\t\t\t<div class=\"e-con-inner\">\n\t\t\t\t<div class=\"elementor-element elementor-element-dddd029 elementor-widget elementor-widget-heading\" data-id=\"dddd029\" data-element_type=\"widget\" data-e-type=\"widget\" data-widget_type=\"heading.default\">\n\t\t\t\t\t<h2 class=\"elementor-heading-title elementor-size-default\">Unique 1.43 hectare lot: connectivity and potential in one place<\/h2>\t\t\t\t<\/div>\n\t\t\t\t\t<\/div>\n\t\t\t\t<\/div>\n\t\t<div class=\"elementor-element elementor-element-56cccb4 e-flex e-con-boxed e-con e-parent\" data-id=\"56cccb4\" data-element_type=\"container\" data-e-type=\"container\" data-settings=\"{&quot;jet_parallax_layout_list&quot;:[]}\">\n\t\t\t\t\t<div class=\"e-con-inner\">\n\t\t\t\t<div class=\"elementor-element elementor-element-a6e01db elementor-widget elementor-widget-text-editor\" data-id=\"a6e01db\" data-element_type=\"widget\" data-e-type=\"widget\" data-widget_type=\"text-editor.default\">\n\t\t\t\t\t\t\t\t\t<p>Located in a privileged environment and just steps away from an important river, this 1.43 hectare plot in Ays\u00e9n is an excellent alternative for those looking for land with good accessibility and great projection. Its access is direct from a public road, and it is only 1 km from the paved road that connects Coyhaique with Puerto Ays\u00e9n, which guarantees a comfortable arrival all year round. <\/p>\n<p>This parcel in Ays\u00e9n is individual and is not located in a subdivision. It is completely cleared and ready to start building. Its topography, mostly flat, together with the proximity to the Simpson River and imposing natural formations, creates a scenery of great scenic beauty. The native vegetation on the perimeter provides privacy and a natural environment, while the rest of the land remains clear, facilitating any type of development.   <\/p>\n<p>The property has its own land registry and the feasibility of connection to the electricity grid is good, with poles at a distance of 1 km. It also has a good telecommunications signal and public transportation available nearby, which further improves its connectivity. <\/p>\n<p>Its location, on the edge of a quiet country road and very close to the main road, allows for the easy development of residential and tourist projects. Whether you imagine a cabin, a house or a small enterprise, this plot offers all the conditions to make it a reality. The proximity to the river not only beautifies the landscape, but also opens up possibilities for activities such as fly fishing and nature tourism.  <\/p>\n<p>In the surrounding area, there are attractions such as the Velo de la Novia, the Cascada de la Virgen and various rock formations that further enrich the scenic value of the place. The nearest cities are Puerto Ays\u00e9n and Coyhaique, and the camp is approximately 2 hours from the Balmaceda airport, which allows combining nature and connection with the rest of the country. <\/p>\n<p>This parcel in Ays\u00e9n represents a <strong>unique opportunity in Chilean Patagonia<\/strong> for those who dream of a refuge of their own, with spectacular views, easy access and proximity to urban centers and services.<\/p>\n<p><strong>Contact us and come to know this beautiful place.<\/strong> Your project can start here.<\/p>\n\t\t\t\t\t\t\t\t<\/div>\n\t\t\t\t\t<\/div>\n\t\t\t\t<\/div>\n\t\t\t\t<\/div>\n\t\t","protected":false},"excerpt":{"rendered":"<p>Lot in Aysen of 1.43 hectares, 30 min from Coyhaique, with direct access from public road, 1 km from the highway, steps from the Simpson River, good signal, with foundations ready to build. Unique lot, not a project. <\/p>\n","protected":false},"featured_media":42086,"template":"","meta":{"_acf_changed":false},"product_brand":[],"product_cat":[119],"product_tag":[188,189],"regiones":[225],"ciudades":[209,448],"class_list":{"0":"post-42384","1":"product","2":"type-product","3":"status-publish","4":"has-post-thumbnail","6":"product_cat-aysen-magallanes-en","7":"product_tag-plots","8":"product_tag-touristic-properties","9":"regiones-aysen-magallanes","10":"ciudades-coyhaique","11":"ciudades-puerto-aysen","13":"first","14":"instock","15":"shipping-taxable","16":"purchasable","17":"product-type-simple"},"acf":[],"yoast_head":"<!-- This site is optimized with the Yoast SEO Premium plugin v26.0 (Yoast SEO v27.3) - https:\/\/yoast.com\/product\/yoast-seo-premium-wordpress\/ -->\n<title>Plot in Puerto Ays\u00e9n, Simpson River, Ays\u00e9n Region - Produncan<\/title>\n<meta name=\"description\" content=\"1.43 ha plot in Ays\u00e9n, flat, near the Simpson River and 1 km from the pavement. Direct access, own role, good connectivity and unique natural environment.\" \/>\n<meta name=\"robots\" content=\"index, follow, max-snippet:-1, max-image-preview:large, max-video-preview:-1\" \/>\n<link rel=\"canonical\" href=\"https:\/\/produncan.cl\/en\/property\/plot-of-land-in-puerto-aysen-rio-simpson-aysen-region\/\" \/>\n<meta property=\"og:locale\" content=\"en_US\" \/>\n<meta property=\"og:type\" content=\"article\" \/>\n<meta property=\"og:title\" content=\"Plot of land in Puerto Ays\u00e9n, R\u00edo Simpson - Ays\u00e9n Region\" \/>\n<meta property=\"og:description\" content=\"1.43 ha plot in Ays\u00e9n, flat, near the Simpson River and 1 km from the pavement. Direct access, own role, good connectivity and unique natural environment.\" \/>\n<meta property=\"og:url\" content=\"https:\/\/produncan.cl\/en\/property\/plot-of-land-in-puerto-aysen-rio-simpson-aysen-region\/\" \/>\n<meta property=\"og:site_name\" content=\"Produncan\" \/>\n<meta property=\"article:publisher\" content=\"https:\/\/web.facebook.com\/produncanland\" \/>\n<meta property=\"article:modified_time\" content=\"2025-12-26T20:18:46+00:00\" \/>\n<meta property=\"og:image\" content=\"https:\/\/produncan.cl\/wp-content\/uploads\/2025\/06\/Lote-Caracoles-Puerto-Aysen.webp\" \/>\n\t<meta property=\"og:image:width\" content=\"800\" \/>\n\t<meta property=\"og:image:height\" content=\"600\" \/>\n\t<meta property=\"og:image:type\" content=\"image\/webp\" \/>\n<meta name=\"twitter:card\" content=\"summary_large_image\" \/>\n<meta name=\"twitter:label1\" content=\"Price\" \/>\n\t<meta name=\"twitter:data1\" content=\"USD60.400,00\" \/>\n\t<meta name=\"twitter:label2\" content=\"Availability\" \/>\n\t<meta name=\"twitter:data2\" content=\"In stock\" \/>\n<script type=\"application\/ld+json\" class=\"yoast-schema-graph\">{\"@context\":\"https:\\\/\\\/schema.org\",\"@graph\":[{\"@type\":\"WebPage\",\"@id\":\"https:\\\/\\\/produncan.cl\\\/en\\\/property\\\/plot-of-land-in-puerto-aysen-rio-simpson-aysen-region\\\/\",\"url\":\"https:\\\/\\\/produncan.cl\\\/en\\\/property\\\/plot-of-land-in-puerto-aysen-rio-simpson-aysen-region\\\/\",\"name\":\"Plot in Puerto Ays\u00e9n, Simpson River, Ays\u00e9n Region - Produncan\",\"isPartOf\":{\"@id\":\"https:\\\/\\\/produncan.cl\\\/en\\\/#website\"},\"primaryImageOfPage\":{\"@id\":\"https:\\\/\\\/produncan.cl\\\/en\\\/property\\\/plot-of-land-in-puerto-aysen-rio-simpson-aysen-region\\\/#primaryimage\"},\"image\":{\"@id\":\"https:\\\/\\\/produncan.cl\\\/en\\\/property\\\/plot-of-land-in-puerto-aysen-rio-simpson-aysen-region\\\/#primaryimage\"},\"thumbnailUrl\":\"https:\\\/\\\/produncan.cl\\\/wp-content\\\/uploads\\\/2025\\\/06\\\/Lote-Caracoles-Puerto-Aysen.webp\",\"datePublished\":\"2025-06-24T16:53:51+00:00\",\"dateModified\":\"2025-12-26T20:18:46+00:00\",\"description\":\"1.43 ha plot in Ays\u00e9n, flat, near the Simpson River and 1 km from the pavement. Direct access, own role, good connectivity and unique natural environment.\",\"breadcrumb\":{\"@id\":\"https:\\\/\\\/produncan.cl\\\/en\\\/property\\\/plot-of-land-in-puerto-aysen-rio-simpson-aysen-region\\\/#breadcrumb\"},\"inLanguage\":\"en-US\",\"potentialAction\":[{\"@type\":\"ReadAction\",\"target\":[\"https:\\\/\\\/produncan.cl\\\/en\\\/property\\\/plot-of-land-in-puerto-aysen-rio-simpson-aysen-region\\\/\"]}]},{\"@type\":\"ImageObject\",\"inLanguage\":\"en-US\",\"@id\":\"https:\\\/\\\/produncan.cl\\\/en\\\/property\\\/plot-of-land-in-puerto-aysen-rio-simpson-aysen-region\\\/#primaryimage\",\"url\":\"https:\\\/\\\/produncan.cl\\\/wp-content\\\/uploads\\\/2025\\\/06\\\/Lote-Caracoles-Puerto-Aysen.webp\",\"contentUrl\":\"https:\\\/\\\/produncan.cl\\\/wp-content\\\/uploads\\\/2025\\\/06\\\/Lote-Caracoles-Puerto-Aysen.webp\",\"width\":800,\"height\":600,\"caption\":\"Lote Caracoles Puerto Aysen\"},{\"@type\":\"BreadcrumbList\",\"@id\":\"https:\\\/\\\/produncan.cl\\\/en\\\/property\\\/plot-of-land-in-puerto-aysen-rio-simpson-aysen-region\\\/#breadcrumb\",\"itemListElement\":[{\"@type\":\"ListItem\",\"position\":1,\"name\":\"Inicio\",\"item\":\"https:\\\/\\\/produncan.cl\\\/en\\\/\"},{\"@type\":\"ListItem\",\"position\":2,\"name\":\"Properties\",\"item\":\"https:\\\/\\\/produncan.cl\\\/propiedades\\\/\"},{\"@type\":\"ListItem\",\"position\":3,\"name\":\"plots\",\"item\":\"https:\\\/\\\/produncan.cl\\\/en\\\/property-type\\\/plots\\\/\"},{\"@type\":\"ListItem\",\"position\":4,\"name\":\"Plot of land in Puerto Ays\u00e9n, R\u00edo Simpson &#8211; Ays\u00e9n Region\"}]},{\"@type\":\"WebSite\",\"@id\":\"https:\\\/\\\/produncan.cl\\\/en\\\/#website\",\"url\":\"https:\\\/\\\/produncan.cl\\\/en\\\/\",\"name\":\"Produncan\",\"description\":\"We accompany you in your life project!\",\"publisher\":{\"@id\":\"https:\\\/\\\/produncan.cl\\\/en\\\/#organization\"},\"potentialAction\":[{\"@type\":\"SearchAction\",\"target\":{\"@type\":\"EntryPoint\",\"urlTemplate\":\"https:\\\/\\\/produncan.cl\\\/en\\\/?s={search_term_string}\"},\"query-input\":{\"@type\":\"PropertyValueSpecification\",\"valueRequired\":true,\"valueName\":\"search_term_string\"}}],\"inLanguage\":\"en-US\"},{\"@type\":\"Organization\",\"@id\":\"https:\\\/\\\/produncan.cl\\\/en\\\/#organization\",\"name\":\"Produncan\",\"url\":\"https:\\\/\\\/produncan.cl\\\/en\\\/\",\"logo\":{\"@type\":\"ImageObject\",\"inLanguage\":\"en-US\",\"@id\":\"https:\\\/\\\/produncan.cl\\\/en\\\/#\\\/schema\\\/logo\\\/image\\\/\",\"url\":\"https:\\\/\\\/produncan.cl\\\/wp-content\\\/uploads\\\/2021\\\/03\\\/LOGO.jpeg\",\"contentUrl\":\"https:\\\/\\\/produncan.cl\\\/wp-content\\\/uploads\\\/2021\\\/03\\\/LOGO.jpeg\",\"width\":1280,\"height\":903,\"caption\":\"Produncan\"},\"image\":{\"@id\":\"https:\\\/\\\/produncan.cl\\\/en\\\/#\\\/schema\\\/logo\\\/image\\\/\"},\"sameAs\":[\"https:\\\/\\\/web.facebook.com\\\/produncanland\",\"https:\\\/\\\/www.instagram.com\\\/pro_duncan\\\/\",\"https:\\\/\\\/www.linkedin.com\\\/company\\\/produncan-lands\\\/\",\"https:\\\/\\\/www.youtube.com\\\/channel\\\/UCu7N-f3x0svkazD-Eew1-QQ\"],\"description\":\"En Produncan somos especialistas en la venta de terrenos en el sur de Chile. Proveemos estancias, campos, parcelas y hoteles.\",\"email\":\"info@produncan.cl\"}]}<\/script>\n<meta property=\"og:video\" content=\"https:\/\/www.youtube.com\/embed\/PhGOVC6AlXY\" \/>\n<meta property=\"og:video:type\" content=\"text\/html\" \/>\n<meta property=\"og:video:duration\" content=\"65\" \/>\n<meta property=\"og:video:width\" content=\"480\" \/>\n<meta property=\"og:video:height\" content=\"270\" \/>\n<meta property=\"ya:ovs:adult\" content=\"false\" \/>\n<meta property=\"ya:ovs:upload_date\" content=\"2025-06-24T16:53:51+00:00\" \/>\n<meta property=\"ya:ovs:allow_embed\" content=\"true\" \/>\n<meta property=\"product:price:amount\" content=\"60400.00\" \/>\n<meta property=\"product:price:currency\" content=\"USD\" \/>\n<meta property=\"og:availability\" content=\"instock\" \/>\n<meta property=\"product:availability\" content=\"instock\" \/>\n<meta property=\"product:condition\" content=\"new\" \/>\n<!-- \/ Yoast SEO Premium plugin. -->","yoast_head_json":{"title":"Plot in Puerto Ays\u00e9n, Simpson River, Ays\u00e9n Region - Produncan","description":"1.43 ha plot in Ays\u00e9n, flat, near the Simpson River and 1 km from the pavement. Direct access, own role, good connectivity and unique natural environment.","robots":{"index":"index","follow":"follow","max-snippet":"max-snippet:-1","max-image-preview":"max-image-preview:large","max-video-preview":"max-video-preview:-1"},"canonical":"https:\/\/produncan.cl\/en\/property\/plot-of-land-in-puerto-aysen-rio-simpson-aysen-region\/","og_locale":"en_US","og_type":"article","og_title":"Plot of land in Puerto Ays\u00e9n, R\u00edo Simpson - Ays\u00e9n Region","og_description":"1.43 ha plot in Ays\u00e9n, flat, near the Simpson River and 1 km from the pavement. Direct access, own role, good connectivity and unique natural environment.","og_url":"https:\/\/produncan.cl\/en\/property\/plot-of-land-in-puerto-aysen-rio-simpson-aysen-region\/","og_site_name":"Produncan","article_publisher":"https:\/\/web.facebook.com\/produncanland","article_modified_time":"2025-12-26T20:18:46+00:00","og_image":[{"width":800,"height":600,"url":"https:\/\/produncan.cl\/wp-content\/uploads\/2025\/06\/Lote-Caracoles-Puerto-Aysen.webp","type":"image\/webp"}],"twitter_card":"summary_large_image","twitter_misc":{"Price":"USD60.400,00","Availability":"In stock"},"schema":{"@context":"https:\/\/schema.org","@graph":[{"@type":"WebPage","@id":"https:\/\/produncan.cl\/en\/property\/plot-of-land-in-puerto-aysen-rio-simpson-aysen-region\/","url":"https:\/\/produncan.cl\/en\/property\/plot-of-land-in-puerto-aysen-rio-simpson-aysen-region\/","name":"Plot in Puerto Ays\u00e9n, Simpson River, Ays\u00e9n Region - Produncan","isPartOf":{"@id":"https:\/\/produncan.cl\/en\/#website"},"primaryImageOfPage":{"@id":"https:\/\/produncan.cl\/en\/property\/plot-of-land-in-puerto-aysen-rio-simpson-aysen-region\/#primaryimage"},"image":{"@id":"https:\/\/produncan.cl\/en\/property\/plot-of-land-in-puerto-aysen-rio-simpson-aysen-region\/#primaryimage"},"thumbnailUrl":"https:\/\/produncan.cl\/wp-content\/uploads\/2025\/06\/Lote-Caracoles-Puerto-Aysen.webp","datePublished":"2025-06-24T16:53:51+00:00","dateModified":"2025-12-26T20:18:46+00:00","description":"1.43 ha plot in Ays\u00e9n, flat, near the Simpson River and 1 km from the pavement. Direct access, own role, good connectivity and unique natural environment.","breadcrumb":{"@id":"https:\/\/produncan.cl\/en\/property\/plot-of-land-in-puerto-aysen-rio-simpson-aysen-region\/#breadcrumb"},"inLanguage":"en-US","potentialAction":[{"@type":"ReadAction","target":["https:\/\/produncan.cl\/en\/property\/plot-of-land-in-puerto-aysen-rio-simpson-aysen-region\/"]}]},{"@type":"ImageObject","inLanguage":"en-US","@id":"https:\/\/produncan.cl\/en\/property\/plot-of-land-in-puerto-aysen-rio-simpson-aysen-region\/#primaryimage","url":"https:\/\/produncan.cl\/wp-content\/uploads\/2025\/06\/Lote-Caracoles-Puerto-Aysen.webp","contentUrl":"https:\/\/produncan.cl\/wp-content\/uploads\/2025\/06\/Lote-Caracoles-Puerto-Aysen.webp","width":800,"height":600,"caption":"Lote Caracoles Puerto Aysen"},{"@type":"BreadcrumbList","@id":"https:\/\/produncan.cl\/en\/property\/plot-of-land-in-puerto-aysen-rio-simpson-aysen-region\/#breadcrumb","itemListElement":[{"@type":"ListItem","position":1,"name":"Inicio","item":"https:\/\/produncan.cl\/en\/"},{"@type":"ListItem","position":2,"name":"Properties","item":"https:\/\/produncan.cl\/propiedades\/"},{"@type":"ListItem","position":3,"name":"plots","item":"https:\/\/produncan.cl\/en\/property-type\/plots\/"},{"@type":"ListItem","position":4,"name":"Plot of land in Puerto Ays\u00e9n, R\u00edo Simpson &#8211; Ays\u00e9n Region"}]},{"@type":"WebSite","@id":"https:\/\/produncan.cl\/en\/#website","url":"https:\/\/produncan.cl\/en\/","name":"Produncan","description":"We accompany you in your life project!","publisher":{"@id":"https:\/\/produncan.cl\/en\/#organization"},"potentialAction":[{"@type":"SearchAction","target":{"@type":"EntryPoint","urlTemplate":"https:\/\/produncan.cl\/en\/?s={search_term_string}"},"query-input":{"@type":"PropertyValueSpecification","valueRequired":true,"valueName":"search_term_string"}}],"inLanguage":"en-US"},{"@type":"Organization","@id":"https:\/\/produncan.cl\/en\/#organization","name":"Produncan","url":"https:\/\/produncan.cl\/en\/","logo":{"@type":"ImageObject","inLanguage":"en-US","@id":"https:\/\/produncan.cl\/en\/#\/schema\/logo\/image\/","url":"https:\/\/produncan.cl\/wp-content\/uploads\/2021\/03\/LOGO.jpeg","contentUrl":"https:\/\/produncan.cl\/wp-content\/uploads\/2021\/03\/LOGO.jpeg","width":1280,"height":903,"caption":"Produncan"},"image":{"@id":"https:\/\/produncan.cl\/en\/#\/schema\/logo\/image\/"},"sameAs":["https:\/\/web.facebook.com\/produncanland","https:\/\/www.instagram.com\/pro_duncan\/","https:\/\/www.linkedin.com\/company\/produncan-lands\/","https:\/\/www.youtube.com\/channel\/UCu7N-f3x0svkazD-Eew1-QQ"],"description":"En Produncan somos especialistas en la venta de terrenos en el sur de Chile. Proveemos estancias, campos, parcelas y hoteles.","email":"info@produncan.cl"}]},"og_video":"https:\/\/www.youtube.com\/embed\/PhGOVC6AlXY","og_video_type":"text\/html","og_video_duration":"65","og_video_width":"480","og_video_height":"270","ya_ovs_adult":"false","ya_ovs_upload_date":"2025-06-24T16:53:51+00:00","ya_ovs_allow_embed":"true","product_price_amount":"60400.00","product_price_currency":"USD","og_availability":"instock","product_availability":"instock","product_condition":"new"},"_links":{"self":[{"href":"https:\/\/produncan.cl\/en\/wp-json\/wp\/v2\/product\/42384","targetHints":{"allow":["GET"]}}],"collection":[{"href":"https:\/\/produncan.cl\/en\/wp-json\/wp\/v2\/product"}],"about":[{"href":"https:\/\/produncan.cl\/en\/wp-json\/wp\/v2\/types\/product"}],"version-history":[{"count":3,"href":"https:\/\/produncan.cl\/en\/wp-json\/wp\/v2\/product\/42384\/revisions"}],"predecessor-version":[{"id":54106,"href":"https:\/\/produncan.cl\/en\/wp-json\/wp\/v2\/product\/42384\/revisions\/54106"}],"wp:featuredmedia":[{"embeddable":true,"href":"https:\/\/produncan.cl\/en\/wp-json\/wp\/v2\/media\/42086"}],"wp:attachment":[{"href":"https:\/\/produncan.cl\/en\/wp-json\/wp\/v2\/media?parent=42384"}],"wp:term":[{"taxonomy":"product_brand","embeddable":true,"href":"https:\/\/produncan.cl\/en\/wp-json\/wp\/v2\/product_brand?post=42384"},{"taxonomy":"product_cat","embeddable":true,"href":"https:\/\/produncan.cl\/en\/wp-json\/wp\/v2\/product_cat?post=42384"},{"taxonomy":"product_tag","embeddable":true,"href":"https:\/\/produncan.cl\/en\/wp-json\/wp\/v2\/product_tag?post=42384"},{"taxonomy":"regiones","embeddable":true,"href":"https:\/\/produncan.cl\/en\/wp-json\/wp\/v2\/regiones?post=42384"},{"taxonomy":"ciudades","embeddable":true,"href":"https:\/\/produncan.cl\/en\/wp-json\/wp\/v2\/ciudades?post=42384"}],"curies":[{"name":"wp","href":"https:\/\/api.w.org\/{rel}","templated":true}]}}