{"id":43675,"date":"2025-07-08T12:26:20","date_gmt":"2025-07-08T16:26:20","guid":{"rendered":"https:\/\/produncan.cl\/producto\/parcela-rio-norte-aysen-region\/"},"modified":"2025-11-24T11:29:54","modified_gmt":"2025-11-24T14:29:54","slug":"parcela-rio-norte-aysen-region","status":"publish","type":"product","link":"https:\/\/produncan.cl\/en\/property\/parcela-rio-norte-aysen-region\/","title":{"rendered":"Parcela R\u00edo Norte &#8211; Ays\u00e9n Region"},"content":{"rendered":"\t\t<div data-elementor-type=\"product-post\" data-elementor-id=\"43675\" class=\"elementor elementor-43675 elementor-42534\" data-elementor-post-type=\"product\">\n\t\t\t\t<div class=\"elementor-element elementor-element-4cc0570 e-flex e-con-boxed e-con e-parent\" data-id=\"4cc0570\" data-element_type=\"container\" data-e-type=\"container\" data-settings=\"{&quot;jet_parallax_layout_list&quot;:[]}\">\n\t\t\t\t\t<div class=\"e-con-inner\">\n\t\t\t\t<div class=\"elementor-element elementor-element-d4bd3f4 elementor-widget elementor-widget-heading\" data-id=\"d4bd3f4\" data-element_type=\"widget\" data-e-type=\"widget\" data-widget_type=\"heading.default\">\n\t\t\t\t\t<h2 class=\"elementor-heading-title elementor-size-default\">1 hectare with 300 meters of river bank, 2 hours from Coyhaique. <\/h2>\t\t\t\t<\/div>\n\t\t\t\t\t<\/div>\n\t\t\t\t<\/div>\n\t\t<div class=\"elementor-element elementor-element-58d15a0 e-flex e-con-boxed e-con e-parent\" data-id=\"58d15a0\" data-element_type=\"container\" data-e-type=\"container\" data-settings=\"{&quot;jet_parallax_layout_list&quot;:[]}\">\n\t\t\t\t\t<div class=\"e-con-inner\">\n\t\t\t\t<div class=\"elementor-element elementor-element-f1df884 elementor-widget elementor-widget-text-editor\" data-id=\"f1df884\" data-element_type=\"widget\" data-e-type=\"widget\" data-widget_type=\"text-editor.default\">\n\t\t\t\t\t\t\t\t\t<p>Imagine waking up every morning to the sound of the rushing water of the North River, a fly fishing rod in your hands and the imposing mountains of Patagonia decorating the horizon. This unique one hectare lot offers you 300 meters of private riverbank in one of the most pristine and virgin sectors of the Ays\u00e9n Region, ideal for lovers of fly fishing, outdoor life and absolute tranquility. <\/p>\n<p>The lot in R\u00edo Norte, Ays\u00e9n, is completely flat and usable. It is not part of a parceled project, which means greater independence and freedom to develop a private residence, lodge or simply to enjoy. Currently there is no power in the area, but there is subsidized renewable energy in the area. The line passes 9 kilometers away, and as the sector is developed, the energy will arrive. Access to the property is currently via the road of an adjoining property, but it has a 400-meter easement that is in the process of being registered. Once the purchase and sale is completed, the easement will be formally enabled.     <\/p>\n<p>The predominant flora includes lenga, \u00f1irre, calafate, mata negra, clover and bunch grass, while the fauna is rich and varied, with the presence of condors, pumas, deer, foxes, and a great diversity of birds such as chucaos, huet huets, woodpeckers and coliparados.<\/p>\n<p>Nearby you will find basic services such as a post office, church, school, grocery store and neighboring cash office, as well as numerous natural attractions such as Valle de la Luna, Laguna Brava, Lago Norte, Cerro Catedral, Lago Misterioso, Lago Zapato and Laguna Arados. In these areas it is possible to do sport fishing, horseback riding, trekking and visit various lodges and hunting grounds. <\/p>\n<p>The proximity to the international route that connects with Alto R\u00edo Senguer in Argentina adds an important strategic value to the terrain, opening up binational tourism possibilities. The landscapes are composed of lush native forests, mountain ranges of sedimentary origin and unique geological formations, making this terrain also a paradise for geologists and naturalists. <\/p>\n<p>This lot in R\u00edo Norte, Ays\u00e9n, represents a unique opportunity for those looking to invest in a property with high potential, in an environment of breathtaking beauty, with total privacy and at the same time good connections. Whether to build a dream house, develop a tourism project or simply to protect a corner of Patagonia, this lot has everything necessary to become a true personal jewel. <\/p>\n<p>Contact us and get to know this extraordinary terrain. It could be the beginning of your story in deep Patagonia. <\/p>\t\t\t\t\t\t\t\t<\/div>\n\t\t\t\t\t<\/div>\n\t\t\t\t<\/div>\n\t\t\t\t<\/div>\n\t\t","protected":false},"excerpt":{"rendered":"<p>Lot in Rio Norte, Aysen. With 300 meters of river bank. Unique, flatland, ideal for fly fishing lovers. Two hours north of Coyhaique. Close to Alto Rio Senguer international route in Argentina.    <\/p>\n","protected":false},"featured_media":42538,"template":"","meta":{"_acf_changed":false},"product_brand":[],"product_cat":[119],"product_tag":[188,189],"regiones":[225],"ciudades":[209],"class_list":{"0":"post-43675","1":"product","2":"type-product","3":"status-publish","4":"has-post-thumbnail","6":"product_cat-aysen-magallanes-en","7":"product_tag-plots","8":"product_tag-touristic-properties","9":"regiones-aysen-magallanes","10":"ciudades-coyhaique","12":"first","13":"instock","14":"shipping-taxable","15":"purchasable","16":"product-type-simple"},"acf":[],"yoast_head":"<!-- This site is optimized with the Yoast SEO Premium plugin v26.0 (Yoast SEO v27.3) - https:\/\/yoast.com\/product\/yoast-seo-premium-wordpress\/ -->\n<title>Parcela R\u00edo Norte - Ays\u00e9n Region - Produncan<\/title>\n<meta name=\"description\" content=\"1 ha lot in Rio Norte, Ays\u00e9n, with 300 m of shore. Flat land, ideal for fly fishing. At 2 Hrs. from Coyhaique and near the road to Alto Rio Senguer.\" \/>\n<meta name=\"robots\" content=\"index, follow, max-snippet:-1, max-image-preview:large, max-video-preview:-1\" \/>\n<link rel=\"canonical\" href=\"https:\/\/produncan.cl\/en\/property\/parcela-rio-norte-aysen-region\/\" \/>\n<meta property=\"og:locale\" content=\"en_US\" \/>\n<meta property=\"og:type\" content=\"article\" \/>\n<meta property=\"og:title\" content=\"Parcela R\u00edo Norte - Ays\u00e9n Region\" \/>\n<meta property=\"og:description\" content=\"1 ha lot in Rio Norte, Ays\u00e9n, with 300 m of shore. Flat land, ideal for fly fishing. 2 hours from Coyhaique and close to the road to Alto R\u00edo Senguer.\" \/>\n<meta property=\"og:url\" content=\"https:\/\/produncan.cl\/en\/property\/parcela-rio-norte-aysen-region\/\" \/>\n<meta property=\"og:site_name\" content=\"Produncan\" \/>\n<meta property=\"article:publisher\" content=\"https:\/\/web.facebook.com\/produncanland\" \/>\n<meta property=\"article:modified_time\" content=\"2025-11-24T14:29:54+00:00\" \/>\n<meta property=\"og:image\" content=\"https:\/\/produncan.cl\/wp-content\/uploads\/2025\/07\/Lote-en-venta-Rio-Norte.webp\" \/>\n<meta name=\"twitter:card\" content=\"summary_large_image\" \/>\n<meta name=\"twitter:label1\" content=\"Price\" \/>\n\t<meta name=\"twitter:data1\" content=\"USD38.100,00\" \/>\n\t<meta name=\"twitter:label2\" content=\"Availability\" \/>\n\t<meta name=\"twitter:data2\" content=\"In stock\" \/>\n<script type=\"application\/ld+json\" class=\"yoast-schema-graph\">{\"@context\":\"https:\\\/\\\/schema.org\",\"@graph\":[{\"@type\":\"WebPage\",\"@id\":\"https:\\\/\\\/produncan.cl\\\/en\\\/property\\\/parcela-rio-norte-aysen-region\\\/\",\"url\":\"https:\\\/\\\/produncan.cl\\\/en\\\/property\\\/parcela-rio-norte-aysen-region\\\/\",\"name\":\"Parcela R\u00edo Norte - Ays\u00e9n Region - Produncan\",\"isPartOf\":{\"@id\":\"https:\\\/\\\/produncan.cl\\\/en\\\/#website\"},\"primaryImageOfPage\":{\"@id\":\"https:\\\/\\\/produncan.cl\\\/en\\\/property\\\/parcela-rio-norte-aysen-region\\\/#primaryimage\"},\"image\":{\"@id\":\"https:\\\/\\\/produncan.cl\\\/en\\\/property\\\/parcela-rio-norte-aysen-region\\\/#primaryimage\"},\"thumbnailUrl\":\"https:\\\/\\\/produncan.cl\\\/wp-content\\\/uploads\\\/2025\\\/07\\\/Lote-en-venta-Rio-Norte.webp\",\"datePublished\":\"2025-07-08T16:26:20+00:00\",\"dateModified\":\"2025-11-24T14:29:54+00:00\",\"description\":\"1 ha lot in Rio Norte, Ays\u00e9n, with 300 m of shore. Flat land, ideal for fly fishing. At 2 Hrs. from Coyhaique and near the road to Alto Rio Senguer.\",\"breadcrumb\":{\"@id\":\"https:\\\/\\\/produncan.cl\\\/en\\\/property\\\/parcela-rio-norte-aysen-region\\\/#breadcrumb\"},\"inLanguage\":\"en-US\",\"potentialAction\":[{\"@type\":\"ReadAction\",\"target\":[\"https:\\\/\\\/produncan.cl\\\/en\\\/property\\\/parcela-rio-norte-aysen-region\\\/\"]}]},{\"@type\":\"ImageObject\",\"inLanguage\":\"en-US\",\"@id\":\"https:\\\/\\\/produncan.cl\\\/en\\\/property\\\/parcela-rio-norte-aysen-region\\\/#primaryimage\",\"url\":\"https:\\\/\\\/produncan.cl\\\/wp-content\\\/uploads\\\/2025\\\/07\\\/Lote-en-venta-Rio-Norte.webp\",\"contentUrl\":\"https:\\\/\\\/produncan.cl\\\/wp-content\\\/uploads\\\/2025\\\/07\\\/Lote-en-venta-Rio-Norte.webp\",\"width\":800,\"height\":600},{\"@type\":\"BreadcrumbList\",\"@id\":\"https:\\\/\\\/produncan.cl\\\/en\\\/property\\\/parcela-rio-norte-aysen-region\\\/#breadcrumb\",\"itemListElement\":[{\"@type\":\"ListItem\",\"position\":1,\"name\":\"Inicio\",\"item\":\"https:\\\/\\\/produncan.cl\\\/en\\\/\"},{\"@type\":\"ListItem\",\"position\":2,\"name\":\"Properties\",\"item\":\"https:\\\/\\\/produncan.cl\\\/propiedades\\\/\"},{\"@type\":\"ListItem\",\"position\":3,\"name\":\"plots\",\"item\":\"https:\\\/\\\/produncan.cl\\\/en\\\/property-type\\\/plots\\\/\"},{\"@type\":\"ListItem\",\"position\":4,\"name\":\"Parcela R\u00edo Norte &#8211; Ays\u00e9n Region\"}]},{\"@type\":\"WebSite\",\"@id\":\"https:\\\/\\\/produncan.cl\\\/en\\\/#website\",\"url\":\"https:\\\/\\\/produncan.cl\\\/en\\\/\",\"name\":\"Produncan\",\"description\":\"We accompany you in your life project!\",\"publisher\":{\"@id\":\"https:\\\/\\\/produncan.cl\\\/en\\\/#organization\"},\"potentialAction\":[{\"@type\":\"SearchAction\",\"target\":{\"@type\":\"EntryPoint\",\"urlTemplate\":\"https:\\\/\\\/produncan.cl\\\/en\\\/?s={search_term_string}\"},\"query-input\":{\"@type\":\"PropertyValueSpecification\",\"valueRequired\":true,\"valueName\":\"search_term_string\"}}],\"inLanguage\":\"en-US\"},{\"@type\":\"Organization\",\"@id\":\"https:\\\/\\\/produncan.cl\\\/en\\\/#organization\",\"name\":\"Produncan\",\"url\":\"https:\\\/\\\/produncan.cl\\\/en\\\/\",\"logo\":{\"@type\":\"ImageObject\",\"inLanguage\":\"en-US\",\"@id\":\"https:\\\/\\\/produncan.cl\\\/en\\\/#\\\/schema\\\/logo\\\/image\\\/\",\"url\":\"https:\\\/\\\/produncan.cl\\\/wp-content\\\/uploads\\\/2021\\\/03\\\/LOGO.jpeg\",\"contentUrl\":\"https:\\\/\\\/produncan.cl\\\/wp-content\\\/uploads\\\/2021\\\/03\\\/LOGO.jpeg\",\"width\":1280,\"height\":903,\"caption\":\"Produncan\"},\"image\":{\"@id\":\"https:\\\/\\\/produncan.cl\\\/en\\\/#\\\/schema\\\/logo\\\/image\\\/\"},\"sameAs\":[\"https:\\\/\\\/web.facebook.com\\\/produncanland\",\"https:\\\/\\\/www.instagram.com\\\/pro_duncan\\\/\",\"https:\\\/\\\/www.linkedin.com\\\/company\\\/produncan-lands\\\/\",\"https:\\\/\\\/www.youtube.com\\\/channel\\\/UCu7N-f3x0svkazD-Eew1-QQ\"],\"description\":\"En Produncan somos especialistas en la venta de terrenos en el sur de Chile. Proveemos estancias, campos, parcelas y hoteles.\",\"email\":\"info@produncan.cl\"}]}<\/script>\n<meta property=\"og:video\" content=\"https:\/\/www.youtube.com\/embed\/CRrEcnTZBFE\" \/>\n<meta property=\"og:video:type\" content=\"text\/html\" \/>\n<meta property=\"og:video:duration\" content=\"68\" \/>\n<meta property=\"og:video:width\" content=\"480\" \/>\n<meta property=\"og:video:height\" content=\"270\" \/>\n<meta property=\"ya:ovs:adult\" content=\"false\" \/>\n<meta property=\"ya:ovs:upload_date\" content=\"2025-07-08T16:26:20+00:00\" \/>\n<meta property=\"ya:ovs:allow_embed\" content=\"true\" \/>\n<meta property=\"product:price:amount\" content=\"38100.00\" \/>\n<meta property=\"product:price:currency\" content=\"USD\" \/>\n<meta property=\"og:availability\" content=\"instock\" \/>\n<meta property=\"product:availability\" content=\"instock\" \/>\n<meta property=\"product:condition\" content=\"new\" \/>\n<!-- \/ Yoast SEO Premium plugin. -->","yoast_head_json":{"title":"Parcela R\u00edo Norte - Ays\u00e9n Region - Produncan","description":"1 ha lot in Rio Norte, Ays\u00e9n, with 300 m of shore. Flat land, ideal for fly fishing. At 2 Hrs. from Coyhaique and near the road to Alto Rio Senguer.","robots":{"index":"index","follow":"follow","max-snippet":"max-snippet:-1","max-image-preview":"max-image-preview:large","max-video-preview":"max-video-preview:-1"},"canonical":"https:\/\/produncan.cl\/en\/property\/parcela-rio-norte-aysen-region\/","og_locale":"en_US","og_type":"article","og_title":"Parcela R\u00edo Norte - Ays\u00e9n Region","og_description":"1 ha lot in Rio Norte, Ays\u00e9n, with 300 m of shore. Flat land, ideal for fly fishing. 2 hours from Coyhaique and close to the road to Alto R\u00edo Senguer.","og_url":"https:\/\/produncan.cl\/en\/property\/parcela-rio-norte-aysen-region\/","og_site_name":"Produncan","article_publisher":"https:\/\/web.facebook.com\/produncanland","article_modified_time":"2025-11-24T14:29:54+00:00","og_image":[{"url":"https:\/\/produncan.cl\/wp-content\/uploads\/2025\/07\/Lote-en-venta-Rio-Norte.webp","type":"","width":"","height":""}],"twitter_card":"summary_large_image","twitter_misc":{"Price":"USD38.100,00","Availability":"In stock"},"schema":{"@context":"https:\/\/schema.org","@graph":[{"@type":"WebPage","@id":"https:\/\/produncan.cl\/en\/property\/parcela-rio-norte-aysen-region\/","url":"https:\/\/produncan.cl\/en\/property\/parcela-rio-norte-aysen-region\/","name":"Parcela R\u00edo Norte - Ays\u00e9n Region - Produncan","isPartOf":{"@id":"https:\/\/produncan.cl\/en\/#website"},"primaryImageOfPage":{"@id":"https:\/\/produncan.cl\/en\/property\/parcela-rio-norte-aysen-region\/#primaryimage"},"image":{"@id":"https:\/\/produncan.cl\/en\/property\/parcela-rio-norte-aysen-region\/#primaryimage"},"thumbnailUrl":"https:\/\/produncan.cl\/wp-content\/uploads\/2025\/07\/Lote-en-venta-Rio-Norte.webp","datePublished":"2025-07-08T16:26:20+00:00","dateModified":"2025-11-24T14:29:54+00:00","description":"1 ha lot in Rio Norte, Ays\u00e9n, with 300 m of shore. Flat land, ideal for fly fishing. At 2 Hrs. from Coyhaique and near the road to Alto Rio Senguer.","breadcrumb":{"@id":"https:\/\/produncan.cl\/en\/property\/parcela-rio-norte-aysen-region\/#breadcrumb"},"inLanguage":"en-US","potentialAction":[{"@type":"ReadAction","target":["https:\/\/produncan.cl\/en\/property\/parcela-rio-norte-aysen-region\/"]}]},{"@type":"ImageObject","inLanguage":"en-US","@id":"https:\/\/produncan.cl\/en\/property\/parcela-rio-norte-aysen-region\/#primaryimage","url":"https:\/\/produncan.cl\/wp-content\/uploads\/2025\/07\/Lote-en-venta-Rio-Norte.webp","contentUrl":"https:\/\/produncan.cl\/wp-content\/uploads\/2025\/07\/Lote-en-venta-Rio-Norte.webp","width":800,"height":600},{"@type":"BreadcrumbList","@id":"https:\/\/produncan.cl\/en\/property\/parcela-rio-norte-aysen-region\/#breadcrumb","itemListElement":[{"@type":"ListItem","position":1,"name":"Inicio","item":"https:\/\/produncan.cl\/en\/"},{"@type":"ListItem","position":2,"name":"Properties","item":"https:\/\/produncan.cl\/propiedades\/"},{"@type":"ListItem","position":3,"name":"plots","item":"https:\/\/produncan.cl\/en\/property-type\/plots\/"},{"@type":"ListItem","position":4,"name":"Parcela R\u00edo Norte &#8211; Ays\u00e9n Region"}]},{"@type":"WebSite","@id":"https:\/\/produncan.cl\/en\/#website","url":"https:\/\/produncan.cl\/en\/","name":"Produncan","description":"We accompany you in your life project!","publisher":{"@id":"https:\/\/produncan.cl\/en\/#organization"},"potentialAction":[{"@type":"SearchAction","target":{"@type":"EntryPoint","urlTemplate":"https:\/\/produncan.cl\/en\/?s={search_term_string}"},"query-input":{"@type":"PropertyValueSpecification","valueRequired":true,"valueName":"search_term_string"}}],"inLanguage":"en-US"},{"@type":"Organization","@id":"https:\/\/produncan.cl\/en\/#organization","name":"Produncan","url":"https:\/\/produncan.cl\/en\/","logo":{"@type":"ImageObject","inLanguage":"en-US","@id":"https:\/\/produncan.cl\/en\/#\/schema\/logo\/image\/","url":"https:\/\/produncan.cl\/wp-content\/uploads\/2021\/03\/LOGO.jpeg","contentUrl":"https:\/\/produncan.cl\/wp-content\/uploads\/2021\/03\/LOGO.jpeg","width":1280,"height":903,"caption":"Produncan"},"image":{"@id":"https:\/\/produncan.cl\/en\/#\/schema\/logo\/image\/"},"sameAs":["https:\/\/web.facebook.com\/produncanland","https:\/\/www.instagram.com\/pro_duncan\/","https:\/\/www.linkedin.com\/company\/produncan-lands\/","https:\/\/www.youtube.com\/channel\/UCu7N-f3x0svkazD-Eew1-QQ"],"description":"En Produncan somos especialistas en la venta de terrenos en el sur de Chile. Proveemos estancias, campos, parcelas y hoteles.","email":"info@produncan.cl"}]},"og_video":"https:\/\/www.youtube.com\/embed\/CRrEcnTZBFE","og_video_type":"text\/html","og_video_duration":"68","og_video_width":"480","og_video_height":"270","ya_ovs_adult":"false","ya_ovs_upload_date":"2025-07-08T16:26:20+00:00","ya_ovs_allow_embed":"true","product_price_amount":"38100.00","product_price_currency":"USD","og_availability":"instock","product_availability":"instock","product_condition":"new"},"_links":{"self":[{"href":"https:\/\/produncan.cl\/en\/wp-json\/wp\/v2\/product\/43675","targetHints":{"allow":["GET"]}}],"collection":[{"href":"https:\/\/produncan.cl\/en\/wp-json\/wp\/v2\/product"}],"about":[{"href":"https:\/\/produncan.cl\/en\/wp-json\/wp\/v2\/types\/product"}],"version-history":[{"count":1,"href":"https:\/\/produncan.cl\/en\/wp-json\/wp\/v2\/product\/43675\/revisions"}],"predecessor-version":[{"id":52262,"href":"https:\/\/produncan.cl\/en\/wp-json\/wp\/v2\/product\/43675\/revisions\/52262"}],"wp:featuredmedia":[{"embeddable":true,"href":"https:\/\/produncan.cl\/en\/wp-json\/wp\/v2\/media\/42538"}],"wp:attachment":[{"href":"https:\/\/produncan.cl\/en\/wp-json\/wp\/v2\/media?parent=43675"}],"wp:term":[{"taxonomy":"product_brand","embeddable":true,"href":"https:\/\/produncan.cl\/en\/wp-json\/wp\/v2\/product_brand?post=43675"},{"taxonomy":"product_cat","embeddable":true,"href":"https:\/\/produncan.cl\/en\/wp-json\/wp\/v2\/product_cat?post=43675"},{"taxonomy":"product_tag","embeddable":true,"href":"https:\/\/produncan.cl\/en\/wp-json\/wp\/v2\/product_tag?post=43675"},{"taxonomy":"regiones","embeddable":true,"href":"https:\/\/produncan.cl\/en\/wp-json\/wp\/v2\/regiones?post=43675"},{"taxonomy":"ciudades","embeddable":true,"href":"https:\/\/produncan.cl\/en\/wp-json\/wp\/v2\/ciudades?post=43675"}],"curies":[{"name":"wp","href":"https:\/\/api.w.org\/{rel}","templated":true}]}}