{"id":48730,"date":"2025-08-19T21:52:39","date_gmt":"2025-08-20T01:52:39","guid":{"rendered":"https:\/\/produncan.cl\/producto\/lotes-in-rio-bueno-el-boquial-los-rios-region\/"},"modified":"2025-12-04T17:18:12","modified_gmt":"2025-12-04T20:18:12","slug":"lotes-in-rio-bueno-el-boquial-los-rios-region","status":"publish","type":"product","link":"https:\/\/produncan.cl\/en\/property\/lotes-in-rio-bueno-el-boquial-los-rios-region\/","title":{"rendered":"Lotes in Rio Bueno, El Boquial &#8211; Los R\u00edos Region"},"content":{"rendered":"\t\t<div data-elementor-type=\"product-post\" data-elementor-id=\"48730\" class=\"elementor elementor-48730 elementor-48467\" data-elementor-post-type=\"product\">\n\t\t\t\t<div class=\"elementor-element elementor-element-b095869 e-flex e-con-boxed e-con e-parent\" data-id=\"b095869\" data-element_type=\"container\" data-e-type=\"container\" data-settings=\"{&quot;jet_parallax_layout_list&quot;:[]}\">\n\t\t\t\t\t<div class=\"e-con-inner\">\n\t\t\t\t<div class=\"elementor-element elementor-element-a162f5b elementor-widget elementor-widget-heading\" data-id=\"a162f5b\" data-element_type=\"widget\" data-e-type=\"widget\" data-widget_type=\"heading.default\">\n\t\t\t\t\t<h2 class=\"elementor-heading-title elementor-size-default\">Get your dream countryside with perfect meadow and great view of the Puntiaguo and Osorno volcano<\/h2>\t\t\t\t<\/div>\n\t\t\t\t\t<\/div>\n\t\t\t\t<\/div>\n\t\t<div class=\"elementor-element elementor-element-1f6c052 e-flex e-con-boxed e-con e-parent\" data-id=\"1f6c052\" data-element_type=\"container\" data-e-type=\"container\" data-settings=\"{&quot;jet_parallax_layout_list&quot;:[]}\">\n\t\t\t\t\t<div class=\"e-con-inner\">\n\t\t\t\t<div class=\"elementor-element elementor-element-cf3ab1f elementor-widget elementor-widget-text-editor\" data-id=\"cf3ab1f\" data-element_type=\"widget\" data-e-type=\"widget\" data-widget_type=\"text-editor.default\">\n\t\t\t\t\t\t\t\t\t<p>Discover a unique investment opportunity in southern Chile: 5 spectacular lots ranging from 3.89 to 4.89 hectares, with direct access from a public road and adjacent to the beautiful Chirre River.<\/p><p>Each lot combines clean, flat grasslands ideal for agricultural or recreational projects with a small, open, cleared native forest that reaches the riverbank. In addition, all lots enjoy a privileged view of the mountain range and the Puntiagudo and Osorno volcanoes, in an environment of great scenic beauty, very close to the exclusive Puyehue and Ranco Lakes, two of the most sought-after destinations in southern Chile. <\/p><h4>Main features<\/h4><ul><li>Areas ranging from 3.89 to 4.89 hectares<\/li><li>Values from CLP $99 million<\/li><li>Groundwater at a depth of only 4 meters (possibility of a well or waterwheel).<\/li><li>Electrical connection installed with customer number ready for transfer<\/li><li>Connection to the internet (Starlink and 4G) and good signal for mobile telephony<\/li><li>Plots with perimeter fences, recommending improvements in specific areas<\/li><li>Existing structures on some lots (cabin, wine cellar, and sheds)<\/li><\/ul><h4>Available lots<\/h4><ul><li>Lot 1: 3.89 ha \u2013 CLP $99 million<\/li><li>Lot 2: 4.89 ha \u2013 with cabin and wine cellar \u2013 CLP $129 million<\/li><li>Lot 3: 4.89 ha \u2013 with warehouse \u2013 CLP $119 million<\/li><li>Lot 4: 4.89 ha \u2013 with warehouse \u2013 CLP $119 million<\/li><li>Lot 5: Sold<\/li><\/ul><h4>Privileged location<\/h4><ul><li>Between Lake Puyehue and Lake Ranco<\/li><li>40 minutes from Entre Lagos and 1 hour from Osorno<\/li><li>Less than 1 hour from Osorno Airport<\/li><li>Bus stop just 3 km away<\/li><\/ul><h4>Natural environment<\/h4><ul><li>Mostly flat terrain with grasslands and native forest<\/li><li>Adjacent to the Chirre River<\/li><li>Temperate-rainy climate: mild summers and winters with abundant rainfall, ideal for agriculture and recreation.<\/li><\/ul><p>These lots in R\u00edo Bueno, El Boquial, are the perfect blend of nature, connectivity, and exclusivity. Whether you want to live, vacation, or invest, here you will find a space with high potential and an unparalleled quality of life. <\/p><p>Contact us and schedule a visit!<\/p>\t\t\t\t\t\t\t\t<\/div>\n\t\t\t\t\t<\/div>\n\t\t\t\t<\/div>\n\t\t\t\t<\/div>\n\t\t","protected":false},"excerpt":{"rendered":"<p>Lotes en R\u00edo Bueno situados entre lago Puyehue y lago Ranco. Acceso directo desde camino p\u00fablico, electricidad, praderas planas, peque\u00f1o bosque nativo y colindantes a r\u00edo. Espectacular vista a volcanes Puntiagudo y Osorno.   <\/p>\n","protected":false},"featured_media":48475,"template":"","meta":{"_acf_changed":false},"product_brand":[],"product_cat":[110],"product_tag":[187,188,189],"regiones":[226],"ciudades":[217,509],"class_list":{"0":"post-48730","1":"product","2":"type-product","3":"status-publish","4":"has-post-thumbnail","6":"product_cat-nuble-los_lagos-en","7":"product_tag-fields","8":"product_tag-plots","9":"product_tag-touristic-properties","10":"regiones-nuble-los_lagos","11":"ciudades-osorno","12":"ciudades-rio-bueno","14":"first","15":"instock","16":"shipping-taxable","17":"purchasable","18":"product-type-simple"},"acf":[],"yoast_head":"<!-- This site is optimized with the Yoast SEO Premium plugin v26.0 (Yoast SEO v27.3) - https:\/\/yoast.com\/product\/yoast-seo-premium-wordpress\/ -->\n<title>Lotes in Rio Bueno, El Boquial - Los R\u00edos Region - Produncan<\/title>\n<meta name=\"description\" content=\"Plots in R\u00edo Bueno between Lake Puyehue and Lake Ranco, with public access, electricity, flat grasslands, native forest, and river. Spectacular view of volcanoes.\" \/>\n<meta name=\"robots\" content=\"index, follow, max-snippet:-1, max-image-preview:large, max-video-preview:-1\" \/>\n<link rel=\"canonical\" href=\"https:\/\/produncan.cl\/en\/property\/lotes-in-rio-bueno-el-boquial-los-rios-region\/\" \/>\n<meta property=\"og:locale\" content=\"en_US\" \/>\n<meta property=\"og:type\" content=\"article\" \/>\n<meta property=\"og:title\" content=\"Lotes in Rio Bueno, El Boquial - Los R\u00edos Region\" \/>\n<meta property=\"og:description\" content=\"Plots in R\u00edo Bueno between Lake Puyehue and Lake Ranco, with public access, electricity, flat grasslands, native forest, and river. Spectacular view of volcanoes.\" \/>\n<meta property=\"og:url\" content=\"https:\/\/produncan.cl\/en\/property\/lotes-in-rio-bueno-el-boquial-los-rios-region\/\" \/>\n<meta property=\"og:site_name\" content=\"Produncan\" \/>\n<meta property=\"article:publisher\" content=\"https:\/\/web.facebook.com\/produncanland\" \/>\n<meta property=\"article:modified_time\" content=\"2025-12-04T20:18:12+00:00\" \/>\n<meta property=\"og:image\" content=\"https:\/\/produncan.cl\/wp-content\/uploads\/2025\/08\/Campito-en-venta-El-Boquial-Rio-Bueno.webp\" \/>\n\t<meta property=\"og:image:width\" content=\"800\" \/>\n\t<meta property=\"og:image:height\" content=\"600\" \/>\n\t<meta property=\"og:image:type\" content=\"image\/webp\" \/>\n<meta name=\"twitter:card\" content=\"summary_large_image\" \/>\n<meta name=\"twitter:label1\" content=\"Price\" \/>\n\t<meta name=\"twitter:data1\" content=\"USD129.400,00\" \/>\n\t<meta name=\"twitter:label2\" content=\"Availability\" \/>\n\t<meta name=\"twitter:data2\" content=\"In stock\" \/>\n<script type=\"application\/ld+json\" class=\"yoast-schema-graph\">{\"@context\":\"https:\\\/\\\/schema.org\",\"@graph\":[{\"@type\":\"WebPage\",\"@id\":\"https:\\\/\\\/produncan.cl\\\/en\\\/property\\\/lotes-in-rio-bueno-el-boquial-los-rios-region\\\/\",\"url\":\"https:\\\/\\\/produncan.cl\\\/en\\\/property\\\/lotes-in-rio-bueno-el-boquial-los-rios-region\\\/\",\"name\":\"Lotes in Rio Bueno, El Boquial - Los R\u00edos Region - Produncan\",\"isPartOf\":{\"@id\":\"https:\\\/\\\/produncan.cl\\\/en\\\/#website\"},\"primaryImageOfPage\":{\"@id\":\"https:\\\/\\\/produncan.cl\\\/en\\\/property\\\/lotes-in-rio-bueno-el-boquial-los-rios-region\\\/#primaryimage\"},\"image\":{\"@id\":\"https:\\\/\\\/produncan.cl\\\/en\\\/property\\\/lotes-in-rio-bueno-el-boquial-los-rios-region\\\/#primaryimage\"},\"thumbnailUrl\":\"https:\\\/\\\/produncan.cl\\\/wp-content\\\/uploads\\\/2025\\\/08\\\/Campito-en-venta-El-Boquial-Rio-Bueno.webp\",\"datePublished\":\"2025-08-20T01:52:39+00:00\",\"dateModified\":\"2025-12-04T20:18:12+00:00\",\"description\":\"Plots in R\u00edo Bueno between Lake Puyehue and Lake Ranco, with public access, electricity, flat grasslands, native forest, and river. Spectacular view of volcanoes.\",\"breadcrumb\":{\"@id\":\"https:\\\/\\\/produncan.cl\\\/en\\\/property\\\/lotes-in-rio-bueno-el-boquial-los-rios-region\\\/#breadcrumb\"},\"inLanguage\":\"en-US\",\"potentialAction\":[{\"@type\":\"ReadAction\",\"target\":[\"https:\\\/\\\/produncan.cl\\\/en\\\/property\\\/lotes-in-rio-bueno-el-boquial-los-rios-region\\\/\"]}]},{\"@type\":\"ImageObject\",\"inLanguage\":\"en-US\",\"@id\":\"https:\\\/\\\/produncan.cl\\\/en\\\/property\\\/lotes-in-rio-bueno-el-boquial-los-rios-region\\\/#primaryimage\",\"url\":\"https:\\\/\\\/produncan.cl\\\/wp-content\\\/uploads\\\/2025\\\/08\\\/Campito-en-venta-El-Boquial-Rio-Bueno.webp\",\"contentUrl\":\"https:\\\/\\\/produncan.cl\\\/wp-content\\\/uploads\\\/2025\\\/08\\\/Campito-en-venta-El-Boquial-Rio-Bueno.webp\",\"width\":800,\"height\":600,\"caption\":\"Campus for sale El Boquial R\u00edo Bueno\"},{\"@type\":\"BreadcrumbList\",\"@id\":\"https:\\\/\\\/produncan.cl\\\/en\\\/property\\\/lotes-in-rio-bueno-el-boquial-los-rios-region\\\/#breadcrumb\",\"itemListElement\":[{\"@type\":\"ListItem\",\"position\":1,\"name\":\"Inicio\",\"item\":\"https:\\\/\\\/produncan.cl\\\/en\\\/\"},{\"@type\":\"ListItem\",\"position\":2,\"name\":\"Properties\",\"item\":\"https:\\\/\\\/produncan.cl\\\/propiedades\\\/\"},{\"@type\":\"ListItem\",\"position\":3,\"name\":\"Fields\",\"item\":\"https:\\\/\\\/produncan.cl\\\/en\\\/property-type\\\/fields\\\/\"},{\"@type\":\"ListItem\",\"position\":4,\"name\":\"Lotes in Rio Bueno, El Boquial &#8211; Los R\u00edos Region\"}]},{\"@type\":\"WebSite\",\"@id\":\"https:\\\/\\\/produncan.cl\\\/en\\\/#website\",\"url\":\"https:\\\/\\\/produncan.cl\\\/en\\\/\",\"name\":\"Produncan\",\"description\":\"We accompany you in your life project!\",\"publisher\":{\"@id\":\"https:\\\/\\\/produncan.cl\\\/en\\\/#organization\"},\"potentialAction\":[{\"@type\":\"SearchAction\",\"target\":{\"@type\":\"EntryPoint\",\"urlTemplate\":\"https:\\\/\\\/produncan.cl\\\/en\\\/?s={search_term_string}\"},\"query-input\":{\"@type\":\"PropertyValueSpecification\",\"valueRequired\":true,\"valueName\":\"search_term_string\"}}],\"inLanguage\":\"en-US\"},{\"@type\":\"Organization\",\"@id\":\"https:\\\/\\\/produncan.cl\\\/en\\\/#organization\",\"name\":\"Produncan\",\"url\":\"https:\\\/\\\/produncan.cl\\\/en\\\/\",\"logo\":{\"@type\":\"ImageObject\",\"inLanguage\":\"en-US\",\"@id\":\"https:\\\/\\\/produncan.cl\\\/en\\\/#\\\/schema\\\/logo\\\/image\\\/\",\"url\":\"https:\\\/\\\/produncan.cl\\\/wp-content\\\/uploads\\\/2021\\\/03\\\/LOGO.jpeg\",\"contentUrl\":\"https:\\\/\\\/produncan.cl\\\/wp-content\\\/uploads\\\/2021\\\/03\\\/LOGO.jpeg\",\"width\":1280,\"height\":903,\"caption\":\"Produncan\"},\"image\":{\"@id\":\"https:\\\/\\\/produncan.cl\\\/en\\\/#\\\/schema\\\/logo\\\/image\\\/\"},\"sameAs\":[\"https:\\\/\\\/web.facebook.com\\\/produncanland\",\"https:\\\/\\\/www.instagram.com\\\/pro_duncan\\\/\",\"https:\\\/\\\/www.linkedin.com\\\/company\\\/produncan-lands\\\/\",\"https:\\\/\\\/www.youtube.com\\\/channel\\\/UCu7N-f3x0svkazD-Eew1-QQ\"],\"description\":\"En Produncan somos especialistas en la venta de terrenos en el sur de Chile. Proveemos estancias, campos, parcelas y hoteles.\",\"email\":\"info@produncan.cl\"}]}<\/script>\n<meta property=\"og:video\" content=\"https:\/\/www.youtube.com\/embed\/hlnM9Ty_HUQ\" \/>\n<meta property=\"og:video:type\" content=\"text\/html\" \/>\n<meta property=\"og:video:duration\" content=\"76\" \/>\n<meta property=\"og:video:width\" content=\"480\" \/>\n<meta property=\"og:video:height\" content=\"270\" \/>\n<meta property=\"ya:ovs:adult\" content=\"false\" \/>\n<meta property=\"ya:ovs:upload_date\" content=\"2025-08-20T01:52:39+00:00\" \/>\n<meta property=\"ya:ovs:allow_embed\" content=\"true\" \/>\n<meta property=\"product:price:amount\" content=\"129400.00\" \/>\n<meta property=\"product:price:currency\" content=\"USD\" \/>\n<meta property=\"og:availability\" content=\"instock\" \/>\n<meta property=\"product:availability\" content=\"instock\" \/>\n<meta property=\"product:condition\" content=\"new\" \/>\n<!-- \/ Yoast SEO Premium plugin. -->","yoast_head_json":{"title":"Lotes in Rio Bueno, El Boquial - Los R\u00edos Region - Produncan","description":"Plots in R\u00edo Bueno between Lake Puyehue and Lake Ranco, with public access, electricity, flat grasslands, native forest, and river. Spectacular view of volcanoes.","robots":{"index":"index","follow":"follow","max-snippet":"max-snippet:-1","max-image-preview":"max-image-preview:large","max-video-preview":"max-video-preview:-1"},"canonical":"https:\/\/produncan.cl\/en\/property\/lotes-in-rio-bueno-el-boquial-los-rios-region\/","og_locale":"en_US","og_type":"article","og_title":"Lotes in Rio Bueno, El Boquial - Los R\u00edos Region","og_description":"Plots in R\u00edo Bueno between Lake Puyehue and Lake Ranco, with public access, electricity, flat grasslands, native forest, and river. Spectacular view of volcanoes.","og_url":"https:\/\/produncan.cl\/en\/property\/lotes-in-rio-bueno-el-boquial-los-rios-region\/","og_site_name":"Produncan","article_publisher":"https:\/\/web.facebook.com\/produncanland","article_modified_time":"2025-12-04T20:18:12+00:00","og_image":[{"width":800,"height":600,"url":"https:\/\/produncan.cl\/wp-content\/uploads\/2025\/08\/Campito-en-venta-El-Boquial-Rio-Bueno.webp","type":"image\/webp"}],"twitter_card":"summary_large_image","twitter_misc":{"Price":"USD129.400,00","Availability":"In stock"},"schema":{"@context":"https:\/\/schema.org","@graph":[{"@type":"WebPage","@id":"https:\/\/produncan.cl\/en\/property\/lotes-in-rio-bueno-el-boquial-los-rios-region\/","url":"https:\/\/produncan.cl\/en\/property\/lotes-in-rio-bueno-el-boquial-los-rios-region\/","name":"Lotes in Rio Bueno, El Boquial - Los R\u00edos Region - Produncan","isPartOf":{"@id":"https:\/\/produncan.cl\/en\/#website"},"primaryImageOfPage":{"@id":"https:\/\/produncan.cl\/en\/property\/lotes-in-rio-bueno-el-boquial-los-rios-region\/#primaryimage"},"image":{"@id":"https:\/\/produncan.cl\/en\/property\/lotes-in-rio-bueno-el-boquial-los-rios-region\/#primaryimage"},"thumbnailUrl":"https:\/\/produncan.cl\/wp-content\/uploads\/2025\/08\/Campito-en-venta-El-Boquial-Rio-Bueno.webp","datePublished":"2025-08-20T01:52:39+00:00","dateModified":"2025-12-04T20:18:12+00:00","description":"Plots in R\u00edo Bueno between Lake Puyehue and Lake Ranco, with public access, electricity, flat grasslands, native forest, and river. Spectacular view of volcanoes.","breadcrumb":{"@id":"https:\/\/produncan.cl\/en\/property\/lotes-in-rio-bueno-el-boquial-los-rios-region\/#breadcrumb"},"inLanguage":"en-US","potentialAction":[{"@type":"ReadAction","target":["https:\/\/produncan.cl\/en\/property\/lotes-in-rio-bueno-el-boquial-los-rios-region\/"]}]},{"@type":"ImageObject","inLanguage":"en-US","@id":"https:\/\/produncan.cl\/en\/property\/lotes-in-rio-bueno-el-boquial-los-rios-region\/#primaryimage","url":"https:\/\/produncan.cl\/wp-content\/uploads\/2025\/08\/Campito-en-venta-El-Boquial-Rio-Bueno.webp","contentUrl":"https:\/\/produncan.cl\/wp-content\/uploads\/2025\/08\/Campito-en-venta-El-Boquial-Rio-Bueno.webp","width":800,"height":600,"caption":"Campus for sale El Boquial R\u00edo Bueno"},{"@type":"BreadcrumbList","@id":"https:\/\/produncan.cl\/en\/property\/lotes-in-rio-bueno-el-boquial-los-rios-region\/#breadcrumb","itemListElement":[{"@type":"ListItem","position":1,"name":"Inicio","item":"https:\/\/produncan.cl\/en\/"},{"@type":"ListItem","position":2,"name":"Properties","item":"https:\/\/produncan.cl\/propiedades\/"},{"@type":"ListItem","position":3,"name":"Fields","item":"https:\/\/produncan.cl\/en\/property-type\/fields\/"},{"@type":"ListItem","position":4,"name":"Lotes in Rio Bueno, El Boquial &#8211; Los R\u00edos Region"}]},{"@type":"WebSite","@id":"https:\/\/produncan.cl\/en\/#website","url":"https:\/\/produncan.cl\/en\/","name":"Produncan","description":"We accompany you in your life project!","publisher":{"@id":"https:\/\/produncan.cl\/en\/#organization"},"potentialAction":[{"@type":"SearchAction","target":{"@type":"EntryPoint","urlTemplate":"https:\/\/produncan.cl\/en\/?s={search_term_string}"},"query-input":{"@type":"PropertyValueSpecification","valueRequired":true,"valueName":"search_term_string"}}],"inLanguage":"en-US"},{"@type":"Organization","@id":"https:\/\/produncan.cl\/en\/#organization","name":"Produncan","url":"https:\/\/produncan.cl\/en\/","logo":{"@type":"ImageObject","inLanguage":"en-US","@id":"https:\/\/produncan.cl\/en\/#\/schema\/logo\/image\/","url":"https:\/\/produncan.cl\/wp-content\/uploads\/2021\/03\/LOGO.jpeg","contentUrl":"https:\/\/produncan.cl\/wp-content\/uploads\/2021\/03\/LOGO.jpeg","width":1280,"height":903,"caption":"Produncan"},"image":{"@id":"https:\/\/produncan.cl\/en\/#\/schema\/logo\/image\/"},"sameAs":["https:\/\/web.facebook.com\/produncanland","https:\/\/www.instagram.com\/pro_duncan\/","https:\/\/www.linkedin.com\/company\/produncan-lands\/","https:\/\/www.youtube.com\/channel\/UCu7N-f3x0svkazD-Eew1-QQ"],"description":"En Produncan somos especialistas en la venta de terrenos en el sur de Chile. Proveemos estancias, campos, parcelas y hoteles.","email":"info@produncan.cl"}]},"og_video":"https:\/\/www.youtube.com\/embed\/hlnM9Ty_HUQ","og_video_type":"text\/html","og_video_duration":"76","og_video_width":"480","og_video_height":"270","ya_ovs_adult":"false","ya_ovs_upload_date":"2025-08-20T01:52:39+00:00","ya_ovs_allow_embed":"true","product_price_amount":"129400.00","product_price_currency":"USD","og_availability":"instock","product_availability":"instock","product_condition":"new"},"_links":{"self":[{"href":"https:\/\/produncan.cl\/en\/wp-json\/wp\/v2\/product\/48730","targetHints":{"allow":["GET"]}}],"collection":[{"href":"https:\/\/produncan.cl\/en\/wp-json\/wp\/v2\/product"}],"about":[{"href":"https:\/\/produncan.cl\/en\/wp-json\/wp\/v2\/types\/product"}],"version-history":[{"count":1,"href":"https:\/\/produncan.cl\/en\/wp-json\/wp\/v2\/product\/48730\/revisions"}],"predecessor-version":[{"id":52447,"href":"https:\/\/produncan.cl\/en\/wp-json\/wp\/v2\/product\/48730\/revisions\/52447"}],"wp:featuredmedia":[{"embeddable":true,"href":"https:\/\/produncan.cl\/en\/wp-json\/wp\/v2\/media\/48475"}],"wp:attachment":[{"href":"https:\/\/produncan.cl\/en\/wp-json\/wp\/v2\/media?parent=48730"}],"wp:term":[{"taxonomy":"product_brand","embeddable":true,"href":"https:\/\/produncan.cl\/en\/wp-json\/wp\/v2\/product_brand?post=48730"},{"taxonomy":"product_cat","embeddable":true,"href":"https:\/\/produncan.cl\/en\/wp-json\/wp\/v2\/product_cat?post=48730"},{"taxonomy":"product_tag","embeddable":true,"href":"https:\/\/produncan.cl\/en\/wp-json\/wp\/v2\/product_tag?post=48730"},{"taxonomy":"regiones","embeddable":true,"href":"https:\/\/produncan.cl\/en\/wp-json\/wp\/v2\/regiones?post=48730"},{"taxonomy":"ciudades","embeddable":true,"href":"https:\/\/produncan.cl\/en\/wp-json\/wp\/v2\/ciudades?post=48730"}],"curies":[{"name":"wp","href":"https:\/\/api.w.org\/{rel}","templated":true}]}}