{"id":51514,"date":"2025-10-28T17:55:54","date_gmt":"2025-10-28T20:55:54","guid":{"rendered":"https:\/\/produncan.cl\/propiedad\/country-with-house-in-caleta-estakilla-los-muermos-los-lagos-region\/"},"modified":"2025-12-05T13:42:21","modified_gmt":"2025-12-05T16:42:21","slug":"country-with-house-in-caleta-estakilla-los-muermos-los-lagos-region","status":"publish","type":"product","link":"https:\/\/produncan.cl\/en\/property\/country-with-house-in-caleta-estakilla-los-muermos-los-lagos-region\/","title":{"rendered":"Country house in Caleta Estaquilla \u2013 Los Muermos, Los Lagos Region"},"content":{"rendered":"\t\t<div data-elementor-type=\"product-post\" data-elementor-id=\"51514\" class=\"elementor elementor-51514 elementor-51422\" data-elementor-post-type=\"product\">\n\t\t\t\t<div class=\"elementor-element elementor-element-2e6c297 e-flex e-con-boxed e-con e-parent\" data-id=\"2e6c297\" data-element_type=\"container\" data-e-type=\"container\" data-settings=\"{&quot;jet_parallax_layout_list&quot;:[]}\">\n\t\t\t\t\t<div class=\"e-con-inner\">\n\t\t\t\t<div class=\"elementor-element elementor-element-ebd359e elementor-widget elementor-widget-heading\" data-id=\"ebd359e\" data-element_type=\"widget\" data-e-type=\"widget\" data-widget_type=\"heading.default\">\n\t\t\t\t\t<h2 class=\"elementor-heading-title elementor-size-default\">Property of 5.75 hectares with house, shed, water tank and greenhouse, ready for your project of a lifetime!<\/h2>\t\t\t\t<\/div>\n\t\t\t\t\t<\/div>\n\t\t\t\t<\/div>\n\t\t<div class=\"elementor-element elementor-element-b110376 e-flex e-con-boxed e-con e-parent\" data-id=\"b110376\" data-element_type=\"container\" data-e-type=\"container\" data-settings=\"{&quot;jet_parallax_layout_list&quot;:[]}\">\n\t\t\t\t\t<div class=\"e-con-inner\">\n\t\t\t\t<div class=\"elementor-element elementor-element-c0483a6 elementor-widget elementor-widget-text-editor\" data-id=\"c0483a6\" data-element_type=\"widget\" data-e-type=\"widget\" data-widget_type=\"text-editor.default\">\n\t\t\t\t\t\t\t\t\t<p>Located in the rural area of Caleta <span style=\"color: #c74040;\"><a style=\"color: #c74040;\" href=\"https:\/\/produncan.cl\/ciudades\/estaquilla\/\" target=\"_blank\" rel=\"noopener\"><strong>Estaquilla<\/strong><\/a><\/span>, commune of Los Muermos, Region of Los Lagos, this countryside of a19&gt; <strong>5.75 hectares<\/strong> offers an excellent opportunity for those who are looking to live or invest in a natural environment, with infrastructure already in place, home with municipal reception and great productive potential on a family scale.<\/p><p>The property has its own title, agricultural land use, and regular topography with gentle hills and a flat area where the buildings are located. The property is connected to the <strong>CRELL electricity grid<\/strong>, has a <strong>backup generator system<\/strong> and water supply through the <strong>APR network<\/strong>, as well as a <strong>3-meter-deep concrete water well<\/strong> with a protective house. <\/p><p>Among the buildings, the following stand out:<\/p><ul><li><strong>Main house of 126 m\u00b2<\/strong>, built in 2021, with 3 bedrooms, 1 bathroom, slow-burning wood heating, open kitchen, terrace, and native wood cladding.<\/li><li><strong>Shed of 170 m\u00b2<\/strong>, which can also be used as a covered parking space .<\/li><li><strong>35 m\u00b2 storage room<\/strong> for tools.<\/li><li><strong>54 m\u00b2 aluminum greenhouse<\/strong>, built in polycarbonate, equipped with a 100 m\u00b3 water tank and <strong>automatic irrigation system<\/strong>.<br><br><\/li><\/ul><p>This field in Estaquilla has perimeter fencing around almost all of it its area with a metal gate at the front. a9&gt; area, with a <strong>metal gate at the main entrance and borders on a <strong>natural marshland <\/strong> that crosses the countryside, which provides both ecological value and possibilities for complementary use.<\/strong><\/p><p>Sun exposure is excellent throughout the day, and the property is home to species such as coig\u00fces, ma\u00f1\u00edos, and pittosporum hedges. Local wildlife includes birds such as chucaos, thrushes, rayaditos, tiuques, and mammals such as the Chilote fox. <\/p><p>Only 500 meters from the pavement, access is mostly via paved road, and the final stretch is a gravel road. a11&gt; gravel road in very good condition. The farm is located 40 minutes from a22&gt; Los Muermos and approximately <strong>1 hour and 15 minutes from the airport El Tepual<\/strong> in Puerto Montt. <\/p><p>The area&#8217;s main coastal attractions are located nearby: <strong>Estaquilla Beach<\/strong>, <strong>Huar-Huar Dunes<\/strong>, <strong>Puerto Godoy<\/strong>, <strong>Llico Bajo<\/strong> and <strong>Carelmapu<\/strong>, as well as options for activities such as fishing, kayaking, boat trips, and marine wildlife watching, including <strong>Humboldt penguins<\/strong>, sea lions, dolphins, and even whales in season. It is also close to the sunken forest of the Maull\u00edn River, with its unique ecosystem. <\/p><p><strong>The house has municipal approval, allowing for mortgage applications, and the property is exempt from taxes.<\/strong><\/p><p>A property that combines strategic location, nature, production, and tranquility in one of the most pristine areas of Chile&#8217;s southern coastline.<\/p><p>Contact us and discover your new life project!<\/p>\t\t\t\t\t\t\t\t<\/div>\n\t\t\t\t\t<\/div>\n\t\t\t\t<\/div>\n\t\t\t\t<\/div>\n\t\t","protected":false},"excerpt":{"rendered":"<p>Countryside in Estaquilla, Los Muermos. It has a house with a municipal reception area, a greenhouse with an irrigation system, a shed and a cellar. It has electricity, water APR and its own waterwheel. Exempt from taxes and good access.   <\/p>\n","protected":false},"featured_media":51515,"template":"","meta":{"_acf_changed":false},"product_brand":[],"product_cat":[110],"product_tag":[187,188],"regiones":[226],"ciudades":[245,216],"class_list":{"0":"post-51514","1":"product","2":"type-product","3":"status-publish","4":"has-post-thumbnail","6":"product_cat-nuble-los_lagos-en","7":"product_tag-fields","8":"product_tag-plots","9":"regiones-nuble-los_lagos","10":"ciudades-estaquilla","11":"ciudades-los-muermos","13":"first","14":"instock","15":"shipping-taxable","16":"purchasable","17":"product-type-simple"},"acf":[],"yoast_head":"<!-- This site is optimized with the Yoast SEO Premium plugin v26.0 (Yoast SEO v27.3) - https:\/\/yoast.com\/product\/yoast-seo-premium-wordpress\/ -->\n<title>Country house in Estaquilla - Los Muermos - Produncan<\/title>\n<meta name=\"description\" content=\"Field in Estaquilla, Los Muermos, of 5.75 ha with house inspected, shed, wine cellar, greenhouse with irrigation, electricity, APR, waterwheel and excellent access.\" \/>\n<meta name=\"robots\" content=\"index, follow, max-snippet:-1, max-image-preview:large, max-video-preview:-1\" \/>\n<link rel=\"canonical\" href=\"https:\/\/produncan.cl\/en\/property\/country-with-house-in-caleta-estakilla-los-muermos-los-lagos-region\/\" \/>\n<meta property=\"og:locale\" content=\"en_US\" \/>\n<meta property=\"og:type\" content=\"article\" \/>\n<meta property=\"og:title\" content=\"Country house in Caleta Estaquilla \u2013 Los Muermos, Los Lagos Region\" \/>\n<meta property=\"og:description\" content=\"Countryside in Estaquilla, Los Muermos. It has a house with a municipal reception area, a greenhouse with an irrigation system, a shed and a cellar. It has electricity, water APR and its own waterwheel. Exempt from taxes and good access.\" \/>\n<meta property=\"og:url\" content=\"https:\/\/produncan.cl\/en\/property\/country-with-house-in-caleta-estakilla-los-muermos-los-lagos-region\/\" \/>\n<meta property=\"og:site_name\" content=\"Produncan\" \/>\n<meta property=\"article:publisher\" content=\"https:\/\/web.facebook.com\/produncanland\" \/>\n<meta property=\"article:modified_time\" content=\"2025-12-05T16:42:21+00:00\" \/>\n<meta property=\"og:image\" content=\"https:\/\/produncan.cl\/wp-content\/uploads\/2025\/10\/Campito-Estaquilla-Alto-Los-Muermos.webp\" \/>\n<meta name=\"twitter:card\" content=\"summary_large_image\" \/>\n<meta name=\"twitter:label1\" content=\"Price\" \/>\n\t<meta name=\"twitter:data1\" content=\"USD195.700,00\" \/>\n\t<meta name=\"twitter:label2\" content=\"Availability\" \/>\n\t<meta name=\"twitter:data2\" content=\"In stock\" \/>\n<script type=\"application\/ld+json\" class=\"yoast-schema-graph\">{\"@context\":\"https:\\\/\\\/schema.org\",\"@graph\":[{\"@type\":\"WebPage\",\"@id\":\"https:\\\/\\\/produncan.cl\\\/en\\\/property\\\/country-with-house-in-caleta-estakilla-los-muermos-los-lagos-region\\\/\",\"url\":\"https:\\\/\\\/produncan.cl\\\/en\\\/property\\\/country-with-house-in-caleta-estakilla-los-muermos-los-lagos-region\\\/\",\"name\":\"Country house in Estaquilla - Los Muermos - Produncan\",\"isPartOf\":{\"@id\":\"https:\\\/\\\/produncan.cl\\\/en\\\/#website\"},\"primaryImageOfPage\":{\"@id\":\"https:\\\/\\\/produncan.cl\\\/en\\\/property\\\/country-with-house-in-caleta-estakilla-los-muermos-los-lagos-region\\\/#primaryimage\"},\"image\":{\"@id\":\"https:\\\/\\\/produncan.cl\\\/en\\\/property\\\/country-with-house-in-caleta-estakilla-los-muermos-los-lagos-region\\\/#primaryimage\"},\"thumbnailUrl\":\"https:\\\/\\\/produncan.cl\\\/wp-content\\\/uploads\\\/2025\\\/10\\\/Campito-Estaquilla-Alto-Los-Muermos.webp\",\"datePublished\":\"2025-10-28T20:55:54+00:00\",\"dateModified\":\"2025-12-05T16:42:21+00:00\",\"description\":\"Field in Estaquilla, Los Muermos, of 5.75 ha with house inspected, shed, wine cellar, greenhouse with irrigation, electricity, APR, waterwheel and excellent access.\",\"breadcrumb\":{\"@id\":\"https:\\\/\\\/produncan.cl\\\/en\\\/property\\\/country-with-house-in-caleta-estakilla-los-muermos-los-lagos-region\\\/#breadcrumb\"},\"inLanguage\":\"en-US\",\"potentialAction\":[{\"@type\":\"ReadAction\",\"target\":[\"https:\\\/\\\/produncan.cl\\\/en\\\/property\\\/country-with-house-in-caleta-estakilla-los-muermos-los-lagos-region\\\/\"]}]},{\"@type\":\"ImageObject\",\"inLanguage\":\"en-US\",\"@id\":\"https:\\\/\\\/produncan.cl\\\/en\\\/property\\\/country-with-house-in-caleta-estakilla-los-muermos-los-lagos-region\\\/#primaryimage\",\"url\":\"https:\\\/\\\/produncan.cl\\\/wp-content\\\/uploads\\\/2025\\\/10\\\/Campito-Estaquilla-Alto-Los-Muermos.webp\",\"contentUrl\":\"https:\\\/\\\/produncan.cl\\\/wp-content\\\/uploads\\\/2025\\\/10\\\/Campito-Estaquilla-Alto-Los-Muermos.webp\",\"width\":800,\"height\":600,\"caption\":\"Campito Estaquilla Alto Los Muermos\"},{\"@type\":\"BreadcrumbList\",\"@id\":\"https:\\\/\\\/produncan.cl\\\/en\\\/property\\\/country-with-house-in-caleta-estakilla-los-muermos-los-lagos-region\\\/#breadcrumb\",\"itemListElement\":[{\"@type\":\"ListItem\",\"position\":1,\"name\":\"Inicio\",\"item\":\"https:\\\/\\\/produncan.cl\\\/en\\\/\"},{\"@type\":\"ListItem\",\"position\":2,\"name\":\"Properties\",\"item\":\"https:\\\/\\\/produncan.cl\\\/propiedades\\\/\"},{\"@type\":\"ListItem\",\"position\":3,\"name\":\"Fields\",\"item\":\"https:\\\/\\\/produncan.cl\\\/en\\\/property-type\\\/fields\\\/\"},{\"@type\":\"ListItem\",\"position\":4,\"name\":\"Country house in Caleta Estaquilla \u2013 Los Muermos, Los Lagos Region\"}]},{\"@type\":\"WebSite\",\"@id\":\"https:\\\/\\\/produncan.cl\\\/en\\\/#website\",\"url\":\"https:\\\/\\\/produncan.cl\\\/en\\\/\",\"name\":\"Produncan\",\"description\":\"We accompany you in your life project!\",\"publisher\":{\"@id\":\"https:\\\/\\\/produncan.cl\\\/en\\\/#organization\"},\"potentialAction\":[{\"@type\":\"SearchAction\",\"target\":{\"@type\":\"EntryPoint\",\"urlTemplate\":\"https:\\\/\\\/produncan.cl\\\/en\\\/?s={search_term_string}\"},\"query-input\":{\"@type\":\"PropertyValueSpecification\",\"valueRequired\":true,\"valueName\":\"search_term_string\"}}],\"inLanguage\":\"en-US\"},{\"@type\":\"Organization\",\"@id\":\"https:\\\/\\\/produncan.cl\\\/en\\\/#organization\",\"name\":\"Produncan\",\"url\":\"https:\\\/\\\/produncan.cl\\\/en\\\/\",\"logo\":{\"@type\":\"ImageObject\",\"inLanguage\":\"en-US\",\"@id\":\"https:\\\/\\\/produncan.cl\\\/en\\\/#\\\/schema\\\/logo\\\/image\\\/\",\"url\":\"https:\\\/\\\/produncan.cl\\\/wp-content\\\/uploads\\\/2021\\\/03\\\/LOGO.jpeg\",\"contentUrl\":\"https:\\\/\\\/produncan.cl\\\/wp-content\\\/uploads\\\/2021\\\/03\\\/LOGO.jpeg\",\"width\":1280,\"height\":903,\"caption\":\"Produncan\"},\"image\":{\"@id\":\"https:\\\/\\\/produncan.cl\\\/en\\\/#\\\/schema\\\/logo\\\/image\\\/\"},\"sameAs\":[\"https:\\\/\\\/web.facebook.com\\\/produncanland\",\"https:\\\/\\\/www.instagram.com\\\/pro_duncan\\\/\",\"https:\\\/\\\/www.linkedin.com\\\/company\\\/produncan-lands\\\/\",\"https:\\\/\\\/www.youtube.com\\\/channel\\\/UCu7N-f3x0svkazD-Eew1-QQ\"],\"description\":\"En Produncan somos especialistas en la venta de terrenos en el sur de Chile. Proveemos estancias, campos, parcelas y hoteles.\",\"email\":\"info@produncan.cl\"}]}<\/script>\n<meta property=\"og:video\" content=\"https:\/\/www.youtube.com\/embed\/GCOWZlvx8Mc\" \/>\n<meta property=\"og:video:type\" content=\"text\/html\" \/>\n<meta property=\"og:video:duration\" content=\"82\" \/>\n<meta property=\"og:video:width\" content=\"480\" \/>\n<meta property=\"og:video:height\" content=\"270\" \/>\n<meta property=\"ya:ovs:adult\" content=\"false\" \/>\n<meta property=\"ya:ovs:upload_date\" content=\"2025-10-28T20:55:54+00:00\" \/>\n<meta property=\"ya:ovs:allow_embed\" content=\"true\" \/>\n<meta property=\"product:price:amount\" content=\"195700.00\" \/>\n<meta property=\"product:price:currency\" content=\"USD\" \/>\n<meta property=\"og:availability\" content=\"instock\" \/>\n<meta property=\"product:availability\" content=\"instock\" \/>\n<meta property=\"product:condition\" content=\"new\" \/>\n<!-- \/ Yoast SEO Premium plugin. -->","yoast_head_json":{"title":"Country house in Estaquilla - Los Muermos - Produncan","description":"Field in Estaquilla, Los Muermos, of 5.75 ha with house inspected, shed, wine cellar, greenhouse with irrigation, electricity, APR, waterwheel and excellent access.","robots":{"index":"index","follow":"follow","max-snippet":"max-snippet:-1","max-image-preview":"max-image-preview:large","max-video-preview":"max-video-preview:-1"},"canonical":"https:\/\/produncan.cl\/en\/property\/country-with-house-in-caleta-estakilla-los-muermos-los-lagos-region\/","og_locale":"en_US","og_type":"article","og_title":"Country house in Caleta Estaquilla \u2013 Los Muermos, Los Lagos Region","og_description":"Countryside in Estaquilla, Los Muermos. It has a house with a municipal reception area, a greenhouse with an irrigation system, a shed and a cellar. It has electricity, water APR and its own waterwheel. Exempt from taxes and good access.","og_url":"https:\/\/produncan.cl\/en\/property\/country-with-house-in-caleta-estakilla-los-muermos-los-lagos-region\/","og_site_name":"Produncan","article_publisher":"https:\/\/web.facebook.com\/produncanland","article_modified_time":"2025-12-05T16:42:21+00:00","og_image":[{"url":"https:\/\/produncan.cl\/wp-content\/uploads\/2025\/10\/Campito-Estaquilla-Alto-Los-Muermos.webp","type":"","width":"","height":""}],"twitter_card":"summary_large_image","twitter_misc":{"Price":"USD195.700,00","Availability":"In stock"},"schema":{"@context":"https:\/\/schema.org","@graph":[{"@type":"WebPage","@id":"https:\/\/produncan.cl\/en\/property\/country-with-house-in-caleta-estakilla-los-muermos-los-lagos-region\/","url":"https:\/\/produncan.cl\/en\/property\/country-with-house-in-caleta-estakilla-los-muermos-los-lagos-region\/","name":"Country house in Estaquilla - Los Muermos - Produncan","isPartOf":{"@id":"https:\/\/produncan.cl\/en\/#website"},"primaryImageOfPage":{"@id":"https:\/\/produncan.cl\/en\/property\/country-with-house-in-caleta-estakilla-los-muermos-los-lagos-region\/#primaryimage"},"image":{"@id":"https:\/\/produncan.cl\/en\/property\/country-with-house-in-caleta-estakilla-los-muermos-los-lagos-region\/#primaryimage"},"thumbnailUrl":"https:\/\/produncan.cl\/wp-content\/uploads\/2025\/10\/Campito-Estaquilla-Alto-Los-Muermos.webp","datePublished":"2025-10-28T20:55:54+00:00","dateModified":"2025-12-05T16:42:21+00:00","description":"Field in Estaquilla, Los Muermos, of 5.75 ha with house inspected, shed, wine cellar, greenhouse with irrigation, electricity, APR, waterwheel and excellent access.","breadcrumb":{"@id":"https:\/\/produncan.cl\/en\/property\/country-with-house-in-caleta-estakilla-los-muermos-los-lagos-region\/#breadcrumb"},"inLanguage":"en-US","potentialAction":[{"@type":"ReadAction","target":["https:\/\/produncan.cl\/en\/property\/country-with-house-in-caleta-estakilla-los-muermos-los-lagos-region\/"]}]},{"@type":"ImageObject","inLanguage":"en-US","@id":"https:\/\/produncan.cl\/en\/property\/country-with-house-in-caleta-estakilla-los-muermos-los-lagos-region\/#primaryimage","url":"https:\/\/produncan.cl\/wp-content\/uploads\/2025\/10\/Campito-Estaquilla-Alto-Los-Muermos.webp","contentUrl":"https:\/\/produncan.cl\/wp-content\/uploads\/2025\/10\/Campito-Estaquilla-Alto-Los-Muermos.webp","width":800,"height":600,"caption":"Campito Estaquilla Alto Los Muermos"},{"@type":"BreadcrumbList","@id":"https:\/\/produncan.cl\/en\/property\/country-with-house-in-caleta-estakilla-los-muermos-los-lagos-region\/#breadcrumb","itemListElement":[{"@type":"ListItem","position":1,"name":"Inicio","item":"https:\/\/produncan.cl\/en\/"},{"@type":"ListItem","position":2,"name":"Properties","item":"https:\/\/produncan.cl\/propiedades\/"},{"@type":"ListItem","position":3,"name":"Fields","item":"https:\/\/produncan.cl\/en\/property-type\/fields\/"},{"@type":"ListItem","position":4,"name":"Country house in Caleta Estaquilla \u2013 Los Muermos, Los Lagos Region"}]},{"@type":"WebSite","@id":"https:\/\/produncan.cl\/en\/#website","url":"https:\/\/produncan.cl\/en\/","name":"Produncan","description":"We accompany you in your life project!","publisher":{"@id":"https:\/\/produncan.cl\/en\/#organization"},"potentialAction":[{"@type":"SearchAction","target":{"@type":"EntryPoint","urlTemplate":"https:\/\/produncan.cl\/en\/?s={search_term_string}"},"query-input":{"@type":"PropertyValueSpecification","valueRequired":true,"valueName":"search_term_string"}}],"inLanguage":"en-US"},{"@type":"Organization","@id":"https:\/\/produncan.cl\/en\/#organization","name":"Produncan","url":"https:\/\/produncan.cl\/en\/","logo":{"@type":"ImageObject","inLanguage":"en-US","@id":"https:\/\/produncan.cl\/en\/#\/schema\/logo\/image\/","url":"https:\/\/produncan.cl\/wp-content\/uploads\/2021\/03\/LOGO.jpeg","contentUrl":"https:\/\/produncan.cl\/wp-content\/uploads\/2021\/03\/LOGO.jpeg","width":1280,"height":903,"caption":"Produncan"},"image":{"@id":"https:\/\/produncan.cl\/en\/#\/schema\/logo\/image\/"},"sameAs":["https:\/\/web.facebook.com\/produncanland","https:\/\/www.instagram.com\/pro_duncan\/","https:\/\/www.linkedin.com\/company\/produncan-lands\/","https:\/\/www.youtube.com\/channel\/UCu7N-f3x0svkazD-Eew1-QQ"],"description":"En Produncan somos especialistas en la venta de terrenos en el sur de Chile. Proveemos estancias, campos, parcelas y hoteles.","email":"info@produncan.cl"}]},"og_video":"https:\/\/www.youtube.com\/embed\/GCOWZlvx8Mc","og_video_type":"text\/html","og_video_duration":"82","og_video_width":"480","og_video_height":"270","ya_ovs_adult":"false","ya_ovs_upload_date":"2025-10-28T20:55:54+00:00","ya_ovs_allow_embed":"true","product_price_amount":"195700.00","product_price_currency":"USD","og_availability":"instock","product_availability":"instock","product_condition":"new"},"_links":{"self":[{"href":"https:\/\/produncan.cl\/en\/wp-json\/wp\/v2\/product\/51514","targetHints":{"allow":["GET"]}}],"collection":[{"href":"https:\/\/produncan.cl\/en\/wp-json\/wp\/v2\/product"}],"about":[{"href":"https:\/\/produncan.cl\/en\/wp-json\/wp\/v2\/types\/product"}],"version-history":[{"count":3,"href":"https:\/\/produncan.cl\/en\/wp-json\/wp\/v2\/product\/51514\/revisions"}],"predecessor-version":[{"id":51661,"href":"https:\/\/produncan.cl\/en\/wp-json\/wp\/v2\/product\/51514\/revisions\/51661"}],"wp:featuredmedia":[{"embeddable":true,"href":"https:\/\/produncan.cl\/en\/wp-json\/wp\/v2\/media\/51515"}],"wp:attachment":[{"href":"https:\/\/produncan.cl\/en\/wp-json\/wp\/v2\/media?parent=51514"}],"wp:term":[{"taxonomy":"product_brand","embeddable":true,"href":"https:\/\/produncan.cl\/en\/wp-json\/wp\/v2\/product_brand?post=51514"},{"taxonomy":"product_cat","embeddable":true,"href":"https:\/\/produncan.cl\/en\/wp-json\/wp\/v2\/product_cat?post=51514"},{"taxonomy":"product_tag","embeddable":true,"href":"https:\/\/produncan.cl\/en\/wp-json\/wp\/v2\/product_tag?post=51514"},{"taxonomy":"regiones","embeddable":true,"href":"https:\/\/produncan.cl\/en\/wp-json\/wp\/v2\/regiones?post=51514"},{"taxonomy":"ciudades","embeddable":true,"href":"https:\/\/produncan.cl\/en\/wp-json\/wp\/v2\/ciudades?post=51514"}],"curies":[{"name":"wp","href":"https:\/\/api.w.org\/{rel}","templated":true}]}}