{"id":7623,"date":"2022-10-24T17:48:53","date_gmt":"2022-10-24T20:48:53","guid":{"rendered":"https:\/\/produncan.cl\/producto\/campito-el-manio-iii-8-6ha\/"},"modified":"2025-12-04T18:07:59","modified_gmt":"2025-12-04T21:07:59","slug":"campito-el-manio-iii","status":"publish","type":"product","link":"https:\/\/produncan.cl\/en\/property\/campito-el-manio-iii\/","title":{"rendered":"Campsite in R\u00edo Fr\u00edo &#8211; El Ma\u00f1\u00edo III, Los Muermos"},"content":{"rendered":"\t\t<div data-elementor-type=\"product-post\" data-elementor-id=\"7623\" class=\"elementor elementor-7623 elementor-3518\" data-elementor-post-type=\"product\">\n\t\t\t\t\t\t<section class=\"elementor-section elementor-top-section elementor-element elementor-element-211ce535 elementor-section-boxed elementor-section-height-default elementor-section-height-default\" data-id=\"211ce535\" data-element_type=\"section\" data-e-type=\"section\" data-settings=\"{&quot;jet_parallax_layout_list&quot;:[]}\">\n\t\t\t\t\t\t<div class=\"elementor-container elementor-column-gap-default\">\n\t\t\t\t\t<div class=\"elementor-column elementor-col-100 elementor-top-column elementor-element elementor-element-29def38\" data-id=\"29def38\" data-element_type=\"column\" data-e-type=\"column\">\n\t\t\t<div class=\"elementor-widget-wrap elementor-element-populated\">\n\t\t\t\t\t\t<div class=\"elementor-element elementor-element-642f2168 elementor-widget elementor-widget-text-editor\" data-id=\"642f2168\" data-element_type=\"widget\" data-e-type=\"widget\" data-widget_type=\"text-editor.default\">\n\t\t\t\t\t\t\t\t\t<h2>SMALL FARM OF 8.6 HECTARES WITH BEAUTIFUL VIEW ONE HOUR FROM PUERTO VARAS!<\/h2><p>We invite you to visit this 8.6 hectare high altitude camp, one hour west of Puerto Varas, with a beautiful view of green fields and volcanoes.<\/p><p>The property is accessed from Estaci\u00f3n R\u00edo Frio to the west, along a road that is currently paved up to 4 km before the site. Then, you must continue along a gravel road that is in the process of being paved, and finally turn onto a 1.8-km-long, well-maintained easement.<\/p><p>The campito is located at the beginning of the coastal mountain range, facing northeast, with a great view of the R\u00edo Frio station, Puerto Varas and the Calbuco, Osorno and Puntiagudo volcanoes, among others.<\/p><p>The power line runs through the property, there is water from a spring, and there is a stream with abundant water that does not dry up in the summer. In addition, there is an excellent telephone signal.<\/p><p>On the other hand, in the sector of the property that is close to the road and entrance, it has a clear meadow with gentle slopes, ideal for building the house, and then a slope that steepens until it reaches the estuary, allowing the development of a lot of possibilities.<\/p><p>The property has 40% grassland and 60% native trees. The lower part of the forest has ancient trees and a great biodiversity and fauna, ideal for nature lovers.<\/p><p>Within the flora you will find Canelo, Ciruelillo, Rodal, Ulmo, Array\u00e1n, Luma, Meli, Lingue, Tepa and Ma\u00f1\u00edo, among others.<\/p><p>Nearby there is a post office, mini market, school and church. In addition, to stock up on everything you need, the small town of Los Muermos is just 25 minutes away.<\/p><p>Finally, the property is relatively close to the coast, where you can access paradisiacal places such as the Llico Bajo beach, Puerto Godoy, Quenir and Caleta Estaquilla.<\/p><p>DON&#8217;T MISS OUT ON A FANTASTIC LOCATION FOR A MAGNIFICENT PROJECT!<\/p>\t\t\t\t\t\t\t\t<\/div>\n\t\t\t\t\t<\/div>\n\t\t<\/div>\n\t\t\t\t\t<\/div>\n\t\t<\/section>\n\t\t\t\t<\/div>\n\t\t","protected":false},"excerpt":{"rendered":"<p>Campsite in R\u00edo Fr\u00edo, Los Muermos, 1 hour from Puerto Varas, with a stream, springs, electricity, good cell phone reception, and panoramic views of the mountains. 4 kilometers of gravel road currently being paved. Flat terrain, mostly gentle slopes.  <\/p>\n","protected":false},"featured_media":7140,"template":"","meta":{"_acf_changed":false},"product_brand":[],"product_cat":[110],"product_tag":[188,189],"regiones":[226],"ciudades":[214,216],"class_list":{"0":"post-7623","1":"product","2":"type-product","3":"status-publish","4":"has-post-thumbnail","6":"product_cat-nuble-los_lagos-en","7":"product_tag-plots","8":"product_tag-touristic-properties","9":"regiones-nuble-los_lagos","10":"ciudades-fresia","11":"ciudades-los-muermos","13":"first","14":"instock","15":"sold-individually","16":"shipping-taxable","17":"purchasable","18":"product-type-simple"},"acf":[],"yoast_head":"<!-- This site is optimized with the Yoast SEO Premium plugin v26.0 (Yoast SEO v27.3) - https:\/\/yoast.com\/product\/yoast-seo-premium-wordpress\/ -->\n<title>Campsite in R\u00edo Fr\u00edo - El Ma\u00f1\u00edo III, Los Muermos - Produncan<\/title>\n<meta name=\"description\" content=\"Campito in R\u00edo Fr\u00edo with a beautiful view towards green fields and volcanoes just one a9&gt; hour from Puerto Varas. Electricity, water, signal and good access.\" \/>\n<meta name=\"robots\" content=\"index, follow, max-snippet:-1, max-image-preview:large, max-video-preview:-1\" \/>\n<link rel=\"canonical\" href=\"https:\/\/produncan.cl\/en\/property\/campito-el-manio-iii\/\" \/>\n<meta property=\"og:locale\" content=\"en_US\" \/>\n<meta property=\"og:type\" content=\"article\" \/>\n<meta property=\"og:title\" content=\"Campsite in R\u00edo Fr\u00edo - El Ma\u00f1\u00edo III, Los Muermos\" \/>\n<meta property=\"og:description\" content=\"Campito in R\u00edo Fr\u00edo with a beautiful view towards green fields and volcanoes just one a9&gt; hour from Puerto Varas. Electricity, water, signal and good access.\" \/>\n<meta property=\"og:url\" content=\"https:\/\/produncan.cl\/en\/property\/campito-el-manio-iii\/\" \/>\n<meta property=\"og:site_name\" content=\"Produncan\" \/>\n<meta property=\"article:publisher\" content=\"https:\/\/web.facebook.com\/produncanland\" \/>\n<meta property=\"article:modified_time\" content=\"2025-12-04T21:07:59+00:00\" \/>\n<meta property=\"og:image\" content=\"https:\/\/produncan.cl\/wp-content\/uploads\/2022\/10\/Campito-El-Manio-III.webp\" \/>\n\t<meta property=\"og:image:width\" content=\"600\" \/>\n\t<meta property=\"og:image:height\" content=\"450\" \/>\n\t<meta property=\"og:image:type\" content=\"image\/webp\" \/>\n<meta name=\"twitter:card\" content=\"summary_large_image\" \/>\n<meta name=\"twitter:label1\" content=\"Price\" \/>\n\t<meta name=\"twitter:data1\" content=\"USD92.400,00\" \/>\n\t<meta name=\"twitter:label2\" content=\"Availability\" \/>\n\t<meta name=\"twitter:data2\" content=\"In stock\" \/>\n<script type=\"application\/ld+json\" class=\"yoast-schema-graph\">{\"@context\":\"https:\\\/\\\/schema.org\",\"@graph\":[{\"@type\":\"WebPage\",\"@id\":\"https:\\\/\\\/produncan.cl\\\/en\\\/property\\\/campito-el-manio-iii\\\/\",\"url\":\"https:\\\/\\\/produncan.cl\\\/en\\\/property\\\/campito-el-manio-iii\\\/\",\"name\":\"Campsite in R\u00edo Fr\u00edo - El Ma\u00f1\u00edo III, Los Muermos - Produncan\",\"isPartOf\":{\"@id\":\"https:\\\/\\\/produncan.cl\\\/en\\\/#website\"},\"primaryImageOfPage\":{\"@id\":\"https:\\\/\\\/produncan.cl\\\/en\\\/property\\\/campito-el-manio-iii\\\/#primaryimage\"},\"image\":{\"@id\":\"https:\\\/\\\/produncan.cl\\\/en\\\/property\\\/campito-el-manio-iii\\\/#primaryimage\"},\"thumbnailUrl\":\"https:\\\/\\\/produncan.cl\\\/wp-content\\\/uploads\\\/2022\\\/10\\\/Campito-El-Manio-III.webp\",\"datePublished\":\"2022-10-24T20:48:53+00:00\",\"dateModified\":\"2025-12-04T21:07:59+00:00\",\"description\":\"Campito in R\u00edo Fr\u00edo with a beautiful view towards green fields and volcanoes just one a9> hour from Puerto Varas. Electricity, water, signal and good access.\",\"breadcrumb\":{\"@id\":\"https:\\\/\\\/produncan.cl\\\/en\\\/property\\\/campito-el-manio-iii\\\/#breadcrumb\"},\"inLanguage\":\"en-US\",\"potentialAction\":[{\"@type\":\"ReadAction\",\"target\":[\"https:\\\/\\\/produncan.cl\\\/en\\\/property\\\/campito-el-manio-iii\\\/\"]}]},{\"@type\":\"ImageObject\",\"inLanguage\":\"en-US\",\"@id\":\"https:\\\/\\\/produncan.cl\\\/en\\\/property\\\/campito-el-manio-iii\\\/#primaryimage\",\"url\":\"https:\\\/\\\/produncan.cl\\\/wp-content\\\/uploads\\\/2022\\\/10\\\/Campito-El-Manio-III.webp\",\"contentUrl\":\"https:\\\/\\\/produncan.cl\\\/wp-content\\\/uploads\\\/2022\\\/10\\\/Campito-El-Manio-III.webp\",\"width\":600,\"height\":450},{\"@type\":\"BreadcrumbList\",\"@id\":\"https:\\\/\\\/produncan.cl\\\/en\\\/property\\\/campito-el-manio-iii\\\/#breadcrumb\",\"itemListElement\":[{\"@type\":\"ListItem\",\"position\":1,\"name\":\"Inicio\",\"item\":\"https:\\\/\\\/produncan.cl\\\/en\\\/\"},{\"@type\":\"ListItem\",\"position\":2,\"name\":\"Properties\",\"item\":\"https:\\\/\\\/produncan.cl\\\/propiedades\\\/\"},{\"@type\":\"ListItem\",\"position\":3,\"name\":\"plots\",\"item\":\"https:\\\/\\\/produncan.cl\\\/en\\\/property-type\\\/plots\\\/\"},{\"@type\":\"ListItem\",\"position\":4,\"name\":\"Campsite in R\u00edo Fr\u00edo &#8211; El Ma\u00f1\u00edo III, Los Muermos\"}]},{\"@type\":\"WebSite\",\"@id\":\"https:\\\/\\\/produncan.cl\\\/en\\\/#website\",\"url\":\"https:\\\/\\\/produncan.cl\\\/en\\\/\",\"name\":\"Produncan\",\"description\":\"We accompany you in your life project!\",\"publisher\":{\"@id\":\"https:\\\/\\\/produncan.cl\\\/en\\\/#organization\"},\"potentialAction\":[{\"@type\":\"SearchAction\",\"target\":{\"@type\":\"EntryPoint\",\"urlTemplate\":\"https:\\\/\\\/produncan.cl\\\/en\\\/?s={search_term_string}\"},\"query-input\":{\"@type\":\"PropertyValueSpecification\",\"valueRequired\":true,\"valueName\":\"search_term_string\"}}],\"inLanguage\":\"en-US\"},{\"@type\":\"Organization\",\"@id\":\"https:\\\/\\\/produncan.cl\\\/en\\\/#organization\",\"name\":\"Produncan\",\"url\":\"https:\\\/\\\/produncan.cl\\\/en\\\/\",\"logo\":{\"@type\":\"ImageObject\",\"inLanguage\":\"en-US\",\"@id\":\"https:\\\/\\\/produncan.cl\\\/en\\\/#\\\/schema\\\/logo\\\/image\\\/\",\"url\":\"https:\\\/\\\/produncan.cl\\\/wp-content\\\/uploads\\\/2021\\\/03\\\/LOGO.jpeg\",\"contentUrl\":\"https:\\\/\\\/produncan.cl\\\/wp-content\\\/uploads\\\/2021\\\/03\\\/LOGO.jpeg\",\"width\":1280,\"height\":903,\"caption\":\"Produncan\"},\"image\":{\"@id\":\"https:\\\/\\\/produncan.cl\\\/en\\\/#\\\/schema\\\/logo\\\/image\\\/\"},\"sameAs\":[\"https:\\\/\\\/web.facebook.com\\\/produncanland\",\"https:\\\/\\\/www.instagram.com\\\/pro_duncan\\\/\",\"https:\\\/\\\/www.linkedin.com\\\/company\\\/produncan-lands\\\/\",\"https:\\\/\\\/www.youtube.com\\\/channel\\\/UCu7N-f3x0svkazD-Eew1-QQ\"],\"description\":\"En Produncan somos especialistas en la venta de terrenos en el sur de Chile. Proveemos estancias, campos, parcelas y hoteles.\",\"email\":\"info@produncan.cl\"}]}<\/script>\n<meta property=\"og:video\" content=\"https:\/\/www.youtube.com\/embed\/nXUbpGADup0\" \/>\n<meta property=\"og:video:type\" content=\"text\/html\" \/>\n<meta property=\"og:video:duration\" content=\"60\" \/>\n<meta property=\"og:video:width\" content=\"480\" \/>\n<meta property=\"og:video:height\" content=\"360\" \/>\n<meta property=\"ya:ovs:adult\" content=\"false\" \/>\n<meta property=\"ya:ovs:upload_date\" content=\"2022-10-24T20:48:53+00:00\" \/>\n<meta property=\"ya:ovs:allow_embed\" content=\"true\" \/>\n<meta property=\"product:price:amount\" content=\"92400.00\" \/>\n<meta property=\"product:price:currency\" content=\"USD\" \/>\n<meta property=\"og:availability\" content=\"instock\" \/>\n<meta property=\"product:availability\" content=\"instock\" \/>\n<meta property=\"product:condition\" content=\"new\" \/>\n<!-- \/ Yoast SEO Premium plugin. -->","yoast_head_json":{"title":"Campsite in R\u00edo Fr\u00edo - El Ma\u00f1\u00edo III, Los Muermos - Produncan","description":"Campito in R\u00edo Fr\u00edo with a beautiful view towards green fields and volcanoes just one a9> hour from Puerto Varas. Electricity, water, signal and good access.","robots":{"index":"index","follow":"follow","max-snippet":"max-snippet:-1","max-image-preview":"max-image-preview:large","max-video-preview":"max-video-preview:-1"},"canonical":"https:\/\/produncan.cl\/en\/property\/campito-el-manio-iii\/","og_locale":"en_US","og_type":"article","og_title":"Campsite in R\u00edo Fr\u00edo - El Ma\u00f1\u00edo III, Los Muermos","og_description":"Campito in R\u00edo Fr\u00edo with a beautiful view towards green fields and volcanoes just one a9> hour from Puerto Varas. Electricity, water, signal and good access.","og_url":"https:\/\/produncan.cl\/en\/property\/campito-el-manio-iii\/","og_site_name":"Produncan","article_publisher":"https:\/\/web.facebook.com\/produncanland","article_modified_time":"2025-12-04T21:07:59+00:00","og_image":[{"width":600,"height":450,"url":"https:\/\/produncan.cl\/wp-content\/uploads\/2022\/10\/Campito-El-Manio-III.webp","type":"image\/webp"}],"twitter_card":"summary_large_image","twitter_misc":{"Price":"USD92.400,00","Availability":"In stock"},"schema":{"@context":"https:\/\/schema.org","@graph":[{"@type":"WebPage","@id":"https:\/\/produncan.cl\/en\/property\/campito-el-manio-iii\/","url":"https:\/\/produncan.cl\/en\/property\/campito-el-manio-iii\/","name":"Campsite in R\u00edo Fr\u00edo - El Ma\u00f1\u00edo III, Los Muermos - Produncan","isPartOf":{"@id":"https:\/\/produncan.cl\/en\/#website"},"primaryImageOfPage":{"@id":"https:\/\/produncan.cl\/en\/property\/campito-el-manio-iii\/#primaryimage"},"image":{"@id":"https:\/\/produncan.cl\/en\/property\/campito-el-manio-iii\/#primaryimage"},"thumbnailUrl":"https:\/\/produncan.cl\/wp-content\/uploads\/2022\/10\/Campito-El-Manio-III.webp","datePublished":"2022-10-24T20:48:53+00:00","dateModified":"2025-12-04T21:07:59+00:00","description":"Campito in R\u00edo Fr\u00edo with a beautiful view towards green fields and volcanoes just one a9> hour from Puerto Varas. Electricity, water, signal and good access.","breadcrumb":{"@id":"https:\/\/produncan.cl\/en\/property\/campito-el-manio-iii\/#breadcrumb"},"inLanguage":"en-US","potentialAction":[{"@type":"ReadAction","target":["https:\/\/produncan.cl\/en\/property\/campito-el-manio-iii\/"]}]},{"@type":"ImageObject","inLanguage":"en-US","@id":"https:\/\/produncan.cl\/en\/property\/campito-el-manio-iii\/#primaryimage","url":"https:\/\/produncan.cl\/wp-content\/uploads\/2022\/10\/Campito-El-Manio-III.webp","contentUrl":"https:\/\/produncan.cl\/wp-content\/uploads\/2022\/10\/Campito-El-Manio-III.webp","width":600,"height":450},{"@type":"BreadcrumbList","@id":"https:\/\/produncan.cl\/en\/property\/campito-el-manio-iii\/#breadcrumb","itemListElement":[{"@type":"ListItem","position":1,"name":"Inicio","item":"https:\/\/produncan.cl\/en\/"},{"@type":"ListItem","position":2,"name":"Properties","item":"https:\/\/produncan.cl\/propiedades\/"},{"@type":"ListItem","position":3,"name":"plots","item":"https:\/\/produncan.cl\/en\/property-type\/plots\/"},{"@type":"ListItem","position":4,"name":"Campsite in R\u00edo Fr\u00edo &#8211; El Ma\u00f1\u00edo III, Los Muermos"}]},{"@type":"WebSite","@id":"https:\/\/produncan.cl\/en\/#website","url":"https:\/\/produncan.cl\/en\/","name":"Produncan","description":"We accompany you in your life project!","publisher":{"@id":"https:\/\/produncan.cl\/en\/#organization"},"potentialAction":[{"@type":"SearchAction","target":{"@type":"EntryPoint","urlTemplate":"https:\/\/produncan.cl\/en\/?s={search_term_string}"},"query-input":{"@type":"PropertyValueSpecification","valueRequired":true,"valueName":"search_term_string"}}],"inLanguage":"en-US"},{"@type":"Organization","@id":"https:\/\/produncan.cl\/en\/#organization","name":"Produncan","url":"https:\/\/produncan.cl\/en\/","logo":{"@type":"ImageObject","inLanguage":"en-US","@id":"https:\/\/produncan.cl\/en\/#\/schema\/logo\/image\/","url":"https:\/\/produncan.cl\/wp-content\/uploads\/2021\/03\/LOGO.jpeg","contentUrl":"https:\/\/produncan.cl\/wp-content\/uploads\/2021\/03\/LOGO.jpeg","width":1280,"height":903,"caption":"Produncan"},"image":{"@id":"https:\/\/produncan.cl\/en\/#\/schema\/logo\/image\/"},"sameAs":["https:\/\/web.facebook.com\/produncanland","https:\/\/www.instagram.com\/pro_duncan\/","https:\/\/www.linkedin.com\/company\/produncan-lands\/","https:\/\/www.youtube.com\/channel\/UCu7N-f3x0svkazD-Eew1-QQ"],"description":"En Produncan somos especialistas en la venta de terrenos en el sur de Chile. Proveemos estancias, campos, parcelas y hoteles.","email":"info@produncan.cl"}]},"og_video":"https:\/\/www.youtube.com\/embed\/nXUbpGADup0","og_video_type":"text\/html","og_video_duration":"60","og_video_width":"480","og_video_height":"360","ya_ovs_adult":"false","ya_ovs_upload_date":"2022-10-24T20:48:53+00:00","ya_ovs_allow_embed":"true","product_price_amount":"92400.00","product_price_currency":"USD","og_availability":"instock","product_availability":"instock","product_condition":"new"},"_links":{"self":[{"href":"https:\/\/produncan.cl\/en\/wp-json\/wp\/v2\/product\/7623","targetHints":{"allow":["GET"]}}],"collection":[{"href":"https:\/\/produncan.cl\/en\/wp-json\/wp\/v2\/product"}],"about":[{"href":"https:\/\/produncan.cl\/en\/wp-json\/wp\/v2\/types\/product"}],"version-history":[{"count":1,"href":"https:\/\/produncan.cl\/en\/wp-json\/wp\/v2\/product\/7623\/revisions"}],"predecessor-version":[{"id":52931,"href":"https:\/\/produncan.cl\/en\/wp-json\/wp\/v2\/product\/7623\/revisions\/52931"}],"wp:featuredmedia":[{"embeddable":true,"href":"https:\/\/produncan.cl\/en\/wp-json\/wp\/v2\/media\/7140"}],"wp:attachment":[{"href":"https:\/\/produncan.cl\/en\/wp-json\/wp\/v2\/media?parent=7623"}],"wp:term":[{"taxonomy":"product_brand","embeddable":true,"href":"https:\/\/produncan.cl\/en\/wp-json\/wp\/v2\/product_brand?post=7623"},{"taxonomy":"product_cat","embeddable":true,"href":"https:\/\/produncan.cl\/en\/wp-json\/wp\/v2\/product_cat?post=7623"},{"taxonomy":"product_tag","embeddable":true,"href":"https:\/\/produncan.cl\/en\/wp-json\/wp\/v2\/product_tag?post=7623"},{"taxonomy":"regiones","embeddable":true,"href":"https:\/\/produncan.cl\/en\/wp-json\/wp\/v2\/regiones?post=7623"},{"taxonomy":"ciudades","embeddable":true,"href":"https:\/\/produncan.cl\/en\/wp-json\/wp\/v2\/ciudades?post=7623"}],"curies":[{"name":"wp","href":"https:\/\/api.w.org\/{rel}","templated":true}]}}