{"id":7629,"date":"2023-10-03T12:00:04","date_gmt":"2023-10-03T15:00:04","guid":{"rendered":"https:\/\/produncan.cl\/producto\/laguna-sofia-agricultural-land\/"},"modified":"2025-11-28T13:55:04","modified_gmt":"2025-11-28T16:55:04","slug":"land-agricola-laguna-sofia","status":"publish","type":"product","link":"https:\/\/produncan.cl\/en\/property\/land-agricola-laguna-sofia\/","title":{"rendered":"Lots in Puerto Natales, Laguna Sofia &#8211; Region of Magallanes"},"content":{"rendered":"\t\t<div data-elementor-type=\"product-post\" data-elementor-id=\"7629\" class=\"elementor elementor-7629 elementor-1574\" data-elementor-post-type=\"product\">\n\t\t\t\t\t\t<section class=\"elementor-section elementor-top-section elementor-element elementor-element-6a07348c elementor-section-boxed elementor-section-height-default elementor-section-height-default\" data-id=\"6a07348c\" data-element_type=\"section\" data-e-type=\"section\" data-settings=\"{&quot;jet_parallax_layout_list&quot;:[]}\">\n\t\t\t\t\t\t<div class=\"elementor-container elementor-column-gap-default\">\n\t\t\t\t\t<div class=\"elementor-column elementor-col-100 elementor-top-column elementor-element elementor-element-2bcff3e9\" data-id=\"2bcff3e9\" data-element_type=\"column\" data-e-type=\"column\">\n\t\t\t<div class=\"elementor-widget-wrap elementor-element-populated\">\n\t\t\t\t\t\t<div class=\"elementor-element elementor-element-0de046b elementor-widget elementor-widget-heading\" data-id=\"0de046b\" data-element_type=\"widget\" data-e-type=\"widget\" data-widget_type=\"heading.default\">\n\t\t\t\t\t<h2 class=\"elementor-heading-title elementor-size-default\">A Natural Refuge in the Heart of Magellans<\/h2>\t\t\t\t<\/div>\n\t\t\t\t\t<\/div>\n\t\t<\/div>\n\t\t\t\t\t<\/div>\n\t\t<\/section>\n\t\t<div class=\"elementor-element elementor-element-61bc565 e-flex e-con-boxed e-con e-parent\" data-id=\"61bc565\" data-element_type=\"container\" data-e-type=\"container\" data-settings=\"{&quot;jet_parallax_layout_list&quot;:[]}\">\n\t\t\t\t\t<div class=\"e-con-inner\">\n\t\t\t\t<div class=\"elementor-element elementor-element-3ab83e7 elementor-widget elementor-widget-text-editor\" data-id=\"3ab83e7\" data-element_type=\"widget\" data-e-type=\"widget\" data-widget_type=\"text-editor.default\">\n\t\t\t\t\t\t\t\t\t<p>In the majestic Magallanes Region, just 25 minutes north of Puerto Natales, on the way to Torres del Paine, is Laguna Sof\u00eda, one of the most dazzling and emblematic landscapes in southern Chile.<\/p><p>This exclusive project, composed of 64 lots, offers the unique opportunity to live or invest in an incomparable natural environment, surrounded by mountains, native forests and crystal clear waters.<\/p><p>Located next to the Laguna Sof\u00eda, on the back side of the Cave del Milondo, these plots are located between the Sierra Se\u00f1oret and the Sierra Prat, a scenario of changing beauty according to the season of the year, thanks to the presence of \u00f1irres, longas, oaks, coigues and maitens that dye the landscape of unique tones.<\/p><p>The access is comfortable and fast: from Puerto Natales you can reach Route 9 paved, and then only 6 km of curved road in excellent condition lead directly to the entrance of the project.<\/p><p>This environment not only offers a privileged view, but also experiences for all tastes:<\/p><ul><li>Beach and common access to the lagoon, with private dock.<\/li><li>20-hectare natural park with native forest for family walks.<\/li><li>More than 300 hectares of hills and trails * * ideal for trekking, riding and exploration.<\/li><li>Ideal spaces for sports fishing, climbing and observation of flora and fauna.<br\/><br\/><\/li><\/ul><p>The land ranges from 1.4 to 6 hectares, with a value of UF 1,670 per hectare. Many plots already have houses built, supplied with solar energy and water through wells, which guarantees a self-sufficient life in full nature.<\/p><p>The lots in Laguna Sofia are mostly sold, but there are still last available units with privileged views towards the lagoon.<\/p><p>Laguna Sofia is much more than a place to live: it is a natural refuge where you can refind the tranquility, emotions and essence of Indomite Patagonia.<\/p><p>Contact us and connect with nature. Discover your space in Laguna Sofia.<\/p>\t\t\t\t\t\t\t\t<\/div>\n\t\t\t\t\t<\/div>\n\t\t\t\t<\/div>\n\t\t\t\t<\/div>\n\t\t","protected":false},"excerpt":{"rendered":"<p>Lots in Puerto Natales with spectacular views of Laguna Sof\u00eda. Consolidated project, several houses built, shared access to the lagoon, few units available. Adjacent to Pingo Salvaje, 20 minutes from Puerto Natales.  <\/p>\n","protected":false},"featured_media":29070,"template":"","meta":{"_acf_changed":false},"product_brand":[],"product_cat":[119],"product_tag":[188,189],"regiones":[225],"ciudades":[210],"class_list":{"0":"post-7629","1":"product","2":"type-product","3":"status-publish","4":"has-post-thumbnail","6":"product_cat-aysen-magallanes-en","7":"product_tag-plots","8":"product_tag-touristic-properties","9":"regiones-aysen-magallanes","10":"ciudades-puerto-natales","12":"first","13":"instock","14":"featured","15":"sold-individually","16":"shipping-taxable","17":"purchasable","18":"product-type-simple"},"acf":[],"yoast_head":"<!-- This site is optimized with the Yoast SEO Premium plugin v26.0 (Yoast SEO v27.3) - https:\/\/yoast.com\/product\/yoast-seo-premium-wordpress\/ -->\n<title>Lots in Puerto Natales - Laguna Sofia - Magallanes - Produncan<\/title>\n<meta name=\"description\" content=\"Lots in Puerto Natales, Laguna Sofia with spectacular view and access to the lagoon. Enjoy horseback riding, sailing and the best moments with your family.\" \/>\n<meta name=\"robots\" content=\"index, follow, max-snippet:-1, max-image-preview:large, max-video-preview:-1\" \/>\n<link rel=\"canonical\" href=\"https:\/\/produncan.cl\/en\/property\/land-agricola-laguna-sofia\/\" \/>\n<meta property=\"og:locale\" content=\"en_US\" \/>\n<meta property=\"og:type\" content=\"article\" \/>\n<meta property=\"og:title\" content=\"Lots in Puerto Natales, Laguna Sofia - Region of Magallanes\" \/>\n<meta property=\"og:description\" content=\"Lots in Puerto Natales, Laguna Sofia with spectacular view and access to the lagoon. Enjoy horseback riding, sailing and the best moments with your family.\" \/>\n<meta property=\"og:url\" content=\"https:\/\/produncan.cl\/en\/property\/land-agricola-laguna-sofia\/\" \/>\n<meta property=\"og:site_name\" content=\"Produncan\" \/>\n<meta property=\"article:publisher\" content=\"https:\/\/web.facebook.com\/produncanland\" \/>\n<meta property=\"article:modified_time\" content=\"2025-11-28T16:55:04+00:00\" \/>\n<meta property=\"og:image\" content=\"https:\/\/produncan.cl\/wp-content\/uploads\/2023\/10\/Parcelas-Laguna-Sofia-En-Venta-Puerto-Natales.webp\" \/>\n<meta name=\"twitter:card\" content=\"summary_large_image\" \/>\n<meta name=\"twitter:label1\" content=\"Price\" \/>\n\t<meta name=\"twitter:data1\" content=\"USD125.100,00\" \/>\n\t<meta name=\"twitter:label2\" content=\"Availability\" \/>\n\t<meta name=\"twitter:data2\" content=\"In stock\" \/>\n<script type=\"application\/ld+json\" class=\"yoast-schema-graph\">{\"@context\":\"https:\\\/\\\/schema.org\",\"@graph\":[{\"@type\":\"WebPage\",\"@id\":\"https:\\\/\\\/produncan.cl\\\/en\\\/property\\\/land-agricola-laguna-sofia\\\/\",\"url\":\"https:\\\/\\\/produncan.cl\\\/en\\\/property\\\/land-agricola-laguna-sofia\\\/\",\"name\":\"Lots in Puerto Natales - Laguna Sofia - Magallanes - Produncan\",\"isPartOf\":{\"@id\":\"https:\\\/\\\/produncan.cl\\\/en\\\/#website\"},\"primaryImageOfPage\":{\"@id\":\"https:\\\/\\\/produncan.cl\\\/en\\\/property\\\/land-agricola-laguna-sofia\\\/#primaryimage\"},\"image\":{\"@id\":\"https:\\\/\\\/produncan.cl\\\/en\\\/property\\\/land-agricola-laguna-sofia\\\/#primaryimage\"},\"thumbnailUrl\":\"https:\\\/\\\/produncan.cl\\\/wp-content\\\/uploads\\\/2023\\\/10\\\/Parcelas-Laguna-Sofia-En-Venta-Puerto-Natales.webp\",\"datePublished\":\"2023-10-03T15:00:04+00:00\",\"dateModified\":\"2025-11-28T16:55:04+00:00\",\"description\":\"Lots in Puerto Natales, Laguna Sofia with spectacular view and access to the lagoon. Enjoy horseback riding, sailing and the best moments with your family.\",\"breadcrumb\":{\"@id\":\"https:\\\/\\\/produncan.cl\\\/en\\\/property\\\/land-agricola-laguna-sofia\\\/#breadcrumb\"},\"inLanguage\":\"en-US\",\"potentialAction\":[{\"@type\":\"ReadAction\",\"target\":[\"https:\\\/\\\/produncan.cl\\\/en\\\/property\\\/land-agricola-laguna-sofia\\\/\"]}]},{\"@type\":\"ImageObject\",\"inLanguage\":\"en-US\",\"@id\":\"https:\\\/\\\/produncan.cl\\\/en\\\/property\\\/land-agricola-laguna-sofia\\\/#primaryimage\",\"url\":\"https:\\\/\\\/produncan.cl\\\/wp-content\\\/uploads\\\/2023\\\/10\\\/Parcelas-Laguna-Sofia-En-Venta-Puerto-Natales.webp\",\"contentUrl\":\"https:\\\/\\\/produncan.cl\\\/wp-content\\\/uploads\\\/2023\\\/10\\\/Parcelas-Laguna-Sofia-En-Venta-Puerto-Natales.webp\",\"width\":600,\"height\":450,\"caption\":\"Plot Laguna Sofia For Sale Puerto Natales\"},{\"@type\":\"BreadcrumbList\",\"@id\":\"https:\\\/\\\/produncan.cl\\\/en\\\/property\\\/land-agricola-laguna-sofia\\\/#breadcrumb\",\"itemListElement\":[{\"@type\":\"ListItem\",\"position\":1,\"name\":\"Inicio\",\"item\":\"https:\\\/\\\/produncan.cl\\\/en\\\/\"},{\"@type\":\"ListItem\",\"position\":2,\"name\":\"Properties\",\"item\":\"https:\\\/\\\/produncan.cl\\\/propiedades\\\/\"},{\"@type\":\"ListItem\",\"position\":3,\"name\":\"plots\",\"item\":\"https:\\\/\\\/produncan.cl\\\/en\\\/property-type\\\/plots\\\/\"},{\"@type\":\"ListItem\",\"position\":4,\"name\":\"Lots in Puerto Natales, Laguna Sofia &#8211; Region of Magallanes\"}]},{\"@type\":\"WebSite\",\"@id\":\"https:\\\/\\\/produncan.cl\\\/en\\\/#website\",\"url\":\"https:\\\/\\\/produncan.cl\\\/en\\\/\",\"name\":\"Produncan\",\"description\":\"We accompany you in your life project!\",\"publisher\":{\"@id\":\"https:\\\/\\\/produncan.cl\\\/en\\\/#organization\"},\"potentialAction\":[{\"@type\":\"SearchAction\",\"target\":{\"@type\":\"EntryPoint\",\"urlTemplate\":\"https:\\\/\\\/produncan.cl\\\/en\\\/?s={search_term_string}\"},\"query-input\":{\"@type\":\"PropertyValueSpecification\",\"valueRequired\":true,\"valueName\":\"search_term_string\"}}],\"inLanguage\":\"en-US\"},{\"@type\":\"Organization\",\"@id\":\"https:\\\/\\\/produncan.cl\\\/en\\\/#organization\",\"name\":\"Produncan\",\"url\":\"https:\\\/\\\/produncan.cl\\\/en\\\/\",\"logo\":{\"@type\":\"ImageObject\",\"inLanguage\":\"en-US\",\"@id\":\"https:\\\/\\\/produncan.cl\\\/en\\\/#\\\/schema\\\/logo\\\/image\\\/\",\"url\":\"https:\\\/\\\/produncan.cl\\\/wp-content\\\/uploads\\\/2021\\\/03\\\/LOGO.jpeg\",\"contentUrl\":\"https:\\\/\\\/produncan.cl\\\/wp-content\\\/uploads\\\/2021\\\/03\\\/LOGO.jpeg\",\"width\":1280,\"height\":903,\"caption\":\"Produncan\"},\"image\":{\"@id\":\"https:\\\/\\\/produncan.cl\\\/en\\\/#\\\/schema\\\/logo\\\/image\\\/\"},\"sameAs\":[\"https:\\\/\\\/web.facebook.com\\\/produncanland\",\"https:\\\/\\\/www.instagram.com\\\/pro_duncan\\\/\",\"https:\\\/\\\/www.linkedin.com\\\/company\\\/produncan-lands\\\/\",\"https:\\\/\\\/www.youtube.com\\\/channel\\\/UCu7N-f3x0svkazD-Eew1-QQ\"],\"description\":\"En Produncan somos especialistas en la venta de terrenos en el sur de Chile. Proveemos estancias, campos, parcelas y hoteles.\",\"email\":\"info@produncan.cl\"}]}<\/script>\n<meta property=\"og:video\" content=\"https:\/\/www.youtube.com\/embed\/pDmR_ewQggQ\" \/>\n<meta property=\"og:video:type\" content=\"text\/html\" \/>\n<meta property=\"og:video:duration\" content=\"60\" \/>\n<meta property=\"og:video:width\" content=\"480\" \/>\n<meta property=\"og:video:height\" content=\"360\" \/>\n<meta property=\"ya:ovs:adult\" content=\"false\" \/>\n<meta property=\"ya:ovs:upload_date\" content=\"2023-10-03T15:00:04+00:00\" \/>\n<meta property=\"ya:ovs:allow_embed\" content=\"true\" \/>\n<meta property=\"product:price:amount\" content=\"125100.00\" \/>\n<meta property=\"product:price:currency\" content=\"USD\" \/>\n<meta property=\"og:availability\" content=\"instock\" \/>\n<meta property=\"product:availability\" content=\"instock\" \/>\n<meta property=\"product:condition\" content=\"new\" \/>\n<!-- \/ Yoast SEO Premium plugin. -->","yoast_head_json":{"title":"Lots in Puerto Natales - Laguna Sofia - Magallanes - Produncan","description":"Lots in Puerto Natales, Laguna Sofia with spectacular view and access to the lagoon. Enjoy horseback riding, sailing and the best moments with your family.","robots":{"index":"index","follow":"follow","max-snippet":"max-snippet:-1","max-image-preview":"max-image-preview:large","max-video-preview":"max-video-preview:-1"},"canonical":"https:\/\/produncan.cl\/en\/property\/land-agricola-laguna-sofia\/","og_locale":"en_US","og_type":"article","og_title":"Lots in Puerto Natales, Laguna Sofia - Region of Magallanes","og_description":"Lots in Puerto Natales, Laguna Sofia with spectacular view and access to the lagoon. Enjoy horseback riding, sailing and the best moments with your family.","og_url":"https:\/\/produncan.cl\/en\/property\/land-agricola-laguna-sofia\/","og_site_name":"Produncan","article_publisher":"https:\/\/web.facebook.com\/produncanland","article_modified_time":"2025-11-28T16:55:04+00:00","og_image":[{"url":"https:\/\/produncan.cl\/wp-content\/uploads\/2023\/10\/Parcelas-Laguna-Sofia-En-Venta-Puerto-Natales.webp","type":"","width":"","height":""}],"twitter_card":"summary_large_image","twitter_misc":{"Price":"USD125.100,00","Availability":"In stock"},"schema":{"@context":"https:\/\/schema.org","@graph":[{"@type":"WebPage","@id":"https:\/\/produncan.cl\/en\/property\/land-agricola-laguna-sofia\/","url":"https:\/\/produncan.cl\/en\/property\/land-agricola-laguna-sofia\/","name":"Lots in Puerto Natales - Laguna Sofia - Magallanes - Produncan","isPartOf":{"@id":"https:\/\/produncan.cl\/en\/#website"},"primaryImageOfPage":{"@id":"https:\/\/produncan.cl\/en\/property\/land-agricola-laguna-sofia\/#primaryimage"},"image":{"@id":"https:\/\/produncan.cl\/en\/property\/land-agricola-laguna-sofia\/#primaryimage"},"thumbnailUrl":"https:\/\/produncan.cl\/wp-content\/uploads\/2023\/10\/Parcelas-Laguna-Sofia-En-Venta-Puerto-Natales.webp","datePublished":"2023-10-03T15:00:04+00:00","dateModified":"2025-11-28T16:55:04+00:00","description":"Lots in Puerto Natales, Laguna Sofia with spectacular view and access to the lagoon. Enjoy horseback riding, sailing and the best moments with your family.","breadcrumb":{"@id":"https:\/\/produncan.cl\/en\/property\/land-agricola-laguna-sofia\/#breadcrumb"},"inLanguage":"en-US","potentialAction":[{"@type":"ReadAction","target":["https:\/\/produncan.cl\/en\/property\/land-agricola-laguna-sofia\/"]}]},{"@type":"ImageObject","inLanguage":"en-US","@id":"https:\/\/produncan.cl\/en\/property\/land-agricola-laguna-sofia\/#primaryimage","url":"https:\/\/produncan.cl\/wp-content\/uploads\/2023\/10\/Parcelas-Laguna-Sofia-En-Venta-Puerto-Natales.webp","contentUrl":"https:\/\/produncan.cl\/wp-content\/uploads\/2023\/10\/Parcelas-Laguna-Sofia-En-Venta-Puerto-Natales.webp","width":600,"height":450,"caption":"Plot Laguna Sofia For Sale Puerto Natales"},{"@type":"BreadcrumbList","@id":"https:\/\/produncan.cl\/en\/property\/land-agricola-laguna-sofia\/#breadcrumb","itemListElement":[{"@type":"ListItem","position":1,"name":"Inicio","item":"https:\/\/produncan.cl\/en\/"},{"@type":"ListItem","position":2,"name":"Properties","item":"https:\/\/produncan.cl\/propiedades\/"},{"@type":"ListItem","position":3,"name":"plots","item":"https:\/\/produncan.cl\/en\/property-type\/plots\/"},{"@type":"ListItem","position":4,"name":"Lots in Puerto Natales, Laguna Sofia &#8211; Region of Magallanes"}]},{"@type":"WebSite","@id":"https:\/\/produncan.cl\/en\/#website","url":"https:\/\/produncan.cl\/en\/","name":"Produncan","description":"We accompany you in your life project!","publisher":{"@id":"https:\/\/produncan.cl\/en\/#organization"},"potentialAction":[{"@type":"SearchAction","target":{"@type":"EntryPoint","urlTemplate":"https:\/\/produncan.cl\/en\/?s={search_term_string}"},"query-input":{"@type":"PropertyValueSpecification","valueRequired":true,"valueName":"search_term_string"}}],"inLanguage":"en-US"},{"@type":"Organization","@id":"https:\/\/produncan.cl\/en\/#organization","name":"Produncan","url":"https:\/\/produncan.cl\/en\/","logo":{"@type":"ImageObject","inLanguage":"en-US","@id":"https:\/\/produncan.cl\/en\/#\/schema\/logo\/image\/","url":"https:\/\/produncan.cl\/wp-content\/uploads\/2021\/03\/LOGO.jpeg","contentUrl":"https:\/\/produncan.cl\/wp-content\/uploads\/2021\/03\/LOGO.jpeg","width":1280,"height":903,"caption":"Produncan"},"image":{"@id":"https:\/\/produncan.cl\/en\/#\/schema\/logo\/image\/"},"sameAs":["https:\/\/web.facebook.com\/produncanland","https:\/\/www.instagram.com\/pro_duncan\/","https:\/\/www.linkedin.com\/company\/produncan-lands\/","https:\/\/www.youtube.com\/channel\/UCu7N-f3x0svkazD-Eew1-QQ"],"description":"En Produncan somos especialistas en la venta de terrenos en el sur de Chile. Proveemos estancias, campos, parcelas y hoteles.","email":"info@produncan.cl"}]},"og_video":"https:\/\/www.youtube.com\/embed\/pDmR_ewQggQ","og_video_type":"text\/html","og_video_duration":"60","og_video_width":"480","og_video_height":"360","ya_ovs_adult":"false","ya_ovs_upload_date":"2023-10-03T15:00:04+00:00","ya_ovs_allow_embed":"true","product_price_amount":"125100.00","product_price_currency":"USD","og_availability":"instock","product_availability":"instock","product_condition":"new"},"_links":{"self":[{"href":"https:\/\/produncan.cl\/en\/wp-json\/wp\/v2\/product\/7629","targetHints":{"allow":["GET"]}}],"collection":[{"href":"https:\/\/produncan.cl\/en\/wp-json\/wp\/v2\/product"}],"about":[{"href":"https:\/\/produncan.cl\/en\/wp-json\/wp\/v2\/types\/product"}],"version-history":[{"count":2,"href":"https:\/\/produncan.cl\/en\/wp-json\/wp\/v2\/product\/7629\/revisions"}],"predecessor-version":[{"id":52612,"href":"https:\/\/produncan.cl\/en\/wp-json\/wp\/v2\/product\/7629\/revisions\/52612"}],"wp:featuredmedia":[{"embeddable":true,"href":"https:\/\/produncan.cl\/en\/wp-json\/wp\/v2\/media\/29070"}],"wp:attachment":[{"href":"https:\/\/produncan.cl\/en\/wp-json\/wp\/v2\/media?parent=7629"}],"wp:term":[{"taxonomy":"product_brand","embeddable":true,"href":"https:\/\/produncan.cl\/en\/wp-json\/wp\/v2\/product_brand?post=7629"},{"taxonomy":"product_cat","embeddable":true,"href":"https:\/\/produncan.cl\/en\/wp-json\/wp\/v2\/product_cat?post=7629"},{"taxonomy":"product_tag","embeddable":true,"href":"https:\/\/produncan.cl\/en\/wp-json\/wp\/v2\/product_tag?post=7629"},{"taxonomy":"regiones","embeddable":true,"href":"https:\/\/produncan.cl\/en\/wp-json\/wp\/v2\/regiones?post=7629"},{"taxonomy":"ciudades","embeddable":true,"href":"https:\/\/produncan.cl\/en\/wp-json\/wp\/v2\/ciudades?post=7629"}],"curies":[{"name":"wp","href":"https:\/\/api.w.org\/{rel}","templated":true}]}}