{"id":7637,"date":"2024-05-08T17:27:41","date_gmt":"2024-05-08T21:27:41","guid":{"rendered":"https:\/\/produncan.cl\/producto\/el-manio-farm-40-6ha\/"},"modified":"2025-11-24T17:55:34","modified_gmt":"2025-11-24T20:55:34","slug":"campo-el-manio-406ha","status":"publish","type":"product","link":"https:\/\/produncan.cl\/en\/property\/campo-el-manio-406ha\/","title":{"rendered":"Countryside in R\u00edo Fr\u00edo &#8211; El Ma\u00f1\u00edo II, Los Muermos"},"content":{"rendered":"\t\t<div data-elementor-type=\"product-post\" data-elementor-id=\"7637\" class=\"elementor elementor-7637 elementor-2761\" data-elementor-post-type=\"product\">\n\t\t\t\t<div class=\"elementor-element elementor-element-faa1921 e-flex e-con-boxed e-con e-parent\" data-id=\"faa1921\" data-element_type=\"container\" data-e-type=\"container\" data-settings=\"{&quot;jet_parallax_layout_list&quot;:[]}\">\n\t\t\t\t\t<div class=\"e-con-inner\">\n\t\t<div class=\"elementor-element elementor-element-7bc89d8 e-con-full e-flex e-con e-child\" data-id=\"7bc89d8\" data-element_type=\"container\" data-e-type=\"container\" data-settings=\"{&quot;jet_parallax_layout_list&quot;:[]}\">\n\t\t\t\t<div class=\"elementor-element elementor-element-f9b3748 elementor-widget elementor-widget-heading\" data-id=\"f9b3748\" data-element_type=\"widget\" data-e-type=\"widget\" data-widget_type=\"heading.default\">\n\t\t\t\t\t<h2 class=\"elementor-heading-title elementor-size-default\">Campo El Ma\u00f1\u00edo: nature, water and connectivity in Fresia<\/h2>\t\t\t\t<\/div>\n\t\t\t\t<\/div>\n\t\t\t\t\t<\/div>\n\t\t\t\t<\/div>\n\t\t<div class=\"elementor-element elementor-element-0a1fc0b e-flex e-con-boxed e-con e-parent\" data-id=\"0a1fc0b\" data-element_type=\"container\" data-e-type=\"container\" data-settings=\"{&quot;jet_parallax_layout_list&quot;:[]}\">\n\t\t\t\t\t<div class=\"e-con-inner\">\n\t\t\t\t<div class=\"elementor-element elementor-element-074d44d elementor-widget elementor-widget-text-editor\" data-id=\"074d44d\" data-element_type=\"widget\" data-e-type=\"widget\" data-widget_type=\"text-editor.default\">\n\t\t\t\t\t\t\t\t\t<p>Discover this area of 40,66 hectares in the municipality of Fresia, Region of Los Lagos, a place where the southern landscape unfolds between native forests, soft meadows and permanent watercourses. An ideal environment for both agricultural and tourism projects and for those seeking a disconnection space, with excellent access and services already available.<\/p><p>Its topography combines flat areas and soft lomages that give open views to volcanoes and valleys. The property is filled with constant flow mats throughout the year and with the Llico River, ensuring soil fertility and natural water supply.<\/p><p>Located just an hour away from Puerto Varas, it is located very close to Estaci\u00f3n R\u00edo Frio and Los Muermos. It is accessed by a paved route up to about 4 km of the countryside, continuing on a rural road in good condition, currently in the process of paving towards the coast.<\/p><p>The field is made up of two contiguous diapers, Lot A of 23.16 hectares and Lot B of 17.50 hectares, united in the same role and separated only by a neighbouring road.<\/p><p>It has a wooden farmhouse in very good condition of 8 x 7 meters, with three bedrooms, bathroom with septic pit, living room, dining room and kitchen. It also has corrals for the management of animals and fences throughout its perimeter, except for the natural edges with rivers and mats.<\/p><p>It has electricity connected to the public network by means of a natural water supply and supply. Digital connectivity is also guaranteed by good telephone and internet signal.<\/p><p>Its vegetation is one of its greatest attractions: an extensive native forest that includes species such as Canelo, Ciruelillo, Rodal, Ulmo, Array\u00e1n, Luma, Meli, Lingue, Tepa and Ma\u00f1\u00edo, giving identity and biodiversity to the ground.<\/p><p>The property has all its documentation a day, ready to be transferred. In the surroundings there are essential services such as rural posta, mini market, school and church. In addition, its proximity to the coast allows you to enjoy spa and calets such as Llico Bajo, Puerto Godoy, Quenir and Estakilla, true landscapes of northern Patagonia.<\/p><p>A versatile and charming field, where land, water and tranquility are found to give life to a project with meaning.<\/p>\t\t\t\t\t\t\t\t<\/div>\n\t\t\t\t\t<\/div>\n\t\t\t\t<\/div>\n\t\t\t\t<\/div>\n\t\t","protected":false},"excerpt":{"rendered":"<p>Countryside property in Los Muermos, 1 hour from Puerto Varas, with great views of the mountains. House, electricity, and good cell phone reception.  It has a river, spring water and estuary. 4 kilometers of gravel road undergoing asphalting. Very good sale price. <\/p>\n","protected":false},"featured_media":6204,"template":"","meta":{"_acf_changed":false},"product_brand":[],"product_cat":[110],"product_tag":[187],"regiones":[226],"ciudades":[214,216],"class_list":{"0":"post-7637","1":"product","2":"type-product","3":"status-publish","4":"has-post-thumbnail","6":"product_cat-nuble-los_lagos-en","7":"product_tag-fields","8":"regiones-nuble-los_lagos","9":"ciudades-fresia","10":"ciudades-los-muermos","12":"first","13":"instock","14":"sold-individually","15":"shipping-taxable","16":"purchasable","17":"product-type-simple"},"acf":[],"yoast_head":"<!-- This site is optimized with the Yoast SEO Premium plugin v26.0 (Yoast SEO v27.3) - https:\/\/yoast.com\/product\/yoast-seo-premium-wordpress\/ -->\n<title>El Ma\u00f1\u00edo Field - R\u00edo Fr\u00edo, Los Muermos - Produncan<\/title>\n<meta name=\"description\" content=\"El Ma\u00f1\u00edo farm of 40.6 hectares, 1 hour from Puerto Varas, accessible from R\u00edo Fr\u00edo Station. 66m\u00b2 house, sheds, cellar, pond and fruit trees.\" \/>\n<meta name=\"robots\" content=\"index, follow, max-snippet:-1, max-image-preview:large, max-video-preview:-1\" \/>\n<link rel=\"canonical\" href=\"https:\/\/produncan.cl\/en\/property\/campo-el-manio-406ha\/\" \/>\n<meta property=\"og:locale\" content=\"en_US\" \/>\n<meta property=\"og:type\" content=\"article\" \/>\n<meta property=\"og:title\" content=\"Countryside in R\u00edo Fr\u00edo - El Ma\u00f1\u00edo II, Los Muermos\" \/>\n<meta property=\"og:description\" content=\"El Ma\u00f1\u00edo farm of 40.6 hectares, 1 hour from Puerto Varas, accessible from R\u00edo Fr\u00edo Station. 66m\u00b2 house, sheds, cellar, pond and fruit trees.\" \/>\n<meta property=\"og:url\" content=\"https:\/\/produncan.cl\/en\/property\/campo-el-manio-406ha\/\" \/>\n<meta property=\"og:site_name\" content=\"Produncan\" \/>\n<meta property=\"article:publisher\" content=\"https:\/\/web.facebook.com\/produncanland\" \/>\n<meta property=\"article:modified_time\" content=\"2025-11-24T20:55:34+00:00\" \/>\n<meta property=\"og:image\" content=\"https:\/\/produncan.cl\/wp-content\/uploads\/2022\/08\/Campo-El-Manio-II.webp\" \/>\n\t<meta property=\"og:image:width\" content=\"600\" \/>\n\t<meta property=\"og:image:height\" content=\"450\" \/>\n\t<meta property=\"og:image:type\" content=\"image\/webp\" \/>\n<meta name=\"twitter:card\" content=\"summary_large_image\" \/>\n<meta name=\"twitter:label1\" content=\"Price\" \/>\n\t<meta name=\"twitter:data1\" content=\"USD250.100,00\" \/>\n\t<meta name=\"twitter:label2\" content=\"Availability\" \/>\n\t<meta name=\"twitter:data2\" content=\"In stock\" \/>\n<script type=\"application\/ld+json\" class=\"yoast-schema-graph\">{\"@context\":\"https:\\\/\\\/schema.org\",\"@graph\":[{\"@type\":\"WebPage\",\"@id\":\"https:\\\/\\\/produncan.cl\\\/en\\\/property\\\/campo-el-manio-406ha\\\/\",\"url\":\"https:\\\/\\\/produncan.cl\\\/en\\\/property\\\/campo-el-manio-406ha\\\/\",\"name\":\"El Ma\u00f1\u00edo Field - R\u00edo Fr\u00edo, Los Muermos - Produncan\",\"isPartOf\":{\"@id\":\"https:\\\/\\\/produncan.cl\\\/en\\\/#website\"},\"primaryImageOfPage\":{\"@id\":\"https:\\\/\\\/produncan.cl\\\/en\\\/property\\\/campo-el-manio-406ha\\\/#primaryimage\"},\"image\":{\"@id\":\"https:\\\/\\\/produncan.cl\\\/en\\\/property\\\/campo-el-manio-406ha\\\/#primaryimage\"},\"thumbnailUrl\":\"https:\\\/\\\/produncan.cl\\\/wp-content\\\/uploads\\\/2022\\\/08\\\/Campo-El-Manio-II.webp\",\"datePublished\":\"2024-05-08T21:27:41+00:00\",\"dateModified\":\"2025-11-24T20:55:34+00:00\",\"description\":\"El Ma\u00f1\u00edo farm of 40.6 hectares, 1 hour from Puerto Varas, accessible from R\u00edo Fr\u00edo Station. 66m\u00b2 house, sheds, cellar, pond and fruit trees.\",\"breadcrumb\":{\"@id\":\"https:\\\/\\\/produncan.cl\\\/en\\\/property\\\/campo-el-manio-406ha\\\/#breadcrumb\"},\"inLanguage\":\"en-US\",\"potentialAction\":[{\"@type\":\"ReadAction\",\"target\":[\"https:\\\/\\\/produncan.cl\\\/en\\\/property\\\/campo-el-manio-406ha\\\/\"]}]},{\"@type\":\"ImageObject\",\"inLanguage\":\"en-US\",\"@id\":\"https:\\\/\\\/produncan.cl\\\/en\\\/property\\\/campo-el-manio-406ha\\\/#primaryimage\",\"url\":\"https:\\\/\\\/produncan.cl\\\/wp-content\\\/uploads\\\/2022\\\/08\\\/Campo-El-Manio-II.webp\",\"contentUrl\":\"https:\\\/\\\/produncan.cl\\\/wp-content\\\/uploads\\\/2022\\\/08\\\/Campo-El-Manio-II.webp\",\"width\":600,\"height\":450,\"caption\":\"Campo El Ma\u00f1io II\"},{\"@type\":\"BreadcrumbList\",\"@id\":\"https:\\\/\\\/produncan.cl\\\/en\\\/property\\\/campo-el-manio-406ha\\\/#breadcrumb\",\"itemListElement\":[{\"@type\":\"ListItem\",\"position\":1,\"name\":\"Inicio\",\"item\":\"https:\\\/\\\/produncan.cl\\\/en\\\/\"},{\"@type\":\"ListItem\",\"position\":2,\"name\":\"Properties\",\"item\":\"https:\\\/\\\/produncan.cl\\\/propiedades\\\/\"},{\"@type\":\"ListItem\",\"position\":3,\"name\":\"Fields\",\"item\":\"https:\\\/\\\/produncan.cl\\\/en\\\/property-type\\\/fields\\\/\"},{\"@type\":\"ListItem\",\"position\":4,\"name\":\"Countryside in R\u00edo Fr\u00edo &#8211; El Ma\u00f1\u00edo II, Los Muermos\"}]},{\"@type\":\"WebSite\",\"@id\":\"https:\\\/\\\/produncan.cl\\\/en\\\/#website\",\"url\":\"https:\\\/\\\/produncan.cl\\\/en\\\/\",\"name\":\"Produncan\",\"description\":\"We accompany you in your life project!\",\"publisher\":{\"@id\":\"https:\\\/\\\/produncan.cl\\\/en\\\/#organization\"},\"potentialAction\":[{\"@type\":\"SearchAction\",\"target\":{\"@type\":\"EntryPoint\",\"urlTemplate\":\"https:\\\/\\\/produncan.cl\\\/en\\\/?s={search_term_string}\"},\"query-input\":{\"@type\":\"PropertyValueSpecification\",\"valueRequired\":true,\"valueName\":\"search_term_string\"}}],\"inLanguage\":\"en-US\"},{\"@type\":\"Organization\",\"@id\":\"https:\\\/\\\/produncan.cl\\\/en\\\/#organization\",\"name\":\"Produncan\",\"url\":\"https:\\\/\\\/produncan.cl\\\/en\\\/\",\"logo\":{\"@type\":\"ImageObject\",\"inLanguage\":\"en-US\",\"@id\":\"https:\\\/\\\/produncan.cl\\\/en\\\/#\\\/schema\\\/logo\\\/image\\\/\",\"url\":\"https:\\\/\\\/produncan.cl\\\/wp-content\\\/uploads\\\/2021\\\/03\\\/LOGO.jpeg\",\"contentUrl\":\"https:\\\/\\\/produncan.cl\\\/wp-content\\\/uploads\\\/2021\\\/03\\\/LOGO.jpeg\",\"width\":1280,\"height\":903,\"caption\":\"Produncan\"},\"image\":{\"@id\":\"https:\\\/\\\/produncan.cl\\\/en\\\/#\\\/schema\\\/logo\\\/image\\\/\"},\"sameAs\":[\"https:\\\/\\\/web.facebook.com\\\/produncanland\",\"https:\\\/\\\/www.instagram.com\\\/pro_duncan\\\/\",\"https:\\\/\\\/www.linkedin.com\\\/company\\\/produncan-lands\\\/\",\"https:\\\/\\\/www.youtube.com\\\/channel\\\/UCu7N-f3x0svkazD-Eew1-QQ\"],\"description\":\"En Produncan somos especialistas en la venta de terrenos en el sur de Chile. Proveemos estancias, campos, parcelas y hoteles.\",\"email\":\"info@produncan.cl\"}]}<\/script>\n<meta property=\"og:video\" content=\"https:\/\/www.youtube.com\/embed\/hyquJS8Rd7o\" \/>\n<meta property=\"og:video:type\" content=\"text\/html\" \/>\n<meta property=\"og:video:duration\" content=\"57\" \/>\n<meta property=\"og:video:width\" content=\"480\" \/>\n<meta property=\"og:video:height\" content=\"270\" \/>\n<meta property=\"ya:ovs:adult\" content=\"false\" \/>\n<meta property=\"ya:ovs:upload_date\" content=\"2024-05-08T21:27:41+00:00\" \/>\n<meta property=\"ya:ovs:allow_embed\" content=\"true\" \/>\n<meta property=\"product:price:amount\" content=\"250100.00\" \/>\n<meta property=\"product:price:currency\" content=\"USD\" \/>\n<meta property=\"og:availability\" content=\"instock\" \/>\n<meta property=\"product:availability\" content=\"instock\" \/>\n<meta property=\"product:condition\" content=\"new\" \/>\n<!-- \/ Yoast SEO Premium plugin. -->","yoast_head_json":{"title":"El Ma\u00f1\u00edo Field - R\u00edo Fr\u00edo, Los Muermos - Produncan","description":"El Ma\u00f1\u00edo farm of 40.6 hectares, 1 hour from Puerto Varas, accessible from R\u00edo Fr\u00edo Station. 66m\u00b2 house, sheds, cellar, pond and fruit trees.","robots":{"index":"index","follow":"follow","max-snippet":"max-snippet:-1","max-image-preview":"max-image-preview:large","max-video-preview":"max-video-preview:-1"},"canonical":"https:\/\/produncan.cl\/en\/property\/campo-el-manio-406ha\/","og_locale":"en_US","og_type":"article","og_title":"Countryside in R\u00edo Fr\u00edo - El Ma\u00f1\u00edo II, Los Muermos","og_description":"El Ma\u00f1\u00edo farm of 40.6 hectares, 1 hour from Puerto Varas, accessible from R\u00edo Fr\u00edo Station. 66m\u00b2 house, sheds, cellar, pond and fruit trees.","og_url":"https:\/\/produncan.cl\/en\/property\/campo-el-manio-406ha\/","og_site_name":"Produncan","article_publisher":"https:\/\/web.facebook.com\/produncanland","article_modified_time":"2025-11-24T20:55:34+00:00","og_image":[{"width":600,"height":450,"url":"https:\/\/produncan.cl\/wp-content\/uploads\/2022\/08\/Campo-El-Manio-II.webp","type":"image\/webp"}],"twitter_card":"summary_large_image","twitter_misc":{"Price":"USD250.100,00","Availability":"In stock"},"schema":{"@context":"https:\/\/schema.org","@graph":[{"@type":"WebPage","@id":"https:\/\/produncan.cl\/en\/property\/campo-el-manio-406ha\/","url":"https:\/\/produncan.cl\/en\/property\/campo-el-manio-406ha\/","name":"El Ma\u00f1\u00edo Field - R\u00edo Fr\u00edo, Los Muermos - Produncan","isPartOf":{"@id":"https:\/\/produncan.cl\/en\/#website"},"primaryImageOfPage":{"@id":"https:\/\/produncan.cl\/en\/property\/campo-el-manio-406ha\/#primaryimage"},"image":{"@id":"https:\/\/produncan.cl\/en\/property\/campo-el-manio-406ha\/#primaryimage"},"thumbnailUrl":"https:\/\/produncan.cl\/wp-content\/uploads\/2022\/08\/Campo-El-Manio-II.webp","datePublished":"2024-05-08T21:27:41+00:00","dateModified":"2025-11-24T20:55:34+00:00","description":"El Ma\u00f1\u00edo farm of 40.6 hectares, 1 hour from Puerto Varas, accessible from R\u00edo Fr\u00edo Station. 66m\u00b2 house, sheds, cellar, pond and fruit trees.","breadcrumb":{"@id":"https:\/\/produncan.cl\/en\/property\/campo-el-manio-406ha\/#breadcrumb"},"inLanguage":"en-US","potentialAction":[{"@type":"ReadAction","target":["https:\/\/produncan.cl\/en\/property\/campo-el-manio-406ha\/"]}]},{"@type":"ImageObject","inLanguage":"en-US","@id":"https:\/\/produncan.cl\/en\/property\/campo-el-manio-406ha\/#primaryimage","url":"https:\/\/produncan.cl\/wp-content\/uploads\/2022\/08\/Campo-El-Manio-II.webp","contentUrl":"https:\/\/produncan.cl\/wp-content\/uploads\/2022\/08\/Campo-El-Manio-II.webp","width":600,"height":450,"caption":"Campo El Ma\u00f1io II"},{"@type":"BreadcrumbList","@id":"https:\/\/produncan.cl\/en\/property\/campo-el-manio-406ha\/#breadcrumb","itemListElement":[{"@type":"ListItem","position":1,"name":"Inicio","item":"https:\/\/produncan.cl\/en\/"},{"@type":"ListItem","position":2,"name":"Properties","item":"https:\/\/produncan.cl\/propiedades\/"},{"@type":"ListItem","position":3,"name":"Fields","item":"https:\/\/produncan.cl\/en\/property-type\/fields\/"},{"@type":"ListItem","position":4,"name":"Countryside in R\u00edo Fr\u00edo &#8211; El Ma\u00f1\u00edo II, Los Muermos"}]},{"@type":"WebSite","@id":"https:\/\/produncan.cl\/en\/#website","url":"https:\/\/produncan.cl\/en\/","name":"Produncan","description":"We accompany you in your life project!","publisher":{"@id":"https:\/\/produncan.cl\/en\/#organization"},"potentialAction":[{"@type":"SearchAction","target":{"@type":"EntryPoint","urlTemplate":"https:\/\/produncan.cl\/en\/?s={search_term_string}"},"query-input":{"@type":"PropertyValueSpecification","valueRequired":true,"valueName":"search_term_string"}}],"inLanguage":"en-US"},{"@type":"Organization","@id":"https:\/\/produncan.cl\/en\/#organization","name":"Produncan","url":"https:\/\/produncan.cl\/en\/","logo":{"@type":"ImageObject","inLanguage":"en-US","@id":"https:\/\/produncan.cl\/en\/#\/schema\/logo\/image\/","url":"https:\/\/produncan.cl\/wp-content\/uploads\/2021\/03\/LOGO.jpeg","contentUrl":"https:\/\/produncan.cl\/wp-content\/uploads\/2021\/03\/LOGO.jpeg","width":1280,"height":903,"caption":"Produncan"},"image":{"@id":"https:\/\/produncan.cl\/en\/#\/schema\/logo\/image\/"},"sameAs":["https:\/\/web.facebook.com\/produncanland","https:\/\/www.instagram.com\/pro_duncan\/","https:\/\/www.linkedin.com\/company\/produncan-lands\/","https:\/\/www.youtube.com\/channel\/UCu7N-f3x0svkazD-Eew1-QQ"],"description":"En Produncan somos especialistas en la venta de terrenos en el sur de Chile. Proveemos estancias, campos, parcelas y hoteles.","email":"info@produncan.cl"}]},"og_video":"https:\/\/www.youtube.com\/embed\/hyquJS8Rd7o","og_video_type":"text\/html","og_video_duration":"57","og_video_width":"480","og_video_height":"270","ya_ovs_adult":"false","ya_ovs_upload_date":"2024-05-08T21:27:41+00:00","ya_ovs_allow_embed":"true","product_price_amount":"250100.00","product_price_currency":"USD","og_availability":"instock","product_availability":"instock","product_condition":"new"},"_links":{"self":[{"href":"https:\/\/produncan.cl\/en\/wp-json\/wp\/v2\/product\/7637","targetHints":{"allow":["GET"]}}],"collection":[{"href":"https:\/\/produncan.cl\/en\/wp-json\/wp\/v2\/product"}],"about":[{"href":"https:\/\/produncan.cl\/en\/wp-json\/wp\/v2\/types\/product"}],"version-history":[{"count":2,"href":"https:\/\/produncan.cl\/en\/wp-json\/wp\/v2\/product\/7637\/revisions"}],"predecessor-version":[{"id":52514,"href":"https:\/\/produncan.cl\/en\/wp-json\/wp\/v2\/product\/7637\/revisions\/52514"}],"wp:featuredmedia":[{"embeddable":true,"href":"https:\/\/produncan.cl\/en\/wp-json\/wp\/v2\/media\/6204"}],"wp:attachment":[{"href":"https:\/\/produncan.cl\/en\/wp-json\/wp\/v2\/media?parent=7637"}],"wp:term":[{"taxonomy":"product_brand","embeddable":true,"href":"https:\/\/produncan.cl\/en\/wp-json\/wp\/v2\/product_brand?post=7637"},{"taxonomy":"product_cat","embeddable":true,"href":"https:\/\/produncan.cl\/en\/wp-json\/wp\/v2\/product_cat?post=7637"},{"taxonomy":"product_tag","embeddable":true,"href":"https:\/\/produncan.cl\/en\/wp-json\/wp\/v2\/product_tag?post=7637"},{"taxonomy":"regiones","embeddable":true,"href":"https:\/\/produncan.cl\/en\/wp-json\/wp\/v2\/regiones?post=7637"},{"taxonomy":"ciudades","embeddable":true,"href":"https:\/\/produncan.cl\/en\/wp-json\/wp\/v2\/ciudades?post=7637"}],"curies":[{"name":"wp","href":"https:\/\/api.w.org\/{rel}","templated":true}]}}