{"id":9306,"date":"2024-05-10T13:29:49","date_gmt":"2024-05-10T17:29:49","guid":{"rendered":"https:\/\/produncan.cl\/producto\/three-lagoons-field-657ha\/"},"modified":"2025-12-26T17:19:55","modified_gmt":"2025-12-26T20:19:55","slug":"three-lagoons-field-657ha","status":"publish","type":"product","link":"https:\/\/produncan.cl\/en\/property\/three-lagoons-field-657ha\/","title":{"rendered":"Countryside in Coyhaique, Tres Lagunas &#8211; Ays\u00e9n Region"},"content":{"rendered":"\t\t<div data-elementor-type=\"product-post\" data-elementor-id=\"9306\" class=\"elementor elementor-9306 elementor-9236\" data-elementor-post-type=\"product\">\n\t\t\t\t<div class=\"elementor-element elementor-element-2ef3637 e-flex e-con-boxed e-con e-parent\" data-id=\"2ef3637\" data-element_type=\"container\" data-e-type=\"container\" data-settings=\"{&quot;jet_parallax_layout_list&quot;:[]}\">\n\t\t\t\t\t<div class=\"e-con-inner\">\n\t\t\t\t<div class=\"elementor-element elementor-element-920c6ee elementor-widget elementor-widget-heading\" data-id=\"920c6ee\" data-element_type=\"widget\" data-e-type=\"widget\" data-widget_type=\"heading.default\">\n\t\t\t\t\t<h2 class=\"elementor-heading-title elementor-size-default\">Discover yourself in a field in Coyhaique with Fascinating Formations and Fantastic Views!<\/h2>\t\t\t\t<\/div>\n\t\t\t\t\t<\/div>\n\t\t\t\t<\/div>\n\t\t\t\t<section class=\"elementor-section elementor-top-section elementor-element elementor-element-152f868e elementor-section-boxed elementor-section-height-default elementor-section-height-default\" data-id=\"152f868e\" data-element_type=\"section\" data-e-type=\"section\" data-settings=\"{&quot;jet_parallax_layout_list&quot;:[]}\">\n\t\t\t\t\t\t<div class=\"elementor-container elementor-column-gap-default\">\n\t\t\t\t\t<div class=\"elementor-column elementor-col-100 elementor-top-column elementor-element elementor-element-bde7b88\" data-id=\"bde7b88\" data-element_type=\"column\" data-e-type=\"column\">\n\t\t\t<div class=\"elementor-widget-wrap elementor-element-populated\">\n\t\t\t\t\t\t<div class=\"elementor-element elementor-element-d5084c0 elementor-widget elementor-widget-text-editor\" data-id=\"d5084c0\" data-element_type=\"widget\" data-e-type=\"widget\" data-widget_type=\"text-editor.default\">\n\t\t\t\t\t\t\t\t\t<p>Welcome to a 65.7 hectare field with 800 meters of river bank located in the Rio Norte sector, north east of Coyhaique, east of Villa Ma\u00f1ihuales and close to the well known Moon Valley.<\/p>\n<p>The property borders the north river for about 800 meters, where you can fish and where there is a large waterfall. In the high part it has a beautiful lagoon where you can observe majestic views decorated by mountain ranges with cliffs and condoreras.<\/p>\n<p>In addition, the field has streams and springs in its interior. There is electricity on the rural road that passes 750 meters from the entrance to the field, water is obtained through springs, there are fences in part of its perimeter and for the management of animals, and there is little telephone signal.<\/p>\n<p>The access to the field is through a gravel road in good condition and then a bridge that will soon be renovated by a mechanical one. Finally, access is via an inscribed easement of approx. 1.2kms. which is half finished.<\/p>\n<p>In flora there is mostly lenga, \u00f1irre, calafate, bunchgrass, black bush and clover. In the wildlife we will be able to see foxes, deer, pumas, wild boars, condors, woodpeckers, pitios, coliparados, Huet Huet and Chucao.<\/p>\n<p>Previously the field was used for sheep fattening and sporadic firewood extraction.<\/p>\n<p>The 65.7 hectare field in Coyhaique, corresponding to Lot G, is part of the subdivision carried out by an estate. Adjacent to Lot G there are other fields for sale: Lot H of 65,7ha with 500mts of river, Lot C of 65,7ha and 820mts of river, and Lot E of 55,7ha without river, all with easement, properties that are sold at the same price per hectare as Lot G and that open the possibility to grow in this incredible place.<\/p>\n<p>Nearby there is a post office, church, school, grocery store and neighboring cash office. In addition, you will find Valle de la Luna, Laguna Brava, Lago Norte, Cerro Catedral, Rio \u00d1irehuao, Los Juntos, Lago Norte, Lago Misterioso, Lago Zapato and Lago Arados, places where you will find fishing lodges, hunting preserves, horseback riding, trekking, salmon and trout fishing.<\/p>\n<p>On the other hand, the farm is located near the international route with a pass that leads to Alto R\u00edo Senguer and other beauties of neighboring Argentina.<\/p>\n<p>The sedimentary rocks and lush native forests of its mountain ranges exhibit numerous fascinating formations, a delight for geologists and nature lovers.<\/p>\n<p>CONTACT US AND GET TO KNOW THIS BEAUTIFUL LANDSCAPE!<\/p>\t\t\t\t\t\t\t\t<\/div>\n\t\t\t\t\t<\/div>\n\t\t<\/div>\n\t\t\t\t\t<\/div>\n\t\t<\/section>\n\t\t\t\t<\/div>\n\t\t","protected":false},"excerpt":{"rendered":"<p>Farm in Coyhaique, Rio Norte, surface of 65.7 hectares, 600mts of river bank, part of a beautiful lagoon, access by easement and power line at 750 meters.<\/p>\n","protected":false},"featured_media":9331,"template":"","meta":{"_acf_changed":false},"product_brand":[],"product_cat":[119],"product_tag":[187,189],"regiones":[225],"ciudades":[209,512],"class_list":{"0":"post-9306","1":"product","2":"type-product","3":"status-publish","4":"has-post-thumbnail","6":"product_cat-aysen-magallanes-en","7":"product_tag-fields","8":"product_tag-touristic-properties","9":"regiones-aysen-magallanes","10":"ciudades-coyhaique","11":"ciudades-villa-manihuales","13":"first","14":"instock","15":"featured","16":"sold-individually","17":"shipping-taxable","18":"purchasable","19":"product-type-simple"},"acf":[],"yoast_head":"<!-- This site is optimized with the Yoast SEO Premium plugin v26.0 (Yoast SEO v27.3) - https:\/\/yoast.com\/product\/yoast-seo-premium-wordpress\/ -->\n<title>%% title%<\/title>\n<meta name=\"description\" content=\"Farm in Coyhaique, Ays\u00e9n region, of 65.7 hectares with 800 meters of river bank and part of lagoon, located in the R\u00edo Norte sector.\" \/>\n<meta name=\"robots\" content=\"index, follow, max-snippet:-1, max-image-preview:large, max-video-preview:-1\" \/>\n<link rel=\"canonical\" href=\"https:\/\/produncan.cl\/en\/property\/three-lagoons-field-657ha\/\" \/>\n<meta property=\"og:locale\" content=\"en_US\" \/>\n<meta property=\"og:type\" content=\"article\" \/>\n<meta property=\"og:title\" content=\"Countryside in Coyhaique, Tres Lagunas - Ays\u00e9n Region\" \/>\n<meta property=\"og:description\" content=\"Farm in Coyhaique, Ays\u00e9n region, of 65.7 hectares with 800 meters of river bank and part of lagoon, located in the R\u00edo Norte sector.\" \/>\n<meta property=\"og:url\" content=\"https:\/\/produncan.cl\/en\/property\/three-lagoons-field-657ha\/\" \/>\n<meta property=\"og:site_name\" content=\"Produncan\" \/>\n<meta property=\"article:publisher\" content=\"https:\/\/web.facebook.com\/produncanland\" \/>\n<meta property=\"article:modified_time\" content=\"2025-12-26T20:19:55+00:00\" \/>\n<meta property=\"og:image\" content=\"https:\/\/produncan.cl\/wp-content\/uploads\/2022\/12\/Campo-Tres-Lagunas.webp\" \/>\n\t<meta property=\"og:image:width\" content=\"600\" \/>\n\t<meta property=\"og:image:height\" content=\"450\" \/>\n\t<meta property=\"og:image:type\" content=\"image\/webp\" \/>\n<meta name=\"twitter:card\" content=\"summary_large_image\" \/>\n<meta name=\"twitter:label1\" content=\"Price\" \/>\n\t<meta name=\"twitter:data1\" content=\"USD358.800,00\" \/>\n\t<meta name=\"twitter:label2\" content=\"Availability\" \/>\n\t<meta name=\"twitter:data2\" content=\"In stock\" \/>\n<script type=\"application\/ld+json\" class=\"yoast-schema-graph\">{\"@context\":\"https:\\\/\\\/schema.org\",\"@graph\":[{\"@type\":\"WebPage\",\"@id\":\"https:\\\/\\\/produncan.cl\\\/en\\\/property\\\/three-lagoons-field-657ha\\\/\",\"url\":\"https:\\\/\\\/produncan.cl\\\/en\\\/property\\\/three-lagoons-field-657ha\\\/\",\"name\":\"%% title%\",\"isPartOf\":{\"@id\":\"https:\\\/\\\/produncan.cl\\\/en\\\/#website\"},\"primaryImageOfPage\":{\"@id\":\"https:\\\/\\\/produncan.cl\\\/en\\\/property\\\/three-lagoons-field-657ha\\\/#primaryimage\"},\"image\":{\"@id\":\"https:\\\/\\\/produncan.cl\\\/en\\\/property\\\/three-lagoons-field-657ha\\\/#primaryimage\"},\"thumbnailUrl\":\"https:\\\/\\\/produncan.cl\\\/wp-content\\\/uploads\\\/2022\\\/12\\\/Campo-Tres-Lagunas.webp\",\"datePublished\":\"2024-05-10T17:29:49+00:00\",\"dateModified\":\"2025-12-26T20:19:55+00:00\",\"description\":\"Farm in Coyhaique, Ays\u00e9n region, of 65.7 hectares with 800 meters of river bank and part of lagoon, located in the R\u00edo Norte sector.\",\"breadcrumb\":{\"@id\":\"https:\\\/\\\/produncan.cl\\\/en\\\/property\\\/three-lagoons-field-657ha\\\/#breadcrumb\"},\"inLanguage\":\"en-US\",\"potentialAction\":[{\"@type\":\"ReadAction\",\"target\":[\"https:\\\/\\\/produncan.cl\\\/en\\\/property\\\/three-lagoons-field-657ha\\\/\"]}]},{\"@type\":\"ImageObject\",\"inLanguage\":\"en-US\",\"@id\":\"https:\\\/\\\/produncan.cl\\\/en\\\/property\\\/three-lagoons-field-657ha\\\/#primaryimage\",\"url\":\"https:\\\/\\\/produncan.cl\\\/wp-content\\\/uploads\\\/2022\\\/12\\\/Campo-Tres-Lagunas.webp\",\"contentUrl\":\"https:\\\/\\\/produncan.cl\\\/wp-content\\\/uploads\\\/2022\\\/12\\\/Campo-Tres-Lagunas.webp\",\"width\":600,\"height\":450,\"caption\":\"Field Three Lagunas\"},{\"@type\":\"BreadcrumbList\",\"@id\":\"https:\\\/\\\/produncan.cl\\\/en\\\/property\\\/three-lagoons-field-657ha\\\/#breadcrumb\",\"itemListElement\":[{\"@type\":\"ListItem\",\"position\":1,\"name\":\"Inicio\",\"item\":\"https:\\\/\\\/produncan.cl\\\/en\\\/\"},{\"@type\":\"ListItem\",\"position\":2,\"name\":\"Properties\",\"item\":\"https:\\\/\\\/produncan.cl\\\/propiedades\\\/\"},{\"@type\":\"ListItem\",\"position\":3,\"name\":\"Fields\",\"item\":\"https:\\\/\\\/produncan.cl\\\/en\\\/property-type\\\/fields\\\/\"},{\"@type\":\"ListItem\",\"position\":4,\"name\":\"Countryside in Coyhaique, Tres Lagunas &#8211; Ays\u00e9n Region\"}]},{\"@type\":\"WebSite\",\"@id\":\"https:\\\/\\\/produncan.cl\\\/en\\\/#website\",\"url\":\"https:\\\/\\\/produncan.cl\\\/en\\\/\",\"name\":\"Produncan\",\"description\":\"We accompany you in your life project!\",\"publisher\":{\"@id\":\"https:\\\/\\\/produncan.cl\\\/en\\\/#organization\"},\"potentialAction\":[{\"@type\":\"SearchAction\",\"target\":{\"@type\":\"EntryPoint\",\"urlTemplate\":\"https:\\\/\\\/produncan.cl\\\/en\\\/?s={search_term_string}\"},\"query-input\":{\"@type\":\"PropertyValueSpecification\",\"valueRequired\":true,\"valueName\":\"search_term_string\"}}],\"inLanguage\":\"en-US\"},{\"@type\":\"Organization\",\"@id\":\"https:\\\/\\\/produncan.cl\\\/en\\\/#organization\",\"name\":\"Produncan\",\"url\":\"https:\\\/\\\/produncan.cl\\\/en\\\/\",\"logo\":{\"@type\":\"ImageObject\",\"inLanguage\":\"en-US\",\"@id\":\"https:\\\/\\\/produncan.cl\\\/en\\\/#\\\/schema\\\/logo\\\/image\\\/\",\"url\":\"https:\\\/\\\/produncan.cl\\\/wp-content\\\/uploads\\\/2021\\\/03\\\/LOGO.jpeg\",\"contentUrl\":\"https:\\\/\\\/produncan.cl\\\/wp-content\\\/uploads\\\/2021\\\/03\\\/LOGO.jpeg\",\"width\":1280,\"height\":903,\"caption\":\"Produncan\"},\"image\":{\"@id\":\"https:\\\/\\\/produncan.cl\\\/en\\\/#\\\/schema\\\/logo\\\/image\\\/\"},\"sameAs\":[\"https:\\\/\\\/web.facebook.com\\\/produncanland\",\"https:\\\/\\\/www.instagram.com\\\/pro_duncan\\\/\",\"https:\\\/\\\/www.linkedin.com\\\/company\\\/produncan-lands\\\/\",\"https:\\\/\\\/www.youtube.com\\\/channel\\\/UCu7N-f3x0svkazD-Eew1-QQ\"],\"description\":\"En Produncan somos especialistas en la venta de terrenos en el sur de Chile. Proveemos estancias, campos, parcelas y hoteles.\",\"email\":\"info@produncan.cl\"}]}<\/script>\n<meta property=\"og:video\" content=\"https:\/\/www.youtube.com\/embed\/JDidFGaI5k8\" \/>\n<meta property=\"og:video:type\" content=\"text\/html\" \/>\n<meta property=\"og:video:duration\" content=\"298\" \/>\n<meta property=\"og:video:width\" content=\"480\" \/>\n<meta property=\"og:video:height\" content=\"360\" \/>\n<meta property=\"ya:ovs:adult\" content=\"false\" \/>\n<meta property=\"ya:ovs:upload_date\" content=\"2024-05-10T17:29:49+00:00\" \/>\n<meta property=\"ya:ovs:allow_embed\" content=\"true\" \/>\n<meta property=\"product:price:amount\" content=\"358800.00\" \/>\n<meta property=\"product:price:currency\" content=\"USD\" \/>\n<meta property=\"og:availability\" content=\"instock\" \/>\n<meta property=\"product:availability\" content=\"instock\" \/>\n<meta property=\"product:condition\" content=\"new\" \/>\n<!-- \/ Yoast SEO Premium plugin. -->","yoast_head_json":{"title":"%% title%","description":"Farm in Coyhaique, Ays\u00e9n region, of 65.7 hectares with 800 meters of river bank and part of lagoon, located in the R\u00edo Norte sector.","robots":{"index":"index","follow":"follow","max-snippet":"max-snippet:-1","max-image-preview":"max-image-preview:large","max-video-preview":"max-video-preview:-1"},"canonical":"https:\/\/produncan.cl\/en\/property\/three-lagoons-field-657ha\/","og_locale":"en_US","og_type":"article","og_title":"Countryside in Coyhaique, Tres Lagunas - Ays\u00e9n Region","og_description":"Farm in Coyhaique, Ays\u00e9n region, of 65.7 hectares with 800 meters of river bank and part of lagoon, located in the R\u00edo Norte sector.","og_url":"https:\/\/produncan.cl\/en\/property\/three-lagoons-field-657ha\/","og_site_name":"Produncan","article_publisher":"https:\/\/web.facebook.com\/produncanland","article_modified_time":"2025-12-26T20:19:55+00:00","og_image":[{"width":600,"height":450,"url":"https:\/\/produncan.cl\/wp-content\/uploads\/2022\/12\/Campo-Tres-Lagunas.webp","type":"image\/webp"}],"twitter_card":"summary_large_image","twitter_misc":{"Price":"USD358.800,00","Availability":"In stock"},"schema":{"@context":"https:\/\/schema.org","@graph":[{"@type":"WebPage","@id":"https:\/\/produncan.cl\/en\/property\/three-lagoons-field-657ha\/","url":"https:\/\/produncan.cl\/en\/property\/three-lagoons-field-657ha\/","name":"%% title%","isPartOf":{"@id":"https:\/\/produncan.cl\/en\/#website"},"primaryImageOfPage":{"@id":"https:\/\/produncan.cl\/en\/property\/three-lagoons-field-657ha\/#primaryimage"},"image":{"@id":"https:\/\/produncan.cl\/en\/property\/three-lagoons-field-657ha\/#primaryimage"},"thumbnailUrl":"https:\/\/produncan.cl\/wp-content\/uploads\/2022\/12\/Campo-Tres-Lagunas.webp","datePublished":"2024-05-10T17:29:49+00:00","dateModified":"2025-12-26T20:19:55+00:00","description":"Farm in Coyhaique, Ays\u00e9n region, of 65.7 hectares with 800 meters of river bank and part of lagoon, located in the R\u00edo Norte sector.","breadcrumb":{"@id":"https:\/\/produncan.cl\/en\/property\/three-lagoons-field-657ha\/#breadcrumb"},"inLanguage":"en-US","potentialAction":[{"@type":"ReadAction","target":["https:\/\/produncan.cl\/en\/property\/three-lagoons-field-657ha\/"]}]},{"@type":"ImageObject","inLanguage":"en-US","@id":"https:\/\/produncan.cl\/en\/property\/three-lagoons-field-657ha\/#primaryimage","url":"https:\/\/produncan.cl\/wp-content\/uploads\/2022\/12\/Campo-Tres-Lagunas.webp","contentUrl":"https:\/\/produncan.cl\/wp-content\/uploads\/2022\/12\/Campo-Tres-Lagunas.webp","width":600,"height":450,"caption":"Field Three Lagunas"},{"@type":"BreadcrumbList","@id":"https:\/\/produncan.cl\/en\/property\/three-lagoons-field-657ha\/#breadcrumb","itemListElement":[{"@type":"ListItem","position":1,"name":"Inicio","item":"https:\/\/produncan.cl\/en\/"},{"@type":"ListItem","position":2,"name":"Properties","item":"https:\/\/produncan.cl\/propiedades\/"},{"@type":"ListItem","position":3,"name":"Fields","item":"https:\/\/produncan.cl\/en\/property-type\/fields\/"},{"@type":"ListItem","position":4,"name":"Countryside in Coyhaique, Tres Lagunas &#8211; Ays\u00e9n Region"}]},{"@type":"WebSite","@id":"https:\/\/produncan.cl\/en\/#website","url":"https:\/\/produncan.cl\/en\/","name":"Produncan","description":"We accompany you in your life project!","publisher":{"@id":"https:\/\/produncan.cl\/en\/#organization"},"potentialAction":[{"@type":"SearchAction","target":{"@type":"EntryPoint","urlTemplate":"https:\/\/produncan.cl\/en\/?s={search_term_string}"},"query-input":{"@type":"PropertyValueSpecification","valueRequired":true,"valueName":"search_term_string"}}],"inLanguage":"en-US"},{"@type":"Organization","@id":"https:\/\/produncan.cl\/en\/#organization","name":"Produncan","url":"https:\/\/produncan.cl\/en\/","logo":{"@type":"ImageObject","inLanguage":"en-US","@id":"https:\/\/produncan.cl\/en\/#\/schema\/logo\/image\/","url":"https:\/\/produncan.cl\/wp-content\/uploads\/2021\/03\/LOGO.jpeg","contentUrl":"https:\/\/produncan.cl\/wp-content\/uploads\/2021\/03\/LOGO.jpeg","width":1280,"height":903,"caption":"Produncan"},"image":{"@id":"https:\/\/produncan.cl\/en\/#\/schema\/logo\/image\/"},"sameAs":["https:\/\/web.facebook.com\/produncanland","https:\/\/www.instagram.com\/pro_duncan\/","https:\/\/www.linkedin.com\/company\/produncan-lands\/","https:\/\/www.youtube.com\/channel\/UCu7N-f3x0svkazD-Eew1-QQ"],"description":"En Produncan somos especialistas en la venta de terrenos en el sur de Chile. Proveemos estancias, campos, parcelas y hoteles.","email":"info@produncan.cl"}]},"og_video":"https:\/\/www.youtube.com\/embed\/JDidFGaI5k8","og_video_type":"text\/html","og_video_duration":"298","og_video_width":"480","og_video_height":"360","ya_ovs_adult":"false","ya_ovs_upload_date":"2024-05-10T17:29:49+00:00","ya_ovs_allow_embed":"true","product_price_amount":"358800.00","product_price_currency":"USD","og_availability":"instock","product_availability":"instock","product_condition":"new"},"_links":{"self":[{"href":"https:\/\/produncan.cl\/en\/wp-json\/wp\/v2\/product\/9306","targetHints":{"allow":["GET"]}}],"collection":[{"href":"https:\/\/produncan.cl\/en\/wp-json\/wp\/v2\/product"}],"about":[{"href":"https:\/\/produncan.cl\/en\/wp-json\/wp\/v2\/types\/product"}],"version-history":[{"count":2,"href":"https:\/\/produncan.cl\/en\/wp-json\/wp\/v2\/product\/9306\/revisions"}],"predecessor-version":[{"id":54140,"href":"https:\/\/produncan.cl\/en\/wp-json\/wp\/v2\/product\/9306\/revisions\/54140"}],"wp:featuredmedia":[{"embeddable":true,"href":"https:\/\/produncan.cl\/en\/wp-json\/wp\/v2\/media\/9331"}],"wp:attachment":[{"href":"https:\/\/produncan.cl\/en\/wp-json\/wp\/v2\/media?parent=9306"}],"wp:term":[{"taxonomy":"product_brand","embeddable":true,"href":"https:\/\/produncan.cl\/en\/wp-json\/wp\/v2\/product_brand?post=9306"},{"taxonomy":"product_cat","embeddable":true,"href":"https:\/\/produncan.cl\/en\/wp-json\/wp\/v2\/product_cat?post=9306"},{"taxonomy":"product_tag","embeddable":true,"href":"https:\/\/produncan.cl\/en\/wp-json\/wp\/v2\/product_tag?post=9306"},{"taxonomy":"regiones","embeddable":true,"href":"https:\/\/produncan.cl\/en\/wp-json\/wp\/v2\/regiones?post=9306"},{"taxonomy":"ciudades","embeddable":true,"href":"https:\/\/produncan.cl\/en\/wp-json\/wp\/v2\/ciudades?post=9306"}],"curies":[{"name":"wp","href":"https:\/\/api.w.org\/{rel}","templated":true}]}}