{"id":20969,"date":"2023-07-27T11:58:43","date_gmt":"2023-07-27T15:58:43","guid":{"rendered":"https:\/\/produncan.cl\/apprendre-a-connaitre-le-chili-de-maniere-interactive\/"},"modified":"2025-07-18T18:42:36","modified_gmt":"2025-07-18T22:42:36","slug":"apprendre-a-connaitre-le-chili-de-maniere-interactive","status":"publish","type":"page","link":"https:\/\/produncan.cl\/fr\/apprendre-a-connaitre-le-chili-de-maniere-interactive\/","title":{"rendered":"Apprendre \u00e0 conna\u00eetre le Chili de mani\u00e8re interactive"},"content":{"rendered":"\t\t<div data-elementor-type=\"wp-page\" data-elementor-id=\"20969\" class=\"elementor elementor-20969 elementor-17174\" data-elementor-post-type=\"page\">\n\t\t\t\t<div class=\"elementor-element elementor-element-55ce3b4 e-flex e-con-boxed e-con e-parent\" data-id=\"55ce3b4\" data-element_type=\"container\" data-e-type=\"container\" data-settings=\"{&quot;jet_parallax_layout_list&quot;:[]}\">\n\t\t\t\t\t<div class=\"e-con-inner\">\n\t\t<div class=\"elementor-element elementor-element-0634206 e-flex e-con-boxed e-con e-parent\" data-id=\"0634206\" data-element_type=\"container\" data-e-type=\"container\" data-settings=\"{&quot;jet_parallax_layout_list&quot;:[]}\">\n\t\t\t\t\t<div class=\"e-con-inner\">\n\t\t\t\t<div class=\"elementor-element elementor-element-5db0301 elementor-invisible elementor-widget elementor-widget-heading\" data-id=\"5db0301\" data-element_type=\"widget\" data-e-type=\"widget\" data-settings=\"{&quot;_animation&quot;:&quot;slideInLeft&quot;}\" data-widget_type=\"heading.default\">\n\t\t\t\t\t<h3 class=\"elementor-heading-title elementor-size-default\">CONNA\u00ceTRE LE CHILI DE MANI\u00c8RE INTERACTIVE<\/h3>\t\t\t\t<\/div>\n\t\t\t\t<div class=\"elementor-element elementor-element-6bfdb86 elementor-widget elementor-widget-text-editor\" data-id=\"6bfdb86\" data-element_type=\"widget\" data-e-type=\"widget\" data-widget_type=\"text-editor.default\">\n\t\t\t\t\t\t\t\t\t<p>Parcourez la carte, s\u00e9lectionnez Produncan et faites connaissance avec les champs et les ranchs de notre Chili sauvage.<\/p>\t\t\t\t\t\t\t\t<\/div>\n\t\t\t\t\t<\/div>\n\t\t\t\t<\/div>\n\t\t\t\t\t<\/div>\n\t\t\t\t<\/div>\n\t\t<div class=\"elementor-element elementor-element-6dc99b7 e-con-full e-flex e-con e-parent\" data-id=\"6dc99b7\" data-element_type=\"container\" data-e-type=\"container\" data-settings=\"{&quot;jet_parallax_layout_list&quot;:[]}\">\n\t\t\t\t<div class=\"elementor-element elementor-element-9549a43 elementor-widget elementor-widget-html\" data-id=\"9549a43\" data-element_type=\"widget\" data-e-type=\"widget\" data-widget_type=\"html.default\">\n\t\t\t\t\t<iframe src=\"https:\/\/www.google.com\/maps\/d\/embed?mid=1tho4qwakawQpHcEe0ot74bIYWdaatPw&amp;hl=es&amp;ehbc=2E312F\" width=\"800px\" height=\"1080\"><\/iframe>\t\t\t\t<\/div>\n\t\t\t\t<\/div>\n\t\t<div class=\"elementor-element elementor-element-bf33617 e-flex e-con-boxed e-con e-parent\" data-id=\"bf33617\" data-element_type=\"container\" data-e-type=\"container\" data-settings=\"{&quot;jet_parallax_layout_list&quot;:[]}\">\n\t\t\t\t\t<div class=\"e-con-inner\">\n\t\t\t\t<div class=\"elementor-element elementor-element-952e4bc elementor-widget elementor-widget-spacer\" data-id=\"952e4bc\" data-element_type=\"widget\" data-e-type=\"widget\" data-widget_type=\"spacer.default\">\n\t\t\t\t\t\t\t<div class=\"elementor-spacer\">\n\t\t\t<div class=\"elementor-spacer-inner\"><\/div>\n\t\t<\/div>\n\t\t\t\t\t\t<\/div>\n\t\t\t\t\t<\/div>\n\t\t\t\t<\/div>\n\t\t\t\t<\/div>\n\t\t","protected":false},"excerpt":{"rendered":"<p>CONNA\u00ceTRE LE CHILI DE MANI\u00c8RE INTERACTIVE Parcourez la carte, s\u00e9lectionnez Produncan et faites connaissance avec les champs et les ranchs de notre Chili sauvage.<\/p>\n","protected":false},"author":1,"featured_media":0,"parent":0,"menu_order":5,"comment_status":"closed","ping_status":"closed","template":"elementor_canvas","meta":{"_acf_changed":false,"footnotes":""},"class_list":["post-20969","page","type-page","status-publish","hentry"],"acf":[],"yoast_head":"<!-- This site is optimized with the Yoast SEO Premium plugin v26.0 (Yoast SEO v27.4) - https:\/\/yoast.com\/product\/yoast-seo-premium-wordpress\/ -->\n<title>Apprendre \u00e0 conna\u00eetre le Chili de mani\u00e8re interactive - Produncan<\/title>\n<meta name=\"description\" content=\"D\u00e9couvrez le Chili gr\u00e2ce \u00e0 notre carte interactive et visitez les moindres recoins de notre pays gr\u00e2ce \u00e0 des vid\u00e9os de prises de vue a\u00e9riennes\" \/>\n<meta name=\"robots\" content=\"index, follow, max-snippet:-1, max-image-preview:large, max-video-preview:-1\" \/>\n<link rel=\"canonical\" href=\"https:\/\/produncan.cl\/fr\/apprendre-a-connaitre-le-chili-de-maniere-interactive\/\" \/>\n<meta property=\"og:locale\" content=\"fr_FR\" \/>\n<meta property=\"og:type\" content=\"article\" \/>\n<meta property=\"og:title\" content=\"Apprendre \u00e0 conna\u00eetre le Chili de mani\u00e8re interactive\" \/>\n<meta property=\"og:description\" content=\"D\u00e9couvrez le Chili gr\u00e2ce \u00e0 notre carte interactive et visitez les moindres recoins de notre pays gr\u00e2ce \u00e0 des vid\u00e9os de prises de vue a\u00e9riennes\" \/>\n<meta property=\"og:url\" content=\"https:\/\/produncan.cl\/fr\/apprendre-a-connaitre-le-chili-de-maniere-interactive\/\" \/>\n<meta property=\"og:site_name\" content=\"Produncan\" \/>\n<meta property=\"article:publisher\" content=\"https:\/\/web.facebook.com\/produncanland\" \/>\n<meta property=\"article:modified_time\" content=\"2025-07-18T22:42:36+00:00\" \/>\n<meta name=\"twitter:card\" content=\"summary_large_image\" \/>\n<script type=\"application\/ld+json\" class=\"yoast-schema-graph\">{\"@context\":\"https:\\\/\\\/schema.org\",\"@graph\":[{\"@type\":[\"Article\",\"BlogPosting\"],\"@id\":\"https:\\\/\\\/produncan.cl\\\/fr\\\/apprendre-a-connaitre-le-chili-de-maniere-interactive\\\/#article\",\"isPartOf\":{\"@id\":\"https:\\\/\\\/produncan.cl\\\/fr\\\/apprendre-a-connaitre-le-chili-de-maniere-interactive\\\/\"},\"author\":{\"name\":\"Giovanni Alarc\u00f3n\",\"@id\":\"https:\\\/\\\/produncan.cl\\\/fr\\\/#\\\/schema\\\/person\\\/3224dc0b09a83a61e116e35b282c8744\"},\"headline\":\"Apprendre \u00e0 conna\u00eetre le Chili de mani\u00e8re interactive\",\"datePublished\":\"2023-07-27T15:58:43+00:00\",\"dateModified\":\"2025-07-18T22:42:36+00:00\",\"mainEntityOfPage\":{\"@id\":\"https:\\\/\\\/produncan.cl\\\/fr\\\/apprendre-a-connaitre-le-chili-de-maniere-interactive\\\/\"},\"wordCount\":36,\"publisher\":{\"@id\":\"https:\\\/\\\/produncan.cl\\\/fr\\\/#organization\"},\"inLanguage\":\"fr-FR\"},{\"@type\":\"WebPage\",\"@id\":\"https:\\\/\\\/produncan.cl\\\/fr\\\/apprendre-a-connaitre-le-chili-de-maniere-interactive\\\/\",\"url\":\"https:\\\/\\\/produncan.cl\\\/fr\\\/apprendre-a-connaitre-le-chili-de-maniere-interactive\\\/\",\"name\":\"Apprendre \u00e0 conna\u00eetre le Chili de mani\u00e8re interactive - Produncan\",\"isPartOf\":{\"@id\":\"https:\\\/\\\/produncan.cl\\\/fr\\\/#website\"},\"datePublished\":\"2023-07-27T15:58:43+00:00\",\"dateModified\":\"2025-07-18T22:42:36+00:00\",\"description\":\"D\u00e9couvrez le Chili gr\u00e2ce \u00e0 notre carte interactive et visitez les moindres recoins de notre pays gr\u00e2ce \u00e0 des vid\u00e9os de prises de vue a\u00e9riennes\",\"breadcrumb\":{\"@id\":\"https:\\\/\\\/produncan.cl\\\/fr\\\/apprendre-a-connaitre-le-chili-de-maniere-interactive\\\/#breadcrumb\"},\"inLanguage\":\"fr-FR\",\"potentialAction\":[{\"@type\":\"ReadAction\",\"target\":[\"https:\\\/\\\/produncan.cl\\\/fr\\\/apprendre-a-connaitre-le-chili-de-maniere-interactive\\\/\"]}]},{\"@type\":\"BreadcrumbList\",\"@id\":\"https:\\\/\\\/produncan.cl\\\/fr\\\/apprendre-a-connaitre-le-chili-de-maniere-interactive\\\/#breadcrumb\",\"itemListElement\":[{\"@type\":\"ListItem\",\"position\":1,\"name\":\"Inicio\",\"item\":\"https:\\\/\\\/produncan.cl\\\/fr\\\/\"},{\"@type\":\"ListItem\",\"position\":2,\"name\":\"Apprendre \u00e0 conna\u00eetre le Chili de mani\u00e8re interactive\"}]},{\"@type\":\"WebSite\",\"@id\":\"https:\\\/\\\/produncan.cl\\\/fr\\\/#website\",\"url\":\"https:\\\/\\\/produncan.cl\\\/fr\\\/\",\"name\":\"Produncan\",\"description\":\"Nous vous accompagnons dans votre projet de vie !\",\"publisher\":{\"@id\":\"https:\\\/\\\/produncan.cl\\\/fr\\\/#organization\"},\"potentialAction\":[{\"@type\":\"SearchAction\",\"target\":{\"@type\":\"EntryPoint\",\"urlTemplate\":\"https:\\\/\\\/produncan.cl\\\/fr\\\/?s={search_term_string}\"},\"query-input\":{\"@type\":\"PropertyValueSpecification\",\"valueRequired\":true,\"valueName\":\"search_term_string\"}}],\"inLanguage\":\"fr-FR\"},{\"@type\":\"Organization\",\"@id\":\"https:\\\/\\\/produncan.cl\\\/fr\\\/#organization\",\"name\":\"Produncan\",\"url\":\"https:\\\/\\\/produncan.cl\\\/fr\\\/\",\"logo\":{\"@type\":\"ImageObject\",\"inLanguage\":\"fr-FR\",\"@id\":\"https:\\\/\\\/produncan.cl\\\/fr\\\/#\\\/schema\\\/logo\\\/image\\\/\",\"url\":\"https:\\\/\\\/produncan.cl\\\/wp-content\\\/uploads\\\/2021\\\/03\\\/LOGO.jpeg\",\"contentUrl\":\"https:\\\/\\\/produncan.cl\\\/wp-content\\\/uploads\\\/2021\\\/03\\\/LOGO.jpeg\",\"width\":1280,\"height\":903,\"caption\":\"Produncan\"},\"image\":{\"@id\":\"https:\\\/\\\/produncan.cl\\\/fr\\\/#\\\/schema\\\/logo\\\/image\\\/\"},\"sameAs\":[\"https:\\\/\\\/web.facebook.com\\\/produncanland\",\"https:\\\/\\\/www.instagram.com\\\/pro_duncan\\\/\",\"https:\\\/\\\/www.linkedin.com\\\/company\\\/produncan-lands\\\/\",\"https:\\\/\\\/www.youtube.com\\\/channel\\\/UCu7N-f3x0svkazD-Eew1-QQ\"],\"description\":\"En Produncan somos especialistas en la venta de terrenos en el sur de Chile. Proveemos estancias, campos, parcelas y hoteles.\",\"email\":\"info@produncan.cl\"},{\"@type\":\"Person\",\"@id\":\"https:\\\/\\\/produncan.cl\\\/fr\\\/#\\\/schema\\\/person\\\/3224dc0b09a83a61e116e35b282c8744\",\"name\":\"Giovanni Alarc\u00f3n\",\"image\":{\"@type\":\"ImageObject\",\"inLanguage\":\"fr-FR\",\"@id\":\"https:\\\/\\\/secure.gravatar.com\\\/avatar\\\/64c465439fe8f4eee2cf6200c349a39727bdd86c547e989e30b1edae44dac264?s=96&d=mm&r=g\",\"url\":\"https:\\\/\\\/secure.gravatar.com\\\/avatar\\\/64c465439fe8f4eee2cf6200c349a39727bdd86c547e989e30b1edae44dac264?s=96&d=mm&r=g\",\"contentUrl\":\"https:\\\/\\\/secure.gravatar.com\\\/avatar\\\/64c465439fe8f4eee2cf6200c349a39727bdd86c547e989e30b1edae44dac264?s=96&d=mm&r=g\",\"caption\":\"Giovanni Alarc\u00f3n\"},\"sameAs\":[\"https:\\\/\\\/produncan.cl\"]}]}<\/script>\n<!-- \/ Yoast SEO Premium plugin. -->","yoast_head_json":{"title":"Apprendre \u00e0 conna\u00eetre le Chili de mani\u00e8re interactive - Produncan","description":"D\u00e9couvrez le Chili gr\u00e2ce \u00e0 notre carte interactive et visitez les moindres recoins de notre pays gr\u00e2ce \u00e0 des vid\u00e9os de prises de vue a\u00e9riennes","robots":{"index":"index","follow":"follow","max-snippet":"max-snippet:-1","max-image-preview":"max-image-preview:large","max-video-preview":"max-video-preview:-1"},"canonical":"https:\/\/produncan.cl\/fr\/apprendre-a-connaitre-le-chili-de-maniere-interactive\/","og_locale":"fr_FR","og_type":"article","og_title":"Apprendre \u00e0 conna\u00eetre le Chili de mani\u00e8re interactive","og_description":"D\u00e9couvrez le Chili gr\u00e2ce \u00e0 notre carte interactive et visitez les moindres recoins de notre pays gr\u00e2ce \u00e0 des vid\u00e9os de prises de vue a\u00e9riennes","og_url":"https:\/\/produncan.cl\/fr\/apprendre-a-connaitre-le-chili-de-maniere-interactive\/","og_site_name":"Produncan","article_publisher":"https:\/\/web.facebook.com\/produncanland","article_modified_time":"2025-07-18T22:42:36+00:00","twitter_card":"summary_large_image","schema":{"@context":"https:\/\/schema.org","@graph":[{"@type":["Article","BlogPosting"],"@id":"https:\/\/produncan.cl\/fr\/apprendre-a-connaitre-le-chili-de-maniere-interactive\/#article","isPartOf":{"@id":"https:\/\/produncan.cl\/fr\/apprendre-a-connaitre-le-chili-de-maniere-interactive\/"},"author":{"name":"Giovanni Alarc\u00f3n","@id":"https:\/\/produncan.cl\/fr\/#\/schema\/person\/3224dc0b09a83a61e116e35b282c8744"},"headline":"Apprendre \u00e0 conna\u00eetre le Chili de mani\u00e8re interactive","datePublished":"2023-07-27T15:58:43+00:00","dateModified":"2025-07-18T22:42:36+00:00","mainEntityOfPage":{"@id":"https:\/\/produncan.cl\/fr\/apprendre-a-connaitre-le-chili-de-maniere-interactive\/"},"wordCount":36,"publisher":{"@id":"https:\/\/produncan.cl\/fr\/#organization"},"inLanguage":"fr-FR"},{"@type":"WebPage","@id":"https:\/\/produncan.cl\/fr\/apprendre-a-connaitre-le-chili-de-maniere-interactive\/","url":"https:\/\/produncan.cl\/fr\/apprendre-a-connaitre-le-chili-de-maniere-interactive\/","name":"Apprendre \u00e0 conna\u00eetre le Chili de mani\u00e8re interactive - Produncan","isPartOf":{"@id":"https:\/\/produncan.cl\/fr\/#website"},"datePublished":"2023-07-27T15:58:43+00:00","dateModified":"2025-07-18T22:42:36+00:00","description":"D\u00e9couvrez le Chili gr\u00e2ce \u00e0 notre carte interactive et visitez les moindres recoins de notre pays gr\u00e2ce \u00e0 des vid\u00e9os de prises de vue a\u00e9riennes","breadcrumb":{"@id":"https:\/\/produncan.cl\/fr\/apprendre-a-connaitre-le-chili-de-maniere-interactive\/#breadcrumb"},"inLanguage":"fr-FR","potentialAction":[{"@type":"ReadAction","target":["https:\/\/produncan.cl\/fr\/apprendre-a-connaitre-le-chili-de-maniere-interactive\/"]}]},{"@type":"BreadcrumbList","@id":"https:\/\/produncan.cl\/fr\/apprendre-a-connaitre-le-chili-de-maniere-interactive\/#breadcrumb","itemListElement":[{"@type":"ListItem","position":1,"name":"Inicio","item":"https:\/\/produncan.cl\/fr\/"},{"@type":"ListItem","position":2,"name":"Apprendre \u00e0 conna\u00eetre le Chili de mani\u00e8re interactive"}]},{"@type":"WebSite","@id":"https:\/\/produncan.cl\/fr\/#website","url":"https:\/\/produncan.cl\/fr\/","name":"Produncan","description":"Nous vous accompagnons dans votre projet de vie !","publisher":{"@id":"https:\/\/produncan.cl\/fr\/#organization"},"potentialAction":[{"@type":"SearchAction","target":{"@type":"EntryPoint","urlTemplate":"https:\/\/produncan.cl\/fr\/?s={search_term_string}"},"query-input":{"@type":"PropertyValueSpecification","valueRequired":true,"valueName":"search_term_string"}}],"inLanguage":"fr-FR"},{"@type":"Organization","@id":"https:\/\/produncan.cl\/fr\/#organization","name":"Produncan","url":"https:\/\/produncan.cl\/fr\/","logo":{"@type":"ImageObject","inLanguage":"fr-FR","@id":"https:\/\/produncan.cl\/fr\/#\/schema\/logo\/image\/","url":"https:\/\/produncan.cl\/wp-content\/uploads\/2021\/03\/LOGO.jpeg","contentUrl":"https:\/\/produncan.cl\/wp-content\/uploads\/2021\/03\/LOGO.jpeg","width":1280,"height":903,"caption":"Produncan"},"image":{"@id":"https:\/\/produncan.cl\/fr\/#\/schema\/logo\/image\/"},"sameAs":["https:\/\/web.facebook.com\/produncanland","https:\/\/www.instagram.com\/pro_duncan\/","https:\/\/www.linkedin.com\/company\/produncan-lands\/","https:\/\/www.youtube.com\/channel\/UCu7N-f3x0svkazD-Eew1-QQ"],"description":"En Produncan somos especialistas en la venta de terrenos en el sur de Chile. Proveemos estancias, campos, parcelas y hoteles.","email":"info@produncan.cl"},{"@type":"Person","@id":"https:\/\/produncan.cl\/fr\/#\/schema\/person\/3224dc0b09a83a61e116e35b282c8744","name":"Giovanni Alarc\u00f3n","image":{"@type":"ImageObject","inLanguage":"fr-FR","@id":"https:\/\/secure.gravatar.com\/avatar\/64c465439fe8f4eee2cf6200c349a39727bdd86c547e989e30b1edae44dac264?s=96&d=mm&r=g","url":"https:\/\/secure.gravatar.com\/avatar\/64c465439fe8f4eee2cf6200c349a39727bdd86c547e989e30b1edae44dac264?s=96&d=mm&r=g","contentUrl":"https:\/\/secure.gravatar.com\/avatar\/64c465439fe8f4eee2cf6200c349a39727bdd86c547e989e30b1edae44dac264?s=96&d=mm&r=g","caption":"Giovanni Alarc\u00f3n"},"sameAs":["https:\/\/produncan.cl"]}]}},"_links":{"self":[{"href":"https:\/\/produncan.cl\/fr\/wp-json\/wp\/v2\/pages\/20969","targetHints":{"allow":["GET"]}}],"collection":[{"href":"https:\/\/produncan.cl\/fr\/wp-json\/wp\/v2\/pages"}],"about":[{"href":"https:\/\/produncan.cl\/fr\/wp-json\/wp\/v2\/types\/page"}],"author":[{"embeddable":true,"href":"https:\/\/produncan.cl\/fr\/wp-json\/wp\/v2\/users\/1"}],"replies":[{"embeddable":true,"href":"https:\/\/produncan.cl\/fr\/wp-json\/wp\/v2\/comments?post=20969"}],"version-history":[{"count":0,"href":"https:\/\/produncan.cl\/fr\/wp-json\/wp\/v2\/pages\/20969\/revisions"}],"wp:attachment":[{"href":"https:\/\/produncan.cl\/fr\/wp-json\/wp\/v2\/media?parent=20969"}],"curies":[{"name":"wp","href":"https:\/\/api.w.org\/{rel}","templated":true}]}}