{"id":7347,"date":"2021-03-23T22:19:00","date_gmt":"2021-03-24T01:19:00","guid":{"rendered":"https:\/\/produncan.cl\/politique-de-confidentialite\/"},"modified":"2025-06-06T19:05:33","modified_gmt":"2025-06-06T23:05:33","slug":"politique-de-confidentialite","status":"publish","type":"page","link":"https:\/\/produncan.cl\/fr\/politique-de-confidentialite\/","title":{"rendered":"Politique de confidentialit\u00e9"},"content":{"rendered":"\t\t<div data-elementor-type=\"wp-page\" data-elementor-id=\"7347\" class=\"elementor elementor-7347 elementor-265\" data-elementor-post-type=\"page\">\n\t\t\t\t\t\t<section class=\"elementor-section elementor-top-section elementor-element elementor-element-60d617e9 elementor-section-boxed elementor-section-height-default elementor-section-height-default\" data-id=\"60d617e9\" data-element_type=\"section\" data-e-type=\"section\" data-settings=\"{&quot;jet_parallax_layout_list&quot;:[]}\">\n\t\t\t\t\t\t<div class=\"elementor-container elementor-column-gap-default\">\n\t\t\t\t\t<div class=\"elementor-column elementor-col-100 elementor-top-column elementor-element elementor-element-68385928\" data-id=\"68385928\" data-element_type=\"column\" data-e-type=\"column\">\n\t\t\t<div class=\"elementor-widget-wrap elementor-element-populated\">\n\t\t\t\t\t\t<div class=\"elementor-element elementor-element-f53c91d elementor-align-left elementor-widget elementor-widget-global elementor-global-30834 elementor-global-416 elementor-widget-button\" data-id=\"f53c91d\" data-element_type=\"widget\" data-e-type=\"widget\" data-widget_type=\"button.default\">\n\t\t\t\t\t\t\t\t\t\t<a class=\"elementor-button elementor-button-link elementor-size-sm\" href=\"https:\/\/produncan.cl\/en\/properties\/\">\n\t\t\t\t\t\t<span class=\"elementor-button-content-wrapper\">\n\t\t\t\t\t\t\t\t\t<span class=\"elementor-button-text\">Retour au d\u00e9but<\/span>\n\t\t\t\t\t<\/span>\n\t\t\t\t\t<\/a>\n\t\t\t\t\t\t\t\t<\/div>\n\t\t\t\t<div class=\"elementor-element elementor-element-2d370284 elementor-widget elementor-widget-text-editor\" data-id=\"2d370284\" data-element_type=\"widget\" data-e-type=\"widget\" data-widget_type=\"text-editor.default\">\n\t\t\t\t\t\t\t\t\t\n<h2>1. introduction<\/h2>\n<p>Chez Produncan Lands SpA, nous prenons tr\u00e8s au s\u00e9rieux la confidentialit\u00e9 et la s\u00e9curit\u00e9 des informations de nos utilisateurs et clients. Cette politique de confidentialit\u00e9 explique comment nous recueillons, utilisons et prot\u00e9geons les donn\u00e9es personnelles fournies par le biais des formulaires de contact de notre site Web et d&#8217;autres canaux de communication. <\/p>\n<h2>2. Donn\u00e9es collect\u00e9es<\/h2>\n<p>Lorsque les utilisateurs remplissent un formulaire de contact sur notre site web, nous recueillons les informations personnelles suivantes :<\/p>\n<p>&#8211; Nom complet<br>&#8211; Adresse \u00e9lectronique<br>&#8211; Num\u00e9ro de t\u00e9l\u00e9phone<\/p>\n<h2>3. Utilisation des informations<\/h2>\n<p>&#8211; Les donn\u00e9es collect\u00e9es sont utilis\u00e9es exclusivement aux fins suivantes :<br>&#8211; Contacter les personnes int\u00e9ress\u00e9es par nos services de courtage immobilier.<br>&#8211; R\u00e9pondre aux demandes de renseignements et fournir des informations sur nos propri\u00e9t\u00e9s et nos services.<br>&#8211; Maintenir une communication efficace avec nos clients et les acheteurs ou locataires potentiels.<\/p>\n<h2>4. Protection et stockage des donn\u00e9es<\/h2>\n<p>Nous nous engageons \u00e0 prot\u00e9ger les informations personnelles de nos utilisateurs en mettant en \u0153uvre des mesures de s\u00e9curit\u00e9 appropri\u00e9es pour emp\u00eacher l&#8217;acc\u00e8s non autoris\u00e9, l&#8217;utilisation abusive ou la divulgation des donn\u00e9es.<\/p>\n<h2>5. Nous ne partageons pas les informations avec des tiers<\/h2>\n<p>En aucun cas nous ne partageons, vendons ou distribuons les informations personnelles de nos utilisateurs \u00e0 des tiers. Les informations recueillies sont utilis\u00e9es exclusivement par Produncan Lands SpA aux fins mentionn\u00e9es dans la pr\u00e9sente politique. <\/p>\n<h2>6. Droits de l&#8217;utilisateur<\/h2>\n<p>Les utilisateurs ont le droit de :<\/p>\n<p>&#8211; Demander l&#8217;acc\u00e8s aux donn\u00e9es personnelles que nous avons collect\u00e9es.<br>&#8211; Modifier ou corriger vos donn\u00e9es personnelles.<br>&#8211; Demander la suppression de vos donn\u00e9es de nos dossiers.<\/p>\n<p>Pour exercer ces droits, veuillez nous contacter \u00e0 l&#8217;adresse suivante : info@produncan.cl.<\/p>\n<h2>7. Modifications de la politique de protection de la vie priv\u00e9e<\/h2>\n<p>Nous nous r\u00e9servons le droit de mettre \u00e0 jour cette politique de confidentialit\u00e9 \u00e0 tout moment. Toute modification vous sera notifi\u00e9e sur notre site web. <\/p>\n<h2>8. Contacto<\/h2>\n<p>Si vous avez des questions concernant notre politique de confidentialit\u00e9 ou le traitement de vos donn\u00e9es personnelles, vous pouvez nous contacter \u00e0 l&#8217;adresse suivante :<\/p>\n<p>Produncan Lands SpA<br>info@produncan.cl<br>M\u00f3vil (569) 78066038<br>WhatsApp (569) 93058903<\/p>\n\t\t\t\t\t\t\t\t<\/div>\n\t\t\t\t\t<\/div>\n\t\t<\/div>\n\t\t\t\t\t<\/div>\n\t\t<\/section>\n\t\t\t\t<\/div>\n\t\t","protected":false},"excerpt":{"rendered":"<p>Volver al inicio 1. introduction Chez Produncan Lands SpA, nous prenons tr\u00e8s au s\u00e9rieux la confidentialit\u00e9 et la s\u00e9curit\u00e9 des informations de nos utilisateurs et clients. Cette politique de confidentialit\u00e9 explique comment nous recueillons, utilisons et prot\u00e9geons les donn\u00e9es personnelles fournies par le biais des formulaires de contact de notre site Web et d&#8217;autres canaux [&hellip;]<\/p>\n","protected":false},"author":1,"featured_media":0,"parent":0,"menu_order":31,"comment_status":"closed","ping_status":"closed","template":"","meta":{"_acf_changed":false,"footnotes":""},"class_list":["post-7347","page","type-page","status-publish","hentry"],"acf":[],"yoast_head":"<!-- This site is optimized with the Yoast SEO Premium plugin v26.0 (Yoast SEO v27.4) - https:\/\/yoast.com\/product\/yoast-seo-premium-wordpress\/ -->\n<title>Politique de confidentialit\u00e9 - Produncan Nous accompagnons votre projet de vie !<\/title>\n<meta name=\"description\" content=\"Lisez la politique de confidentialit\u00e9 de Produncan pour vous informer sur le traitement des donn\u00e9es personnelles que nous collectons lorsque vous visitez notre site.\" \/>\n<meta name=\"robots\" content=\"index, follow, max-snippet:-1, max-image-preview:large, max-video-preview:-1\" \/>\n<link rel=\"canonical\" href=\"https:\/\/produncan.cl\/fr\/politique-de-confidentialite\/\" \/>\n<meta property=\"og:locale\" content=\"fr_FR\" \/>\n<meta property=\"og:type\" content=\"article\" \/>\n<meta property=\"og:title\" content=\"Politique de confidentialit\u00e9\" \/>\n<meta property=\"og:description\" content=\"Lisez la politique de confidentialit\u00e9 de Produncan pour vous informer sur le traitement des donn\u00e9es personnelles que nous collectons lorsque vous visitez notre site.\" \/>\n<meta property=\"og:url\" content=\"https:\/\/produncan.cl\/fr\/politique-de-confidentialite\/\" \/>\n<meta property=\"og:site_name\" content=\"Produncan\" \/>\n<meta property=\"article:publisher\" content=\"https:\/\/web.facebook.com\/produncanland\" \/>\n<meta property=\"article:modified_time\" content=\"2025-06-06T23:05:33+00:00\" \/>\n<meta name=\"twitter:card\" content=\"summary_large_image\" \/>\n<meta name=\"twitter:label1\" content=\"Est. reading time\" \/>\n\t<meta name=\"twitter:data1\" content=\"2 minutes\" \/>\n<script type=\"application\/ld+json\" class=\"yoast-schema-graph\">{\"@context\":\"https:\\\/\\\/schema.org\",\"@graph\":[{\"@type\":[\"Article\",\"BlogPosting\"],\"@id\":\"https:\\\/\\\/produncan.cl\\\/fr\\\/politique-de-confidentialite\\\/#article\",\"isPartOf\":{\"@id\":\"https:\\\/\\\/produncan.cl\\\/fr\\\/politique-de-confidentialite\\\/\"},\"author\":{\"name\":\"Giovanni Alarc\u00f3n\",\"@id\":\"https:\\\/\\\/produncan.cl\\\/fr\\\/#\\\/schema\\\/person\\\/3224dc0b09a83a61e116e35b282c8744\"},\"headline\":\"Politique de confidentialit\u00e9\",\"datePublished\":\"2021-03-24T01:19:00+00:00\",\"dateModified\":\"2025-06-06T23:05:33+00:00\",\"mainEntityOfPage\":{\"@id\":\"https:\\\/\\\/produncan.cl\\\/fr\\\/politique-de-confidentialite\\\/\"},\"wordCount\":376,\"publisher\":{\"@id\":\"https:\\\/\\\/produncan.cl\\\/fr\\\/#organization\"},\"inLanguage\":\"fr-FR\"},{\"@type\":\"WebPage\",\"@id\":\"https:\\\/\\\/produncan.cl\\\/fr\\\/politique-de-confidentialite\\\/\",\"url\":\"https:\\\/\\\/produncan.cl\\\/fr\\\/politique-de-confidentialite\\\/\",\"name\":\"Politique de confidentialit\u00e9 - Produncan Nous accompagnons votre projet de vie !\",\"isPartOf\":{\"@id\":\"https:\\\/\\\/produncan.cl\\\/fr\\\/#website\"},\"datePublished\":\"2021-03-24T01:19:00+00:00\",\"dateModified\":\"2025-06-06T23:05:33+00:00\",\"description\":\"Lisez la politique de confidentialit\u00e9 de Produncan pour vous informer sur le traitement des donn\u00e9es personnelles que nous collectons lorsque vous visitez notre site.\",\"breadcrumb\":{\"@id\":\"https:\\\/\\\/produncan.cl\\\/fr\\\/politique-de-confidentialite\\\/#breadcrumb\"},\"inLanguage\":\"fr-FR\",\"potentialAction\":[{\"@type\":\"ReadAction\",\"target\":[\"https:\\\/\\\/produncan.cl\\\/fr\\\/politique-de-confidentialite\\\/\"]}]},{\"@type\":\"BreadcrumbList\",\"@id\":\"https:\\\/\\\/produncan.cl\\\/fr\\\/politique-de-confidentialite\\\/#breadcrumb\",\"itemListElement\":[{\"@type\":\"ListItem\",\"position\":1,\"name\":\"Inicio\",\"item\":\"https:\\\/\\\/produncan.cl\\\/fr\\\/\"},{\"@type\":\"ListItem\",\"position\":2,\"name\":\"Politique de confidentialit\u00e9\"}]},{\"@type\":\"WebSite\",\"@id\":\"https:\\\/\\\/produncan.cl\\\/fr\\\/#website\",\"url\":\"https:\\\/\\\/produncan.cl\\\/fr\\\/\",\"name\":\"Produncan\",\"description\":\"Nous vous accompagnons dans votre projet de vie !\",\"publisher\":{\"@id\":\"https:\\\/\\\/produncan.cl\\\/fr\\\/#organization\"},\"potentialAction\":[{\"@type\":\"SearchAction\",\"target\":{\"@type\":\"EntryPoint\",\"urlTemplate\":\"https:\\\/\\\/produncan.cl\\\/fr\\\/?s={search_term_string}\"},\"query-input\":{\"@type\":\"PropertyValueSpecification\",\"valueRequired\":true,\"valueName\":\"search_term_string\"}}],\"inLanguage\":\"fr-FR\"},{\"@type\":\"Organization\",\"@id\":\"https:\\\/\\\/produncan.cl\\\/fr\\\/#organization\",\"name\":\"Produncan\",\"url\":\"https:\\\/\\\/produncan.cl\\\/fr\\\/\",\"logo\":{\"@type\":\"ImageObject\",\"inLanguage\":\"fr-FR\",\"@id\":\"https:\\\/\\\/produncan.cl\\\/fr\\\/#\\\/schema\\\/logo\\\/image\\\/\",\"url\":\"https:\\\/\\\/produncan.cl\\\/wp-content\\\/uploads\\\/2021\\\/03\\\/LOGO.jpeg\",\"contentUrl\":\"https:\\\/\\\/produncan.cl\\\/wp-content\\\/uploads\\\/2021\\\/03\\\/LOGO.jpeg\",\"width\":1280,\"height\":903,\"caption\":\"Produncan\"},\"image\":{\"@id\":\"https:\\\/\\\/produncan.cl\\\/fr\\\/#\\\/schema\\\/logo\\\/image\\\/\"},\"sameAs\":[\"https:\\\/\\\/web.facebook.com\\\/produncanland\",\"https:\\\/\\\/www.instagram.com\\\/pro_duncan\\\/\",\"https:\\\/\\\/www.linkedin.com\\\/company\\\/produncan-lands\\\/\",\"https:\\\/\\\/www.youtube.com\\\/channel\\\/UCu7N-f3x0svkazD-Eew1-QQ\"],\"description\":\"En Produncan somos especialistas en la venta de terrenos en el sur de Chile. Proveemos estancias, campos, parcelas y hoteles.\",\"email\":\"info@produncan.cl\"},{\"@type\":\"Person\",\"@id\":\"https:\\\/\\\/produncan.cl\\\/fr\\\/#\\\/schema\\\/person\\\/3224dc0b09a83a61e116e35b282c8744\",\"name\":\"Giovanni Alarc\u00f3n\",\"image\":{\"@type\":\"ImageObject\",\"inLanguage\":\"fr-FR\",\"@id\":\"https:\\\/\\\/secure.gravatar.com\\\/avatar\\\/64c465439fe8f4eee2cf6200c349a39727bdd86c547e989e30b1edae44dac264?s=96&d=mm&r=g\",\"url\":\"https:\\\/\\\/secure.gravatar.com\\\/avatar\\\/64c465439fe8f4eee2cf6200c349a39727bdd86c547e989e30b1edae44dac264?s=96&d=mm&r=g\",\"contentUrl\":\"https:\\\/\\\/secure.gravatar.com\\\/avatar\\\/64c465439fe8f4eee2cf6200c349a39727bdd86c547e989e30b1edae44dac264?s=96&d=mm&r=g\",\"caption\":\"Giovanni Alarc\u00f3n\"},\"sameAs\":[\"https:\\\/\\\/produncan.cl\"]}]}<\/script>\n<!-- \/ Yoast SEO Premium plugin. -->","yoast_head_json":{"title":"Politique de confidentialit\u00e9 - Produncan Nous accompagnons votre projet de vie !","description":"Lisez la politique de confidentialit\u00e9 de Produncan pour vous informer sur le traitement des donn\u00e9es personnelles que nous collectons lorsque vous visitez notre site.","robots":{"index":"index","follow":"follow","max-snippet":"max-snippet:-1","max-image-preview":"max-image-preview:large","max-video-preview":"max-video-preview:-1"},"canonical":"https:\/\/produncan.cl\/fr\/politique-de-confidentialite\/","og_locale":"fr_FR","og_type":"article","og_title":"Politique de confidentialit\u00e9","og_description":"Lisez la politique de confidentialit\u00e9 de Produncan pour vous informer sur le traitement des donn\u00e9es personnelles que nous collectons lorsque vous visitez notre site.","og_url":"https:\/\/produncan.cl\/fr\/politique-de-confidentialite\/","og_site_name":"Produncan","article_publisher":"https:\/\/web.facebook.com\/produncanland","article_modified_time":"2025-06-06T23:05:33+00:00","twitter_card":"summary_large_image","twitter_misc":{"Est. reading time":"2 minutes"},"schema":{"@context":"https:\/\/schema.org","@graph":[{"@type":["Article","BlogPosting"],"@id":"https:\/\/produncan.cl\/fr\/politique-de-confidentialite\/#article","isPartOf":{"@id":"https:\/\/produncan.cl\/fr\/politique-de-confidentialite\/"},"author":{"name":"Giovanni Alarc\u00f3n","@id":"https:\/\/produncan.cl\/fr\/#\/schema\/person\/3224dc0b09a83a61e116e35b282c8744"},"headline":"Politique de confidentialit\u00e9","datePublished":"2021-03-24T01:19:00+00:00","dateModified":"2025-06-06T23:05:33+00:00","mainEntityOfPage":{"@id":"https:\/\/produncan.cl\/fr\/politique-de-confidentialite\/"},"wordCount":376,"publisher":{"@id":"https:\/\/produncan.cl\/fr\/#organization"},"inLanguage":"fr-FR"},{"@type":"WebPage","@id":"https:\/\/produncan.cl\/fr\/politique-de-confidentialite\/","url":"https:\/\/produncan.cl\/fr\/politique-de-confidentialite\/","name":"Politique de confidentialit\u00e9 - Produncan Nous accompagnons votre projet de vie !","isPartOf":{"@id":"https:\/\/produncan.cl\/fr\/#website"},"datePublished":"2021-03-24T01:19:00+00:00","dateModified":"2025-06-06T23:05:33+00:00","description":"Lisez la politique de confidentialit\u00e9 de Produncan pour vous informer sur le traitement des donn\u00e9es personnelles que nous collectons lorsque vous visitez notre site.","breadcrumb":{"@id":"https:\/\/produncan.cl\/fr\/politique-de-confidentialite\/#breadcrumb"},"inLanguage":"fr-FR","potentialAction":[{"@type":"ReadAction","target":["https:\/\/produncan.cl\/fr\/politique-de-confidentialite\/"]}]},{"@type":"BreadcrumbList","@id":"https:\/\/produncan.cl\/fr\/politique-de-confidentialite\/#breadcrumb","itemListElement":[{"@type":"ListItem","position":1,"name":"Inicio","item":"https:\/\/produncan.cl\/fr\/"},{"@type":"ListItem","position":2,"name":"Politique de confidentialit\u00e9"}]},{"@type":"WebSite","@id":"https:\/\/produncan.cl\/fr\/#website","url":"https:\/\/produncan.cl\/fr\/","name":"Produncan","description":"Nous vous accompagnons dans votre projet de vie !","publisher":{"@id":"https:\/\/produncan.cl\/fr\/#organization"},"potentialAction":[{"@type":"SearchAction","target":{"@type":"EntryPoint","urlTemplate":"https:\/\/produncan.cl\/fr\/?s={search_term_string}"},"query-input":{"@type":"PropertyValueSpecification","valueRequired":true,"valueName":"search_term_string"}}],"inLanguage":"fr-FR"},{"@type":"Organization","@id":"https:\/\/produncan.cl\/fr\/#organization","name":"Produncan","url":"https:\/\/produncan.cl\/fr\/","logo":{"@type":"ImageObject","inLanguage":"fr-FR","@id":"https:\/\/produncan.cl\/fr\/#\/schema\/logo\/image\/","url":"https:\/\/produncan.cl\/wp-content\/uploads\/2021\/03\/LOGO.jpeg","contentUrl":"https:\/\/produncan.cl\/wp-content\/uploads\/2021\/03\/LOGO.jpeg","width":1280,"height":903,"caption":"Produncan"},"image":{"@id":"https:\/\/produncan.cl\/fr\/#\/schema\/logo\/image\/"},"sameAs":["https:\/\/web.facebook.com\/produncanland","https:\/\/www.instagram.com\/pro_duncan\/","https:\/\/www.linkedin.com\/company\/produncan-lands\/","https:\/\/www.youtube.com\/channel\/UCu7N-f3x0svkazD-Eew1-QQ"],"description":"En Produncan somos especialistas en la venta de terrenos en el sur de Chile. Proveemos estancias, campos, parcelas y hoteles.","email":"info@produncan.cl"},{"@type":"Person","@id":"https:\/\/produncan.cl\/fr\/#\/schema\/person\/3224dc0b09a83a61e116e35b282c8744","name":"Giovanni Alarc\u00f3n","image":{"@type":"ImageObject","inLanguage":"fr-FR","@id":"https:\/\/secure.gravatar.com\/avatar\/64c465439fe8f4eee2cf6200c349a39727bdd86c547e989e30b1edae44dac264?s=96&d=mm&r=g","url":"https:\/\/secure.gravatar.com\/avatar\/64c465439fe8f4eee2cf6200c349a39727bdd86c547e989e30b1edae44dac264?s=96&d=mm&r=g","contentUrl":"https:\/\/secure.gravatar.com\/avatar\/64c465439fe8f4eee2cf6200c349a39727bdd86c547e989e30b1edae44dac264?s=96&d=mm&r=g","caption":"Giovanni Alarc\u00f3n"},"sameAs":["https:\/\/produncan.cl"]}]}},"_links":{"self":[{"href":"https:\/\/produncan.cl\/fr\/wp-json\/wp\/v2\/pages\/7347","targetHints":{"allow":["GET"]}}],"collection":[{"href":"https:\/\/produncan.cl\/fr\/wp-json\/wp\/v2\/pages"}],"about":[{"href":"https:\/\/produncan.cl\/fr\/wp-json\/wp\/v2\/types\/page"}],"author":[{"embeddable":true,"href":"https:\/\/produncan.cl\/fr\/wp-json\/wp\/v2\/users\/1"}],"replies":[{"embeddable":true,"href":"https:\/\/produncan.cl\/fr\/wp-json\/wp\/v2\/comments?post=7347"}],"version-history":[{"count":0,"href":"https:\/\/produncan.cl\/fr\/wp-json\/wp\/v2\/pages\/7347\/revisions"}],"wp:attachment":[{"href":"https:\/\/produncan.cl\/fr\/wp-json\/wp\/v2\/media?parent=7347"}],"curies":[{"name":"wp","href":"https:\/\/api.w.org\/{rel}","templated":true}]}}