{"id":7389,"date":"2021-10-19T22:40:00","date_gmt":"2021-10-20T01:40:00","guid":{"rendered":"https:\/\/produncan.cl\/qui-sommes-nous\/"},"modified":"2025-10-09T09:29:48","modified_gmt":"2025-10-09T12:29:48","slug":"qui-sommes-nous","status":"publish","type":"page","link":"https:\/\/produncan.cl\/fr\/qui-sommes-nous\/","title":{"rendered":"Qui sommes-nous ?"},"content":{"rendered":"\t\t<div data-elementor-type=\"wp-page\" data-elementor-id=\"7389\" class=\"elementor elementor-7389 elementor-312\" data-elementor-post-type=\"page\">\n\t\t\t\t<div class=\"elementor-element elementor-element-7b85b06 e-flex e-con-boxed e-con e-parent\" data-id=\"7b85b06\" data-element_type=\"container\" data-e-type=\"container\" data-settings=\"{&quot;jet_parallax_layout_list&quot;:[]}\">\n\t\t\t\t\t<div class=\"e-con-inner\">\n\t\t<div class=\"elementor-element elementor-element-929af97 e-con-full e-flex e-con e-child\" data-id=\"929af97\" data-element_type=\"container\" data-e-type=\"container\" data-settings=\"{&quot;jet_parallax_layout_list&quot;:[]}\">\n\t\t\t\t<div class=\"elementor-element elementor-element-3cda8da elementor-align-left elementor-widget elementor-widget-button\" data-id=\"3cda8da\" data-element_type=\"widget\" data-e-type=\"widget\" data-widget_type=\"button.default\">\n\t\t\t\t\t\t\t\t\t\t<a class=\"elementor-button elementor-button-link elementor-size-sm\" href=\"https:\/\/produncan.cl\/fr\/\">\n\t\t\t\t\t\t<span class=\"elementor-button-content-wrapper\">\n\t\t\t\t\t\t\t\t\t<span class=\"elementor-button-text\">Retour au d\u00e9but<\/span>\n\t\t\t\t\t<\/span>\n\t\t\t\t\t<\/a>\n\t\t\t\t\t\t\t\t<\/div>\n\t\t\t\t<\/div>\n\t\t\t\t\t<\/div>\n\t\t\t\t<\/div>\n\t\t<div class=\"elementor-element elementor-element-d4fc36d e-flex e-con-boxed e-con e-parent\" data-id=\"d4fc36d\" data-element_type=\"container\" data-e-type=\"container\" data-settings=\"{&quot;jet_parallax_layout_list&quot;:[]}\">\n\t\t\t\t\t<div class=\"e-con-inner\">\n\t\t<div class=\"elementor-element elementor-element-9ddc899 e-con-full e-flex e-con e-child\" data-id=\"9ddc899\" data-element_type=\"container\" data-e-type=\"container\" data-settings=\"{&quot;jet_parallax_layout_list&quot;:[]}\">\n\t\t\t\t<div class=\"elementor-element elementor-element-949407b elementor-widget elementor-widget-text-editor\" data-id=\"949407b\" data-element_type=\"widget\" data-e-type=\"widget\" data-widget_type=\"text-editor.default\">\n\t\t\t\t\t\t\t\t\t<p>Nous sommes une agence de courtage immobilier sp\u00e9cialis\u00e9e dans la Patagonie qui propose des opportunit\u00e9s r\u00e9sidentielles, des terrains et des champs aux particuliers et aux investisseurs dans tout le Chili. En collaboration avec nos cadres et associ\u00e9s dans les diff\u00e9rentes r\u00e9gions du pays, nous fournissons un excellent service. L&#8217;\u00e9thique, le service personnalis\u00e9, l&#8217;efficacit\u00e9 et l&#8217;innovation technologique refl\u00e8tent ce que nous sommes.<\/p>\t\t\t\t\t\t\t\t<\/div>\n\t\t\t\t<\/div>\n\t\t\t\t\t<\/div>\n\t\t\t\t<\/div>\n\t\t<div class=\"elementor-element elementor-element-bd78cf6 e-flex e-con-boxed e-con e-parent\" data-id=\"bd78cf6\" data-element_type=\"container\" data-e-type=\"container\" data-settings=\"{&quot;jet_parallax_layout_list&quot;:[]}\">\n\t\t\t\t\t<div class=\"e-con-inner\">\n\t\t<div class=\"elementor-element elementor-element-6c682ce e-con-full e-flex e-con e-child\" data-id=\"6c682ce\" data-element_type=\"container\" data-e-type=\"container\" data-settings=\"{&quot;jet_parallax_layout_list&quot;:[]}\">\n\t\t\t\t<div class=\"elementor-element elementor-element-c1eaa8c elementor-widget__width-initial elementor-widget-mobile__width-initial elementor-widget elementor-widget-image\" data-id=\"c1eaa8c\" data-element_type=\"widget\" data-e-type=\"widget\" data-widget_type=\"image.default\">\n\t\t\t\t\t\t\t\t\t\t\t\t\t\t\t\t<a href=\"#elementor-action%3Aaction%3Dpopup%3Aopen%26settings%3DeyJpZCI6MzI1NjIsInRvZ2dsZSI6ZmFsc2V9\">\n\t\t\t\t\t\t\t<img fetchpriority=\"high\" decoding=\"async\" width=\"243\" height=\"300\" src=\"https:\/\/produncan.cl\/wp-content\/uploads\/2025\/07\/Giovanni-Alarcon-Produncan-243x300.webp\" class=\"attachment-medium size-medium wp-image-43628\" alt=\"\" srcset=\"https:\/\/produncan.cl\/wp-content\/uploads\/2025\/07\/Giovanni-Alarcon-Produncan-243x300.webp 243w, https:\/\/produncan.cl\/wp-content\/uploads\/2025\/07\/Giovanni-Alarcon-Produncan.webp 281w\" sizes=\"(max-width: 243px) 100vw, 243px\" \/>\t\t\t\t\t\t\t\t<\/a>\n\t\t\t\t\t\t\t\t\t\t\t\t\t\t\t<\/div>\n\t\t<div class=\"elementor-element elementor-element-7d3a814 e-con-full e-flex e-con e-child\" data-id=\"7d3a814\" data-element_type=\"container\" data-e-type=\"container\" data-settings=\"{&quot;jet_parallax_layout_list&quot;:[]}\">\n\t\t\t\t<div class=\"elementor-element elementor-element-83e8ea7 elementor-widget elementor-widget-heading\" data-id=\"83e8ea7\" data-element_type=\"widget\" data-e-type=\"widget\" data-widget_type=\"heading.default\">\n\t\t\t\t\t<p class=\"elementor-heading-title elementor-size-default\"><a href=\"#elementor-action%3Aaction%3Dpopup%3Aopen%26settings%3DeyJpZCI6MzI1NjIsInRvZ2dsZSI6ZmFsc2V9\">Giovanni Alexander Alarc\u00f3n K\u00f6nig<\/a><\/p>\t\t\t\t<\/div>\n\t\t\t\t<div class=\"elementor-element elementor-element-9f4590c elementor-widget__width-initial elementor-widget elementor-widget-text-editor\" data-id=\"9f4590c\" data-element_type=\"widget\" data-e-type=\"widget\" data-widget_type=\"text-editor.default\">\n\t\t\t\t\t\t\t\t\t<p><em>Informatique et marketing<\/em><\/p>\t\t\t\t\t\t\t\t<\/div>\n\t\t\t\t<\/div>\n\t\t\t\t<\/div>\n\t\t<div class=\"elementor-element elementor-element-425e97c e-con-full e-flex e-con e-child\" data-id=\"425e97c\" data-element_type=\"container\" data-e-type=\"container\" data-settings=\"{&quot;jet_parallax_layout_list&quot;:[]}\">\n\t\t\t\t<div class=\"elementor-element elementor-element-c9d092c elementor-widget__width-initial elementor-widget-mobile__width-initial elementor-widget elementor-widget-image\" data-id=\"c9d092c\" data-element_type=\"widget\" data-e-type=\"widget\" data-widget_type=\"image.default\">\n\t\t\t\t\t\t\t\t\t\t\t\t\t\t\t\t<a href=\"#elementor-action%3Aaction%3Dpopup%3Aopen%26settings%3DeyJpZCI6MzI1NzYsInRvZ2dsZSI6ZmFsc2V9\">\n\t\t\t\t\t\t\t<img decoding=\"async\" width=\"243\" height=\"300\" src=\"https:\/\/produncan.cl\/wp-content\/uploads\/2021\/03\/Imagen3-243x300.png\" class=\"attachment-medium size-medium wp-image-3629\" alt=\"\" srcset=\"https:\/\/produncan.cl\/wp-content\/uploads\/2021\/03\/Imagen3-243x300.png 243w, https:\/\/produncan.cl\/wp-content\/uploads\/2021\/03\/Imagen3.png 281w\" sizes=\"(max-width: 243px) 100vw, 243px\" \/>\t\t\t\t\t\t\t\t<\/a>\n\t\t\t\t\t\t\t\t\t\t\t\t\t\t\t<\/div>\n\t\t<div class=\"elementor-element elementor-element-f92b297 e-con-full e-flex e-con e-child\" data-id=\"f92b297\" data-element_type=\"container\" data-e-type=\"container\" data-settings=\"{&quot;jet_parallax_layout_list&quot;:[]}\">\n\t\t\t\t<div class=\"elementor-element elementor-element-fed7c00 elementor-widget elementor-widget-heading\" data-id=\"fed7c00\" data-element_type=\"widget\" data-e-type=\"widget\" data-widget_type=\"heading.default\">\n\t\t\t\t\t<p class=\"elementor-heading-title elementor-size-default\"><a href=\"#elementor-action%3Aaction%3Dpopup%3Aopen%26settings%3DeyJpZCI6MzI1NzYsInRvZ2dsZSI6ZmFsc2V9\">Juan Francisco Muzard Duncan<\/a><\/p>\t\t\t\t<\/div>\n\t\t\t\t<div class=\"elementor-element elementor-element-679af6c elementor-widget__width-initial elementor-widget elementor-widget-text-editor\" data-id=\"679af6c\" data-element_type=\"widget\" data-e-type=\"widget\" data-widget_type=\"text-editor.default\">\n\t\t\t\t\t\t\t\t\t<p><em>Fondateur et directeur g\u00e9n\u00e9ral<\/em><\/p>\t\t\t\t\t\t\t\t<\/div>\n\t\t\t\t<\/div>\n\t\t\t\t<\/div>\n\t\t\t\t\t<\/div>\n\t\t\t\t<\/div>\n\t\t<div class=\"elementor-element elementor-element-f89ddb1 e-flex e-con-boxed e-con e-parent\" data-id=\"f89ddb1\" data-element_type=\"container\" data-e-type=\"container\" data-settings=\"{&quot;jet_parallax_layout_list&quot;:[]}\">\n\t\t\t\t\t<div class=\"e-con-inner\">\n\t\t<div class=\"elementor-element elementor-element-1c39480 e-con-full e-flex e-con e-child\" data-id=\"1c39480\" data-element_type=\"container\" data-e-type=\"container\" data-settings=\"{&quot;jet_parallax_layout_list&quot;:[]}\">\n\t\t\t\t<div class=\"elementor-element elementor-element-5420676 elementor-widget__width-initial elementor-widget elementor-widget-heading\" data-id=\"5420676\" data-element_type=\"widget\" data-e-type=\"widget\" data-widget_type=\"heading.default\">\n\t\t\t\t\t<h3 class=\"elementor-heading-title elementor-size-default\">Ce qui nous diff\u00e9rencie<\/h3>\t\t\t\t<\/div>\n\t\t\t\t<\/div>\n\t\t\t\t\t<\/div>\n\t\t\t\t<\/div>\n\t\t<div class=\"elementor-element elementor-element-f53deed e-flex e-con-boxed e-con e-parent\" data-id=\"f53deed\" data-element_type=\"container\" data-e-type=\"container\" data-settings=\"{&quot;jet_parallax_layout_list&quot;:[]}\">\n\t\t\t\t\t<div class=\"e-con-inner\">\n\t\t<div class=\"elementor-element elementor-element-f31bf3e e-con-full e-flex e-con e-child\" data-id=\"f31bf3e\" data-element_type=\"container\" data-e-type=\"container\" data-settings=\"{&quot;jet_parallax_layout_list&quot;:[]}\">\n\t\t\t\t<div class=\"elementor-element elementor-element-9a171da elementor-widget elementor-widget-text-editor\" data-id=\"9a171da\" data-element_type=\"widget\" data-e-type=\"widget\" data-widget_type=\"text-editor.default\">\n\t\t\t\t\t\t\t\t\t<p>Chez Produncan Lands, nous avons un objectif clair : \u00eatre une source d&#8217;inspiration et de confiance dans la vente de terrains, de parcelles, de champs et de maisons dans le sud du Chili et en Patagonie. Nous sommes anim\u00e9s par un profond attachement \u00e0 la terre et aux gens. Nous croyons au d\u00e9veloppement durable, \u00e0 la valeur de la conservation et de l&#8217;occupation de la terre avec respect, et \u00e0 la cr\u00e9ation d&#8217;exp\u00e9riences d&#8217;investissement s\u00fbres, transparentes et tourn\u00e9es vers l&#8217;avenir. Gr\u00e2ce \u00e0 notre innovation en mati\u00e8re de marketing immobilier, \u00e0 notre pr\u00e9sence multicanal et \u00e0 notre approche personnalis\u00e9e, nous construisons une marque qui inspire une nouvelle fa\u00e7on de se rapprocher de la terre et transforme la fa\u00e7on dont les gens ach\u00e8tent et vendent au Chili.<br>   <\/p><p>Produncan Lands ne se contente pas de vendre des propri\u00e9t\u00e9s. Nous cr\u00e9ons des opportunit\u00e9s de vivre, de conserver et d&#8217;investir dans l&#8217;un des endroits les plus extraordinaires de la plan\u00e8te : <strong>\n  <a href=\"https:\/\/produncan.cl\/fr\/patagonie-chilienne\/\" target=\"_blank\" rel=\"noopener\">\n    <span style=\"color: #ff0000;\">la Patagonie chilienne.<\/span>\n  <\/a>\n<\/strong> <\/p>\t\t\t\t\t\t\t\t<\/div>\n\t\t\t\t<\/div>\n\t\t\t\t<div class=\"elementor-element elementor-element-821be29 elementor-widget elementor-widget-spacer\" data-id=\"821be29\" data-element_type=\"widget\" data-e-type=\"widget\" data-widget_type=\"spacer.default\">\n\t\t\t\t\t\t\t<div class=\"elementor-spacer\">\n\t\t\t<div class=\"elementor-spacer-inner\"><\/div>\n\t\t<\/div>\n\t\t\t\t\t\t<\/div>\n\t\t\t\t\t<\/div>\n\t\t\t\t<\/div>\n\t\t\t\t<\/div>\n\t\t","protected":false},"excerpt":{"rendered":"<p>Retour au d\u00e9but Nous sommes une agence de courtage immobilier sp\u00e9cialis\u00e9e dans la Patagonie qui propose des opportunit\u00e9s r\u00e9sidentielles, des terrains et des champs aux particuliers et aux investisseurs dans tout le Chili. En collaboration avec nos cadres et associ\u00e9s dans les diff\u00e9rentes r\u00e9gions du pays, nous fournissons un excellent service. L&#8217;\u00e9thique, le service personnalis\u00e9, [&hellip;]<\/p>\n","protected":false},"author":1,"featured_media":3617,"parent":0,"menu_order":9,"comment_status":"closed","ping_status":"closed","template":"elementor_header_footer","meta":{"_acf_changed":false,"footnotes":""},"class_list":["post-7389","page","type-page","status-publish","has-post-thumbnail","hentry"],"acf":[],"yoast_head":"<!-- This site is optimized with the Yoast SEO Premium plugin v26.0 (Yoast SEO v27.3) - https:\/\/yoast.com\/product\/yoast-seo-premium-wordpress\/ -->\n<title>Qui sommes-nous ? - En savoir plus sur nous - Produncan<\/title>\n<meta name=\"description\" content=\"Nous proposons des opportunit\u00e9s r\u00e9sidentielles, des parcelles, des terrains et des champs aux particuliers et aux investisseurs au Chili et en Patagonie.\" \/>\n<meta name=\"robots\" content=\"index, follow, max-snippet:-1, max-image-preview:large, max-video-preview:-1\" \/>\n<link rel=\"canonical\" href=\"https:\/\/produncan.cl\/fr\/qui-sommes-nous\/\" \/>\n<meta property=\"og:locale\" content=\"fr_FR\" \/>\n<meta property=\"og:type\" content=\"article\" \/>\n<meta property=\"og:title\" content=\"Qui sommes-nous ?\" \/>\n<meta property=\"og:description\" content=\"Nous proposons des opportunit\u00e9s r\u00e9sidentielles, des parcelles, des terrains et des champs aux particuliers et aux investisseurs au Chili et en Patagonie.\" \/>\n<meta property=\"og:url\" content=\"https:\/\/produncan.cl\/fr\/qui-sommes-nous\/\" \/>\n<meta property=\"og:site_name\" content=\"Produncan\" \/>\n<meta property=\"article:publisher\" content=\"https:\/\/web.facebook.com\/produncanland\" \/>\n<meta property=\"article:modified_time\" content=\"2025-10-09T12:29:48+00:00\" \/>\n<meta property=\"og:image\" content=\"https:\/\/produncan.cl\/wp-content\/uploads\/2021\/03\/cropped-Icono-512p.jpg\" \/>\n\t<meta property=\"og:image:width\" content=\"512\" \/>\n\t<meta property=\"og:image:height\" content=\"512\" \/>\n\t<meta property=\"og:image:type\" content=\"image\/jpeg\" \/>\n<meta name=\"twitter:card\" content=\"summary_large_image\" \/>\n<meta name=\"twitter:label1\" content=\"Est. reading time\" \/>\n\t<meta name=\"twitter:data1\" content=\"1 minute\" \/>\n<script type=\"application\/ld+json\" class=\"yoast-schema-graph\">{\"@context\":\"https:\\\/\\\/schema.org\",\"@graph\":[{\"@type\":[\"Article\",\"BlogPosting\"],\"@id\":\"https:\\\/\\\/produncan.cl\\\/fr\\\/qui-sommes-nous\\\/#article\",\"isPartOf\":{\"@id\":\"https:\\\/\\\/produncan.cl\\\/fr\\\/qui-sommes-nous\\\/\"},\"author\":{\"name\":\"Giovanni Alarc\u00f3n\",\"@id\":\"https:\\\/\\\/produncan.cl\\\/fr\\\/#\\\/schema\\\/person\\\/3224dc0b09a83a61e116e35b282c8744\"},\"headline\":\"Qui sommes-nous ?\",\"datePublished\":\"2021-10-20T01:40:00+00:00\",\"dateModified\":\"2025-10-09T12:29:48+00:00\",\"mainEntityOfPage\":{\"@id\":\"https:\\\/\\\/produncan.cl\\\/fr\\\/qui-sommes-nous\\\/\"},\"wordCount\":278,\"publisher\":{\"@id\":\"https:\\\/\\\/produncan.cl\\\/fr\\\/#organization\"},\"image\":{\"@id\":\"https:\\\/\\\/produncan.cl\\\/fr\\\/qui-sommes-nous\\\/#primaryimage\"},\"thumbnailUrl\":\"https:\\\/\\\/produncan.cl\\\/wp-content\\\/uploads\\\/2021\\\/03\\\/cropped-Icono-512p.jpg\",\"inLanguage\":\"fr-FR\"},{\"@type\":\"WebPage\",\"@id\":\"https:\\\/\\\/produncan.cl\\\/fr\\\/qui-sommes-nous\\\/\",\"url\":\"https:\\\/\\\/produncan.cl\\\/fr\\\/qui-sommes-nous\\\/\",\"name\":\"Qui sommes-nous ? - En savoir plus sur nous - Produncan\",\"isPartOf\":{\"@id\":\"https:\\\/\\\/produncan.cl\\\/fr\\\/#website\"},\"primaryImageOfPage\":{\"@id\":\"https:\\\/\\\/produncan.cl\\\/fr\\\/qui-sommes-nous\\\/#primaryimage\"},\"image\":{\"@id\":\"https:\\\/\\\/produncan.cl\\\/fr\\\/qui-sommes-nous\\\/#primaryimage\"},\"thumbnailUrl\":\"https:\\\/\\\/produncan.cl\\\/wp-content\\\/uploads\\\/2021\\\/03\\\/cropped-Icono-512p.jpg\",\"datePublished\":\"2021-10-20T01:40:00+00:00\",\"dateModified\":\"2025-10-09T12:29:48+00:00\",\"description\":\"Nous proposons des opportunit\u00e9s r\u00e9sidentielles, des parcelles, des terrains et des champs aux particuliers et aux investisseurs au Chili et en Patagonie.\",\"breadcrumb\":{\"@id\":\"https:\\\/\\\/produncan.cl\\\/fr\\\/qui-sommes-nous\\\/#breadcrumb\"},\"inLanguage\":\"fr-FR\",\"potentialAction\":[{\"@type\":\"ReadAction\",\"target\":[\"https:\\\/\\\/produncan.cl\\\/fr\\\/qui-sommes-nous\\\/\"]}]},{\"@type\":\"ImageObject\",\"inLanguage\":\"fr-FR\",\"@id\":\"https:\\\/\\\/produncan.cl\\\/fr\\\/qui-sommes-nous\\\/#primaryimage\",\"url\":\"https:\\\/\\\/produncan.cl\\\/wp-content\\\/uploads\\\/2021\\\/03\\\/cropped-Icono-512p.jpg\",\"contentUrl\":\"https:\\\/\\\/produncan.cl\\\/wp-content\\\/uploads\\\/2021\\\/03\\\/cropped-Icono-512p.jpg\",\"width\":512,\"height\":512},{\"@type\":\"BreadcrumbList\",\"@id\":\"https:\\\/\\\/produncan.cl\\\/fr\\\/qui-sommes-nous\\\/#breadcrumb\",\"itemListElement\":[{\"@type\":\"ListItem\",\"position\":1,\"name\":\"Inicio\",\"item\":\"https:\\\/\\\/produncan.cl\\\/fr\\\/\"},{\"@type\":\"ListItem\",\"position\":2,\"name\":\"Qui sommes-nous ?\"}]},{\"@type\":\"WebSite\",\"@id\":\"https:\\\/\\\/produncan.cl\\\/fr\\\/#website\",\"url\":\"https:\\\/\\\/produncan.cl\\\/fr\\\/\",\"name\":\"Produncan\",\"description\":\"Nous vous accompagnons dans votre projet de vie !\",\"publisher\":{\"@id\":\"https:\\\/\\\/produncan.cl\\\/fr\\\/#organization\"},\"potentialAction\":[{\"@type\":\"SearchAction\",\"target\":{\"@type\":\"EntryPoint\",\"urlTemplate\":\"https:\\\/\\\/produncan.cl\\\/fr\\\/?s={search_term_string}\"},\"query-input\":{\"@type\":\"PropertyValueSpecification\",\"valueRequired\":true,\"valueName\":\"search_term_string\"}}],\"inLanguage\":\"fr-FR\"},{\"@type\":\"Organization\",\"@id\":\"https:\\\/\\\/produncan.cl\\\/fr\\\/#organization\",\"name\":\"Produncan\",\"url\":\"https:\\\/\\\/produncan.cl\\\/fr\\\/\",\"logo\":{\"@type\":\"ImageObject\",\"inLanguage\":\"fr-FR\",\"@id\":\"https:\\\/\\\/produncan.cl\\\/fr\\\/#\\\/schema\\\/logo\\\/image\\\/\",\"url\":\"https:\\\/\\\/produncan.cl\\\/wp-content\\\/uploads\\\/2021\\\/03\\\/LOGO.jpeg\",\"contentUrl\":\"https:\\\/\\\/produncan.cl\\\/wp-content\\\/uploads\\\/2021\\\/03\\\/LOGO.jpeg\",\"width\":1280,\"height\":903,\"caption\":\"Produncan\"},\"image\":{\"@id\":\"https:\\\/\\\/produncan.cl\\\/fr\\\/#\\\/schema\\\/logo\\\/image\\\/\"},\"sameAs\":[\"https:\\\/\\\/web.facebook.com\\\/produncanland\",\"https:\\\/\\\/www.instagram.com\\\/pro_duncan\\\/\",\"https:\\\/\\\/www.linkedin.com\\\/company\\\/produncan-lands\\\/\",\"https:\\\/\\\/www.youtube.com\\\/channel\\\/UCu7N-f3x0svkazD-Eew1-QQ\"],\"description\":\"En Produncan somos especialistas en la venta de terrenos en el sur de Chile. Proveemos estancias, campos, parcelas y hoteles.\",\"email\":\"info@produncan.cl\"},{\"@type\":\"Person\",\"@id\":\"https:\\\/\\\/produncan.cl\\\/fr\\\/#\\\/schema\\\/person\\\/3224dc0b09a83a61e116e35b282c8744\",\"name\":\"Giovanni Alarc\u00f3n\",\"image\":{\"@type\":\"ImageObject\",\"inLanguage\":\"fr-FR\",\"@id\":\"https:\\\/\\\/secure.gravatar.com\\\/avatar\\\/64c465439fe8f4eee2cf6200c349a39727bdd86c547e989e30b1edae44dac264?s=96&d=mm&r=g\",\"url\":\"https:\\\/\\\/secure.gravatar.com\\\/avatar\\\/64c465439fe8f4eee2cf6200c349a39727bdd86c547e989e30b1edae44dac264?s=96&d=mm&r=g\",\"contentUrl\":\"https:\\\/\\\/secure.gravatar.com\\\/avatar\\\/64c465439fe8f4eee2cf6200c349a39727bdd86c547e989e30b1edae44dac264?s=96&d=mm&r=g\",\"caption\":\"Giovanni Alarc\u00f3n\"},\"sameAs\":[\"https:\\\/\\\/produncan.cl\"]}]}<\/script>\n<!-- \/ Yoast SEO Premium plugin. -->","yoast_head_json":{"title":"Qui sommes-nous ? - En savoir plus sur nous - Produncan","description":"Nous proposons des opportunit\u00e9s r\u00e9sidentielles, des parcelles, des terrains et des champs aux particuliers et aux investisseurs au Chili et en Patagonie.","robots":{"index":"index","follow":"follow","max-snippet":"max-snippet:-1","max-image-preview":"max-image-preview:large","max-video-preview":"max-video-preview:-1"},"canonical":"https:\/\/produncan.cl\/fr\/qui-sommes-nous\/","og_locale":"fr_FR","og_type":"article","og_title":"Qui sommes-nous ?","og_description":"Nous proposons des opportunit\u00e9s r\u00e9sidentielles, des parcelles, des terrains et des champs aux particuliers et aux investisseurs au Chili et en Patagonie.","og_url":"https:\/\/produncan.cl\/fr\/qui-sommes-nous\/","og_site_name":"Produncan","article_publisher":"https:\/\/web.facebook.com\/produncanland","article_modified_time":"2025-10-09T12:29:48+00:00","og_image":[{"width":512,"height":512,"url":"https:\/\/produncan.cl\/wp-content\/uploads\/2021\/03\/cropped-Icono-512p.jpg","type":"image\/jpeg"}],"twitter_card":"summary_large_image","twitter_misc":{"Est. reading time":"1 minute"},"schema":{"@context":"https:\/\/schema.org","@graph":[{"@type":["Article","BlogPosting"],"@id":"https:\/\/produncan.cl\/fr\/qui-sommes-nous\/#article","isPartOf":{"@id":"https:\/\/produncan.cl\/fr\/qui-sommes-nous\/"},"author":{"name":"Giovanni Alarc\u00f3n","@id":"https:\/\/produncan.cl\/fr\/#\/schema\/person\/3224dc0b09a83a61e116e35b282c8744"},"headline":"Qui sommes-nous ?","datePublished":"2021-10-20T01:40:00+00:00","dateModified":"2025-10-09T12:29:48+00:00","mainEntityOfPage":{"@id":"https:\/\/produncan.cl\/fr\/qui-sommes-nous\/"},"wordCount":278,"publisher":{"@id":"https:\/\/produncan.cl\/fr\/#organization"},"image":{"@id":"https:\/\/produncan.cl\/fr\/qui-sommes-nous\/#primaryimage"},"thumbnailUrl":"https:\/\/produncan.cl\/wp-content\/uploads\/2021\/03\/cropped-Icono-512p.jpg","inLanguage":"fr-FR"},{"@type":"WebPage","@id":"https:\/\/produncan.cl\/fr\/qui-sommes-nous\/","url":"https:\/\/produncan.cl\/fr\/qui-sommes-nous\/","name":"Qui sommes-nous ? - En savoir plus sur nous - Produncan","isPartOf":{"@id":"https:\/\/produncan.cl\/fr\/#website"},"primaryImageOfPage":{"@id":"https:\/\/produncan.cl\/fr\/qui-sommes-nous\/#primaryimage"},"image":{"@id":"https:\/\/produncan.cl\/fr\/qui-sommes-nous\/#primaryimage"},"thumbnailUrl":"https:\/\/produncan.cl\/wp-content\/uploads\/2021\/03\/cropped-Icono-512p.jpg","datePublished":"2021-10-20T01:40:00+00:00","dateModified":"2025-10-09T12:29:48+00:00","description":"Nous proposons des opportunit\u00e9s r\u00e9sidentielles, des parcelles, des terrains et des champs aux particuliers et aux investisseurs au Chili et en Patagonie.","breadcrumb":{"@id":"https:\/\/produncan.cl\/fr\/qui-sommes-nous\/#breadcrumb"},"inLanguage":"fr-FR","potentialAction":[{"@type":"ReadAction","target":["https:\/\/produncan.cl\/fr\/qui-sommes-nous\/"]}]},{"@type":"ImageObject","inLanguage":"fr-FR","@id":"https:\/\/produncan.cl\/fr\/qui-sommes-nous\/#primaryimage","url":"https:\/\/produncan.cl\/wp-content\/uploads\/2021\/03\/cropped-Icono-512p.jpg","contentUrl":"https:\/\/produncan.cl\/wp-content\/uploads\/2021\/03\/cropped-Icono-512p.jpg","width":512,"height":512},{"@type":"BreadcrumbList","@id":"https:\/\/produncan.cl\/fr\/qui-sommes-nous\/#breadcrumb","itemListElement":[{"@type":"ListItem","position":1,"name":"Inicio","item":"https:\/\/produncan.cl\/fr\/"},{"@type":"ListItem","position":2,"name":"Qui sommes-nous ?"}]},{"@type":"WebSite","@id":"https:\/\/produncan.cl\/fr\/#website","url":"https:\/\/produncan.cl\/fr\/","name":"Produncan","description":"Nous vous accompagnons dans votre projet de vie !","publisher":{"@id":"https:\/\/produncan.cl\/fr\/#organization"},"potentialAction":[{"@type":"SearchAction","target":{"@type":"EntryPoint","urlTemplate":"https:\/\/produncan.cl\/fr\/?s={search_term_string}"},"query-input":{"@type":"PropertyValueSpecification","valueRequired":true,"valueName":"search_term_string"}}],"inLanguage":"fr-FR"},{"@type":"Organization","@id":"https:\/\/produncan.cl\/fr\/#organization","name":"Produncan","url":"https:\/\/produncan.cl\/fr\/","logo":{"@type":"ImageObject","inLanguage":"fr-FR","@id":"https:\/\/produncan.cl\/fr\/#\/schema\/logo\/image\/","url":"https:\/\/produncan.cl\/wp-content\/uploads\/2021\/03\/LOGO.jpeg","contentUrl":"https:\/\/produncan.cl\/wp-content\/uploads\/2021\/03\/LOGO.jpeg","width":1280,"height":903,"caption":"Produncan"},"image":{"@id":"https:\/\/produncan.cl\/fr\/#\/schema\/logo\/image\/"},"sameAs":["https:\/\/web.facebook.com\/produncanland","https:\/\/www.instagram.com\/pro_duncan\/","https:\/\/www.linkedin.com\/company\/produncan-lands\/","https:\/\/www.youtube.com\/channel\/UCu7N-f3x0svkazD-Eew1-QQ"],"description":"En Produncan somos especialistas en la venta de terrenos en el sur de Chile. Proveemos estancias, campos, parcelas y hoteles.","email":"info@produncan.cl"},{"@type":"Person","@id":"https:\/\/produncan.cl\/fr\/#\/schema\/person\/3224dc0b09a83a61e116e35b282c8744","name":"Giovanni Alarc\u00f3n","image":{"@type":"ImageObject","inLanguage":"fr-FR","@id":"https:\/\/secure.gravatar.com\/avatar\/64c465439fe8f4eee2cf6200c349a39727bdd86c547e989e30b1edae44dac264?s=96&d=mm&r=g","url":"https:\/\/secure.gravatar.com\/avatar\/64c465439fe8f4eee2cf6200c349a39727bdd86c547e989e30b1edae44dac264?s=96&d=mm&r=g","contentUrl":"https:\/\/secure.gravatar.com\/avatar\/64c465439fe8f4eee2cf6200c349a39727bdd86c547e989e30b1edae44dac264?s=96&d=mm&r=g","caption":"Giovanni Alarc\u00f3n"},"sameAs":["https:\/\/produncan.cl"]}]}},"_links":{"self":[{"href":"https:\/\/produncan.cl\/fr\/wp-json\/wp\/v2\/pages\/7389","targetHints":{"allow":["GET"]}}],"collection":[{"href":"https:\/\/produncan.cl\/fr\/wp-json\/wp\/v2\/pages"}],"about":[{"href":"https:\/\/produncan.cl\/fr\/wp-json\/wp\/v2\/types\/page"}],"author":[{"embeddable":true,"href":"https:\/\/produncan.cl\/fr\/wp-json\/wp\/v2\/users\/1"}],"replies":[{"embeddable":true,"href":"https:\/\/produncan.cl\/fr\/wp-json\/wp\/v2\/comments?post=7389"}],"version-history":[{"count":1,"href":"https:\/\/produncan.cl\/fr\/wp-json\/wp\/v2\/pages\/7389\/revisions"}],"predecessor-version":[{"id":51100,"href":"https:\/\/produncan.cl\/fr\/wp-json\/wp\/v2\/pages\/7389\/revisions\/51100"}],"wp:featuredmedia":[{"embeddable":true,"href":"https:\/\/produncan.cl\/fr\/wp-json\/wp\/v2\/media\/3617"}],"wp:attachment":[{"href":"https:\/\/produncan.cl\/fr\/wp-json\/wp\/v2\/media?parent=7389"}],"curies":[{"name":"wp","href":"https:\/\/api.w.org\/{rel}","templated":true}]}}