{"id":10028,"date":"2023-09-20T17:54:44","date_gmt":"2023-09-20T20:54:44","guid":{"rendered":"https:\/\/produncan.cl\/producto\/projet-rio-condor-route-de-la-peche-puerto-aysen\/"},"modified":"2025-12-26T17:19:54","modified_gmt":"2025-12-26T20:19:54","slug":"projet-rio-condor-route-de-la-peche-puerto-aysen","status":"publish","type":"product","link":"https:\/\/produncan.cl\/fr\/produit\/projet-rio-condor-route-de-la-peche-puerto-aysen\/","title":{"rendered":"Projet Aguas de la Patagonia &#8211; R\u00edo C\u00f3ndor &#8211; Ruta de la Pesca, Puerto Ays\u00e9n"},"content":{"rendered":"\t\t<div data-elementor-type=\"product-post\" data-elementor-id=\"10028\" class=\"elementor elementor-10028 elementor-9528\" data-elementor-post-type=\"product\">\n\t\t\t\t<div class=\"elementor-element elementor-element-925e2d1 e-flex e-con-boxed e-con e-parent\" data-id=\"925e2d1\" data-element_type=\"container\" data-e-type=\"container\" data-settings=\"{&quot;jet_parallax_layout_list&quot;:[]}\">\n\t\t\t\t\t<div class=\"e-con-inner\">\n\t\t\t\t<div class=\"elementor-element elementor-element-d1298b8 elementor-widget elementor-widget-heading\" data-id=\"d1298b8\" data-element_type=\"widget\" data-e-type=\"widget\" data-widget_type=\"heading.default\">\n\t\t\t\t\t<h2 class=\"elementor-heading-title elementor-size-default\">Projet consolid\u00e9 pr\u00e8s de Puerto Ays\u00e9n<\/h2>\t\t\t\t<\/div>\n\t\t\t\t\t<\/div>\n\t\t\t\t<\/div>\n\t\t<div class=\"elementor-element elementor-element-e505c5d e-flex e-con-boxed e-con e-parent\" data-id=\"e505c5d\" data-element_type=\"container\" data-e-type=\"container\" data-settings=\"{&quot;jet_parallax_layout_list&quot;:[]}\">\n\t\t\t\t\t<div class=\"e-con-inner\">\n\t\t\t\t<div class=\"elementor-element elementor-element-4d149b1 elementor-widget elementor-widget-text-editor\" data-id=\"4d149b1\" data-element_type=\"widget\" data-e-type=\"widget\" data-widget_type=\"text-editor.default\">\n\t\t\t\t\t\t\t\t\t<p>A Produncan nous vous offrons cette excellente opportunit\u00e9 d&#8217;acqu\u00e9rir un lot dans un projet consolid\u00e9, avec route, r\u00f4les et 45kms au sud de Puerto Aysen, sur la Route des P\u00eaches bien connue.<\/p>\n<p><span style=\"color: var( --e-global-color-text ); font-family: var( --e-global-typography-text-font-family ), Sans-serif; font-weight: var( --e-global-typography-text-font-weight ); text-align: var(--text-align);\">Le projet est situ\u00e9 dans une vall\u00e9e avec des affluents et une grande rivi\u00e8re d&#8217;origine glaciaire (Valle del R\u00edo C\u00f3ndor), qui garantit l&#8217;approvisionnement en eau depuis plusieurs si\u00e8cles.<\/span><\/p>\n<p><span style=\"color: var( --e-global-color-text ); font-family: var( --e-global-typography-text-font-family ), Sans-serif; font-weight: var( --e-global-typography-text-font-weight ); text-align: var(--text-align);\">La g\u00e9ographie du projet est sympathique, 70% de terrain plat et 30% de terrain en pente, ce qui donne de belles vues sur la vall\u00e9e et les glaciers.<\/span><\/p>\n<p><span style=\"color: var( --e-global-color-text ); font-family: var( --e-global-typography-text-font-family ), Sans-serif; font-weight: var( --e-global-typography-text-font-weight ); text-align: var(--text-align);\">Parmi les attractions \u00e0 proximit\u00e9, citons le glacier &#8220;El Condor&#8221;, un joyau peu connu avec 5 lacs sur ses pentes, dont le sommet se trouve \u00e0 seulement 4 km du projet. Sans doute le futur grand attrait du secteur.<\/span><\/p>\n<p><span style=\"color: var( --e-global-color-text ); font-family: var( --e-global-typography-text-font-family ), Sans-serif; font-weight: var( --e-global-typography-text-font-weight ); text-align: var(--text-align);\">\u00c0 environ 10 km du projet, la route de la p\u00eache est un circuit de p\u00eache international compos\u00e9 de plusieurs lacs et rivi\u00e8res qui traversent des vall\u00e9es et des montagnes luxuriantes jusqu&#8217;\u00e0 Coyhaique, une ville situ\u00e9e \u00e0 1h45 du projet.<\/span><\/p>\n<p><span style=\"color: var( --e-global-color-text ); font-family: var( --e-global-typography-text-font-family ), Sans-serif; font-weight: var( --e-global-typography-text-font-weight ); text-align: var(--text-align);\">Il y a aussi Puerto Chacabuco \u00e0 57 km, o\u00f9 vous trouverez le prestigieux h\u00f4tel Lober\u00edas del Sur, avec des normes de qualit\u00e9 internationales \u00e9lev\u00e9es.<\/span><\/p>\n<p><span style=\"color: var( --e-global-color-text ); font-family: var( --e-global-typography-text-font-family ), Sans-serif; font-weight: var( --e-global-typography-text-font-weight ); text-align: var(--text-align);\">Les prix varient entre 18 000 000 $ x 2,5 hectares. Plusieurs lots jouxtent la rivi\u00e8re et les ruisseaux.<\/span><\/p>\n<p><span style=\"color: var( --e-global-color-text ); font-family: var( --e-global-typography-text-font-family ), Sans-serif; font-weight: var( --e-global-typography-text-font-weight ); text-align: var(--text-align);\">Vous pouvez nous demander le plan directeur pour v\u00e9rifier l&#8217;emplacement et ses caract\u00e9ristiques.<\/span><\/p>\n<p><span style=\"color: var( --e-global-color-text ); font-family: var( --e-global-typography-text-font-family ), Sans-serif; font-weight: var( --e-global-typography-text-font-weight ); text-align: var(--text-align);\">Il ne reste que quelques lots, profitez-en et obtenez le v\u00f4tre d\u00e8s maintenant !<\/span><\/p>\n\t\t\t\t\t\t\t\t<\/div>\n\t\t\t\t\t<\/div>\n\t\t\t\t<\/div>\n\t\t\t\t<\/div>\n\t\t","protected":false},"excerpt":{"rendered":"<p>Terrains \u00e0 Ays\u00e9n, \u00e0 45 minutes au sud de Puerto Ays\u00e9n, Ruta de la Pesca. Terrains disponibles vendus par les propri\u00e9taires. Superficies de 1 \u00e0 6 hectares. Terrains avec rivi\u00e8re, acc\u00e8s au glacier C\u00f3ndor. Soci\u00e9t\u00e9 en activit\u00e9.    <\/p>\n","protected":false},"featured_media":9664,"template":"","meta":{"_acf_changed":false},"product_brand":[],"product_cat":[129],"product_tag":[236],"regiones":[225],"ciudades":[448],"class_list":{"0":"post-10028","1":"product","2":"type-product","3":"status-publish","4":"has-post-thumbnail","6":"product_cat-aysen-magallanes-fr","7":"product_tag-parcelles","8":"regiones-aysen-magallanes","9":"ciudades-puerto-aysen","11":"first","12":"instock","13":"shipping-taxable","14":"purchasable","15":"product-type-simple"},"acf":[],"yoast_head":"<!-- This site is optimized with the Yoast SEO Premium plugin v26.0 (Yoast SEO v27.3) - https:\/\/yoast.com\/product\/yoast-seo-premium-wordpress\/ -->\n<title>Projet Aguas de la Patagonia - Rivi\u00e8re Condor - Produncan<\/title>\n<meta name=\"description\" content=\"Projet Aguas de la Patagonia : une opportunit\u00e9 d&#039;investissement unique sur les rives du fleuve Condor dans la r\u00e9gion d&#039;Aysen. Lots \u00e0 partir de 2,5 hectares.\" \/>\n<meta name=\"robots\" content=\"index, follow, max-snippet:-1, max-image-preview:large, max-video-preview:-1\" \/>\n<link rel=\"canonical\" href=\"https:\/\/produncan.cl\/fr\/produit\/projet-rio-condor-route-de-la-peche-puerto-aysen\/\" \/>\n<meta property=\"og:locale\" content=\"fr_FR\" \/>\n<meta property=\"og:type\" content=\"article\" \/>\n<meta property=\"og:title\" content=\"Projet Aguas de la Patagonia - R\u00edo C\u00f3ndor - Ruta de la Pesca, Puerto Ays\u00e9n\" \/>\n<meta property=\"og:description\" content=\"Projet Aguas de la Patagonia : une opportunit\u00e9 d&#039;investissement unique sur les rives du fleuve Condor dans la r\u00e9gion d&#039;Aysen. Lots \u00e0 partir de 2,5 hectares.\" \/>\n<meta property=\"og:url\" content=\"https:\/\/produncan.cl\/fr\/produit\/projet-rio-condor-route-de-la-peche-puerto-aysen\/\" \/>\n<meta property=\"og:site_name\" content=\"Produncan\" \/>\n<meta property=\"article:publisher\" content=\"https:\/\/web.facebook.com\/produncanland\" \/>\n<meta property=\"article:modified_time\" content=\"2025-12-26T20:19:54+00:00\" \/>\n<meta property=\"og:image\" content=\"https:\/\/produncan.cl\/wp-content\/uploads\/2022\/12\/Portada-Rio-Condor.webp\" \/>\n\t<meta property=\"og:image:width\" content=\"600\" \/>\n\t<meta property=\"og:image:height\" content=\"450\" \/>\n\t<meta property=\"og:image:type\" content=\"image\/webp\" \/>\n<meta name=\"twitter:card\" content=\"summary_large_image\" \/>\n<meta name=\"twitter:label1\" content=\"Price\" \/>\n\t<meta name=\"twitter:data1\" content=\"USD19.600,00\" \/>\n\t<meta name=\"twitter:label2\" content=\"Availability\" \/>\n\t<meta name=\"twitter:data2\" content=\"In stock\" \/>\n<script type=\"application\/ld+json\" class=\"yoast-schema-graph\">{\"@context\":\"https:\\\/\\\/schema.org\",\"@graph\":[{\"@type\":\"WebPage\",\"@id\":\"https:\\\/\\\/produncan.cl\\\/fr\\\/produit\\\/projet-rio-condor-route-de-la-peche-puerto-aysen\\\/\",\"url\":\"https:\\\/\\\/produncan.cl\\\/fr\\\/produit\\\/projet-rio-condor-route-de-la-peche-puerto-aysen\\\/\",\"name\":\"Projet Aguas de la Patagonia - Rivi\u00e8re Condor - Produncan\",\"isPartOf\":{\"@id\":\"https:\\\/\\\/produncan.cl\\\/fr\\\/#website\"},\"primaryImageOfPage\":{\"@id\":\"https:\\\/\\\/produncan.cl\\\/fr\\\/produit\\\/projet-rio-condor-route-de-la-peche-puerto-aysen\\\/#primaryimage\"},\"image\":{\"@id\":\"https:\\\/\\\/produncan.cl\\\/fr\\\/produit\\\/projet-rio-condor-route-de-la-peche-puerto-aysen\\\/#primaryimage\"},\"thumbnailUrl\":\"https:\\\/\\\/produncan.cl\\\/wp-content\\\/uploads\\\/2022\\\/12\\\/Portada-Rio-Condor.webp\",\"datePublished\":\"2023-09-20T20:54:44+00:00\",\"dateModified\":\"2025-12-26T20:19:54+00:00\",\"description\":\"Projet Aguas de la Patagonia : une opportunit\u00e9 d'investissement unique sur les rives du fleuve Condor dans la r\u00e9gion d'Aysen. Lots \u00e0 partir de 2,5 hectares.\",\"breadcrumb\":{\"@id\":\"https:\\\/\\\/produncan.cl\\\/fr\\\/produit\\\/projet-rio-condor-route-de-la-peche-puerto-aysen\\\/#breadcrumb\"},\"inLanguage\":\"fr-FR\",\"potentialAction\":[{\"@type\":\"ReadAction\",\"target\":[\"https:\\\/\\\/produncan.cl\\\/fr\\\/produit\\\/projet-rio-condor-route-de-la-peche-puerto-aysen\\\/\"]}]},{\"@type\":\"ImageObject\",\"inLanguage\":\"fr-FR\",\"@id\":\"https:\\\/\\\/produncan.cl\\\/fr\\\/produit\\\/projet-rio-condor-route-de-la-peche-puerto-aysen\\\/#primaryimage\",\"url\":\"https:\\\/\\\/produncan.cl\\\/wp-content\\\/uploads\\\/2022\\\/12\\\/Portada-Rio-Condor.webp\",\"contentUrl\":\"https:\\\/\\\/produncan.cl\\\/wp-content\\\/uploads\\\/2022\\\/12\\\/Portada-Rio-Condor.webp\",\"width\":600,\"height\":450,\"caption\":\"Projet Condor de Rio\"},{\"@type\":\"BreadcrumbList\",\"@id\":\"https:\\\/\\\/produncan.cl\\\/fr\\\/produit\\\/projet-rio-condor-route-de-la-peche-puerto-aysen\\\/#breadcrumb\",\"itemListElement\":[{\"@type\":\"ListItem\",\"position\":1,\"name\":\"Inicio\",\"item\":\"https:\\\/\\\/produncan.cl\\\/fr\\\/\"},{\"@type\":\"ListItem\",\"position\":2,\"name\":\"Propri\u00e9t\u00e9s\",\"item\":\"https:\\\/\\\/produncan.cl\\\/propiedades\\\/\"},{\"@type\":\"ListItem\",\"position\":3,\"name\":\"Parcelles\",\"item\":\"https:\\\/\\\/produncan.cl\\\/fr\\\/cat&eacute;gorie\\\/parcelles\\\/\"},{\"@type\":\"ListItem\",\"position\":4,\"name\":\"Projet Aguas de la Patagonia &#8211; R\u00edo C\u00f3ndor &#8211; Ruta de la Pesca, Puerto Ays\u00e9n\"}]},{\"@type\":\"WebSite\",\"@id\":\"https:\\\/\\\/produncan.cl\\\/fr\\\/#website\",\"url\":\"https:\\\/\\\/produncan.cl\\\/fr\\\/\",\"name\":\"Produncan\",\"description\":\"Nous vous accompagnons dans votre projet de vie !\",\"publisher\":{\"@id\":\"https:\\\/\\\/produncan.cl\\\/fr\\\/#organization\"},\"potentialAction\":[{\"@type\":\"SearchAction\",\"target\":{\"@type\":\"EntryPoint\",\"urlTemplate\":\"https:\\\/\\\/produncan.cl\\\/fr\\\/?s={search_term_string}\"},\"query-input\":{\"@type\":\"PropertyValueSpecification\",\"valueRequired\":true,\"valueName\":\"search_term_string\"}}],\"inLanguage\":\"fr-FR\"},{\"@type\":\"Organization\",\"@id\":\"https:\\\/\\\/produncan.cl\\\/fr\\\/#organization\",\"name\":\"Produncan\",\"url\":\"https:\\\/\\\/produncan.cl\\\/fr\\\/\",\"logo\":{\"@type\":\"ImageObject\",\"inLanguage\":\"fr-FR\",\"@id\":\"https:\\\/\\\/produncan.cl\\\/fr\\\/#\\\/schema\\\/logo\\\/image\\\/\",\"url\":\"https:\\\/\\\/produncan.cl\\\/wp-content\\\/uploads\\\/2021\\\/03\\\/LOGO.jpeg\",\"contentUrl\":\"https:\\\/\\\/produncan.cl\\\/wp-content\\\/uploads\\\/2021\\\/03\\\/LOGO.jpeg\",\"width\":1280,\"height\":903,\"caption\":\"Produncan\"},\"image\":{\"@id\":\"https:\\\/\\\/produncan.cl\\\/fr\\\/#\\\/schema\\\/logo\\\/image\\\/\"},\"sameAs\":[\"https:\\\/\\\/web.facebook.com\\\/produncanland\",\"https:\\\/\\\/www.instagram.com\\\/pro_duncan\\\/\",\"https:\\\/\\\/www.linkedin.com\\\/company\\\/produncan-lands\\\/\",\"https:\\\/\\\/www.youtube.com\\\/channel\\\/UCu7N-f3x0svkazD-Eew1-QQ\"],\"description\":\"En Produncan somos especialistas en la venta de terrenos en el sur de Chile. Proveemos estancias, campos, parcelas y hoteles.\",\"email\":\"info@produncan.cl\"}]}<\/script>\n<meta property=\"og:video\" content=\"https:\/\/www.youtube.com\/embed\/5gfExDg3Uq4\" \/>\n<meta property=\"og:video:type\" content=\"text\/html\" \/>\n<meta property=\"og:video:duration\" content=\"126\" \/>\n<meta property=\"og:video:width\" content=\"480\" \/>\n<meta property=\"og:video:height\" content=\"360\" \/>\n<meta property=\"ya:ovs:adult\" content=\"false\" \/>\n<meta property=\"ya:ovs:upload_date\" content=\"2023-09-20T20:54:44+00:00\" \/>\n<meta property=\"ya:ovs:allow_embed\" content=\"true\" \/>\n<meta property=\"product:price:amount\" content=\"19600.00\" \/>\n<meta property=\"product:price:currency\" content=\"USD\" \/>\n<meta property=\"og:availability\" content=\"instock\" \/>\n<meta property=\"product:availability\" content=\"instock\" \/>\n<meta property=\"product:condition\" content=\"new\" \/>\n<!-- \/ Yoast SEO Premium plugin. -->","yoast_head_json":{"title":"Projet Aguas de la Patagonia - Rivi\u00e8re Condor - Produncan","description":"Projet Aguas de la Patagonia : une opportunit\u00e9 d'investissement unique sur les rives du fleuve Condor dans la r\u00e9gion d'Aysen. Lots \u00e0 partir de 2,5 hectares.","robots":{"index":"index","follow":"follow","max-snippet":"max-snippet:-1","max-image-preview":"max-image-preview:large","max-video-preview":"max-video-preview:-1"},"canonical":"https:\/\/produncan.cl\/fr\/produit\/projet-rio-condor-route-de-la-peche-puerto-aysen\/","og_locale":"fr_FR","og_type":"article","og_title":"Projet Aguas de la Patagonia - R\u00edo C\u00f3ndor - Ruta de la Pesca, Puerto Ays\u00e9n","og_description":"Projet Aguas de la Patagonia : une opportunit\u00e9 d'investissement unique sur les rives du fleuve Condor dans la r\u00e9gion d'Aysen. Lots \u00e0 partir de 2,5 hectares.","og_url":"https:\/\/produncan.cl\/fr\/produit\/projet-rio-condor-route-de-la-peche-puerto-aysen\/","og_site_name":"Produncan","article_publisher":"https:\/\/web.facebook.com\/produncanland","article_modified_time":"2025-12-26T20:19:54+00:00","og_image":[{"width":600,"height":450,"url":"https:\/\/produncan.cl\/wp-content\/uploads\/2022\/12\/Portada-Rio-Condor.webp","type":"image\/webp"}],"twitter_card":"summary_large_image","twitter_misc":{"Price":"USD19.600,00","Availability":"In stock"},"schema":{"@context":"https:\/\/schema.org","@graph":[{"@type":"WebPage","@id":"https:\/\/produncan.cl\/fr\/produit\/projet-rio-condor-route-de-la-peche-puerto-aysen\/","url":"https:\/\/produncan.cl\/fr\/produit\/projet-rio-condor-route-de-la-peche-puerto-aysen\/","name":"Projet Aguas de la Patagonia - Rivi\u00e8re Condor - Produncan","isPartOf":{"@id":"https:\/\/produncan.cl\/fr\/#website"},"primaryImageOfPage":{"@id":"https:\/\/produncan.cl\/fr\/produit\/projet-rio-condor-route-de-la-peche-puerto-aysen\/#primaryimage"},"image":{"@id":"https:\/\/produncan.cl\/fr\/produit\/projet-rio-condor-route-de-la-peche-puerto-aysen\/#primaryimage"},"thumbnailUrl":"https:\/\/produncan.cl\/wp-content\/uploads\/2022\/12\/Portada-Rio-Condor.webp","datePublished":"2023-09-20T20:54:44+00:00","dateModified":"2025-12-26T20:19:54+00:00","description":"Projet Aguas de la Patagonia : une opportunit\u00e9 d'investissement unique sur les rives du fleuve Condor dans la r\u00e9gion d'Aysen. Lots \u00e0 partir de 2,5 hectares.","breadcrumb":{"@id":"https:\/\/produncan.cl\/fr\/produit\/projet-rio-condor-route-de-la-peche-puerto-aysen\/#breadcrumb"},"inLanguage":"fr-FR","potentialAction":[{"@type":"ReadAction","target":["https:\/\/produncan.cl\/fr\/produit\/projet-rio-condor-route-de-la-peche-puerto-aysen\/"]}]},{"@type":"ImageObject","inLanguage":"fr-FR","@id":"https:\/\/produncan.cl\/fr\/produit\/projet-rio-condor-route-de-la-peche-puerto-aysen\/#primaryimage","url":"https:\/\/produncan.cl\/wp-content\/uploads\/2022\/12\/Portada-Rio-Condor.webp","contentUrl":"https:\/\/produncan.cl\/wp-content\/uploads\/2022\/12\/Portada-Rio-Condor.webp","width":600,"height":450,"caption":"Projet Condor de Rio"},{"@type":"BreadcrumbList","@id":"https:\/\/produncan.cl\/fr\/produit\/projet-rio-condor-route-de-la-peche-puerto-aysen\/#breadcrumb","itemListElement":[{"@type":"ListItem","position":1,"name":"Inicio","item":"https:\/\/produncan.cl\/fr\/"},{"@type":"ListItem","position":2,"name":"Propri\u00e9t\u00e9s","item":"https:\/\/produncan.cl\/propiedades\/"},{"@type":"ListItem","position":3,"name":"Parcelles","item":"https:\/\/produncan.cl\/fr\/cat&eacute;gorie\/parcelles\/"},{"@type":"ListItem","position":4,"name":"Projet Aguas de la Patagonia &#8211; R\u00edo C\u00f3ndor &#8211; Ruta de la Pesca, Puerto Ays\u00e9n"}]},{"@type":"WebSite","@id":"https:\/\/produncan.cl\/fr\/#website","url":"https:\/\/produncan.cl\/fr\/","name":"Produncan","description":"Nous vous accompagnons dans votre projet de vie !","publisher":{"@id":"https:\/\/produncan.cl\/fr\/#organization"},"potentialAction":[{"@type":"SearchAction","target":{"@type":"EntryPoint","urlTemplate":"https:\/\/produncan.cl\/fr\/?s={search_term_string}"},"query-input":{"@type":"PropertyValueSpecification","valueRequired":true,"valueName":"search_term_string"}}],"inLanguage":"fr-FR"},{"@type":"Organization","@id":"https:\/\/produncan.cl\/fr\/#organization","name":"Produncan","url":"https:\/\/produncan.cl\/fr\/","logo":{"@type":"ImageObject","inLanguage":"fr-FR","@id":"https:\/\/produncan.cl\/fr\/#\/schema\/logo\/image\/","url":"https:\/\/produncan.cl\/wp-content\/uploads\/2021\/03\/LOGO.jpeg","contentUrl":"https:\/\/produncan.cl\/wp-content\/uploads\/2021\/03\/LOGO.jpeg","width":1280,"height":903,"caption":"Produncan"},"image":{"@id":"https:\/\/produncan.cl\/fr\/#\/schema\/logo\/image\/"},"sameAs":["https:\/\/web.facebook.com\/produncanland","https:\/\/www.instagram.com\/pro_duncan\/","https:\/\/www.linkedin.com\/company\/produncan-lands\/","https:\/\/www.youtube.com\/channel\/UCu7N-f3x0svkazD-Eew1-QQ"],"description":"En Produncan somos especialistas en la venta de terrenos en el sur de Chile. Proveemos estancias, campos, parcelas y hoteles.","email":"info@produncan.cl"}]},"og_video":"https:\/\/www.youtube.com\/embed\/5gfExDg3Uq4","og_video_type":"text\/html","og_video_duration":"126","og_video_width":"480","og_video_height":"360","ya_ovs_adult":"false","ya_ovs_upload_date":"2023-09-20T20:54:44+00:00","ya_ovs_allow_embed":"true","product_price_amount":"19600.00","product_price_currency":"USD","og_availability":"instock","product_availability":"instock","product_condition":"new"},"_links":{"self":[{"href":"https:\/\/produncan.cl\/fr\/wp-json\/wp\/v2\/product\/10028","targetHints":{"allow":["GET"]}}],"collection":[{"href":"https:\/\/produncan.cl\/fr\/wp-json\/wp\/v2\/product"}],"about":[{"href":"https:\/\/produncan.cl\/fr\/wp-json\/wp\/v2\/types\/product"}],"version-history":[{"count":8,"href":"https:\/\/produncan.cl\/fr\/wp-json\/wp\/v2\/product\/10028\/revisions"}],"predecessor-version":[{"id":54014,"href":"https:\/\/produncan.cl\/fr\/wp-json\/wp\/v2\/product\/10028\/revisions\/54014"}],"wp:featuredmedia":[{"embeddable":true,"href":"https:\/\/produncan.cl\/fr\/wp-json\/wp\/v2\/media\/9664"}],"wp:attachment":[{"href":"https:\/\/produncan.cl\/fr\/wp-json\/wp\/v2\/media?parent=10028"}],"wp:term":[{"taxonomy":"product_brand","embeddable":true,"href":"https:\/\/produncan.cl\/fr\/wp-json\/wp\/v2\/product_brand?post=10028"},{"taxonomy":"product_cat","embeddable":true,"href":"https:\/\/produncan.cl\/fr\/wp-json\/wp\/v2\/product_cat?post=10028"},{"taxonomy":"product_tag","embeddable":true,"href":"https:\/\/produncan.cl\/fr\/wp-json\/wp\/v2\/product_tag?post=10028"},{"taxonomy":"regiones","embeddable":true,"href":"https:\/\/produncan.cl\/fr\/wp-json\/wp\/v2\/regiones?post=10028"},{"taxonomy":"ciudades","embeddable":true,"href":"https:\/\/produncan.cl\/fr\/wp-json\/wp\/v2\/ciudades?post=10028"}],"curies":[{"name":"wp","href":"https:\/\/api.w.org\/{rel}","templated":true}]}}