{"id":11352,"date":"2023-08-10T11:50:17","date_gmt":"2023-08-10T15:50:17","guid":{"rendered":"https:\/\/produncan.cl\/producto\/parcelas-emperador-guillermo-coyhaique-r-de-aysen\/"},"modified":"2025-11-24T18:14:48","modified_gmt":"2025-11-24T21:14:48","slug":"parcelas-emperador-guillermo-coyhaique-r-de-aysen","status":"publish","type":"product","link":"https:\/\/produncan.cl\/fr\/produit\/parcelas-emperador-guillermo-coyhaique-r-de-aysen\/","title":{"rendered":"Parcelas Emperador Guillermo &#8211; Coyhaique, R\u00e9gion d&#8217;Ays\u00e9n"},"content":{"rendered":"\t\t<div data-elementor-type=\"product-post\" data-elementor-id=\"11352\" class=\"elementor elementor-11352 elementor-11102\" data-elementor-post-type=\"product\">\n\t\t\t\t<div class=\"elementor-element elementor-element-cb811a3 e-flex e-con-boxed e-con e-parent\" data-id=\"cb811a3\" data-element_type=\"container\" data-e-type=\"container\" data-settings=\"{&quot;jet_parallax_layout_list&quot;:[]}\">\n\t\t\t\t\t<div class=\"e-con-inner\">\n\t\t\t\t<div class=\"elementor-element elementor-element-904dd3f elementor-widget elementor-widget-heading\" data-id=\"904dd3f\" data-element_type=\"widget\" data-e-type=\"widget\" data-widget_type=\"heading.default\">\n\t\t\t\t\t<h2 class=\"elementor-heading-title elementor-size-default\">Commencez votre projet \u00e0 c\u00f4t\u00e9 de la Carretera Austral !<\/h2>\t\t\t\t<\/div>\n\t\t\t\t\t<\/div>\n\t\t\t\t<\/div>\n\t\t<div class=\"elementor-element elementor-element-ab48f9e e-flex e-con-boxed e-con e-parent\" data-id=\"ab48f9e\" data-element_type=\"container\" data-e-type=\"container\" data-settings=\"{&quot;jet_parallax_layout_list&quot;:[]}\">\n\t\t\t\t\t<div class=\"e-con-inner\">\n\t\t\t\t<div class=\"elementor-element elementor-element-d370a33 elementor-widget elementor-widget-text-editor\" data-id=\"d370a33\" data-element_type=\"widget\" data-e-type=\"widget\" data-widget_type=\"text-editor.default\">\n\t\t\t\t\t\t\t\t\t<p>Emperador Guillermo est un projet de seulement 23 parcelles de terrain situ\u00e9es sur les rives d&#8217;une rivi\u00e8re connue pour sa bonne p\u00eache et ses belles vues panoramiques, au c\u0153ur de la r\u00e9gion d&#8217;Ays\u00e9n.<\/p><p>Le projet est situ\u00e9 \u00e0 52 km au nord de la ville de Coyhaique, \u00e0 c\u00f4t\u00e9 de la Carretera Austral. On peut y acc\u00e9der depuis Puerto Ays\u00e9n \u00e0 l&#8217;est, depuis Coyhaique au nord ou depuis Villa Ma\u00f1ihuales au sud.<\/p><p>En outre, le projet dispose d&#8217;une zone commune de 1000 m\u00b2 sur la rive du fleuve, de routes int\u00e9rieures gravillonn\u00e9es, de parcelles plates et d&#8217;un raccordement \u00e9lectrique.<\/p><p>En outre, pour l&#8217;approvisionnement en eau, vous pouvez demander des droits d&#8217;eau sur la rivi\u00e8re ou faire un puits d&#8217;eau.<\/p><p>A proximit\u00e9 se trouvent de magnifiques attractions naturelles qui vous permettront de d\u00e9velopper des activit\u00e9s d&#8217;\u00e9cotourisme, d&#8217;agrotourisme, de p\u00eache sportive, de kayak, de trekking, d&#8217;escalade, de randonn\u00e9e et d&#8217;\u00e9quitation.<\/p><p>Le projet conna\u00eetra une forte valeur ajout\u00e9e en raison de son emplacement sur la route 7 (Carretera Austral), qui sera asphalt\u00e9e d&#8217;ici 3 \u00e0 5 ans et reliera les villes de Villa Ma\u00f1ihuales et Villa Ortega.<\/p><p>Le projet est en grande partie vendu, mais il reste des parcelles de terrain jouxtant la Carretera Austral, qui sont id\u00e9ales pour un projet car elles ont une exposition directe \u00e0 la route.<\/p><p>NE PERDEZ PAS DE TEMPS ET SAISISSEZ CETTE OCCASION D&#8217;EMBARQUER SUR L&#8217;AUTOROUTE DU SUD !<\/p>\t\t\t\t\t\t\t\t<\/div>\n\t\t\t\t\t<\/div>\n\t\t\t\t<\/div>\n\t\t\t\t<\/div>\n\t\t","protected":false},"excerpt":{"rendered":"<p>23 parcelles claires et plates adjacentes \u00e0 la Carretera Austral, avec \u00e9lectricit\u00e9 et acc\u00e8s \u00e0 la rivi\u00e8re Emperador Guillermo, id\u00e9ales pour un projet touristique.<\/p>\n","protected":false},"featured_media":11162,"template":"","meta":{"_acf_changed":false},"product_brand":[],"product_cat":[129],"product_tag":[236,237],"regiones":[225],"ciudades":[209],"class_list":{"0":"post-11352","1":"product","2":"type-product","3":"status-publish","4":"has-post-thumbnail","6":"product_cat-aysen-magallanes-fr","7":"product_tag-parcelles","8":"product_tag-proprietes-touristiques","9":"regiones-aysen-magallanes","10":"ciudades-coyhaique","12":"first","13":"instock","14":"shipping-taxable","15":"purchasable","16":"product-type-simple"},"acf":[],"yoast_head":"<!-- This site is optimized with the Yoast SEO Premium plugin v26.0 (Yoast SEO v27.3) - https:\/\/yoast.com\/product\/yoast-seo-premium-wordpress\/ -->\n<title>Plot rivi\u00e8re Petrohu\u00e9<\/title>\n<meta name=\"description\" content=\"Emperador Guillermo est un projet de seulement 23 parcelles de jeu de r\u00f4le situ\u00e9es sur les rives d&#039;une rivi\u00e8re connue pour sa bonne p\u00eache.\" \/>\n<meta name=\"robots\" content=\"index, follow, max-snippet:-1, max-image-preview:large, max-video-preview:-1\" \/>\n<link rel=\"canonical\" href=\"https:\/\/produncan.cl\/fr\/produit\/parcelas-emperador-guillermo-coyhaique-r-de-aysen\/\" \/>\n<meta property=\"og:locale\" content=\"fr_FR\" \/>\n<meta property=\"og:type\" content=\"article\" \/>\n<meta property=\"og:title\" content=\"Parcelas Emperador Guillermo - Coyhaique, R\u00e9gion d&#039;Ays\u00e9n\" \/>\n<meta property=\"og:description\" content=\"Emperador Guillermo est un projet de seulement 23 parcelles de jeu de r\u00f4le situ\u00e9es sur les rives d&#039;une rivi\u00e8re connue pour sa bonne p\u00eache.\" \/>\n<meta property=\"og:url\" content=\"https:\/\/produncan.cl\/fr\/produit\/parcelas-emperador-guillermo-coyhaique-r-de-aysen\/\" \/>\n<meta property=\"og:site_name\" content=\"Produncan\" \/>\n<meta property=\"article:publisher\" content=\"https:\/\/web.facebook.com\/produncanland\" \/>\n<meta property=\"article:modified_time\" content=\"2025-11-24T21:14:48+00:00\" \/>\n<meta property=\"og:image\" content=\"https:\/\/produncan.cl\/wp-content\/uploads\/2023\/01\/Presentacion-Emperador-Guillermo.webp\" \/>\n\t<meta property=\"og:image:width\" content=\"600\" \/>\n\t<meta property=\"og:image:height\" content=\"450\" \/>\n\t<meta property=\"og:image:type\" content=\"image\/webp\" \/>\n<meta name=\"twitter:card\" content=\"summary_large_image\" \/>\n<meta name=\"twitter:label1\" content=\"Price\" \/>\n\t<meta name=\"twitter:data1\" content=\"USD32.700,00\" \/>\n\t<meta name=\"twitter:label2\" content=\"Availability\" \/>\n\t<meta name=\"twitter:data2\" content=\"In stock\" \/>\n<script type=\"application\/ld+json\" class=\"yoast-schema-graph\">{\"@context\":\"https:\\\/\\\/schema.org\",\"@graph\":[{\"@type\":\"WebPage\",\"@id\":\"https:\\\/\\\/produncan.cl\\\/fr\\\/produit\\\/parcelas-emperador-guillermo-coyhaique-r-de-aysen\\\/\",\"url\":\"https:\\\/\\\/produncan.cl\\\/fr\\\/produit\\\/parcelas-emperador-guillermo-coyhaique-r-de-aysen\\\/\",\"name\":\"Plot rivi\u00e8re Petrohu\u00e9\",\"isPartOf\":{\"@id\":\"https:\\\/\\\/produncan.cl\\\/fr\\\/#website\"},\"primaryImageOfPage\":{\"@id\":\"https:\\\/\\\/produncan.cl\\\/fr\\\/produit\\\/parcelas-emperador-guillermo-coyhaique-r-de-aysen\\\/#primaryimage\"},\"image\":{\"@id\":\"https:\\\/\\\/produncan.cl\\\/fr\\\/produit\\\/parcelas-emperador-guillermo-coyhaique-r-de-aysen\\\/#primaryimage\"},\"thumbnailUrl\":\"https:\\\/\\\/produncan.cl\\\/wp-content\\\/uploads\\\/2023\\\/01\\\/Presentacion-Emperador-Guillermo.webp\",\"datePublished\":\"2023-08-10T15:50:17+00:00\",\"dateModified\":\"2025-11-24T21:14:48+00:00\",\"description\":\"Emperador Guillermo est un projet de seulement 23 parcelles de jeu de r\u00f4le situ\u00e9es sur les rives d'une rivi\u00e8re connue pour sa bonne p\u00eache.\",\"breadcrumb\":{\"@id\":\"https:\\\/\\\/produncan.cl\\\/fr\\\/produit\\\/parcelas-emperador-guillermo-coyhaique-r-de-aysen\\\/#breadcrumb\"},\"inLanguage\":\"fr-FR\",\"potentialAction\":[{\"@type\":\"ReadAction\",\"target\":[\"https:\\\/\\\/produncan.cl\\\/fr\\\/produit\\\/parcelas-emperador-guillermo-coyhaique-r-de-aysen\\\/\"]}]},{\"@type\":\"ImageObject\",\"inLanguage\":\"fr-FR\",\"@id\":\"https:\\\/\\\/produncan.cl\\\/fr\\\/produit\\\/parcelas-emperador-guillermo-coyhaique-r-de-aysen\\\/#primaryimage\",\"url\":\"https:\\\/\\\/produncan.cl\\\/wp-content\\\/uploads\\\/2023\\\/01\\\/Presentacion-Emperador-Guillermo.webp\",\"contentUrl\":\"https:\\\/\\\/produncan.cl\\\/wp-content\\\/uploads\\\/2023\\\/01\\\/Presentacion-Emperador-Guillermo.webp\",\"width\":600,\"height\":450,\"caption\":\"Pr\u00e9sentation Empereur William\"},{\"@type\":\"BreadcrumbList\",\"@id\":\"https:\\\/\\\/produncan.cl\\\/fr\\\/produit\\\/parcelas-emperador-guillermo-coyhaique-r-de-aysen\\\/#breadcrumb\",\"itemListElement\":[{\"@type\":\"ListItem\",\"position\":1,\"name\":\"Inicio\",\"item\":\"https:\\\/\\\/produncan.cl\\\/fr\\\/\"},{\"@type\":\"ListItem\",\"position\":2,\"name\":\"Propri\u00e9t\u00e9s\",\"item\":\"https:\\\/\\\/produncan.cl\\\/propiedades\\\/\"},{\"@type\":\"ListItem\",\"position\":3,\"name\":\"Parcelles\",\"item\":\"https:\\\/\\\/produncan.cl\\\/fr\\\/cat&eacute;gorie\\\/parcelles\\\/\"},{\"@type\":\"ListItem\",\"position\":4,\"name\":\"Parcelas Emperador Guillermo &#8211; Coyhaique, R\u00e9gion d&#8217;Ays\u00e9n\"}]},{\"@type\":\"WebSite\",\"@id\":\"https:\\\/\\\/produncan.cl\\\/fr\\\/#website\",\"url\":\"https:\\\/\\\/produncan.cl\\\/fr\\\/\",\"name\":\"Produncan\",\"description\":\"Nous vous accompagnons dans votre projet de vie !\",\"publisher\":{\"@id\":\"https:\\\/\\\/produncan.cl\\\/fr\\\/#organization\"},\"potentialAction\":[{\"@type\":\"SearchAction\",\"target\":{\"@type\":\"EntryPoint\",\"urlTemplate\":\"https:\\\/\\\/produncan.cl\\\/fr\\\/?s={search_term_string}\"},\"query-input\":{\"@type\":\"PropertyValueSpecification\",\"valueRequired\":true,\"valueName\":\"search_term_string\"}}],\"inLanguage\":\"fr-FR\"},{\"@type\":\"Organization\",\"@id\":\"https:\\\/\\\/produncan.cl\\\/fr\\\/#organization\",\"name\":\"Produncan\",\"url\":\"https:\\\/\\\/produncan.cl\\\/fr\\\/\",\"logo\":{\"@type\":\"ImageObject\",\"inLanguage\":\"fr-FR\",\"@id\":\"https:\\\/\\\/produncan.cl\\\/fr\\\/#\\\/schema\\\/logo\\\/image\\\/\",\"url\":\"https:\\\/\\\/produncan.cl\\\/wp-content\\\/uploads\\\/2021\\\/03\\\/LOGO.jpeg\",\"contentUrl\":\"https:\\\/\\\/produncan.cl\\\/wp-content\\\/uploads\\\/2021\\\/03\\\/LOGO.jpeg\",\"width\":1280,\"height\":903,\"caption\":\"Produncan\"},\"image\":{\"@id\":\"https:\\\/\\\/produncan.cl\\\/fr\\\/#\\\/schema\\\/logo\\\/image\\\/\"},\"sameAs\":[\"https:\\\/\\\/web.facebook.com\\\/produncanland\",\"https:\\\/\\\/www.instagram.com\\\/pro_duncan\\\/\",\"https:\\\/\\\/www.linkedin.com\\\/company\\\/produncan-lands\\\/\",\"https:\\\/\\\/www.youtube.com\\\/channel\\\/UCu7N-f3x0svkazD-Eew1-QQ\"],\"description\":\"En Produncan somos especialistas en la venta de terrenos en el sur de Chile. Proveemos estancias, campos, parcelas y hoteles.\",\"email\":\"info@produncan.cl\"}]}<\/script>\n<meta property=\"og:video\" content=\"https:\/\/www.youtube.com\/embed\/Darr9YKPFEA\" \/>\n<meta property=\"og:video:type\" content=\"text\/html\" \/>\n<meta property=\"og:video:duration\" content=\"121\" \/>\n<meta property=\"og:video:width\" content=\"480\" \/>\n<meta property=\"og:video:height\" content=\"360\" \/>\n<meta property=\"ya:ovs:adult\" content=\"false\" \/>\n<meta property=\"ya:ovs:upload_date\" content=\"2023-08-10T15:50:17+00:00\" \/>\n<meta property=\"ya:ovs:allow_embed\" content=\"true\" \/>\n<meta property=\"product:price:amount\" content=\"32700.00\" \/>\n<meta property=\"product:price:currency\" content=\"USD\" \/>\n<meta property=\"og:availability\" content=\"instock\" \/>\n<meta property=\"product:availability\" content=\"instock\" \/>\n<meta property=\"product:condition\" content=\"new\" \/>\n<!-- \/ Yoast SEO Premium plugin. -->","yoast_head_json":{"title":"Plot rivi\u00e8re Petrohu\u00e9","description":"Emperador Guillermo est un projet de seulement 23 parcelles de jeu de r\u00f4le situ\u00e9es sur les rives d'une rivi\u00e8re connue pour sa bonne p\u00eache.","robots":{"index":"index","follow":"follow","max-snippet":"max-snippet:-1","max-image-preview":"max-image-preview:large","max-video-preview":"max-video-preview:-1"},"canonical":"https:\/\/produncan.cl\/fr\/produit\/parcelas-emperador-guillermo-coyhaique-r-de-aysen\/","og_locale":"fr_FR","og_type":"article","og_title":"Parcelas Emperador Guillermo - Coyhaique, R\u00e9gion d'Ays\u00e9n","og_description":"Emperador Guillermo est un projet de seulement 23 parcelles de jeu de r\u00f4le situ\u00e9es sur les rives d'une rivi\u00e8re connue pour sa bonne p\u00eache.","og_url":"https:\/\/produncan.cl\/fr\/produit\/parcelas-emperador-guillermo-coyhaique-r-de-aysen\/","og_site_name":"Produncan","article_publisher":"https:\/\/web.facebook.com\/produncanland","article_modified_time":"2025-11-24T21:14:48+00:00","og_image":[{"width":600,"height":450,"url":"https:\/\/produncan.cl\/wp-content\/uploads\/2023\/01\/Presentacion-Emperador-Guillermo.webp","type":"image\/webp"}],"twitter_card":"summary_large_image","twitter_misc":{"Price":"USD32.700,00","Availability":"In stock"},"schema":{"@context":"https:\/\/schema.org","@graph":[{"@type":"WebPage","@id":"https:\/\/produncan.cl\/fr\/produit\/parcelas-emperador-guillermo-coyhaique-r-de-aysen\/","url":"https:\/\/produncan.cl\/fr\/produit\/parcelas-emperador-guillermo-coyhaique-r-de-aysen\/","name":"Plot rivi\u00e8re Petrohu\u00e9","isPartOf":{"@id":"https:\/\/produncan.cl\/fr\/#website"},"primaryImageOfPage":{"@id":"https:\/\/produncan.cl\/fr\/produit\/parcelas-emperador-guillermo-coyhaique-r-de-aysen\/#primaryimage"},"image":{"@id":"https:\/\/produncan.cl\/fr\/produit\/parcelas-emperador-guillermo-coyhaique-r-de-aysen\/#primaryimage"},"thumbnailUrl":"https:\/\/produncan.cl\/wp-content\/uploads\/2023\/01\/Presentacion-Emperador-Guillermo.webp","datePublished":"2023-08-10T15:50:17+00:00","dateModified":"2025-11-24T21:14:48+00:00","description":"Emperador Guillermo est un projet de seulement 23 parcelles de jeu de r\u00f4le situ\u00e9es sur les rives d'une rivi\u00e8re connue pour sa bonne p\u00eache.","breadcrumb":{"@id":"https:\/\/produncan.cl\/fr\/produit\/parcelas-emperador-guillermo-coyhaique-r-de-aysen\/#breadcrumb"},"inLanguage":"fr-FR","potentialAction":[{"@type":"ReadAction","target":["https:\/\/produncan.cl\/fr\/produit\/parcelas-emperador-guillermo-coyhaique-r-de-aysen\/"]}]},{"@type":"ImageObject","inLanguage":"fr-FR","@id":"https:\/\/produncan.cl\/fr\/produit\/parcelas-emperador-guillermo-coyhaique-r-de-aysen\/#primaryimage","url":"https:\/\/produncan.cl\/wp-content\/uploads\/2023\/01\/Presentacion-Emperador-Guillermo.webp","contentUrl":"https:\/\/produncan.cl\/wp-content\/uploads\/2023\/01\/Presentacion-Emperador-Guillermo.webp","width":600,"height":450,"caption":"Pr\u00e9sentation Empereur William"},{"@type":"BreadcrumbList","@id":"https:\/\/produncan.cl\/fr\/produit\/parcelas-emperador-guillermo-coyhaique-r-de-aysen\/#breadcrumb","itemListElement":[{"@type":"ListItem","position":1,"name":"Inicio","item":"https:\/\/produncan.cl\/fr\/"},{"@type":"ListItem","position":2,"name":"Propri\u00e9t\u00e9s","item":"https:\/\/produncan.cl\/propiedades\/"},{"@type":"ListItem","position":3,"name":"Parcelles","item":"https:\/\/produncan.cl\/fr\/cat&eacute;gorie\/parcelles\/"},{"@type":"ListItem","position":4,"name":"Parcelas Emperador Guillermo &#8211; Coyhaique, R\u00e9gion d&#8217;Ays\u00e9n"}]},{"@type":"WebSite","@id":"https:\/\/produncan.cl\/fr\/#website","url":"https:\/\/produncan.cl\/fr\/","name":"Produncan","description":"Nous vous accompagnons dans votre projet de vie !","publisher":{"@id":"https:\/\/produncan.cl\/fr\/#organization"},"potentialAction":[{"@type":"SearchAction","target":{"@type":"EntryPoint","urlTemplate":"https:\/\/produncan.cl\/fr\/?s={search_term_string}"},"query-input":{"@type":"PropertyValueSpecification","valueRequired":true,"valueName":"search_term_string"}}],"inLanguage":"fr-FR"},{"@type":"Organization","@id":"https:\/\/produncan.cl\/fr\/#organization","name":"Produncan","url":"https:\/\/produncan.cl\/fr\/","logo":{"@type":"ImageObject","inLanguage":"fr-FR","@id":"https:\/\/produncan.cl\/fr\/#\/schema\/logo\/image\/","url":"https:\/\/produncan.cl\/wp-content\/uploads\/2021\/03\/LOGO.jpeg","contentUrl":"https:\/\/produncan.cl\/wp-content\/uploads\/2021\/03\/LOGO.jpeg","width":1280,"height":903,"caption":"Produncan"},"image":{"@id":"https:\/\/produncan.cl\/fr\/#\/schema\/logo\/image\/"},"sameAs":["https:\/\/web.facebook.com\/produncanland","https:\/\/www.instagram.com\/pro_duncan\/","https:\/\/www.linkedin.com\/company\/produncan-lands\/","https:\/\/www.youtube.com\/channel\/UCu7N-f3x0svkazD-Eew1-QQ"],"description":"En Produncan somos especialistas en la venta de terrenos en el sur de Chile. Proveemos estancias, campos, parcelas y hoteles.","email":"info@produncan.cl"}]},"og_video":"https:\/\/www.youtube.com\/embed\/Darr9YKPFEA","og_video_type":"text\/html","og_video_duration":"121","og_video_width":"480","og_video_height":"360","ya_ovs_adult":"false","ya_ovs_upload_date":"2023-08-10T15:50:17+00:00","ya_ovs_allow_embed":"true","product_price_amount":"32700.00","product_price_currency":"USD","og_availability":"instock","product_availability":"instock","product_condition":"new"},"_links":{"self":[{"href":"https:\/\/produncan.cl\/fr\/wp-json\/wp\/v2\/product\/11352","targetHints":{"allow":["GET"]}}],"collection":[{"href":"https:\/\/produncan.cl\/fr\/wp-json\/wp\/v2\/product"}],"about":[{"href":"https:\/\/produncan.cl\/fr\/wp-json\/wp\/v2\/types\/product"}],"version-history":[{"count":4,"href":"https:\/\/produncan.cl\/fr\/wp-json\/wp\/v2\/product\/11352\/revisions"}],"predecessor-version":[{"id":52714,"href":"https:\/\/produncan.cl\/fr\/wp-json\/wp\/v2\/product\/11352\/revisions\/52714"}],"wp:featuredmedia":[{"embeddable":true,"href":"https:\/\/produncan.cl\/fr\/wp-json\/wp\/v2\/media\/11162"}],"wp:attachment":[{"href":"https:\/\/produncan.cl\/fr\/wp-json\/wp\/v2\/media?parent=11352"}],"wp:term":[{"taxonomy":"product_brand","embeddable":true,"href":"https:\/\/produncan.cl\/fr\/wp-json\/wp\/v2\/product_brand?post=11352"},{"taxonomy":"product_cat","embeddable":true,"href":"https:\/\/produncan.cl\/fr\/wp-json\/wp\/v2\/product_cat?post=11352"},{"taxonomy":"product_tag","embeddable":true,"href":"https:\/\/produncan.cl\/fr\/wp-json\/wp\/v2\/product_tag?post=11352"},{"taxonomy":"regiones","embeddable":true,"href":"https:\/\/produncan.cl\/fr\/wp-json\/wp\/v2\/regiones?post=11352"},{"taxonomy":"ciudades","embeddable":true,"href":"https:\/\/produncan.cl\/fr\/wp-json\/wp\/v2\/ciudades?post=11352"}],"curies":[{"name":"wp","href":"https:\/\/api.w.org\/{rel}","templated":true}]}}