{"id":11354,"date":"2021-01-12T18:32:39","date_gmt":"2021-01-12T21:32:39","guid":{"rendered":"https:\/\/produncan.cl\/producto\/parcelles-de-terrain-fundo-las-tortolas\/"},"modified":"2024-01-24T10:37:49","modified_gmt":"2024-01-24T13:37:49","slug":"parcelles-de-terrain-fundo-las-tortolas","status":"publish","type":"product","link":"https:\/\/produncan.cl\/fr\/produit\/parcelles-de-terrain-fundo-las-tortolas\/","title":{"rendered":"Parcelles de terrain Fundo Las T\u00f3rtolas"},"content":{"rendered":"\t\t<div data-elementor-type=\"product-post\" data-elementor-id=\"11354\" class=\"elementor elementor-11354\" data-elementor-post-type=\"product\">\n\t\t\t\t<div class=\"elementor-element elementor-element-aad3711 e-flex e-con-boxed e-con e-parent\" data-id=\"aad3711\" data-element_type=\"container\" data-e-type=\"container\" data-settings=\"{&quot;jet_parallax_layout_list&quot;:[]}\">\n\t\t\t\t\t<div class=\"e-con-inner\">\n\t\t\t\t<div class=\"elementor-element elementor-element-2e6aab6 elementor-widget elementor-widget-heading\" data-id=\"2e6aab6\" data-element_type=\"widget\" data-e-type=\"widget\" data-widget_type=\"heading.default\">\n\t\t\t\t\t<h2 class=\"elementor-heading-title elementor-size-default\">Votre parcelle de terrain avec des prairies parfaites, une route asphalt\u00e9e et 40 minutes de Puerto Varas !<\/h2>\t\t\t\t<\/div>\n\t\t\t\t\t<\/div>\n\t\t\t\t<\/div>\n\t\t<div class=\"elementor-element elementor-element-d4ea119 e-flex e-con-boxed e-con e-parent\" data-id=\"d4ea119\" data-element_type=\"container\" data-e-type=\"container\" data-settings=\"{&quot;jet_parallax_layout_list&quot;:[]}\">\n\t\t\t\t\t<div class=\"e-con-inner\">\n\t\t\t\t<div class=\"elementor-element elementor-element-3dfa769 elementor-widget elementor-widget-text-editor\" data-id=\"3dfa769\" data-element_type=\"widget\" data-e-type=\"widget\" data-widget_type=\"text-editor.default\">\n\t\t\t\t\t\t\t\t\t<p>Parcelas Fundo las T\u00f3rtolas est un projet situ\u00e9 \u00e0 35 minutes \u00e0 l&#8217;ouest de Puerto Varas, dans un endroit dot\u00e9 de prairies parfaites, de vieux arbres indig\u00e8nes, de belles vues et d&#8217;un acc\u00e8s asphalt\u00e9 \u00e0 son entr\u00e9e.<\/p><p><br><\/p>\n<p>Le projet consiste en des parcelles de 1,3 \u00e0 4 hectares, aliment\u00e9es en eau potable par deux puits profonds avec droits enregistr\u00e9s, en \u00e9lectricit\u00e9 souterraine, en bon signal t\u00e9l\u00e9phonique et en acc\u00e8s par fibre optique. En outre, chaque parcelle disposera d&#8217;une source d&#8217;eau certifi\u00e9e par la SEREMI de Salud.<\/p><p><br><\/p>\n<p>Le projet dispose d&#8217;une cl\u00f4ture p\u00e9riph\u00e9rique, d&#8217;un portail d&#8217;acc\u00e8s, de routes int\u00e9rieures en mat\u00e9riau compact\u00e9 et d&#8217;un filet humide en cas d&#8217;incendie.<br>Le projet n&#8217;est pas un condominium, mais il est destin\u00e9 exclusivement \u00e0 un usage r\u00e9sidentiel.<\/p><p><br><\/p>\n<p>En termes de flore, sa for\u00eat native est compos\u00e9e de vieux arbres : Pellines, Arrayanes et Ma\u00f1\u00edos, entre autres.<\/p><p><br><\/p>\n<p>Le projet peut \u00eatre financ\u00e9 directement en payant 50 % en esp\u00e8ces et le solde en versements sans int\u00e9r\u00eat sur 12, 24 ou 36 mois.<\/p><p><br><\/p>\n<p>L&#8217;endroit est situ\u00e9 \u00e0 35 minutes de Puerto Varas, 45 minutes de Puerto Montt, 25 minutes de l&#8217;a\u00e9roport et 10 minutes de Los Muermos, une ville avec tous les services de base et o\u00f9 vous pouvez trouver tout ce dont vous avez besoin.<\/p><p><br><\/p>\n<p>\u00c9tant situ\u00e9 \u00e0 l&#8217;ouest, vous aurez facilement acc\u00e8s aux paysages paradisiaques d&#8217;Estaquilla, Puerto Godoy et Llico Bajo, ce qui vous permettra de vous ouvrir \u00e0 de nombreuses possibilit\u00e9s.<\/p><p><br><\/p>\n<p>Le secteur pr\u00e9sente actuellement une forte valeur ajout\u00e9e en raison de sa beaut\u00e9, du fort d\u00e9veloppement de ses environs et du fait qu&#8217;il constitue une excellente option pour ceux qui cherchent \u00e0 s&#8217;installer dans le Sud.<\/p><p><br>N&#8217;ATTENDEZ PLUS, VIVEZ VOS MEILLEURES ANN\u00c9ES DANS UN CADRE ET UNE PROXIMIT\u00c9 MAGNIFIQUES !<\/p>\t\t\t\t\t\t\t\t<\/div>\n\t\t\t\t\t<\/div>\n\t\t\t\t<\/div>\n\t\t\t\t<\/div>\n\t\t","protected":false},"excerpt":{"rendered":"<p>Parcelles Fundo las T\u00f3rtolas, 35 min de Puerto Varas, prairies, arbres indig\u00e8nes.<\/p>\n","protected":false},"featured_media":12813,"template":"","meta":{"_acf_changed":false},"product_brand":[],"product_cat":[113],"product_tag":[],"regiones":[226],"ciudades":[216],"class_list":{"0":"post-11354","1":"product","2":"type-product","3":"status-publish","4":"has-post-thumbnail","6":"product_cat-ohiggins-los-lagos-fr","7":"regiones-nuble-los_lagos","8":"ciudades-los-muermos","10":"first","11":"outofstock","12":"sold-individually","13":"shipping-taxable","14":"purchasable","15":"product-type-simple"},"acf":[],"yoast_head":"<!-- This site is optimized with the Yoast SEO Premium plugin v26.0 (Yoast SEO v27.3) - https:\/\/yoast.com\/product\/yoast-seo-premium-wordpress\/ -->\n<title>Parcelles de terrain Fundo Las T\u00f3rtolas - Produncan<\/title>\n<meta name=\"description\" content=\"Projet situ\u00e9 \u00e0 35 minutes \u00e0 l&#039;ouest de Puerto Varas, dans un endroit avec des prairies parfaites, de belles vues et un acc\u00e8s asphalt\u00e9 \u00e0 son entr\u00e9e.\" \/>\n<meta name=\"robots\" content=\"index, follow, max-snippet:-1, max-image-preview:large, max-video-preview:-1\" \/>\n<link rel=\"canonical\" href=\"https:\/\/produncan.cl\/fr\/produit\/parcelles-de-terrain-fundo-las-tortolas\/\" \/>\n<meta property=\"og:locale\" content=\"fr_FR\" \/>\n<meta property=\"og:type\" content=\"article\" \/>\n<meta property=\"og:title\" content=\"Parcelles de terrain Fundo Las T\u00f3rtolas\" \/>\n<meta property=\"og:description\" content=\"Projet situ\u00e9 \u00e0 35 minutes \u00e0 l&#039;ouest de Puerto Varas, dans un endroit avec des prairies parfaites, de belles vues et un acc\u00e8s asphalt\u00e9 \u00e0 son entr\u00e9e.\" \/>\n<meta property=\"og:url\" content=\"https:\/\/produncan.cl\/fr\/produit\/parcelles-de-terrain-fundo-las-tortolas\/\" \/>\n<meta property=\"og:site_name\" content=\"Produncan\" \/>\n<meta property=\"article:publisher\" content=\"https:\/\/web.facebook.com\/produncanland\" \/>\n<meta property=\"article:modified_time\" content=\"2024-01-24T13:37:49+00:00\" \/>\n<meta property=\"og:image\" content=\"https:\/\/produncan.cl\/wp-content\/uploads\/2023\/01\/Presentacion-Fundo-Las-Tortolas-vendido.webp\" \/>\n\t<meta property=\"og:image:width\" content=\"600\" \/>\n\t<meta property=\"og:image:height\" content=\"450\" \/>\n\t<meta property=\"og:image:type\" content=\"image\/webp\" \/>\n<meta name=\"twitter:card\" content=\"summary_large_image\" \/>\n<meta name=\"twitter:label1\" content=\"Price\" \/>\n\t<meta name=\"twitter:data1\" content=\"USD52.200,00\" \/>\n\t<meta name=\"twitter:label2\" content=\"Availability\" \/>\n\t<meta name=\"twitter:data2\" content=\"Out of stock\" \/>\n<script type=\"application\/ld+json\" class=\"yoast-schema-graph\">{\"@context\":\"https:\\\/\\\/schema.org\",\"@graph\":[{\"@type\":\"WebPage\",\"@id\":\"https:\\\/\\\/produncan.cl\\\/fr\\\/produit\\\/parcelles-de-terrain-fundo-las-tortolas\\\/\",\"url\":\"https:\\\/\\\/produncan.cl\\\/fr\\\/produit\\\/parcelles-de-terrain-fundo-las-tortolas\\\/\",\"name\":\"Parcelles de terrain Fundo Las T\u00f3rtolas - Produncan\",\"isPartOf\":{\"@id\":\"https:\\\/\\\/produncan.cl\\\/fr\\\/#website\"},\"primaryImageOfPage\":{\"@id\":\"https:\\\/\\\/produncan.cl\\\/fr\\\/produit\\\/parcelles-de-terrain-fundo-las-tortolas\\\/#primaryimage\"},\"image\":{\"@id\":\"https:\\\/\\\/produncan.cl\\\/fr\\\/produit\\\/parcelles-de-terrain-fundo-las-tortolas\\\/#primaryimage\"},\"thumbnailUrl\":\"https:\\\/\\\/produncan.cl\\\/wp-content\\\/uploads\\\/2023\\\/01\\\/Presentacion-Fundo-Las-Tortolas-vendido.webp\",\"datePublished\":\"2021-01-12T21:32:39+00:00\",\"dateModified\":\"2024-01-24T13:37:49+00:00\",\"description\":\"Projet situ\u00e9 \u00e0 35 minutes \u00e0 l'ouest de Puerto Varas, dans un endroit avec des prairies parfaites, de belles vues et un acc\u00e8s asphalt\u00e9 \u00e0 son entr\u00e9e.\",\"breadcrumb\":{\"@id\":\"https:\\\/\\\/produncan.cl\\\/fr\\\/produit\\\/parcelles-de-terrain-fundo-las-tortolas\\\/#breadcrumb\"},\"inLanguage\":\"fr-FR\",\"potentialAction\":[{\"@type\":\"ReadAction\",\"target\":[\"https:\\\/\\\/produncan.cl\\\/fr\\\/produit\\\/parcelles-de-terrain-fundo-las-tortolas\\\/\"]}]},{\"@type\":\"ImageObject\",\"inLanguage\":\"fr-FR\",\"@id\":\"https:\\\/\\\/produncan.cl\\\/fr\\\/produit\\\/parcelles-de-terrain-fundo-las-tortolas\\\/#primaryimage\",\"url\":\"https:\\\/\\\/produncan.cl\\\/wp-content\\\/uploads\\\/2023\\\/01\\\/Presentacion-Fundo-Las-Tortolas-vendido.webp\",\"contentUrl\":\"https:\\\/\\\/produncan.cl\\\/wp-content\\\/uploads\\\/2023\\\/01\\\/Presentacion-Fundo-Las-Tortolas-vendido.webp\",\"width\":600,\"height\":450},{\"@type\":\"BreadcrumbList\",\"@id\":\"https:\\\/\\\/produncan.cl\\\/fr\\\/produit\\\/parcelles-de-terrain-fundo-las-tortolas\\\/#breadcrumb\",\"itemListElement\":[{\"@type\":\"ListItem\",\"position\":1,\"name\":\"Inicio\",\"item\":\"https:\\\/\\\/produncan.cl\\\/fr\\\/\"},{\"@type\":\"ListItem\",\"position\":2,\"name\":\"Propri\u00e9t\u00e9s\",\"item\":\"https:\\\/\\\/produncan.cl\\\/propiedades\\\/\"},{\"@type\":\"ListItem\",\"position\":3,\"name\":\"Parcelles de terrain Fundo Las T\u00f3rtolas\"}]},{\"@type\":\"WebSite\",\"@id\":\"https:\\\/\\\/produncan.cl\\\/fr\\\/#website\",\"url\":\"https:\\\/\\\/produncan.cl\\\/fr\\\/\",\"name\":\"Produncan\",\"description\":\"Nous vous accompagnons dans votre projet de vie !\",\"publisher\":{\"@id\":\"https:\\\/\\\/produncan.cl\\\/fr\\\/#organization\"},\"potentialAction\":[{\"@type\":\"SearchAction\",\"target\":{\"@type\":\"EntryPoint\",\"urlTemplate\":\"https:\\\/\\\/produncan.cl\\\/fr\\\/?s={search_term_string}\"},\"query-input\":{\"@type\":\"PropertyValueSpecification\",\"valueRequired\":true,\"valueName\":\"search_term_string\"}}],\"inLanguage\":\"fr-FR\"},{\"@type\":\"Organization\",\"@id\":\"https:\\\/\\\/produncan.cl\\\/fr\\\/#organization\",\"name\":\"Produncan\",\"url\":\"https:\\\/\\\/produncan.cl\\\/fr\\\/\",\"logo\":{\"@type\":\"ImageObject\",\"inLanguage\":\"fr-FR\",\"@id\":\"https:\\\/\\\/produncan.cl\\\/fr\\\/#\\\/schema\\\/logo\\\/image\\\/\",\"url\":\"https:\\\/\\\/produncan.cl\\\/wp-content\\\/uploads\\\/2021\\\/03\\\/LOGO.jpeg\",\"contentUrl\":\"https:\\\/\\\/produncan.cl\\\/wp-content\\\/uploads\\\/2021\\\/03\\\/LOGO.jpeg\",\"width\":1280,\"height\":903,\"caption\":\"Produncan\"},\"image\":{\"@id\":\"https:\\\/\\\/produncan.cl\\\/fr\\\/#\\\/schema\\\/logo\\\/image\\\/\"},\"sameAs\":[\"https:\\\/\\\/web.facebook.com\\\/produncanland\",\"https:\\\/\\\/www.instagram.com\\\/pro_duncan\\\/\",\"https:\\\/\\\/www.linkedin.com\\\/company\\\/produncan-lands\\\/\",\"https:\\\/\\\/www.youtube.com\\\/channel\\\/UCu7N-f3x0svkazD-Eew1-QQ\"],\"description\":\"En Produncan somos especialistas en la venta de terrenos en el sur de Chile. Proveemos estancias, campos, parcelas y hoteles.\",\"email\":\"info@produncan.cl\"}]}<\/script>\n<meta property=\"og:video\" content=\"https:\/\/www.youtube.com\/embed\/2v_Ufpl6CFA\" \/>\n<meta property=\"og:video:type\" content=\"text\/html\" \/>\n<meta property=\"og:video:duration\" content=\"165\" \/>\n<meta property=\"og:video:width\" content=\"480\" \/>\n<meta property=\"og:video:height\" content=\"360\" \/>\n<meta property=\"ya:ovs:adult\" content=\"false\" \/>\n<meta property=\"ya:ovs:upload_date\" content=\"2021-01-12T21:32:39+00:00\" \/>\n<meta property=\"ya:ovs:allow_embed\" content=\"true\" \/>\n<meta property=\"product:price:amount\" content=\"52200.00\" \/>\n<meta property=\"product:price:currency\" content=\"USD\" \/>\n<meta property=\"og:availability\" content=\"out of stock\" \/>\n<meta property=\"product:availability\" content=\"out of stock\" \/>\n<meta property=\"product:condition\" content=\"new\" \/>\n<!-- \/ Yoast SEO Premium plugin. -->","yoast_head_json":{"title":"Parcelles de terrain Fundo Las T\u00f3rtolas - Produncan","description":"Projet situ\u00e9 \u00e0 35 minutes \u00e0 l'ouest de Puerto Varas, dans un endroit avec des prairies parfaites, de belles vues et un acc\u00e8s asphalt\u00e9 \u00e0 son entr\u00e9e.","robots":{"index":"index","follow":"follow","max-snippet":"max-snippet:-1","max-image-preview":"max-image-preview:large","max-video-preview":"max-video-preview:-1"},"canonical":"https:\/\/produncan.cl\/fr\/produit\/parcelles-de-terrain-fundo-las-tortolas\/","og_locale":"fr_FR","og_type":"article","og_title":"Parcelles de terrain Fundo Las T\u00f3rtolas","og_description":"Projet situ\u00e9 \u00e0 35 minutes \u00e0 l'ouest de Puerto Varas, dans un endroit avec des prairies parfaites, de belles vues et un acc\u00e8s asphalt\u00e9 \u00e0 son entr\u00e9e.","og_url":"https:\/\/produncan.cl\/fr\/produit\/parcelles-de-terrain-fundo-las-tortolas\/","og_site_name":"Produncan","article_publisher":"https:\/\/web.facebook.com\/produncanland","article_modified_time":"2024-01-24T13:37:49+00:00","og_image":[{"width":600,"height":450,"url":"https:\/\/produncan.cl\/wp-content\/uploads\/2023\/01\/Presentacion-Fundo-Las-Tortolas-vendido.webp","type":"image\/webp"}],"twitter_card":"summary_large_image","twitter_misc":{"Price":"USD52.200,00","Availability":"Out of stock"},"schema":{"@context":"https:\/\/schema.org","@graph":[{"@type":"WebPage","@id":"https:\/\/produncan.cl\/fr\/produit\/parcelles-de-terrain-fundo-las-tortolas\/","url":"https:\/\/produncan.cl\/fr\/produit\/parcelles-de-terrain-fundo-las-tortolas\/","name":"Parcelles de terrain Fundo Las T\u00f3rtolas - Produncan","isPartOf":{"@id":"https:\/\/produncan.cl\/fr\/#website"},"primaryImageOfPage":{"@id":"https:\/\/produncan.cl\/fr\/produit\/parcelles-de-terrain-fundo-las-tortolas\/#primaryimage"},"image":{"@id":"https:\/\/produncan.cl\/fr\/produit\/parcelles-de-terrain-fundo-las-tortolas\/#primaryimage"},"thumbnailUrl":"https:\/\/produncan.cl\/wp-content\/uploads\/2023\/01\/Presentacion-Fundo-Las-Tortolas-vendido.webp","datePublished":"2021-01-12T21:32:39+00:00","dateModified":"2024-01-24T13:37:49+00:00","description":"Projet situ\u00e9 \u00e0 35 minutes \u00e0 l'ouest de Puerto Varas, dans un endroit avec des prairies parfaites, de belles vues et un acc\u00e8s asphalt\u00e9 \u00e0 son entr\u00e9e.","breadcrumb":{"@id":"https:\/\/produncan.cl\/fr\/produit\/parcelles-de-terrain-fundo-las-tortolas\/#breadcrumb"},"inLanguage":"fr-FR","potentialAction":[{"@type":"ReadAction","target":["https:\/\/produncan.cl\/fr\/produit\/parcelles-de-terrain-fundo-las-tortolas\/"]}]},{"@type":"ImageObject","inLanguage":"fr-FR","@id":"https:\/\/produncan.cl\/fr\/produit\/parcelles-de-terrain-fundo-las-tortolas\/#primaryimage","url":"https:\/\/produncan.cl\/wp-content\/uploads\/2023\/01\/Presentacion-Fundo-Las-Tortolas-vendido.webp","contentUrl":"https:\/\/produncan.cl\/wp-content\/uploads\/2023\/01\/Presentacion-Fundo-Las-Tortolas-vendido.webp","width":600,"height":450},{"@type":"BreadcrumbList","@id":"https:\/\/produncan.cl\/fr\/produit\/parcelles-de-terrain-fundo-las-tortolas\/#breadcrumb","itemListElement":[{"@type":"ListItem","position":1,"name":"Inicio","item":"https:\/\/produncan.cl\/fr\/"},{"@type":"ListItem","position":2,"name":"Propri\u00e9t\u00e9s","item":"https:\/\/produncan.cl\/propiedades\/"},{"@type":"ListItem","position":3,"name":"Parcelles de terrain Fundo Las T\u00f3rtolas"}]},{"@type":"WebSite","@id":"https:\/\/produncan.cl\/fr\/#website","url":"https:\/\/produncan.cl\/fr\/","name":"Produncan","description":"Nous vous accompagnons dans votre projet de vie !","publisher":{"@id":"https:\/\/produncan.cl\/fr\/#organization"},"potentialAction":[{"@type":"SearchAction","target":{"@type":"EntryPoint","urlTemplate":"https:\/\/produncan.cl\/fr\/?s={search_term_string}"},"query-input":{"@type":"PropertyValueSpecification","valueRequired":true,"valueName":"search_term_string"}}],"inLanguage":"fr-FR"},{"@type":"Organization","@id":"https:\/\/produncan.cl\/fr\/#organization","name":"Produncan","url":"https:\/\/produncan.cl\/fr\/","logo":{"@type":"ImageObject","inLanguage":"fr-FR","@id":"https:\/\/produncan.cl\/fr\/#\/schema\/logo\/image\/","url":"https:\/\/produncan.cl\/wp-content\/uploads\/2021\/03\/LOGO.jpeg","contentUrl":"https:\/\/produncan.cl\/wp-content\/uploads\/2021\/03\/LOGO.jpeg","width":1280,"height":903,"caption":"Produncan"},"image":{"@id":"https:\/\/produncan.cl\/fr\/#\/schema\/logo\/image\/"},"sameAs":["https:\/\/web.facebook.com\/produncanland","https:\/\/www.instagram.com\/pro_duncan\/","https:\/\/www.linkedin.com\/company\/produncan-lands\/","https:\/\/www.youtube.com\/channel\/UCu7N-f3x0svkazD-Eew1-QQ"],"description":"En Produncan somos especialistas en la venta de terrenos en el sur de Chile. Proveemos estancias, campos, parcelas y hoteles.","email":"info@produncan.cl"}]},"og_video":"https:\/\/www.youtube.com\/embed\/2v_Ufpl6CFA","og_video_type":"text\/html","og_video_duration":"165","og_video_width":"480","og_video_height":"360","ya_ovs_adult":"false","ya_ovs_upload_date":"2021-01-12T21:32:39+00:00","ya_ovs_allow_embed":"true","product_price_amount":"52200.00","product_price_currency":"USD","og_availability":"out of stock","product_availability":"out of stock","product_condition":"new"},"_links":{"self":[{"href":"https:\/\/produncan.cl\/fr\/wp-json\/wp\/v2\/product\/11354","targetHints":{"allow":["GET"]}}],"collection":[{"href":"https:\/\/produncan.cl\/fr\/wp-json\/wp\/v2\/product"}],"about":[{"href":"https:\/\/produncan.cl\/fr\/wp-json\/wp\/v2\/types\/product"}],"version-history":[{"count":0,"href":"https:\/\/produncan.cl\/fr\/wp-json\/wp\/v2\/product\/11354\/revisions"}],"wp:featuredmedia":[{"embeddable":true,"href":"https:\/\/produncan.cl\/fr\/wp-json\/wp\/v2\/media\/12813"}],"wp:attachment":[{"href":"https:\/\/produncan.cl\/fr\/wp-json\/wp\/v2\/media?parent=11354"}],"wp:term":[{"taxonomy":"product_brand","embeddable":true,"href":"https:\/\/produncan.cl\/fr\/wp-json\/wp\/v2\/product_brand?post=11354"},{"taxonomy":"product_cat","embeddable":true,"href":"https:\/\/produncan.cl\/fr\/wp-json\/wp\/v2\/product_cat?post=11354"},{"taxonomy":"product_tag","embeddable":true,"href":"https:\/\/produncan.cl\/fr\/wp-json\/wp\/v2\/product_tag?post=11354"},{"taxonomy":"regiones","embeddable":true,"href":"https:\/\/produncan.cl\/fr\/wp-json\/wp\/v2\/regiones?post=11354"},{"taxonomy":"ciudades","embeddable":true,"href":"https:\/\/produncan.cl\/fr\/wp-json\/wp\/v2\/ciudades?post=11354"}],"curies":[{"name":"wp","href":"https:\/\/api.w.org\/{rel}","templated":true}]}}