{"id":11615,"date":"2022-01-24T16:21:02","date_gmt":"2022-01-24T19:21:02","guid":{"rendered":"https:\/\/produncan.cl\/producto\/parcelles-aldea-centinela-malalcahuello\/"},"modified":"2026-03-12T13:04:02","modified_gmt":"2026-03-12T16:04:02","slug":"parcelles-aldea-centinela-malalcahuello","status":"publish","type":"product","link":"https:\/\/produncan.cl\/fr\/produit\/parcelles-aldea-centinela-malalcahuello\/","title":{"rendered":"Parcelles Aldea Centinela &#8211; Malalcahuello"},"content":{"rendered":"\t\t<div data-elementor-type=\"product-post\" data-elementor-id=\"11615\" class=\"elementor elementor-11615 elementor-11436\" data-elementor-post-type=\"product\">\n\t\t\t\t<div class=\"elementor-element elementor-element-5c1d85b e-flex e-con-boxed e-con e-parent\" data-id=\"5c1d85b\" data-element_type=\"container\" data-e-type=\"container\" data-settings=\"{&quot;jet_parallax_layout_list&quot;:[]}\">\n\t\t\t\t\t<div class=\"e-con-inner\">\n\t\t\t\t<div class=\"elementor-element elementor-element-3a441f2 elementor-widget elementor-widget-heading\" data-id=\"3a441f2\" data-element_type=\"widget\" data-e-type=\"widget\" data-widget_type=\"heading.default\">\n\t\t\t\t\t<h2 class=\"elementor-heading-title elementor-size-default\">Un super projet de logement avec ligne commerciale pr\u00e8s de Malalcahuello et du centre de ski de Corralco !<\/h2>\t\t\t\t<\/div>\n\t\t\t\t\t<\/div>\n\t\t\t\t<\/div>\n\t\t<div class=\"elementor-element elementor-element-17b7703 e-flex e-con-boxed e-con e-parent\" data-id=\"17b7703\" data-element_type=\"container\" data-e-type=\"container\" data-settings=\"{&quot;jet_parallax_layout_list&quot;:[]}\">\n\t\t\t\t\t<div class=\"e-con-inner\">\n\t\t\t\t<div class=\"elementor-element elementor-element-6bbb829 elementor-widget elementor-widget-text-editor\" data-id=\"6bbb829\" data-element_type=\"widget\" data-e-type=\"widget\" data-widget_type=\"text-editor.default\">\n\t\t\t\t\t\t\t\t\t<p>Aldea Centinela est un projet de lots r\u00e9sidentiels et commerciaux situ\u00e9 \u00e0 15 minutes du village de Malalcahuello, \u00e0 25 minutes du centre de Sk\u00ed Corralco et \u00e0 1h30 de Temuco, avec de superbes vues au nord sur le volcan Lonquimay et au sud sur la Sierra Nevada.<\/p>\n<p><span style=\"color: var( --e-global-color-text ); font-family: var( --e-global-typography-text-font-family ), Sans-serif; font-weight: var( --e-global-typography-text-font-weight ); text-align: var(--text-align);\">Le projet de logement consiste en 24 parcelles de 5000 m\u00b2, caract\u00e9ris\u00e9es pour la plupart par des prairies en pente douce et des arbres indig\u00e8nes de la r\u00e9gion.<\/span><\/p>\n<p><span style=\"color: var( --e-global-color-text ); font-family: var( --e-global-typography-text-font-family ), Sans-serif; font-weight: var( --e-global-typography-text-font-weight ); text-align: var(--text-align);\">A l&#8217;entr\u00e9e, le projet dispose de 5 parcelles commerciales de 5000m\u00b2, avec une plus grande exposition au public et de grandes vues panoramiques.<\/span><\/p>\n<p><span style=\"color: var( --e-global-color-text ); font-family: var( --e-global-typography-text-font-family ), Sans-serif; font-weight: var( --e-global-typography-text-font-weight ); text-align: var(--text-align);\">Le projet comprend l&#8217;alimentation \u00e9lectrique souterraine, l&#8217;eau potable certifi\u00e9e, un portail d&#8217;acc\u00e8s t\u00e9l\u00e9command\u00e9 et le nettoyage des routes internes.<\/span><\/p>\n<p><span style=\"color: var( --e-global-color-text ); font-family: var( --e-global-typography-text-font-family ), Sans-serif; font-weight: var( --e-global-typography-text-font-weight ); text-align: var(--text-align);\">L&#8217;acc\u00e8s \u00e0 Aldea Centinela se fait par une route goudronn\u00e9e jusqu&#8217;\u00e0 Malalcahuello, puis par une route rurale en gravier en excellent \u00e9tat. Avant d&#8217;entrer dans le projet, vous traversez un secteur avec des maisons dont l&#8217;architecture compl\u00e8te tr\u00e8s bien le paysage, contribuant ainsi \u00e0 la valeur ajout\u00e9e du secteur. Enfin, vous montez un court chemin en pente jusqu&#8217;\u00e0 l&#8217;entr\u00e9e, vous permettant de profiter de l&#8217;incroyable vue panoramique de la zone.<\/span><\/p>\n<p><span style=\"color: var( --e-global-color-text ); font-family: var( --e-global-typography-text-font-family ), Sans-serif; font-weight: var( --e-global-typography-text-font-weight ); text-align: var(--text-align);\">Dans les environs, vous pouvez acc\u00e9der aux sources thermales de Malalcahuello, \u00e0 un parc \u00e0 v\u00e9lo, \u00e0 des points de vue, \u00e0 des cascades, \u00e0 des sentiers de randonn\u00e9e, \u00e0 une vari\u00e9t\u00e9 de restaurants, ainsi qu&#8217;au centre de ski de Corralco, \u00e0 des centres de yoga, au kayak, au rafting, aux parcs nationaux de Conguillio et de Tolhuaca, \u00e0 la r\u00e9serve nationale de Malalcahuello, au Salto de La Princesa, au T\u00fanel Las Ra\u00edces, \u00e0 la Ciclov\u00eda Manzanar &#8211; Malalcahuello, \u00e0 Cr\u00e1ter Navidad et \u00e0 Cuesta Las Ra\u00edces.<\/span><\/p>\n<p><span style=\"color: var( --e-global-color-text ); font-family: var( --e-global-typography-text-font-family ), Sans-serif; font-weight: var( --e-global-typography-text-font-weight ); text-align: var(--text-align);\">R\u00e9servez votre parcelle avec UF100. <\/span><\/p>\n<\/p>\n<p>Vous pouvez acheter avec des facilit\u00e9s de paiement :<\/p>\n<ul>\n<li>12 versements fixes sans int\u00e9r\u00eat, nous appliquons une remise de 5%,<\/li>\n<li>18 versements fixes sans int\u00e9r\u00eat (sans remise)<\/li>\n<li>Et bien s\u00fbr, vous pouvez acheter avec un cr\u00e9dit hypoth\u00e9caire, consultez les banques associ\u00e9es.<\/li>\n<\/ul>\n<div> <\/div>\n<p>VENEZ \u00c0 SENTINEL VILLAGE ET VIVEZ UNE EXP\u00c9RIENCE UNIQUE !<\/p>\n\t\t\t\t\t\t\t\t<\/div>\n\t\t\t\t\t<\/div>\n\t\t\t\t<\/div>\n\t\t\t\t<\/div>\n\t\t","protected":false},"excerpt":{"rendered":"<p>Projet de logement pr\u00e8s de Malalcahuello, vue sur le volcan Lonquimay, Sierra Nevada.<\/p>\n","protected":false},"featured_media":21537,"template":"","meta":{"_acf_changed":false},"product_brand":[],"product_cat":[113],"product_tag":[],"regiones":[226],"ciudades":[],"class_list":{"0":"post-11615","1":"product","2":"type-product","3":"status-publish","4":"has-post-thumbnail","6":"product_cat-ohiggins-los-lagos-fr","7":"regiones-nuble-los_lagos","9":"first","10":"outofstock","11":"shipping-taxable","12":"product-type-simple"},"acf":[],"yoast_head":"<!-- This site is optimized with the Yoast SEO Premium plugin v26.0 (Yoast SEO v27.4) - https:\/\/yoast.com\/product\/yoast-seo-premium-wordpress\/ -->\n<title>Parcelles Aldea Centinela - Malalcahuello - Produncan<\/title>\n<meta name=\"description\" content=\"Aldea Centinela est un projet de logements et de lots commerciaux situ\u00e9 \u00e0 15 minutes du village de Malalcahuello, avec une vue imprenable sur le volcan Lonquimay.\" \/>\n<meta name=\"robots\" content=\"index, follow, max-snippet:-1, max-image-preview:large, max-video-preview:-1\" \/>\n<link rel=\"canonical\" href=\"https:\/\/produncan.cl\/fr\/produit\/parcelles-aldea-centinela-malalcahuello\/\" \/>\n<meta property=\"og:locale\" content=\"fr_FR\" \/>\n<meta property=\"og:type\" content=\"article\" \/>\n<meta property=\"og:title\" content=\"Parcelles Aldea Centinela - Malalcahuello\" \/>\n<meta property=\"og:description\" content=\"Aldea Centinela est un projet de logements et de lots commerciaux situ\u00e9 \u00e0 15 minutes du village de Malalcahuello, avec une vue imprenable sur le volcan Lonquimay.\" \/>\n<meta property=\"og:url\" content=\"https:\/\/produncan.cl\/fr\/produit\/parcelles-aldea-centinela-malalcahuello\/\" \/>\n<meta property=\"og:site_name\" content=\"Produncan\" \/>\n<meta property=\"article:publisher\" content=\"https:\/\/web.facebook.com\/produncanland\" \/>\n<meta property=\"article:modified_time\" content=\"2026-03-12T16:04:02+00:00\" \/>\n<meta property=\"og:image\" content=\"https:\/\/produncan.cl\/wp-content\/uploads\/2023\/01\/Aldea-Centinela-Vendido.webp\" \/>\n\t<meta property=\"og:image:width\" content=\"600\" \/>\n\t<meta property=\"og:image:height\" content=\"450\" \/>\n\t<meta property=\"og:image:type\" content=\"image\/webp\" \/>\n<meta name=\"twitter:card\" content=\"summary_large_image\" \/>\n<meta name=\"twitter:label1\" content=\"Price\" \/>\n\t<meta name=\"twitter:data1\" content=\"\" \/>\n\t<meta name=\"twitter:label2\" content=\"Availability\" \/>\n\t<meta name=\"twitter:data2\" content=\"Out of stock\" \/>\n<script type=\"application\/ld+json\" class=\"yoast-schema-graph\">{\"@context\":\"https:\\\/\\\/schema.org\",\"@graph\":[{\"@type\":\"WebPage\",\"@id\":\"https:\\\/\\\/produncan.cl\\\/fr\\\/produit\\\/parcelles-aldea-centinela-malalcahuello\\\/\",\"url\":\"https:\\\/\\\/produncan.cl\\\/fr\\\/produit\\\/parcelles-aldea-centinela-malalcahuello\\\/\",\"name\":\"Parcelles Aldea Centinela - Malalcahuello - Produncan\",\"isPartOf\":{\"@id\":\"https:\\\/\\\/produncan.cl\\\/fr\\\/#website\"},\"primaryImageOfPage\":{\"@id\":\"https:\\\/\\\/produncan.cl\\\/fr\\\/produit\\\/parcelles-aldea-centinela-malalcahuello\\\/#primaryimage\"},\"image\":{\"@id\":\"https:\\\/\\\/produncan.cl\\\/fr\\\/produit\\\/parcelles-aldea-centinela-malalcahuello\\\/#primaryimage\"},\"thumbnailUrl\":\"https:\\\/\\\/produncan.cl\\\/wp-content\\\/uploads\\\/2023\\\/01\\\/Aldea-Centinela-Vendido.webp\",\"datePublished\":\"2022-01-24T19:21:02+00:00\",\"dateModified\":\"2026-03-12T16:04:02+00:00\",\"description\":\"Aldea Centinela est un projet de logements et de lots commerciaux situ\u00e9 \u00e0 15 minutes du village de Malalcahuello, avec une vue imprenable sur le volcan Lonquimay.\",\"breadcrumb\":{\"@id\":\"https:\\\/\\\/produncan.cl\\\/fr\\\/produit\\\/parcelles-aldea-centinela-malalcahuello\\\/#breadcrumb\"},\"inLanguage\":\"fr-FR\",\"potentialAction\":[{\"@type\":\"ReadAction\",\"target\":[\"https:\\\/\\\/produncan.cl\\\/fr\\\/produit\\\/parcelles-aldea-centinela-malalcahuello\\\/\"]}]},{\"@type\":\"ImageObject\",\"inLanguage\":\"fr-FR\",\"@id\":\"https:\\\/\\\/produncan.cl\\\/fr\\\/produit\\\/parcelles-aldea-centinela-malalcahuello\\\/#primaryimage\",\"url\":\"https:\\\/\\\/produncan.cl\\\/wp-content\\\/uploads\\\/2023\\\/01\\\/Aldea-Centinela-Vendido.webp\",\"contentUrl\":\"https:\\\/\\\/produncan.cl\\\/wp-content\\\/uploads\\\/2023\\\/01\\\/Aldea-Centinela-Vendido.webp\",\"width\":600,\"height\":450},{\"@type\":\"BreadcrumbList\",\"@id\":\"https:\\\/\\\/produncan.cl\\\/fr\\\/produit\\\/parcelles-aldea-centinela-malalcahuello\\\/#breadcrumb\",\"itemListElement\":[{\"@type\":\"ListItem\",\"position\":1,\"name\":\"Inicio\",\"item\":\"https:\\\/\\\/produncan.cl\\\/fr\\\/\"},{\"@type\":\"ListItem\",\"position\":2,\"name\":\"Propri\u00e9t\u00e9s\",\"item\":\"https:\\\/\\\/produncan.cl\\\/propiedades\\\/\"},{\"@type\":\"ListItem\",\"position\":3,\"name\":\"Parcelles Aldea Centinela &#8211; Malalcahuello\"}]},{\"@type\":\"WebSite\",\"@id\":\"https:\\\/\\\/produncan.cl\\\/fr\\\/#website\",\"url\":\"https:\\\/\\\/produncan.cl\\\/fr\\\/\",\"name\":\"Produncan\",\"description\":\"Nous vous accompagnons dans votre projet de vie !\",\"publisher\":{\"@id\":\"https:\\\/\\\/produncan.cl\\\/fr\\\/#organization\"},\"potentialAction\":[{\"@type\":\"SearchAction\",\"target\":{\"@type\":\"EntryPoint\",\"urlTemplate\":\"https:\\\/\\\/produncan.cl\\\/fr\\\/?s={search_term_string}\"},\"query-input\":{\"@type\":\"PropertyValueSpecification\",\"valueRequired\":true,\"valueName\":\"search_term_string\"}}],\"inLanguage\":\"fr-FR\"},{\"@type\":\"Organization\",\"@id\":\"https:\\\/\\\/produncan.cl\\\/fr\\\/#organization\",\"name\":\"Produncan\",\"url\":\"https:\\\/\\\/produncan.cl\\\/fr\\\/\",\"logo\":{\"@type\":\"ImageObject\",\"inLanguage\":\"fr-FR\",\"@id\":\"https:\\\/\\\/produncan.cl\\\/fr\\\/#\\\/schema\\\/logo\\\/image\\\/\",\"url\":\"https:\\\/\\\/produncan.cl\\\/wp-content\\\/uploads\\\/2021\\\/03\\\/LOGO.jpeg\",\"contentUrl\":\"https:\\\/\\\/produncan.cl\\\/wp-content\\\/uploads\\\/2021\\\/03\\\/LOGO.jpeg\",\"width\":1280,\"height\":903,\"caption\":\"Produncan\"},\"image\":{\"@id\":\"https:\\\/\\\/produncan.cl\\\/fr\\\/#\\\/schema\\\/logo\\\/image\\\/\"},\"sameAs\":[\"https:\\\/\\\/web.facebook.com\\\/produncanland\",\"https:\\\/\\\/www.instagram.com\\\/pro_duncan\\\/\",\"https:\\\/\\\/www.linkedin.com\\\/company\\\/produncan-lands\\\/\",\"https:\\\/\\\/www.youtube.com\\\/channel\\\/UCu7N-f3x0svkazD-Eew1-QQ\"],\"description\":\"En Produncan somos especialistas en la venta de terrenos en el sur de Chile. Proveemos estancias, campos, parcelas y hoteles.\",\"email\":\"info@produncan.cl\"}]}<\/script>\n<meta property=\"og:video\" content=\"https:\/\/www.youtube.com\/embed\/XHhxpf05Cco\" \/>\n<meta property=\"og:video:type\" content=\"text\/html\" \/>\n<meta property=\"og:video:duration\" content=\"231\" \/>\n<meta property=\"og:video:width\" content=\"480\" \/>\n<meta property=\"og:video:height\" content=\"360\" \/>\n<meta property=\"ya:ovs:adult\" content=\"false\" \/>\n<meta property=\"ya:ovs:upload_date\" content=\"2022-01-24T19:21:02+00:00\" \/>\n<meta property=\"ya:ovs:allow_embed\" content=\"true\" \/>\n<meta property=\"product:price:currency\" content=\"USD\" \/>\n<meta property=\"og:availability\" content=\"out of stock\" \/>\n<meta property=\"product:availability\" content=\"out of stock\" \/>\n<meta property=\"product:condition\" content=\"new\" \/>\n<!-- \/ Yoast SEO Premium plugin. -->","yoast_head_json":{"title":"Parcelles Aldea Centinela - Malalcahuello - Produncan","description":"Aldea Centinela est un projet de logements et de lots commerciaux situ\u00e9 \u00e0 15 minutes du village de Malalcahuello, avec une vue imprenable sur le volcan Lonquimay.","robots":{"index":"index","follow":"follow","max-snippet":"max-snippet:-1","max-image-preview":"max-image-preview:large","max-video-preview":"max-video-preview:-1"},"canonical":"https:\/\/produncan.cl\/fr\/produit\/parcelles-aldea-centinela-malalcahuello\/","og_locale":"fr_FR","og_type":"article","og_title":"Parcelles Aldea Centinela - Malalcahuello","og_description":"Aldea Centinela est un projet de logements et de lots commerciaux situ\u00e9 \u00e0 15 minutes du village de Malalcahuello, avec une vue imprenable sur le volcan Lonquimay.","og_url":"https:\/\/produncan.cl\/fr\/produit\/parcelles-aldea-centinela-malalcahuello\/","og_site_name":"Produncan","article_publisher":"https:\/\/web.facebook.com\/produncanland","article_modified_time":"2026-03-12T16:04:02+00:00","og_image":[{"width":600,"height":450,"url":"https:\/\/produncan.cl\/wp-content\/uploads\/2023\/01\/Aldea-Centinela-Vendido.webp","type":"image\/webp"}],"twitter_card":"summary_large_image","twitter_misc":{"Price":"","Availability":"Out of stock"},"schema":{"@context":"https:\/\/schema.org","@graph":[{"@type":"WebPage","@id":"https:\/\/produncan.cl\/fr\/produit\/parcelles-aldea-centinela-malalcahuello\/","url":"https:\/\/produncan.cl\/fr\/produit\/parcelles-aldea-centinela-malalcahuello\/","name":"Parcelles Aldea Centinela - Malalcahuello - Produncan","isPartOf":{"@id":"https:\/\/produncan.cl\/fr\/#website"},"primaryImageOfPage":{"@id":"https:\/\/produncan.cl\/fr\/produit\/parcelles-aldea-centinela-malalcahuello\/#primaryimage"},"image":{"@id":"https:\/\/produncan.cl\/fr\/produit\/parcelles-aldea-centinela-malalcahuello\/#primaryimage"},"thumbnailUrl":"https:\/\/produncan.cl\/wp-content\/uploads\/2023\/01\/Aldea-Centinela-Vendido.webp","datePublished":"2022-01-24T19:21:02+00:00","dateModified":"2026-03-12T16:04:02+00:00","description":"Aldea Centinela est un projet de logements et de lots commerciaux situ\u00e9 \u00e0 15 minutes du village de Malalcahuello, avec une vue imprenable sur le volcan Lonquimay.","breadcrumb":{"@id":"https:\/\/produncan.cl\/fr\/produit\/parcelles-aldea-centinela-malalcahuello\/#breadcrumb"},"inLanguage":"fr-FR","potentialAction":[{"@type":"ReadAction","target":["https:\/\/produncan.cl\/fr\/produit\/parcelles-aldea-centinela-malalcahuello\/"]}]},{"@type":"ImageObject","inLanguage":"fr-FR","@id":"https:\/\/produncan.cl\/fr\/produit\/parcelles-aldea-centinela-malalcahuello\/#primaryimage","url":"https:\/\/produncan.cl\/wp-content\/uploads\/2023\/01\/Aldea-Centinela-Vendido.webp","contentUrl":"https:\/\/produncan.cl\/wp-content\/uploads\/2023\/01\/Aldea-Centinela-Vendido.webp","width":600,"height":450},{"@type":"BreadcrumbList","@id":"https:\/\/produncan.cl\/fr\/produit\/parcelles-aldea-centinela-malalcahuello\/#breadcrumb","itemListElement":[{"@type":"ListItem","position":1,"name":"Inicio","item":"https:\/\/produncan.cl\/fr\/"},{"@type":"ListItem","position":2,"name":"Propri\u00e9t\u00e9s","item":"https:\/\/produncan.cl\/propiedades\/"},{"@type":"ListItem","position":3,"name":"Parcelles Aldea Centinela &#8211; Malalcahuello"}]},{"@type":"WebSite","@id":"https:\/\/produncan.cl\/fr\/#website","url":"https:\/\/produncan.cl\/fr\/","name":"Produncan","description":"Nous vous accompagnons dans votre projet de vie !","publisher":{"@id":"https:\/\/produncan.cl\/fr\/#organization"},"potentialAction":[{"@type":"SearchAction","target":{"@type":"EntryPoint","urlTemplate":"https:\/\/produncan.cl\/fr\/?s={search_term_string}"},"query-input":{"@type":"PropertyValueSpecification","valueRequired":true,"valueName":"search_term_string"}}],"inLanguage":"fr-FR"},{"@type":"Organization","@id":"https:\/\/produncan.cl\/fr\/#organization","name":"Produncan","url":"https:\/\/produncan.cl\/fr\/","logo":{"@type":"ImageObject","inLanguage":"fr-FR","@id":"https:\/\/produncan.cl\/fr\/#\/schema\/logo\/image\/","url":"https:\/\/produncan.cl\/wp-content\/uploads\/2021\/03\/LOGO.jpeg","contentUrl":"https:\/\/produncan.cl\/wp-content\/uploads\/2021\/03\/LOGO.jpeg","width":1280,"height":903,"caption":"Produncan"},"image":{"@id":"https:\/\/produncan.cl\/fr\/#\/schema\/logo\/image\/"},"sameAs":["https:\/\/web.facebook.com\/produncanland","https:\/\/www.instagram.com\/pro_duncan\/","https:\/\/www.linkedin.com\/company\/produncan-lands\/","https:\/\/www.youtube.com\/channel\/UCu7N-f3x0svkazD-Eew1-QQ"],"description":"En Produncan somos especialistas en la venta de terrenos en el sur de Chile. Proveemos estancias, campos, parcelas y hoteles.","email":"info@produncan.cl"}]},"og_video":"https:\/\/www.youtube.com\/embed\/XHhxpf05Cco","og_video_type":"text\/html","og_video_duration":"231","og_video_width":"480","og_video_height":"360","ya_ovs_adult":"false","ya_ovs_upload_date":"2022-01-24T19:21:02+00:00","ya_ovs_allow_embed":"true","product_price_currency":"USD","og_availability":"out of stock","product_availability":"out of stock","product_condition":"new"},"_links":{"self":[{"href":"https:\/\/produncan.cl\/fr\/wp-json\/wp\/v2\/product\/11615","targetHints":{"allow":["GET"]}}],"collection":[{"href":"https:\/\/produncan.cl\/fr\/wp-json\/wp\/v2\/product"}],"about":[{"href":"https:\/\/produncan.cl\/fr\/wp-json\/wp\/v2\/types\/product"}],"version-history":[{"count":1,"href":"https:\/\/produncan.cl\/fr\/wp-json\/wp\/v2\/product\/11615\/revisions"}],"predecessor-version":[{"id":54885,"href":"https:\/\/produncan.cl\/fr\/wp-json\/wp\/v2\/product\/11615\/revisions\/54885"}],"wp:featuredmedia":[{"embeddable":true,"href":"https:\/\/produncan.cl\/fr\/wp-json\/wp\/v2\/media\/21537"}],"wp:attachment":[{"href":"https:\/\/produncan.cl\/fr\/wp-json\/wp\/v2\/media?parent=11615"}],"wp:term":[{"taxonomy":"product_brand","embeddable":true,"href":"https:\/\/produncan.cl\/fr\/wp-json\/wp\/v2\/product_brand?post=11615"},{"taxonomy":"product_cat","embeddable":true,"href":"https:\/\/produncan.cl\/fr\/wp-json\/wp\/v2\/product_cat?post=11615"},{"taxonomy":"product_tag","embeddable":true,"href":"https:\/\/produncan.cl\/fr\/wp-json\/wp\/v2\/product_tag?post=11615"},{"taxonomy":"regiones","embeddable":true,"href":"https:\/\/produncan.cl\/fr\/wp-json\/wp\/v2\/regiones?post=11615"},{"taxonomy":"ciudades","embeddable":true,"href":"https:\/\/produncan.cl\/fr\/wp-json\/wp\/v2\/ciudades?post=11615"}],"curies":[{"name":"wp","href":"https:\/\/api.w.org\/{rel}","templated":true}]}}