{"id":11840,"date":"2022-05-07T13:18:46","date_gmt":"2022-05-07T17:18:46","guid":{"rendered":"https:\/\/produncan.cl\/producto\/campito-chaquihuan-906ha-bellavista-r-de-los-lagos\/"},"modified":"2025-10-13T18:37:50","modified_gmt":"2025-10-13T21:37:50","slug":"campito-chaquihuan-906ha-bellavista-r-de-los-lagos","status":"publish","type":"product","link":"https:\/\/produncan.cl\/fr\/produit\/campito-chaquihuan-906ha-bellavista-r-de-los-lagos\/","title":{"rendered":"Campito Chaquihu\u00e1n 9,06ha &#8211; Bellavista, Regi\u00f3n de los Lagos"},"content":{"rendered":"\t\t<div data-elementor-type=\"product-post\" data-elementor-id=\"11840\" class=\"elementor elementor-11840 elementor-11625\" data-elementor-post-type=\"product\">\n\t\t\t\t<div class=\"elementor-element elementor-element-ab5055a e-flex e-con-boxed e-con e-parent\" data-id=\"ab5055a\" data-element_type=\"container\" data-e-type=\"container\" data-settings=\"{&quot;jet_parallax_layout_list&quot;:[]}\">\n\t\t\t\t\t<div class=\"e-con-inner\">\n\t\t\t\t<div class=\"elementor-element elementor-element-c4abeeb elementor-widget elementor-widget-heading\" data-id=\"c4abeeb\" data-element_type=\"widget\" data-e-type=\"widget\" data-widget_type=\"heading.default\">\n\t\t\t\t\t<h2 class=\"elementor-heading-title elementor-size-default\">Un Campito id\u00e9al pour se d\u00e9placer entre les Muermos et Estaquilla !<\/h2>\t\t\t\t<\/div>\n\t\t\t\t<div class=\"elementor-element elementor-element-9d96b59 elementor-widget elementor-widget-text-editor\" data-id=\"9d96b59\" data-element_type=\"widget\" data-e-type=\"widget\" data-widget_type=\"text-editor.default\">\n\t\t\t\t\t\t\t\t\t<p>Bienvenue sur un magnifique terrain de 9,06 hectares, situ\u00e9 \u00e0 l&#8217;ouest de Puerto Varas et \u00e0 51 minutes de l&#8217;a\u00e9roport El Tepual de Puerto Montt. <\/p><p><span style=\"color: var( --e-global-color-text ); font-family: var( --e-global-typography-text-font-family ), Sans-serif; font-weight: var( --e-global-typography-text-font-weight ); text-align: var(--text-align);\">On acc\u00e8de au campito par la route asphalt\u00e9e qui relie la ville de Los Muermos et Estaquilla, puis par un chemin de gravier de 2,3 km en excellent \u00e9tat.<\/span><\/p><p><span style=\"color: var( --e-global-color-text ); font-family: var( --e-global-typography-text-font-family ), Sans-serif; font-weight: var( --e-global-typography-text-font-weight ); text-align: var(--text-align);\">Une ligne \u00e9lectrique passe le long de la route de campagne adjacente \u00e0 la propri\u00e9t\u00e9, elle est aliment\u00e9e en eau par deux sources, dispose d&#8217;un bon signal t\u00e9l\u00e9phonique et offre une belle vue sur les champs verts au nord, \u00e0 l&#8217;ouest et au sud-ouest.<\/span><\/p><p><span style=\"color: var( --e-global-color-text ); font-family: var( --e-global-typography-text-font-family ), Sans-serif; font-weight: var( --e-global-typography-text-font-weight ); text-align: var(--text-align);\">Le champ est en grande partie plat, et sur son c\u00f4t\u00e9 sud il a une l\u00e9g\u00e8re pente permettant une grande vue vers le sud-ouest.<\/span><\/p><p><span style=\"color: var( --e-global-color-text ); font-family: var( --e-global-typography-text-font-family ), Sans-serif; font-weight: var( --e-global-typography-text-font-weight ); text-align: var(--text-align);\">La propri\u00e9t\u00e9 compte 20 % de prairies et 80 % d&#8217;arbres indig\u00e8nes, o\u00f9 l&#8217;on trouve, entre autres, l&#8217;ulmo, le tepa, le luma, le noisetier, la cannelle, le ma\u00f1\u00edo, la murta et le maqui. Le champ dispose \u00e9galement d&#8217;une cl\u00f4ture rurale avec des piquets et du fil de fer.<\/span><\/p><p><span style=\"color: var( --e-global-color-text ); font-family: var( --e-global-typography-text-font-family ), Sans-serif; font-weight: var( --e-global-typography-text-font-weight ); text-align: var(--text-align);\">Le camp est situ\u00e9 \u00e0 19kms de la plage d&#8217;Estaquilla et \u00e0 24kms de Los Muermos.<\/span><\/p><p><span style=\"color: var( --e-global-color-text ); font-family: var( --e-global-typography-text-font-family ), Sans-serif; font-weight: var( --e-global-typography-text-font-weight ); text-align: var(--text-align);\">Le secteur pr\u00e9sente une forte valeur ajout\u00e9e en raison de sa beaut\u00e9, du d\u00e9veloppement touristique important dans les environs d&#8217;Estaquilla, de Hua-Huar et de Puerto Godoy, et parce qu&#8217;il constitue une option pour ceux qui cherchent \u00e0 s&#8217;installer dans les environs de Puerto Varas.<\/span><\/p><p><span style=\"color: var( --e-global-color-text ); font-family: var( --e-global-typography-text-font-family ), Sans-serif; font-weight: var( --e-global-typography-text-font-weight ); text-align: var(--text-align);\">Il a tous ses documents \u00e0 jour et est pr\u00eat \u00e0 \u00eatre transf\u00e9r\u00e9.<\/span><\/p><p><span style=\"color: var( --e-global-color-text ); font-family: var( --e-global-typography-text-font-family ), Sans-serif; font-weight: var( --e-global-typography-text-font-weight ); text-align: var(--text-align);\">N&#8217;ATTENDEZ PLUS ET VIVEZ VOS MEILLEURES ANN\u00c9ES DANS UN CADRE MAGNIFIQUE !<\/span><\/p>\t\t\t\t\t\t\t\t<\/div>\n\t\t\t\t\t<\/div>\n\t\t\t\t<\/div>\n\t\t\t\t<\/div>\n\t\t","protected":false},"excerpt":{"rendered":"<p>Campito \u00e0 l&#8217;ouest de Puerto Varas, eau, \u00e9lectricit\u00e9, bon signal.<\/p>\n","protected":false},"featured_media":11630,"template":"","meta":{"_acf_changed":false},"product_brand":[],"product_cat":[113],"product_tag":[233],"regiones":[226],"ciudades":[216],"class_list":{"0":"post-11840","1":"product","2":"type-product","3":"status-publish","4":"has-post-thumbnail","6":"product_cat-ohiggins-los-lagos-fr","7":"product_tag-champs","8":"regiones-nuble-los_lagos","9":"ciudades-los-muermos","11":"first","12":"instock","13":"sold-individually","14":"shipping-taxable","15":"purchasable","16":"product-type-simple"},"acf":[],"yoast_head":"<!-- This site is optimized with the Yoast SEO Premium plugin v26.0 (Yoast SEO v27.3) - https:\/\/yoast.com\/product\/yoast-seo-premium-wordpress\/ -->\n<title>Campito Chaquihu\u00e1n 9,06ha - Bellavista, Regi\u00f3n de los Lagos - Produncan<\/title>\n<meta name=\"description\" content=\"Campito de 9,06 hectares, situ\u00e9 \u00e0 l&#039;ouest de Puerto Varas, dispose d&#039;eau, l&#039;\u00e9lectricit\u00e9 et un bon signal de t\u00e9l\u00e9communications.\" \/>\n<meta name=\"robots\" content=\"index, follow, max-snippet:-1, max-image-preview:large, max-video-preview:-1\" \/>\n<link rel=\"canonical\" href=\"https:\/\/produncan.cl\/fr\/produit\/campito-chaquihuan-906ha-bellavista-r-de-los-lagos\/\" \/>\n<meta property=\"og:locale\" content=\"fr_FR\" \/>\n<meta property=\"og:type\" content=\"article\" \/>\n<meta property=\"og:title\" content=\"Campito Chaquihu\u00e1n 9,06ha - Bellavista, Regi\u00f3n de los Lagos\" \/>\n<meta property=\"og:description\" content=\"Campito de 9,06 hectares, situ\u00e9 \u00e0 l&#039;ouest de Puerto Varas, dispose d&#039;eau, l&#039;\u00e9lectricit\u00e9 et un bon signal de t\u00e9l\u00e9communications.\" \/>\n<meta property=\"og:url\" content=\"https:\/\/produncan.cl\/fr\/produit\/campito-chaquihuan-906ha-bellavista-r-de-los-lagos\/\" \/>\n<meta property=\"og:site_name\" content=\"Produncan\" \/>\n<meta property=\"article:publisher\" content=\"https:\/\/web.facebook.com\/produncanland\" \/>\n<meta property=\"article:modified_time\" content=\"2025-10-13T21:37:50+00:00\" \/>\n<meta property=\"og:image\" content=\"https:\/\/produncan.cl\/wp-content\/uploads\/2023\/02\/Presentacion-Campito-Chaquihuan.webp\" \/>\n\t<meta property=\"og:image:width\" content=\"600\" \/>\n\t<meta property=\"og:image:height\" content=\"450\" \/>\n\t<meta property=\"og:image:type\" content=\"image\/webp\" \/>\n<meta name=\"twitter:card\" content=\"summary_large_image\" \/>\n<meta name=\"twitter:label1\" content=\"Price\" \/>\n\t<meta name=\"twitter:data1\" content=\"USD188.100,00\" \/>\n\t<meta name=\"twitter:label2\" content=\"Availability\" \/>\n\t<meta name=\"twitter:data2\" content=\"In stock\" \/>\n<script type=\"application\/ld+json\" class=\"yoast-schema-graph\">{\"@context\":\"https:\\\/\\\/schema.org\",\"@graph\":[{\"@type\":\"WebPage\",\"@id\":\"https:\\\/\\\/produncan.cl\\\/fr\\\/produit\\\/campito-chaquihuan-906ha-bellavista-r-de-los-lagos\\\/\",\"url\":\"https:\\\/\\\/produncan.cl\\\/fr\\\/produit\\\/campito-chaquihuan-906ha-bellavista-r-de-los-lagos\\\/\",\"name\":\"Campito Chaquihu\u00e1n 9,06ha - Bellavista, Regi\u00f3n de los Lagos - Produncan\",\"isPartOf\":{\"@id\":\"https:\\\/\\\/produncan.cl\\\/fr\\\/#website\"},\"primaryImageOfPage\":{\"@id\":\"https:\\\/\\\/produncan.cl\\\/fr\\\/produit\\\/campito-chaquihuan-906ha-bellavista-r-de-los-lagos\\\/#primaryimage\"},\"image\":{\"@id\":\"https:\\\/\\\/produncan.cl\\\/fr\\\/produit\\\/campito-chaquihuan-906ha-bellavista-r-de-los-lagos\\\/#primaryimage\"},\"thumbnailUrl\":\"https:\\\/\\\/produncan.cl\\\/wp-content\\\/uploads\\\/2023\\\/02\\\/Presentacion-Campito-Chaquihuan.webp\",\"datePublished\":\"2022-05-07T17:18:46+00:00\",\"dateModified\":\"2025-10-13T21:37:50+00:00\",\"description\":\"Campito de 9,06 hectares, situ\u00e9 \u00e0 l'ouest de Puerto Varas, dispose d'eau, l'\u00e9lectricit\u00e9 et un bon signal de t\u00e9l\u00e9communications.\",\"breadcrumb\":{\"@id\":\"https:\\\/\\\/produncan.cl\\\/fr\\\/produit\\\/campito-chaquihuan-906ha-bellavista-r-de-los-lagos\\\/#breadcrumb\"},\"inLanguage\":\"fr-FR\",\"potentialAction\":[{\"@type\":\"ReadAction\",\"target\":[\"https:\\\/\\\/produncan.cl\\\/fr\\\/produit\\\/campito-chaquihuan-906ha-bellavista-r-de-los-lagos\\\/\"]}]},{\"@type\":\"ImageObject\",\"inLanguage\":\"fr-FR\",\"@id\":\"https:\\\/\\\/produncan.cl\\\/fr\\\/produit\\\/campito-chaquihuan-906ha-bellavista-r-de-los-lagos\\\/#primaryimage\",\"url\":\"https:\\\/\\\/produncan.cl\\\/wp-content\\\/uploads\\\/2023\\\/02\\\/Presentacion-Campito-Chaquihuan.webp\",\"contentUrl\":\"https:\\\/\\\/produncan.cl\\\/wp-content\\\/uploads\\\/2023\\\/02\\\/Presentacion-Campito-Chaquihuan.webp\",\"width\":600,\"height\":450},{\"@type\":\"BreadcrumbList\",\"@id\":\"https:\\\/\\\/produncan.cl\\\/fr\\\/produit\\\/campito-chaquihuan-906ha-bellavista-r-de-los-lagos\\\/#breadcrumb\",\"itemListElement\":[{\"@type\":\"ListItem\",\"position\":1,\"name\":\"Inicio\",\"item\":\"https:\\\/\\\/produncan.cl\\\/fr\\\/\"},{\"@type\":\"ListItem\",\"position\":2,\"name\":\"Propri\u00e9t\u00e9s\",\"item\":\"https:\\\/\\\/produncan.cl\\\/propiedades\\\/\"},{\"@type\":\"ListItem\",\"position\":3,\"name\":\"Champs\",\"item\":\"https:\\\/\\\/produncan.cl\\\/fr\\\/cat&eacute;gorie\\\/champs\\\/\"},{\"@type\":\"ListItem\",\"position\":4,\"name\":\"Campito Chaquihu\u00e1n 9,06ha &#8211; Bellavista, Regi\u00f3n de los Lagos\"}]},{\"@type\":\"WebSite\",\"@id\":\"https:\\\/\\\/produncan.cl\\\/fr\\\/#website\",\"url\":\"https:\\\/\\\/produncan.cl\\\/fr\\\/\",\"name\":\"Produncan\",\"description\":\"Nous vous accompagnons dans votre projet de vie !\",\"publisher\":{\"@id\":\"https:\\\/\\\/produncan.cl\\\/fr\\\/#organization\"},\"potentialAction\":[{\"@type\":\"SearchAction\",\"target\":{\"@type\":\"EntryPoint\",\"urlTemplate\":\"https:\\\/\\\/produncan.cl\\\/fr\\\/?s={search_term_string}\"},\"query-input\":{\"@type\":\"PropertyValueSpecification\",\"valueRequired\":true,\"valueName\":\"search_term_string\"}}],\"inLanguage\":\"fr-FR\"},{\"@type\":\"Organization\",\"@id\":\"https:\\\/\\\/produncan.cl\\\/fr\\\/#organization\",\"name\":\"Produncan\",\"url\":\"https:\\\/\\\/produncan.cl\\\/fr\\\/\",\"logo\":{\"@type\":\"ImageObject\",\"inLanguage\":\"fr-FR\",\"@id\":\"https:\\\/\\\/produncan.cl\\\/fr\\\/#\\\/schema\\\/logo\\\/image\\\/\",\"url\":\"https:\\\/\\\/produncan.cl\\\/wp-content\\\/uploads\\\/2021\\\/03\\\/LOGO.jpeg\",\"contentUrl\":\"https:\\\/\\\/produncan.cl\\\/wp-content\\\/uploads\\\/2021\\\/03\\\/LOGO.jpeg\",\"width\":1280,\"height\":903,\"caption\":\"Produncan\"},\"image\":{\"@id\":\"https:\\\/\\\/produncan.cl\\\/fr\\\/#\\\/schema\\\/logo\\\/image\\\/\"},\"sameAs\":[\"https:\\\/\\\/web.facebook.com\\\/produncanland\",\"https:\\\/\\\/www.instagram.com\\\/pro_duncan\\\/\",\"https:\\\/\\\/www.linkedin.com\\\/company\\\/produncan-lands\\\/\",\"https:\\\/\\\/www.youtube.com\\\/channel\\\/UCu7N-f3x0svkazD-Eew1-QQ\"],\"description\":\"En Produncan somos especialistas en la venta de terrenos en el sur de Chile. Proveemos estancias, campos, parcelas y hoteles.\",\"email\":\"info@produncan.cl\"}]}<\/script>\n<meta property=\"og:video\" content=\"https:\/\/www.youtube.com\/embed\/Z_2g4hYVQ7g\" \/>\n<meta property=\"og:video:type\" content=\"text\/html\" \/>\n<meta property=\"og:video:duration\" content=\"135\" \/>\n<meta property=\"og:video:width\" content=\"480\" \/>\n<meta property=\"og:video:height\" content=\"270\" \/>\n<meta property=\"ya:ovs:adult\" content=\"false\" \/>\n<meta property=\"ya:ovs:upload_date\" content=\"2022-05-07T17:18:46+00:00\" \/>\n<meta property=\"ya:ovs:allow_embed\" content=\"true\" \/>\n<meta property=\"product:price:amount\" content=\"188100.00\" \/>\n<meta property=\"product:price:currency\" content=\"USD\" \/>\n<meta property=\"og:availability\" content=\"instock\" \/>\n<meta property=\"product:availability\" content=\"instock\" \/>\n<meta property=\"product:condition\" content=\"new\" \/>\n<!-- \/ Yoast SEO Premium plugin. -->","yoast_head_json":{"title":"Campito Chaquihu\u00e1n 9,06ha - Bellavista, Regi\u00f3n de los Lagos - Produncan","description":"Campito de 9,06 hectares, situ\u00e9 \u00e0 l'ouest de Puerto Varas, dispose d'eau, l'\u00e9lectricit\u00e9 et un bon signal de t\u00e9l\u00e9communications.","robots":{"index":"index","follow":"follow","max-snippet":"max-snippet:-1","max-image-preview":"max-image-preview:large","max-video-preview":"max-video-preview:-1"},"canonical":"https:\/\/produncan.cl\/fr\/produit\/campito-chaquihuan-906ha-bellavista-r-de-los-lagos\/","og_locale":"fr_FR","og_type":"article","og_title":"Campito Chaquihu\u00e1n 9,06ha - Bellavista, Regi\u00f3n de los Lagos","og_description":"Campito de 9,06 hectares, situ\u00e9 \u00e0 l'ouest de Puerto Varas, dispose d'eau, l'\u00e9lectricit\u00e9 et un bon signal de t\u00e9l\u00e9communications.","og_url":"https:\/\/produncan.cl\/fr\/produit\/campito-chaquihuan-906ha-bellavista-r-de-los-lagos\/","og_site_name":"Produncan","article_publisher":"https:\/\/web.facebook.com\/produncanland","article_modified_time":"2025-10-13T21:37:50+00:00","og_image":[{"width":600,"height":450,"url":"https:\/\/produncan.cl\/wp-content\/uploads\/2023\/02\/Presentacion-Campito-Chaquihuan.webp","type":"image\/webp"}],"twitter_card":"summary_large_image","twitter_misc":{"Price":"USD188.100,00","Availability":"In stock"},"schema":{"@context":"https:\/\/schema.org","@graph":[{"@type":"WebPage","@id":"https:\/\/produncan.cl\/fr\/produit\/campito-chaquihuan-906ha-bellavista-r-de-los-lagos\/","url":"https:\/\/produncan.cl\/fr\/produit\/campito-chaquihuan-906ha-bellavista-r-de-los-lagos\/","name":"Campito Chaquihu\u00e1n 9,06ha - Bellavista, Regi\u00f3n de los Lagos - Produncan","isPartOf":{"@id":"https:\/\/produncan.cl\/fr\/#website"},"primaryImageOfPage":{"@id":"https:\/\/produncan.cl\/fr\/produit\/campito-chaquihuan-906ha-bellavista-r-de-los-lagos\/#primaryimage"},"image":{"@id":"https:\/\/produncan.cl\/fr\/produit\/campito-chaquihuan-906ha-bellavista-r-de-los-lagos\/#primaryimage"},"thumbnailUrl":"https:\/\/produncan.cl\/wp-content\/uploads\/2023\/02\/Presentacion-Campito-Chaquihuan.webp","datePublished":"2022-05-07T17:18:46+00:00","dateModified":"2025-10-13T21:37:50+00:00","description":"Campito de 9,06 hectares, situ\u00e9 \u00e0 l'ouest de Puerto Varas, dispose d'eau, l'\u00e9lectricit\u00e9 et un bon signal de t\u00e9l\u00e9communications.","breadcrumb":{"@id":"https:\/\/produncan.cl\/fr\/produit\/campito-chaquihuan-906ha-bellavista-r-de-los-lagos\/#breadcrumb"},"inLanguage":"fr-FR","potentialAction":[{"@type":"ReadAction","target":["https:\/\/produncan.cl\/fr\/produit\/campito-chaquihuan-906ha-bellavista-r-de-los-lagos\/"]}]},{"@type":"ImageObject","inLanguage":"fr-FR","@id":"https:\/\/produncan.cl\/fr\/produit\/campito-chaquihuan-906ha-bellavista-r-de-los-lagos\/#primaryimage","url":"https:\/\/produncan.cl\/wp-content\/uploads\/2023\/02\/Presentacion-Campito-Chaquihuan.webp","contentUrl":"https:\/\/produncan.cl\/wp-content\/uploads\/2023\/02\/Presentacion-Campito-Chaquihuan.webp","width":600,"height":450},{"@type":"BreadcrumbList","@id":"https:\/\/produncan.cl\/fr\/produit\/campito-chaquihuan-906ha-bellavista-r-de-los-lagos\/#breadcrumb","itemListElement":[{"@type":"ListItem","position":1,"name":"Inicio","item":"https:\/\/produncan.cl\/fr\/"},{"@type":"ListItem","position":2,"name":"Propri\u00e9t\u00e9s","item":"https:\/\/produncan.cl\/propiedades\/"},{"@type":"ListItem","position":3,"name":"Champs","item":"https:\/\/produncan.cl\/fr\/cat&eacute;gorie\/champs\/"},{"@type":"ListItem","position":4,"name":"Campito Chaquihu\u00e1n 9,06ha &#8211; Bellavista, Regi\u00f3n de los Lagos"}]},{"@type":"WebSite","@id":"https:\/\/produncan.cl\/fr\/#website","url":"https:\/\/produncan.cl\/fr\/","name":"Produncan","description":"Nous vous accompagnons dans votre projet de vie !","publisher":{"@id":"https:\/\/produncan.cl\/fr\/#organization"},"potentialAction":[{"@type":"SearchAction","target":{"@type":"EntryPoint","urlTemplate":"https:\/\/produncan.cl\/fr\/?s={search_term_string}"},"query-input":{"@type":"PropertyValueSpecification","valueRequired":true,"valueName":"search_term_string"}}],"inLanguage":"fr-FR"},{"@type":"Organization","@id":"https:\/\/produncan.cl\/fr\/#organization","name":"Produncan","url":"https:\/\/produncan.cl\/fr\/","logo":{"@type":"ImageObject","inLanguage":"fr-FR","@id":"https:\/\/produncan.cl\/fr\/#\/schema\/logo\/image\/","url":"https:\/\/produncan.cl\/wp-content\/uploads\/2021\/03\/LOGO.jpeg","contentUrl":"https:\/\/produncan.cl\/wp-content\/uploads\/2021\/03\/LOGO.jpeg","width":1280,"height":903,"caption":"Produncan"},"image":{"@id":"https:\/\/produncan.cl\/fr\/#\/schema\/logo\/image\/"},"sameAs":["https:\/\/web.facebook.com\/produncanland","https:\/\/www.instagram.com\/pro_duncan\/","https:\/\/www.linkedin.com\/company\/produncan-lands\/","https:\/\/www.youtube.com\/channel\/UCu7N-f3x0svkazD-Eew1-QQ"],"description":"En Produncan somos especialistas en la venta de terrenos en el sur de Chile. Proveemos estancias, campos, parcelas y hoteles.","email":"info@produncan.cl"}]},"og_video":"https:\/\/www.youtube.com\/embed\/Z_2g4hYVQ7g","og_video_type":"text\/html","og_video_duration":"135","og_video_width":"480","og_video_height":"270","ya_ovs_adult":"false","ya_ovs_upload_date":"2022-05-07T17:18:46+00:00","ya_ovs_allow_embed":"true","product_price_amount":"188100.00","product_price_currency":"USD","og_availability":"instock","product_availability":"instock","product_condition":"new"},"_links":{"self":[{"href":"https:\/\/produncan.cl\/fr\/wp-json\/wp\/v2\/product\/11840","targetHints":{"allow":["GET"]}}],"collection":[{"href":"https:\/\/produncan.cl\/fr\/wp-json\/wp\/v2\/product"}],"about":[{"href":"https:\/\/produncan.cl\/fr\/wp-json\/wp\/v2\/types\/product"}],"version-history":[{"count":1,"href":"https:\/\/produncan.cl\/fr\/wp-json\/wp\/v2\/product\/11840\/revisions"}],"predecessor-version":[{"id":51212,"href":"https:\/\/produncan.cl\/fr\/wp-json\/wp\/v2\/product\/11840\/revisions\/51212"}],"wp:featuredmedia":[{"embeddable":true,"href":"https:\/\/produncan.cl\/fr\/wp-json\/wp\/v2\/media\/11630"}],"wp:attachment":[{"href":"https:\/\/produncan.cl\/fr\/wp-json\/wp\/v2\/media?parent=11840"}],"wp:term":[{"taxonomy":"product_brand","embeddable":true,"href":"https:\/\/produncan.cl\/fr\/wp-json\/wp\/v2\/product_brand?post=11840"},{"taxonomy":"product_cat","embeddable":true,"href":"https:\/\/produncan.cl\/fr\/wp-json\/wp\/v2\/product_cat?post=11840"},{"taxonomy":"product_tag","embeddable":true,"href":"https:\/\/produncan.cl\/fr\/wp-json\/wp\/v2\/product_tag?post=11840"},{"taxonomy":"regiones","embeddable":true,"href":"https:\/\/produncan.cl\/fr\/wp-json\/wp\/v2\/regiones?post=11840"},{"taxonomy":"ciudades","embeddable":true,"href":"https:\/\/produncan.cl\/fr\/wp-json\/wp\/v2\/ciudades?post=11840"}],"curies":[{"name":"wp","href":"https:\/\/api.w.org\/{rel}","templated":true}]}}