{"id":12526,"date":"2021-12-18T18:20:54","date_gmt":"2021-12-18T21:20:54","guid":{"rendered":"https:\/\/produncan.cl\/producto\/parcela-rio-petrohue-puerto-varas-region-de-los-lagos\/"},"modified":"2025-08-14T12:54:14","modified_gmt":"2025-08-14T16:54:14","slug":"parcela-rio-petrohue-puerto-varas-region-de-los-lagos","status":"publish","type":"product","link":"https:\/\/produncan.cl\/fr\/produit\/parcela-rio-petrohue-puerto-varas-region-de-los-lagos\/","title":{"rendered":"Plot rivi\u00e8re Petrohu\u00e9 &#8211; Puerto Varas, R\u00e9gion de Los Lagos"},"content":{"rendered":"\t\t<div data-elementor-type=\"product-post\" data-elementor-id=\"12526\" class=\"elementor elementor-12526 elementor-12336\" data-elementor-post-type=\"product\">\n\t\t\t\t<div class=\"elementor-element elementor-element-3a16324 e-flex e-con-boxed e-con e-parent\" data-id=\"3a16324\" data-element_type=\"container\" data-e-type=\"container\" data-settings=\"{&quot;jet_parallax_layout_list&quot;:[]}\">\n\t\t\t\t\t<div class=\"e-con-inner\">\n\t\t\t\t<div class=\"elementor-element elementor-element-87daa91 elementor-widget elementor-widget-heading\" data-id=\"87daa91\" data-element_type=\"widget\" data-e-type=\"widget\" data-widget_type=\"heading.default\">\n\t\t\t\t\t<h2 class=\"elementor-heading-title elementor-size-default\">Un terrain de r\u00eave avec 35mts de berge de la rivi\u00e8re Petrohu\u00e9 !<\/h2>\t\t\t\t<\/div>\n\t\t\t\t\t<\/div>\n\t\t\t\t<\/div>\n\t\t<div class=\"elementor-element elementor-element-19b4cb5 e-flex e-con-boxed e-con e-parent\" data-id=\"19b4cb5\" data-element_type=\"container\" data-e-type=\"container\" data-settings=\"{&quot;jet_parallax_layout_list&quot;:[]}\">\n\t\t\t\t\t<div class=\"e-con-inner\">\n\t\t\t\t<div class=\"elementor-element elementor-element-d80632f elementor-widget elementor-widget-text-editor\" data-id=\"d80632f\" data-element_type=\"widget\" data-e-type=\"widget\" data-widget_type=\"text-editor.default\">\n\t\t\t\t\t\t\t\t\t<p>Nous vous invitons \u00e0 visiter ce spectaculaire terrain de 6143m\u00b2 avec 35mts de berges de la rivi\u00e8re Petrohu\u00e9, l&#8217;un des endroits les plus populaires pour la p\u00eache sportive et le kayak dans le monde.<span style=\"color: var( --e-global-color-text ); font-family: var( --e-global-typography-text-font-family ), Sans-serif; font-weight: var( --e-global-typography-text-font-weight ); text-align: var(--text-align); font-size: 1rem;\"> <\/span><\/p><p>La propri\u00e9t\u00e9 est situ\u00e9e dans une majestueuse for\u00eat indig\u00e8ne, entour\u00e9e de montagnes, de vues sublimes et \u00e0 seulement 59 km de Puerto Varas.<span style=\"color: var( --e-global-color-text ); font-family: var( --e-global-typography-text-font-family ), Sans-serif; font-weight: var( --e-global-typography-text-font-weight ); text-align: var(--text-align); font-size: 1rem;\"> <\/span><\/p><p>Le site est accessible par un portail \u00e9lectrique et se trouve dans un projet unique \u00e9quip\u00e9 d&#8217;un barbecue, de sentiers de randonn\u00e9e, de points de vue, d&#8217;une aire de pique-nique, d&#8217;une rampe de mise \u00e0 l&#8217;eau et d&#8217;une aire de jeux pour les enfants.<span style=\"color: var( --e-global-color-text ); font-family: var( --e-global-typography-text-font-family ), Sans-serif; font-weight: var( --e-global-typography-text-font-weight ); text-align: var(--text-align); font-size: 1rem;\"> <\/span><\/p><p>Le site est accessible par une route asphalt\u00e9e de 59 kilom\u00e8tres depuis Puerto Varas via Ensenada en direction de Ral\u00fan. On y acc\u00e8de ensuite par une route en gravier de 1,4 km.<\/p><p>Le terrain n&#8217;a pas d&#8217;\u00e9lectricit\u00e9, mais peut \u00eatre aliment\u00e9 par des panneaux solaires. De son c\u00f4t\u00e9, un puits sera construit pour distribuer l&#8217;eau aux parcelles lorsqu&#8217;un comit\u00e9 sera form\u00e9 avec les voisins.<span style=\"color: var( --e-global-color-text ); font-family: var( --e-global-typography-text-font-family ), Sans-serif; font-weight: var( --e-global-typography-text-font-weight ); text-align: var(--text-align); font-size: 1rem;\"> <\/span><\/p><p>Toutefois, \u00e0 court terme, vous pourrez accumuler l&#8217;eau de pluie dans vos propres \u00e9tangs pour vous approvisionner sans probl\u00e8me.<\/p><p>Dans les environs, vous pourrez visiter Ensenada, les sources thermales de Ral\u00fan, les cascades de Petrohu\u00e9, le centre de ski du volcan Osorno, l&#8217;estuaire de Reloncav\u00ed et Termas del Sol, entre autres.<\/p><p>CONTACTEZ-NOUS ET DEMANDEZ PLUS D&#8217;INFORMATIONS POUR EN SAVOIR PLUS SUR CETTE FORMIDABLE OPPORTUNIT\u00c9 !<\/p>\t\t\t\t\t\t\t\t<\/div>\n\t\t\t\t\t<\/div>\n\t\t\t\t<\/div>\n\t\t\t\t<\/div>\n\t\t","protected":false},"excerpt":{"rendered":"<p>Terrain \u00e0 Puerto Varas avec 35 m\u00e8tres de rive sur la rivi\u00e8re Petrohu\u00e9. Nich\u00e9 au c\u0153ur d&#8217;une for\u00eat native. Portail \u00e9lectrique, espaces communs, barbecue, rampe de mise \u00e0 l&#8217;eau et communaut\u00e9 active. Acc\u00e8s direct depuis une route goudronn\u00e9e.   <\/p>\n","protected":false},"featured_media":26092,"template":"","meta":{"_acf_changed":false},"product_brand":[],"product_cat":[113],"product_tag":[236,237],"regiones":[226],"ciudades":[218,219],"class_list":{"0":"post-12526","1":"product","2":"type-product","3":"status-publish","4":"has-post-thumbnail","6":"product_cat-ohiggins-los-lagos-fr","7":"product_tag-parcelles","8":"product_tag-proprietes-touristiques","9":"regiones-nuble-los_lagos","10":"ciudades-puerto-montt","11":"ciudades-puerto-varas","13":"first","14":"instock","15":"sold-individually","16":"shipping-taxable","17":"purchasable","18":"product-type-simple"},"acf":[],"yoast_head":"<!-- This site is optimized with the Yoast SEO Premium plugin v26.0 (Yoast SEO v27.3) - https:\/\/yoast.com\/product\/yoast-seo-premium-wordpress\/ -->\n<title>Plot rivi\u00e8re Petrohu\u00e9<\/title>\n<meta name=\"description\" content=\"Nous vous invitons \u00e0 visiter un terrain de 6143m\u00b2 avec 35m de rivage sur la rivi\u00e8re Petrohu\u00e9, l&#039;une des rivi\u00e8res les plus populaires au monde pour la p\u00eache sportive et le kayak.\" \/>\n<meta name=\"robots\" content=\"index, follow, max-snippet:-1, max-image-preview:large, max-video-preview:-1\" \/>\n<link rel=\"canonical\" href=\"https:\/\/produncan.cl\/fr\/produit\/parcela-rio-petrohue-puerto-varas-region-de-los-lagos\/\" \/>\n<meta property=\"og:locale\" content=\"fr_FR\" \/>\n<meta property=\"og:type\" content=\"article\" \/>\n<meta property=\"og:title\" content=\"Plot rivi\u00e8re Petrohu\u00e9 - Puerto Varas, R\u00e9gion de Los Lagos\" \/>\n<meta property=\"og:description\" content=\"Nous vous invitons \u00e0 visiter un terrain de 6143m\u00b2 avec 35m de rivage sur la rivi\u00e8re Petrohu\u00e9, l&#039;une des rivi\u00e8res les plus populaires au monde pour la p\u00eache sportive et le kayak.\" \/>\n<meta property=\"og:url\" content=\"https:\/\/produncan.cl\/fr\/produit\/parcela-rio-petrohue-puerto-varas-region-de-los-lagos\/\" \/>\n<meta property=\"og:site_name\" content=\"Produncan\" \/>\n<meta property=\"article:publisher\" content=\"https:\/\/web.facebook.com\/produncanland\" \/>\n<meta property=\"article:modified_time\" content=\"2025-08-14T16:54:14+00:00\" \/>\n<meta property=\"og:image\" content=\"https:\/\/produncan.cl\/wp-content\/uploads\/2023\/04\/Presentacion-Parcela-Rio-Petrohue-Puerto-Varas.webp\" \/>\n\t<meta property=\"og:image:width\" content=\"600\" \/>\n\t<meta property=\"og:image:height\" content=\"450\" \/>\n\t<meta property=\"og:image:type\" content=\"image\/webp\" \/>\n<meta name=\"twitter:card\" content=\"summary_large_image\" \/>\n<meta name=\"twitter:label1\" content=\"Price\" \/>\n\t<meta name=\"twitter:data1\" content=\"USD74.000,00\" \/>\n\t<meta name=\"twitter:label2\" content=\"Availability\" \/>\n\t<meta name=\"twitter:data2\" content=\"In stock\" \/>\n<script type=\"application\/ld+json\" class=\"yoast-schema-graph\">{\"@context\":\"https:\\\/\\\/schema.org\",\"@graph\":[{\"@type\":\"WebPage\",\"@id\":\"https:\\\/\\\/produncan.cl\\\/fr\\\/produit\\\/parcela-rio-petrohue-puerto-varas-region-de-los-lagos\\\/\",\"url\":\"https:\\\/\\\/produncan.cl\\\/fr\\\/produit\\\/parcela-rio-petrohue-puerto-varas-region-de-los-lagos\\\/\",\"name\":\"Plot rivi\u00e8re Petrohu\u00e9\",\"isPartOf\":{\"@id\":\"https:\\\/\\\/produncan.cl\\\/fr\\\/#website\"},\"primaryImageOfPage\":{\"@id\":\"https:\\\/\\\/produncan.cl\\\/fr\\\/produit\\\/parcela-rio-petrohue-puerto-varas-region-de-los-lagos\\\/#primaryimage\"},\"image\":{\"@id\":\"https:\\\/\\\/produncan.cl\\\/fr\\\/produit\\\/parcela-rio-petrohue-puerto-varas-region-de-los-lagos\\\/#primaryimage\"},\"thumbnailUrl\":\"https:\\\/\\\/produncan.cl\\\/wp-content\\\/uploads\\\/2023\\\/04\\\/Presentacion-Parcela-Rio-Petrohue-Puerto-Varas.webp\",\"datePublished\":\"2021-12-18T21:20:54+00:00\",\"dateModified\":\"2025-08-14T16:54:14+00:00\",\"description\":\"Nous vous invitons \u00e0 visiter un terrain de 6143m\u00b2 avec 35m de rivage sur la rivi\u00e8re Petrohu\u00e9, l'une des rivi\u00e8res les plus populaires au monde pour la p\u00eache sportive et le kayak.\",\"breadcrumb\":{\"@id\":\"https:\\\/\\\/produncan.cl\\\/fr\\\/produit\\\/parcela-rio-petrohue-puerto-varas-region-de-los-lagos\\\/#breadcrumb\"},\"inLanguage\":\"fr-FR\",\"potentialAction\":[{\"@type\":\"ReadAction\",\"target\":[\"https:\\\/\\\/produncan.cl\\\/fr\\\/produit\\\/parcela-rio-petrohue-puerto-varas-region-de-los-lagos\\\/\"]}]},{\"@type\":\"ImageObject\",\"inLanguage\":\"fr-FR\",\"@id\":\"https:\\\/\\\/produncan.cl\\\/fr\\\/produit\\\/parcela-rio-petrohue-puerto-varas-region-de-los-lagos\\\/#primaryimage\",\"url\":\"https:\\\/\\\/produncan.cl\\\/wp-content\\\/uploads\\\/2023\\\/04\\\/Presentacion-Parcela-Rio-Petrohue-Puerto-Varas.webp\",\"contentUrl\":\"https:\\\/\\\/produncan.cl\\\/wp-content\\\/uploads\\\/2023\\\/04\\\/Presentacion-Parcela-Rio-Petrohue-Puerto-Varas.webp\",\"width\":600,\"height\":450},{\"@type\":\"BreadcrumbList\",\"@id\":\"https:\\\/\\\/produncan.cl\\\/fr\\\/produit\\\/parcela-rio-petrohue-puerto-varas-region-de-los-lagos\\\/#breadcrumb\",\"itemListElement\":[{\"@type\":\"ListItem\",\"position\":1,\"name\":\"Inicio\",\"item\":\"https:\\\/\\\/produncan.cl\\\/fr\\\/\"},{\"@type\":\"ListItem\",\"position\":2,\"name\":\"Propri\u00e9t\u00e9s\",\"item\":\"https:\\\/\\\/produncan.cl\\\/propiedades\\\/\"},{\"@type\":\"ListItem\",\"position\":3,\"name\":\"Parcelles\",\"item\":\"https:\\\/\\\/produncan.cl\\\/fr\\\/cat&eacute;gorie\\\/parcelles\\\/\"},{\"@type\":\"ListItem\",\"position\":4,\"name\":\"Plot rivi\u00e8re Petrohu\u00e9 &#8211; Puerto Varas, R\u00e9gion de Los Lagos\"}]},{\"@type\":\"WebSite\",\"@id\":\"https:\\\/\\\/produncan.cl\\\/fr\\\/#website\",\"url\":\"https:\\\/\\\/produncan.cl\\\/fr\\\/\",\"name\":\"Produncan\",\"description\":\"Nous vous accompagnons dans votre projet de vie !\",\"publisher\":{\"@id\":\"https:\\\/\\\/produncan.cl\\\/fr\\\/#organization\"},\"potentialAction\":[{\"@type\":\"SearchAction\",\"target\":{\"@type\":\"EntryPoint\",\"urlTemplate\":\"https:\\\/\\\/produncan.cl\\\/fr\\\/?s={search_term_string}\"},\"query-input\":{\"@type\":\"PropertyValueSpecification\",\"valueRequired\":true,\"valueName\":\"search_term_string\"}}],\"inLanguage\":\"fr-FR\"},{\"@type\":\"Organization\",\"@id\":\"https:\\\/\\\/produncan.cl\\\/fr\\\/#organization\",\"name\":\"Produncan\",\"url\":\"https:\\\/\\\/produncan.cl\\\/fr\\\/\",\"logo\":{\"@type\":\"ImageObject\",\"inLanguage\":\"fr-FR\",\"@id\":\"https:\\\/\\\/produncan.cl\\\/fr\\\/#\\\/schema\\\/logo\\\/image\\\/\",\"url\":\"https:\\\/\\\/produncan.cl\\\/wp-content\\\/uploads\\\/2021\\\/03\\\/LOGO.jpeg\",\"contentUrl\":\"https:\\\/\\\/produncan.cl\\\/wp-content\\\/uploads\\\/2021\\\/03\\\/LOGO.jpeg\",\"width\":1280,\"height\":903,\"caption\":\"Produncan\"},\"image\":{\"@id\":\"https:\\\/\\\/produncan.cl\\\/fr\\\/#\\\/schema\\\/logo\\\/image\\\/\"},\"sameAs\":[\"https:\\\/\\\/web.facebook.com\\\/produncanland\",\"https:\\\/\\\/www.instagram.com\\\/pro_duncan\\\/\",\"https:\\\/\\\/www.linkedin.com\\\/company\\\/produncan-lands\\\/\",\"https:\\\/\\\/www.youtube.com\\\/channel\\\/UCu7N-f3x0svkazD-Eew1-QQ\"],\"description\":\"En Produncan somos especialistas en la venta de terrenos en el sur de Chile. Proveemos estancias, campos, parcelas y hoteles.\",\"email\":\"info@produncan.cl\"}]}<\/script>\n<meta property=\"og:video\" content=\"https:\/\/www.youtube.com\/embed\/icKsXs8Kdf4\" \/>\n<meta property=\"og:video:type\" content=\"text\/html\" \/>\n<meta property=\"og:video:duration\" content=\"55\" \/>\n<meta property=\"og:video:width\" content=\"480\" \/>\n<meta property=\"og:video:height\" content=\"360\" \/>\n<meta property=\"ya:ovs:adult\" content=\"false\" \/>\n<meta property=\"ya:ovs:upload_date\" content=\"2021-12-18T21:20:54+00:00\" \/>\n<meta property=\"ya:ovs:allow_embed\" content=\"true\" \/>\n<meta property=\"product:price:amount\" content=\"74000.00\" \/>\n<meta property=\"product:price:currency\" content=\"USD\" \/>\n<meta property=\"og:availability\" content=\"instock\" \/>\n<meta property=\"product:availability\" content=\"instock\" \/>\n<meta property=\"product:condition\" content=\"new\" \/>\n<!-- \/ Yoast SEO Premium plugin. -->","yoast_head_json":{"title":"Plot rivi\u00e8re Petrohu\u00e9","description":"Nous vous invitons \u00e0 visiter un terrain de 6143m\u00b2 avec 35m de rivage sur la rivi\u00e8re Petrohu\u00e9, l'une des rivi\u00e8res les plus populaires au monde pour la p\u00eache sportive et le kayak.","robots":{"index":"index","follow":"follow","max-snippet":"max-snippet:-1","max-image-preview":"max-image-preview:large","max-video-preview":"max-video-preview:-1"},"canonical":"https:\/\/produncan.cl\/fr\/produit\/parcela-rio-petrohue-puerto-varas-region-de-los-lagos\/","og_locale":"fr_FR","og_type":"article","og_title":"Plot rivi\u00e8re Petrohu\u00e9 - Puerto Varas, R\u00e9gion de Los Lagos","og_description":"Nous vous invitons \u00e0 visiter un terrain de 6143m\u00b2 avec 35m de rivage sur la rivi\u00e8re Petrohu\u00e9, l'une des rivi\u00e8res les plus populaires au monde pour la p\u00eache sportive et le kayak.","og_url":"https:\/\/produncan.cl\/fr\/produit\/parcela-rio-petrohue-puerto-varas-region-de-los-lagos\/","og_site_name":"Produncan","article_publisher":"https:\/\/web.facebook.com\/produncanland","article_modified_time":"2025-08-14T16:54:14+00:00","og_image":[{"width":600,"height":450,"url":"https:\/\/produncan.cl\/wp-content\/uploads\/2023\/04\/Presentacion-Parcela-Rio-Petrohue-Puerto-Varas.webp","type":"image\/webp"}],"twitter_card":"summary_large_image","twitter_misc":{"Price":"USD74.000,00","Availability":"In stock"},"schema":{"@context":"https:\/\/schema.org","@graph":[{"@type":"WebPage","@id":"https:\/\/produncan.cl\/fr\/produit\/parcela-rio-petrohue-puerto-varas-region-de-los-lagos\/","url":"https:\/\/produncan.cl\/fr\/produit\/parcela-rio-petrohue-puerto-varas-region-de-los-lagos\/","name":"Plot rivi\u00e8re Petrohu\u00e9","isPartOf":{"@id":"https:\/\/produncan.cl\/fr\/#website"},"primaryImageOfPage":{"@id":"https:\/\/produncan.cl\/fr\/produit\/parcela-rio-petrohue-puerto-varas-region-de-los-lagos\/#primaryimage"},"image":{"@id":"https:\/\/produncan.cl\/fr\/produit\/parcela-rio-petrohue-puerto-varas-region-de-los-lagos\/#primaryimage"},"thumbnailUrl":"https:\/\/produncan.cl\/wp-content\/uploads\/2023\/04\/Presentacion-Parcela-Rio-Petrohue-Puerto-Varas.webp","datePublished":"2021-12-18T21:20:54+00:00","dateModified":"2025-08-14T16:54:14+00:00","description":"Nous vous invitons \u00e0 visiter un terrain de 6143m\u00b2 avec 35m de rivage sur la rivi\u00e8re Petrohu\u00e9, l'une des rivi\u00e8res les plus populaires au monde pour la p\u00eache sportive et le kayak.","breadcrumb":{"@id":"https:\/\/produncan.cl\/fr\/produit\/parcela-rio-petrohue-puerto-varas-region-de-los-lagos\/#breadcrumb"},"inLanguage":"fr-FR","potentialAction":[{"@type":"ReadAction","target":["https:\/\/produncan.cl\/fr\/produit\/parcela-rio-petrohue-puerto-varas-region-de-los-lagos\/"]}]},{"@type":"ImageObject","inLanguage":"fr-FR","@id":"https:\/\/produncan.cl\/fr\/produit\/parcela-rio-petrohue-puerto-varas-region-de-los-lagos\/#primaryimage","url":"https:\/\/produncan.cl\/wp-content\/uploads\/2023\/04\/Presentacion-Parcela-Rio-Petrohue-Puerto-Varas.webp","contentUrl":"https:\/\/produncan.cl\/wp-content\/uploads\/2023\/04\/Presentacion-Parcela-Rio-Petrohue-Puerto-Varas.webp","width":600,"height":450},{"@type":"BreadcrumbList","@id":"https:\/\/produncan.cl\/fr\/produit\/parcela-rio-petrohue-puerto-varas-region-de-los-lagos\/#breadcrumb","itemListElement":[{"@type":"ListItem","position":1,"name":"Inicio","item":"https:\/\/produncan.cl\/fr\/"},{"@type":"ListItem","position":2,"name":"Propri\u00e9t\u00e9s","item":"https:\/\/produncan.cl\/propiedades\/"},{"@type":"ListItem","position":3,"name":"Parcelles","item":"https:\/\/produncan.cl\/fr\/cat&eacute;gorie\/parcelles\/"},{"@type":"ListItem","position":4,"name":"Plot rivi\u00e8re Petrohu\u00e9 &#8211; Puerto Varas, R\u00e9gion de Los Lagos"}]},{"@type":"WebSite","@id":"https:\/\/produncan.cl\/fr\/#website","url":"https:\/\/produncan.cl\/fr\/","name":"Produncan","description":"Nous vous accompagnons dans votre projet de vie !","publisher":{"@id":"https:\/\/produncan.cl\/fr\/#organization"},"potentialAction":[{"@type":"SearchAction","target":{"@type":"EntryPoint","urlTemplate":"https:\/\/produncan.cl\/fr\/?s={search_term_string}"},"query-input":{"@type":"PropertyValueSpecification","valueRequired":true,"valueName":"search_term_string"}}],"inLanguage":"fr-FR"},{"@type":"Organization","@id":"https:\/\/produncan.cl\/fr\/#organization","name":"Produncan","url":"https:\/\/produncan.cl\/fr\/","logo":{"@type":"ImageObject","inLanguage":"fr-FR","@id":"https:\/\/produncan.cl\/fr\/#\/schema\/logo\/image\/","url":"https:\/\/produncan.cl\/wp-content\/uploads\/2021\/03\/LOGO.jpeg","contentUrl":"https:\/\/produncan.cl\/wp-content\/uploads\/2021\/03\/LOGO.jpeg","width":1280,"height":903,"caption":"Produncan"},"image":{"@id":"https:\/\/produncan.cl\/fr\/#\/schema\/logo\/image\/"},"sameAs":["https:\/\/web.facebook.com\/produncanland","https:\/\/www.instagram.com\/pro_duncan\/","https:\/\/www.linkedin.com\/company\/produncan-lands\/","https:\/\/www.youtube.com\/channel\/UCu7N-f3x0svkazD-Eew1-QQ"],"description":"En Produncan somos especialistas en la venta de terrenos en el sur de Chile. Proveemos estancias, campos, parcelas y hoteles.","email":"info@produncan.cl"}]},"og_video":"https:\/\/www.youtube.com\/embed\/icKsXs8Kdf4","og_video_type":"text\/html","og_video_duration":"55","og_video_width":"480","og_video_height":"360","ya_ovs_adult":"false","ya_ovs_upload_date":"2021-12-18T21:20:54+00:00","ya_ovs_allow_embed":"true","product_price_amount":"74000.00","product_price_currency":"USD","og_availability":"instock","product_availability":"instock","product_condition":"new"},"_links":{"self":[{"href":"https:\/\/produncan.cl\/fr\/wp-json\/wp\/v2\/product\/12526","targetHints":{"allow":["GET"]}}],"collection":[{"href":"https:\/\/produncan.cl\/fr\/wp-json\/wp\/v2\/product"}],"about":[{"href":"https:\/\/produncan.cl\/fr\/wp-json\/wp\/v2\/types\/product"}],"version-history":[{"count":0,"href":"https:\/\/produncan.cl\/fr\/wp-json\/wp\/v2\/product\/12526\/revisions"}],"wp:featuredmedia":[{"embeddable":true,"href":"https:\/\/produncan.cl\/fr\/wp-json\/wp\/v2\/media\/26092"}],"wp:attachment":[{"href":"https:\/\/produncan.cl\/fr\/wp-json\/wp\/v2\/media?parent=12526"}],"wp:term":[{"taxonomy":"product_brand","embeddable":true,"href":"https:\/\/produncan.cl\/fr\/wp-json\/wp\/v2\/product_brand?post=12526"},{"taxonomy":"product_cat","embeddable":true,"href":"https:\/\/produncan.cl\/fr\/wp-json\/wp\/v2\/product_cat?post=12526"},{"taxonomy":"product_tag","embeddable":true,"href":"https:\/\/produncan.cl\/fr\/wp-json\/wp\/v2\/product_tag?post=12526"},{"taxonomy":"regiones","embeddable":true,"href":"https:\/\/produncan.cl\/fr\/wp-json\/wp\/v2\/regiones?post=12526"},{"taxonomy":"ciudades","embeddable":true,"href":"https:\/\/produncan.cl\/fr\/wp-json\/wp\/v2\/ciudades?post=12526"}],"curies":[{"name":"wp","href":"https:\/\/api.w.org\/{rel}","templated":true}]}}