{"id":12534,"date":"2021-01-01T12:34:44","date_gmt":"2021-01-01T15:34:44","guid":{"rendered":"https:\/\/produncan.cl\/producto\/agroparcelas-panguipulli\/"},"modified":"2026-03-12T13:04:41","modified_gmt":"2026-03-12T16:04:41","slug":"agroparcelas-panguipulli","status":"publish","type":"product","link":"https:\/\/produncan.cl\/fr\/produit\/agroparcelas-panguipulli\/","title":{"rendered":"Agroparcelas Panguipulli &#8211; Regi\u00f3n de los R\u00edos"},"content":{"rendered":"\t\t<div data-elementor-type=\"product-post\" data-elementor-id=\"12534\" class=\"elementor elementor-12534 elementor-12259\" data-elementor-post-type=\"product\">\n\t\t\t\t<div class=\"elementor-element elementor-element-40c70d2 e-flex e-con-boxed e-con e-parent\" data-id=\"40c70d2\" data-element_type=\"container\" data-e-type=\"container\" data-settings=\"{&quot;jet_parallax_layout_list&quot;:[]}\">\n\t\t\t\t\t<div class=\"e-con-inner\">\n\t\t\t\t<div class=\"elementor-element elementor-element-bdc01fe elementor-widget elementor-widget-heading\" data-id=\"bdc01fe\" data-element_type=\"widget\" data-e-type=\"widget\" data-widget_type=\"heading.default\">\n\t\t\t\t\t<h2 class=\"elementor-heading-title elementor-size-default\">Le meilleur endroit pour vivre \u00e0 Panguipulli !<\/h2>\t\t\t\t<\/div>\n\t\t\t\t\t<\/div>\n\t\t\t\t<\/div>\n\t\t<div class=\"elementor-element elementor-element-63363cf e-flex e-con-boxed e-con e-parent\" data-id=\"63363cf\" data-element_type=\"container\" data-e-type=\"container\" data-settings=\"{&quot;jet_parallax_layout_list&quot;:[]}\">\n\t\t\t\t\t<div class=\"e-con-inner\">\n\t\t\t\t<div class=\"elementor-element elementor-element-cd8c3c6 elementor-widget elementor-widget-text-editor\" data-id=\"cd8c3c6\" data-element_type=\"widget\" data-e-type=\"widget\" data-widget_type=\"text-editor.default\">\n\t\t\t\t\t\t\t\t\t<p><span style=\"color: var( --e-global-color-text ); font-family: var( --e-global-typography-text-font-family ), Sans-serif; font-weight: var( --e-global-typography-text-font-weight ); text-align: var(--text-align);\">Agroparcelas Panguipulli est un projet de seulement 4 parcelles de 5000m\u00b2 avec son propre cadastre situ\u00e9 \u00e0 seulement 10 minutes de la ville de Panguipulli et \u00e0 7 minutes du lac Panguipulli, o\u00f9 se trouve la station baln\u00e9aire de Playa El Monje, qui offre de belles vues et est l&#8217;endroit parfait pour profiter avec la famille<\/span><\/p><p><span style=\"color: var( --e-global-color-text ); font-family: var( --e-global-typography-text-font-family ), Sans-serif; font-weight: var( --e-global-typography-text-font-weight ); text-align: var(--text-align);\"><br><\/span><\/p>\n<p>Les parcelles ont un acc\u00e8s direct \u00e0 la route asphalt\u00e9e et sont caract\u00e9ris\u00e9es par de vastes prairies plates, entour\u00e9es de belles for\u00eats indig\u00e8nes ;<\/p><p><br><\/p>\n<p>Chaque parcelle disposera d&#8217;un raccordement \u00e9lectrique, la seule chose \u00e0 faire \u00e9tant de demander le raccordement \u00e0 la compagnie d&#8217;\u00e9lectricit\u00e9<\/p><p><br><\/p>\n<p>Bien qu&#8217;ils n&#8217;aient pas d&#8217;acc\u00e8s direct \u00e0 l&#8217;eau, il est possible de l&#8217;obtenir gr\u00e2ce \u00e0 un puits ou \u00e0 une roue hydraulique Il est \u00e9galement possible de rejoindre le conseil de quartier et d&#8217;entamer ensemble le processus d&#8217;ARP.<\/p><p><br><\/p>\n<p>Il y a un portail \u00e9lectrique \u00e0 l&#8217;entr\u00e9e, une route int\u00e9rieure gravillonn\u00e9e en excellent \u00e9tat et un excellent signal t\u00e9l\u00e9phonique.<\/p><p><br><\/p>\n<p>En outre, vous trouverez dans la r\u00e9gion de nombreuses attractions telles que des sources thermales, des sentiers de randonn\u00e9e, des promenades \u00e0 cheval, des chutes d&#8217;eau et d&#8217;innombrables activit\u00e9s de plein air, ainsi qu&#8217;un grand h\u00e9ritage culturel que vous pourrez d\u00e9couvrir dans les Casas Culturales de la ville de Panguipulli<\/p><p><br><\/p>\n<p>CONTACTEZ-NOUS, VENEZ VIVRE DANS CET ENDROIT MAGNIFIQUE ET CHANGEZ VOTRE STYLE DE VIE !<\/p>\t\t\t\t\t\t\t\t<\/div>\n\t\t\t\t\t<\/div>\n\t\t\t\t<\/div>\n\t\t\t\t<\/div>\n\t\t","protected":false},"excerpt":{"rendered":"<p>4 parcelles de 5000m\u00b2 pr\u00e8s de Panguipulli, prairies, for\u00eat, \u00e9lectricit\u00e9, eau.<\/p>\n","protected":false},"featured_media":21312,"template":"","meta":{"_acf_changed":false},"product_brand":[],"product_cat":[113],"product_tag":[],"regiones":[226],"ciudades":[],"class_list":{"0":"post-12534","1":"product","2":"type-product","3":"status-publish","4":"has-post-thumbnail","6":"product_cat-ohiggins-los-lagos-fr","7":"regiones-nuble-los_lagos","9":"first","10":"outofstock","11":"sold-individually","12":"shipping-taxable","13":"product-type-simple"},"acf":[],"yoast_head":"<!-- This site is optimized with the Yoast SEO Premium plugin v26.0 (Yoast SEO v27.4) - https:\/\/yoast.com\/product\/yoast-seo-premium-wordpress\/ -->\n<title>Agroparcelas Panguipulli - Regi\u00f3n de los R\u00edos - Produncan<\/title>\n<meta name=\"description\" content=\"Parcelas Panguipulli est un projet situ\u00e9 \u00e0 10 minutes de Panguipulli et \u00e0 7 minutes du lac Panguipulli, avec de belles vues et un excellent emplacement.\" \/>\n<meta name=\"robots\" content=\"index, follow, max-snippet:-1, max-image-preview:large, max-video-preview:-1\" \/>\n<link rel=\"canonical\" href=\"https:\/\/produncan.cl\/fr\/produit\/agroparcelas-panguipulli\/\" \/>\n<meta property=\"og:locale\" content=\"fr_FR\" \/>\n<meta property=\"og:type\" content=\"article\" \/>\n<meta property=\"og:title\" content=\"Agroparcelas Panguipulli - Regi\u00f3n de los R\u00edos\" \/>\n<meta property=\"og:description\" content=\"Parcelas Panguipulli est un projet situ\u00e9 \u00e0 10 minutes de Panguipulli et \u00e0 7 minutes du lac Panguipulli, avec de belles vues et un excellent emplacement.\" \/>\n<meta property=\"og:url\" content=\"https:\/\/produncan.cl\/fr\/produit\/agroparcelas-panguipulli\/\" \/>\n<meta property=\"og:site_name\" content=\"Produncan\" \/>\n<meta property=\"article:publisher\" content=\"https:\/\/web.facebook.com\/produncanland\" \/>\n<meta property=\"article:modified_time\" content=\"2026-03-12T16:04:41+00:00\" \/>\n<meta property=\"og:image\" content=\"https:\/\/produncan.cl\/wp-content\/uploads\/2023\/03\/Panguipulli-Vendido.webp\" \/>\n\t<meta property=\"og:image:width\" content=\"600\" \/>\n\t<meta property=\"og:image:height\" content=\"450\" \/>\n\t<meta property=\"og:image:type\" content=\"image\/webp\" \/>\n<meta name=\"twitter:card\" content=\"summary_large_image\" \/>\n<meta name=\"twitter:label1\" content=\"Price\" \/>\n\t<meta name=\"twitter:data1\" content=\"\" \/>\n\t<meta name=\"twitter:label2\" content=\"Availability\" \/>\n\t<meta name=\"twitter:data2\" content=\"Out of stock\" \/>\n<script type=\"application\/ld+json\" class=\"yoast-schema-graph\">{\"@context\":\"https:\\\/\\\/schema.org\",\"@graph\":[{\"@type\":\"WebPage\",\"@id\":\"https:\\\/\\\/produncan.cl\\\/fr\\\/produit\\\/agroparcelas-panguipulli\\\/\",\"url\":\"https:\\\/\\\/produncan.cl\\\/fr\\\/produit\\\/agroparcelas-panguipulli\\\/\",\"name\":\"Agroparcelas Panguipulli - Regi\u00f3n de los R\u00edos - Produncan\",\"isPartOf\":{\"@id\":\"https:\\\/\\\/produncan.cl\\\/fr\\\/#website\"},\"primaryImageOfPage\":{\"@id\":\"https:\\\/\\\/produncan.cl\\\/fr\\\/produit\\\/agroparcelas-panguipulli\\\/#primaryimage\"},\"image\":{\"@id\":\"https:\\\/\\\/produncan.cl\\\/fr\\\/produit\\\/agroparcelas-panguipulli\\\/#primaryimage\"},\"thumbnailUrl\":\"https:\\\/\\\/produncan.cl\\\/wp-content\\\/uploads\\\/2023\\\/03\\\/Panguipulli-Vendido.webp\",\"datePublished\":\"2021-01-01T15:34:44+00:00\",\"dateModified\":\"2026-03-12T16:04:41+00:00\",\"description\":\"Parcelas Panguipulli est un projet situ\u00e9 \u00e0 10 minutes de Panguipulli et \u00e0 7 minutes du lac Panguipulli, avec de belles vues et un excellent emplacement.\",\"breadcrumb\":{\"@id\":\"https:\\\/\\\/produncan.cl\\\/fr\\\/produit\\\/agroparcelas-panguipulli\\\/#breadcrumb\"},\"inLanguage\":\"fr-FR\",\"potentialAction\":[{\"@type\":\"ReadAction\",\"target\":[\"https:\\\/\\\/produncan.cl\\\/fr\\\/produit\\\/agroparcelas-panguipulli\\\/\"]}]},{\"@type\":\"ImageObject\",\"inLanguage\":\"fr-FR\",\"@id\":\"https:\\\/\\\/produncan.cl\\\/fr\\\/produit\\\/agroparcelas-panguipulli\\\/#primaryimage\",\"url\":\"https:\\\/\\\/produncan.cl\\\/wp-content\\\/uploads\\\/2023\\\/03\\\/Panguipulli-Vendido.webp\",\"contentUrl\":\"https:\\\/\\\/produncan.cl\\\/wp-content\\\/uploads\\\/2023\\\/03\\\/Panguipulli-Vendido.webp\",\"width\":600,\"height\":450},{\"@type\":\"BreadcrumbList\",\"@id\":\"https:\\\/\\\/produncan.cl\\\/fr\\\/produit\\\/agroparcelas-panguipulli\\\/#breadcrumb\",\"itemListElement\":[{\"@type\":\"ListItem\",\"position\":1,\"name\":\"Inicio\",\"item\":\"https:\\\/\\\/produncan.cl\\\/fr\\\/\"},{\"@type\":\"ListItem\",\"position\":2,\"name\":\"Propri\u00e9t\u00e9s\",\"item\":\"https:\\\/\\\/produncan.cl\\\/propiedades\\\/\"},{\"@type\":\"ListItem\",\"position\":3,\"name\":\"Agroparcelas Panguipulli &#8211; Regi\u00f3n de los R\u00edos\"}]},{\"@type\":\"WebSite\",\"@id\":\"https:\\\/\\\/produncan.cl\\\/fr\\\/#website\",\"url\":\"https:\\\/\\\/produncan.cl\\\/fr\\\/\",\"name\":\"Produncan\",\"description\":\"Nous vous accompagnons dans votre projet de vie !\",\"publisher\":{\"@id\":\"https:\\\/\\\/produncan.cl\\\/fr\\\/#organization\"},\"potentialAction\":[{\"@type\":\"SearchAction\",\"target\":{\"@type\":\"EntryPoint\",\"urlTemplate\":\"https:\\\/\\\/produncan.cl\\\/fr\\\/?s={search_term_string}\"},\"query-input\":{\"@type\":\"PropertyValueSpecification\",\"valueRequired\":true,\"valueName\":\"search_term_string\"}}],\"inLanguage\":\"fr-FR\"},{\"@type\":\"Organization\",\"@id\":\"https:\\\/\\\/produncan.cl\\\/fr\\\/#organization\",\"name\":\"Produncan\",\"url\":\"https:\\\/\\\/produncan.cl\\\/fr\\\/\",\"logo\":{\"@type\":\"ImageObject\",\"inLanguage\":\"fr-FR\",\"@id\":\"https:\\\/\\\/produncan.cl\\\/fr\\\/#\\\/schema\\\/logo\\\/image\\\/\",\"url\":\"https:\\\/\\\/produncan.cl\\\/wp-content\\\/uploads\\\/2021\\\/03\\\/LOGO.jpeg\",\"contentUrl\":\"https:\\\/\\\/produncan.cl\\\/wp-content\\\/uploads\\\/2021\\\/03\\\/LOGO.jpeg\",\"width\":1280,\"height\":903,\"caption\":\"Produncan\"},\"image\":{\"@id\":\"https:\\\/\\\/produncan.cl\\\/fr\\\/#\\\/schema\\\/logo\\\/image\\\/\"},\"sameAs\":[\"https:\\\/\\\/web.facebook.com\\\/produncanland\",\"https:\\\/\\\/www.instagram.com\\\/pro_duncan\\\/\",\"https:\\\/\\\/www.linkedin.com\\\/company\\\/produncan-lands\\\/\",\"https:\\\/\\\/www.youtube.com\\\/channel\\\/UCu7N-f3x0svkazD-Eew1-QQ\"],\"description\":\"En Produncan somos especialistas en la venta de terrenos en el sur de Chile. Proveemos estancias, campos, parcelas y hoteles.\",\"email\":\"info@produncan.cl\"}]}<\/script>\n<meta property=\"og:video\" content=\"https:\/\/www.youtube.com\/embed\/kQybWFWQML0\" \/>\n<meta property=\"og:video:type\" content=\"text\/html\" \/>\n<meta property=\"og:video:duration\" content=\"89\" \/>\n<meta property=\"og:video:width\" content=\"480\" \/>\n<meta property=\"og:video:height\" content=\"360\" \/>\n<meta property=\"ya:ovs:adult\" content=\"false\" \/>\n<meta property=\"ya:ovs:upload_date\" content=\"2021-01-01T15:34:44+00:00\" \/>\n<meta property=\"ya:ovs:allow_embed\" content=\"true\" \/>\n<meta property=\"product:price:currency\" content=\"USD\" \/>\n<meta property=\"og:availability\" content=\"out of stock\" \/>\n<meta property=\"product:availability\" content=\"out of stock\" \/>\n<meta property=\"product:condition\" content=\"new\" \/>\n<!-- \/ Yoast SEO Premium plugin. -->","yoast_head_json":{"title":"Agroparcelas Panguipulli - Regi\u00f3n de los R\u00edos - Produncan","description":"Parcelas Panguipulli est un projet situ\u00e9 \u00e0 10 minutes de Panguipulli et \u00e0 7 minutes du lac Panguipulli, avec de belles vues et un excellent emplacement.","robots":{"index":"index","follow":"follow","max-snippet":"max-snippet:-1","max-image-preview":"max-image-preview:large","max-video-preview":"max-video-preview:-1"},"canonical":"https:\/\/produncan.cl\/fr\/produit\/agroparcelas-panguipulli\/","og_locale":"fr_FR","og_type":"article","og_title":"Agroparcelas Panguipulli - Regi\u00f3n de los R\u00edos","og_description":"Parcelas Panguipulli est un projet situ\u00e9 \u00e0 10 minutes de Panguipulli et \u00e0 7 minutes du lac Panguipulli, avec de belles vues et un excellent emplacement.","og_url":"https:\/\/produncan.cl\/fr\/produit\/agroparcelas-panguipulli\/","og_site_name":"Produncan","article_publisher":"https:\/\/web.facebook.com\/produncanland","article_modified_time":"2026-03-12T16:04:41+00:00","og_image":[{"width":600,"height":450,"url":"https:\/\/produncan.cl\/wp-content\/uploads\/2023\/03\/Panguipulli-Vendido.webp","type":"image\/webp"}],"twitter_card":"summary_large_image","twitter_misc":{"Price":"","Availability":"Out of stock"},"schema":{"@context":"https:\/\/schema.org","@graph":[{"@type":"WebPage","@id":"https:\/\/produncan.cl\/fr\/produit\/agroparcelas-panguipulli\/","url":"https:\/\/produncan.cl\/fr\/produit\/agroparcelas-panguipulli\/","name":"Agroparcelas Panguipulli - Regi\u00f3n de los R\u00edos - Produncan","isPartOf":{"@id":"https:\/\/produncan.cl\/fr\/#website"},"primaryImageOfPage":{"@id":"https:\/\/produncan.cl\/fr\/produit\/agroparcelas-panguipulli\/#primaryimage"},"image":{"@id":"https:\/\/produncan.cl\/fr\/produit\/agroparcelas-panguipulli\/#primaryimage"},"thumbnailUrl":"https:\/\/produncan.cl\/wp-content\/uploads\/2023\/03\/Panguipulli-Vendido.webp","datePublished":"2021-01-01T15:34:44+00:00","dateModified":"2026-03-12T16:04:41+00:00","description":"Parcelas Panguipulli est un projet situ\u00e9 \u00e0 10 minutes de Panguipulli et \u00e0 7 minutes du lac Panguipulli, avec de belles vues et un excellent emplacement.","breadcrumb":{"@id":"https:\/\/produncan.cl\/fr\/produit\/agroparcelas-panguipulli\/#breadcrumb"},"inLanguage":"fr-FR","potentialAction":[{"@type":"ReadAction","target":["https:\/\/produncan.cl\/fr\/produit\/agroparcelas-panguipulli\/"]}]},{"@type":"ImageObject","inLanguage":"fr-FR","@id":"https:\/\/produncan.cl\/fr\/produit\/agroparcelas-panguipulli\/#primaryimage","url":"https:\/\/produncan.cl\/wp-content\/uploads\/2023\/03\/Panguipulli-Vendido.webp","contentUrl":"https:\/\/produncan.cl\/wp-content\/uploads\/2023\/03\/Panguipulli-Vendido.webp","width":600,"height":450},{"@type":"BreadcrumbList","@id":"https:\/\/produncan.cl\/fr\/produit\/agroparcelas-panguipulli\/#breadcrumb","itemListElement":[{"@type":"ListItem","position":1,"name":"Inicio","item":"https:\/\/produncan.cl\/fr\/"},{"@type":"ListItem","position":2,"name":"Propri\u00e9t\u00e9s","item":"https:\/\/produncan.cl\/propiedades\/"},{"@type":"ListItem","position":3,"name":"Agroparcelas Panguipulli &#8211; Regi\u00f3n de los R\u00edos"}]},{"@type":"WebSite","@id":"https:\/\/produncan.cl\/fr\/#website","url":"https:\/\/produncan.cl\/fr\/","name":"Produncan","description":"Nous vous accompagnons dans votre projet de vie !","publisher":{"@id":"https:\/\/produncan.cl\/fr\/#organization"},"potentialAction":[{"@type":"SearchAction","target":{"@type":"EntryPoint","urlTemplate":"https:\/\/produncan.cl\/fr\/?s={search_term_string}"},"query-input":{"@type":"PropertyValueSpecification","valueRequired":true,"valueName":"search_term_string"}}],"inLanguage":"fr-FR"},{"@type":"Organization","@id":"https:\/\/produncan.cl\/fr\/#organization","name":"Produncan","url":"https:\/\/produncan.cl\/fr\/","logo":{"@type":"ImageObject","inLanguage":"fr-FR","@id":"https:\/\/produncan.cl\/fr\/#\/schema\/logo\/image\/","url":"https:\/\/produncan.cl\/wp-content\/uploads\/2021\/03\/LOGO.jpeg","contentUrl":"https:\/\/produncan.cl\/wp-content\/uploads\/2021\/03\/LOGO.jpeg","width":1280,"height":903,"caption":"Produncan"},"image":{"@id":"https:\/\/produncan.cl\/fr\/#\/schema\/logo\/image\/"},"sameAs":["https:\/\/web.facebook.com\/produncanland","https:\/\/www.instagram.com\/pro_duncan\/","https:\/\/www.linkedin.com\/company\/produncan-lands\/","https:\/\/www.youtube.com\/channel\/UCu7N-f3x0svkazD-Eew1-QQ"],"description":"En Produncan somos especialistas en la venta de terrenos en el sur de Chile. Proveemos estancias, campos, parcelas y hoteles.","email":"info@produncan.cl"}]},"og_video":"https:\/\/www.youtube.com\/embed\/kQybWFWQML0","og_video_type":"text\/html","og_video_duration":"89","og_video_width":"480","og_video_height":"360","ya_ovs_adult":"false","ya_ovs_upload_date":"2021-01-01T15:34:44+00:00","ya_ovs_allow_embed":"true","product_price_currency":"USD","og_availability":"out of stock","product_availability":"out of stock","product_condition":"new"},"_links":{"self":[{"href":"https:\/\/produncan.cl\/fr\/wp-json\/wp\/v2\/product\/12534","targetHints":{"allow":["GET"]}}],"collection":[{"href":"https:\/\/produncan.cl\/fr\/wp-json\/wp\/v2\/product"}],"about":[{"href":"https:\/\/produncan.cl\/fr\/wp-json\/wp\/v2\/types\/product"}],"version-history":[{"count":1,"href":"https:\/\/produncan.cl\/fr\/wp-json\/wp\/v2\/product\/12534\/revisions"}],"predecessor-version":[{"id":54898,"href":"https:\/\/produncan.cl\/fr\/wp-json\/wp\/v2\/product\/12534\/revisions\/54898"}],"wp:featuredmedia":[{"embeddable":true,"href":"https:\/\/produncan.cl\/fr\/wp-json\/wp\/v2\/media\/21312"}],"wp:attachment":[{"href":"https:\/\/produncan.cl\/fr\/wp-json\/wp\/v2\/media?parent=12534"}],"wp:term":[{"taxonomy":"product_brand","embeddable":true,"href":"https:\/\/produncan.cl\/fr\/wp-json\/wp\/v2\/product_brand?post=12534"},{"taxonomy":"product_cat","embeddable":true,"href":"https:\/\/produncan.cl\/fr\/wp-json\/wp\/v2\/product_cat?post=12534"},{"taxonomy":"product_tag","embeddable":true,"href":"https:\/\/produncan.cl\/fr\/wp-json\/wp\/v2\/product_tag?post=12534"},{"taxonomy":"regiones","embeddable":true,"href":"https:\/\/produncan.cl\/fr\/wp-json\/wp\/v2\/regiones?post=12534"},{"taxonomy":"ciudades","embeddable":true,"href":"https:\/\/produncan.cl\/fr\/wp-json\/wp\/v2\/ciudades?post=12534"}],"curies":[{"name":"wp","href":"https:\/\/api.w.org\/{rel}","templated":true}]}}