{"id":12537,"date":"2023-03-03T14:04:05","date_gmt":"2023-03-03T17:04:05","guid":{"rendered":"https:\/\/produncan.cl\/producto\/sites-commerciaux-centinela-village-malalcahuello\/"},"modified":"2025-08-18T16:47:06","modified_gmt":"2025-08-18T20:47:06","slug":"sites-commerciaux-centinela-village-malalcahuello","status":"publish","type":"product","link":"https:\/\/produncan.cl\/fr\/produit\/sites-commerciaux-centinela-village-malalcahuello\/","title":{"rendered":"Sites commerciaux Centinela Village &#8211; Malalcahuello"},"content":{"rendered":"\t\t<div data-elementor-type=\"product-post\" data-elementor-id=\"12537\" class=\"elementor elementor-12537 elementor-12126\" data-elementor-post-type=\"product\">\n\t\t\t\t<div class=\"elementor-element elementor-element-3a8b192 e-flex e-con-boxed e-con e-parent\" data-id=\"3a8b192\" data-element_type=\"container\" data-e-type=\"container\" data-settings=\"{&quot;jet_parallax_layout_list&quot;:[]}\">\n\t\t\t\t\t<div class=\"e-con-inner\">\n\t\t\t\t<div class=\"elementor-element elementor-element-47160df elementor-widget elementor-widget-heading\" data-id=\"47160df\" data-element_type=\"widget\" data-e-type=\"widget\" data-widget_type=\"heading.default\">\n\t\t\t\t\t<h2 class=\"elementor-heading-title elementor-size-default\">Sites commerciaux \u00e0 Malalcahuello avec de superbes vues panoramiques<\/h2>\t\t\t\t<\/div>\n\t\t\t\t\t<\/div>\n\t\t\t\t<\/div>\n\t\t<div class=\"elementor-element elementor-element-0d9ef39 e-flex e-con-boxed e-con e-parent\" data-id=\"0d9ef39\" data-element_type=\"container\" data-e-type=\"container\" data-settings=\"{&quot;jet_parallax_layout_list&quot;:[]}\">\n\t\t\t\t\t<div class=\"e-con-inner\">\n\t\t\t\t<div class=\"elementor-element elementor-element-c2e6085 elementor-widget elementor-widget-text-editor\" data-id=\"c2e6085\" data-element_type=\"widget\" data-e-type=\"widget\" data-widget_type=\"text-editor.default\">\n\t\t\t\t\t\t\t\t\t<p>R\u00e9alisez votre projet dans l&#8217;un de ces 5 sites commerciaux avec des vues panoramiques incroyables.<\/p>\n<p><\/p>\n<p>Les sites sont situ\u00e9s \u00e0 l&#8217;entr\u00e9e d&#8217;Aldea Centinela, un secteur r\u00e9sidentiel en d\u00e9veloppement, et sur la m\u00eame route qui donne acc\u00e8s \u00e0 d&#8217;autres projets et lieux d&#8217;int\u00e9r\u00eat.<\/p>\n<p><\/p>\n<p>Les sites sont plats, avec principalement des prairies, des p\u00e2turages et des arbres indig\u00e8nes. Ils disposent \u00e9galement d&#8217;une \u00e9lectricit\u00e9 souterraine, d&#8217;une eau potable certifi\u00e9e et d&#8217;un portail d&#8217;acc\u00e8s.<\/p>\n<p><\/p>\n<p>Le prix de vente est de 3700 UF et les surfaces varient de 6357m\u00b2 \u00e0 5063m\u00b2 ; En outre, ils b\u00e9n\u00e9ficient de facilit\u00e9s de paiement de la part de la soci\u00e9t\u00e9 immobili\u00e8re, 50 % en esp\u00e8ces et le solde dans les 12 mois.<\/p>\n<p><\/p>\n<p>Vous pourrez \u00e9galement b\u00e9n\u00e9ficier de r\u00e9ductions importantes en achetant plus d&#8217;un site.<\/p>\n<p><\/p>\n<p>DEMANDEZ PLUS D&#8217;INFORMATIONS ET NE MANQUEZ PAS L&#8217;OCCASION D&#8217;OUVRIR VOTRE ENTREPRISE DANS UN LIEU QUI CONNA\u00ceTRA UN D\u00c9VELOPPEMENT IMPORTANT \u00c0 L&#8217;AVENIR !<\/p>\t\t\t\t\t\t\t\t<\/div>\n\t\t\t\t\t<\/div>\n\t\t\t\t<\/div>\n\t\t\t\t<\/div>\n\t\t","protected":false},"excerpt":{"rendered":"<p>5 sites commerciaux avec vue panoramique \u00e0 l&#8217;entr\u00e9e d&#8217;Aldea Centinela, Malalcahuello. En grande partie en prairie, \u00e9lectricit\u00e9 souterraine, eau potable, portail d&#8217;acc\u00e8s.<\/p>\n","protected":false},"featured_media":12131,"template":"","meta":{"_acf_changed":false},"product_brand":[],"product_cat":[113],"product_tag":[236],"regiones":[226],"ciudades":[],"class_list":{"0":"post-12537","1":"product","2":"type-product","3":"status-publish","4":"has-post-thumbnail","6":"product_cat-ohiggins-los-lagos-fr","7":"product_tag-parcelles","8":"regiones-nuble-los_lagos","10":"first","11":"instock","12":"shipping-taxable","13":"purchasable","14":"product-type-simple"},"acf":[],"yoast_head":"<!-- This site is optimized with the Yoast SEO Premium plugin v26.0 (Yoast SEO v27.4) - https:\/\/yoast.com\/product\/yoast-seo-premium-wordpress\/ -->\n<title>Sites commerciaux Centinela Village - Malalcahuello - Produncan<\/title>\n<meta name=\"description\" content=\"R\u00e9alisez votre projet dans l&#039;un de ces 5 sites commerciaux avec des vues panoramiques incroyables. Les emplacements sont plats, disposent de l&#039;\u00e9lectricit\u00e9 et de l&#039;eau potable.\" \/>\n<meta name=\"robots\" content=\"index, follow, max-snippet:-1, max-image-preview:large, max-video-preview:-1\" \/>\n<link rel=\"canonical\" href=\"https:\/\/produncan.cl\/fr\/produit\/sites-commerciaux-centinela-village-malalcahuello\/\" \/>\n<meta property=\"og:locale\" content=\"fr_FR\" \/>\n<meta property=\"og:type\" content=\"article\" \/>\n<meta property=\"og:title\" content=\"Sites commerciaux Centinela Village - Malalcahuello\" \/>\n<meta property=\"og:description\" content=\"R\u00e9alisez votre projet dans l&#039;un de ces 5 sites commerciaux avec des vues panoramiques incroyables. Les emplacements sont plats, disposent de l&#039;\u00e9lectricit\u00e9 et de l&#039;eau potable.\" \/>\n<meta property=\"og:url\" content=\"https:\/\/produncan.cl\/fr\/produit\/sites-commerciaux-centinela-village-malalcahuello\/\" \/>\n<meta property=\"og:site_name\" content=\"Produncan\" \/>\n<meta property=\"article:publisher\" content=\"https:\/\/web.facebook.com\/produncanland\" \/>\n<meta property=\"article:modified_time\" content=\"2025-08-18T20:47:06+00:00\" \/>\n<meta property=\"og:image\" content=\"https:\/\/produncan.cl\/wp-content\/uploads\/2023\/03\/Presentacion-Sitios-comerciales-Aldea-Centinela.webp\" \/>\n\t<meta property=\"og:image:width\" content=\"600\" \/>\n\t<meta property=\"og:image:height\" content=\"450\" \/>\n\t<meta property=\"og:image:type\" content=\"image\/webp\" \/>\n<meta name=\"twitter:card\" content=\"summary_large_image\" \/>\n<meta name=\"twitter:label1\" content=\"Price\" \/>\n\t<meta name=\"twitter:data1\" content=\"USD118.000,00\" \/>\n\t<meta name=\"twitter:label2\" content=\"Availability\" \/>\n\t<meta name=\"twitter:data2\" content=\"In stock\" \/>\n<script type=\"application\/ld+json\" class=\"yoast-schema-graph\">{\"@context\":\"https:\\\/\\\/schema.org\",\"@graph\":[{\"@type\":\"WebPage\",\"@id\":\"https:\\\/\\\/produncan.cl\\\/fr\\\/produit\\\/sites-commerciaux-centinela-village-malalcahuello\\\/\",\"url\":\"https:\\\/\\\/produncan.cl\\\/fr\\\/produit\\\/sites-commerciaux-centinela-village-malalcahuello\\\/\",\"name\":\"Sites commerciaux Centinela Village - Malalcahuello - Produncan\",\"isPartOf\":{\"@id\":\"https:\\\/\\\/produncan.cl\\\/fr\\\/#website\"},\"primaryImageOfPage\":{\"@id\":\"https:\\\/\\\/produncan.cl\\\/fr\\\/produit\\\/sites-commerciaux-centinela-village-malalcahuello\\\/#primaryimage\"},\"image\":{\"@id\":\"https:\\\/\\\/produncan.cl\\\/fr\\\/produit\\\/sites-commerciaux-centinela-village-malalcahuello\\\/#primaryimage\"},\"thumbnailUrl\":\"https:\\\/\\\/produncan.cl\\\/wp-content\\\/uploads\\\/2023\\\/03\\\/Presentacion-Sitios-comerciales-Aldea-Centinela.webp\",\"datePublished\":\"2023-03-03T17:04:05+00:00\",\"dateModified\":\"2025-08-18T20:47:06+00:00\",\"description\":\"R\u00e9alisez votre projet dans l'un de ces 5 sites commerciaux avec des vues panoramiques incroyables. Les emplacements sont plats, disposent de l'\u00e9lectricit\u00e9 et de l'eau potable.\",\"breadcrumb\":{\"@id\":\"https:\\\/\\\/produncan.cl\\\/fr\\\/produit\\\/sites-commerciaux-centinela-village-malalcahuello\\\/#breadcrumb\"},\"inLanguage\":\"fr-FR\",\"potentialAction\":[{\"@type\":\"ReadAction\",\"target\":[\"https:\\\/\\\/produncan.cl\\\/fr\\\/produit\\\/sites-commerciaux-centinela-village-malalcahuello\\\/\"]}]},{\"@type\":\"ImageObject\",\"inLanguage\":\"fr-FR\",\"@id\":\"https:\\\/\\\/produncan.cl\\\/fr\\\/produit\\\/sites-commerciaux-centinela-village-malalcahuello\\\/#primaryimage\",\"url\":\"https:\\\/\\\/produncan.cl\\\/wp-content\\\/uploads\\\/2023\\\/03\\\/Presentacion-Sitios-comerciales-Aldea-Centinela.webp\",\"contentUrl\":\"https:\\\/\\\/produncan.cl\\\/wp-content\\\/uploads\\\/2023\\\/03\\\/Presentacion-Sitios-comerciales-Aldea-Centinela.webp\",\"width\":600,\"height\":450},{\"@type\":\"BreadcrumbList\",\"@id\":\"https:\\\/\\\/produncan.cl\\\/fr\\\/produit\\\/sites-commerciaux-centinela-village-malalcahuello\\\/#breadcrumb\",\"itemListElement\":[{\"@type\":\"ListItem\",\"position\":1,\"name\":\"Inicio\",\"item\":\"https:\\\/\\\/produncan.cl\\\/fr\\\/\"},{\"@type\":\"ListItem\",\"position\":2,\"name\":\"Propri\u00e9t\u00e9s\",\"item\":\"https:\\\/\\\/produncan.cl\\\/propiedades\\\/\"},{\"@type\":\"ListItem\",\"position\":3,\"name\":\"Parcelles\",\"item\":\"https:\\\/\\\/produncan.cl\\\/fr\\\/cat&eacute;gorie\\\/parcelles\\\/\"},{\"@type\":\"ListItem\",\"position\":4,\"name\":\"Sites commerciaux Centinela Village &#8211; Malalcahuello\"}]},{\"@type\":\"WebSite\",\"@id\":\"https:\\\/\\\/produncan.cl\\\/fr\\\/#website\",\"url\":\"https:\\\/\\\/produncan.cl\\\/fr\\\/\",\"name\":\"Produncan\",\"description\":\"Nous vous accompagnons dans votre projet de vie !\",\"publisher\":{\"@id\":\"https:\\\/\\\/produncan.cl\\\/fr\\\/#organization\"},\"potentialAction\":[{\"@type\":\"SearchAction\",\"target\":{\"@type\":\"EntryPoint\",\"urlTemplate\":\"https:\\\/\\\/produncan.cl\\\/fr\\\/?s={search_term_string}\"},\"query-input\":{\"@type\":\"PropertyValueSpecification\",\"valueRequired\":true,\"valueName\":\"search_term_string\"}}],\"inLanguage\":\"fr-FR\"},{\"@type\":\"Organization\",\"@id\":\"https:\\\/\\\/produncan.cl\\\/fr\\\/#organization\",\"name\":\"Produncan\",\"url\":\"https:\\\/\\\/produncan.cl\\\/fr\\\/\",\"logo\":{\"@type\":\"ImageObject\",\"inLanguage\":\"fr-FR\",\"@id\":\"https:\\\/\\\/produncan.cl\\\/fr\\\/#\\\/schema\\\/logo\\\/image\\\/\",\"url\":\"https:\\\/\\\/produncan.cl\\\/wp-content\\\/uploads\\\/2021\\\/03\\\/LOGO.jpeg\",\"contentUrl\":\"https:\\\/\\\/produncan.cl\\\/wp-content\\\/uploads\\\/2021\\\/03\\\/LOGO.jpeg\",\"width\":1280,\"height\":903,\"caption\":\"Produncan\"},\"image\":{\"@id\":\"https:\\\/\\\/produncan.cl\\\/fr\\\/#\\\/schema\\\/logo\\\/image\\\/\"},\"sameAs\":[\"https:\\\/\\\/web.facebook.com\\\/produncanland\",\"https:\\\/\\\/www.instagram.com\\\/pro_duncan\\\/\",\"https:\\\/\\\/www.linkedin.com\\\/company\\\/produncan-lands\\\/\",\"https:\\\/\\\/www.youtube.com\\\/channel\\\/UCu7N-f3x0svkazD-Eew1-QQ\"],\"description\":\"En Produncan somos especialistas en la venta de terrenos en el sur de Chile. Proveemos estancias, campos, parcelas y hoteles.\",\"email\":\"info@produncan.cl\"}]}<\/script>\n<meta property=\"og:video\" content=\"https:\/\/www.youtube.com\/embed\/ENYIaT-kTbY\" \/>\n<meta property=\"og:video:type\" content=\"text\/html\" \/>\n<meta property=\"og:video:duration\" content=\"51\" \/>\n<meta property=\"og:video:width\" content=\"480\" \/>\n<meta property=\"og:video:height\" content=\"360\" \/>\n<meta property=\"ya:ovs:adult\" content=\"false\" \/>\n<meta property=\"ya:ovs:upload_date\" content=\"2023-03-03T17:04:05+00:00\" \/>\n<meta property=\"ya:ovs:allow_embed\" content=\"true\" \/>\n<meta property=\"product:price:amount\" content=\"118000.00\" \/>\n<meta property=\"product:price:currency\" content=\"USD\" \/>\n<meta property=\"og:availability\" content=\"instock\" \/>\n<meta property=\"product:availability\" content=\"instock\" \/>\n<meta property=\"product:condition\" content=\"new\" \/>\n<!-- \/ Yoast SEO Premium plugin. -->","yoast_head_json":{"title":"Sites commerciaux Centinela Village - Malalcahuello - Produncan","description":"R\u00e9alisez votre projet dans l'un de ces 5 sites commerciaux avec des vues panoramiques incroyables. Les emplacements sont plats, disposent de l'\u00e9lectricit\u00e9 et de l'eau potable.","robots":{"index":"index","follow":"follow","max-snippet":"max-snippet:-1","max-image-preview":"max-image-preview:large","max-video-preview":"max-video-preview:-1"},"canonical":"https:\/\/produncan.cl\/fr\/produit\/sites-commerciaux-centinela-village-malalcahuello\/","og_locale":"fr_FR","og_type":"article","og_title":"Sites commerciaux Centinela Village - Malalcahuello","og_description":"R\u00e9alisez votre projet dans l'un de ces 5 sites commerciaux avec des vues panoramiques incroyables. Les emplacements sont plats, disposent de l'\u00e9lectricit\u00e9 et de l'eau potable.","og_url":"https:\/\/produncan.cl\/fr\/produit\/sites-commerciaux-centinela-village-malalcahuello\/","og_site_name":"Produncan","article_publisher":"https:\/\/web.facebook.com\/produncanland","article_modified_time":"2025-08-18T20:47:06+00:00","og_image":[{"width":600,"height":450,"url":"https:\/\/produncan.cl\/wp-content\/uploads\/2023\/03\/Presentacion-Sitios-comerciales-Aldea-Centinela.webp","type":"image\/webp"}],"twitter_card":"summary_large_image","twitter_misc":{"Price":"USD118.000,00","Availability":"In stock"},"schema":{"@context":"https:\/\/schema.org","@graph":[{"@type":"WebPage","@id":"https:\/\/produncan.cl\/fr\/produit\/sites-commerciaux-centinela-village-malalcahuello\/","url":"https:\/\/produncan.cl\/fr\/produit\/sites-commerciaux-centinela-village-malalcahuello\/","name":"Sites commerciaux Centinela Village - Malalcahuello - Produncan","isPartOf":{"@id":"https:\/\/produncan.cl\/fr\/#website"},"primaryImageOfPage":{"@id":"https:\/\/produncan.cl\/fr\/produit\/sites-commerciaux-centinela-village-malalcahuello\/#primaryimage"},"image":{"@id":"https:\/\/produncan.cl\/fr\/produit\/sites-commerciaux-centinela-village-malalcahuello\/#primaryimage"},"thumbnailUrl":"https:\/\/produncan.cl\/wp-content\/uploads\/2023\/03\/Presentacion-Sitios-comerciales-Aldea-Centinela.webp","datePublished":"2023-03-03T17:04:05+00:00","dateModified":"2025-08-18T20:47:06+00:00","description":"R\u00e9alisez votre projet dans l'un de ces 5 sites commerciaux avec des vues panoramiques incroyables. Les emplacements sont plats, disposent de l'\u00e9lectricit\u00e9 et de l'eau potable.","breadcrumb":{"@id":"https:\/\/produncan.cl\/fr\/produit\/sites-commerciaux-centinela-village-malalcahuello\/#breadcrumb"},"inLanguage":"fr-FR","potentialAction":[{"@type":"ReadAction","target":["https:\/\/produncan.cl\/fr\/produit\/sites-commerciaux-centinela-village-malalcahuello\/"]}]},{"@type":"ImageObject","inLanguage":"fr-FR","@id":"https:\/\/produncan.cl\/fr\/produit\/sites-commerciaux-centinela-village-malalcahuello\/#primaryimage","url":"https:\/\/produncan.cl\/wp-content\/uploads\/2023\/03\/Presentacion-Sitios-comerciales-Aldea-Centinela.webp","contentUrl":"https:\/\/produncan.cl\/wp-content\/uploads\/2023\/03\/Presentacion-Sitios-comerciales-Aldea-Centinela.webp","width":600,"height":450},{"@type":"BreadcrumbList","@id":"https:\/\/produncan.cl\/fr\/produit\/sites-commerciaux-centinela-village-malalcahuello\/#breadcrumb","itemListElement":[{"@type":"ListItem","position":1,"name":"Inicio","item":"https:\/\/produncan.cl\/fr\/"},{"@type":"ListItem","position":2,"name":"Propri\u00e9t\u00e9s","item":"https:\/\/produncan.cl\/propiedades\/"},{"@type":"ListItem","position":3,"name":"Parcelles","item":"https:\/\/produncan.cl\/fr\/cat&eacute;gorie\/parcelles\/"},{"@type":"ListItem","position":4,"name":"Sites commerciaux Centinela Village &#8211; Malalcahuello"}]},{"@type":"WebSite","@id":"https:\/\/produncan.cl\/fr\/#website","url":"https:\/\/produncan.cl\/fr\/","name":"Produncan","description":"Nous vous accompagnons dans votre projet de vie !","publisher":{"@id":"https:\/\/produncan.cl\/fr\/#organization"},"potentialAction":[{"@type":"SearchAction","target":{"@type":"EntryPoint","urlTemplate":"https:\/\/produncan.cl\/fr\/?s={search_term_string}"},"query-input":{"@type":"PropertyValueSpecification","valueRequired":true,"valueName":"search_term_string"}}],"inLanguage":"fr-FR"},{"@type":"Organization","@id":"https:\/\/produncan.cl\/fr\/#organization","name":"Produncan","url":"https:\/\/produncan.cl\/fr\/","logo":{"@type":"ImageObject","inLanguage":"fr-FR","@id":"https:\/\/produncan.cl\/fr\/#\/schema\/logo\/image\/","url":"https:\/\/produncan.cl\/wp-content\/uploads\/2021\/03\/LOGO.jpeg","contentUrl":"https:\/\/produncan.cl\/wp-content\/uploads\/2021\/03\/LOGO.jpeg","width":1280,"height":903,"caption":"Produncan"},"image":{"@id":"https:\/\/produncan.cl\/fr\/#\/schema\/logo\/image\/"},"sameAs":["https:\/\/web.facebook.com\/produncanland","https:\/\/www.instagram.com\/pro_duncan\/","https:\/\/www.linkedin.com\/company\/produncan-lands\/","https:\/\/www.youtube.com\/channel\/UCu7N-f3x0svkazD-Eew1-QQ"],"description":"En Produncan somos especialistas en la venta de terrenos en el sur de Chile. Proveemos estancias, campos, parcelas y hoteles.","email":"info@produncan.cl"}]},"og_video":"https:\/\/www.youtube.com\/embed\/ENYIaT-kTbY","og_video_type":"text\/html","og_video_duration":"51","og_video_width":"480","og_video_height":"360","ya_ovs_adult":"false","ya_ovs_upload_date":"2023-03-03T17:04:05+00:00","ya_ovs_allow_embed":"true","product_price_amount":"118000.00","product_price_currency":"USD","og_availability":"instock","product_availability":"instock","product_condition":"new"},"_links":{"self":[{"href":"https:\/\/produncan.cl\/fr\/wp-json\/wp\/v2\/product\/12537","targetHints":{"allow":["GET"]}}],"collection":[{"href":"https:\/\/produncan.cl\/fr\/wp-json\/wp\/v2\/product"}],"about":[{"href":"https:\/\/produncan.cl\/fr\/wp-json\/wp\/v2\/types\/product"}],"version-history":[{"count":0,"href":"https:\/\/produncan.cl\/fr\/wp-json\/wp\/v2\/product\/12537\/revisions"}],"wp:featuredmedia":[{"embeddable":true,"href":"https:\/\/produncan.cl\/fr\/wp-json\/wp\/v2\/media\/12131"}],"wp:attachment":[{"href":"https:\/\/produncan.cl\/fr\/wp-json\/wp\/v2\/media?parent=12537"}],"wp:term":[{"taxonomy":"product_brand","embeddable":true,"href":"https:\/\/produncan.cl\/fr\/wp-json\/wp\/v2\/product_brand?post=12537"},{"taxonomy":"product_cat","embeddable":true,"href":"https:\/\/produncan.cl\/fr\/wp-json\/wp\/v2\/product_cat?post=12537"},{"taxonomy":"product_tag","embeddable":true,"href":"https:\/\/produncan.cl\/fr\/wp-json\/wp\/v2\/product_tag?post=12537"},{"taxonomy":"regiones","embeddable":true,"href":"https:\/\/produncan.cl\/fr\/wp-json\/wp\/v2\/regiones?post=12537"},{"taxonomy":"ciudades","embeddable":true,"href":"https:\/\/produncan.cl\/fr\/wp-json\/wp\/v2\/ciudades?post=12537"}],"curies":[{"name":"wp","href":"https:\/\/api.w.org\/{rel}","templated":true}]}}