{"id":12547,"date":"2021-02-02T16:55:06","date_gmt":"2021-02-02T19:55:06","guid":{"rendered":"https:\/\/produncan.cl\/producto\/parcelle-bahia-el-encanto-lac-rupanco-region-des-lacs\/"},"modified":"2025-08-07T16:54:07","modified_gmt":"2025-08-07T20:54:07","slug":"parcelle-bahia-el-encanto-lac-rupanco-region-des-lacs","status":"publish","type":"product","link":"https:\/\/produncan.cl\/fr\/produit\/parcelle-bahia-el-encanto-lac-rupanco-region-des-lacs\/","title":{"rendered":"&#8220;Parcela Bah\u00eda El Encanto &#8211; Lac Rupanco, R\u00e9gion des Lacs&#8221;"},"content":{"rendered":"\t\t<div data-elementor-type=\"product-post\" data-elementor-id=\"12547\" class=\"elementor elementor-12547 elementor-12044\" data-elementor-post-type=\"product\">\n\t\t\t\t<div class=\"elementor-element elementor-element-de805b0 e-flex e-con-boxed e-con e-parent\" data-id=\"de805b0\" data-element_type=\"container\" data-e-type=\"container\" data-settings=\"{&quot;jet_parallax_layout_list&quot;:[]}\">\n\t\t\t\t\t<div class=\"e-con-inner\">\n\t\t\t\t<div class=\"elementor-element elementor-element-fa0b9f2 elementor-widget elementor-widget-heading\" data-id=\"fa0b9f2\" data-element_type=\"widget\" data-e-type=\"widget\" data-widget_type=\"heading.default\">\n\t\t\t\t\t<h2 class=\"elementor-heading-title elementor-size-default\">\"Une parcelle au Lac Rupanco \u00e0 l'est d'Osorno !\"<\/h2>\t\t\t\t<\/div>\n\t\t\t\t\t<\/div>\n\t\t\t\t<\/div>\n\t\t<div class=\"elementor-element elementor-element-858ac07 e-flex e-con-boxed e-con e-parent\" data-id=\"858ac07\" data-element_type=\"container\" data-e-type=\"container\" data-settings=\"{&quot;jet_parallax_layout_list&quot;:[]}\">\n\t\t\t\t\t<div class=\"e-con-inner\">\n\t\t\t\t<div class=\"elementor-element elementor-element-51780a8 elementor-widget elementor-widget-text-editor\" data-id=\"51780a8\" data-element_type=\"widget\" data-e-type=\"widget\" data-widget_type=\"text-editor.default\">\n\t\t\t\t\t\t\t\t\t&#8220;`html\n<p>Nous vous invitons \u00e0 d\u00e9couvrir cette belle parcelle situ\u00e9e dans le secteur de Bah\u00eda el Encanto, sur le lac Rupanco, \u00e0 l&#8217;est de la ville d&#8217;Osorno.<\/p><p><br><\/p>\n<p><\/p>\n<p>Le terrain de 5000m\u00b2 borde le lac sur 23,76m, dispose d&#8217;une connexion \u00e0 l&#8217;eau potable rurale (APR), d&#8217;\u00e9lectricit\u00e9 et d&#8217;une bonne couverture de t\u00e9l\u00e9communications.<\/p><p><br><\/p>\n<p><\/p>\n<p>La parcelle fait partie d&#8217;un petit projet de seulement 5 lots au total qui partagent une servitude d&#8217;acc\u00e8s, une garderie de bateaux et une maison de gardien.<\/p><p><br><\/p>\n<p><\/p>\n<p>De plus, le terrain de 5000m\u00b2 est divis\u00e9 par un chemin rural peu fr\u00e9quent\u00e9, divisant la parcelle en deux parties : celle qui borde le lac, qui pr\u00e9sente une l\u00e9g\u00e8re pente jusqu&#8217;au lac et une belle for\u00eat de myrtes et de prairies, et de l&#8217;autre c\u00f4t\u00e9, la partie correspondant \u00e0 l&#8217;autre c\u00f4t\u00e9 du chemin, qui est une prairie pure avec une pente l\u00e9g\u00e8rement plus \u00e9lev\u00e9e, offrant une vue magnifique sur le lac et les volcans.<\/p><p><br><\/p>\n<p><\/p>\n<p>L&#8217;acc\u00e8s se fait depuis Entre Lagos par la route pav\u00e9e internationale vers l&#8217;Argentine, puis par un chemin de gravier de 4 km de long en excellent \u00e9tat. Pour entrer, il y a un portail d&#8217;acc\u00e8s commun pour les 5 parcelles.<\/p><p><br><\/p>\n<p><\/p>\n<p>Les maisons voisines sont de haut standing et les voisins de premier ordre. Ensemble, ils se sont mis d&#8217;accord pour payer environ 120 000 $ par mois de charges communes pour payer le gardien qui effectue tous les entretiens.<\/p><p><br><\/p>\n<p><\/p>\n<p>\u00c0 quelques kilom\u00e8tres se trouve Villa la Angostura en Argentine, et \u00e0 proximit\u00e9, entre autres, se trouvent les Thermes de Puyehue et de nombreuses autres beaut\u00e9s de la r\u00e9gion.<\/p><p><br><\/p>\n<p><\/p>\n<p>Ne manquez pas l&#8217;opportunit\u00e9 d&#8217;acqu\u00e9rir l&#8217;un des rares terrains avec rive de lac disponibles sur le Lac Rupanco.<\/p><p><br><\/p><p>Son prix est de UF5200<\/p>\n&#8220;`\t\t\t\t\t\t\t\t<\/div>\n\t\t\t\t\t<\/div>\n\t\t\t\t<\/div>\n\t\t\t\t<\/div>\n\t\t","protected":false},"excerpt":{"rendered":"<p>Parcelle \u00e0 Bah\u00eda el Encanto, lac Rupanco, Osorno, eau potable, \u00e9lectricit\u00e9.<\/p>\n","protected":false},"featured_media":12202,"template":"","meta":{"_acf_changed":false},"product_brand":[],"product_cat":[113],"product_tag":[],"regiones":[226],"ciudades":[],"class_list":{"0":"post-12547","1":"product","2":"type-product","3":"status-publish","4":"has-post-thumbnail","6":"product_cat-ohiggins-los-lagos-fr","7":"regiones-nuble-los_lagos","9":"first","10":"outofstock","11":"sold-individually","12":"shipping-taxable","13":"purchasable","14":"product-type-simple"},"acf":[],"yoast_head":"<!-- This site is optimized with the Yoast SEO Premium plugin v26.0 (Yoast SEO v27.3) - https:\/\/yoast.com\/product\/yoast-seo-premium-wordpress\/ -->\n<title>&quot;&quot;Parcela Bah\u00eda El Encanto - Lac Rupanco, R\u00e9gion des Lacs&quot; &quot;<\/title>\n<meta name=\"description\" content=\"Parcelle situ\u00e9e dans le secteur de Bah\u00eda el Encanto, sur le lac Rupanco, \u00e0 l&#039;est de la ville d&#039;Osorno. APR, \u00e9lectricit\u00e9 et signal de t\u00e9l\u00e9communications.\" \/>\n<meta name=\"robots\" content=\"index, follow, max-snippet:-1, max-image-preview:large, max-video-preview:-1\" \/>\n<link rel=\"canonical\" href=\"https:\/\/produncan.cl\/fr\/produit\/parcelle-bahia-el-encanto-lac-rupanco-region-des-lacs\/\" \/>\n<meta property=\"og:locale\" content=\"fr_FR\" \/>\n<meta property=\"og:type\" content=\"article\" \/>\n<meta property=\"og:title\" content=\"&quot;Parcela Bah\u00eda El Encanto - Lac Rupanco, R\u00e9gion des Lacs&quot;\" \/>\n<meta property=\"og:description\" content=\"Parcelle situ\u00e9e dans le secteur de Bah\u00eda el Encanto, sur le lac Rupanco, \u00e0 l&#039;est de la ville d&#039;Osorno. APR, \u00e9lectricit\u00e9 et signal de t\u00e9l\u00e9communications.\" \/>\n<meta property=\"og:url\" content=\"https:\/\/produncan.cl\/fr\/produit\/parcelle-bahia-el-encanto-lac-rupanco-region-des-lacs\/\" \/>\n<meta property=\"og:site_name\" content=\"Produncan\" \/>\n<meta property=\"article:publisher\" content=\"https:\/\/web.facebook.com\/produncanland\" \/>\n<meta property=\"article:modified_time\" content=\"2025-08-07T20:54:07+00:00\" \/>\n<meta property=\"og:image\" content=\"https:\/\/produncan.cl\/wp-content\/uploads\/2023\/03\/BAHIA-EL-ENCANTO-VENDIDO.webp\" \/>\n\t<meta property=\"og:image:width\" content=\"600\" \/>\n\t<meta property=\"og:image:height\" content=\"450\" \/>\n\t<meta property=\"og:image:type\" content=\"image\/webp\" \/>\n<meta name=\"twitter:card\" content=\"summary_large_image\" \/>\n<meta name=\"twitter:label1\" content=\"Price\" \/>\n\t<meta name=\"twitter:data1\" content=\"USD201.300,00\" \/>\n\t<meta name=\"twitter:label2\" content=\"Availability\" \/>\n\t<meta name=\"twitter:data2\" content=\"Out of stock\" \/>\n<script type=\"application\/ld+json\" class=\"yoast-schema-graph\">{\"@context\":\"https:\\\/\\\/schema.org\",\"@graph\":[{\"@type\":\"WebPage\",\"@id\":\"https:\\\/\\\/produncan.cl\\\/fr\\\/produit\\\/parcelle-bahia-el-encanto-lac-rupanco-region-des-lacs\\\/\",\"url\":\"https:\\\/\\\/produncan.cl\\\/fr\\\/produit\\\/parcelle-bahia-el-encanto-lac-rupanco-region-des-lacs\\\/\",\"name\":\"\\\"\\\"Parcela Bah\u00eda El Encanto - Lac Rupanco, R\u00e9gion des Lacs\\\" \\\"\",\"isPartOf\":{\"@id\":\"https:\\\/\\\/produncan.cl\\\/fr\\\/#website\"},\"primaryImageOfPage\":{\"@id\":\"https:\\\/\\\/produncan.cl\\\/fr\\\/produit\\\/parcelle-bahia-el-encanto-lac-rupanco-region-des-lacs\\\/#primaryimage\"},\"image\":{\"@id\":\"https:\\\/\\\/produncan.cl\\\/fr\\\/produit\\\/parcelle-bahia-el-encanto-lac-rupanco-region-des-lacs\\\/#primaryimage\"},\"thumbnailUrl\":\"https:\\\/\\\/produncan.cl\\\/wp-content\\\/uploads\\\/2023\\\/03\\\/BAHIA-EL-ENCANTO-VENDIDO.webp\",\"datePublished\":\"2021-02-02T19:55:06+00:00\",\"dateModified\":\"2025-08-07T20:54:07+00:00\",\"description\":\"Parcelle situ\u00e9e dans le secteur de Bah\u00eda el Encanto, sur le lac Rupanco, \u00e0 l'est de la ville d'Osorno. APR, \u00e9lectricit\u00e9 et signal de t\u00e9l\u00e9communications.\",\"breadcrumb\":{\"@id\":\"https:\\\/\\\/produncan.cl\\\/fr\\\/produit\\\/parcelle-bahia-el-encanto-lac-rupanco-region-des-lacs\\\/#breadcrumb\"},\"inLanguage\":\"fr-FR\",\"potentialAction\":[{\"@type\":\"ReadAction\",\"target\":[\"https:\\\/\\\/produncan.cl\\\/fr\\\/produit\\\/parcelle-bahia-el-encanto-lac-rupanco-region-des-lacs\\\/\"]}]},{\"@type\":\"ImageObject\",\"inLanguage\":\"fr-FR\",\"@id\":\"https:\\\/\\\/produncan.cl\\\/fr\\\/produit\\\/parcelle-bahia-el-encanto-lac-rupanco-region-des-lacs\\\/#primaryimage\",\"url\":\"https:\\\/\\\/produncan.cl\\\/wp-content\\\/uploads\\\/2023\\\/03\\\/BAHIA-EL-ENCANTO-VENDIDO.webp\",\"contentUrl\":\"https:\\\/\\\/produncan.cl\\\/wp-content\\\/uploads\\\/2023\\\/03\\\/BAHIA-EL-ENCANTO-VENDIDO.webp\",\"width\":600,\"height\":450},{\"@type\":\"BreadcrumbList\",\"@id\":\"https:\\\/\\\/produncan.cl\\\/fr\\\/produit\\\/parcelle-bahia-el-encanto-lac-rupanco-region-des-lacs\\\/#breadcrumb\",\"itemListElement\":[{\"@type\":\"ListItem\",\"position\":1,\"name\":\"Inicio\",\"item\":\"https:\\\/\\\/produncan.cl\\\/fr\\\/\"},{\"@type\":\"ListItem\",\"position\":2,\"name\":\"Propri\u00e9t\u00e9s\",\"item\":\"https:\\\/\\\/produncan.cl\\\/propiedades\\\/\"},{\"@type\":\"ListItem\",\"position\":3,\"name\":\"&#8220;Parcela Bah\u00eda El Encanto &#8211; Lac Rupanco, R\u00e9gion des Lacs&#8221;\"}]},{\"@type\":\"WebSite\",\"@id\":\"https:\\\/\\\/produncan.cl\\\/fr\\\/#website\",\"url\":\"https:\\\/\\\/produncan.cl\\\/fr\\\/\",\"name\":\"Produncan\",\"description\":\"Nous vous accompagnons dans votre projet de vie !\",\"publisher\":{\"@id\":\"https:\\\/\\\/produncan.cl\\\/fr\\\/#organization\"},\"potentialAction\":[{\"@type\":\"SearchAction\",\"target\":{\"@type\":\"EntryPoint\",\"urlTemplate\":\"https:\\\/\\\/produncan.cl\\\/fr\\\/?s={search_term_string}\"},\"query-input\":{\"@type\":\"PropertyValueSpecification\",\"valueRequired\":true,\"valueName\":\"search_term_string\"}}],\"inLanguage\":\"fr-FR\"},{\"@type\":\"Organization\",\"@id\":\"https:\\\/\\\/produncan.cl\\\/fr\\\/#organization\",\"name\":\"Produncan\",\"url\":\"https:\\\/\\\/produncan.cl\\\/fr\\\/\",\"logo\":{\"@type\":\"ImageObject\",\"inLanguage\":\"fr-FR\",\"@id\":\"https:\\\/\\\/produncan.cl\\\/fr\\\/#\\\/schema\\\/logo\\\/image\\\/\",\"url\":\"https:\\\/\\\/produncan.cl\\\/wp-content\\\/uploads\\\/2021\\\/03\\\/LOGO.jpeg\",\"contentUrl\":\"https:\\\/\\\/produncan.cl\\\/wp-content\\\/uploads\\\/2021\\\/03\\\/LOGO.jpeg\",\"width\":1280,\"height\":903,\"caption\":\"Produncan\"},\"image\":{\"@id\":\"https:\\\/\\\/produncan.cl\\\/fr\\\/#\\\/schema\\\/logo\\\/image\\\/\"},\"sameAs\":[\"https:\\\/\\\/web.facebook.com\\\/produncanland\",\"https:\\\/\\\/www.instagram.com\\\/pro_duncan\\\/\",\"https:\\\/\\\/www.linkedin.com\\\/company\\\/produncan-lands\\\/\",\"https:\\\/\\\/www.youtube.com\\\/channel\\\/UCu7N-f3x0svkazD-Eew1-QQ\"],\"description\":\"En Produncan somos especialistas en la venta de terrenos en el sur de Chile. Proveemos estancias, campos, parcelas y hoteles.\",\"email\":\"info@produncan.cl\"}]}<\/script>\n<meta property=\"og:video\" content=\"https:\/\/www.youtube.com\/embed\/InK3e0K6_dI\" \/>\n<meta property=\"og:video:type\" content=\"text\/html\" \/>\n<meta property=\"og:video:duration\" content=\"57\" \/>\n<meta property=\"og:video:width\" content=\"480\" \/>\n<meta property=\"og:video:height\" content=\"360\" \/>\n<meta property=\"ya:ovs:adult\" content=\"false\" \/>\n<meta property=\"ya:ovs:upload_date\" content=\"2021-02-02T19:55:06+00:00\" \/>\n<meta property=\"ya:ovs:allow_embed\" content=\"true\" \/>\n<meta property=\"product:price:amount\" content=\"201300.00\" \/>\n<meta property=\"product:price:currency\" content=\"USD\" \/>\n<meta property=\"og:availability\" content=\"out of stock\" \/>\n<meta property=\"product:availability\" content=\"out of stock\" \/>\n<meta property=\"product:condition\" content=\"new\" \/>\n<!-- \/ Yoast SEO Premium plugin. -->","yoast_head_json":{"title":"\"\"Parcela Bah\u00eda El Encanto - Lac Rupanco, R\u00e9gion des Lacs\" \"","description":"Parcelle situ\u00e9e dans le secteur de Bah\u00eda el Encanto, sur le lac Rupanco, \u00e0 l'est de la ville d'Osorno. APR, \u00e9lectricit\u00e9 et signal de t\u00e9l\u00e9communications.","robots":{"index":"index","follow":"follow","max-snippet":"max-snippet:-1","max-image-preview":"max-image-preview:large","max-video-preview":"max-video-preview:-1"},"canonical":"https:\/\/produncan.cl\/fr\/produit\/parcelle-bahia-el-encanto-lac-rupanco-region-des-lacs\/","og_locale":"fr_FR","og_type":"article","og_title":"\"Parcela Bah\u00eda El Encanto - Lac Rupanco, R\u00e9gion des Lacs\"","og_description":"Parcelle situ\u00e9e dans le secteur de Bah\u00eda el Encanto, sur le lac Rupanco, \u00e0 l'est de la ville d'Osorno. APR, \u00e9lectricit\u00e9 et signal de t\u00e9l\u00e9communications.","og_url":"https:\/\/produncan.cl\/fr\/produit\/parcelle-bahia-el-encanto-lac-rupanco-region-des-lacs\/","og_site_name":"Produncan","article_publisher":"https:\/\/web.facebook.com\/produncanland","article_modified_time":"2025-08-07T20:54:07+00:00","og_image":[{"width":600,"height":450,"url":"https:\/\/produncan.cl\/wp-content\/uploads\/2023\/03\/BAHIA-EL-ENCANTO-VENDIDO.webp","type":"image\/webp"}],"twitter_card":"summary_large_image","twitter_misc":{"Price":"USD201.300,00","Availability":"Out of stock"},"schema":{"@context":"https:\/\/schema.org","@graph":[{"@type":"WebPage","@id":"https:\/\/produncan.cl\/fr\/produit\/parcelle-bahia-el-encanto-lac-rupanco-region-des-lacs\/","url":"https:\/\/produncan.cl\/fr\/produit\/parcelle-bahia-el-encanto-lac-rupanco-region-des-lacs\/","name":"\"\"Parcela Bah\u00eda El Encanto - Lac Rupanco, R\u00e9gion des Lacs\" \"","isPartOf":{"@id":"https:\/\/produncan.cl\/fr\/#website"},"primaryImageOfPage":{"@id":"https:\/\/produncan.cl\/fr\/produit\/parcelle-bahia-el-encanto-lac-rupanco-region-des-lacs\/#primaryimage"},"image":{"@id":"https:\/\/produncan.cl\/fr\/produit\/parcelle-bahia-el-encanto-lac-rupanco-region-des-lacs\/#primaryimage"},"thumbnailUrl":"https:\/\/produncan.cl\/wp-content\/uploads\/2023\/03\/BAHIA-EL-ENCANTO-VENDIDO.webp","datePublished":"2021-02-02T19:55:06+00:00","dateModified":"2025-08-07T20:54:07+00:00","description":"Parcelle situ\u00e9e dans le secteur de Bah\u00eda el Encanto, sur le lac Rupanco, \u00e0 l'est de la ville d'Osorno. APR, \u00e9lectricit\u00e9 et signal de t\u00e9l\u00e9communications.","breadcrumb":{"@id":"https:\/\/produncan.cl\/fr\/produit\/parcelle-bahia-el-encanto-lac-rupanco-region-des-lacs\/#breadcrumb"},"inLanguage":"fr-FR","potentialAction":[{"@type":"ReadAction","target":["https:\/\/produncan.cl\/fr\/produit\/parcelle-bahia-el-encanto-lac-rupanco-region-des-lacs\/"]}]},{"@type":"ImageObject","inLanguage":"fr-FR","@id":"https:\/\/produncan.cl\/fr\/produit\/parcelle-bahia-el-encanto-lac-rupanco-region-des-lacs\/#primaryimage","url":"https:\/\/produncan.cl\/wp-content\/uploads\/2023\/03\/BAHIA-EL-ENCANTO-VENDIDO.webp","contentUrl":"https:\/\/produncan.cl\/wp-content\/uploads\/2023\/03\/BAHIA-EL-ENCANTO-VENDIDO.webp","width":600,"height":450},{"@type":"BreadcrumbList","@id":"https:\/\/produncan.cl\/fr\/produit\/parcelle-bahia-el-encanto-lac-rupanco-region-des-lacs\/#breadcrumb","itemListElement":[{"@type":"ListItem","position":1,"name":"Inicio","item":"https:\/\/produncan.cl\/fr\/"},{"@type":"ListItem","position":2,"name":"Propri\u00e9t\u00e9s","item":"https:\/\/produncan.cl\/propiedades\/"},{"@type":"ListItem","position":3,"name":"&#8220;Parcela Bah\u00eda El Encanto &#8211; Lac Rupanco, R\u00e9gion des Lacs&#8221;"}]},{"@type":"WebSite","@id":"https:\/\/produncan.cl\/fr\/#website","url":"https:\/\/produncan.cl\/fr\/","name":"Produncan","description":"Nous vous accompagnons dans votre projet de vie !","publisher":{"@id":"https:\/\/produncan.cl\/fr\/#organization"},"potentialAction":[{"@type":"SearchAction","target":{"@type":"EntryPoint","urlTemplate":"https:\/\/produncan.cl\/fr\/?s={search_term_string}"},"query-input":{"@type":"PropertyValueSpecification","valueRequired":true,"valueName":"search_term_string"}}],"inLanguage":"fr-FR"},{"@type":"Organization","@id":"https:\/\/produncan.cl\/fr\/#organization","name":"Produncan","url":"https:\/\/produncan.cl\/fr\/","logo":{"@type":"ImageObject","inLanguage":"fr-FR","@id":"https:\/\/produncan.cl\/fr\/#\/schema\/logo\/image\/","url":"https:\/\/produncan.cl\/wp-content\/uploads\/2021\/03\/LOGO.jpeg","contentUrl":"https:\/\/produncan.cl\/wp-content\/uploads\/2021\/03\/LOGO.jpeg","width":1280,"height":903,"caption":"Produncan"},"image":{"@id":"https:\/\/produncan.cl\/fr\/#\/schema\/logo\/image\/"},"sameAs":["https:\/\/web.facebook.com\/produncanland","https:\/\/www.instagram.com\/pro_duncan\/","https:\/\/www.linkedin.com\/company\/produncan-lands\/","https:\/\/www.youtube.com\/channel\/UCu7N-f3x0svkazD-Eew1-QQ"],"description":"En Produncan somos especialistas en la venta de terrenos en el sur de Chile. Proveemos estancias, campos, parcelas y hoteles.","email":"info@produncan.cl"}]},"og_video":"https:\/\/www.youtube.com\/embed\/InK3e0K6_dI","og_video_type":"text\/html","og_video_duration":"57","og_video_width":"480","og_video_height":"360","ya_ovs_adult":"false","ya_ovs_upload_date":"2021-02-02T19:55:06+00:00","ya_ovs_allow_embed":"true","product_price_amount":"201300.00","product_price_currency":"USD","og_availability":"out of stock","product_availability":"out of stock","product_condition":"new"},"_links":{"self":[{"href":"https:\/\/produncan.cl\/fr\/wp-json\/wp\/v2\/product\/12547","targetHints":{"allow":["GET"]}}],"collection":[{"href":"https:\/\/produncan.cl\/fr\/wp-json\/wp\/v2\/product"}],"about":[{"href":"https:\/\/produncan.cl\/fr\/wp-json\/wp\/v2\/types\/product"}],"version-history":[{"count":0,"href":"https:\/\/produncan.cl\/fr\/wp-json\/wp\/v2\/product\/12547\/revisions"}],"wp:featuredmedia":[{"embeddable":true,"href":"https:\/\/produncan.cl\/fr\/wp-json\/wp\/v2\/media\/12202"}],"wp:attachment":[{"href":"https:\/\/produncan.cl\/fr\/wp-json\/wp\/v2\/media?parent=12547"}],"wp:term":[{"taxonomy":"product_brand","embeddable":true,"href":"https:\/\/produncan.cl\/fr\/wp-json\/wp\/v2\/product_brand?post=12547"},{"taxonomy":"product_cat","embeddable":true,"href":"https:\/\/produncan.cl\/fr\/wp-json\/wp\/v2\/product_cat?post=12547"},{"taxonomy":"product_tag","embeddable":true,"href":"https:\/\/produncan.cl\/fr\/wp-json\/wp\/v2\/product_tag?post=12547"},{"taxonomy":"regiones","embeddable":true,"href":"https:\/\/produncan.cl\/fr\/wp-json\/wp\/v2\/regiones?post=12547"},{"taxonomy":"ciudades","embeddable":true,"href":"https:\/\/produncan.cl\/fr\/wp-json\/wp\/v2\/ciudades?post=12547"}],"curies":[{"name":"wp","href":"https:\/\/api.w.org\/{rel}","templated":true}]}}