{"id":13809,"date":"2022-04-16T18:28:27","date_gmt":"2022-04-16T22:28:27","guid":{"rendered":"https:\/\/produncan.cl\/producto\/maison-commerciale-plaza-de-armas-puerto-natales-magallanes\/"},"modified":"2025-12-26T17:29:21","modified_gmt":"2025-12-26T20:29:21","slug":"maison-commerciale-plaza-de-armas-puerto-natales-magallanes","status":"publish","type":"product","link":"https:\/\/produncan.cl\/fr\/produit\/maison-commerciale-plaza-de-armas-puerto-natales-magallanes\/","title":{"rendered":"Maison commerciale Plaza de Armas &#8211; Puerto Natales, Magallanes"},"content":{"rendered":"\t\t<div data-elementor-type=\"product-post\" data-elementor-id=\"13809\" class=\"elementor elementor-13809 elementor-13264\" data-elementor-post-type=\"product\">\n\t\t\t\t<div class=\"elementor-element elementor-element-22cec22 e-flex e-con-boxed e-con e-parent\" data-id=\"22cec22\" data-element_type=\"container\" data-e-type=\"container\" data-settings=\"{&quot;jet_parallax_layout_list&quot;:[]}\">\n\t\t\t\t\t<div class=\"e-con-inner\">\n\t\t\t\t<div class=\"elementor-element elementor-element-7d90912 elementor-widget elementor-widget-heading\" data-id=\"7d90912\" data-element_type=\"widget\" data-e-type=\"widget\" data-widget_type=\"heading.default\">\n\t\t\t\t\t<h2 class=\"elementor-heading-title elementor-size-default\">Bienvenue dans une propri\u00e9t\u00e9 id\u00e9ale pour un grand projet \u00e0 Puerto Natales !<\/h2>\t\t\t\t<\/div>\n\t\t\t\t\t<\/div>\n\t\t\t\t<\/div>\n\t\t<div class=\"elementor-element elementor-element-78b598c e-flex e-con-boxed e-con e-parent\" data-id=\"78b598c\" data-element_type=\"container\" data-e-type=\"container\" data-settings=\"{&quot;jet_parallax_layout_list&quot;:[]}\">\n\t\t\t\t\t<div class=\"e-con-inner\">\n\t\t\t\t<div class=\"elementor-element elementor-element-9fd1450 elementor-widget elementor-widget-text-editor\" data-id=\"9fd1450\" data-element_type=\"widget\" data-e-type=\"widget\" data-widget_type=\"text-editor.default\">\n\t\t\t\t\t\t\t\t\t<p>Cette propri\u00e9t\u00e9 est situ\u00e9e dans le quartier le plus exclusif de la ville, en plein sur la Plaza de Armas.<\/p>\n<p><\/p>\n<p>Construite en 1961, cette belle maison a une superficie de 157,7 m\u00b2 sur une surface totale de 910 m\u00b2 (18,2 x 50), ce qui signifie beaucoup d&#8217;espace pour r\u00e9aliser votre projet. En outre, la propri\u00e9t\u00e9 a une fa\u00e7ade de 18,2 m\u00e8tres, ce qui lui conf\u00e8re une grande visibilit\u00e9 sur l&#8217;endroit le plus fr\u00e9quent\u00e9 de Puerto Natales.<\/p>\n<p><\/p>\n<p>Il s&#8217;agit du plus grand site en face du Plaza, et il serait id\u00e9al pour un d\u00e9veloppement immobilier. Le plan r\u00e9glementaire pr\u00e9voit une hauteur maximale de 4 \u00e9tages.<\/p>\n<p><\/p>\n<p>\u00c0 l&#8217;int\u00e9rieur de la maison, vous trouverez trois chambres spacieuses et confortables, ainsi qu&#8217;une salle de bains compl\u00e8te qui a \u00e9t\u00e9 r\u00e9cemment r\u00e9nov\u00e9e. En outre, il y a une pi\u00e8ce de service \u00e0 l&#8217;ext\u00e9rieur de la maison principale d&#8217;une surface construite de 30 m\u00b2.<\/p>\n<p><\/p>\n<p>La propri\u00e9t\u00e9 dispose \u00e9galement d&#8217;un hangar de 87,6 m\u00b2 pour ranger vos affaires. Elle est \u00e9galement \u00e9quip\u00e9e d&#8217;un syst\u00e8me de chauffage central aliment\u00e9 par le gaz de ville et d&#8217;un syst\u00e8me de production d&#8217;eau chaude, ce qui signifie que vous disposerez de tout ce dont vous avez besoin pour rester \u00e0 l&#8217;aise tout au long de l&#8217;ann\u00e9e.<\/p>\n<p><\/p>\n<p>L&#8217;une des caract\u00e9ristiques de cette propri\u00e9t\u00e9 est sa capacit\u00e9 \u00e0 garer jusqu&#8217;\u00e0 10 v\u00e9hicules, dont 6 \u00e0 l&#8217;abri.<\/p>\n<p><span style=\"color: var( --e-global-color-text ); font-family: var( --e-global-typography-text-font-family ), Sans-serif; font-weight: var( --e-global-typography-text-font-weight ); text-align: var(--text-align); font-size: 1rem;\">En outre, la propri\u00e9t\u00e9 dispose d&#8217;une cuisine ferm\u00e9e, d&#8217;un hall d&#8217;entr\u00e9e de 12 m\u00b2, d&#8217;une cuisine quotidienne, d&#8217;une salle \u00e0 manger de 21 m\u00b2, d&#8217;un garde-manger, d&#8217;un bureau, d&#8217;un salon de 19 m\u00b2 et d&#8217;un jardin \u00e0 l&#8217;avant et \u00e0 l&#8217;arri\u00e8re. Les transports publics et un signal de t\u00e9l\u00e9communications sont \u00e9galement accessibles \u00e0 pied.<\/span><\/p>\n<p><\/p>\n<p>L&#8217;\u00e9tablissement est situ\u00e9 en face de la Plaza de Armas. Dans un rayon de 200 m\u00e8tres se trouvent presque tous les services publics : carabiniers, pompiers, PDI, notaire, la cath\u00e9drale, le casino, plusieurs h\u00f4tels, restaurants et agences touristiques. La Costanera se trouve \u00e0 6 p\u00e2t\u00e9s de maisons.<\/p>\n<p><\/p>\n<p>Ne manquez pas l&#8217;occasion de poss\u00e9der cette superbe propri\u00e9t\u00e9 dans l&#8217;un des quartiers les plus exclusifs de Puerto Natales.<\/p>\n<p><\/p>\n<p>Contactez-nous d\u00e8s aujourd&#8217;hui pour en savoir plus sur cette propri\u00e9t\u00e9 !<\/p>\t\t\t\t\t\t\t\t<\/div>\n\t\t\t\t\t<\/div>\n\t\t\t\t<\/div>\n\t\t\t\t<\/div>\n\t\t","protected":false},"excerpt":{"rendered":"<p>Maison sur la Plaza de Armas de Puerto Natales, 158m\u00b2, id\u00e9ale pour un nouveau projet.<\/p>\n","protected":false},"featured_media":13428,"template":"","meta":{"_acf_changed":false},"product_brand":[],"product_cat":[129],"product_tag":[236],"regiones":[225],"ciudades":[210],"class_list":{"0":"post-13809","1":"product","2":"type-product","3":"status-publish","4":"has-post-thumbnail","6":"product_cat-aysen-magallanes-fr","7":"product_tag-parcelles","8":"regiones-aysen-magallanes","9":"ciudades-puerto-natales","11":"first","12":"instock","13":"sold-individually","14":"shipping-taxable","15":"purchasable","16":"product-type-simple"},"acf":[],"yoast_head":"<!-- This site is optimized with the Yoast SEO Premium plugin v26.0 (Yoast SEO v27.3) - https:\/\/yoast.com\/product\/yoast-seo-premium-wordpress\/ -->\n<title>Commercial House - Plaza de Armas Puerto Natales - Produncan<\/title>\n<meta name=\"description\" content=\"Maison de 910m\u00b2 \u00e0 Natales en excellent \u00e9tat situ\u00e9e en face de la Plaza de Armas et \u00e0 6 blocs de la Costanera. Cerca de servicios p\u00fablicos\" \/>\n<meta name=\"robots\" content=\"index, follow, max-snippet:-1, max-image-preview:large, max-video-preview:-1\" \/>\n<link rel=\"canonical\" href=\"https:\/\/produncan.cl\/fr\/produit\/maison-commerciale-plaza-de-armas-puerto-natales-magallanes\/\" \/>\n<meta property=\"og:locale\" content=\"fr_FR\" \/>\n<meta property=\"og:type\" content=\"article\" \/>\n<meta property=\"og:title\" content=\"Maison commerciale Plaza de Armas - Puerto Natales, Magallanes\" \/>\n<meta property=\"og:description\" content=\"Maison de 910m\u00b2 \u00e0 Natales en excellent \u00e9tat situ\u00e9e en face de la Plaza de Armas et \u00e0 6 blocs de la Costanera. Cerca de servicios p\u00fablicos\" \/>\n<meta property=\"og:url\" content=\"https:\/\/produncan.cl\/fr\/produit\/maison-commerciale-plaza-de-armas-puerto-natales-magallanes\/\" \/>\n<meta property=\"og:site_name\" content=\"Produncan\" \/>\n<meta property=\"article:publisher\" content=\"https:\/\/web.facebook.com\/produncanland\" \/>\n<meta property=\"article:modified_time\" content=\"2025-12-26T20:29:21+00:00\" \/>\n<meta property=\"og:image\" content=\"https:\/\/produncan.cl\/wp-content\/uploads\/2023\/03\/Casa-Comercial-Plaza-de-armas-Puerto-Natales-1.webp\" \/>\n\t<meta property=\"og:image:width\" content=\"600\" \/>\n\t<meta property=\"og:image:height\" content=\"450\" \/>\n\t<meta property=\"og:image:type\" content=\"image\/webp\" \/>\n<meta name=\"twitter:card\" content=\"summary_large_image\" \/>\n<meta name=\"twitter:label1\" content=\"Price\" \/>\n\t<meta name=\"twitter:data1\" content=\"USD1.336.800,00\" \/>\n\t<meta name=\"twitter:label2\" content=\"Availability\" \/>\n\t<meta name=\"twitter:data2\" content=\"In stock\" \/>\n<script type=\"application\/ld+json\" class=\"yoast-schema-graph\">{\"@context\":\"https:\\\/\\\/schema.org\",\"@graph\":[{\"@type\":\"WebPage\",\"@id\":\"https:\\\/\\\/produncan.cl\\\/fr\\\/produit\\\/maison-commerciale-plaza-de-armas-puerto-natales-magallanes\\\/\",\"url\":\"https:\\\/\\\/produncan.cl\\\/fr\\\/produit\\\/maison-commerciale-plaza-de-armas-puerto-natales-magallanes\\\/\",\"name\":\"Commercial House - Plaza de Armas Puerto Natales - Produncan\",\"isPartOf\":{\"@id\":\"https:\\\/\\\/produncan.cl\\\/fr\\\/#website\"},\"primaryImageOfPage\":{\"@id\":\"https:\\\/\\\/produncan.cl\\\/fr\\\/produit\\\/maison-commerciale-plaza-de-armas-puerto-natales-magallanes\\\/#primaryimage\"},\"image\":{\"@id\":\"https:\\\/\\\/produncan.cl\\\/fr\\\/produit\\\/maison-commerciale-plaza-de-armas-puerto-natales-magallanes\\\/#primaryimage\"},\"thumbnailUrl\":\"https:\\\/\\\/produncan.cl\\\/wp-content\\\/uploads\\\/2023\\\/03\\\/Casa-Comercial-Plaza-de-armas-Puerto-Natales-1.webp\",\"datePublished\":\"2022-04-16T22:28:27+00:00\",\"dateModified\":\"2025-12-26T20:29:21+00:00\",\"description\":\"Maison de 910m\u00b2 \u00e0 Natales en excellent \u00e9tat situ\u00e9e en face de la Plaza de Armas et \u00e0 6 blocs de la Costanera. Cerca de servicios p\u00fablicos\",\"breadcrumb\":{\"@id\":\"https:\\\/\\\/produncan.cl\\\/fr\\\/produit\\\/maison-commerciale-plaza-de-armas-puerto-natales-magallanes\\\/#breadcrumb\"},\"inLanguage\":\"fr-FR\",\"potentialAction\":[{\"@type\":\"ReadAction\",\"target\":[\"https:\\\/\\\/produncan.cl\\\/fr\\\/produit\\\/maison-commerciale-plaza-de-armas-puerto-natales-magallanes\\\/\"]}]},{\"@type\":\"ImageObject\",\"inLanguage\":\"fr-FR\",\"@id\":\"https:\\\/\\\/produncan.cl\\\/fr\\\/produit\\\/maison-commerciale-plaza-de-armas-puerto-natales-magallanes\\\/#primaryimage\",\"url\":\"https:\\\/\\\/produncan.cl\\\/wp-content\\\/uploads\\\/2023\\\/03\\\/Casa-Comercial-Plaza-de-armas-Puerto-Natales-1.webp\",\"contentUrl\":\"https:\\\/\\\/produncan.cl\\\/wp-content\\\/uploads\\\/2023\\\/03\\\/Casa-Comercial-Plaza-de-armas-Puerto-Natales-1.webp\",\"width\":600,\"height\":450},{\"@type\":\"BreadcrumbList\",\"@id\":\"https:\\\/\\\/produncan.cl\\\/fr\\\/produit\\\/maison-commerciale-plaza-de-armas-puerto-natales-magallanes\\\/#breadcrumb\",\"itemListElement\":[{\"@type\":\"ListItem\",\"position\":1,\"name\":\"Inicio\",\"item\":\"https:\\\/\\\/produncan.cl\\\/fr\\\/\"},{\"@type\":\"ListItem\",\"position\":2,\"name\":\"Propri\u00e9t\u00e9s\",\"item\":\"https:\\\/\\\/produncan.cl\\\/propiedades\\\/\"},{\"@type\":\"ListItem\",\"position\":3,\"name\":\"Parcelles\",\"item\":\"https:\\\/\\\/produncan.cl\\\/fr\\\/cat&eacute;gorie\\\/parcelles\\\/\"},{\"@type\":\"ListItem\",\"position\":4,\"name\":\"Maison commerciale Plaza de Armas &#8211; Puerto Natales, Magallanes\"}]},{\"@type\":\"WebSite\",\"@id\":\"https:\\\/\\\/produncan.cl\\\/fr\\\/#website\",\"url\":\"https:\\\/\\\/produncan.cl\\\/fr\\\/\",\"name\":\"Produncan\",\"description\":\"Nous vous accompagnons dans votre projet de vie !\",\"publisher\":{\"@id\":\"https:\\\/\\\/produncan.cl\\\/fr\\\/#organization\"},\"potentialAction\":[{\"@type\":\"SearchAction\",\"target\":{\"@type\":\"EntryPoint\",\"urlTemplate\":\"https:\\\/\\\/produncan.cl\\\/fr\\\/?s={search_term_string}\"},\"query-input\":{\"@type\":\"PropertyValueSpecification\",\"valueRequired\":true,\"valueName\":\"search_term_string\"}}],\"inLanguage\":\"fr-FR\"},{\"@type\":\"Organization\",\"@id\":\"https:\\\/\\\/produncan.cl\\\/fr\\\/#organization\",\"name\":\"Produncan\",\"url\":\"https:\\\/\\\/produncan.cl\\\/fr\\\/\",\"logo\":{\"@type\":\"ImageObject\",\"inLanguage\":\"fr-FR\",\"@id\":\"https:\\\/\\\/produncan.cl\\\/fr\\\/#\\\/schema\\\/logo\\\/image\\\/\",\"url\":\"https:\\\/\\\/produncan.cl\\\/wp-content\\\/uploads\\\/2021\\\/03\\\/LOGO.jpeg\",\"contentUrl\":\"https:\\\/\\\/produncan.cl\\\/wp-content\\\/uploads\\\/2021\\\/03\\\/LOGO.jpeg\",\"width\":1280,\"height\":903,\"caption\":\"Produncan\"},\"image\":{\"@id\":\"https:\\\/\\\/produncan.cl\\\/fr\\\/#\\\/schema\\\/logo\\\/image\\\/\"},\"sameAs\":[\"https:\\\/\\\/web.facebook.com\\\/produncanland\",\"https:\\\/\\\/www.instagram.com\\\/pro_duncan\\\/\",\"https:\\\/\\\/www.linkedin.com\\\/company\\\/produncan-lands\\\/\",\"https:\\\/\\\/www.youtube.com\\\/channel\\\/UCu7N-f3x0svkazD-Eew1-QQ\"],\"description\":\"En Produncan somos especialistas en la venta de terrenos en el sur de Chile. Proveemos estancias, campos, parcelas y hoteles.\",\"email\":\"info@produncan.cl\"}]}<\/script>\n<meta property=\"og:video\" content=\"https:\/\/www.youtube.com\/embed\/5vhsLesqVcE\" \/>\n<meta property=\"og:video:type\" content=\"text\/html\" \/>\n<meta property=\"og:video:duration\" content=\"73\" \/>\n<meta property=\"og:video:width\" content=\"480\" \/>\n<meta property=\"og:video:height\" content=\"360\" \/>\n<meta property=\"ya:ovs:adult\" content=\"false\" \/>\n<meta property=\"ya:ovs:upload_date\" content=\"2022-04-16T22:28:27+00:00\" \/>\n<meta property=\"ya:ovs:allow_embed\" content=\"true\" \/>\n<meta property=\"product:price:amount\" content=\"1336800.00\" \/>\n<meta property=\"product:price:currency\" content=\"USD\" \/>\n<meta property=\"og:availability\" content=\"instock\" \/>\n<meta property=\"product:availability\" content=\"instock\" \/>\n<meta property=\"product:condition\" content=\"new\" \/>\n<!-- \/ Yoast SEO Premium plugin. -->","yoast_head_json":{"title":"Commercial House - Plaza de Armas Puerto Natales - Produncan","description":"Maison de 910m\u00b2 \u00e0 Natales en excellent \u00e9tat situ\u00e9e en face de la Plaza de Armas et \u00e0 6 blocs de la Costanera. Cerca de servicios p\u00fablicos","robots":{"index":"index","follow":"follow","max-snippet":"max-snippet:-1","max-image-preview":"max-image-preview:large","max-video-preview":"max-video-preview:-1"},"canonical":"https:\/\/produncan.cl\/fr\/produit\/maison-commerciale-plaza-de-armas-puerto-natales-magallanes\/","og_locale":"fr_FR","og_type":"article","og_title":"Maison commerciale Plaza de Armas - Puerto Natales, Magallanes","og_description":"Maison de 910m\u00b2 \u00e0 Natales en excellent \u00e9tat situ\u00e9e en face de la Plaza de Armas et \u00e0 6 blocs de la Costanera. Cerca de servicios p\u00fablicos","og_url":"https:\/\/produncan.cl\/fr\/produit\/maison-commerciale-plaza-de-armas-puerto-natales-magallanes\/","og_site_name":"Produncan","article_publisher":"https:\/\/web.facebook.com\/produncanland","article_modified_time":"2025-12-26T20:29:21+00:00","og_image":[{"width":600,"height":450,"url":"https:\/\/produncan.cl\/wp-content\/uploads\/2023\/03\/Casa-Comercial-Plaza-de-armas-Puerto-Natales-1.webp","type":"image\/webp"}],"twitter_card":"summary_large_image","twitter_misc":{"Price":"USD1.336.800,00","Availability":"In stock"},"schema":{"@context":"https:\/\/schema.org","@graph":[{"@type":"WebPage","@id":"https:\/\/produncan.cl\/fr\/produit\/maison-commerciale-plaza-de-armas-puerto-natales-magallanes\/","url":"https:\/\/produncan.cl\/fr\/produit\/maison-commerciale-plaza-de-armas-puerto-natales-magallanes\/","name":"Commercial House - Plaza de Armas Puerto Natales - Produncan","isPartOf":{"@id":"https:\/\/produncan.cl\/fr\/#website"},"primaryImageOfPage":{"@id":"https:\/\/produncan.cl\/fr\/produit\/maison-commerciale-plaza-de-armas-puerto-natales-magallanes\/#primaryimage"},"image":{"@id":"https:\/\/produncan.cl\/fr\/produit\/maison-commerciale-plaza-de-armas-puerto-natales-magallanes\/#primaryimage"},"thumbnailUrl":"https:\/\/produncan.cl\/wp-content\/uploads\/2023\/03\/Casa-Comercial-Plaza-de-armas-Puerto-Natales-1.webp","datePublished":"2022-04-16T22:28:27+00:00","dateModified":"2025-12-26T20:29:21+00:00","description":"Maison de 910m\u00b2 \u00e0 Natales en excellent \u00e9tat situ\u00e9e en face de la Plaza de Armas et \u00e0 6 blocs de la Costanera. Cerca de servicios p\u00fablicos","breadcrumb":{"@id":"https:\/\/produncan.cl\/fr\/produit\/maison-commerciale-plaza-de-armas-puerto-natales-magallanes\/#breadcrumb"},"inLanguage":"fr-FR","potentialAction":[{"@type":"ReadAction","target":["https:\/\/produncan.cl\/fr\/produit\/maison-commerciale-plaza-de-armas-puerto-natales-magallanes\/"]}]},{"@type":"ImageObject","inLanguage":"fr-FR","@id":"https:\/\/produncan.cl\/fr\/produit\/maison-commerciale-plaza-de-armas-puerto-natales-magallanes\/#primaryimage","url":"https:\/\/produncan.cl\/wp-content\/uploads\/2023\/03\/Casa-Comercial-Plaza-de-armas-Puerto-Natales-1.webp","contentUrl":"https:\/\/produncan.cl\/wp-content\/uploads\/2023\/03\/Casa-Comercial-Plaza-de-armas-Puerto-Natales-1.webp","width":600,"height":450},{"@type":"BreadcrumbList","@id":"https:\/\/produncan.cl\/fr\/produit\/maison-commerciale-plaza-de-armas-puerto-natales-magallanes\/#breadcrumb","itemListElement":[{"@type":"ListItem","position":1,"name":"Inicio","item":"https:\/\/produncan.cl\/fr\/"},{"@type":"ListItem","position":2,"name":"Propri\u00e9t\u00e9s","item":"https:\/\/produncan.cl\/propiedades\/"},{"@type":"ListItem","position":3,"name":"Parcelles","item":"https:\/\/produncan.cl\/fr\/cat&eacute;gorie\/parcelles\/"},{"@type":"ListItem","position":4,"name":"Maison commerciale Plaza de Armas &#8211; Puerto Natales, Magallanes"}]},{"@type":"WebSite","@id":"https:\/\/produncan.cl\/fr\/#website","url":"https:\/\/produncan.cl\/fr\/","name":"Produncan","description":"Nous vous accompagnons dans votre projet de vie !","publisher":{"@id":"https:\/\/produncan.cl\/fr\/#organization"},"potentialAction":[{"@type":"SearchAction","target":{"@type":"EntryPoint","urlTemplate":"https:\/\/produncan.cl\/fr\/?s={search_term_string}"},"query-input":{"@type":"PropertyValueSpecification","valueRequired":true,"valueName":"search_term_string"}}],"inLanguage":"fr-FR"},{"@type":"Organization","@id":"https:\/\/produncan.cl\/fr\/#organization","name":"Produncan","url":"https:\/\/produncan.cl\/fr\/","logo":{"@type":"ImageObject","inLanguage":"fr-FR","@id":"https:\/\/produncan.cl\/fr\/#\/schema\/logo\/image\/","url":"https:\/\/produncan.cl\/wp-content\/uploads\/2021\/03\/LOGO.jpeg","contentUrl":"https:\/\/produncan.cl\/wp-content\/uploads\/2021\/03\/LOGO.jpeg","width":1280,"height":903,"caption":"Produncan"},"image":{"@id":"https:\/\/produncan.cl\/fr\/#\/schema\/logo\/image\/"},"sameAs":["https:\/\/web.facebook.com\/produncanland","https:\/\/www.instagram.com\/pro_duncan\/","https:\/\/www.linkedin.com\/company\/produncan-lands\/","https:\/\/www.youtube.com\/channel\/UCu7N-f3x0svkazD-Eew1-QQ"],"description":"En Produncan somos especialistas en la venta de terrenos en el sur de Chile. Proveemos estancias, campos, parcelas y hoteles.","email":"info@produncan.cl"}]},"og_video":"https:\/\/www.youtube.com\/embed\/5vhsLesqVcE","og_video_type":"text\/html","og_video_duration":"73","og_video_width":"480","og_video_height":"360","ya_ovs_adult":"false","ya_ovs_upload_date":"2022-04-16T22:28:27+00:00","ya_ovs_allow_embed":"true","product_price_amount":"1336800.00","product_price_currency":"USD","og_availability":"instock","product_availability":"instock","product_condition":"new"},"_links":{"self":[{"href":"https:\/\/produncan.cl\/fr\/wp-json\/wp\/v2\/product\/13809","targetHints":{"allow":["GET"]}}],"collection":[{"href":"https:\/\/produncan.cl\/fr\/wp-json\/wp\/v2\/product"}],"about":[{"href":"https:\/\/produncan.cl\/fr\/wp-json\/wp\/v2\/types\/product"}],"version-history":[{"count":2,"href":"https:\/\/produncan.cl\/fr\/wp-json\/wp\/v2\/product\/13809\/revisions"}],"predecessor-version":[{"id":54229,"href":"https:\/\/produncan.cl\/fr\/wp-json\/wp\/v2\/product\/13809\/revisions\/54229"}],"wp:featuredmedia":[{"embeddable":true,"href":"https:\/\/produncan.cl\/fr\/wp-json\/wp\/v2\/media\/13428"}],"wp:attachment":[{"href":"https:\/\/produncan.cl\/fr\/wp-json\/wp\/v2\/media?parent=13809"}],"wp:term":[{"taxonomy":"product_brand","embeddable":true,"href":"https:\/\/produncan.cl\/fr\/wp-json\/wp\/v2\/product_brand?post=13809"},{"taxonomy":"product_cat","embeddable":true,"href":"https:\/\/produncan.cl\/fr\/wp-json\/wp\/v2\/product_cat?post=13809"},{"taxonomy":"product_tag","embeddable":true,"href":"https:\/\/produncan.cl\/fr\/wp-json\/wp\/v2\/product_tag?post=13809"},{"taxonomy":"regiones","embeddable":true,"href":"https:\/\/produncan.cl\/fr\/wp-json\/wp\/v2\/regiones?post=13809"},{"taxonomy":"ciudades","embeddable":true,"href":"https:\/\/produncan.cl\/fr\/wp-json\/wp\/v2\/ciudades?post=13809"}],"curies":[{"name":"wp","href":"https:\/\/api.w.org\/{rel}","templated":true}]}}