{"id":13811,"date":"2022-04-16T17:58:09","date_gmt":"2022-04-16T21:58:09","guid":{"rendered":"https:\/\/produncan.cl\/producto\/casa-faro-los-colonos-puerto-varas-r-de-los-lagos\/"},"modified":"2025-07-19T14:02:01","modified_gmt":"2025-07-19T18:02:01","slug":"casa-faro-los-colonos-puerto-varas-r-de-los-lagos","status":"publish","type":"product","link":"https:\/\/produncan.cl\/fr\/produit\/casa-faro-los-colonos-puerto-varas-r-de-los-lagos\/","title":{"rendered":"Casa Faro Los Colonos &#8211; Puerto Varas, Regi\u00f3n de los Lagos"},"content":{"rendered":"\t\t<div data-elementor-type=\"product-post\" data-elementor-id=\"13811\" class=\"elementor elementor-13811 elementor-13192\" data-elementor-post-type=\"product\">\n\t\t\t\t<div class=\"elementor-element elementor-element-90cab51 e-flex e-con-boxed e-con e-parent\" data-id=\"90cab51\" data-element_type=\"container\" data-e-type=\"container\" data-settings=\"{&quot;jet_parallax_layout_list&quot;:[]}\">\n\t\t\t\t\t<div class=\"e-con-inner\">\n\t\t\t\t<div class=\"elementor-element elementor-element-354b6e2 elementor-widget elementor-widget-heading\" data-id=\"354b6e2\" data-element_type=\"widget\" data-e-type=\"widget\" data-widget_type=\"heading.default\">\n\t\t\t\t\t<h2 class=\"elementor-heading-title elementor-size-default\">Une belle maison \u00e0 Puerto Varas, bien situ\u00e9e et dans un quartier calme !<\/h2>\t\t\t\t<\/div>\n\t\t\t\t\t<\/div>\n\t\t\t\t<\/div>\n\t\t<div class=\"elementor-element elementor-element-b86a2a7 e-flex e-con-boxed e-con e-parent\" data-id=\"b86a2a7\" data-element_type=\"container\" data-e-type=\"container\" data-settings=\"{&quot;jet_parallax_layout_list&quot;:[]}\">\n\t\t\t\t\t<div class=\"e-con-inner\">\n\t\t\t\t<div class=\"elementor-element elementor-element-32b8ac4 elementor-widget elementor-widget-text-editor\" data-id=\"32b8ac4\" data-element_type=\"widget\" data-e-type=\"widget\" data-widget_type=\"text-editor.default\">\n\t\t\t\t\t\t\t\t\t<p>Nous vous pr\u00e9sentons une magnifique maison de deux \u00e9tages de 147m\u00b2 \u00e0 Puerto Varas, sur un terrain de 410m\u00b2, qui se distingue par son excellent emplacement, ses grands espaces et ses commodit\u00e9s.<\/p>\n<p><\/p>\n<p>La propri\u00e9t\u00e9 dispose de 4 chambres et de 4 salles de bains, et est parfaite pour une grande famille ou pour ceux qui aiment avoir de l&#8217;espace suppl\u00e9mentaire.<\/p>\n<p><\/p>\n<p>Il dispose \u00e9galement d&#8217;une terrasse, d&#8217;un patio \u00e0 l&#8217;avant et d&#8217;un jardin \u00e0 l&#8217;arri\u00e8re, parfaits pour des moments de d\u00e9tente ou des barbecues entre amis ou en famille.<\/p>\n<p><\/p>\n<p>La cuisine ferm\u00e9e dispose d&#8217;un lave-vaisselle et d&#8217;un garde-manger, ce qui la rend pratique et fonctionnelle, et le salon dispose d&#8217;une combustion lente qui donne une touche accueillante et chaleureuse \u00e0 toute la maison, ainsi que d&#8217;une chaudi\u00e8re \u00e0 gaz pour chauffer l&#8217;eau et la distribuer aux radiateurs pour garder la maison temp\u00e9r\u00e9e.<\/p>\n<p><\/p>\n<p>La suite parentale dispose d&#8217;un dressing qui vous donnera l&#8217;impression d&#8217;\u00eatre dans un h\u00f4tel de luxe, et les fen\u00eatres thermopanel assurent une excellente isolation acoustique et thermique.<\/p>\n<p><\/p>\n<p>De plus, la propri\u00e9t\u00e9 dispose de 3 places de parking (dont une couverte), d&#8217;un cellier et d&#8217;une loggia, ce qui vous permettra de tout garder en ordre et organis\u00e9. Et si vous \u00eates pr\u00e9occup\u00e9 par la s\u00e9curit\u00e9, vous n&#8217;avez pas \u00e0 vous inqui\u00e9ter, car il y a un portail \u00e9lectrique.<\/p>\n<p><\/p>\n<p>La propri\u00e9t\u00e9 est situ\u00e9e \u00e0 l&#8217;est, ce qui permet une bonne exposition au soleil pendant la journ\u00e9e.<\/p>\n<p><span style=\"color: var( --e-global-color-text ); font-family: var( --e-global-typography-text-font-family ), Sans-serif; font-weight: var( --e-global-typography-text-font-weight ); text-align: var(--text-align);\">La maison est situ\u00e9e dans un quartier calme et s\u00fbr, avec un acc\u00e8s facile, des espaces verts, des terrains de jeux, des terrains de jeux pour enfants, \u00e0 proximit\u00e9 des transports publics et avec un bon signal de t\u00e9l\u00e9communications. Les d\u00e9penses communes s&#8217;\u00e9l\u00e8vent \u00e0 10 000 dollars par mois, les contributions s&#8217;\u00e9l\u00e8vent \u00e0 90 000 dollars par trimestre et un comit\u00e9 de propri\u00e9taires est charg\u00e9 de l&#8217;entretien du p\u00e9rim\u00e8tre.<\/span><\/p>\n<p><span style=\"color: var( --e-global-color-text ); font-family: var( --e-global-typography-text-font-family ), Sans-serif; font-weight: var( --e-global-typography-text-font-weight ); text-align: var(--text-align);\">Son prix est de UF9200.<\/span><\/p>\n<p>Ne manquez pas l&#8217;occasion de faire de cette belle maison votre foyer !<\/p>\t\t\t\t\t\t\t\t<\/div>\n\t\t\t\t\t<\/div>\n\t\t\t\t<\/div>\n\t\t\t\t<\/div>\n\t\t","protected":false},"excerpt":{"rendered":"<p>Maison de 4 chambres \u00e0 Puerto Varas, spacieuse, terrasse, jardin, combustion lente.<\/p>\n","protected":false},"featured_media":13258,"template":"","meta":{"_acf_changed":false},"product_brand":[],"product_cat":[113],"product_tag":[442],"regiones":[226],"ciudades":[219],"class_list":{"0":"post-13811","1":"product","2":"type-product","3":"status-publish","4":"has-post-thumbnail","6":"product_cat-ohiggins-los-lagos-fr","7":"product_tag-proprietes-urbaines","8":"regiones-nuble-los_lagos","9":"ciudades-puerto-varas","11":"first","12":"instock","13":"sold-individually","14":"shipping-taxable","15":"purchasable","16":"product-type-simple"},"acf":[],"yoast_head":"<!-- This site is optimized with the Yoast SEO Premium plugin v26.0 (Yoast SEO v27.3) - https:\/\/yoast.com\/product\/yoast-seo-premium-wordpress\/ -->\n<title>Maison \u00e0 vendre Faro Los Colonos - Puerto Varas - Produncan<\/title>\n<meta name=\"description\" content=\"Maison de deux \u00e9tages \u00e0 Puerto Varas, avec 4 chambres et 4 salles de bains, pi\u00e8ces spacieuses, terrasse, jardin arri\u00e8re, cuisine pratique et fonctionnelle.\" \/>\n<meta name=\"robots\" content=\"index, follow, max-snippet:-1, max-image-preview:large, max-video-preview:-1\" \/>\n<link rel=\"canonical\" href=\"https:\/\/produncan.cl\/fr\/produit\/casa-faro-los-colonos-puerto-varas-r-de-los-lagos\/\" \/>\n<meta property=\"og:locale\" content=\"fr_FR\" \/>\n<meta property=\"og:type\" content=\"article\" \/>\n<meta property=\"og:title\" content=\"Casa Faro Los Colonos - Puerto Varas, Regi\u00f3n de los Lagos\" \/>\n<meta property=\"og:description\" content=\"Maison de deux \u00e9tages \u00e0 Puerto Varas, avec 4 chambres et 4 salles de bains, pi\u00e8ces spacieuses, terrasse, jardin arri\u00e8re, cuisine pratique et fonctionnelle.\" \/>\n<meta property=\"og:url\" content=\"https:\/\/produncan.cl\/fr\/produit\/casa-faro-los-colonos-puerto-varas-r-de-los-lagos\/\" \/>\n<meta property=\"og:site_name\" content=\"Produncan\" \/>\n<meta property=\"article:publisher\" content=\"https:\/\/web.facebook.com\/produncanland\" \/>\n<meta property=\"article:modified_time\" content=\"2025-07-19T18:02:01+00:00\" \/>\n<meta property=\"og:image\" content=\"https:\/\/produncan.cl\/wp-content\/uploads\/2023\/03\/Presentacion-Casa-Faro-Los-Colonos.webp\" \/>\n\t<meta property=\"og:image:width\" content=\"600\" \/>\n\t<meta property=\"og:image:height\" content=\"450\" \/>\n\t<meta property=\"og:image:type\" content=\"image\/webp\" \/>\n<meta name=\"twitter:card\" content=\"summary_large_image\" \/>\n<meta name=\"twitter:label1\" content=\"Price\" \/>\n\t<meta name=\"twitter:data1\" content=\"USD384.800,00\" \/>\n\t<meta name=\"twitter:label2\" content=\"Availability\" \/>\n\t<meta name=\"twitter:data2\" content=\"In stock\" \/>\n<script type=\"application\/ld+json\" class=\"yoast-schema-graph\">{\"@context\":\"https:\\\/\\\/schema.org\",\"@graph\":[{\"@type\":\"WebPage\",\"@id\":\"https:\\\/\\\/produncan.cl\\\/fr\\\/produit\\\/casa-faro-los-colonos-puerto-varas-r-de-los-lagos\\\/\",\"url\":\"https:\\\/\\\/produncan.cl\\\/fr\\\/produit\\\/casa-faro-los-colonos-puerto-varas-r-de-los-lagos\\\/\",\"name\":\"Maison \u00e0 vendre Faro Los Colonos - Puerto Varas - Produncan\",\"isPartOf\":{\"@id\":\"https:\\\/\\\/produncan.cl\\\/fr\\\/#website\"},\"primaryImageOfPage\":{\"@id\":\"https:\\\/\\\/produncan.cl\\\/fr\\\/produit\\\/casa-faro-los-colonos-puerto-varas-r-de-los-lagos\\\/#primaryimage\"},\"image\":{\"@id\":\"https:\\\/\\\/produncan.cl\\\/fr\\\/produit\\\/casa-faro-los-colonos-puerto-varas-r-de-los-lagos\\\/#primaryimage\"},\"thumbnailUrl\":\"https:\\\/\\\/produncan.cl\\\/wp-content\\\/uploads\\\/2023\\\/03\\\/Presentacion-Casa-Faro-Los-Colonos.webp\",\"datePublished\":\"2022-04-16T21:58:09+00:00\",\"dateModified\":\"2025-07-19T18:02:01+00:00\",\"description\":\"Maison de deux \u00e9tages \u00e0 Puerto Varas, avec 4 chambres et 4 salles de bains, pi\u00e8ces spacieuses, terrasse, jardin arri\u00e8re, cuisine pratique et fonctionnelle.\",\"breadcrumb\":{\"@id\":\"https:\\\/\\\/produncan.cl\\\/fr\\\/produit\\\/casa-faro-los-colonos-puerto-varas-r-de-los-lagos\\\/#breadcrumb\"},\"inLanguage\":\"fr-FR\",\"potentialAction\":[{\"@type\":\"ReadAction\",\"target\":[\"https:\\\/\\\/produncan.cl\\\/fr\\\/produit\\\/casa-faro-los-colonos-puerto-varas-r-de-los-lagos\\\/\"]}]},{\"@type\":\"ImageObject\",\"inLanguage\":\"fr-FR\",\"@id\":\"https:\\\/\\\/produncan.cl\\\/fr\\\/produit\\\/casa-faro-los-colonos-puerto-varas-r-de-los-lagos\\\/#primaryimage\",\"url\":\"https:\\\/\\\/produncan.cl\\\/wp-content\\\/uploads\\\/2023\\\/03\\\/Presentacion-Casa-Faro-Los-Colonos.webp\",\"contentUrl\":\"https:\\\/\\\/produncan.cl\\\/wp-content\\\/uploads\\\/2023\\\/03\\\/Presentacion-Casa-Faro-Los-Colonos.webp\",\"width\":600,\"height\":450},{\"@type\":\"BreadcrumbList\",\"@id\":\"https:\\\/\\\/produncan.cl\\\/fr\\\/produit\\\/casa-faro-los-colonos-puerto-varas-r-de-los-lagos\\\/#breadcrumb\",\"itemListElement\":[{\"@type\":\"ListItem\",\"position\":1,\"name\":\"Inicio\",\"item\":\"https:\\\/\\\/produncan.cl\\\/fr\\\/\"},{\"@type\":\"ListItem\",\"position\":2,\"name\":\"Propri\u00e9t\u00e9s\",\"item\":\"https:\\\/\\\/produncan.cl\\\/propiedades\\\/\"},{\"@type\":\"ListItem\",\"position\":3,\"name\":\"Propri\u00e9t\u00e9s urbaines\",\"item\":\"https:\\\/\\\/produncan.cl\\\/fr\\\/cat&eacute;gorie\\\/proprietes-urbaines\\\/\"},{\"@type\":\"ListItem\",\"position\":4,\"name\":\"Casa Faro Los Colonos &#8211; Puerto Varas, Regi\u00f3n de los Lagos\"}]},{\"@type\":\"WebSite\",\"@id\":\"https:\\\/\\\/produncan.cl\\\/fr\\\/#website\",\"url\":\"https:\\\/\\\/produncan.cl\\\/fr\\\/\",\"name\":\"Produncan\",\"description\":\"Nous vous accompagnons dans votre projet de vie !\",\"publisher\":{\"@id\":\"https:\\\/\\\/produncan.cl\\\/fr\\\/#organization\"},\"potentialAction\":[{\"@type\":\"SearchAction\",\"target\":{\"@type\":\"EntryPoint\",\"urlTemplate\":\"https:\\\/\\\/produncan.cl\\\/fr\\\/?s={search_term_string}\"},\"query-input\":{\"@type\":\"PropertyValueSpecification\",\"valueRequired\":true,\"valueName\":\"search_term_string\"}}],\"inLanguage\":\"fr-FR\"},{\"@type\":\"Organization\",\"@id\":\"https:\\\/\\\/produncan.cl\\\/fr\\\/#organization\",\"name\":\"Produncan\",\"url\":\"https:\\\/\\\/produncan.cl\\\/fr\\\/\",\"logo\":{\"@type\":\"ImageObject\",\"inLanguage\":\"fr-FR\",\"@id\":\"https:\\\/\\\/produncan.cl\\\/fr\\\/#\\\/schema\\\/logo\\\/image\\\/\",\"url\":\"https:\\\/\\\/produncan.cl\\\/wp-content\\\/uploads\\\/2021\\\/03\\\/LOGO.jpeg\",\"contentUrl\":\"https:\\\/\\\/produncan.cl\\\/wp-content\\\/uploads\\\/2021\\\/03\\\/LOGO.jpeg\",\"width\":1280,\"height\":903,\"caption\":\"Produncan\"},\"image\":{\"@id\":\"https:\\\/\\\/produncan.cl\\\/fr\\\/#\\\/schema\\\/logo\\\/image\\\/\"},\"sameAs\":[\"https:\\\/\\\/web.facebook.com\\\/produncanland\",\"https:\\\/\\\/www.instagram.com\\\/pro_duncan\\\/\",\"https:\\\/\\\/www.linkedin.com\\\/company\\\/produncan-lands\\\/\",\"https:\\\/\\\/www.youtube.com\\\/channel\\\/UCu7N-f3x0svkazD-Eew1-QQ\"],\"description\":\"En Produncan somos especialistas en la venta de terrenos en el sur de Chile. Proveemos estancias, campos, parcelas y hoteles.\",\"email\":\"info@produncan.cl\"}]}<\/script>\n<meta property=\"og:video\" content=\"https:\/\/www.youtube.com\/embed\/d4EJm7FbW3o\" \/>\n<meta property=\"og:video:type\" content=\"text\/html\" \/>\n<meta property=\"og:video:duration\" content=\"80\" \/>\n<meta property=\"og:video:width\" content=\"480\" \/>\n<meta property=\"og:video:height\" content=\"360\" \/>\n<meta property=\"ya:ovs:adult\" content=\"false\" \/>\n<meta property=\"ya:ovs:upload_date\" content=\"2022-04-16T21:58:09+00:00\" \/>\n<meta property=\"ya:ovs:allow_embed\" content=\"true\" \/>\n<meta property=\"product:price:amount\" content=\"384800.00\" \/>\n<meta property=\"product:price:currency\" content=\"USD\" \/>\n<meta property=\"og:availability\" content=\"instock\" \/>\n<meta property=\"product:availability\" content=\"instock\" \/>\n<meta property=\"product:condition\" content=\"new\" \/>\n<!-- \/ Yoast SEO Premium plugin. -->","yoast_head_json":{"title":"Maison \u00e0 vendre Faro Los Colonos - Puerto Varas - Produncan","description":"Maison de deux \u00e9tages \u00e0 Puerto Varas, avec 4 chambres et 4 salles de bains, pi\u00e8ces spacieuses, terrasse, jardin arri\u00e8re, cuisine pratique et fonctionnelle.","robots":{"index":"index","follow":"follow","max-snippet":"max-snippet:-1","max-image-preview":"max-image-preview:large","max-video-preview":"max-video-preview:-1"},"canonical":"https:\/\/produncan.cl\/fr\/produit\/casa-faro-los-colonos-puerto-varas-r-de-los-lagos\/","og_locale":"fr_FR","og_type":"article","og_title":"Casa Faro Los Colonos - Puerto Varas, Regi\u00f3n de los Lagos","og_description":"Maison de deux \u00e9tages \u00e0 Puerto Varas, avec 4 chambres et 4 salles de bains, pi\u00e8ces spacieuses, terrasse, jardin arri\u00e8re, cuisine pratique et fonctionnelle.","og_url":"https:\/\/produncan.cl\/fr\/produit\/casa-faro-los-colonos-puerto-varas-r-de-los-lagos\/","og_site_name":"Produncan","article_publisher":"https:\/\/web.facebook.com\/produncanland","article_modified_time":"2025-07-19T18:02:01+00:00","og_image":[{"width":600,"height":450,"url":"https:\/\/produncan.cl\/wp-content\/uploads\/2023\/03\/Presentacion-Casa-Faro-Los-Colonos.webp","type":"image\/webp"}],"twitter_card":"summary_large_image","twitter_misc":{"Price":"USD384.800,00","Availability":"In stock"},"schema":{"@context":"https:\/\/schema.org","@graph":[{"@type":"WebPage","@id":"https:\/\/produncan.cl\/fr\/produit\/casa-faro-los-colonos-puerto-varas-r-de-los-lagos\/","url":"https:\/\/produncan.cl\/fr\/produit\/casa-faro-los-colonos-puerto-varas-r-de-los-lagos\/","name":"Maison \u00e0 vendre Faro Los Colonos - Puerto Varas - Produncan","isPartOf":{"@id":"https:\/\/produncan.cl\/fr\/#website"},"primaryImageOfPage":{"@id":"https:\/\/produncan.cl\/fr\/produit\/casa-faro-los-colonos-puerto-varas-r-de-los-lagos\/#primaryimage"},"image":{"@id":"https:\/\/produncan.cl\/fr\/produit\/casa-faro-los-colonos-puerto-varas-r-de-los-lagos\/#primaryimage"},"thumbnailUrl":"https:\/\/produncan.cl\/wp-content\/uploads\/2023\/03\/Presentacion-Casa-Faro-Los-Colonos.webp","datePublished":"2022-04-16T21:58:09+00:00","dateModified":"2025-07-19T18:02:01+00:00","description":"Maison de deux \u00e9tages \u00e0 Puerto Varas, avec 4 chambres et 4 salles de bains, pi\u00e8ces spacieuses, terrasse, jardin arri\u00e8re, cuisine pratique et fonctionnelle.","breadcrumb":{"@id":"https:\/\/produncan.cl\/fr\/produit\/casa-faro-los-colonos-puerto-varas-r-de-los-lagos\/#breadcrumb"},"inLanguage":"fr-FR","potentialAction":[{"@type":"ReadAction","target":["https:\/\/produncan.cl\/fr\/produit\/casa-faro-los-colonos-puerto-varas-r-de-los-lagos\/"]}]},{"@type":"ImageObject","inLanguage":"fr-FR","@id":"https:\/\/produncan.cl\/fr\/produit\/casa-faro-los-colonos-puerto-varas-r-de-los-lagos\/#primaryimage","url":"https:\/\/produncan.cl\/wp-content\/uploads\/2023\/03\/Presentacion-Casa-Faro-Los-Colonos.webp","contentUrl":"https:\/\/produncan.cl\/wp-content\/uploads\/2023\/03\/Presentacion-Casa-Faro-Los-Colonos.webp","width":600,"height":450},{"@type":"BreadcrumbList","@id":"https:\/\/produncan.cl\/fr\/produit\/casa-faro-los-colonos-puerto-varas-r-de-los-lagos\/#breadcrumb","itemListElement":[{"@type":"ListItem","position":1,"name":"Inicio","item":"https:\/\/produncan.cl\/fr\/"},{"@type":"ListItem","position":2,"name":"Propri\u00e9t\u00e9s","item":"https:\/\/produncan.cl\/propiedades\/"},{"@type":"ListItem","position":3,"name":"Propri\u00e9t\u00e9s urbaines","item":"https:\/\/produncan.cl\/fr\/cat&eacute;gorie\/proprietes-urbaines\/"},{"@type":"ListItem","position":4,"name":"Casa Faro Los Colonos &#8211; Puerto Varas, Regi\u00f3n de los Lagos"}]},{"@type":"WebSite","@id":"https:\/\/produncan.cl\/fr\/#website","url":"https:\/\/produncan.cl\/fr\/","name":"Produncan","description":"Nous vous accompagnons dans votre projet de vie !","publisher":{"@id":"https:\/\/produncan.cl\/fr\/#organization"},"potentialAction":[{"@type":"SearchAction","target":{"@type":"EntryPoint","urlTemplate":"https:\/\/produncan.cl\/fr\/?s={search_term_string}"},"query-input":{"@type":"PropertyValueSpecification","valueRequired":true,"valueName":"search_term_string"}}],"inLanguage":"fr-FR"},{"@type":"Organization","@id":"https:\/\/produncan.cl\/fr\/#organization","name":"Produncan","url":"https:\/\/produncan.cl\/fr\/","logo":{"@type":"ImageObject","inLanguage":"fr-FR","@id":"https:\/\/produncan.cl\/fr\/#\/schema\/logo\/image\/","url":"https:\/\/produncan.cl\/wp-content\/uploads\/2021\/03\/LOGO.jpeg","contentUrl":"https:\/\/produncan.cl\/wp-content\/uploads\/2021\/03\/LOGO.jpeg","width":1280,"height":903,"caption":"Produncan"},"image":{"@id":"https:\/\/produncan.cl\/fr\/#\/schema\/logo\/image\/"},"sameAs":["https:\/\/web.facebook.com\/produncanland","https:\/\/www.instagram.com\/pro_duncan\/","https:\/\/www.linkedin.com\/company\/produncan-lands\/","https:\/\/www.youtube.com\/channel\/UCu7N-f3x0svkazD-Eew1-QQ"],"description":"En Produncan somos especialistas en la venta de terrenos en el sur de Chile. Proveemos estancias, campos, parcelas y hoteles.","email":"info@produncan.cl"}]},"og_video":"https:\/\/www.youtube.com\/embed\/d4EJm7FbW3o","og_video_type":"text\/html","og_video_duration":"80","og_video_width":"480","og_video_height":"360","ya_ovs_adult":"false","ya_ovs_upload_date":"2022-04-16T21:58:09+00:00","ya_ovs_allow_embed":"true","product_price_amount":"384800.00","product_price_currency":"USD","og_availability":"instock","product_availability":"instock","product_condition":"new"},"_links":{"self":[{"href":"https:\/\/produncan.cl\/fr\/wp-json\/wp\/v2\/product\/13811","targetHints":{"allow":["GET"]}}],"collection":[{"href":"https:\/\/produncan.cl\/fr\/wp-json\/wp\/v2\/product"}],"about":[{"href":"https:\/\/produncan.cl\/fr\/wp-json\/wp\/v2\/types\/product"}],"version-history":[{"count":0,"href":"https:\/\/produncan.cl\/fr\/wp-json\/wp\/v2\/product\/13811\/revisions"}],"wp:featuredmedia":[{"embeddable":true,"href":"https:\/\/produncan.cl\/fr\/wp-json\/wp\/v2\/media\/13258"}],"wp:attachment":[{"href":"https:\/\/produncan.cl\/fr\/wp-json\/wp\/v2\/media?parent=13811"}],"wp:term":[{"taxonomy":"product_brand","embeddable":true,"href":"https:\/\/produncan.cl\/fr\/wp-json\/wp\/v2\/product_brand?post=13811"},{"taxonomy":"product_cat","embeddable":true,"href":"https:\/\/produncan.cl\/fr\/wp-json\/wp\/v2\/product_cat?post=13811"},{"taxonomy":"product_tag","embeddable":true,"href":"https:\/\/produncan.cl\/fr\/wp-json\/wp\/v2\/product_tag?post=13811"},{"taxonomy":"regiones","embeddable":true,"href":"https:\/\/produncan.cl\/fr\/wp-json\/wp\/v2\/regiones?post=13811"},{"taxonomy":"ciudades","embeddable":true,"href":"https:\/\/produncan.cl\/fr\/wp-json\/wp\/v2\/ciudades?post=13811"}],"curies":[{"name":"wp","href":"https:\/\/api.w.org\/{rel}","templated":true}]}}