{"id":13813,"date":"2024-03-23T13:14:50","date_gmt":"2024-03-23T16:14:50","guid":{"rendered":"https:\/\/produncan.cl\/producto\/terrain-avec-maison-en-conteneur-colina\/"},"modified":"2025-08-18T16:59:37","modified_gmt":"2025-08-18T20:59:37","slug":"terrain-avec-maison-en-conteneur-colina","status":"publish","type":"product","link":"https:\/\/produncan.cl\/fr\/produit\/terrain-avec-maison-en-conteneur-colina\/","title":{"rendered":"Terrain avec maison en conteneur &#8211; Colina"},"content":{"rendered":"\t\t<div data-elementor-type=\"product-post\" data-elementor-id=\"13813\" class=\"elementor elementor-13813 elementor-13075\" data-elementor-post-type=\"product\">\n\t\t\t\t<div class=\"elementor-element elementor-element-f2faf46 e-flex e-con-boxed e-con e-parent\" data-id=\"f2faf46\" data-element_type=\"container\" data-e-type=\"container\" data-settings=\"{&quot;jet_parallax_layout_list&quot;:[]}\">\n\t\t\t\t\t<div class=\"e-con-inner\">\n\t\t\t\t<div class=\"elementor-element elementor-element-3867f25 elementor-widget elementor-widget-heading\" data-id=\"3867f25\" data-element_type=\"widget\" data-e-type=\"widget\" data-widget_type=\"heading.default\">\n\t\t\t\t\t<h2 class=\"elementor-heading-title elementor-size-default\">Vivre dans une maison en container sur un terrain de 5000m\u00b2 \u00e0 25 minutes de Vitacura !<\/h2>\t\t\t\t<\/div>\n\t\t\t\t\t<\/div>\n\t\t\t\t<\/div>\n\t\t<div class=\"elementor-element elementor-element-85eca4e e-flex e-con-boxed e-con e-parent\" data-id=\"85eca4e\" data-element_type=\"container\" data-e-type=\"container\" data-settings=\"{&quot;jet_parallax_layout_list&quot;:[]}\">\n\t\t\t\t\t<div class=\"e-con-inner\">\n\t\t\t\t<div class=\"elementor-element elementor-element-cc48530 elementor-widget elementor-widget-text-editor\" data-id=\"cc48530\" data-element_type=\"widget\" data-e-type=\"widget\" data-widget_type=\"text-editor.default\">\n\t\t\t\t\t\t\t\t\t<p>Nous vous invitons \u00e0 vivre dans une spectaculaire maison container de 60m\u00b2 sur un terrain de 5000m\u00b2 situ\u00e9 dans une petite copropri\u00e9t\u00e9 de 30 maisons, ferm\u00e9e, avec gardien, bon acc\u00e8s \u00e0 l&#8217;autoroute Los Libertadores et \u00e0 seulement 25 minutes de Vitacura.<\/p>\n<p><br><\/p>\n<p><\/p>\n<p>La propri\u00e9t\u00e9 est aliment\u00e9e en eau potable par un puits de 50 m\u00e8tres de profondeur et un r\u00e9servoir d&#8217;eau souterrain d&#8217;une capacit\u00e9 de 12 000 litres.<\/p>\n<p><br><\/p>\n<p><\/p>\n<p>La propri\u00e9t\u00e9 dispose de l&#8217;\u00e9lectricit\u00e9 avec connexion triphas\u00e9e, de l&#8217;assainissement, d&#8217;une grande fosse septique, d&#8217;un entrep\u00f4t de 30 m\u00b2 (grand conteneur), d&#8217;une solide cl\u00f4ture p\u00e9rim\u00e9trique et d&#8217;un excellent signal t\u00e9l\u00e9phonique.<\/p>\n<p><br><\/p>\n<p><\/p>\n<p>La maison dispose d&#8217;un salon, d&#8217;une chambre et d&#8217;une cuisine int\u00e9gr\u00e9s, et sa cuisine est enti\u00e8rement \u00e9quip\u00e9e avec un four et une plaque de cuisson \u00e9lectrique, une salle \u00e0 manger, des meubles recouverts de cypr\u00e8s et un espace pour le lave-vaisselle, la machine \u00e0 laver et le panier \u00e0 linge.&nbsp;<span style=\"color: var( --e-global-color-text ); font-family: var( --e-global-typography-text-font-family ), Sans-serif; font-weight: var( --e-global-typography-text-font-weight ); text-align: var(--text-align);\">C&#8217;est comme vivre dans un loft !<\/span><\/p>\n<p><span style=\"color: var( --e-global-color-text ); font-family: var( --e-global-typography-text-font-family ), Sans-serif; font-weight: var( --e-global-typography-text-font-weight ); text-align: var(--text-align);\"><br><\/span><\/p>\n<p><\/p>\n<p>Il dispose \u00e9galement d&#8217;une salle de bain compl\u00e8te, de fen\u00eatres thermo-vitr\u00e9es, de l&#8217;air conditionn\u00e9\/chauffage, et d&#8217;un chauffe-eau \u00e9lectrique de 190 litres. Le sol, les murs et le plafond sont rev\u00eatus de bois et tout est isol\u00e9 thermiquement.<\/p>\n<p><br><\/p>\n<p><\/p>\n<p>On entre sur le terrain par un portail \u00e9lectrique d&#8217;o\u00f9 l&#8217;on aper\u00e7oit un beau mur de peupliers.<\/p>\n<p><br><\/p>\n<p><\/p>\n<p>Les d\u00e9penses communes de la maison s&#8217;\u00e9l\u00e8vent \u00e0 80 000 dollars par mois.<\/p>\n<p><br><\/p>\n<p><\/p>\n<p>DEMANDEZ PLUS D&#8217;INFORMATIONS ET NOUS SERONS HEUREUX DE VOUS MONTRER CETTE BELLE PROPRI\u00c9T\u00c9 !<\/p>\t\t\t\t\t\t\t\t<\/div>\n\t\t\t\t\t<\/div>\n\t\t\t\t<\/div>\n\t\t\t\t<\/div>\n\t\t","protected":false},"excerpt":{"rendered":"<p>Container de 60m\u00b2 sur un terrain de 5000m\u00b2, cl\u00f4tur\u00e9, \u00e0 25 min de Vitacura.<\/p>\n","protected":false},"featured_media":14980,"template":"","meta":{"_acf_changed":false},"product_brand":[],"product_cat":[158],"product_tag":[236],"regiones":[227],"ciudades":[244],"class_list":{"0":"post-13813","1":"product","2":"type-product","3":"status-publish","4":"has-post-thumbnail","6":"product_cat-valparaiso-maule-fr","7":"product_tag-parcelles","8":"regiones-valparaiso-maule","9":"ciudades-santiago","11":"first","12":"outofstock","13":"sold-individually","14":"shipping-taxable","15":"product-type-simple"},"acf":[],"yoast_head":"<!-- This site is optimized with the Yoast SEO Premium plugin v26.0 (Yoast SEO v27.3) - https:\/\/yoast.com\/product\/yoast-seo-premium-wordpress\/ -->\n<title>Terrain avec maison en conteneur - Colina - Produncan<\/title>\n<meta name=\"description\" content=\"Maison container de 60m\u00b2 sur un terrain de 5000mts et situ\u00e9e dans une petite copropri\u00e9t\u00e9 de 30 maisons, ferm\u00e9e, avec gardien \u00e0 seulement 25 minutes de Vitacura.\" \/>\n<meta name=\"robots\" content=\"index, follow, max-snippet:-1, max-image-preview:large, max-video-preview:-1\" \/>\n<link rel=\"canonical\" href=\"https:\/\/produncan.cl\/fr\/produit\/terrain-avec-maison-en-conteneur-colina\/\" \/>\n<meta property=\"og:locale\" content=\"fr_FR\" \/>\n<meta property=\"og:type\" content=\"article\" \/>\n<meta property=\"og:title\" content=\"Terrain avec maison en conteneur - Colina\" \/>\n<meta property=\"og:description\" content=\"Maison container de 60m\u00b2 sur un terrain de 5000mts et situ\u00e9e dans une petite copropri\u00e9t\u00e9 de 30 maisons, ferm\u00e9e, avec gardien \u00e0 seulement 25 minutes de Vitacura.\" \/>\n<meta property=\"og:url\" content=\"https:\/\/produncan.cl\/fr\/produit\/terrain-avec-maison-en-conteneur-colina\/\" \/>\n<meta property=\"og:site_name\" content=\"Produncan\" \/>\n<meta property=\"article:publisher\" content=\"https:\/\/web.facebook.com\/produncanland\" \/>\n<meta property=\"article:modified_time\" content=\"2025-08-18T20:59:37+00:00\" \/>\n<meta property=\"og:image\" content=\"https:\/\/produncan.cl\/wp-content\/uploads\/2023\/03\/PARCELA-ARRIENDO-COLINA-ARRENDADO.webp\" \/>\n\t<meta property=\"og:image:width\" content=\"600\" \/>\n\t<meta property=\"og:image:height\" content=\"450\" \/>\n\t<meta property=\"og:image:type\" content=\"image\/webp\" \/>\n<meta name=\"twitter:card\" content=\"summary_large_image\" \/>\n<meta name=\"twitter:label1\" content=\"Price\" \/>\n\t<meta name=\"twitter:data1\" content=\"\" \/>\n\t<meta name=\"twitter:label2\" content=\"Availability\" \/>\n\t<meta name=\"twitter:data2\" content=\"Out of stock\" \/>\n<script type=\"application\/ld+json\" class=\"yoast-schema-graph\">{\"@context\":\"https:\\\/\\\/schema.org\",\"@graph\":[{\"@type\":\"WebPage\",\"@id\":\"https:\\\/\\\/produncan.cl\\\/fr\\\/produit\\\/terrain-avec-maison-en-conteneur-colina\\\/\",\"url\":\"https:\\\/\\\/produncan.cl\\\/fr\\\/produit\\\/terrain-avec-maison-en-conteneur-colina\\\/\",\"name\":\"Terrain avec maison en conteneur - Colina - Produncan\",\"isPartOf\":{\"@id\":\"https:\\\/\\\/produncan.cl\\\/fr\\\/#website\"},\"primaryImageOfPage\":{\"@id\":\"https:\\\/\\\/produncan.cl\\\/fr\\\/produit\\\/terrain-avec-maison-en-conteneur-colina\\\/#primaryimage\"},\"image\":{\"@id\":\"https:\\\/\\\/produncan.cl\\\/fr\\\/produit\\\/terrain-avec-maison-en-conteneur-colina\\\/#primaryimage\"},\"thumbnailUrl\":\"https:\\\/\\\/produncan.cl\\\/wp-content\\\/uploads\\\/2023\\\/03\\\/PARCELA-ARRIENDO-COLINA-ARRENDADO.webp\",\"datePublished\":\"2024-03-23T16:14:50+00:00\",\"dateModified\":\"2025-08-18T20:59:37+00:00\",\"description\":\"Maison container de 60m\u00b2 sur un terrain de 5000mts et situ\u00e9e dans une petite copropri\u00e9t\u00e9 de 30 maisons, ferm\u00e9e, avec gardien \u00e0 seulement 25 minutes de Vitacura.\",\"breadcrumb\":{\"@id\":\"https:\\\/\\\/produncan.cl\\\/fr\\\/produit\\\/terrain-avec-maison-en-conteneur-colina\\\/#breadcrumb\"},\"inLanguage\":\"fr-FR\",\"potentialAction\":[{\"@type\":\"ReadAction\",\"target\":[\"https:\\\/\\\/produncan.cl\\\/fr\\\/produit\\\/terrain-avec-maison-en-conteneur-colina\\\/\"]}]},{\"@type\":\"ImageObject\",\"inLanguage\":\"fr-FR\",\"@id\":\"https:\\\/\\\/produncan.cl\\\/fr\\\/produit\\\/terrain-avec-maison-en-conteneur-colina\\\/#primaryimage\",\"url\":\"https:\\\/\\\/produncan.cl\\\/wp-content\\\/uploads\\\/2023\\\/03\\\/PARCELA-ARRIENDO-COLINA-ARRENDADO.webp\",\"contentUrl\":\"https:\\\/\\\/produncan.cl\\\/wp-content\\\/uploads\\\/2023\\\/03\\\/PARCELA-ARRIENDO-COLINA-ARRENDADO.webp\",\"width\":600,\"height\":450},{\"@type\":\"BreadcrumbList\",\"@id\":\"https:\\\/\\\/produncan.cl\\\/fr\\\/produit\\\/terrain-avec-maison-en-conteneur-colina\\\/#breadcrumb\",\"itemListElement\":[{\"@type\":\"ListItem\",\"position\":1,\"name\":\"Inicio\",\"item\":\"https:\\\/\\\/produncan.cl\\\/fr\\\/\"},{\"@type\":\"ListItem\",\"position\":2,\"name\":\"Propri\u00e9t\u00e9s\",\"item\":\"https:\\\/\\\/produncan.cl\\\/propiedades\\\/\"},{\"@type\":\"ListItem\",\"position\":3,\"name\":\"Parcelles\",\"item\":\"https:\\\/\\\/produncan.cl\\\/fr\\\/cat&eacute;gorie\\\/parcelles\\\/\"},{\"@type\":\"ListItem\",\"position\":4,\"name\":\"Terrain avec maison en conteneur &#8211; Colina\"}]},{\"@type\":\"WebSite\",\"@id\":\"https:\\\/\\\/produncan.cl\\\/fr\\\/#website\",\"url\":\"https:\\\/\\\/produncan.cl\\\/fr\\\/\",\"name\":\"Produncan\",\"description\":\"Nous vous accompagnons dans votre projet de vie !\",\"publisher\":{\"@id\":\"https:\\\/\\\/produncan.cl\\\/fr\\\/#organization\"},\"potentialAction\":[{\"@type\":\"SearchAction\",\"target\":{\"@type\":\"EntryPoint\",\"urlTemplate\":\"https:\\\/\\\/produncan.cl\\\/fr\\\/?s={search_term_string}\"},\"query-input\":{\"@type\":\"PropertyValueSpecification\",\"valueRequired\":true,\"valueName\":\"search_term_string\"}}],\"inLanguage\":\"fr-FR\"},{\"@type\":\"Organization\",\"@id\":\"https:\\\/\\\/produncan.cl\\\/fr\\\/#organization\",\"name\":\"Produncan\",\"url\":\"https:\\\/\\\/produncan.cl\\\/fr\\\/\",\"logo\":{\"@type\":\"ImageObject\",\"inLanguage\":\"fr-FR\",\"@id\":\"https:\\\/\\\/produncan.cl\\\/fr\\\/#\\\/schema\\\/logo\\\/image\\\/\",\"url\":\"https:\\\/\\\/produncan.cl\\\/wp-content\\\/uploads\\\/2021\\\/03\\\/LOGO.jpeg\",\"contentUrl\":\"https:\\\/\\\/produncan.cl\\\/wp-content\\\/uploads\\\/2021\\\/03\\\/LOGO.jpeg\",\"width\":1280,\"height\":903,\"caption\":\"Produncan\"},\"image\":{\"@id\":\"https:\\\/\\\/produncan.cl\\\/fr\\\/#\\\/schema\\\/logo\\\/image\\\/\"},\"sameAs\":[\"https:\\\/\\\/web.facebook.com\\\/produncanland\",\"https:\\\/\\\/www.instagram.com\\\/pro_duncan\\\/\",\"https:\\\/\\\/www.linkedin.com\\\/company\\\/produncan-lands\\\/\",\"https:\\\/\\\/www.youtube.com\\\/channel\\\/UCu7N-f3x0svkazD-Eew1-QQ\"],\"description\":\"En Produncan somos especialistas en la venta de terrenos en el sur de Chile. Proveemos estancias, campos, parcelas y hoteles.\",\"email\":\"info@produncan.cl\"}]}<\/script>\n<meta property=\"og:video\" content=\"https:\/\/www.youtube.com\/embed\/D4S16JWy8Pc\" \/>\n<meta property=\"og:video:type\" content=\"text\/html\" \/>\n<meta property=\"og:video:duration\" content=\"50\" \/>\n<meta property=\"og:video:width\" content=\"480\" \/>\n<meta property=\"og:video:height\" content=\"360\" \/>\n<meta property=\"ya:ovs:adult\" content=\"false\" \/>\n<meta property=\"ya:ovs:upload_date\" content=\"2024-03-23T16:14:50+00:00\" \/>\n<meta property=\"ya:ovs:allow_embed\" content=\"true\" \/>\n<meta property=\"product:price:currency\" content=\"USD\" \/>\n<meta property=\"og:availability\" content=\"out of stock\" \/>\n<meta property=\"product:availability\" content=\"out of stock\" \/>\n<meta property=\"product:condition\" content=\"new\" \/>\n<!-- \/ Yoast SEO Premium plugin. -->","yoast_head_json":{"title":"Terrain avec maison en conteneur - Colina - Produncan","description":"Maison container de 60m\u00b2 sur un terrain de 5000mts et situ\u00e9e dans une petite copropri\u00e9t\u00e9 de 30 maisons, ferm\u00e9e, avec gardien \u00e0 seulement 25 minutes de Vitacura.","robots":{"index":"index","follow":"follow","max-snippet":"max-snippet:-1","max-image-preview":"max-image-preview:large","max-video-preview":"max-video-preview:-1"},"canonical":"https:\/\/produncan.cl\/fr\/produit\/terrain-avec-maison-en-conteneur-colina\/","og_locale":"fr_FR","og_type":"article","og_title":"Terrain avec maison en conteneur - Colina","og_description":"Maison container de 60m\u00b2 sur un terrain de 5000mts et situ\u00e9e dans une petite copropri\u00e9t\u00e9 de 30 maisons, ferm\u00e9e, avec gardien \u00e0 seulement 25 minutes de Vitacura.","og_url":"https:\/\/produncan.cl\/fr\/produit\/terrain-avec-maison-en-conteneur-colina\/","og_site_name":"Produncan","article_publisher":"https:\/\/web.facebook.com\/produncanland","article_modified_time":"2025-08-18T20:59:37+00:00","og_image":[{"width":600,"height":450,"url":"https:\/\/produncan.cl\/wp-content\/uploads\/2023\/03\/PARCELA-ARRIENDO-COLINA-ARRENDADO.webp","type":"image\/webp"}],"twitter_card":"summary_large_image","twitter_misc":{"Price":"","Availability":"Out of stock"},"schema":{"@context":"https:\/\/schema.org","@graph":[{"@type":"WebPage","@id":"https:\/\/produncan.cl\/fr\/produit\/terrain-avec-maison-en-conteneur-colina\/","url":"https:\/\/produncan.cl\/fr\/produit\/terrain-avec-maison-en-conteneur-colina\/","name":"Terrain avec maison en conteneur - Colina - Produncan","isPartOf":{"@id":"https:\/\/produncan.cl\/fr\/#website"},"primaryImageOfPage":{"@id":"https:\/\/produncan.cl\/fr\/produit\/terrain-avec-maison-en-conteneur-colina\/#primaryimage"},"image":{"@id":"https:\/\/produncan.cl\/fr\/produit\/terrain-avec-maison-en-conteneur-colina\/#primaryimage"},"thumbnailUrl":"https:\/\/produncan.cl\/wp-content\/uploads\/2023\/03\/PARCELA-ARRIENDO-COLINA-ARRENDADO.webp","datePublished":"2024-03-23T16:14:50+00:00","dateModified":"2025-08-18T20:59:37+00:00","description":"Maison container de 60m\u00b2 sur un terrain de 5000mts et situ\u00e9e dans une petite copropri\u00e9t\u00e9 de 30 maisons, ferm\u00e9e, avec gardien \u00e0 seulement 25 minutes de Vitacura.","breadcrumb":{"@id":"https:\/\/produncan.cl\/fr\/produit\/terrain-avec-maison-en-conteneur-colina\/#breadcrumb"},"inLanguage":"fr-FR","potentialAction":[{"@type":"ReadAction","target":["https:\/\/produncan.cl\/fr\/produit\/terrain-avec-maison-en-conteneur-colina\/"]}]},{"@type":"ImageObject","inLanguage":"fr-FR","@id":"https:\/\/produncan.cl\/fr\/produit\/terrain-avec-maison-en-conteneur-colina\/#primaryimage","url":"https:\/\/produncan.cl\/wp-content\/uploads\/2023\/03\/PARCELA-ARRIENDO-COLINA-ARRENDADO.webp","contentUrl":"https:\/\/produncan.cl\/wp-content\/uploads\/2023\/03\/PARCELA-ARRIENDO-COLINA-ARRENDADO.webp","width":600,"height":450},{"@type":"BreadcrumbList","@id":"https:\/\/produncan.cl\/fr\/produit\/terrain-avec-maison-en-conteneur-colina\/#breadcrumb","itemListElement":[{"@type":"ListItem","position":1,"name":"Inicio","item":"https:\/\/produncan.cl\/fr\/"},{"@type":"ListItem","position":2,"name":"Propri\u00e9t\u00e9s","item":"https:\/\/produncan.cl\/propiedades\/"},{"@type":"ListItem","position":3,"name":"Parcelles","item":"https:\/\/produncan.cl\/fr\/cat&eacute;gorie\/parcelles\/"},{"@type":"ListItem","position":4,"name":"Terrain avec maison en conteneur &#8211; Colina"}]},{"@type":"WebSite","@id":"https:\/\/produncan.cl\/fr\/#website","url":"https:\/\/produncan.cl\/fr\/","name":"Produncan","description":"Nous vous accompagnons dans votre projet de vie !","publisher":{"@id":"https:\/\/produncan.cl\/fr\/#organization"},"potentialAction":[{"@type":"SearchAction","target":{"@type":"EntryPoint","urlTemplate":"https:\/\/produncan.cl\/fr\/?s={search_term_string}"},"query-input":{"@type":"PropertyValueSpecification","valueRequired":true,"valueName":"search_term_string"}}],"inLanguage":"fr-FR"},{"@type":"Organization","@id":"https:\/\/produncan.cl\/fr\/#organization","name":"Produncan","url":"https:\/\/produncan.cl\/fr\/","logo":{"@type":"ImageObject","inLanguage":"fr-FR","@id":"https:\/\/produncan.cl\/fr\/#\/schema\/logo\/image\/","url":"https:\/\/produncan.cl\/wp-content\/uploads\/2021\/03\/LOGO.jpeg","contentUrl":"https:\/\/produncan.cl\/wp-content\/uploads\/2021\/03\/LOGO.jpeg","width":1280,"height":903,"caption":"Produncan"},"image":{"@id":"https:\/\/produncan.cl\/fr\/#\/schema\/logo\/image\/"},"sameAs":["https:\/\/web.facebook.com\/produncanland","https:\/\/www.instagram.com\/pro_duncan\/","https:\/\/www.linkedin.com\/company\/produncan-lands\/","https:\/\/www.youtube.com\/channel\/UCu7N-f3x0svkazD-Eew1-QQ"],"description":"En Produncan somos especialistas en la venta de terrenos en el sur de Chile. Proveemos estancias, campos, parcelas y hoteles.","email":"info@produncan.cl"}]},"og_video":"https:\/\/www.youtube.com\/embed\/D4S16JWy8Pc","og_video_type":"text\/html","og_video_duration":"50","og_video_width":"480","og_video_height":"360","ya_ovs_adult":"false","ya_ovs_upload_date":"2024-03-23T16:14:50+00:00","ya_ovs_allow_embed":"true","product_price_currency":"USD","og_availability":"out of stock","product_availability":"out of stock","product_condition":"new"},"_links":{"self":[{"href":"https:\/\/produncan.cl\/fr\/wp-json\/wp\/v2\/product\/13813","targetHints":{"allow":["GET"]}}],"collection":[{"href":"https:\/\/produncan.cl\/fr\/wp-json\/wp\/v2\/product"}],"about":[{"href":"https:\/\/produncan.cl\/fr\/wp-json\/wp\/v2\/types\/product"}],"version-history":[{"count":0,"href":"https:\/\/produncan.cl\/fr\/wp-json\/wp\/v2\/product\/13813\/revisions"}],"wp:featuredmedia":[{"embeddable":true,"href":"https:\/\/produncan.cl\/fr\/wp-json\/wp\/v2\/media\/14980"}],"wp:attachment":[{"href":"https:\/\/produncan.cl\/fr\/wp-json\/wp\/v2\/media?parent=13813"}],"wp:term":[{"taxonomy":"product_brand","embeddable":true,"href":"https:\/\/produncan.cl\/fr\/wp-json\/wp\/v2\/product_brand?post=13813"},{"taxonomy":"product_cat","embeddable":true,"href":"https:\/\/produncan.cl\/fr\/wp-json\/wp\/v2\/product_cat?post=13813"},{"taxonomy":"product_tag","embeddable":true,"href":"https:\/\/produncan.cl\/fr\/wp-json\/wp\/v2\/product_tag?post=13813"},{"taxonomy":"regiones","embeddable":true,"href":"https:\/\/produncan.cl\/fr\/wp-json\/wp\/v2\/regiones?post=13813"},{"taxonomy":"ciudades","embeddable":true,"href":"https:\/\/produncan.cl\/fr\/wp-json\/wp\/v2\/ciudades?post=13813"}],"curies":[{"name":"wp","href":"https:\/\/api.w.org\/{rel}","templated":true}]}}