{"id":13815,"date":"2022-01-27T12:08:30","date_gmt":"2022-01-27T15:08:30","guid":{"rendered":"https:\/\/produncan.cl\/producto\/bureau-de-la-dehesa-lo-barnechea\/"},"modified":"2025-08-02T11:06:40","modified_gmt":"2025-08-02T15:06:40","slug":"bureau-de-la-dehesa-lo-barnechea","status":"publish","type":"product","link":"https:\/\/produncan.cl\/fr\/produit\/bureau-de-la-dehesa-lo-barnechea\/","title":{"rendered":"Bureau de La Dehesa &#8211; Lo Barnechea"},"content":{"rendered":"\t\t<div data-elementor-type=\"product-post\" data-elementor-id=\"13815\" class=\"elementor elementor-13815 elementor-12992\" data-elementor-post-type=\"product\">\n\t\t\t\t<div class=\"elementor-element elementor-element-db3b5a7 e-flex e-con-boxed e-con e-parent\" data-id=\"db3b5a7\" data-element_type=\"container\" data-e-type=\"container\" data-settings=\"{&quot;jet_parallax_layout_list&quot;:[]}\">\n\t\t\t\t\t<div class=\"e-con-inner\">\n\t\t\t\t<div class=\"elementor-element elementor-element-f2127c3 elementor-widget elementor-widget-heading\" data-id=\"f2127c3\" data-element_type=\"widget\" data-e-type=\"widget\" data-widget_type=\"heading.default\">\n\t\t\t\t\t<h2 class=\"elementor-heading-title elementor-size-default\">Un bureau de haut niveau, accueillant et moderne, o\u00f9 vous serez heureux de travailler !<\/h2>\t\t\t\t<\/div>\n\t\t\t\t\t<\/div>\n\t\t\t\t<\/div>\n\t\t<div class=\"elementor-element elementor-element-954e082 e-flex e-con-boxed e-con e-parent\" data-id=\"954e082\" data-element_type=\"container\" data-e-type=\"container\" data-settings=\"{&quot;jet_parallax_layout_list&quot;:[]}\">\n\t\t\t\t\t<div class=\"e-con-inner\">\n\t\t\t\t<div class=\"elementor-element elementor-element-46d9314 elementor-widget elementor-widget-text-editor\" data-id=\"46d9314\" data-element_type=\"widget\" data-e-type=\"widget\" data-widget_type=\"text-editor.default\">\n\t\t\t\t\t\t\t\t\t<p>Nous vous invitons \u00e0 visiter ce spectaculaire bureau enti\u00e8rement meubl\u00e9 de 124,79m\u00b2 situ\u00e9 \u00e0 La Dehesa, Lo Barnechea.<\/p>\n<p>Le b\u00e2timent comprend 5 salles priv\u00e9es plus un poste de travail pour 3 postes de travail, 2 salles de r\u00e9union, une r\u00e9ception avec salle d&#8217;attente, 2 salles de bain et une caf\u00e9t\u00e9ria et kitchenette.<\/p>\n<p>La propri\u00e9t\u00e9 dispose de 4 places de parking, 1 place de parking dans un polygone \u00e0 usage exclusif et 2 salles de stockage.<\/p>\n<p>La propri\u00e9t\u00e9 est vendue enti\u00e8rement meubl\u00e9e, ce qui inclut :<\/p>\n<ol>\n<li>Stores \u00e0 enroulement sur toutes les fen\u00eatres<\/li>\n<li>5 bureaux et 10 chaises situ\u00e9s dans les salles priv\u00e9es<\/li>\n<li>1 bureau et 3 chaises dans un bureau ouvert pour 3 postes de travail<\/li>\n<li>1 bureau, une \u00e9tag\u00e8re int\u00e9gr\u00e9e et une chaise dans la zone de r\u00e9ception<\/li>\n<li>1 table ronde en verre et 6 chaises, une grande \u00e9tag\u00e8re encastr\u00e9e et un t\u00e9l\u00e9viseur dans la salle de r\u00e9union principale<\/li>\n<li>2 fauteuils dans la salle de r\u00e9union secondaire<\/li>\n<li>1 fauteuil et une table d&#8217;appui dans la salle d&#8217;attente<\/li>\n<li>1 fauteuil dans le couloir<\/li>\n<li>R\u00e9frig\u00e9rateur et four \u00e9lectrique dans la kitchenette<\/li>\n<\/ol>\n<p>En outre, la propri\u00e9t\u00e9 dispose de l&#8217;air conditionn\u00e9 pour le chaud et le froid, de fen\u00eatres thermopanel pour le froid et le bruit, d&#8217;un excellent \u00e9clairage, de panneaux en verre, d&#8217;un sol en porcelaine, de salles de bains modernes et design, d&#8217;un \u00e9clairage indirect au plafond au moyen de foseado et d&#8217;une belle vue panoramique.<\/p><p><span style=\"color: var( --e-global-color-text ); font-family: var( --e-global-typography-text-font-family ), Sans-serif; font-weight: var( --e-global-typography-text-font-weight ); text-align: var(--text-align); font-size: 1rem;\">L&#8217;immeuble dispose d&#8217;un acc\u00e8s contr\u00f4l\u00e9 et d&#8217;une s\u00e9curit\u00e9 24h\/24, d&#8217;une salle d&#8217;attente \u00e0 la r\u00e9ception, de restaurants et de magasins \u00e0 proximit\u00e9 et tr\u00e8s proche de l&#8217;acc\u00e8s au front de mer nord.<\/span><\/p><p><span style=\"color: var( --e-global-color-text ); font-family: var( --e-global-typography-text-font-family ), Sans-serif; font-weight: var( --e-global-typography-text-font-weight ); text-align: var(--text-align); font-size: 1rem;\">La propri\u00e9t\u00e9 \u00e9tait utilis\u00e9e par des cadres s\u00e9rieux et prestigieux, mais elle est rest\u00e9e largement inutilis\u00e9e depuis la pand\u00e9mie, ce qui lui a permis d&#8217;\u00eatre comme neuve.<\/span><\/p><p><span style=\"color: var( --e-global-color-text ); font-family: var( --e-global-typography-text-font-family ), Sans-serif; font-weight: var( --e-global-typography-text-font-weight ); text-align: var(--text-align); font-size: 1rem;\">CONTACTEZ-NOUS ET D\u00c9COUVREZ UN BUREAU QUI VOUS DONNERA ENVIE D&#8217;Y TRAVAILLER !<\/span><\/p>\t\t\t\t\t\t\t\t<\/div>\n\t\t\t\t\t<\/div>\n\t\t\t\t<\/div>\n\t\t\t\t<\/div>\n\t\t","protected":false},"excerpt":{"rendered":"<p>Bureau de 124,79m\u00b2 \u00e0 La Dehesa, 5 salles priv\u00e9es, salles de r\u00e9union, r\u00e9ception, 2 salles de bain.<\/p>\n","protected":false},"featured_media":13057,"template":"","meta":{"_acf_changed":false},"product_brand":[],"product_cat":[158],"product_tag":[442],"regiones":[227],"ciudades":[244],"class_list":{"0":"post-13815","1":"product","2":"type-product","3":"status-publish","4":"has-post-thumbnail","6":"product_cat-valparaiso-maule-fr","7":"product_tag-proprietes-urbaines","8":"regiones-valparaiso-maule","9":"ciudades-santiago","11":"first","12":"instock","13":"sold-individually","14":"shipping-taxable","15":"purchasable","16":"product-type-simple"},"acf":[],"yoast_head":"<!-- This site is optimized with the Yoast SEO Premium plugin v26.0 (Yoast SEO v27.3) - https:\/\/yoast.com\/product\/yoast-seo-premium-wordpress\/ -->\n<title>Bureau de La Dehesa - Lo Barnechea - Produncan<\/title>\n<meta name=\"description\" content=\"Bureau enti\u00e8rement meubl\u00e9 de 124,79m\u00b2 situ\u00e9 \u00e0 La Dehesa, avec 5 chambres priv\u00e9es, poste de travail, 2 salles de r\u00e9union, r\u00e9ception avec salle d&#039;attente, 2 salles de bain, un espace caf\u00e9t\u00e9ria et une kitchenette.\" \/>\n<meta name=\"robots\" content=\"index, follow, max-snippet:-1, max-image-preview:large, max-video-preview:-1\" \/>\n<link rel=\"canonical\" href=\"https:\/\/produncan.cl\/fr\/produit\/bureau-de-la-dehesa-lo-barnechea\/\" \/>\n<meta property=\"og:locale\" content=\"fr_FR\" \/>\n<meta property=\"og:type\" content=\"article\" \/>\n<meta property=\"og:title\" content=\"Bureau de La Dehesa - Lo Barnechea\" \/>\n<meta property=\"og:description\" content=\"Bureau enti\u00e8rement meubl\u00e9 de 124,79m\u00b2 situ\u00e9 \u00e0 La Dehesa, avec 5 chambres priv\u00e9es, poste de travail, 2 salles de r\u00e9union, r\u00e9ception avec salle d&#039;attente, 2 salles de bain, un espace caf\u00e9t\u00e9ria et une kitchenette.\" \/>\n<meta property=\"og:url\" content=\"https:\/\/produncan.cl\/fr\/produit\/bureau-de-la-dehesa-lo-barnechea\/\" \/>\n<meta property=\"og:site_name\" content=\"Produncan\" \/>\n<meta property=\"article:publisher\" content=\"https:\/\/web.facebook.com\/produncanland\" \/>\n<meta property=\"article:modified_time\" content=\"2025-08-02T15:06:40+00:00\" \/>\n<meta property=\"og:image\" content=\"https:\/\/produncan.cl\/wp-content\/uploads\/2023\/03\/Oficina-La-Dehesa.webp\" \/>\n\t<meta property=\"og:image:width\" content=\"600\" \/>\n\t<meta property=\"og:image:height\" content=\"450\" \/>\n\t<meta property=\"og:image:type\" content=\"image\/webp\" \/>\n<meta name=\"twitter:card\" content=\"summary_large_image\" \/>\n<meta name=\"twitter:label1\" content=\"Price\" \/>\n\t<meta name=\"twitter:data1\" content=\"USD580.500,00\" \/>\n\t<meta name=\"twitter:label2\" content=\"Availability\" \/>\n\t<meta name=\"twitter:data2\" content=\"In stock\" \/>\n<script type=\"application\/ld+json\" class=\"yoast-schema-graph\">{\"@context\":\"https:\\\/\\\/schema.org\",\"@graph\":[{\"@type\":\"WebPage\",\"@id\":\"https:\\\/\\\/produncan.cl\\\/fr\\\/produit\\\/bureau-de-la-dehesa-lo-barnechea\\\/\",\"url\":\"https:\\\/\\\/produncan.cl\\\/fr\\\/produit\\\/bureau-de-la-dehesa-lo-barnechea\\\/\",\"name\":\"Bureau de La Dehesa - Lo Barnechea - Produncan\",\"isPartOf\":{\"@id\":\"https:\\\/\\\/produncan.cl\\\/fr\\\/#website\"},\"primaryImageOfPage\":{\"@id\":\"https:\\\/\\\/produncan.cl\\\/fr\\\/produit\\\/bureau-de-la-dehesa-lo-barnechea\\\/#primaryimage\"},\"image\":{\"@id\":\"https:\\\/\\\/produncan.cl\\\/fr\\\/produit\\\/bureau-de-la-dehesa-lo-barnechea\\\/#primaryimage\"},\"thumbnailUrl\":\"https:\\\/\\\/produncan.cl\\\/wp-content\\\/uploads\\\/2023\\\/03\\\/Oficina-La-Dehesa.webp\",\"datePublished\":\"2022-01-27T15:08:30+00:00\",\"dateModified\":\"2025-08-02T15:06:40+00:00\",\"description\":\"Bureau enti\u00e8rement meubl\u00e9 de 124,79m\u00b2 situ\u00e9 \u00e0 La Dehesa, avec 5 chambres priv\u00e9es, poste de travail, 2 salles de r\u00e9union, r\u00e9ception avec salle d'attente, 2 salles de bain, un espace caf\u00e9t\u00e9ria et une kitchenette.\",\"breadcrumb\":{\"@id\":\"https:\\\/\\\/produncan.cl\\\/fr\\\/produit\\\/bureau-de-la-dehesa-lo-barnechea\\\/#breadcrumb\"},\"inLanguage\":\"fr-FR\",\"potentialAction\":[{\"@type\":\"ReadAction\",\"target\":[\"https:\\\/\\\/produncan.cl\\\/fr\\\/produit\\\/bureau-de-la-dehesa-lo-barnechea\\\/\"]}]},{\"@type\":\"ImageObject\",\"inLanguage\":\"fr-FR\",\"@id\":\"https:\\\/\\\/produncan.cl\\\/fr\\\/produit\\\/bureau-de-la-dehesa-lo-barnechea\\\/#primaryimage\",\"url\":\"https:\\\/\\\/produncan.cl\\\/wp-content\\\/uploads\\\/2023\\\/03\\\/Oficina-La-Dehesa.webp\",\"contentUrl\":\"https:\\\/\\\/produncan.cl\\\/wp-content\\\/uploads\\\/2023\\\/03\\\/Oficina-La-Dehesa.webp\",\"width\":600,\"height\":450},{\"@type\":\"BreadcrumbList\",\"@id\":\"https:\\\/\\\/produncan.cl\\\/fr\\\/produit\\\/bureau-de-la-dehesa-lo-barnechea\\\/#breadcrumb\",\"itemListElement\":[{\"@type\":\"ListItem\",\"position\":1,\"name\":\"Inicio\",\"item\":\"https:\\\/\\\/produncan.cl\\\/fr\\\/\"},{\"@type\":\"ListItem\",\"position\":2,\"name\":\"Propri\u00e9t\u00e9s\",\"item\":\"https:\\\/\\\/produncan.cl\\\/propiedades\\\/\"},{\"@type\":\"ListItem\",\"position\":3,\"name\":\"Propri\u00e9t\u00e9s urbaines\",\"item\":\"https:\\\/\\\/produncan.cl\\\/fr\\\/cat&eacute;gorie\\\/proprietes-urbaines\\\/\"},{\"@type\":\"ListItem\",\"position\":4,\"name\":\"Bureau de La Dehesa &#8211; Lo Barnechea\"}]},{\"@type\":\"WebSite\",\"@id\":\"https:\\\/\\\/produncan.cl\\\/fr\\\/#website\",\"url\":\"https:\\\/\\\/produncan.cl\\\/fr\\\/\",\"name\":\"Produncan\",\"description\":\"Nous vous accompagnons dans votre projet de vie !\",\"publisher\":{\"@id\":\"https:\\\/\\\/produncan.cl\\\/fr\\\/#organization\"},\"potentialAction\":[{\"@type\":\"SearchAction\",\"target\":{\"@type\":\"EntryPoint\",\"urlTemplate\":\"https:\\\/\\\/produncan.cl\\\/fr\\\/?s={search_term_string}\"},\"query-input\":{\"@type\":\"PropertyValueSpecification\",\"valueRequired\":true,\"valueName\":\"search_term_string\"}}],\"inLanguage\":\"fr-FR\"},{\"@type\":\"Organization\",\"@id\":\"https:\\\/\\\/produncan.cl\\\/fr\\\/#organization\",\"name\":\"Produncan\",\"url\":\"https:\\\/\\\/produncan.cl\\\/fr\\\/\",\"logo\":{\"@type\":\"ImageObject\",\"inLanguage\":\"fr-FR\",\"@id\":\"https:\\\/\\\/produncan.cl\\\/fr\\\/#\\\/schema\\\/logo\\\/image\\\/\",\"url\":\"https:\\\/\\\/produncan.cl\\\/wp-content\\\/uploads\\\/2021\\\/03\\\/LOGO.jpeg\",\"contentUrl\":\"https:\\\/\\\/produncan.cl\\\/wp-content\\\/uploads\\\/2021\\\/03\\\/LOGO.jpeg\",\"width\":1280,\"height\":903,\"caption\":\"Produncan\"},\"image\":{\"@id\":\"https:\\\/\\\/produncan.cl\\\/fr\\\/#\\\/schema\\\/logo\\\/image\\\/\"},\"sameAs\":[\"https:\\\/\\\/web.facebook.com\\\/produncanland\",\"https:\\\/\\\/www.instagram.com\\\/pro_duncan\\\/\",\"https:\\\/\\\/www.linkedin.com\\\/company\\\/produncan-lands\\\/\",\"https:\\\/\\\/www.youtube.com\\\/channel\\\/UCu7N-f3x0svkazD-Eew1-QQ\"],\"description\":\"En Produncan somos especialistas en la venta de terrenos en el sur de Chile. Proveemos estancias, campos, parcelas y hoteles.\",\"email\":\"info@produncan.cl\"}]}<\/script>\n<meta property=\"og:video\" content=\"https:\/\/www.youtube.com\/embed\/WO5TEHjrKgo\" \/>\n<meta property=\"og:video:type\" content=\"text\/html\" \/>\n<meta property=\"og:video:duration\" content=\"95\" \/>\n<meta property=\"og:video:width\" content=\"480\" \/>\n<meta property=\"og:video:height\" content=\"360\" \/>\n<meta property=\"ya:ovs:adult\" content=\"false\" \/>\n<meta property=\"ya:ovs:upload_date\" content=\"2022-01-27T15:08:30+00:00\" \/>\n<meta property=\"ya:ovs:allow_embed\" content=\"true\" \/>\n<meta property=\"product:price:amount\" content=\"580500.00\" \/>\n<meta property=\"product:price:currency\" content=\"USD\" \/>\n<meta property=\"og:availability\" content=\"instock\" \/>\n<meta property=\"product:availability\" content=\"instock\" \/>\n<meta property=\"product:condition\" content=\"new\" \/>\n<!-- \/ Yoast SEO Premium plugin. -->","yoast_head_json":{"title":"Bureau de La Dehesa - Lo Barnechea - Produncan","description":"Bureau enti\u00e8rement meubl\u00e9 de 124,79m\u00b2 situ\u00e9 \u00e0 La Dehesa, avec 5 chambres priv\u00e9es, poste de travail, 2 salles de r\u00e9union, r\u00e9ception avec salle d'attente, 2 salles de bain, un espace caf\u00e9t\u00e9ria et une kitchenette.","robots":{"index":"index","follow":"follow","max-snippet":"max-snippet:-1","max-image-preview":"max-image-preview:large","max-video-preview":"max-video-preview:-1"},"canonical":"https:\/\/produncan.cl\/fr\/produit\/bureau-de-la-dehesa-lo-barnechea\/","og_locale":"fr_FR","og_type":"article","og_title":"Bureau de La Dehesa - Lo Barnechea","og_description":"Bureau enti\u00e8rement meubl\u00e9 de 124,79m\u00b2 situ\u00e9 \u00e0 La Dehesa, avec 5 chambres priv\u00e9es, poste de travail, 2 salles de r\u00e9union, r\u00e9ception avec salle d'attente, 2 salles de bain, un espace caf\u00e9t\u00e9ria et une kitchenette.","og_url":"https:\/\/produncan.cl\/fr\/produit\/bureau-de-la-dehesa-lo-barnechea\/","og_site_name":"Produncan","article_publisher":"https:\/\/web.facebook.com\/produncanland","article_modified_time":"2025-08-02T15:06:40+00:00","og_image":[{"width":600,"height":450,"url":"https:\/\/produncan.cl\/wp-content\/uploads\/2023\/03\/Oficina-La-Dehesa.webp","type":"image\/webp"}],"twitter_card":"summary_large_image","twitter_misc":{"Price":"USD580.500,00","Availability":"In stock"},"schema":{"@context":"https:\/\/schema.org","@graph":[{"@type":"WebPage","@id":"https:\/\/produncan.cl\/fr\/produit\/bureau-de-la-dehesa-lo-barnechea\/","url":"https:\/\/produncan.cl\/fr\/produit\/bureau-de-la-dehesa-lo-barnechea\/","name":"Bureau de La Dehesa - Lo Barnechea - Produncan","isPartOf":{"@id":"https:\/\/produncan.cl\/fr\/#website"},"primaryImageOfPage":{"@id":"https:\/\/produncan.cl\/fr\/produit\/bureau-de-la-dehesa-lo-barnechea\/#primaryimage"},"image":{"@id":"https:\/\/produncan.cl\/fr\/produit\/bureau-de-la-dehesa-lo-barnechea\/#primaryimage"},"thumbnailUrl":"https:\/\/produncan.cl\/wp-content\/uploads\/2023\/03\/Oficina-La-Dehesa.webp","datePublished":"2022-01-27T15:08:30+00:00","dateModified":"2025-08-02T15:06:40+00:00","description":"Bureau enti\u00e8rement meubl\u00e9 de 124,79m\u00b2 situ\u00e9 \u00e0 La Dehesa, avec 5 chambres priv\u00e9es, poste de travail, 2 salles de r\u00e9union, r\u00e9ception avec salle d'attente, 2 salles de bain, un espace caf\u00e9t\u00e9ria et une kitchenette.","breadcrumb":{"@id":"https:\/\/produncan.cl\/fr\/produit\/bureau-de-la-dehesa-lo-barnechea\/#breadcrumb"},"inLanguage":"fr-FR","potentialAction":[{"@type":"ReadAction","target":["https:\/\/produncan.cl\/fr\/produit\/bureau-de-la-dehesa-lo-barnechea\/"]}]},{"@type":"ImageObject","inLanguage":"fr-FR","@id":"https:\/\/produncan.cl\/fr\/produit\/bureau-de-la-dehesa-lo-barnechea\/#primaryimage","url":"https:\/\/produncan.cl\/wp-content\/uploads\/2023\/03\/Oficina-La-Dehesa.webp","contentUrl":"https:\/\/produncan.cl\/wp-content\/uploads\/2023\/03\/Oficina-La-Dehesa.webp","width":600,"height":450},{"@type":"BreadcrumbList","@id":"https:\/\/produncan.cl\/fr\/produit\/bureau-de-la-dehesa-lo-barnechea\/#breadcrumb","itemListElement":[{"@type":"ListItem","position":1,"name":"Inicio","item":"https:\/\/produncan.cl\/fr\/"},{"@type":"ListItem","position":2,"name":"Propri\u00e9t\u00e9s","item":"https:\/\/produncan.cl\/propiedades\/"},{"@type":"ListItem","position":3,"name":"Propri\u00e9t\u00e9s urbaines","item":"https:\/\/produncan.cl\/fr\/cat&eacute;gorie\/proprietes-urbaines\/"},{"@type":"ListItem","position":4,"name":"Bureau de La Dehesa &#8211; Lo Barnechea"}]},{"@type":"WebSite","@id":"https:\/\/produncan.cl\/fr\/#website","url":"https:\/\/produncan.cl\/fr\/","name":"Produncan","description":"Nous vous accompagnons dans votre projet de vie !","publisher":{"@id":"https:\/\/produncan.cl\/fr\/#organization"},"potentialAction":[{"@type":"SearchAction","target":{"@type":"EntryPoint","urlTemplate":"https:\/\/produncan.cl\/fr\/?s={search_term_string}"},"query-input":{"@type":"PropertyValueSpecification","valueRequired":true,"valueName":"search_term_string"}}],"inLanguage":"fr-FR"},{"@type":"Organization","@id":"https:\/\/produncan.cl\/fr\/#organization","name":"Produncan","url":"https:\/\/produncan.cl\/fr\/","logo":{"@type":"ImageObject","inLanguage":"fr-FR","@id":"https:\/\/produncan.cl\/fr\/#\/schema\/logo\/image\/","url":"https:\/\/produncan.cl\/wp-content\/uploads\/2021\/03\/LOGO.jpeg","contentUrl":"https:\/\/produncan.cl\/wp-content\/uploads\/2021\/03\/LOGO.jpeg","width":1280,"height":903,"caption":"Produncan"},"image":{"@id":"https:\/\/produncan.cl\/fr\/#\/schema\/logo\/image\/"},"sameAs":["https:\/\/web.facebook.com\/produncanland","https:\/\/www.instagram.com\/pro_duncan\/","https:\/\/www.linkedin.com\/company\/produncan-lands\/","https:\/\/www.youtube.com\/channel\/UCu7N-f3x0svkazD-Eew1-QQ"],"description":"En Produncan somos especialistas en la venta de terrenos en el sur de Chile. Proveemos estancias, campos, parcelas y hoteles.","email":"info@produncan.cl"}]},"og_video":"https:\/\/www.youtube.com\/embed\/WO5TEHjrKgo","og_video_type":"text\/html","og_video_duration":"95","og_video_width":"480","og_video_height":"360","ya_ovs_adult":"false","ya_ovs_upload_date":"2022-01-27T15:08:30+00:00","ya_ovs_allow_embed":"true","product_price_amount":"580500.00","product_price_currency":"USD","og_availability":"instock","product_availability":"instock","product_condition":"new"},"_links":{"self":[{"href":"https:\/\/produncan.cl\/fr\/wp-json\/wp\/v2\/product\/13815","targetHints":{"allow":["GET"]}}],"collection":[{"href":"https:\/\/produncan.cl\/fr\/wp-json\/wp\/v2\/product"}],"about":[{"href":"https:\/\/produncan.cl\/fr\/wp-json\/wp\/v2\/types\/product"}],"version-history":[{"count":0,"href":"https:\/\/produncan.cl\/fr\/wp-json\/wp\/v2\/product\/13815\/revisions"}],"wp:featuredmedia":[{"embeddable":true,"href":"https:\/\/produncan.cl\/fr\/wp-json\/wp\/v2\/media\/13057"}],"wp:attachment":[{"href":"https:\/\/produncan.cl\/fr\/wp-json\/wp\/v2\/media?parent=13815"}],"wp:term":[{"taxonomy":"product_brand","embeddable":true,"href":"https:\/\/produncan.cl\/fr\/wp-json\/wp\/v2\/product_brand?post=13815"},{"taxonomy":"product_cat","embeddable":true,"href":"https:\/\/produncan.cl\/fr\/wp-json\/wp\/v2\/product_cat?post=13815"},{"taxonomy":"product_tag","embeddable":true,"href":"https:\/\/produncan.cl\/fr\/wp-json\/wp\/v2\/product_tag?post=13815"},{"taxonomy":"regiones","embeddable":true,"href":"https:\/\/produncan.cl\/fr\/wp-json\/wp\/v2\/regiones?post=13815"},{"taxonomy":"ciudades","embeddable":true,"href":"https:\/\/produncan.cl\/fr\/wp-json\/wp\/v2\/ciudades?post=13815"}],"curies":[{"name":"wp","href":"https:\/\/api.w.org\/{rel}","templated":true}]}}