{"id":13836,"date":"2024-05-11T19:06:29","date_gmt":"2024-05-11T23:06:29","guid":{"rendered":"https:\/\/produncan.cl\/producto\/isla-pollux-6400m%c2%b2-coyhaique-aysen\/"},"modified":"2026-03-30T18:48:21","modified_gmt":"2026-03-30T21:48:21","slug":"isla-pollux-6400m%c2%b2-coyhaique-aysen","status":"publish","type":"product","link":"https:\/\/produncan.cl\/fr\/produit\/isla-pollux-6400m%c2%b2-coyhaique-aysen\/","title":{"rendered":"\u00cele de Coyhaique, lac de Pollux &#8211; R\u00e9gion d&#8217;Ays\u00e9n"},"content":{"rendered":"\t\t<div data-elementor-type=\"product-post\" data-elementor-id=\"13836\" class=\"elementor elementor-13836 elementor-11961\" data-elementor-post-type=\"product\">\n\t\t\t\t<div class=\"elementor-element elementor-element-3571b46 e-flex e-con-boxed e-con e-parent\" data-id=\"3571b46\" data-element_type=\"container\" data-e-type=\"container\" data-settings=\"{&quot;jet_parallax_layout_list&quot;:[]}\">\n\t\t\t\t\t<div class=\"e-con-inner\">\n\t\t\t\t<div class=\"elementor-element elementor-element-fb1414d elementor-widget elementor-widget-heading\" data-id=\"fb1414d\" data-element_type=\"widget\" data-e-type=\"widget\" data-widget_type=\"heading.default\">\n\t\t\t\t\t<h2 class=\"elementor-heading-title elementor-size-default\">Ayez votre intimit\u00e9 sur une \u00eele pr\u00e8s de Coyhaique !<\/h2>\t\t\t\t<\/div>\n\t\t\t\t\t<\/div>\n\t\t\t\t<\/div>\n\t\t<div class=\"elementor-element elementor-element-a83a6a5 e-flex e-con-boxed e-con e-parent\" data-id=\"a83a6a5\" data-element_type=\"container\" data-e-type=\"container\" data-settings=\"{&quot;jet_parallax_layout_list&quot;:[]}\">\n\t\t\t\t\t<div class=\"e-con-inner\">\n\t\t\t\t<div class=\"elementor-element elementor-element-d2e1f4a elementor-widget elementor-widget-text-editor\" data-id=\"d2e1f4a\" data-element_type=\"widget\" data-e-type=\"widget\" data-widget_type=\"text-editor.default\">\n\t\t\t\t\t\t\t\t\t<p>Bienvenue sur une petite et belle \u00eele de 6400 m\u00b2 situ\u00e9e sur le lac Pollux, \u00e0 30 km de la ville de Coyhaique, dans la r\u00e9gion d&#8217;Ays\u00e9n.<\/p>\n<p>Cette \u00eele de Coyhaique est la seule du lac Pollux et est situ\u00e9e \u00e0 seulement 170 m\u00e8tres de la rive la plus proche et \u00e0 1,5 km de la servitude o\u00f9 vous pouvez garer votre v\u00e9hicule et votre bateau pour acc\u00e9der au site.<\/p>\n<p>La propri\u00e9t\u00e9 n&#8217;a ni b\u00e2timents, ni eau, ni \u00e9lectricit\u00e9. Cependant, vous pouvez construire une roue hydraulique ou un puits et l&#8217;alimenter avec des panneaux solaires ou un a\u00e9rog\u00e9n\u00e9rateur. En revanche, si vous disposez d&#8217;un signal t\u00e9l\u00e9phonique et de donn\u00e9es mobiles.<\/p>\n<p>La topographie de l&#8217;\u00eele est plate et il n&#8217;y a pas d&#8217;inondation, car le lac est aliment\u00e9 par des nappes phr\u00e9atiques qui permettent un niveau stable, avec une oscillation maximale d&#8217;un m\u00e8tre au cours de l&#8217;ann\u00e9e.<\/p>\n<p><span style=\"color: var( --e-global-color-text ); font-family: var( --e-global-typography-text-font-family ), Sans-serif; font-weight: var( --e-global-typography-text-font-weight ); text-align: var(--text-align);\">La flore se compose principalement de langas, de \u00f1ire, de calafate et d&#8217;herbe, le tout dans une for\u00eat ordonn\u00e9e et propre. La faune comprend une grande vari\u00e9t\u00e9 d&#8217;oiseaux, notamment des hirondelles, des tagua, des canards, des cygnes \u00e0 col noir et des truites arc-en-ciel.<\/span><\/p>\n<p><span style=\"color: var( --e-global-color-text ); font-family: var( --e-global-typography-text-font-family ), Sans-serif; font-weight: var( --e-global-typography-text-font-weight ); text-align: var(--text-align);\">L&#8217;acc\u00e8s au site se fait depuis la ville de Coyhaique, par l&#8217;autoroute sud, puis par une route de gravier de 14 km. Vous pouvez \u00e9galement y acc\u00e9der directement depuis l&#8217;a\u00e9roport de Balmaceda, en 20 minutes jusqu&#8217;au rivage o\u00f9 vous pourrez prendre votre bateau.<\/span><\/p>\n<p><span style=\"color: var( --e-global-color-text ); font-family: var( --e-global-typography-text-font-family ), Sans-serif; font-weight: var( --e-global-typography-text-font-weight ); text-align: var(--text-align);\">SI VOUS RECHERCHEZ DE L&#8217;INTIMIT\u00c9 DANS UN LIEU EXCEPTIONNEL, N&#8217;H\u00c9SITEZ PAS \u00c0 NOUS CONTACTER POUR PLUS D&#8217;INFORMATIONS !<\/span><\/p>\t\t\t\t\t\t\t\t<\/div>\n\t\t\t\t\t<\/div>\n\t\t\t\t<\/div>\n\t\t\t\t<\/div>\n\t\t","protected":false},"excerpt":{"rendered":"<p>\u00cele \u00e0 Coyhaique unique dans le lac Pollux, d&#8217;une superficie de 6400m\u00b2. A 20 min de l&#8217;a\u00e9roport.  Des servitudes seront pr\u00e9vues pour le stationnement des bateaux et des v\u00e9hicules.<\/p>\n","protected":false},"featured_media":11966,"template":"","meta":{"_acf_changed":false},"product_brand":[],"product_cat":[129],"product_tag":[236,237],"regiones":[],"ciudades":[],"class_list":{"0":"post-13836","1":"product","2":"type-product","3":"status-publish","4":"has-post-thumbnail","6":"product_cat-aysen-magallanes-fr","7":"product_tag-parcelles","8":"product_tag-proprietes-touristiques","10":"first","11":"instock","12":"featured","13":"sold-individually","14":"shipping-taxable","15":"purchasable","16":"product-type-simple"},"acf":[],"yoast_head":"<!-- This site is optimized with the Yoast SEO Premium plugin v26.0 (Yoast SEO v27.3) - https:\/\/yoast.com\/product\/yoast-seo-premium-wordpress\/ -->\n<title>\u00cele de Coyhaique, lac de Pollux - R\u00e9gion d&#039;Ays\u00e9n - Produncan<\/title>\n<meta name=\"description\" content=\"Petite et belle \u00eele de 6400m\u00b2 situ\u00e9e dans le lac Pollux \u00e0 30 kms de la ville de Coyhaique dans la r\u00e9gion d&#039;Ays\u00e9n. C&#039;est la seule \u00eele du lac.\" \/>\n<meta name=\"robots\" content=\"index, follow, max-snippet:-1, max-image-preview:large, max-video-preview:-1\" \/>\n<link rel=\"canonical\" href=\"https:\/\/produncan.cl\/fr\/produit\/isla-pollux-6400m%c2%b2-coyhaique-aysen\/\" \/>\n<meta property=\"og:locale\" content=\"fr_FR\" \/>\n<meta property=\"og:type\" content=\"article\" \/>\n<meta property=\"og:title\" content=\"\u00cele de Coyhaique, lac de Pollux - R\u00e9gion d&#039;Ays\u00e9n\" \/>\n<meta property=\"og:description\" content=\"Petite et belle \u00eele de 6400m\u00b2 situ\u00e9e dans le lac Pollux \u00e0 30 kms de la ville de Coyhaique dans la r\u00e9gion d&#039;Ays\u00e9n. C&#039;est la seule \u00eele du lac.\" \/>\n<meta property=\"og:url\" content=\"https:\/\/produncan.cl\/fr\/produit\/isla-pollux-6400m%c2%b2-coyhaique-aysen\/\" \/>\n<meta property=\"og:site_name\" content=\"Produncan\" \/>\n<meta property=\"article:publisher\" content=\"https:\/\/web.facebook.com\/produncanland\" \/>\n<meta property=\"article:modified_time\" content=\"2026-03-30T21:48:21+00:00\" \/>\n<meta property=\"og:image\" content=\"https:\/\/produncan.cl\/wp-content\/uploads\/2023\/03\/Portada-Isla-Pollux.webp\" \/>\n\t<meta property=\"og:image:width\" content=\"600\" \/>\n\t<meta property=\"og:image:height\" content=\"450\" \/>\n\t<meta property=\"og:image:type\" content=\"image\/webp\" \/>\n<meta name=\"twitter:card\" content=\"summary_large_image\" \/>\n<meta name=\"twitter:label1\" content=\"Price\" \/>\n\t<meta name=\"twitter:data1\" content=\"USD97.900,00\" \/>\n\t<meta name=\"twitter:label2\" content=\"Availability\" \/>\n\t<meta name=\"twitter:data2\" content=\"In stock\" \/>\n<script type=\"application\/ld+json\" class=\"yoast-schema-graph\">{\"@context\":\"https:\\\/\\\/schema.org\",\"@graph\":[{\"@type\":\"WebPage\",\"@id\":\"https:\\\/\\\/produncan.cl\\\/fr\\\/produit\\\/isla-pollux-6400m%c2%b2-coyhaique-aysen\\\/\",\"url\":\"https:\\\/\\\/produncan.cl\\\/fr\\\/produit\\\/isla-pollux-6400m%c2%b2-coyhaique-aysen\\\/\",\"name\":\"\u00cele de Coyhaique, lac de Pollux - R\u00e9gion d'Ays\u00e9n - Produncan\",\"isPartOf\":{\"@id\":\"https:\\\/\\\/produncan.cl\\\/fr\\\/#website\"},\"primaryImageOfPage\":{\"@id\":\"https:\\\/\\\/produncan.cl\\\/fr\\\/produit\\\/isla-pollux-6400m%c2%b2-coyhaique-aysen\\\/#primaryimage\"},\"image\":{\"@id\":\"https:\\\/\\\/produncan.cl\\\/fr\\\/produit\\\/isla-pollux-6400m%c2%b2-coyhaique-aysen\\\/#primaryimage\"},\"thumbnailUrl\":\"https:\\\/\\\/produncan.cl\\\/wp-content\\\/uploads\\\/2023\\\/03\\\/Portada-Isla-Pollux.webp\",\"datePublished\":\"2024-05-11T23:06:29+00:00\",\"dateModified\":\"2026-03-30T21:48:21+00:00\",\"description\":\"Petite et belle \u00eele de 6400m\u00b2 situ\u00e9e dans le lac Pollux \u00e0 30 kms de la ville de Coyhaique dans la r\u00e9gion d'Ays\u00e9n. C'est la seule \u00eele du lac.\",\"breadcrumb\":{\"@id\":\"https:\\\/\\\/produncan.cl\\\/fr\\\/produit\\\/isla-pollux-6400m%c2%b2-coyhaique-aysen\\\/#breadcrumb\"},\"inLanguage\":\"fr-FR\",\"potentialAction\":[{\"@type\":\"ReadAction\",\"target\":[\"https:\\\/\\\/produncan.cl\\\/fr\\\/produit\\\/isla-pollux-6400m%c2%b2-coyhaique-aysen\\\/\"]}]},{\"@type\":\"ImageObject\",\"inLanguage\":\"fr-FR\",\"@id\":\"https:\\\/\\\/produncan.cl\\\/fr\\\/produit\\\/isla-pollux-6400m%c2%b2-coyhaique-aysen\\\/#primaryimage\",\"url\":\"https:\\\/\\\/produncan.cl\\\/wp-content\\\/uploads\\\/2023\\\/03\\\/Portada-Isla-Pollux.webp\",\"contentUrl\":\"https:\\\/\\\/produncan.cl\\\/wp-content\\\/uploads\\\/2023\\\/03\\\/Portada-Isla-Pollux.webp\",\"width\":600,\"height\":450,\"caption\":\"\u00cele de Porta Pollux\"},{\"@type\":\"BreadcrumbList\",\"@id\":\"https:\\\/\\\/produncan.cl\\\/fr\\\/produit\\\/isla-pollux-6400m%c2%b2-coyhaique-aysen\\\/#breadcrumb\",\"itemListElement\":[{\"@type\":\"ListItem\",\"position\":1,\"name\":\"Inicio\",\"item\":\"https:\\\/\\\/produncan.cl\\\/fr\\\/\"},{\"@type\":\"ListItem\",\"position\":2,\"name\":\"Propri\u00e9t\u00e9s\",\"item\":\"https:\\\/\\\/produncan.cl\\\/propiedades\\\/\"},{\"@type\":\"ListItem\",\"position\":3,\"name\":\"Parcelles\",\"item\":\"https:\\\/\\\/produncan.cl\\\/fr\\\/cat&eacute;gorie\\\/parcelles\\\/\"},{\"@type\":\"ListItem\",\"position\":4,\"name\":\"\u00cele de Coyhaique, lac de Pollux &#8211; R\u00e9gion d&#8217;Ays\u00e9n\"}]},{\"@type\":\"WebSite\",\"@id\":\"https:\\\/\\\/produncan.cl\\\/fr\\\/#website\",\"url\":\"https:\\\/\\\/produncan.cl\\\/fr\\\/\",\"name\":\"Produncan\",\"description\":\"Nous vous accompagnons dans votre projet de vie !\",\"publisher\":{\"@id\":\"https:\\\/\\\/produncan.cl\\\/fr\\\/#organization\"},\"potentialAction\":[{\"@type\":\"SearchAction\",\"target\":{\"@type\":\"EntryPoint\",\"urlTemplate\":\"https:\\\/\\\/produncan.cl\\\/fr\\\/?s={search_term_string}\"},\"query-input\":{\"@type\":\"PropertyValueSpecification\",\"valueRequired\":true,\"valueName\":\"search_term_string\"}}],\"inLanguage\":\"fr-FR\"},{\"@type\":\"Organization\",\"@id\":\"https:\\\/\\\/produncan.cl\\\/fr\\\/#organization\",\"name\":\"Produncan\",\"url\":\"https:\\\/\\\/produncan.cl\\\/fr\\\/\",\"logo\":{\"@type\":\"ImageObject\",\"inLanguage\":\"fr-FR\",\"@id\":\"https:\\\/\\\/produncan.cl\\\/fr\\\/#\\\/schema\\\/logo\\\/image\\\/\",\"url\":\"https:\\\/\\\/produncan.cl\\\/wp-content\\\/uploads\\\/2021\\\/03\\\/LOGO.jpeg\",\"contentUrl\":\"https:\\\/\\\/produncan.cl\\\/wp-content\\\/uploads\\\/2021\\\/03\\\/LOGO.jpeg\",\"width\":1280,\"height\":903,\"caption\":\"Produncan\"},\"image\":{\"@id\":\"https:\\\/\\\/produncan.cl\\\/fr\\\/#\\\/schema\\\/logo\\\/image\\\/\"},\"sameAs\":[\"https:\\\/\\\/web.facebook.com\\\/produncanland\",\"https:\\\/\\\/www.instagram.com\\\/pro_duncan\\\/\",\"https:\\\/\\\/www.linkedin.com\\\/company\\\/produncan-lands\\\/\",\"https:\\\/\\\/www.youtube.com\\\/channel\\\/UCu7N-f3x0svkazD-Eew1-QQ\"],\"description\":\"En Produncan somos especialistas en la venta de terrenos en el sur de Chile. Proveemos estancias, campos, parcelas y hoteles.\",\"email\":\"info@produncan.cl\"}]}<\/script>\n<meta property=\"og:video\" content=\"https:\/\/www.youtube.com\/embed\/73fJaeAhc00\" \/>\n<meta property=\"og:video:type\" content=\"text\/html\" \/>\n<meta property=\"og:video:duration\" content=\"93\" \/>\n<meta property=\"og:video:width\" content=\"480\" \/>\n<meta property=\"og:video:height\" content=\"360\" \/>\n<meta property=\"ya:ovs:adult\" content=\"false\" \/>\n<meta property=\"ya:ovs:upload_date\" content=\"2024-05-11T23:06:29+00:00\" \/>\n<meta property=\"ya:ovs:allow_embed\" content=\"true\" \/>\n<meta property=\"product:price:amount\" content=\"97900.00\" \/>\n<meta property=\"product:price:currency\" content=\"USD\" \/>\n<meta property=\"og:availability\" content=\"instock\" \/>\n<meta property=\"product:availability\" content=\"instock\" \/>\n<meta property=\"product:condition\" content=\"new\" \/>\n<!-- \/ Yoast SEO Premium plugin. -->","yoast_head_json":{"title":"\u00cele de Coyhaique, lac de Pollux - R\u00e9gion d'Ays\u00e9n - Produncan","description":"Petite et belle \u00eele de 6400m\u00b2 situ\u00e9e dans le lac Pollux \u00e0 30 kms de la ville de Coyhaique dans la r\u00e9gion d'Ays\u00e9n. C'est la seule \u00eele du lac.","robots":{"index":"index","follow":"follow","max-snippet":"max-snippet:-1","max-image-preview":"max-image-preview:large","max-video-preview":"max-video-preview:-1"},"canonical":"https:\/\/produncan.cl\/fr\/produit\/isla-pollux-6400m%c2%b2-coyhaique-aysen\/","og_locale":"fr_FR","og_type":"article","og_title":"\u00cele de Coyhaique, lac de Pollux - R\u00e9gion d'Ays\u00e9n","og_description":"Petite et belle \u00eele de 6400m\u00b2 situ\u00e9e dans le lac Pollux \u00e0 30 kms de la ville de Coyhaique dans la r\u00e9gion d'Ays\u00e9n. C'est la seule \u00eele du lac.","og_url":"https:\/\/produncan.cl\/fr\/produit\/isla-pollux-6400m%c2%b2-coyhaique-aysen\/","og_site_name":"Produncan","article_publisher":"https:\/\/web.facebook.com\/produncanland","article_modified_time":"2026-03-30T21:48:21+00:00","og_image":[{"width":600,"height":450,"url":"https:\/\/produncan.cl\/wp-content\/uploads\/2023\/03\/Portada-Isla-Pollux.webp","type":"image\/webp"}],"twitter_card":"summary_large_image","twitter_misc":{"Price":"USD97.900,00","Availability":"In stock"},"schema":{"@context":"https:\/\/schema.org","@graph":[{"@type":"WebPage","@id":"https:\/\/produncan.cl\/fr\/produit\/isla-pollux-6400m%c2%b2-coyhaique-aysen\/","url":"https:\/\/produncan.cl\/fr\/produit\/isla-pollux-6400m%c2%b2-coyhaique-aysen\/","name":"\u00cele de Coyhaique, lac de Pollux - R\u00e9gion d'Ays\u00e9n - Produncan","isPartOf":{"@id":"https:\/\/produncan.cl\/fr\/#website"},"primaryImageOfPage":{"@id":"https:\/\/produncan.cl\/fr\/produit\/isla-pollux-6400m%c2%b2-coyhaique-aysen\/#primaryimage"},"image":{"@id":"https:\/\/produncan.cl\/fr\/produit\/isla-pollux-6400m%c2%b2-coyhaique-aysen\/#primaryimage"},"thumbnailUrl":"https:\/\/produncan.cl\/wp-content\/uploads\/2023\/03\/Portada-Isla-Pollux.webp","datePublished":"2024-05-11T23:06:29+00:00","dateModified":"2026-03-30T21:48:21+00:00","description":"Petite et belle \u00eele de 6400m\u00b2 situ\u00e9e dans le lac Pollux \u00e0 30 kms de la ville de Coyhaique dans la r\u00e9gion d'Ays\u00e9n. C'est la seule \u00eele du lac.","breadcrumb":{"@id":"https:\/\/produncan.cl\/fr\/produit\/isla-pollux-6400m%c2%b2-coyhaique-aysen\/#breadcrumb"},"inLanguage":"fr-FR","potentialAction":[{"@type":"ReadAction","target":["https:\/\/produncan.cl\/fr\/produit\/isla-pollux-6400m%c2%b2-coyhaique-aysen\/"]}]},{"@type":"ImageObject","inLanguage":"fr-FR","@id":"https:\/\/produncan.cl\/fr\/produit\/isla-pollux-6400m%c2%b2-coyhaique-aysen\/#primaryimage","url":"https:\/\/produncan.cl\/wp-content\/uploads\/2023\/03\/Portada-Isla-Pollux.webp","contentUrl":"https:\/\/produncan.cl\/wp-content\/uploads\/2023\/03\/Portada-Isla-Pollux.webp","width":600,"height":450,"caption":"\u00cele de Porta Pollux"},{"@type":"BreadcrumbList","@id":"https:\/\/produncan.cl\/fr\/produit\/isla-pollux-6400m%c2%b2-coyhaique-aysen\/#breadcrumb","itemListElement":[{"@type":"ListItem","position":1,"name":"Inicio","item":"https:\/\/produncan.cl\/fr\/"},{"@type":"ListItem","position":2,"name":"Propri\u00e9t\u00e9s","item":"https:\/\/produncan.cl\/propiedades\/"},{"@type":"ListItem","position":3,"name":"Parcelles","item":"https:\/\/produncan.cl\/fr\/cat&eacute;gorie\/parcelles\/"},{"@type":"ListItem","position":4,"name":"\u00cele de Coyhaique, lac de Pollux &#8211; R\u00e9gion d&#8217;Ays\u00e9n"}]},{"@type":"WebSite","@id":"https:\/\/produncan.cl\/fr\/#website","url":"https:\/\/produncan.cl\/fr\/","name":"Produncan","description":"Nous vous accompagnons dans votre projet de vie !","publisher":{"@id":"https:\/\/produncan.cl\/fr\/#organization"},"potentialAction":[{"@type":"SearchAction","target":{"@type":"EntryPoint","urlTemplate":"https:\/\/produncan.cl\/fr\/?s={search_term_string}"},"query-input":{"@type":"PropertyValueSpecification","valueRequired":true,"valueName":"search_term_string"}}],"inLanguage":"fr-FR"},{"@type":"Organization","@id":"https:\/\/produncan.cl\/fr\/#organization","name":"Produncan","url":"https:\/\/produncan.cl\/fr\/","logo":{"@type":"ImageObject","inLanguage":"fr-FR","@id":"https:\/\/produncan.cl\/fr\/#\/schema\/logo\/image\/","url":"https:\/\/produncan.cl\/wp-content\/uploads\/2021\/03\/LOGO.jpeg","contentUrl":"https:\/\/produncan.cl\/wp-content\/uploads\/2021\/03\/LOGO.jpeg","width":1280,"height":903,"caption":"Produncan"},"image":{"@id":"https:\/\/produncan.cl\/fr\/#\/schema\/logo\/image\/"},"sameAs":["https:\/\/web.facebook.com\/produncanland","https:\/\/www.instagram.com\/pro_duncan\/","https:\/\/www.linkedin.com\/company\/produncan-lands\/","https:\/\/www.youtube.com\/channel\/UCu7N-f3x0svkazD-Eew1-QQ"],"description":"En Produncan somos especialistas en la venta de terrenos en el sur de Chile. Proveemos estancias, campos, parcelas y hoteles.","email":"info@produncan.cl"}]},"og_video":"https:\/\/www.youtube.com\/embed\/73fJaeAhc00","og_video_type":"text\/html","og_video_duration":"93","og_video_width":"480","og_video_height":"360","ya_ovs_adult":"false","ya_ovs_upload_date":"2024-05-11T23:06:29+00:00","ya_ovs_allow_embed":"true","product_price_amount":"97900.00","product_price_currency":"USD","og_availability":"instock","product_availability":"instock","product_condition":"new"},"_links":{"self":[{"href":"https:\/\/produncan.cl\/fr\/wp-json\/wp\/v2\/product\/13836","targetHints":{"allow":["GET"]}}],"collection":[{"href":"https:\/\/produncan.cl\/fr\/wp-json\/wp\/v2\/product"}],"about":[{"href":"https:\/\/produncan.cl\/fr\/wp-json\/wp\/v2\/types\/product"}],"version-history":[{"count":2,"href":"https:\/\/produncan.cl\/fr\/wp-json\/wp\/v2\/product\/13836\/revisions"}],"predecessor-version":[{"id":53104,"href":"https:\/\/produncan.cl\/fr\/wp-json\/wp\/v2\/product\/13836\/revisions\/53104"}],"wp:featuredmedia":[{"embeddable":true,"href":"https:\/\/produncan.cl\/fr\/wp-json\/wp\/v2\/media\/11966"}],"wp:attachment":[{"href":"https:\/\/produncan.cl\/fr\/wp-json\/wp\/v2\/media?parent=13836"}],"wp:term":[{"taxonomy":"product_brand","embeddable":true,"href":"https:\/\/produncan.cl\/fr\/wp-json\/wp\/v2\/product_brand?post=13836"},{"taxonomy":"product_cat","embeddable":true,"href":"https:\/\/produncan.cl\/fr\/wp-json\/wp\/v2\/product_cat?post=13836"},{"taxonomy":"product_tag","embeddable":true,"href":"https:\/\/produncan.cl\/fr\/wp-json\/wp\/v2\/product_tag?post=13836"},{"taxonomy":"regiones","embeddable":true,"href":"https:\/\/produncan.cl\/fr\/wp-json\/wp\/v2\/regiones?post=13836"},{"taxonomy":"ciudades","embeddable":true,"href":"https:\/\/produncan.cl\/fr\/wp-json\/wp\/v2\/ciudades?post=13836"}],"curies":[{"name":"wp","href":"https:\/\/api.w.org\/{rel}","templated":true}]}}