{"id":13838,"date":"2022-08-05T13:13:20","date_gmt":"2022-08-05T17:13:20","guid":{"rendered":"https:\/\/produncan.cl\/producto\/campito-picaflor-623ha-los-muermos-r-de-los-lagos\/"},"modified":"2025-12-26T17:29:21","modified_gmt":"2025-12-26T20:29:21","slug":"campito-picaflor-623ha-los-muermos-r-de-los-lagos","status":"publish","type":"product","link":"https:\/\/produncan.cl\/fr\/produit\/campito-picaflor-623ha-los-muermos-r-de-los-lagos\/","title":{"rendered":"Campito Picaflor 6,23 hectares &#8211; Los Muermos, r\u00e9gion des lacs"},"content":{"rendered":"\t\t<div data-elementor-type=\"product-post\" data-elementor-id=\"13838\" class=\"elementor elementor-13838 elementor-11698\" data-elementor-post-type=\"product\">\n\t\t\t\t<div class=\"elementor-element elementor-element-f1f662f e-flex e-con-boxed e-con e-parent\" data-id=\"f1f662f\" data-element_type=\"container\" data-e-type=\"container\" data-settings=\"{&quot;jet_parallax_layout_list&quot;:[]}\">\n\t\t\t\t\t<div class=\"e-con-inner\">\n\t\t\t\t<div class=\"elementor-element elementor-element-e1749e5 elementor-widget elementor-widget-heading\" data-id=\"e1749e5\" data-element_type=\"widget\" data-e-type=\"widget\" data-widget_type=\"heading.default\">\n\t\t\t\t\t<h2 class=\"elementor-heading-title elementor-size-default\">6,23 hectares de terres avec de l'eau en abondance et une belle vue, \u00e0 une heure de Puerto Varas !{<\/h2>\t\t\t\t<\/div>\n\t\t\t\t\t<\/div>\n\t\t\t\t<\/div>\n\t\t<div class=\"elementor-element elementor-element-75d1655 e-flex e-con-boxed e-con e-parent\" data-id=\"75d1655\" data-element_type=\"container\" data-e-type=\"container\" data-settings=\"{&quot;jet_parallax_layout_list&quot;:[]}\">\n\t\t\t\t\t<div class=\"e-con-inner\">\n\t\t\t\t<div class=\"elementor-element elementor-element-f1ec3fe elementor-widget elementor-widget-text-editor\" data-id=\"f1ec3fe\" data-element_type=\"widget\" data-e-type=\"widget\" data-widget_type=\"text-editor.default\">\n\t\t\t\t\t\t\t\t\t<p>Nous vous invitons \u00e0 visiter ce petit camp de 6,23 hectares situ\u00e9 au d\u00e9but de la cha\u00eene de montagnes c\u00f4ti\u00e8res, avec un ruisseau, une rivi\u00e8re et une vue magnifique, \u00e0 seulement une heure \u00e0 l&#8217;ouest de Puerto Varas.<\/p>\n<p><span style=\"color: var( --e-global-color-text ); font-family: var( --e-global-typography-text-font-family ), Sans-serif; font-weight: var( --e-global-typography-text-font-weight ); text-align: var(--text-align);\">La propri\u00e9t\u00e9 est accessible depuis la route 5 par une route en grande partie asphalt\u00e9e qui traverse l&#8217;Estaci\u00f3n R\u00edo fr\u00edo et m\u00e8ne ensuite \u00e0 la station baln\u00e9aire de Llico Bajo. Pour se rendre au camp, il faut emprunter une route de gravier de 4,2 km de long, qui est en train d&#8217;\u00eatre asphalt\u00e9e. <\/span><\/p>\n<p><span style=\"color: var( --e-global-color-text ); font-family: var( --e-global-typography-text-font-family ), Sans-serif; font-weight: var( --e-global-typography-text-font-weight ); text-align: var(--text-align);\">Une ligne \u00e9lectrique longe la route publique et jouxte la propri\u00e9t\u00e9. En outre, l&#8217;eau est abondante gr\u00e2ce \u00e0 des sources, un estuaire appel\u00e9 Picaflor et une rivi\u00e8re appel\u00e9e Pato llico. Et dans le secteur, un bon signal t\u00e9l\u00e9phonique arrive.<\/span><\/p>\n<p><span style=\"color: var( --e-global-color-text ); font-family: var( --e-global-typography-text-font-family ), Sans-serif; font-weight: var( --e-global-typography-text-font-weight ); text-align: var(--text-align);\">La propri\u00e9t\u00e9 ne comporte aucun b\u00e2timent et est cl\u00f4tur\u00e9e sur la majeure partie de son p\u00e9rim\u00e8tre.<\/span><\/p>\n<p><span style=\"color: var( --e-global-color-text ); font-family: var( --e-global-typography-text-font-family ), Sans-serif; font-weight: var( --e-global-typography-text-font-weight ); text-align: var(--text-align);\">Le petit champ orient\u00e9 au nord dispose d&#8217;une prairie plate avec une belle vue, id\u00e9ale pour la construction d&#8217;une maison ou d&#8217;un complexe touristique. Ensuite, il pr\u00e9sente une pente douce et enfin une pente moyenne jusqu&#8217;\u00e0 la rivi\u00e8re.<\/span><\/p>\n<p><span style=\"color: var( --e-global-color-text ); font-family: var( --e-global-typography-text-font-family ), Sans-serif; font-weight: var( --e-global-typography-text-font-weight ); text-align: var(--text-align);\">La propri\u00e9t\u00e9 est principalement compos\u00e9e de for\u00eats indig\u00e8nes r\u00e9nov\u00e9es et anciennes \u00e0 proximit\u00e9 de la rivi\u00e8re, avec une pr\u00e9dominance de Coigue, Canelo, Avellano, Rabal, Ma\u00f1io, Ulmo et Timeo.<\/span><\/p>\n<p><span style=\"color: var( --e-global-color-text ); font-family: var( --e-global-typography-text-font-family ), Sans-serif; font-weight: var( --e-global-typography-text-font-weight ); text-align: var(--text-align);\">En ce qui concerne la faune, on peut voir des renards, des li\u00e8vres, des Chucao, des Wet Wet, des Tiuque, entre autres.<\/span><\/p>\n<p><span style=\"color: var( --e-global-color-text ); font-family: var( --e-global-typography-text-font-family ), Sans-serif; font-weight: var( --e-global-typography-text-font-weight ); text-align: var(--text-align);\">Le champ a un potentiel touristique car il borde une route qui sera bient\u00f4t asphalt\u00e9e et qui, \u00e0 l&#8217;avenir, aura un fort d\u00e9bit vers le bord de mer dans la r\u00e9gion de Llico bajo.<\/span><\/p>\n<p><span style=\"color: var( --e-global-color-text ); font-family: var( --e-global-typography-text-font-family ), Sans-serif; font-weight: var( --e-global-typography-text-font-weight ); text-align: var(--text-align);\">La propri\u00e9t\u00e9 est relativement proche de la c\u00f4te, qui conna\u00eet un fort d\u00e9veloppement gr\u00e2ce \u00e0 ses endroits paradisiaques tels que les stations baln\u00e9aires de Llico Bajo, Puerto Godoy, Quenir et Estaquilla.<\/span><\/p>\n<p><span style=\"color: var( --e-global-color-text ); font-family: var( --e-global-typography-text-font-family ), Sans-serif; font-weight: var( --e-global-typography-text-font-weight ); text-align: var(--text-align);\">CONTACTEZ-NOUS, NE MANQUEZ PAS L&#8217;ENDROIT ID\u00c9AL POUR UN BEAU PROJET DE VIE !<\/span><\/p>\n\t\t\t\t\t\t\t\t<\/div>\n\t\t\t\t\t<\/div>\n\t\t\t\t<\/div>\n\t\t\t\t<\/div>\n\t\t","protected":false},"excerpt":{"rendered":"<p>Terrain \u00e0 Fresia, \u00e0 une heure de Puerto Varas. Situ\u00e9 sur la route menant \u00e0 Llico Bajo et accessible par la voie publique. Il dispose de l&#8217;\u00e9lectricit\u00e9, d&#8217;un r\u00e9seau mobile, d&#8217;une rivi\u00e8re, d&#8217;un estuaire, de sources et d&#8217;une belle vue. 4 kilom\u00e8tres de route en gravier en cours d&#8217;asphaltage.   <\/p>\n","protected":false},"featured_media":11703,"template":"","meta":{"_acf_changed":false},"product_brand":[],"product_cat":[113],"product_tag":[233,236],"regiones":[226],"ciudades":[514,214,216,515],"class_list":{"0":"post-13838","1":"product","2":"type-product","3":"status-publish","4":"has-post-thumbnail","6":"product_cat-ohiggins-los-lagos-fr","7":"product_tag-champs","8":"product_tag-parcelles","9":"regiones-nuble-los_lagos","10":"ciudades-canitas","11":"ciudades-fresia","12":"ciudades-los-muermos","13":"ciudades-rio-frio","15":"first","16":"instock","17":"sold-individually","18":"shipping-taxable","19":"purchasable","20":"product-type-simple"},"acf":[],"yoast_head":"<!-- This site is optimized with the Yoast SEO Premium plugin v26.0 (Yoast SEO v27.3) - https:\/\/yoast.com\/product\/yoast-seo-premium-wordpress\/ -->\n<title>Campito Picafloro - Los Muermos, r\u00e9gion de Los Lagos - Produncan<\/title>\n<meta name=\"description\" content=\"Petite ferme de 6,23ha avec \u00e9lectricit\u00e9, eau, belle vue et \u00e0 une heure \u00e0 l&#039;ouest de Puerto Varas. La route sera bient\u00f4t asphalt\u00e9e.\" \/>\n<meta name=\"robots\" content=\"index, follow, max-snippet:-1, max-image-preview:large, max-video-preview:-1\" \/>\n<link rel=\"canonical\" href=\"https:\/\/produncan.cl\/fr\/produit\/campito-picaflor-623ha-los-muermos-r-de-los-lagos\/\" \/>\n<meta property=\"og:locale\" content=\"fr_FR\" \/>\n<meta property=\"og:type\" content=\"article\" \/>\n<meta property=\"og:title\" content=\"Campito Picaflor 6,23 hectares - Los Muermos, r\u00e9gion des lacs\" \/>\n<meta property=\"og:description\" content=\"Petite ferme de 6,23ha avec \u00e9lectricit\u00e9, eau, belle vue et \u00e0 une heure \u00e0 l&#039;ouest de Puerto Varas. La route sera bient\u00f4t asphalt\u00e9e.\" \/>\n<meta property=\"og:url\" content=\"https:\/\/produncan.cl\/fr\/produit\/campito-picaflor-623ha-los-muermos-r-de-los-lagos\/\" \/>\n<meta property=\"og:site_name\" content=\"Produncan\" \/>\n<meta property=\"article:publisher\" content=\"https:\/\/web.facebook.com\/produncanland\" \/>\n<meta property=\"article:modified_time\" content=\"2025-12-26T20:29:21+00:00\" \/>\n<meta property=\"og:image\" content=\"https:\/\/produncan.cl\/wp-content\/uploads\/2023\/02\/Presentacion-Campito-Picaflor.webp\" \/>\n\t<meta property=\"og:image:width\" content=\"600\" \/>\n\t<meta property=\"og:image:height\" content=\"450\" \/>\n\t<meta property=\"og:image:type\" content=\"image\/webp\" \/>\n<meta name=\"twitter:card\" content=\"summary_large_image\" \/>\n<meta name=\"twitter:label1\" content=\"Price\" \/>\n\t<meta name=\"twitter:data1\" content=\"USD97.900,00\" \/>\n\t<meta name=\"twitter:label2\" content=\"Availability\" \/>\n\t<meta name=\"twitter:data2\" content=\"In stock\" \/>\n<script type=\"application\/ld+json\" class=\"yoast-schema-graph\">{\"@context\":\"https:\\\/\\\/schema.org\",\"@graph\":[{\"@type\":\"WebPage\",\"@id\":\"https:\\\/\\\/produncan.cl\\\/fr\\\/produit\\\/campito-picaflor-623ha-los-muermos-r-de-los-lagos\\\/\",\"url\":\"https:\\\/\\\/produncan.cl\\\/fr\\\/produit\\\/campito-picaflor-623ha-los-muermos-r-de-los-lagos\\\/\",\"name\":\"Campito Picafloro - Los Muermos, r\u00e9gion de Los Lagos - Produncan\",\"isPartOf\":{\"@id\":\"https:\\\/\\\/produncan.cl\\\/fr\\\/#website\"},\"primaryImageOfPage\":{\"@id\":\"https:\\\/\\\/produncan.cl\\\/fr\\\/produit\\\/campito-picaflor-623ha-los-muermos-r-de-los-lagos\\\/#primaryimage\"},\"image\":{\"@id\":\"https:\\\/\\\/produncan.cl\\\/fr\\\/produit\\\/campito-picaflor-623ha-los-muermos-r-de-los-lagos\\\/#primaryimage\"},\"thumbnailUrl\":\"https:\\\/\\\/produncan.cl\\\/wp-content\\\/uploads\\\/2023\\\/02\\\/Presentacion-Campito-Picaflor.webp\",\"datePublished\":\"2022-08-05T17:13:20+00:00\",\"dateModified\":\"2025-12-26T20:29:21+00:00\",\"description\":\"Petite ferme de 6,23ha avec \u00e9lectricit\u00e9, eau, belle vue et \u00e0 une heure \u00e0 l'ouest de Puerto Varas. La route sera bient\u00f4t asphalt\u00e9e.\",\"breadcrumb\":{\"@id\":\"https:\\\/\\\/produncan.cl\\\/fr\\\/produit\\\/campito-picaflor-623ha-los-muermos-r-de-los-lagos\\\/#breadcrumb\"},\"inLanguage\":\"fr-FR\",\"potentialAction\":[{\"@type\":\"ReadAction\",\"target\":[\"https:\\\/\\\/produncan.cl\\\/fr\\\/produit\\\/campito-picaflor-623ha-los-muermos-r-de-los-lagos\\\/\"]}]},{\"@type\":\"ImageObject\",\"inLanguage\":\"fr-FR\",\"@id\":\"https:\\\/\\\/produncan.cl\\\/fr\\\/produit\\\/campito-picaflor-623ha-los-muermos-r-de-los-lagos\\\/#primaryimage\",\"url\":\"https:\\\/\\\/produncan.cl\\\/wp-content\\\/uploads\\\/2023\\\/02\\\/Presentacion-Campito-Picaflor.webp\",\"contentUrl\":\"https:\\\/\\\/produncan.cl\\\/wp-content\\\/uploads\\\/2023\\\/02\\\/Presentacion-Campito-Picaflor.webp\",\"width\":600,\"height\":450},{\"@type\":\"BreadcrumbList\",\"@id\":\"https:\\\/\\\/produncan.cl\\\/fr\\\/produit\\\/campito-picaflor-623ha-los-muermos-r-de-los-lagos\\\/#breadcrumb\",\"itemListElement\":[{\"@type\":\"ListItem\",\"position\":1,\"name\":\"Inicio\",\"item\":\"https:\\\/\\\/produncan.cl\\\/fr\\\/\"},{\"@type\":\"ListItem\",\"position\":2,\"name\":\"Propri\u00e9t\u00e9s\",\"item\":\"https:\\\/\\\/produncan.cl\\\/propiedades\\\/\"},{\"@type\":\"ListItem\",\"position\":3,\"name\":\"Champs\",\"item\":\"https:\\\/\\\/produncan.cl\\\/fr\\\/cat&eacute;gorie\\\/champs\\\/\"},{\"@type\":\"ListItem\",\"position\":4,\"name\":\"Campito Picaflor 6,23 hectares &#8211; Los Muermos, r\u00e9gion des lacs\"}]},{\"@type\":\"WebSite\",\"@id\":\"https:\\\/\\\/produncan.cl\\\/fr\\\/#website\",\"url\":\"https:\\\/\\\/produncan.cl\\\/fr\\\/\",\"name\":\"Produncan\",\"description\":\"Nous vous accompagnons dans votre projet de vie !\",\"publisher\":{\"@id\":\"https:\\\/\\\/produncan.cl\\\/fr\\\/#organization\"},\"potentialAction\":[{\"@type\":\"SearchAction\",\"target\":{\"@type\":\"EntryPoint\",\"urlTemplate\":\"https:\\\/\\\/produncan.cl\\\/fr\\\/?s={search_term_string}\"},\"query-input\":{\"@type\":\"PropertyValueSpecification\",\"valueRequired\":true,\"valueName\":\"search_term_string\"}}],\"inLanguage\":\"fr-FR\"},{\"@type\":\"Organization\",\"@id\":\"https:\\\/\\\/produncan.cl\\\/fr\\\/#organization\",\"name\":\"Produncan\",\"url\":\"https:\\\/\\\/produncan.cl\\\/fr\\\/\",\"logo\":{\"@type\":\"ImageObject\",\"inLanguage\":\"fr-FR\",\"@id\":\"https:\\\/\\\/produncan.cl\\\/fr\\\/#\\\/schema\\\/logo\\\/image\\\/\",\"url\":\"https:\\\/\\\/produncan.cl\\\/wp-content\\\/uploads\\\/2021\\\/03\\\/LOGO.jpeg\",\"contentUrl\":\"https:\\\/\\\/produncan.cl\\\/wp-content\\\/uploads\\\/2021\\\/03\\\/LOGO.jpeg\",\"width\":1280,\"height\":903,\"caption\":\"Produncan\"},\"image\":{\"@id\":\"https:\\\/\\\/produncan.cl\\\/fr\\\/#\\\/schema\\\/logo\\\/image\\\/\"},\"sameAs\":[\"https:\\\/\\\/web.facebook.com\\\/produncanland\",\"https:\\\/\\\/www.instagram.com\\\/pro_duncan\\\/\",\"https:\\\/\\\/www.linkedin.com\\\/company\\\/produncan-lands\\\/\",\"https:\\\/\\\/www.youtube.com\\\/channel\\\/UCu7N-f3x0svkazD-Eew1-QQ\"],\"description\":\"En Produncan somos especialistas en la venta de terrenos en el sur de Chile. Proveemos estancias, campos, parcelas y hoteles.\",\"email\":\"info@produncan.cl\"}]}<\/script>\n<meta property=\"og:video\" content=\"https:\/\/www.youtube.com\/embed\/wydwM-kdIzs\" \/>\n<meta property=\"og:video:type\" content=\"text\/html\" \/>\n<meta property=\"og:video:duration\" content=\"104\" \/>\n<meta property=\"og:video:width\" content=\"480\" \/>\n<meta property=\"og:video:height\" content=\"360\" \/>\n<meta property=\"ya:ovs:adult\" content=\"false\" \/>\n<meta property=\"ya:ovs:upload_date\" content=\"2022-08-05T17:13:20+00:00\" \/>\n<meta property=\"ya:ovs:allow_embed\" content=\"true\" \/>\n<meta property=\"product:price:amount\" content=\"97900.00\" \/>\n<meta property=\"product:price:currency\" content=\"USD\" \/>\n<meta property=\"og:availability\" content=\"instock\" \/>\n<meta property=\"product:availability\" content=\"instock\" \/>\n<meta property=\"product:condition\" content=\"new\" \/>\n<!-- \/ Yoast SEO Premium plugin. -->","yoast_head_json":{"title":"Campito Picafloro - Los Muermos, r\u00e9gion de Los Lagos - Produncan","description":"Petite ferme de 6,23ha avec \u00e9lectricit\u00e9, eau, belle vue et \u00e0 une heure \u00e0 l'ouest de Puerto Varas. La route sera bient\u00f4t asphalt\u00e9e.","robots":{"index":"index","follow":"follow","max-snippet":"max-snippet:-1","max-image-preview":"max-image-preview:large","max-video-preview":"max-video-preview:-1"},"canonical":"https:\/\/produncan.cl\/fr\/produit\/campito-picaflor-623ha-los-muermos-r-de-los-lagos\/","og_locale":"fr_FR","og_type":"article","og_title":"Campito Picaflor 6,23 hectares - Los Muermos, r\u00e9gion des lacs","og_description":"Petite ferme de 6,23ha avec \u00e9lectricit\u00e9, eau, belle vue et \u00e0 une heure \u00e0 l'ouest de Puerto Varas. La route sera bient\u00f4t asphalt\u00e9e.","og_url":"https:\/\/produncan.cl\/fr\/produit\/campito-picaflor-623ha-los-muermos-r-de-los-lagos\/","og_site_name":"Produncan","article_publisher":"https:\/\/web.facebook.com\/produncanland","article_modified_time":"2025-12-26T20:29:21+00:00","og_image":[{"width":600,"height":450,"url":"https:\/\/produncan.cl\/wp-content\/uploads\/2023\/02\/Presentacion-Campito-Picaflor.webp","type":"image\/webp"}],"twitter_card":"summary_large_image","twitter_misc":{"Price":"USD97.900,00","Availability":"In stock"},"schema":{"@context":"https:\/\/schema.org","@graph":[{"@type":"WebPage","@id":"https:\/\/produncan.cl\/fr\/produit\/campito-picaflor-623ha-los-muermos-r-de-los-lagos\/","url":"https:\/\/produncan.cl\/fr\/produit\/campito-picaflor-623ha-los-muermos-r-de-los-lagos\/","name":"Campito Picafloro - Los Muermos, r\u00e9gion de Los Lagos - Produncan","isPartOf":{"@id":"https:\/\/produncan.cl\/fr\/#website"},"primaryImageOfPage":{"@id":"https:\/\/produncan.cl\/fr\/produit\/campito-picaflor-623ha-los-muermos-r-de-los-lagos\/#primaryimage"},"image":{"@id":"https:\/\/produncan.cl\/fr\/produit\/campito-picaflor-623ha-los-muermos-r-de-los-lagos\/#primaryimage"},"thumbnailUrl":"https:\/\/produncan.cl\/wp-content\/uploads\/2023\/02\/Presentacion-Campito-Picaflor.webp","datePublished":"2022-08-05T17:13:20+00:00","dateModified":"2025-12-26T20:29:21+00:00","description":"Petite ferme de 6,23ha avec \u00e9lectricit\u00e9, eau, belle vue et \u00e0 une heure \u00e0 l'ouest de Puerto Varas. La route sera bient\u00f4t asphalt\u00e9e.","breadcrumb":{"@id":"https:\/\/produncan.cl\/fr\/produit\/campito-picaflor-623ha-los-muermos-r-de-los-lagos\/#breadcrumb"},"inLanguage":"fr-FR","potentialAction":[{"@type":"ReadAction","target":["https:\/\/produncan.cl\/fr\/produit\/campito-picaflor-623ha-los-muermos-r-de-los-lagos\/"]}]},{"@type":"ImageObject","inLanguage":"fr-FR","@id":"https:\/\/produncan.cl\/fr\/produit\/campito-picaflor-623ha-los-muermos-r-de-los-lagos\/#primaryimage","url":"https:\/\/produncan.cl\/wp-content\/uploads\/2023\/02\/Presentacion-Campito-Picaflor.webp","contentUrl":"https:\/\/produncan.cl\/wp-content\/uploads\/2023\/02\/Presentacion-Campito-Picaflor.webp","width":600,"height":450},{"@type":"BreadcrumbList","@id":"https:\/\/produncan.cl\/fr\/produit\/campito-picaflor-623ha-los-muermos-r-de-los-lagos\/#breadcrumb","itemListElement":[{"@type":"ListItem","position":1,"name":"Inicio","item":"https:\/\/produncan.cl\/fr\/"},{"@type":"ListItem","position":2,"name":"Propri\u00e9t\u00e9s","item":"https:\/\/produncan.cl\/propiedades\/"},{"@type":"ListItem","position":3,"name":"Champs","item":"https:\/\/produncan.cl\/fr\/cat&eacute;gorie\/champs\/"},{"@type":"ListItem","position":4,"name":"Campito Picaflor 6,23 hectares &#8211; Los Muermos, r\u00e9gion des lacs"}]},{"@type":"WebSite","@id":"https:\/\/produncan.cl\/fr\/#website","url":"https:\/\/produncan.cl\/fr\/","name":"Produncan","description":"Nous vous accompagnons dans votre projet de vie !","publisher":{"@id":"https:\/\/produncan.cl\/fr\/#organization"},"potentialAction":[{"@type":"SearchAction","target":{"@type":"EntryPoint","urlTemplate":"https:\/\/produncan.cl\/fr\/?s={search_term_string}"},"query-input":{"@type":"PropertyValueSpecification","valueRequired":true,"valueName":"search_term_string"}}],"inLanguage":"fr-FR"},{"@type":"Organization","@id":"https:\/\/produncan.cl\/fr\/#organization","name":"Produncan","url":"https:\/\/produncan.cl\/fr\/","logo":{"@type":"ImageObject","inLanguage":"fr-FR","@id":"https:\/\/produncan.cl\/fr\/#\/schema\/logo\/image\/","url":"https:\/\/produncan.cl\/wp-content\/uploads\/2021\/03\/LOGO.jpeg","contentUrl":"https:\/\/produncan.cl\/wp-content\/uploads\/2021\/03\/LOGO.jpeg","width":1280,"height":903,"caption":"Produncan"},"image":{"@id":"https:\/\/produncan.cl\/fr\/#\/schema\/logo\/image\/"},"sameAs":["https:\/\/web.facebook.com\/produncanland","https:\/\/www.instagram.com\/pro_duncan\/","https:\/\/www.linkedin.com\/company\/produncan-lands\/","https:\/\/www.youtube.com\/channel\/UCu7N-f3x0svkazD-Eew1-QQ"],"description":"En Produncan somos especialistas en la venta de terrenos en el sur de Chile. Proveemos estancias, campos, parcelas y hoteles.","email":"info@produncan.cl"}]},"og_video":"https:\/\/www.youtube.com\/embed\/wydwM-kdIzs","og_video_type":"text\/html","og_video_duration":"104","og_video_width":"480","og_video_height":"360","ya_ovs_adult":"false","ya_ovs_upload_date":"2022-08-05T17:13:20+00:00","ya_ovs_allow_embed":"true","product_price_amount":"97900.00","product_price_currency":"USD","og_availability":"instock","product_availability":"instock","product_condition":"new"},"_links":{"self":[{"href":"https:\/\/produncan.cl\/fr\/wp-json\/wp\/v2\/product\/13838","targetHints":{"allow":["GET"]}}],"collection":[{"href":"https:\/\/produncan.cl\/fr\/wp-json\/wp\/v2\/product"}],"about":[{"href":"https:\/\/produncan.cl\/fr\/wp-json\/wp\/v2\/types\/product"}],"version-history":[{"count":2,"href":"https:\/\/produncan.cl\/fr\/wp-json\/wp\/v2\/product\/13838\/revisions"}],"predecessor-version":[{"id":54255,"href":"https:\/\/produncan.cl\/fr\/wp-json\/wp\/v2\/product\/13838\/revisions\/54255"}],"wp:featuredmedia":[{"embeddable":true,"href":"https:\/\/produncan.cl\/fr\/wp-json\/wp\/v2\/media\/11703"}],"wp:attachment":[{"href":"https:\/\/produncan.cl\/fr\/wp-json\/wp\/v2\/media?parent=13838"}],"wp:term":[{"taxonomy":"product_brand","embeddable":true,"href":"https:\/\/produncan.cl\/fr\/wp-json\/wp\/v2\/product_brand?post=13838"},{"taxonomy":"product_cat","embeddable":true,"href":"https:\/\/produncan.cl\/fr\/wp-json\/wp\/v2\/product_cat?post=13838"},{"taxonomy":"product_tag","embeddable":true,"href":"https:\/\/produncan.cl\/fr\/wp-json\/wp\/v2\/product_tag?post=13838"},{"taxonomy":"regiones","embeddable":true,"href":"https:\/\/produncan.cl\/fr\/wp-json\/wp\/v2\/regiones?post=13838"},{"taxonomy":"ciudades","embeddable":true,"href":"https:\/\/produncan.cl\/fr\/wp-json\/wp\/v2\/ciudades?post=13838"}],"curies":[{"name":"wp","href":"https:\/\/api.w.org\/{rel}","templated":true}]}}