{"id":14069,"date":"2024-04-06T15:46:59","date_gmt":"2024-04-06T18:46:59","guid":{"rendered":"https:\/\/produncan.cl\/producto\/estancia-el-morro-laguna-blanca-magallanes\/"},"modified":"2026-03-16T09:35:19","modified_gmt":"2026-03-16T12:35:19","slug":"estancia-el-morro-laguna-blanca-magallanes","status":"publish","type":"product","link":"https:\/\/produncan.cl\/fr\/produit\/estancia-el-morro-laguna-blanca-magallanes\/","title":{"rendered":"Estancia El Morro &#8211; Laguna Blanca, Magallanes"},"content":{"rendered":"\t\t<div data-elementor-type=\"product-post\" data-elementor-id=\"14069\" class=\"elementor elementor-14069 elementor-13903\" data-elementor-post-type=\"product\">\n\t\t\t\t<div class=\"elementor-element elementor-element-663adbd e-flex e-con-boxed e-con e-parent\" data-id=\"663adbd\" data-element_type=\"container\" data-e-type=\"container\" data-settings=\"{&quot;jet_parallax_layout_list&quot;:[]}\">\n\t\t\t\t\t<div class=\"e-con-inner\">\n\t\t\t\t<div class=\"elementor-element elementor-element-8f4427e elementor-widget elementor-widget-heading\" data-id=\"8f4427e\" data-element_type=\"widget\" data-e-type=\"widget\" data-widget_type=\"heading.default\">\n\t\t\t\t\t<h2 class=\"elementor-heading-title elementor-size-default\">Bienvenue dans l'Estancia de vos r\u00eaves !<\/h2>\t\t\t\t<\/div>\n\t\t\t\t\t<\/div>\n\t\t\t\t<\/div>\n\t\t<div class=\"elementor-element elementor-element-8437332 e-flex e-con-boxed e-con e-parent\" data-id=\"8437332\" data-element_type=\"container\" data-e-type=\"container\" data-settings=\"{&quot;jet_parallax_layout_list&quot;:[]}\">\n\t\t\t\t\t<div class=\"e-con-inner\">\n\t\t\t\t<div class=\"elementor-element elementor-element-c8162ba elementor-widget elementor-widget-text-editor\" data-id=\"c8162ba\" data-element_type=\"widget\" data-e-type=\"widget\" data-widget_type=\"text-editor.default\">\n\t\t\t\t\t\t\t\t\t<p>Cette magnifique estancia magellanique a une superficie totale de 4788,28 ha, est accessible directement par une route pav\u00e9e et dispose de toutes les installations.<\/p>\n<p><span style=\"color: var( --e-global-color-text ); font-family: var( --e-global-typography-text-font-family ), Sans-serif; font-weight: var( --e-global-typography-text-font-weight ); text-align: var(--text-align);\">La propri\u00e9t\u00e9 est aliment\u00e9e en \u00e9lectricit\u00e9 par un moteur \u00e0 p\u00e9trole et en gaz subventionn\u00e9, l&#8217;eau est fournie par un puits profond qui fournit 2 litres par seconde et qui est cl\u00f4tur\u00e9 pour la gestion des animaux.<\/span><\/p>\n<p><span style=\"color: var( --e-global-color-text ); font-family: var( --e-global-typography-text-font-family ), Sans-serif; font-weight: var( --e-global-typography-text-font-weight ); text-align: var(--text-align);\">La propri\u00e9t\u00e9 comprend plusieurs b\u00e2timents, dont une belle maison de ma\u00eetre de 226m\u00b2 avec 3 chambres, 2 salles de bains, un salon, une cuisine, un cellier et un bureau. Vous y trouverez \u00e9galement une confortable maison d&#8217;ouvriers de 120m\u00b2, des \u00e9curies de 68m\u00b2, un hangar de tonte de 500m\u00b2 et un entrep\u00f4t de 67m\u00b2.<\/span><\/p>\n<p><span style=\"color: var( --e-global-color-text ); font-family: var( --e-global-typography-text-font-family ), Sans-serif; font-weight: var( --e-global-typography-text-font-weight ); text-align: var(--text-align);\">La propri\u00e9t\u00e9 pr\u00e9sente une topographie unique, caract\u00e9ris\u00e9e par une plaine ondul\u00e9e avec des prairies dans les basses terres, quelques collines basses et un ruisseau qui traverse l&#8217;estancia.<\/span><\/p>\n<p><span style=\"color: var( --e-global-color-text ); font-family: var( --e-global-typography-text-font-family ), Sans-serif; font-weight: var( --e-global-typography-text-font-weight ); text-align: var(--text-align);\">En outre, sa flore et sa faune sont impressionnantes, avec principalement des arbres \u00d1ire, lenga et coigue, et une grande vari\u00e9t\u00e9 d&#8217;animaux tels que les tatous, les li\u00e8vres, les renards chilla, les renards culpeo, les chingues de Patagonie, les pumas et une grande vari\u00e9t\u00e9 d&#8217;oiseaux.<\/span><\/p>\n<p><span style=\"color: var( --e-global-color-text ); font-family: var( --e-global-typography-text-font-family ), Sans-serif; font-weight: var( --e-global-typography-text-font-weight ); text-align: var(--text-align);\">Le climat est froid et sec, ce qui signifie que les pr\u00e9cipitations et l&#8217;humidit\u00e9 sont faibles.<\/span><\/p>\n<p><span style=\"color: var( --e-global-color-text ); font-family: var( --e-global-typography-text-font-family ), Sans-serif; font-weight: var( --e-global-typography-text-font-weight ); text-align: var(--text-align);\">La propri\u00e9t\u00e9 est situ\u00e9e dans la commune de Laguna Blanca et est accessible par une route pav\u00e9e reliant Punta Arenas et Puerto Natales. Il se trouve \u00e9galement \u00e0 proximit\u00e9 de l&#8217;Estancia San Lucas, du restaurant Rubens, de l&#8217;h\u00f4tel Caja Compensaci\u00f3n de Los Andes et du mus\u00e9e de la famille Kusanovic.<\/span><\/p>\n<p><span style=\"color: var( --e-global-color-text ); font-family: var( --e-global-typography-text-font-family ), Sans-serif; font-weight: var( --e-global-typography-text-font-weight ); text-align: var(--text-align);\">L&#8217;a\u00e9roport de Punta Arenas n&#8217;est qu&#8217;\u00e0 2 heures de route. L&#8217;estancia<\/span> <span style=\"color: var( --e-global-color-text ); font-family: var( --e-global-typography-text-font-family ), Sans-serif; font-weight: var( --e-global-typography-text-font-weight ); text-align: var(--text-align);\">est accessible par les transports publics et dispose d&#8217;un signal de t\u00e9l\u00e9communication. L&#8217;estancia est accessible par les transports publics et dispose d&#8217;un signal de t\u00e9l\u00e9communications.<\/span><\/p>\n<p><span style=\"color: var( --e-global-color-text ); font-family: var( --e-global-typography-text-font-family ), Sans-serif; font-weight: var( --e-global-typography-text-font-weight ); text-align: var(--text-align);\">Son prix est de 4 000 000 000 000 $.<\/span><\/p>\n<p><span style=\"color: var( --e-global-color-text ); font-family: var( --e-global-typography-text-font-family ), Sans-serif; font-weight: var( --e-global-typography-text-font-weight ); text-align: var(--text-align);\">Ne manquez pas cette opportunit\u00e9 de vivre dans un paradis naturel et de profiter de tout ce que la Patagonie a \u00e0 offrir ! Organisez une visite d\u00e8s aujourd&#8217;hui !<\/span><\/p>\n\t\t\t\t\t\t\t\t<\/div>\n\t\t\t\t\t<\/div>\n\t\t\t\t<\/div>\n\t\t\t\t<\/div>\n\t\t","protected":false},"excerpt":{"rendered":"<p>Estancia avec des plaines vallonn\u00e9es entre Punta Arenas et Puerto Natales, juste \u00e0 la sortie de la route 9. La maison de ferme, la maison des ouvriers, les hangars de tonte, le hangar de tonte et le puits profond.<\/p>\n","protected":false},"featured_media":35434,"template":"","meta":{"_acf_changed":false},"product_brand":[],"product_cat":[129],"product_tag":[233,238],"regiones":[225],"ciudades":[211],"class_list":{"0":"post-14069","1":"product","2":"type-product","3":"status-publish","4":"has-post-thumbnail","6":"product_cat-aysen-magallanes-fr","7":"product_tag-champs","8":"product_tag-champs-de-conservation","9":"regiones-aysen-magallanes","10":"ciudades-punta-arenas","12":"first","13":"outofstock","14":"sold-individually","15":"shipping-taxable","16":"product-type-simple"},"acf":[],"yoast_head":"<!-- This site is optimized with the Yoast SEO Premium plugin v26.0 (Yoast SEO v27.3) - https:\/\/yoast.com\/product\/yoast-seo-premium-wordpress\/ -->\n<title>Estancia El Morro - Laguna Blanca, Magallanes - Produncan<\/title>\n<meta name=\"description\" content=\"D\u00e9couvrez l&#039;estancia de vos r\u00eaves en Patagonie chilienne. D&#039;une superficie de 4788,28ha, cette propri\u00e9t\u00e9 offre un manoir de 226m\u00b2.\" \/>\n<meta name=\"robots\" content=\"index, follow, max-snippet:-1, max-image-preview:large, max-video-preview:-1\" \/>\n<link rel=\"canonical\" href=\"https:\/\/produncan.cl\/fr\/produit\/estancia-el-morro-laguna-blanca-magallanes\/\" \/>\n<meta property=\"og:locale\" content=\"fr_FR\" \/>\n<meta property=\"og:type\" content=\"article\" \/>\n<meta property=\"og:title\" content=\"Estancia El Morro - Laguna Blanca, Magallanes\" \/>\n<meta property=\"og:description\" content=\"D\u00e9couvrez l&#039;estancia de vos r\u00eaves en Patagonie chilienne. D&#039;une superficie de 4788,28ha, cette propri\u00e9t\u00e9 offre un manoir de 226m\u00b2.\" \/>\n<meta property=\"og:url\" content=\"https:\/\/produncan.cl\/fr\/produit\/estancia-el-morro-laguna-blanca-magallanes\/\" \/>\n<meta property=\"og:site_name\" content=\"Produncan\" \/>\n<meta property=\"article:publisher\" content=\"https:\/\/web.facebook.com\/produncanland\" \/>\n<meta property=\"article:modified_time\" content=\"2026-03-16T12:35:19+00:00\" \/>\n<meta property=\"og:image\" content=\"https:\/\/produncan.cl\/wp-content\/uploads\/2023\/04\/Estancia-El-Morro-Vendido.jpg\" \/>\n\t<meta property=\"og:image:width\" content=\"600\" \/>\n\t<meta property=\"og:image:height\" content=\"450\" \/>\n\t<meta property=\"og:image:type\" content=\"image\/jpeg\" \/>\n<meta name=\"twitter:card\" content=\"summary_large_image\" \/>\n<meta name=\"twitter:label1\" content=\"Price\" \/>\n\t<meta name=\"twitter:data1\" content=\"\" \/>\n\t<meta name=\"twitter:label2\" content=\"Availability\" \/>\n\t<meta name=\"twitter:data2\" content=\"Out of stock\" \/>\n<script type=\"application\/ld+json\" class=\"yoast-schema-graph\">{\"@context\":\"https:\\\/\\\/schema.org\",\"@graph\":[{\"@type\":\"WebPage\",\"@id\":\"https:\\\/\\\/produncan.cl\\\/fr\\\/produit\\\/estancia-el-morro-laguna-blanca-magallanes\\\/\",\"url\":\"https:\\\/\\\/produncan.cl\\\/fr\\\/produit\\\/estancia-el-morro-laguna-blanca-magallanes\\\/\",\"name\":\"Estancia El Morro - Laguna Blanca, Magallanes - Produncan\",\"isPartOf\":{\"@id\":\"https:\\\/\\\/produncan.cl\\\/fr\\\/#website\"},\"primaryImageOfPage\":{\"@id\":\"https:\\\/\\\/produncan.cl\\\/fr\\\/produit\\\/estancia-el-morro-laguna-blanca-magallanes\\\/#primaryimage\"},\"image\":{\"@id\":\"https:\\\/\\\/produncan.cl\\\/fr\\\/produit\\\/estancia-el-morro-laguna-blanca-magallanes\\\/#primaryimage\"},\"thumbnailUrl\":\"https:\\\/\\\/produncan.cl\\\/wp-content\\\/uploads\\\/2023\\\/04\\\/Estancia-El-Morro-Vendido.jpg\",\"datePublished\":\"2024-04-06T18:46:59+00:00\",\"dateModified\":\"2026-03-16T12:35:19+00:00\",\"description\":\"D\u00e9couvrez l'estancia de vos r\u00eaves en Patagonie chilienne. D'une superficie de 4788,28ha, cette propri\u00e9t\u00e9 offre un manoir de 226m\u00b2.\",\"breadcrumb\":{\"@id\":\"https:\\\/\\\/produncan.cl\\\/fr\\\/produit\\\/estancia-el-morro-laguna-blanca-magallanes\\\/#breadcrumb\"},\"inLanguage\":\"fr-FR\",\"potentialAction\":[{\"@type\":\"ReadAction\",\"target\":[\"https:\\\/\\\/produncan.cl\\\/fr\\\/produit\\\/estancia-el-morro-laguna-blanca-magallanes\\\/\"]}]},{\"@type\":\"ImageObject\",\"inLanguage\":\"fr-FR\",\"@id\":\"https:\\\/\\\/produncan.cl\\\/fr\\\/produit\\\/estancia-el-morro-laguna-blanca-magallanes\\\/#primaryimage\",\"url\":\"https:\\\/\\\/produncan.cl\\\/wp-content\\\/uploads\\\/2023\\\/04\\\/Estancia-El-Morro-Vendido.jpg\",\"contentUrl\":\"https:\\\/\\\/produncan.cl\\\/wp-content\\\/uploads\\\/2023\\\/04\\\/Estancia-El-Morro-Vendido.jpg\",\"width\":600,\"height\":450},{\"@type\":\"BreadcrumbList\",\"@id\":\"https:\\\/\\\/produncan.cl\\\/fr\\\/produit\\\/estancia-el-morro-laguna-blanca-magallanes\\\/#breadcrumb\",\"itemListElement\":[{\"@type\":\"ListItem\",\"position\":1,\"name\":\"Inicio\",\"item\":\"https:\\\/\\\/produncan.cl\\\/fr\\\/\"},{\"@type\":\"ListItem\",\"position\":2,\"name\":\"Propri\u00e9t\u00e9s\",\"item\":\"https:\\\/\\\/produncan.cl\\\/propiedades\\\/\"},{\"@type\":\"ListItem\",\"position\":3,\"name\":\"Champs\",\"item\":\"https:\\\/\\\/produncan.cl\\\/fr\\\/cat&eacute;gorie\\\/champs\\\/\"},{\"@type\":\"ListItem\",\"position\":4,\"name\":\"Estancia El Morro &#8211; Laguna Blanca, Magallanes\"}]},{\"@type\":\"WebSite\",\"@id\":\"https:\\\/\\\/produncan.cl\\\/fr\\\/#website\",\"url\":\"https:\\\/\\\/produncan.cl\\\/fr\\\/\",\"name\":\"Produncan\",\"description\":\"Nous vous accompagnons dans votre projet de vie !\",\"publisher\":{\"@id\":\"https:\\\/\\\/produncan.cl\\\/fr\\\/#organization\"},\"potentialAction\":[{\"@type\":\"SearchAction\",\"target\":{\"@type\":\"EntryPoint\",\"urlTemplate\":\"https:\\\/\\\/produncan.cl\\\/fr\\\/?s={search_term_string}\"},\"query-input\":{\"@type\":\"PropertyValueSpecification\",\"valueRequired\":true,\"valueName\":\"search_term_string\"}}],\"inLanguage\":\"fr-FR\"},{\"@type\":\"Organization\",\"@id\":\"https:\\\/\\\/produncan.cl\\\/fr\\\/#organization\",\"name\":\"Produncan\",\"url\":\"https:\\\/\\\/produncan.cl\\\/fr\\\/\",\"logo\":{\"@type\":\"ImageObject\",\"inLanguage\":\"fr-FR\",\"@id\":\"https:\\\/\\\/produncan.cl\\\/fr\\\/#\\\/schema\\\/logo\\\/image\\\/\",\"url\":\"https:\\\/\\\/produncan.cl\\\/wp-content\\\/uploads\\\/2021\\\/03\\\/LOGO.jpeg\",\"contentUrl\":\"https:\\\/\\\/produncan.cl\\\/wp-content\\\/uploads\\\/2021\\\/03\\\/LOGO.jpeg\",\"width\":1280,\"height\":903,\"caption\":\"Produncan\"},\"image\":{\"@id\":\"https:\\\/\\\/produncan.cl\\\/fr\\\/#\\\/schema\\\/logo\\\/image\\\/\"},\"sameAs\":[\"https:\\\/\\\/web.facebook.com\\\/produncanland\",\"https:\\\/\\\/www.instagram.com\\\/pro_duncan\\\/\",\"https:\\\/\\\/www.linkedin.com\\\/company\\\/produncan-lands\\\/\",\"https:\\\/\\\/www.youtube.com\\\/channel\\\/UCu7N-f3x0svkazD-Eew1-QQ\"],\"description\":\"En Produncan somos especialistas en la venta de terrenos en el sur de Chile. Proveemos estancias, campos, parcelas y hoteles.\",\"email\":\"info@produncan.cl\"}]}<\/script>\n<meta property=\"og:video\" content=\"https:\/\/www.youtube.com\/embed\/n4JWN9_7jvQ\" \/>\n<meta property=\"og:video:type\" content=\"text\/html\" \/>\n<meta property=\"og:video:duration\" content=\"103\" \/>\n<meta property=\"og:video:width\" content=\"480\" \/>\n<meta property=\"og:video:height\" content=\"360\" \/>\n<meta property=\"ya:ovs:adult\" content=\"false\" \/>\n<meta property=\"ya:ovs:upload_date\" content=\"2024-04-06T18:46:59+00:00\" \/>\n<meta property=\"ya:ovs:allow_embed\" content=\"true\" \/>\n<meta property=\"product:price:currency\" content=\"USD\" \/>\n<meta property=\"og:availability\" content=\"out of stock\" \/>\n<meta property=\"product:availability\" content=\"out of stock\" \/>\n<meta property=\"product:condition\" content=\"new\" \/>\n<!-- \/ Yoast SEO Premium plugin. -->","yoast_head_json":{"title":"Estancia El Morro - Laguna Blanca, Magallanes - Produncan","description":"D\u00e9couvrez l'estancia de vos r\u00eaves en Patagonie chilienne. D'une superficie de 4788,28ha, cette propri\u00e9t\u00e9 offre un manoir de 226m\u00b2.","robots":{"index":"index","follow":"follow","max-snippet":"max-snippet:-1","max-image-preview":"max-image-preview:large","max-video-preview":"max-video-preview:-1"},"canonical":"https:\/\/produncan.cl\/fr\/produit\/estancia-el-morro-laguna-blanca-magallanes\/","og_locale":"fr_FR","og_type":"article","og_title":"Estancia El Morro - Laguna Blanca, Magallanes","og_description":"D\u00e9couvrez l'estancia de vos r\u00eaves en Patagonie chilienne. D'une superficie de 4788,28ha, cette propri\u00e9t\u00e9 offre un manoir de 226m\u00b2.","og_url":"https:\/\/produncan.cl\/fr\/produit\/estancia-el-morro-laguna-blanca-magallanes\/","og_site_name":"Produncan","article_publisher":"https:\/\/web.facebook.com\/produncanland","article_modified_time":"2026-03-16T12:35:19+00:00","og_image":[{"width":600,"height":450,"url":"https:\/\/produncan.cl\/wp-content\/uploads\/2023\/04\/Estancia-El-Morro-Vendido.jpg","type":"image\/jpeg"}],"twitter_card":"summary_large_image","twitter_misc":{"Price":"","Availability":"Out of stock"},"schema":{"@context":"https:\/\/schema.org","@graph":[{"@type":"WebPage","@id":"https:\/\/produncan.cl\/fr\/produit\/estancia-el-morro-laguna-blanca-magallanes\/","url":"https:\/\/produncan.cl\/fr\/produit\/estancia-el-morro-laguna-blanca-magallanes\/","name":"Estancia El Morro - Laguna Blanca, Magallanes - Produncan","isPartOf":{"@id":"https:\/\/produncan.cl\/fr\/#website"},"primaryImageOfPage":{"@id":"https:\/\/produncan.cl\/fr\/produit\/estancia-el-morro-laguna-blanca-magallanes\/#primaryimage"},"image":{"@id":"https:\/\/produncan.cl\/fr\/produit\/estancia-el-morro-laguna-blanca-magallanes\/#primaryimage"},"thumbnailUrl":"https:\/\/produncan.cl\/wp-content\/uploads\/2023\/04\/Estancia-El-Morro-Vendido.jpg","datePublished":"2024-04-06T18:46:59+00:00","dateModified":"2026-03-16T12:35:19+00:00","description":"D\u00e9couvrez l'estancia de vos r\u00eaves en Patagonie chilienne. D'une superficie de 4788,28ha, cette propri\u00e9t\u00e9 offre un manoir de 226m\u00b2.","breadcrumb":{"@id":"https:\/\/produncan.cl\/fr\/produit\/estancia-el-morro-laguna-blanca-magallanes\/#breadcrumb"},"inLanguage":"fr-FR","potentialAction":[{"@type":"ReadAction","target":["https:\/\/produncan.cl\/fr\/produit\/estancia-el-morro-laguna-blanca-magallanes\/"]}]},{"@type":"ImageObject","inLanguage":"fr-FR","@id":"https:\/\/produncan.cl\/fr\/produit\/estancia-el-morro-laguna-blanca-magallanes\/#primaryimage","url":"https:\/\/produncan.cl\/wp-content\/uploads\/2023\/04\/Estancia-El-Morro-Vendido.jpg","contentUrl":"https:\/\/produncan.cl\/wp-content\/uploads\/2023\/04\/Estancia-El-Morro-Vendido.jpg","width":600,"height":450},{"@type":"BreadcrumbList","@id":"https:\/\/produncan.cl\/fr\/produit\/estancia-el-morro-laguna-blanca-magallanes\/#breadcrumb","itemListElement":[{"@type":"ListItem","position":1,"name":"Inicio","item":"https:\/\/produncan.cl\/fr\/"},{"@type":"ListItem","position":2,"name":"Propri\u00e9t\u00e9s","item":"https:\/\/produncan.cl\/propiedades\/"},{"@type":"ListItem","position":3,"name":"Champs","item":"https:\/\/produncan.cl\/fr\/cat&eacute;gorie\/champs\/"},{"@type":"ListItem","position":4,"name":"Estancia El Morro &#8211; Laguna Blanca, Magallanes"}]},{"@type":"WebSite","@id":"https:\/\/produncan.cl\/fr\/#website","url":"https:\/\/produncan.cl\/fr\/","name":"Produncan","description":"Nous vous accompagnons dans votre projet de vie !","publisher":{"@id":"https:\/\/produncan.cl\/fr\/#organization"},"potentialAction":[{"@type":"SearchAction","target":{"@type":"EntryPoint","urlTemplate":"https:\/\/produncan.cl\/fr\/?s={search_term_string}"},"query-input":{"@type":"PropertyValueSpecification","valueRequired":true,"valueName":"search_term_string"}}],"inLanguage":"fr-FR"},{"@type":"Organization","@id":"https:\/\/produncan.cl\/fr\/#organization","name":"Produncan","url":"https:\/\/produncan.cl\/fr\/","logo":{"@type":"ImageObject","inLanguage":"fr-FR","@id":"https:\/\/produncan.cl\/fr\/#\/schema\/logo\/image\/","url":"https:\/\/produncan.cl\/wp-content\/uploads\/2021\/03\/LOGO.jpeg","contentUrl":"https:\/\/produncan.cl\/wp-content\/uploads\/2021\/03\/LOGO.jpeg","width":1280,"height":903,"caption":"Produncan"},"image":{"@id":"https:\/\/produncan.cl\/fr\/#\/schema\/logo\/image\/"},"sameAs":["https:\/\/web.facebook.com\/produncanland","https:\/\/www.instagram.com\/pro_duncan\/","https:\/\/www.linkedin.com\/company\/produncan-lands\/","https:\/\/www.youtube.com\/channel\/UCu7N-f3x0svkazD-Eew1-QQ"],"description":"En Produncan somos especialistas en la venta de terrenos en el sur de Chile. Proveemos estancias, campos, parcelas y hoteles.","email":"info@produncan.cl"}]},"og_video":"https:\/\/www.youtube.com\/embed\/n4JWN9_7jvQ","og_video_type":"text\/html","og_video_duration":"103","og_video_width":"480","og_video_height":"360","ya_ovs_adult":"false","ya_ovs_upload_date":"2024-04-06T18:46:59+00:00","ya_ovs_allow_embed":"true","product_price_currency":"USD","og_availability":"out of stock","product_availability":"out of stock","product_condition":"new"},"_links":{"self":[{"href":"https:\/\/produncan.cl\/fr\/wp-json\/wp\/v2\/product\/14069","targetHints":{"allow":["GET"]}}],"collection":[{"href":"https:\/\/produncan.cl\/fr\/wp-json\/wp\/v2\/product"}],"about":[{"href":"https:\/\/produncan.cl\/fr\/wp-json\/wp\/v2\/types\/product"}],"version-history":[{"count":3,"href":"https:\/\/produncan.cl\/fr\/wp-json\/wp\/v2\/product\/14069\/revisions"}],"predecessor-version":[{"id":54951,"href":"https:\/\/produncan.cl\/fr\/wp-json\/wp\/v2\/product\/14069\/revisions\/54951"}],"wp:featuredmedia":[{"embeddable":true,"href":"https:\/\/produncan.cl\/fr\/wp-json\/wp\/v2\/media\/35434"}],"wp:attachment":[{"href":"https:\/\/produncan.cl\/fr\/wp-json\/wp\/v2\/media?parent=14069"}],"wp:term":[{"taxonomy":"product_brand","embeddable":true,"href":"https:\/\/produncan.cl\/fr\/wp-json\/wp\/v2\/product_brand?post=14069"},{"taxonomy":"product_cat","embeddable":true,"href":"https:\/\/produncan.cl\/fr\/wp-json\/wp\/v2\/product_cat?post=14069"},{"taxonomy":"product_tag","embeddable":true,"href":"https:\/\/produncan.cl\/fr\/wp-json\/wp\/v2\/product_tag?post=14069"},{"taxonomy":"regiones","embeddable":true,"href":"https:\/\/produncan.cl\/fr\/wp-json\/wp\/v2\/regiones?post=14069"},{"taxonomy":"ciudades","embeddable":true,"href":"https:\/\/produncan.cl\/fr\/wp-json\/wp\/v2\/ciudades?post=14069"}],"curies":[{"name":"wp","href":"https:\/\/api.w.org\/{rel}","templated":true}]}}