{"id":14241,"date":"2024-05-14T11:45:11","date_gmt":"2024-05-14T15:45:11","guid":{"rendered":"https:\/\/produncan.cl\/producto\/ferme-talingotinto-36ha-region-de-los-rios\/"},"modified":"2025-12-17T14:09:44","modified_gmt":"2025-12-17T17:09:44","slug":"ferme-talingotinto-36ha-region-de-los-rios","status":"publish","type":"product","link":"https:\/\/produncan.cl\/fr\/produit\/ferme-talingotinto-36ha-region-de-los-rios\/","title":{"rendered":"Terrain avec maison \u00e0 La Uni\u00f3n &#8211; R\u00e9gion de Los R\u00edos"},"content":{"rendered":"\t\t<div data-elementor-type=\"product-post\" data-elementor-id=\"14241\" class=\"elementor elementor-14241 elementor-13989\" data-elementor-post-type=\"product\">\n\t\t\t\t<div class=\"elementor-element elementor-element-4dabd16 e-flex e-con-boxed e-con e-parent\" data-id=\"4dabd16\" data-element_type=\"container\" data-e-type=\"container\" data-settings=\"{&quot;jet_parallax_layout_list&quot;:[]}\">\n\t\t\t\t\t<div class=\"e-con-inner\">\n\t\t\t\t<div class=\"elementor-element elementor-element-7b884a3 elementor-widget elementor-widget-heading\" data-id=\"7b884a3\" data-element_type=\"widget\" data-e-type=\"widget\" data-widget_type=\"heading.default\">\n\t\t\t\t\t<h2 class=\"elementor-heading-title elementor-size-default\">Spectaculaire propri\u00e9t\u00e9 de campagne avec maison \u00e0 10 minutes de La Uni\u00f3n ! Anciennement UF16920 Maintenant UF13422 <\/h2>\t\t\t\t<\/div>\n\t\t\t\t\t<\/div>\n\t\t\t\t<\/div>\n\t\t<div class=\"elementor-element elementor-element-f32182d e-flex e-con-boxed e-con e-parent\" data-id=\"f32182d\" data-element_type=\"container\" data-e-type=\"container\" data-settings=\"{&quot;jet_parallax_layout_list&quot;:[]}\">\n\t\t\t\t\t<div class=\"e-con-inner\">\n\t\t\t\t<div class=\"elementor-element elementor-element-d1e2718 elementor-widget elementor-widget-text-editor\" data-id=\"d1e2718\" data-element_type=\"widget\" data-e-type=\"widget\" data-widget_type=\"text-editor.default\">\n\t\t\t\t\t\t\t\t\t<p>Nous vous pr\u00e9sentons cette spectaculaire propri\u00e9t\u00e9 rurale d&#8217; une superficie de 10,5 hectares.<\/p><p>Il comprend une maison principale spectaculaire, un cottage confortable et une maison d&#8217;ouvrier \u00e0 l&#8217;entr\u00e9e de la propri\u00e9t\u00e9. Il dispose \u00e9galement d&#8217;une \u00e9table pour les animaux.<\/p><p>La maison principale a une architecture moderne et des mat\u00e9riaux de qualit\u00e9. Elle a une surface habitable de 237 m\u00b2 et est r\u00e9partie sur 3 \u00e9tages. Il dispose \u00e9galement de 3 chambres et 3 salles de bains, dont une en suite, dressing, salon, salle \u00e0 manger, cuisine ouverte, bureau, salon, parking ferm\u00e9, buanderie, cave, une grande terrasse avec bain \u00e0 remous, canil et bien plus encore.<\/p><p>La ferme avec maison de La Uni\u00f3n dispose de deux puits de 5 et 9 m\u00e8tres de profondeur enregistr\u00e9s aupr\u00e8s du service des eaux, qui fournissent de l&#8217;eau pour la consommation animale et humaine tout au long de l&#8217;ann\u00e9e, ainsi que d&#8217;une source qui peut \u00eatre exploit\u00e9e et pour laquelle toutes les \u00e9tudes ont \u00e9t\u00e9 r\u00e9alis\u00e9es. Il y a \u00e9galement de l&#8217;eau potable en milieu rural (APR).<\/p><p>Il dispose \u00e9galement de l&#8217;\u00e9lectricit\u00e9 et d&#8217;un bon signal de t\u00e9l\u00e9communications.<\/p><p>La topographie du paysage est constitu\u00e9e de zones de relief doux et offre une vue privil\u00e9gi\u00e9e sur les volcans.<\/p><p>Le terrain est enti\u00e8rement cl\u00f4tur\u00e9 sur le pourtour avec des cl\u00f4tures pour animaux et un portail d&#8217;acc\u00e8s m\u00e9tallique t\u00e9l\u00e9command\u00e9.<\/p><p>Le terrain dispose \u00e9galement d&#8217;un syst\u00e8me d&#8217;irrigation \u00e0 partir d&#8217;un \u00e9tang vers le parc avec hydro-pack, arrosant tous les arbres du parc et le jardin de la maison.<\/p><p>La propri\u00e9t\u00e9 compte un grand nombre d&#8217;arbres et de plantes, tels que des pins, des eucalyptus, des coig\u00fces, des saules, des pommiers, des cognassiers, des poiriers, des p\u00eachers, des ch\u00e2taigniers, des parrons, des pruniers, des noyers, des murta, des acer japonica, des sapins et des pins d&#8217;ornement, entre autres.<\/p><p>La faune locale comprend des li\u00e8vres, des tiuques, des sentiers, des grives et des colibris ;<\/p><p>La route menant au camp est asphalt\u00e9e. Depuis l&#8217;a\u00e9roport d&#8217;Osorno, il faut compter environ 45 minutes et des transports publics sont disponibles.<\/p><p>Les attractions \u00e0 proximit\u00e9 comprennent la zone humide de Trumao, le m\u00e9l\u00e8ze c\u00f4tier, Hueicoya sur la plage, La Barra et La Union.<\/p><p>Contactez-nous pour obtenir tous les d\u00e9tails de cette propri\u00e9t\u00e9 spectaculaire. Ne manquez pas l&#8217;occasion de vivre dans la maison de vos r\u00eaves !<\/p>\t\t\t\t\t\t\t\t<\/div>\n\t\t\t\t\t<\/div>\n\t\t\t\t<\/div>\n\t\t\t\t<\/div>\n\t\t","protected":false},"excerpt":{"rendered":"<p>Terrain \u00e0 La Uni\u00f3n, \u00e0 10 minutes de la ville. Maison moderne de 237 m\u00b2, cabane, \u00e9table, maison de gardien, eau potable, 2 norias enregistr\u00e9es aupr\u00e8s de la DGA, sources, \u00e9lectricit\u00e9 souterraine, verger et acc\u00e8s asphalt\u00e9. <\/p>\n","protected":false},"featured_media":35654,"template":"","meta":{"_acf_changed":false},"product_brand":[],"product_cat":[113],"product_tag":[233,237],"regiones":[226],"ciudades":[215],"class_list":{"0":"post-14241","1":"product","2":"type-product","3":"status-publish","4":"has-post-thumbnail","6":"product_cat-ohiggins-los-lagos-fr","7":"product_tag-champs","8":"product_tag-proprietes-touristiques","9":"regiones-nuble-los_lagos","10":"ciudades-la-union","12":"first","13":"instock","14":"featured","15":"shipping-taxable","16":"purchasable","17":"product-type-simple"},"acf":[],"yoast_head":"<!-- This site is optimized with the Yoast SEO Premium plugin v26.0 (Yoast SEO v27.3) - https:\/\/yoast.com\/product\/yoast-seo-premium-wordpress\/ -->\n<title>Terrain avec maison \u00e0 La Uni\u00f3n - R\u00e9gion de Los R\u00edos - Produncan<\/title>\n<meta name=\"description\" content=\"10,5 hectares de terrain dans la r\u00e9gion de Los Rios, \u00e0 10 minutes de La Union. Maison, chalet, \u00e9curie, eau potable, sources, \u00e9lectricit\u00e9 et acc\u00e8s asphalt\u00e9.\" \/>\n<meta name=\"robots\" content=\"index, follow, max-snippet:-1, max-image-preview:large, max-video-preview:-1\" \/>\n<link rel=\"canonical\" href=\"https:\/\/produncan.cl\/fr\/produit\/ferme-talingotinto-36ha-region-de-los-rios\/\" \/>\n<meta property=\"og:locale\" content=\"fr_FR\" \/>\n<meta property=\"og:type\" content=\"article\" \/>\n<meta property=\"og:title\" content=\"Terrain avec maison \u00e0 La Uni\u00f3n - R\u00e9gion de Los R\u00edos\" \/>\n<meta property=\"og:description\" content=\"10,5 hectares de terrain dans la r\u00e9gion de Los Rios, \u00e0 10 minutes de La Union. Maison, chalet, \u00e9curie, eau potable, sources, \u00e9lectricit\u00e9 et acc\u00e8s asphalt\u00e9.\" \/>\n<meta property=\"og:url\" content=\"https:\/\/produncan.cl\/fr\/produit\/ferme-talingotinto-36ha-region-de-los-rios\/\" \/>\n<meta property=\"og:site_name\" content=\"Produncan\" \/>\n<meta property=\"article:publisher\" content=\"https:\/\/web.facebook.com\/produncanland\" \/>\n<meta property=\"article:modified_time\" content=\"2025-12-17T17:09:44+00:00\" \/>\n<meta property=\"og:image\" content=\"https:\/\/produncan.cl\/wp-content\/uploads\/2023\/04\/Portada-Campo-Talingotinto-1.webp\" \/>\n<meta name=\"twitter:card\" content=\"summary_large_image\" \/>\n<meta name=\"twitter:label1\" content=\"Price\" \/>\n\t<meta name=\"twitter:data1\" content=\"USD576.200,00\" \/>\n\t<meta name=\"twitter:label2\" content=\"Availability\" \/>\n\t<meta name=\"twitter:data2\" content=\"In stock\" \/>\n<script type=\"application\/ld+json\" class=\"yoast-schema-graph\">{\"@context\":\"https:\\\/\\\/schema.org\",\"@graph\":[{\"@type\":\"WebPage\",\"@id\":\"https:\\\/\\\/produncan.cl\\\/fr\\\/produit\\\/ferme-talingotinto-36ha-region-de-los-rios\\\/\",\"url\":\"https:\\\/\\\/produncan.cl\\\/fr\\\/produit\\\/ferme-talingotinto-36ha-region-de-los-rios\\\/\",\"name\":\"Terrain avec maison \u00e0 La Uni\u00f3n - R\u00e9gion de Los R\u00edos - Produncan\",\"isPartOf\":{\"@id\":\"https:\\\/\\\/produncan.cl\\\/fr\\\/#website\"},\"primaryImageOfPage\":{\"@id\":\"https:\\\/\\\/produncan.cl\\\/fr\\\/produit\\\/ferme-talingotinto-36ha-region-de-los-rios\\\/#primaryimage\"},\"image\":{\"@id\":\"https:\\\/\\\/produncan.cl\\\/fr\\\/produit\\\/ferme-talingotinto-36ha-region-de-los-rios\\\/#primaryimage\"},\"thumbnailUrl\":\"https:\\\/\\\/produncan.cl\\\/wp-content\\\/uploads\\\/2024\\\/05\\\/Campito-La-Union.webp\",\"datePublished\":\"2024-05-14T15:45:11+00:00\",\"dateModified\":\"2025-12-17T17:09:44+00:00\",\"description\":\"10,5 hectares de terrain dans la r\u00e9gion de Los Rios, \u00e0 10 minutes de La Union. Maison, chalet, \u00e9curie, eau potable, sources, \u00e9lectricit\u00e9 et acc\u00e8s asphalt\u00e9.\",\"breadcrumb\":{\"@id\":\"https:\\\/\\\/produncan.cl\\\/fr\\\/produit\\\/ferme-talingotinto-36ha-region-de-los-rios\\\/#breadcrumb\"},\"inLanguage\":\"fr-FR\",\"potentialAction\":[{\"@type\":\"ReadAction\",\"target\":[\"https:\\\/\\\/produncan.cl\\\/fr\\\/produit\\\/ferme-talingotinto-36ha-region-de-los-rios\\\/\"]}]},{\"@type\":\"ImageObject\",\"inLanguage\":\"fr-FR\",\"@id\":\"https:\\\/\\\/produncan.cl\\\/fr\\\/produit\\\/ferme-talingotinto-36ha-region-de-los-rios\\\/#primaryimage\",\"url\":\"https:\\\/\\\/produncan.cl\\\/wp-content\\\/uploads\\\/2024\\\/05\\\/Campito-La-Union.webp\",\"contentUrl\":\"https:\\\/\\\/produncan.cl\\\/wp-content\\\/uploads\\\/2024\\\/05\\\/Campito-La-Union.webp\",\"width\":600,\"height\":450,\"caption\":\"Union europ\u00e9enne\"},{\"@type\":\"BreadcrumbList\",\"@id\":\"https:\\\/\\\/produncan.cl\\\/fr\\\/produit\\\/ferme-talingotinto-36ha-region-de-los-rios\\\/#breadcrumb\",\"itemListElement\":[{\"@type\":\"ListItem\",\"position\":1,\"name\":\"Inicio\",\"item\":\"https:\\\/\\\/produncan.cl\\\/fr\\\/\"},{\"@type\":\"ListItem\",\"position\":2,\"name\":\"Propri\u00e9t\u00e9s\",\"item\":\"https:\\\/\\\/produncan.cl\\\/propiedades\\\/\"},{\"@type\":\"ListItem\",\"position\":3,\"name\":\"Champs\",\"item\":\"https:\\\/\\\/produncan.cl\\\/fr\\\/cat&eacute;gorie\\\/champs\\\/\"},{\"@type\":\"ListItem\",\"position\":4,\"name\":\"Terrain avec maison \u00e0 La Uni\u00f3n &#8211; R\u00e9gion de Los R\u00edos\"}]},{\"@type\":\"WebSite\",\"@id\":\"https:\\\/\\\/produncan.cl\\\/fr\\\/#website\",\"url\":\"https:\\\/\\\/produncan.cl\\\/fr\\\/\",\"name\":\"Produncan\",\"description\":\"Nous vous accompagnons dans votre projet de vie !\",\"publisher\":{\"@id\":\"https:\\\/\\\/produncan.cl\\\/fr\\\/#organization\"},\"potentialAction\":[{\"@type\":\"SearchAction\",\"target\":{\"@type\":\"EntryPoint\",\"urlTemplate\":\"https:\\\/\\\/produncan.cl\\\/fr\\\/?s={search_term_string}\"},\"query-input\":{\"@type\":\"PropertyValueSpecification\",\"valueRequired\":true,\"valueName\":\"search_term_string\"}}],\"inLanguage\":\"fr-FR\"},{\"@type\":\"Organization\",\"@id\":\"https:\\\/\\\/produncan.cl\\\/fr\\\/#organization\",\"name\":\"Produncan\",\"url\":\"https:\\\/\\\/produncan.cl\\\/fr\\\/\",\"logo\":{\"@type\":\"ImageObject\",\"inLanguage\":\"fr-FR\",\"@id\":\"https:\\\/\\\/produncan.cl\\\/fr\\\/#\\\/schema\\\/logo\\\/image\\\/\",\"url\":\"https:\\\/\\\/produncan.cl\\\/wp-content\\\/uploads\\\/2021\\\/03\\\/LOGO.jpeg\",\"contentUrl\":\"https:\\\/\\\/produncan.cl\\\/wp-content\\\/uploads\\\/2021\\\/03\\\/LOGO.jpeg\",\"width\":1280,\"height\":903,\"caption\":\"Produncan\"},\"image\":{\"@id\":\"https:\\\/\\\/produncan.cl\\\/fr\\\/#\\\/schema\\\/logo\\\/image\\\/\"},\"sameAs\":[\"https:\\\/\\\/web.facebook.com\\\/produncanland\",\"https:\\\/\\\/www.instagram.com\\\/pro_duncan\\\/\",\"https:\\\/\\\/www.linkedin.com\\\/company\\\/produncan-lands\\\/\",\"https:\\\/\\\/www.youtube.com\\\/channel\\\/UCu7N-f3x0svkazD-Eew1-QQ\"],\"description\":\"En Produncan somos especialistas en la venta de terrenos en el sur de Chile. Proveemos estancias, campos, parcelas y hoteles.\",\"email\":\"info@produncan.cl\"}]}<\/script>\n<meta property=\"og:video\" content=\"https:\/\/www.youtube.com\/embed\/3HT6vJ3Vj-E\" \/>\n<meta property=\"og:video:type\" content=\"text\/html\" \/>\n<meta property=\"og:video:duration\" content=\"109\" \/>\n<meta property=\"og:video:width\" content=\"480\" \/>\n<meta property=\"og:video:height\" content=\"270\" \/>\n<meta property=\"ya:ovs:adult\" content=\"false\" \/>\n<meta property=\"ya:ovs:upload_date\" content=\"2024-05-14T15:45:11+00:00\" \/>\n<meta property=\"ya:ovs:allow_embed\" content=\"true\" \/>\n<meta property=\"product:price:amount\" content=\"576200.00\" \/>\n<meta property=\"product:price:currency\" content=\"USD\" \/>\n<meta property=\"og:availability\" content=\"instock\" \/>\n<meta property=\"product:availability\" content=\"instock\" \/>\n<meta property=\"product:condition\" content=\"new\" \/>\n<!-- \/ Yoast SEO Premium plugin. -->","yoast_head_json":{"title":"Terrain avec maison \u00e0 La Uni\u00f3n - R\u00e9gion de Los R\u00edos - Produncan","description":"10,5 hectares de terrain dans la r\u00e9gion de Los Rios, \u00e0 10 minutes de La Union. Maison, chalet, \u00e9curie, eau potable, sources, \u00e9lectricit\u00e9 et acc\u00e8s asphalt\u00e9.","robots":{"index":"index","follow":"follow","max-snippet":"max-snippet:-1","max-image-preview":"max-image-preview:large","max-video-preview":"max-video-preview:-1"},"canonical":"https:\/\/produncan.cl\/fr\/produit\/ferme-talingotinto-36ha-region-de-los-rios\/","og_locale":"fr_FR","og_type":"article","og_title":"Terrain avec maison \u00e0 La Uni\u00f3n - R\u00e9gion de Los R\u00edos","og_description":"10,5 hectares de terrain dans la r\u00e9gion de Los Rios, \u00e0 10 minutes de La Union. Maison, chalet, \u00e9curie, eau potable, sources, \u00e9lectricit\u00e9 et acc\u00e8s asphalt\u00e9.","og_url":"https:\/\/produncan.cl\/fr\/produit\/ferme-talingotinto-36ha-region-de-los-rios\/","og_site_name":"Produncan","article_publisher":"https:\/\/web.facebook.com\/produncanland","article_modified_time":"2025-12-17T17:09:44+00:00","og_image":[{"url":"https:\/\/produncan.cl\/wp-content\/uploads\/2023\/04\/Portada-Campo-Talingotinto-1.webp","type":"","width":"","height":""}],"twitter_card":"summary_large_image","twitter_misc":{"Price":"USD576.200,00","Availability":"In stock"},"schema":{"@context":"https:\/\/schema.org","@graph":[{"@type":"WebPage","@id":"https:\/\/produncan.cl\/fr\/produit\/ferme-talingotinto-36ha-region-de-los-rios\/","url":"https:\/\/produncan.cl\/fr\/produit\/ferme-talingotinto-36ha-region-de-los-rios\/","name":"Terrain avec maison \u00e0 La Uni\u00f3n - R\u00e9gion de Los R\u00edos - Produncan","isPartOf":{"@id":"https:\/\/produncan.cl\/fr\/#website"},"primaryImageOfPage":{"@id":"https:\/\/produncan.cl\/fr\/produit\/ferme-talingotinto-36ha-region-de-los-rios\/#primaryimage"},"image":{"@id":"https:\/\/produncan.cl\/fr\/produit\/ferme-talingotinto-36ha-region-de-los-rios\/#primaryimage"},"thumbnailUrl":"https:\/\/produncan.cl\/wp-content\/uploads\/2024\/05\/Campito-La-Union.webp","datePublished":"2024-05-14T15:45:11+00:00","dateModified":"2025-12-17T17:09:44+00:00","description":"10,5 hectares de terrain dans la r\u00e9gion de Los Rios, \u00e0 10 minutes de La Union. Maison, chalet, \u00e9curie, eau potable, sources, \u00e9lectricit\u00e9 et acc\u00e8s asphalt\u00e9.","breadcrumb":{"@id":"https:\/\/produncan.cl\/fr\/produit\/ferme-talingotinto-36ha-region-de-los-rios\/#breadcrumb"},"inLanguage":"fr-FR","potentialAction":[{"@type":"ReadAction","target":["https:\/\/produncan.cl\/fr\/produit\/ferme-talingotinto-36ha-region-de-los-rios\/"]}]},{"@type":"ImageObject","inLanguage":"fr-FR","@id":"https:\/\/produncan.cl\/fr\/produit\/ferme-talingotinto-36ha-region-de-los-rios\/#primaryimage","url":"https:\/\/produncan.cl\/wp-content\/uploads\/2024\/05\/Campito-La-Union.webp","contentUrl":"https:\/\/produncan.cl\/wp-content\/uploads\/2024\/05\/Campito-La-Union.webp","width":600,"height":450,"caption":"Union europ\u00e9enne"},{"@type":"BreadcrumbList","@id":"https:\/\/produncan.cl\/fr\/produit\/ferme-talingotinto-36ha-region-de-los-rios\/#breadcrumb","itemListElement":[{"@type":"ListItem","position":1,"name":"Inicio","item":"https:\/\/produncan.cl\/fr\/"},{"@type":"ListItem","position":2,"name":"Propri\u00e9t\u00e9s","item":"https:\/\/produncan.cl\/propiedades\/"},{"@type":"ListItem","position":3,"name":"Champs","item":"https:\/\/produncan.cl\/fr\/cat&eacute;gorie\/champs\/"},{"@type":"ListItem","position":4,"name":"Terrain avec maison \u00e0 La Uni\u00f3n &#8211; R\u00e9gion de Los R\u00edos"}]},{"@type":"WebSite","@id":"https:\/\/produncan.cl\/fr\/#website","url":"https:\/\/produncan.cl\/fr\/","name":"Produncan","description":"Nous vous accompagnons dans votre projet de vie !","publisher":{"@id":"https:\/\/produncan.cl\/fr\/#organization"},"potentialAction":[{"@type":"SearchAction","target":{"@type":"EntryPoint","urlTemplate":"https:\/\/produncan.cl\/fr\/?s={search_term_string}"},"query-input":{"@type":"PropertyValueSpecification","valueRequired":true,"valueName":"search_term_string"}}],"inLanguage":"fr-FR"},{"@type":"Organization","@id":"https:\/\/produncan.cl\/fr\/#organization","name":"Produncan","url":"https:\/\/produncan.cl\/fr\/","logo":{"@type":"ImageObject","inLanguage":"fr-FR","@id":"https:\/\/produncan.cl\/fr\/#\/schema\/logo\/image\/","url":"https:\/\/produncan.cl\/wp-content\/uploads\/2021\/03\/LOGO.jpeg","contentUrl":"https:\/\/produncan.cl\/wp-content\/uploads\/2021\/03\/LOGO.jpeg","width":1280,"height":903,"caption":"Produncan"},"image":{"@id":"https:\/\/produncan.cl\/fr\/#\/schema\/logo\/image\/"},"sameAs":["https:\/\/web.facebook.com\/produncanland","https:\/\/www.instagram.com\/pro_duncan\/","https:\/\/www.linkedin.com\/company\/produncan-lands\/","https:\/\/www.youtube.com\/channel\/UCu7N-f3x0svkazD-Eew1-QQ"],"description":"En Produncan somos especialistas en la venta de terrenos en el sur de Chile. Proveemos estancias, campos, parcelas y hoteles.","email":"info@produncan.cl"}]},"og_video":"https:\/\/www.youtube.com\/embed\/3HT6vJ3Vj-E","og_video_type":"text\/html","og_video_duration":"109","og_video_width":"480","og_video_height":"270","ya_ovs_adult":"false","ya_ovs_upload_date":"2024-05-14T15:45:11+00:00","ya_ovs_allow_embed":"true","product_price_amount":"576200.00","product_price_currency":"USD","og_availability":"instock","product_availability":"instock","product_condition":"new"},"_links":{"self":[{"href":"https:\/\/produncan.cl\/fr\/wp-json\/wp\/v2\/product\/14241","targetHints":{"allow":["GET"]}}],"collection":[{"href":"https:\/\/produncan.cl\/fr\/wp-json\/wp\/v2\/product"}],"about":[{"href":"https:\/\/produncan.cl\/fr\/wp-json\/wp\/v2\/types\/product"}],"version-history":[{"count":2,"href":"https:\/\/produncan.cl\/fr\/wp-json\/wp\/v2\/product\/14241\/revisions"}],"predecessor-version":[{"id":53376,"href":"https:\/\/produncan.cl\/fr\/wp-json\/wp\/v2\/product\/14241\/revisions\/53376"}],"wp:featuredmedia":[{"embeddable":true,"href":"https:\/\/produncan.cl\/fr\/wp-json\/wp\/v2\/media\/35654"}],"wp:attachment":[{"href":"https:\/\/produncan.cl\/fr\/wp-json\/wp\/v2\/media?parent=14241"}],"wp:term":[{"taxonomy":"product_brand","embeddable":true,"href":"https:\/\/produncan.cl\/fr\/wp-json\/wp\/v2\/product_brand?post=14241"},{"taxonomy":"product_cat","embeddable":true,"href":"https:\/\/produncan.cl\/fr\/wp-json\/wp\/v2\/product_cat?post=14241"},{"taxonomy":"product_tag","embeddable":true,"href":"https:\/\/produncan.cl\/fr\/wp-json\/wp\/v2\/product_tag?post=14241"},{"taxonomy":"regiones","embeddable":true,"href":"https:\/\/produncan.cl\/fr\/wp-json\/wp\/v2\/regiones?post=14241"},{"taxonomy":"ciudades","embeddable":true,"href":"https:\/\/produncan.cl\/fr\/wp-json\/wp\/v2\/ciudades?post=14241"}],"curies":[{"name":"wp","href":"https:\/\/api.w.org\/{rel}","templated":true}]}}