{"id":14548,"date":"2023-04-28T18:09:23","date_gmt":"2023-04-28T22:09:23","guid":{"rendered":"https:\/\/produncan.cl\/producto\/campito-lago-rupanco-puyehue-r-de-los-lagos\/"},"modified":"2025-12-04T17:17:23","modified_gmt":"2025-12-04T20:17:23","slug":"campito-lago-rupanco-puyehue-r-de-los-lagos","status":"publish","type":"product","link":"https:\/\/produncan.cl\/fr\/produit\/campito-lago-rupanco-puyehue-r-de-los-lagos\/","title":{"rendered":"Campagne \u00e0 Puyehue &#8211; Lac Rupanco, R\u00e9gion des lacs"},"content":{"rendered":"\t\t<div data-elementor-type=\"product-post\" data-elementor-id=\"14548\" class=\"elementor elementor-14548 elementor-14342\" data-elementor-post-type=\"product\">\n\t\t\t\t<div class=\"elementor-element elementor-element-a8ae1b8 e-flex e-con-boxed e-con e-parent\" data-id=\"a8ae1b8\" data-element_type=\"container\" data-e-type=\"container\" data-settings=\"{&quot;jet_parallax_layout_list&quot;:[]}\">\n\t\t\t\t\t<div class=\"e-con-inner\">\n\t\t\t\t<div class=\"elementor-element elementor-element-86f44a4 elementor-widget elementor-widget-heading\" data-id=\"86f44a4\" data-element_type=\"widget\" data-e-type=\"widget\" data-widget_type=\"heading.default\">\n\t\t\t\t\t<h2 class=\"elementor-heading-title elementor-size-default\">Bienvenue dans un campito avec une vue magnifique sur le lac Rupanco et la Cordill\u00e8re !<\/h2>\t\t\t\t<\/div>\n\t\t\t\t\t<\/div>\n\t\t\t\t<\/div>\n\t\t<div class=\"elementor-element elementor-element-1653669 e-flex e-con-boxed e-con e-parent\" data-id=\"1653669\" data-element_type=\"container\" data-e-type=\"container\" data-settings=\"{&quot;jet_parallax_layout_list&quot;:[]}\">\n\t\t\t\t\t<div class=\"e-con-inner\">\n\t\t\t\t<div class=\"elementor-element elementor-element-397237e elementor-widget elementor-widget-text-editor\" data-id=\"397237e\" data-element_type=\"widget\" data-e-type=\"widget\" data-widget_type=\"text-editor.default\">\n\t\t\t\t\t\t\t\t\t<p>Situ\u00e9 au bord du magnifique lac Rupanco, dans la commune de Puyehue, ce terrain de 6 hectares attend ceux qui souhaitent \u00eatre entour\u00e9s d&#8217;un paysage de r\u00eave et profiter d&#8217;un environnement paisible et vierge.<\/p>\n<p><span style=\"text-align: var(--text-align);\">Ce champ \u00e0 Puyehue, Osorno<\/span><span style=\"color: var( --e-global-color-text ); font-family: var( --e-global-typography-text-font-family ), Sans-serif; font-weight: var( --e-global-typography-text-font-weight ); text-align: var(--text-align);\">&nbsp;dispose d&#8217;une belle maison construite en 2018, pratiquement inutilis\u00e9e, avec 80m\u00b2 de surface utilisable et 100m\u00b2 au total. Il se compose d&#8217;un grand salon, d&#8217;une cuisine ouverte int\u00e9gr\u00e9e au salon, d&#8217;une grande chambre, d&#8217;une salle de bains, d&#8217;une loggia et d&#8217;une terrasse de 20m\u00b2. La maison est orient\u00e9e \u00e0 l&#8217;ouest, ce qui permet de profiter de magnifiques couchers de soleil ;<\/span><\/p>\n<p><span style=\"color: var( --e-global-color-text ); font-family: var( --e-global-typography-text-font-family ), Sans-serif; font-weight: var( --e-global-typography-text-font-weight ); text-align: var(--text-align);\">En outre, la propri\u00e9t\u00e9 dispose d&#8217;une cave de 15m\u00b2.<\/span><\/p>\n<p>Le campito est compos\u00e9 \u00e0 75 % d&#8217;arbres indig\u00e8nes et \u00e0 25 % de prairies, avec une grande vari\u00e9t\u00e9 de flore et de faune locales. La propri\u00e9t\u00e9 est travers\u00e9e par une rivi\u00e8re, deux ruisseaux et plusieurs sources, ce qui garantit un approvisionnement constant en eau. L&#8217;\u00e9lectricit\u00e9 est souterraine, le signal t\u00e9l\u00e9phonique est bon et, d&#8217;ici un \u00e0 deux ans, la propri\u00e9t\u00e9 sera raccord\u00e9e \u00e0 l&#8217;eau potable rurale (APR).<\/p>\n<p><span style=\"color: var( --e-global-color-text ); font-family: var( --e-global-typography-text-font-family ), Sans-serif; font-weight: var( --e-global-typography-text-font-weight ); text-align: var(--text-align);\">Dans la partie sup\u00e9rieure de la propri\u00e9t\u00e9, d&#8217;o\u00f9 passe le chemin rural et o\u00f9 l&#8217;on acc\u00e8de, il y a une l\u00e9g\u00e8re pente avec des secteurs plats et d\u00e9gag\u00e9s ; Dans la partie inf\u00e9rieure du terrain, o\u00f9 la rivi\u00e8re se croise, les 200 derniers m\u00e8tres pr\u00e9sentent un relief accident\u00e9.<\/span><\/p>\n<p><span style=\"color: var( --e-global-color-text ); font-family: var( --e-global-typography-text-font-family ), Sans-serif; font-weight: var( --e-global-typography-text-font-weight ); text-align: var(--text-align);\">La propri\u00e9t\u00e9 est situ\u00e9e \u00e0 4,7 kilom\u00e8tres du tarmac et est tr\u00e8s bien desservie, \u00e0 seulement 50 minutes de l&#8217;a\u00e9roport d&#8217;Osorno et \u00e0 20-25 minutes d&#8217;Entre Lagos, la ville la plus proche. L&#8217;acc\u00e8s se fait par une route de gravier en bon \u00e9tat, qui sera asphalt\u00e9e dans quelques ann\u00e9es. Des transports publics sont disponibles sur la route goudronn\u00e9e, et sporadiquement devant la maison.<\/span><\/p>\n<p><span style=\"color: var( --e-global-color-text ); font-family: var( --e-global-typography-text-font-family ), Sans-serif; font-weight: var( --e-global-typography-text-font-weight ); text-align: var(--text-align);\">El Campito jouit d&#8217;un climat temp\u00e9r\u00e9 et pluvieux, avec des temp\u00e9ratures variant entre 10\u00b0C et 25\u00b0C en \u00e9t\u00e9 et entre 2\u00b0C et 15\u00b0C en hiver. La propri\u00e9t\u00e9 est situ\u00e9e juste en dessous de l&#8217;isotherme 0\u00b0, ce qui signifie qu&#8217;il ne tombe que peu ou pas de neige.<\/span><\/p>\n<p><span style=\"color: var( --e-global-color-text ); font-family: var( --e-global-typography-text-font-family ), Sans-serif; font-weight: var( --e-global-typography-text-font-weight ); text-align: var(--text-align);\">Dans les environs, vous pourrez profiter d&#8217;un grand nombre d&#8217;attractions telles que le lac Rupanco, le lac El Palmar, les sources chaudes de Puyehue, le centre de ski Antillanca, Salt\u00f3 del calzoncillo, le lac Puyehue et la Villa La Angostura, entre autres.<\/span><\/p>\n<p><span style=\"color: var( --e-global-color-text ); font-family: var( --e-global-typography-text-font-family ), Sans-serif; font-weight: var( --e-global-typography-text-font-weight ); text-align: var(--text-align);\">Cette propri\u00e9t\u00e9 est disponible pour 235 000 000 $ et offre une opportunit\u00e9 unique d&#8217;acqu\u00e9rir un terrain dans une r\u00e9serve de biosph\u00e8re, ce qui emp\u00eache l&#8217;exploitation foresti\u00e8re dans les environs.<\/span><\/p>\n<p><span style=\"color: var( --e-global-color-text ); font-family: var( --e-global-typography-text-font-family ), Sans-serif; font-weight: var( --e-global-typography-text-font-weight ); text-align: var(--text-align);\">Ne manquez pas l&#8217;occasion de faire de ce petit camp votre maison dans la nature !<\/span><\/p>\t\t\t\t\t\t\t\t<\/div>\n\t\t\t\t\t<\/div>\n\t\t\t\t<\/div>\n\t\t\t\t<\/div>\n\t\t","protected":false},"excerpt":{"rendered":"<p>Ferme \u00e0 Puyehue, Osorno, avec maison moderne. Vue en hauteur sur le lac Rupanco, les prairies, la for\u00eat indig\u00e8ne, la rivi\u00e8re et les marais. \u00c9lectricit\u00e9 et eau potable APR. 4,7kms de l&#8217;asphalte.<\/p>\n","protected":false},"featured_media":14347,"template":"","meta":{"_acf_changed":false},"product_brand":[],"product_cat":[113],"product_tag":[236],"regiones":[226],"ciudades":[217],"class_list":{"0":"post-14548","1":"product","2":"type-product","3":"status-publish","4":"has-post-thumbnail","6":"product_cat-ohiggins-los-lagos-fr","7":"product_tag-parcelles","8":"regiones-nuble-los_lagos","9":"ciudades-osorno","11":"first","12":"instock","13":"shipping-taxable","14":"purchasable","15":"product-type-simple"},"acf":[],"yoast_head":"<!-- This site is optimized with the Yoast SEO Premium plugin v26.0 (Yoast SEO v27.4) - https:\/\/yoast.com\/product\/yoast-seo-premium-wordpress\/ -->\n<title>Campagne \u00e0 Puyehue - Lac Rupanco, R\u00e9gion des lacs - Produncan<\/title>\n<meta name=\"description\" content=\"Le paysage du Lago Rupanco : un endroit idyllique pour profiter de la nature dans le sud du Chili. Avec 6 hectares, for\u00eat fluviale for\u00eat, \u00e9lectricit\u00e9 et APR.\" \/>\n<meta name=\"robots\" content=\"index, follow, max-snippet:-1, max-image-preview:large, max-video-preview:-1\" \/>\n<link rel=\"canonical\" href=\"https:\/\/produncan.cl\/fr\/produit\/campito-lago-rupanco-puyehue-r-de-los-lagos\/\" \/>\n<meta property=\"og:locale\" content=\"fr_FR\" \/>\n<meta property=\"og:type\" content=\"article\" \/>\n<meta property=\"og:title\" content=\"Campagne \u00e0 Puyehue - Lac Rupanco, R\u00e9gion des lacs\" \/>\n<meta property=\"og:description\" content=\"Le paysage du Lago Rupanco : un endroit idyllique pour profiter de la nature dans le sud du Chili. Avec 6 hectares, for\u00eat fluviale for\u00eat, \u00e9lectricit\u00e9 et APR.\" \/>\n<meta property=\"og:url\" content=\"https:\/\/produncan.cl\/fr\/produit\/campito-lago-rupanco-puyehue-r-de-los-lagos\/\" \/>\n<meta property=\"og:site_name\" content=\"Produncan\" \/>\n<meta property=\"article:publisher\" content=\"https:\/\/web.facebook.com\/produncanland\" \/>\n<meta property=\"article:modified_time\" content=\"2025-12-04T20:17:23+00:00\" \/>\n<meta property=\"og:image\" content=\"https:\/\/produncan.cl\/wp-content\/uploads\/2023\/04\/Presentacion-Campito-Lago-Rupanco.webp\" \/>\n<meta name=\"twitter:card\" content=\"summary_large_image\" \/>\n<meta name=\"twitter:label1\" content=\"Price\" \/>\n\t<meta name=\"twitter:data1\" content=\"USD263.000,00\" \/>\n\t<meta name=\"twitter:label2\" content=\"Availability\" \/>\n\t<meta name=\"twitter:data2\" content=\"In stock\" \/>\n<script type=\"application\/ld+json\" class=\"yoast-schema-graph\">{\"@context\":\"https:\\\/\\\/schema.org\",\"@graph\":[{\"@type\":\"WebPage\",\"@id\":\"https:\\\/\\\/produncan.cl\\\/fr\\\/produit\\\/campito-lago-rupanco-puyehue-r-de-los-lagos\\\/\",\"url\":\"https:\\\/\\\/produncan.cl\\\/fr\\\/produit\\\/campito-lago-rupanco-puyehue-r-de-los-lagos\\\/\",\"name\":\"Campagne \u00e0 Puyehue - Lac Rupanco, R\u00e9gion des lacs - Produncan\",\"isPartOf\":{\"@id\":\"https:\\\/\\\/produncan.cl\\\/fr\\\/#website\"},\"primaryImageOfPage\":{\"@id\":\"https:\\\/\\\/produncan.cl\\\/fr\\\/produit\\\/campito-lago-rupanco-puyehue-r-de-los-lagos\\\/#primaryimage\"},\"image\":{\"@id\":\"https:\\\/\\\/produncan.cl\\\/fr\\\/produit\\\/campito-lago-rupanco-puyehue-r-de-los-lagos\\\/#primaryimage\"},\"thumbnailUrl\":\"https:\\\/\\\/produncan.cl\\\/wp-content\\\/uploads\\\/2023\\\/04\\\/Presentacion-Campito-Lago-Rupanco.webp\",\"datePublished\":\"2023-04-28T22:09:23+00:00\",\"dateModified\":\"2025-12-04T20:17:23+00:00\",\"description\":\"Le paysage du Lago Rupanco : un endroit idyllique pour profiter de la nature dans le sud du Chili. Avec 6 hectares, for\u00eat fluviale for\u00eat, \u00e9lectricit\u00e9 et APR.\",\"breadcrumb\":{\"@id\":\"https:\\\/\\\/produncan.cl\\\/fr\\\/produit\\\/campito-lago-rupanco-puyehue-r-de-los-lagos\\\/#breadcrumb\"},\"inLanguage\":\"fr-FR\",\"potentialAction\":[{\"@type\":\"ReadAction\",\"target\":[\"https:\\\/\\\/produncan.cl\\\/fr\\\/produit\\\/campito-lago-rupanco-puyehue-r-de-los-lagos\\\/\"]}]},{\"@type\":\"ImageObject\",\"inLanguage\":\"fr-FR\",\"@id\":\"https:\\\/\\\/produncan.cl\\\/fr\\\/produit\\\/campito-lago-rupanco-puyehue-r-de-los-lagos\\\/#primaryimage\",\"url\":\"https:\\\/\\\/produncan.cl\\\/wp-content\\\/uploads\\\/2023\\\/04\\\/Presentacion-Campito-Lago-Rupanco.webp\",\"contentUrl\":\"https:\\\/\\\/produncan.cl\\\/wp-content\\\/uploads\\\/2023\\\/04\\\/Presentacion-Campito-Lago-Rupanco.webp\",\"width\":600,\"height\":450},{\"@type\":\"BreadcrumbList\",\"@id\":\"https:\\\/\\\/produncan.cl\\\/fr\\\/produit\\\/campito-lago-rupanco-puyehue-r-de-los-lagos\\\/#breadcrumb\",\"itemListElement\":[{\"@type\":\"ListItem\",\"position\":1,\"name\":\"Inicio\",\"item\":\"https:\\\/\\\/produncan.cl\\\/fr\\\/\"},{\"@type\":\"ListItem\",\"position\":2,\"name\":\"Propri\u00e9t\u00e9s\",\"item\":\"https:\\\/\\\/produncan.cl\\\/propiedades\\\/\"},{\"@type\":\"ListItem\",\"position\":3,\"name\":\"Parcelles\",\"item\":\"https:\\\/\\\/produncan.cl\\\/fr\\\/cat&eacute;gorie\\\/parcelles\\\/\"},{\"@type\":\"ListItem\",\"position\":4,\"name\":\"Campagne \u00e0 Puyehue &#8211; Lac Rupanco, R\u00e9gion des lacs\"}]},{\"@type\":\"WebSite\",\"@id\":\"https:\\\/\\\/produncan.cl\\\/fr\\\/#website\",\"url\":\"https:\\\/\\\/produncan.cl\\\/fr\\\/\",\"name\":\"Produncan\",\"description\":\"Nous vous accompagnons dans votre projet de vie !\",\"publisher\":{\"@id\":\"https:\\\/\\\/produncan.cl\\\/fr\\\/#organization\"},\"potentialAction\":[{\"@type\":\"SearchAction\",\"target\":{\"@type\":\"EntryPoint\",\"urlTemplate\":\"https:\\\/\\\/produncan.cl\\\/fr\\\/?s={search_term_string}\"},\"query-input\":{\"@type\":\"PropertyValueSpecification\",\"valueRequired\":true,\"valueName\":\"search_term_string\"}}],\"inLanguage\":\"fr-FR\"},{\"@type\":\"Organization\",\"@id\":\"https:\\\/\\\/produncan.cl\\\/fr\\\/#organization\",\"name\":\"Produncan\",\"url\":\"https:\\\/\\\/produncan.cl\\\/fr\\\/\",\"logo\":{\"@type\":\"ImageObject\",\"inLanguage\":\"fr-FR\",\"@id\":\"https:\\\/\\\/produncan.cl\\\/fr\\\/#\\\/schema\\\/logo\\\/image\\\/\",\"url\":\"https:\\\/\\\/produncan.cl\\\/wp-content\\\/uploads\\\/2021\\\/03\\\/LOGO.jpeg\",\"contentUrl\":\"https:\\\/\\\/produncan.cl\\\/wp-content\\\/uploads\\\/2021\\\/03\\\/LOGO.jpeg\",\"width\":1280,\"height\":903,\"caption\":\"Produncan\"},\"image\":{\"@id\":\"https:\\\/\\\/produncan.cl\\\/fr\\\/#\\\/schema\\\/logo\\\/image\\\/\"},\"sameAs\":[\"https:\\\/\\\/web.facebook.com\\\/produncanland\",\"https:\\\/\\\/www.instagram.com\\\/pro_duncan\\\/\",\"https:\\\/\\\/www.linkedin.com\\\/company\\\/produncan-lands\\\/\",\"https:\\\/\\\/www.youtube.com\\\/channel\\\/UCu7N-f3x0svkazD-Eew1-QQ\"],\"description\":\"En Produncan somos especialistas en la venta de terrenos en el sur de Chile. Proveemos estancias, campos, parcelas y hoteles.\",\"email\":\"info@produncan.cl\"}]}<\/script>\n<meta property=\"og:video\" content=\"https:\/\/www.youtube.com\/embed\/_Eja5wDTSig\" \/>\n<meta property=\"og:video:type\" content=\"text\/html\" \/>\n<meta property=\"og:video:duration\" content=\"115\" \/>\n<meta property=\"og:video:width\" content=\"480\" \/>\n<meta property=\"og:video:height\" content=\"360\" \/>\n<meta property=\"ya:ovs:adult\" content=\"false\" \/>\n<meta property=\"ya:ovs:upload_date\" content=\"2023-04-28T22:09:23+00:00\" \/>\n<meta property=\"ya:ovs:allow_embed\" content=\"true\" \/>\n<meta property=\"product:price:amount\" content=\"263000.00\" \/>\n<meta property=\"product:price:currency\" content=\"USD\" \/>\n<meta property=\"og:availability\" content=\"instock\" \/>\n<meta property=\"product:availability\" content=\"instock\" \/>\n<meta property=\"product:condition\" content=\"new\" \/>\n<!-- \/ Yoast SEO Premium plugin. -->","yoast_head_json":{"title":"Campagne \u00e0 Puyehue - Lac Rupanco, R\u00e9gion des lacs - Produncan","description":"Le paysage du Lago Rupanco : un endroit idyllique pour profiter de la nature dans le sud du Chili. Avec 6 hectares, for\u00eat fluviale for\u00eat, \u00e9lectricit\u00e9 et APR.","robots":{"index":"index","follow":"follow","max-snippet":"max-snippet:-1","max-image-preview":"max-image-preview:large","max-video-preview":"max-video-preview:-1"},"canonical":"https:\/\/produncan.cl\/fr\/produit\/campito-lago-rupanco-puyehue-r-de-los-lagos\/","og_locale":"fr_FR","og_type":"article","og_title":"Campagne \u00e0 Puyehue - Lac Rupanco, R\u00e9gion des lacs","og_description":"Le paysage du Lago Rupanco : un endroit idyllique pour profiter de la nature dans le sud du Chili. Avec 6 hectares, for\u00eat fluviale for\u00eat, \u00e9lectricit\u00e9 et APR.","og_url":"https:\/\/produncan.cl\/fr\/produit\/campito-lago-rupanco-puyehue-r-de-los-lagos\/","og_site_name":"Produncan","article_publisher":"https:\/\/web.facebook.com\/produncanland","article_modified_time":"2025-12-04T20:17:23+00:00","og_image":[{"url":"https:\/\/produncan.cl\/wp-content\/uploads\/2023\/04\/Presentacion-Campito-Lago-Rupanco.webp","type":"","width":"","height":""}],"twitter_card":"summary_large_image","twitter_misc":{"Price":"USD263.000,00","Availability":"In stock"},"schema":{"@context":"https:\/\/schema.org","@graph":[{"@type":"WebPage","@id":"https:\/\/produncan.cl\/fr\/produit\/campito-lago-rupanco-puyehue-r-de-los-lagos\/","url":"https:\/\/produncan.cl\/fr\/produit\/campito-lago-rupanco-puyehue-r-de-los-lagos\/","name":"Campagne \u00e0 Puyehue - Lac Rupanco, R\u00e9gion des lacs - Produncan","isPartOf":{"@id":"https:\/\/produncan.cl\/fr\/#website"},"primaryImageOfPage":{"@id":"https:\/\/produncan.cl\/fr\/produit\/campito-lago-rupanco-puyehue-r-de-los-lagos\/#primaryimage"},"image":{"@id":"https:\/\/produncan.cl\/fr\/produit\/campito-lago-rupanco-puyehue-r-de-los-lagos\/#primaryimage"},"thumbnailUrl":"https:\/\/produncan.cl\/wp-content\/uploads\/2023\/04\/Presentacion-Campito-Lago-Rupanco.webp","datePublished":"2023-04-28T22:09:23+00:00","dateModified":"2025-12-04T20:17:23+00:00","description":"Le paysage du Lago Rupanco : un endroit idyllique pour profiter de la nature dans le sud du Chili. Avec 6 hectares, for\u00eat fluviale for\u00eat, \u00e9lectricit\u00e9 et APR.","breadcrumb":{"@id":"https:\/\/produncan.cl\/fr\/produit\/campito-lago-rupanco-puyehue-r-de-los-lagos\/#breadcrumb"},"inLanguage":"fr-FR","potentialAction":[{"@type":"ReadAction","target":["https:\/\/produncan.cl\/fr\/produit\/campito-lago-rupanco-puyehue-r-de-los-lagos\/"]}]},{"@type":"ImageObject","inLanguage":"fr-FR","@id":"https:\/\/produncan.cl\/fr\/produit\/campito-lago-rupanco-puyehue-r-de-los-lagos\/#primaryimage","url":"https:\/\/produncan.cl\/wp-content\/uploads\/2023\/04\/Presentacion-Campito-Lago-Rupanco.webp","contentUrl":"https:\/\/produncan.cl\/wp-content\/uploads\/2023\/04\/Presentacion-Campito-Lago-Rupanco.webp","width":600,"height":450},{"@type":"BreadcrumbList","@id":"https:\/\/produncan.cl\/fr\/produit\/campito-lago-rupanco-puyehue-r-de-los-lagos\/#breadcrumb","itemListElement":[{"@type":"ListItem","position":1,"name":"Inicio","item":"https:\/\/produncan.cl\/fr\/"},{"@type":"ListItem","position":2,"name":"Propri\u00e9t\u00e9s","item":"https:\/\/produncan.cl\/propiedades\/"},{"@type":"ListItem","position":3,"name":"Parcelles","item":"https:\/\/produncan.cl\/fr\/cat&eacute;gorie\/parcelles\/"},{"@type":"ListItem","position":4,"name":"Campagne \u00e0 Puyehue &#8211; Lac Rupanco, R\u00e9gion des lacs"}]},{"@type":"WebSite","@id":"https:\/\/produncan.cl\/fr\/#website","url":"https:\/\/produncan.cl\/fr\/","name":"Produncan","description":"Nous vous accompagnons dans votre projet de vie !","publisher":{"@id":"https:\/\/produncan.cl\/fr\/#organization"},"potentialAction":[{"@type":"SearchAction","target":{"@type":"EntryPoint","urlTemplate":"https:\/\/produncan.cl\/fr\/?s={search_term_string}"},"query-input":{"@type":"PropertyValueSpecification","valueRequired":true,"valueName":"search_term_string"}}],"inLanguage":"fr-FR"},{"@type":"Organization","@id":"https:\/\/produncan.cl\/fr\/#organization","name":"Produncan","url":"https:\/\/produncan.cl\/fr\/","logo":{"@type":"ImageObject","inLanguage":"fr-FR","@id":"https:\/\/produncan.cl\/fr\/#\/schema\/logo\/image\/","url":"https:\/\/produncan.cl\/wp-content\/uploads\/2021\/03\/LOGO.jpeg","contentUrl":"https:\/\/produncan.cl\/wp-content\/uploads\/2021\/03\/LOGO.jpeg","width":1280,"height":903,"caption":"Produncan"},"image":{"@id":"https:\/\/produncan.cl\/fr\/#\/schema\/logo\/image\/"},"sameAs":["https:\/\/web.facebook.com\/produncanland","https:\/\/www.instagram.com\/pro_duncan\/","https:\/\/www.linkedin.com\/company\/produncan-lands\/","https:\/\/www.youtube.com\/channel\/UCu7N-f3x0svkazD-Eew1-QQ"],"description":"En Produncan somos especialistas en la venta de terrenos en el sur de Chile. Proveemos estancias, campos, parcelas y hoteles.","email":"info@produncan.cl"}]},"og_video":"https:\/\/www.youtube.com\/embed\/_Eja5wDTSig","og_video_type":"text\/html","og_video_duration":"115","og_video_width":"480","og_video_height":"360","ya_ovs_adult":"false","ya_ovs_upload_date":"2023-04-28T22:09:23+00:00","ya_ovs_allow_embed":"true","product_price_amount":"263000.00","product_price_currency":"USD","og_availability":"instock","product_availability":"instock","product_condition":"new"},"_links":{"self":[{"href":"https:\/\/produncan.cl\/fr\/wp-json\/wp\/v2\/product\/14548","targetHints":{"allow":["GET"]}}],"collection":[{"href":"https:\/\/produncan.cl\/fr\/wp-json\/wp\/v2\/product"}],"about":[{"href":"https:\/\/produncan.cl\/fr\/wp-json\/wp\/v2\/types\/product"}],"version-history":[{"count":1,"href":"https:\/\/produncan.cl\/fr\/wp-json\/wp\/v2\/product\/14548\/revisions"}],"predecessor-version":[{"id":51179,"href":"https:\/\/produncan.cl\/fr\/wp-json\/wp\/v2\/product\/14548\/revisions\/51179"}],"wp:featuredmedia":[{"embeddable":true,"href":"https:\/\/produncan.cl\/fr\/wp-json\/wp\/v2\/media\/14347"}],"wp:attachment":[{"href":"https:\/\/produncan.cl\/fr\/wp-json\/wp\/v2\/media?parent=14548"}],"wp:term":[{"taxonomy":"product_brand","embeddable":true,"href":"https:\/\/produncan.cl\/fr\/wp-json\/wp\/v2\/product_brand?post=14548"},{"taxonomy":"product_cat","embeddable":true,"href":"https:\/\/produncan.cl\/fr\/wp-json\/wp\/v2\/product_cat?post=14548"},{"taxonomy":"product_tag","embeddable":true,"href":"https:\/\/produncan.cl\/fr\/wp-json\/wp\/v2\/product_tag?post=14548"},{"taxonomy":"regiones","embeddable":true,"href":"https:\/\/produncan.cl\/fr\/wp-json\/wp\/v2\/regiones?post=14548"},{"taxonomy":"ciudades","embeddable":true,"href":"https:\/\/produncan.cl\/fr\/wp-json\/wp\/v2\/ciudades?post=14548"}],"curies":[{"name":"wp","href":"https:\/\/api.w.org\/{rel}","templated":true}]}}