{"id":14550,"date":"2022-04-16T12:29:14","date_gmt":"2022-04-16T16:29:14","guid":{"rendered":"https:\/\/produncan.cl\/producto\/bureaux-codegua-renca-r-de-ohiggins\/"},"modified":"2025-12-26T17:28:35","modified_gmt":"2025-12-26T20:28:35","slug":"bureaux-codegua-renca-r-de-ohiggins","status":"publish","type":"product","link":"https:\/\/produncan.cl\/fr\/produit\/bureaux-codegua-renca-r-de-ohiggins\/","title":{"rendered":"Bureaux de Codegua &#8211; Renca, R\u00e9gion d&#8217;O&#8217;Higgins"},"content":{"rendered":"\t\t<div data-elementor-type=\"product-post\" data-elementor-id=\"14550\" class=\"elementor elementor-14550\" data-elementor-post-type=\"product\">\n\t\t\t\t<div class=\"elementor-element elementor-element-1bc963e e-flex e-con-boxed e-con e-parent\" data-id=\"1bc963e\" data-element_type=\"container\" data-e-type=\"container\" data-settings=\"{&quot;jet_parallax_layout_list&quot;:[]}\">\n\t\t\t\t\t<div class=\"e-con-inner\">\n\t\t\t\t<div class=\"elementor-element elementor-element-01aa5d0 elementor-widget elementor-widget-heading\" data-id=\"01aa5d0\" data-element_type=\"widget\" data-e-type=\"widget\" data-widget_type=\"heading.default\">\n\t\t\t\t\t<h2 class=\"elementor-heading-title elementor-size-default\">Bienvenue dans ce spectaculaire bureau \u00e0 louer \u00e0 Codegua, Rancagua !<\/h2>\t\t\t\t<\/div>\n\t\t\t\t\t<\/div>\n\t\t\t\t<\/div>\n\t\t<div class=\"elementor-element elementor-element-635d910 e-flex e-con-boxed e-con e-parent\" data-id=\"635d910\" data-element_type=\"container\" data-e-type=\"container\" data-settings=\"{&quot;jet_parallax_layout_list&quot;:[]}\">\n\t\t\t\t\t<div class=\"e-con-inner\">\n\t\t\t\t<div class=\"elementor-element elementor-element-9043882 elementor-widget elementor-widget-text-editor\" data-id=\"9043882\" data-element_type=\"widget\" data-e-type=\"widget\" data-widget_type=\"text-editor.default\">\n\t\t\t\t\t\t\t\t\t<p>La propri\u00e9t\u00e9 a \u00e9t\u00e9 construite en 2012 et dispose d&#8217;une surface utile de 420 m\u00b2 r\u00e9partie sur deux \u00e9tages, o\u00f9 se trouvent 15 bureaux spacieux parfaitement \u00e9quip\u00e9s pour votre \u00e9quipe de travail.<\/p>\n<\/p>\n<p>Il dispose \u00e9galement de deux salles de r\u00e9union, o\u00f9 vous pouvez mener vos affaires et partager des id\u00e9es dans un environnement professionnel et confortable, ainsi que de 7 salles de bains \u00e0 l&#8217;usage exclusif de la propri\u00e9t\u00e9.<\/p>\n<\/p>\n<p>La propri\u00e9t\u00e9 dispose d&#8217;une salle \u00e0 manger, o\u00f9 vous pourrez profiter d&#8217;un moment de d\u00e9tente et partager avec vos coll\u00e8gues et dispose \u00e9galement d&#8217;une cuisine quotidienne, salle \u00e0 manger, qui vous permet de pr\u00e9parer et de d\u00e9guster votre repas.<\/p>\n<\/p>\n<p>Il dispose \u00e9galement d&#8217;une salle de serveurs pour que vous puissiez maintenir vos syst\u00e8mes informatiques et vos r\u00e9seaux en parfait \u00e9tat, et d&#8217;un syst\u00e8me de chauffage pour que l&#8217;atmosph\u00e8re soit toujours agr\u00e9able.<\/p>\n<\/p>\n<p>\u00c0 l&#8217;ext\u00e9rieur, il y a 20 places de parking, ce qui vous permet, \u00e0 vous et \u00e0 votre \u00e9quipe, de garer vos v\u00e9hicules en toute s\u00e9curit\u00e9.<\/p>\n<\/p>\n<p>Le bureau est dot\u00e9 de sols en c\u00e9ramique dans les salles de bains, les chambres et le salon, ce qui lui conf\u00e8re une impression de modernit\u00e9 et de qualit\u00e9. Les fen\u00eatres sont en aluminium, ce qui garantit leur durabilit\u00e9 et leur qualit\u00e9.<\/p>\n<\/p>\n<p>La construction comporte une structure en acier, un rev\u00eatement ext\u00e9rieur, un rev\u00eatement int\u00e9rieur et une isolation, ce qui la rend solide et durable.<\/p>\n<\/p>\n<p>De plus, la propri\u00e9t\u00e9 dispose d&#8217;un hall au premier et au deuxi\u00e8me \u00e9tage, ce qui permet une circulation fluide des personnes.<\/p>\n<\/p>\n<p>Il y a un bon signal de t\u00e9l\u00e9communications. De plus, des bus desservent la propri\u00e9t\u00e9, ce qui vous permet d&#8217;\u00eatre toujours connect\u00e9 et d&#8217;avoir acc\u00e8s aux principaux moyens de transport.<\/p>\n<\/p>\n<p>La copropri\u00e9t\u00e9 o\u00f9 se trouve la propri\u00e9t\u00e9 dispose d&#8217;un acc\u00e8s contr\u00f4l\u00e9 et d&#8217;un syst\u00e8me de gardiennage 24\/7, d&#8217;un portail \u00e9lectrique, d&#8217;espaces verts et de cam\u00e9ras de s\u00e9curit\u00e9 en circuit ferm\u00e9, garantissant la s\u00e9curit\u00e9 et la tranquillit\u00e9 d&#8217;esprit de votre \u00e9quipe et de votre investissement.<\/p>\n<\/p>\n<p>En outre, l&#8217;\u00e9tablissement est situ\u00e9 \u00e0 proximit\u00e9 d&#8217;un centre \u00e9v\u00e9nementiel r\u00e9put\u00e9, ce qui vous permet d&#8217;acc\u00e9der \u00e0 un large \u00e9ventail d&#8217;activit\u00e9s de loisirs et d&#8217;affaires.<\/p>\n<\/p>\n<p>Ne manquez pas l&#8217;occasion de louer ce bureau spectaculaire et de d\u00e9velopper votre activit\u00e9 dans un environnement moderne, s\u00fbr et confortable !<\/p>\n<\/p>\n<p>La valeur locative est de 0,25 UF\/m\u00b2.<\/p>\n<\/p>\n<p>Contactez-nous pour organiser une visite et en savoir plus sur cette propri\u00e9t\u00e9 exceptionnelle.<\/p>\n\t\t\t\t\t\t\t\t<\/div>\n\t\t\t\t\t<\/div>\n\t\t\t\t<\/div>\n\t\t\t\t<\/div>\n\t\t","protected":false},"excerpt":{"rendered":"<p>Bureau meubl\u00e9 de 124,79m\u00b2 \u00e0 La Dehesa, priv\u00e9, salles de r\u00e9union, r\u00e9ception.<\/p>\n","protected":false},"featured_media":14516,"template":"","meta":{"_acf_changed":false},"product_brand":[],"product_cat":[158],"product_tag":[442],"regiones":[227],"ciudades":[],"class_list":{"0":"post-14550","1":"product","2":"type-product","3":"status-publish","4":"has-post-thumbnail","6":"product_cat-valparaiso-maule-fr","7":"product_tag-proprietes-urbaines","8":"regiones-valparaiso-maule","10":"first","11":"instock","12":"shipping-taxable","13":"purchasable","14":"product-type-simple"},"acf":[],"yoast_head":"<!-- This site is optimized with the Yoast SEO Premium plugin v26.0 (Yoast SEO v27.3) - https:\/\/yoast.com\/product\/yoast-seo-premium-wordpress\/ -->\n<title>Bureaux de Codegua - Renca, R\u00e9gion d&#039;O&#039;Higgins - Produncan<\/title>\n<meta name=\"description\" content=\"Bureau moderne et s\u00e9curis\u00e9 \u00e0 Codegua, Rancagua ; 15 bureaux, 2 salles de r\u00e9union, cantine et 20 places de parking. Bail pour 0,25 UF\/m\u00b2.\" \/>\n<meta name=\"robots\" content=\"index, follow, max-snippet:-1, max-image-preview:large, max-video-preview:-1\" \/>\n<link rel=\"canonical\" href=\"https:\/\/produncan.cl\/fr\/produit\/bureaux-codegua-renca-r-de-ohiggins\/\" \/>\n<meta property=\"og:locale\" content=\"fr_FR\" \/>\n<meta property=\"og:type\" content=\"article\" \/>\n<meta property=\"og:title\" content=\"Bureaux de Codegua - Renca, R\u00e9gion d&#039;O&#039;Higgins\" \/>\n<meta property=\"og:description\" content=\"Bureau moderne et s\u00e9curis\u00e9 \u00e0 Codegua, Rancagua ; 15 bureaux, 2 salles de r\u00e9union, cantine et 20 places de parking. Bail pour 0,25 UF\/m\u00b2.\" \/>\n<meta property=\"og:url\" content=\"https:\/\/produncan.cl\/fr\/produit\/bureaux-codegua-renca-r-de-ohiggins\/\" \/>\n<meta property=\"og:site_name\" content=\"Produncan\" \/>\n<meta property=\"article:publisher\" content=\"https:\/\/web.facebook.com\/produncanland\" \/>\n<meta property=\"article:modified_time\" content=\"2025-12-26T20:28:35+00:00\" \/>\n<meta property=\"og:image\" content=\"https:\/\/produncan.cl\/wp-content\/uploads\/2023\/05\/Presentacion-scaled.jpg\" \/>\n\t<meta property=\"og:image:width\" content=\"2560\" \/>\n\t<meta property=\"og:image:height\" content=\"1920\" \/>\n\t<meta property=\"og:image:type\" content=\"image\/jpeg\" \/>\n<meta name=\"twitter:card\" content=\"summary_large_image\" \/>\n<meta name=\"twitter:label1\" content=\"Price\" \/>\n\t<meta name=\"twitter:data1\" content=\"USD4.200,00\" \/>\n\t<meta name=\"twitter:label2\" content=\"Availability\" \/>\n\t<meta name=\"twitter:data2\" content=\"In stock\" \/>\n<script type=\"application\/ld+json\" class=\"yoast-schema-graph\">{\"@context\":\"https:\\\/\\\/schema.org\",\"@graph\":[{\"@type\":\"WebPage\",\"@id\":\"https:\\\/\\\/produncan.cl\\\/fr\\\/produit\\\/bureaux-codegua-renca-r-de-ohiggins\\\/\",\"url\":\"https:\\\/\\\/produncan.cl\\\/fr\\\/produit\\\/bureaux-codegua-renca-r-de-ohiggins\\\/\",\"name\":\"Bureaux de Codegua - Renca, R\u00e9gion d'O'Higgins - Produncan\",\"isPartOf\":{\"@id\":\"https:\\\/\\\/produncan.cl\\\/fr\\\/#website\"},\"primaryImageOfPage\":{\"@id\":\"https:\\\/\\\/produncan.cl\\\/fr\\\/produit\\\/bureaux-codegua-renca-r-de-ohiggins\\\/#primaryimage\"},\"image\":{\"@id\":\"https:\\\/\\\/produncan.cl\\\/fr\\\/produit\\\/bureaux-codegua-renca-r-de-ohiggins\\\/#primaryimage\"},\"thumbnailUrl\":\"https:\\\/\\\/produncan.cl\\\/wp-content\\\/uploads\\\/2023\\\/05\\\/Presentacion-scaled.jpg\",\"datePublished\":\"2022-04-16T16:29:14+00:00\",\"dateModified\":\"2025-12-26T20:28:35+00:00\",\"description\":\"Bureau moderne et s\u00e9curis\u00e9 \u00e0 Codegua, Rancagua ; 15 bureaux, 2 salles de r\u00e9union, cantine et 20 places de parking. Bail pour 0,25 UF\\\/m\u00b2.\",\"breadcrumb\":{\"@id\":\"https:\\\/\\\/produncan.cl\\\/fr\\\/produit\\\/bureaux-codegua-renca-r-de-ohiggins\\\/#breadcrumb\"},\"inLanguage\":\"fr-FR\",\"potentialAction\":[{\"@type\":\"ReadAction\",\"target\":[\"https:\\\/\\\/produncan.cl\\\/fr\\\/produit\\\/bureaux-codegua-renca-r-de-ohiggins\\\/\"]}]},{\"@type\":\"ImageObject\",\"inLanguage\":\"fr-FR\",\"@id\":\"https:\\\/\\\/produncan.cl\\\/fr\\\/produit\\\/bureaux-codegua-renca-r-de-ohiggins\\\/#primaryimage\",\"url\":\"https:\\\/\\\/produncan.cl\\\/wp-content\\\/uploads\\\/2023\\\/05\\\/Presentacion-scaled.jpg\",\"contentUrl\":\"https:\\\/\\\/produncan.cl\\\/wp-content\\\/uploads\\\/2023\\\/05\\\/Presentacion-scaled.jpg\",\"width\":2560,\"height\":1920},{\"@type\":\"BreadcrumbList\",\"@id\":\"https:\\\/\\\/produncan.cl\\\/fr\\\/produit\\\/bureaux-codegua-renca-r-de-ohiggins\\\/#breadcrumb\",\"itemListElement\":[{\"@type\":\"ListItem\",\"position\":1,\"name\":\"Inicio\",\"item\":\"https:\\\/\\\/produncan.cl\\\/fr\\\/\"},{\"@type\":\"ListItem\",\"position\":2,\"name\":\"Propri\u00e9t\u00e9s\",\"item\":\"https:\\\/\\\/produncan.cl\\\/propiedades\\\/\"},{\"@type\":\"ListItem\",\"position\":3,\"name\":\"Propri\u00e9t\u00e9s urbaines\",\"item\":\"https:\\\/\\\/produncan.cl\\\/fr\\\/cat&eacute;gorie\\\/proprietes-urbaines\\\/\"},{\"@type\":\"ListItem\",\"position\":4,\"name\":\"Bureaux de Codegua &#8211; Renca, R\u00e9gion d&#8217;O&#8217;Higgins\"}]},{\"@type\":\"WebSite\",\"@id\":\"https:\\\/\\\/produncan.cl\\\/fr\\\/#website\",\"url\":\"https:\\\/\\\/produncan.cl\\\/fr\\\/\",\"name\":\"Produncan\",\"description\":\"Nous vous accompagnons dans votre projet de vie !\",\"publisher\":{\"@id\":\"https:\\\/\\\/produncan.cl\\\/fr\\\/#organization\"},\"potentialAction\":[{\"@type\":\"SearchAction\",\"target\":{\"@type\":\"EntryPoint\",\"urlTemplate\":\"https:\\\/\\\/produncan.cl\\\/fr\\\/?s={search_term_string}\"},\"query-input\":{\"@type\":\"PropertyValueSpecification\",\"valueRequired\":true,\"valueName\":\"search_term_string\"}}],\"inLanguage\":\"fr-FR\"},{\"@type\":\"Organization\",\"@id\":\"https:\\\/\\\/produncan.cl\\\/fr\\\/#organization\",\"name\":\"Produncan\",\"url\":\"https:\\\/\\\/produncan.cl\\\/fr\\\/\",\"logo\":{\"@type\":\"ImageObject\",\"inLanguage\":\"fr-FR\",\"@id\":\"https:\\\/\\\/produncan.cl\\\/fr\\\/#\\\/schema\\\/logo\\\/image\\\/\",\"url\":\"https:\\\/\\\/produncan.cl\\\/wp-content\\\/uploads\\\/2021\\\/03\\\/LOGO.jpeg\",\"contentUrl\":\"https:\\\/\\\/produncan.cl\\\/wp-content\\\/uploads\\\/2021\\\/03\\\/LOGO.jpeg\",\"width\":1280,\"height\":903,\"caption\":\"Produncan\"},\"image\":{\"@id\":\"https:\\\/\\\/produncan.cl\\\/fr\\\/#\\\/schema\\\/logo\\\/image\\\/\"},\"sameAs\":[\"https:\\\/\\\/web.facebook.com\\\/produncanland\",\"https:\\\/\\\/www.instagram.com\\\/pro_duncan\\\/\",\"https:\\\/\\\/www.linkedin.com\\\/company\\\/produncan-lands\\\/\",\"https:\\\/\\\/www.youtube.com\\\/channel\\\/UCu7N-f3x0svkazD-Eew1-QQ\"],\"description\":\"En Produncan somos especialistas en la venta de terrenos en el sur de Chile. Proveemos estancias, campos, parcelas y hoteles.\",\"email\":\"info@produncan.cl\"}]}<\/script>\n<meta property=\"og:video\" content=\"https:\/\/www.youtube.com\/embed\/X2QnI4OHnSs\" \/>\n<meta property=\"og:video:type\" content=\"text\/html\" \/>\n<meta property=\"og:video:duration\" content=\"74\" \/>\n<meta property=\"og:video:width\" content=\"480\" \/>\n<meta property=\"og:video:height\" content=\"360\" \/>\n<meta property=\"ya:ovs:adult\" content=\"false\" \/>\n<meta property=\"ya:ovs:upload_date\" content=\"2022-04-16T16:29:14+00:00\" \/>\n<meta property=\"ya:ovs:allow_embed\" content=\"true\" \/>\n<meta property=\"product:price:amount\" content=\"4200.00\" \/>\n<meta property=\"product:price:currency\" content=\"USD\" \/>\n<meta property=\"og:availability\" content=\"instock\" \/>\n<meta property=\"product:availability\" content=\"instock\" \/>\n<meta property=\"product:condition\" content=\"new\" \/>\n<!-- \/ Yoast SEO Premium plugin. -->","yoast_head_json":{"title":"Bureaux de Codegua - Renca, R\u00e9gion d'O'Higgins - Produncan","description":"Bureau moderne et s\u00e9curis\u00e9 \u00e0 Codegua, Rancagua ; 15 bureaux, 2 salles de r\u00e9union, cantine et 20 places de parking. Bail pour 0,25 UF\/m\u00b2.","robots":{"index":"index","follow":"follow","max-snippet":"max-snippet:-1","max-image-preview":"max-image-preview:large","max-video-preview":"max-video-preview:-1"},"canonical":"https:\/\/produncan.cl\/fr\/produit\/bureaux-codegua-renca-r-de-ohiggins\/","og_locale":"fr_FR","og_type":"article","og_title":"Bureaux de Codegua - Renca, R\u00e9gion d'O'Higgins","og_description":"Bureau moderne et s\u00e9curis\u00e9 \u00e0 Codegua, Rancagua ; 15 bureaux, 2 salles de r\u00e9union, cantine et 20 places de parking. Bail pour 0,25 UF\/m\u00b2.","og_url":"https:\/\/produncan.cl\/fr\/produit\/bureaux-codegua-renca-r-de-ohiggins\/","og_site_name":"Produncan","article_publisher":"https:\/\/web.facebook.com\/produncanland","article_modified_time":"2025-12-26T20:28:35+00:00","og_image":[{"width":2560,"height":1920,"url":"https:\/\/produncan.cl\/wp-content\/uploads\/2023\/05\/Presentacion-scaled.jpg","type":"image\/jpeg"}],"twitter_card":"summary_large_image","twitter_misc":{"Price":"USD4.200,00","Availability":"In stock"},"schema":{"@context":"https:\/\/schema.org","@graph":[{"@type":"WebPage","@id":"https:\/\/produncan.cl\/fr\/produit\/bureaux-codegua-renca-r-de-ohiggins\/","url":"https:\/\/produncan.cl\/fr\/produit\/bureaux-codegua-renca-r-de-ohiggins\/","name":"Bureaux de Codegua - Renca, R\u00e9gion d'O'Higgins - Produncan","isPartOf":{"@id":"https:\/\/produncan.cl\/fr\/#website"},"primaryImageOfPage":{"@id":"https:\/\/produncan.cl\/fr\/produit\/bureaux-codegua-renca-r-de-ohiggins\/#primaryimage"},"image":{"@id":"https:\/\/produncan.cl\/fr\/produit\/bureaux-codegua-renca-r-de-ohiggins\/#primaryimage"},"thumbnailUrl":"https:\/\/produncan.cl\/wp-content\/uploads\/2023\/05\/Presentacion-scaled.jpg","datePublished":"2022-04-16T16:29:14+00:00","dateModified":"2025-12-26T20:28:35+00:00","description":"Bureau moderne et s\u00e9curis\u00e9 \u00e0 Codegua, Rancagua ; 15 bureaux, 2 salles de r\u00e9union, cantine et 20 places de parking. Bail pour 0,25 UF\/m\u00b2.","breadcrumb":{"@id":"https:\/\/produncan.cl\/fr\/produit\/bureaux-codegua-renca-r-de-ohiggins\/#breadcrumb"},"inLanguage":"fr-FR","potentialAction":[{"@type":"ReadAction","target":["https:\/\/produncan.cl\/fr\/produit\/bureaux-codegua-renca-r-de-ohiggins\/"]}]},{"@type":"ImageObject","inLanguage":"fr-FR","@id":"https:\/\/produncan.cl\/fr\/produit\/bureaux-codegua-renca-r-de-ohiggins\/#primaryimage","url":"https:\/\/produncan.cl\/wp-content\/uploads\/2023\/05\/Presentacion-scaled.jpg","contentUrl":"https:\/\/produncan.cl\/wp-content\/uploads\/2023\/05\/Presentacion-scaled.jpg","width":2560,"height":1920},{"@type":"BreadcrumbList","@id":"https:\/\/produncan.cl\/fr\/produit\/bureaux-codegua-renca-r-de-ohiggins\/#breadcrumb","itemListElement":[{"@type":"ListItem","position":1,"name":"Inicio","item":"https:\/\/produncan.cl\/fr\/"},{"@type":"ListItem","position":2,"name":"Propri\u00e9t\u00e9s","item":"https:\/\/produncan.cl\/propiedades\/"},{"@type":"ListItem","position":3,"name":"Propri\u00e9t\u00e9s urbaines","item":"https:\/\/produncan.cl\/fr\/cat&eacute;gorie\/proprietes-urbaines\/"},{"@type":"ListItem","position":4,"name":"Bureaux de Codegua &#8211; Renca, R\u00e9gion d&#8217;O&#8217;Higgins"}]},{"@type":"WebSite","@id":"https:\/\/produncan.cl\/fr\/#website","url":"https:\/\/produncan.cl\/fr\/","name":"Produncan","description":"Nous vous accompagnons dans votre projet de vie !","publisher":{"@id":"https:\/\/produncan.cl\/fr\/#organization"},"potentialAction":[{"@type":"SearchAction","target":{"@type":"EntryPoint","urlTemplate":"https:\/\/produncan.cl\/fr\/?s={search_term_string}"},"query-input":{"@type":"PropertyValueSpecification","valueRequired":true,"valueName":"search_term_string"}}],"inLanguage":"fr-FR"},{"@type":"Organization","@id":"https:\/\/produncan.cl\/fr\/#organization","name":"Produncan","url":"https:\/\/produncan.cl\/fr\/","logo":{"@type":"ImageObject","inLanguage":"fr-FR","@id":"https:\/\/produncan.cl\/fr\/#\/schema\/logo\/image\/","url":"https:\/\/produncan.cl\/wp-content\/uploads\/2021\/03\/LOGO.jpeg","contentUrl":"https:\/\/produncan.cl\/wp-content\/uploads\/2021\/03\/LOGO.jpeg","width":1280,"height":903,"caption":"Produncan"},"image":{"@id":"https:\/\/produncan.cl\/fr\/#\/schema\/logo\/image\/"},"sameAs":["https:\/\/web.facebook.com\/produncanland","https:\/\/www.instagram.com\/pro_duncan\/","https:\/\/www.linkedin.com\/company\/produncan-lands\/","https:\/\/www.youtube.com\/channel\/UCu7N-f3x0svkazD-Eew1-QQ"],"description":"En Produncan somos especialistas en la venta de terrenos en el sur de Chile. Proveemos estancias, campos, parcelas y hoteles.","email":"info@produncan.cl"}]},"og_video":"https:\/\/www.youtube.com\/embed\/X2QnI4OHnSs","og_video_type":"text\/html","og_video_duration":"74","og_video_width":"480","og_video_height":"360","ya_ovs_adult":"false","ya_ovs_upload_date":"2022-04-16T16:29:14+00:00","ya_ovs_allow_embed":"true","product_price_amount":"4200.00","product_price_currency":"USD","og_availability":"instock","product_availability":"instock","product_condition":"new"},"_links":{"self":[{"href":"https:\/\/produncan.cl\/fr\/wp-json\/wp\/v2\/product\/14550","targetHints":{"allow":["GET"]}}],"collection":[{"href":"https:\/\/produncan.cl\/fr\/wp-json\/wp\/v2\/product"}],"about":[{"href":"https:\/\/produncan.cl\/fr\/wp-json\/wp\/v2\/types\/product"}],"version-history":[{"count":3,"href":"https:\/\/produncan.cl\/fr\/wp-json\/wp\/v2\/product\/14550\/revisions"}],"predecessor-version":[{"id":54213,"href":"https:\/\/produncan.cl\/fr\/wp-json\/wp\/v2\/product\/14550\/revisions\/54213"}],"wp:featuredmedia":[{"embeddable":true,"href":"https:\/\/produncan.cl\/fr\/wp-json\/wp\/v2\/media\/14516"}],"wp:attachment":[{"href":"https:\/\/produncan.cl\/fr\/wp-json\/wp\/v2\/media?parent=14550"}],"wp:term":[{"taxonomy":"product_brand","embeddable":true,"href":"https:\/\/produncan.cl\/fr\/wp-json\/wp\/v2\/product_brand?post=14550"},{"taxonomy":"product_cat","embeddable":true,"href":"https:\/\/produncan.cl\/fr\/wp-json\/wp\/v2\/product_cat?post=14550"},{"taxonomy":"product_tag","embeddable":true,"href":"https:\/\/produncan.cl\/fr\/wp-json\/wp\/v2\/product_tag?post=14550"},{"taxonomy":"regiones","embeddable":true,"href":"https:\/\/produncan.cl\/fr\/wp-json\/wp\/v2\/regiones?post=14550"},{"taxonomy":"ciudades","embeddable":true,"href":"https:\/\/produncan.cl\/fr\/wp-json\/wp\/v2\/ciudades?post=14550"}],"curies":[{"name":"wp","href":"https:\/\/api.w.org\/{rel}","templated":true}]}}