{"id":14738,"date":"2023-05-11T16:40:41","date_gmt":"2023-05-11T20:40:41","guid":{"rendered":"https:\/\/produncan.cl\/producto\/parcela-prado-norte-los-muermos-r-de-los-lagos\/"},"modified":"2025-08-19T12:01:25","modified_gmt":"2025-08-19T16:01:25","slug":"parcela-prado-norte-los-muermos-r-de-los-lagos","status":"publish","type":"product","link":"https:\/\/produncan.cl\/fr\/produit\/parcela-prado-norte-los-muermos-r-de-los-lagos\/","title":{"rendered":"Parcela Prado Norte &#8211; Los Muermos, Regi\u00f3n de los Lagos"},"content":{"rendered":"\t\t<div data-elementor-type=\"product-post\" data-elementor-id=\"14738\" class=\"elementor elementor-14738 elementor-14642\" data-elementor-post-type=\"product\">\n\t\t\t\t<div class=\"elementor-element elementor-element-aa4fca1 e-flex e-con-boxed e-con e-parent\" data-id=\"aa4fca1\" data-element_type=\"container\" data-e-type=\"container\" data-settings=\"{&quot;jet_parallax_layout_list&quot;:[]}\">\n\t\t\t\t\t<div class=\"e-con-inner\">\n\t\t\t\t<div class=\"elementor-element elementor-element-15aaa5d elementor-widget elementor-widget-heading\" data-id=\"15aaa5d\" data-element_type=\"widget\" data-e-type=\"widget\" data-widget_type=\"heading.default\">\n\t\t\t\t\t<h2 class=\"elementor-heading-title elementor-size-default\">Magnifique parcelle de 1 hectare \u00e0 seulement 20 minutes de Los Muermos !<\/h2>\t\t\t\t<\/div>\n\t\t\t\t\t<\/div>\n\t\t\t\t<\/div>\n\t\t<div class=\"elementor-element elementor-element-e9f86a7 e-flex e-con-boxed e-con e-parent\" data-id=\"e9f86a7\" data-element_type=\"container\" data-e-type=\"container\" data-settings=\"{&quot;jet_parallax_layout_list&quot;:[]}\">\n\t\t\t\t\t<div class=\"e-con-inner\">\n\t\t\t\t<div class=\"elementor-element elementor-element-4042aa6 elementor-widget elementor-widget-text-editor\" data-id=\"4042aa6\" data-element_type=\"widget\" data-e-type=\"widget\" data-widget_type=\"text-editor.default\">\n\t\t\t\t\t\t\t\t\t<p>Cette charmante propri\u00e9t\u00e9 a un prix de vente tr\u00e8s attractif de seulement 29.000.000.000 $ et dispose de son propre r\u00f4le.<\/p>\n<p>La topographie du terrain pr\u00e9sente une l\u00e9g\u00e8re pente, avec principalement des prairies d\u00e9frich\u00e9es et la meilleure herbe, id\u00e9ale pour avoir une belle vue et d\u00e9velopper des cultures ou des projets. Il b\u00e9n\u00e9ficie \u00e9galement d&#8217;un ensoleillement imbattable \u00e0 l&#8217;est.<\/p>\n<p>La propri\u00e9t\u00e9 est enti\u00e8rement cl\u00f4tur\u00e9e, ce qui lui conf\u00e8re s\u00e9curit\u00e9 et intimit\u00e9. Sur le pourtour, on trouve de magnifiques arbres indig\u00e8nes.<\/p>\n<p>Vous n&#8217;aurez pas \u00e0 vous soucier de l&#8217;\u00e9lectricit\u00e9, car elle est disponible \u00e0 partir d&#8217;un poteau situ\u00e9 sur la route de campagne adjacente. De plus, le terrain ne fait pas partie d&#8217;un lotissement, ce qui vous donne une totale ind\u00e9pendance !<\/p>\n<p>Bien qu&#8217;il n&#8217;y ait pas d&#8217;acc\u00e8s direct \u00e0 l&#8217;eau, il est possible d&#8217;obtenir de l&#8217;eau \u00e0 partir d&#8217;un puits ou d&#8217;un voisin voisin poss\u00e9dant une roue \u00e0 eau. Il est \u00e9galement possible de rejoindre le conseil de quartier et d&#8217;entamer ensemble le processus d&#8217;ARP.<\/p>\n<p>En termes de localisation, ce terrain se trouve \u00e0 seulement 3,5 kilom\u00e8tres de la route asphalt\u00e9e et d&#8217;une route de gravier bien entretenue pour y acc\u00e9der. La ville la plus proche, Los Muermos, se trouve \u00e0 seulement 20 minutes (18 km). Depuis l&#8217;a\u00e9roport, vous pouvez vous y rendre en 50 minutes environ.<\/p>\n<p>Profitez du calme et de la tranquillit\u00e9 de la campagne sans sacrifier votre confort gr\u00e2ce \u00e0 un bon signal de t\u00e9l\u00e9communications. La r\u00e9gion offre \u00e9galement des attractions touristiques \u00e0 proximit\u00e9, telles que La Pasada, Maull\u00edn, Los Muermos, Estaquilla, entre autres.<\/p>\n<p><span style=\"color: var( --e-global-color-text ); font-family: var( --e-global-typography-text-font-family ), Sans-serif; font-weight: var( --e-global-typography-text-font-weight ); text-align: var(--text-align);\">Ne manquez pas l&#8217;occasion d&#8217;investir dans ce coin de paradis.&nbsp;<\/span><span style=\"color: var( --e-global-color-text ); font-family: var( --e-global-typography-text-font-family ), Sans-serif; font-weight: var( --e-global-typography-text-font-weight ); text-align: var(--text-align);\">dans Los Muermos ! Contactez-nous d\u00e8s maintenant pour plus d&#8217;informations et pour prendre rendez-vous.&nbsp;<\/span><span style=\"color: var( --e-global-color-text ); font-family: var( --e-global-typography-text-font-family ), Sans-serif; font-weight: var( --e-global-typography-text-font-weight ); text-align: var(--text-align);\">une visite !<\/span><\/p>\t\t\t\t\t\t\t\t<\/div>\n\t\t\t\t\t<\/div>\n\t\t\t\t<\/div>\n\t\t\t\t<\/div>\n\t\t","protected":false},"excerpt":{"rendered":"<p>Terrain ouvert avec belle vue, \u00e0 20 min de Los Muermos. Il dispose de l&#8217;\u00e9lectricit\u00e9, se trouve \u00e0 3,5 km de l&#8217;asphalte et ne fait pas partie d&#8217;un projet.<\/p>\n","protected":false},"featured_media":14647,"template":"","meta":{"_acf_changed":false},"product_brand":[],"product_cat":[113],"product_tag":[236],"regiones":[226],"ciudades":[216],"class_list":{"0":"post-14738","1":"product","2":"type-product","3":"status-publish","4":"has-post-thumbnail","6":"product_cat-ohiggins-los-lagos-fr","7":"product_tag-parcelles","8":"regiones-nuble-los_lagos","9":"ciudades-los-muermos","11":"first","12":"instock","13":"sold-individually","14":"shipping-taxable","15":"purchasable","16":"product-type-simple"},"acf":[],"yoast_head":"<!-- This site is optimized with the Yoast SEO Premium plugin v26.0 (Yoast SEO v27.3) - https:\/\/yoast.com\/product\/yoast-seo-premium-wordpress\/ -->\n<title>Parcela Prado Norte - Los Muermos, Regi\u00f3n de los Lagos - Produncan<\/title>\n<meta name=\"description\" content=\"Parcelle de 1 hectare \u00e0 20 minutes de Los Muermos avec prairie d\u00e9gag\u00e9e, belle vue, \u00e9lectricit\u00e9, adduction d&#039;eau et proche de la route ;\" \/>\n<meta name=\"robots\" content=\"index, follow, max-snippet:-1, max-image-preview:large, max-video-preview:-1\" \/>\n<link rel=\"canonical\" href=\"https:\/\/produncan.cl\/fr\/produit\/parcela-prado-norte-los-muermos-r-de-los-lagos\/\" \/>\n<meta property=\"og:locale\" content=\"fr_FR\" \/>\n<meta property=\"og:type\" content=\"article\" \/>\n<meta property=\"og:title\" content=\"Parcela Prado Norte - Los Muermos, Regi\u00f3n de los Lagos\" \/>\n<meta property=\"og:description\" content=\"Parcelle de 1 hectare \u00e0 20 minutes de Los Muermos avec prairie d\u00e9gag\u00e9e, belle vue, \u00e9lectricit\u00e9, adduction d&#039;eau et proche de la route ;\" \/>\n<meta property=\"og:url\" content=\"https:\/\/produncan.cl\/fr\/produit\/parcela-prado-norte-los-muermos-r-de-los-lagos\/\" \/>\n<meta property=\"og:site_name\" content=\"Produncan\" \/>\n<meta property=\"article:publisher\" content=\"https:\/\/web.facebook.com\/produncanland\" \/>\n<meta property=\"article:modified_time\" content=\"2025-08-19T16:01:25+00:00\" \/>\n<meta property=\"og:image\" content=\"https:\/\/produncan.cl\/wp-content\/uploads\/2023\/05\/Presentacion-Parcela-1ha-Los-Muermos.webp\" \/>\n\t<meta property=\"og:image:width\" content=\"600\" \/>\n\t<meta property=\"og:image:height\" content=\"450\" \/>\n\t<meta property=\"og:image:type\" content=\"image\/webp\" \/>\n<meta name=\"twitter:card\" content=\"summary_large_image\" \/>\n<meta name=\"twitter:label1\" content=\"Price\" \/>\n\t<meta name=\"twitter:data1\" content=\"USD31.600,00\" \/>\n\t<meta name=\"twitter:label2\" content=\"Availability\" \/>\n\t<meta name=\"twitter:data2\" content=\"In stock\" \/>\n<script type=\"application\/ld+json\" class=\"yoast-schema-graph\">{\"@context\":\"https:\\\/\\\/schema.org\",\"@graph\":[{\"@type\":\"WebPage\",\"@id\":\"https:\\\/\\\/produncan.cl\\\/fr\\\/produit\\\/parcela-prado-norte-los-muermos-r-de-los-lagos\\\/\",\"url\":\"https:\\\/\\\/produncan.cl\\\/fr\\\/produit\\\/parcela-prado-norte-los-muermos-r-de-los-lagos\\\/\",\"name\":\"Parcela Prado Norte - Los Muermos, Regi\u00f3n de los Lagos - Produncan\",\"isPartOf\":{\"@id\":\"https:\\\/\\\/produncan.cl\\\/fr\\\/#website\"},\"primaryImageOfPage\":{\"@id\":\"https:\\\/\\\/produncan.cl\\\/fr\\\/produit\\\/parcela-prado-norte-los-muermos-r-de-los-lagos\\\/#primaryimage\"},\"image\":{\"@id\":\"https:\\\/\\\/produncan.cl\\\/fr\\\/produit\\\/parcela-prado-norte-los-muermos-r-de-los-lagos\\\/#primaryimage\"},\"thumbnailUrl\":\"https:\\\/\\\/produncan.cl\\\/wp-content\\\/uploads\\\/2023\\\/05\\\/Presentacion-Parcela-1ha-Los-Muermos.webp\",\"datePublished\":\"2023-05-11T20:40:41+00:00\",\"dateModified\":\"2025-08-19T16:01:25+00:00\",\"description\":\"Parcelle de 1 hectare \u00e0 20 minutes de Los Muermos avec prairie d\u00e9gag\u00e9e, belle vue, \u00e9lectricit\u00e9, adduction d'eau et proche de la route ;\",\"breadcrumb\":{\"@id\":\"https:\\\/\\\/produncan.cl\\\/fr\\\/produit\\\/parcela-prado-norte-los-muermos-r-de-los-lagos\\\/#breadcrumb\"},\"inLanguage\":\"fr-FR\",\"potentialAction\":[{\"@type\":\"ReadAction\",\"target\":[\"https:\\\/\\\/produncan.cl\\\/fr\\\/produit\\\/parcela-prado-norte-los-muermos-r-de-los-lagos\\\/\"]}]},{\"@type\":\"ImageObject\",\"inLanguage\":\"fr-FR\",\"@id\":\"https:\\\/\\\/produncan.cl\\\/fr\\\/produit\\\/parcela-prado-norte-los-muermos-r-de-los-lagos\\\/#primaryimage\",\"url\":\"https:\\\/\\\/produncan.cl\\\/wp-content\\\/uploads\\\/2023\\\/05\\\/Presentacion-Parcela-1ha-Los-Muermos.webp\",\"contentUrl\":\"https:\\\/\\\/produncan.cl\\\/wp-content\\\/uploads\\\/2023\\\/05\\\/Presentacion-Parcela-1ha-Los-Muermos.webp\",\"width\":600,\"height\":450},{\"@type\":\"BreadcrumbList\",\"@id\":\"https:\\\/\\\/produncan.cl\\\/fr\\\/produit\\\/parcela-prado-norte-los-muermos-r-de-los-lagos\\\/#breadcrumb\",\"itemListElement\":[{\"@type\":\"ListItem\",\"position\":1,\"name\":\"Inicio\",\"item\":\"https:\\\/\\\/produncan.cl\\\/fr\\\/\"},{\"@type\":\"ListItem\",\"position\":2,\"name\":\"Propri\u00e9t\u00e9s\",\"item\":\"https:\\\/\\\/produncan.cl\\\/propiedades\\\/\"},{\"@type\":\"ListItem\",\"position\":3,\"name\":\"Parcelles\",\"item\":\"https:\\\/\\\/produncan.cl\\\/fr\\\/cat&eacute;gorie\\\/parcelles\\\/\"},{\"@type\":\"ListItem\",\"position\":4,\"name\":\"Parcela Prado Norte &#8211; Los Muermos, Regi\u00f3n de los Lagos\"}]},{\"@type\":\"WebSite\",\"@id\":\"https:\\\/\\\/produncan.cl\\\/fr\\\/#website\",\"url\":\"https:\\\/\\\/produncan.cl\\\/fr\\\/\",\"name\":\"Produncan\",\"description\":\"Nous vous accompagnons dans votre projet de vie !\",\"publisher\":{\"@id\":\"https:\\\/\\\/produncan.cl\\\/fr\\\/#organization\"},\"potentialAction\":[{\"@type\":\"SearchAction\",\"target\":{\"@type\":\"EntryPoint\",\"urlTemplate\":\"https:\\\/\\\/produncan.cl\\\/fr\\\/?s={search_term_string}\"},\"query-input\":{\"@type\":\"PropertyValueSpecification\",\"valueRequired\":true,\"valueName\":\"search_term_string\"}}],\"inLanguage\":\"fr-FR\"},{\"@type\":\"Organization\",\"@id\":\"https:\\\/\\\/produncan.cl\\\/fr\\\/#organization\",\"name\":\"Produncan\",\"url\":\"https:\\\/\\\/produncan.cl\\\/fr\\\/\",\"logo\":{\"@type\":\"ImageObject\",\"inLanguage\":\"fr-FR\",\"@id\":\"https:\\\/\\\/produncan.cl\\\/fr\\\/#\\\/schema\\\/logo\\\/image\\\/\",\"url\":\"https:\\\/\\\/produncan.cl\\\/wp-content\\\/uploads\\\/2021\\\/03\\\/LOGO.jpeg\",\"contentUrl\":\"https:\\\/\\\/produncan.cl\\\/wp-content\\\/uploads\\\/2021\\\/03\\\/LOGO.jpeg\",\"width\":1280,\"height\":903,\"caption\":\"Produncan\"},\"image\":{\"@id\":\"https:\\\/\\\/produncan.cl\\\/fr\\\/#\\\/schema\\\/logo\\\/image\\\/\"},\"sameAs\":[\"https:\\\/\\\/web.facebook.com\\\/produncanland\",\"https:\\\/\\\/www.instagram.com\\\/pro_duncan\\\/\",\"https:\\\/\\\/www.linkedin.com\\\/company\\\/produncan-lands\\\/\",\"https:\\\/\\\/www.youtube.com\\\/channel\\\/UCu7N-f3x0svkazD-Eew1-QQ\"],\"description\":\"En Produncan somos especialistas en la venta de terrenos en el sur de Chile. Proveemos estancias, campos, parcelas y hoteles.\",\"email\":\"info@produncan.cl\"}]}<\/script>\n<meta property=\"og:video\" content=\"https:\/\/www.youtube.com\/embed\/UanYlunINE0\" \/>\n<meta property=\"og:video:type\" content=\"text\/html\" \/>\n<meta property=\"og:video:duration\" content=\"65\" \/>\n<meta property=\"og:video:width\" content=\"480\" \/>\n<meta property=\"og:video:height\" content=\"360\" \/>\n<meta property=\"ya:ovs:adult\" content=\"false\" \/>\n<meta property=\"ya:ovs:upload_date\" content=\"2023-05-11T20:40:41+00:00\" \/>\n<meta property=\"ya:ovs:allow_embed\" content=\"true\" \/>\n<meta property=\"product:price:amount\" content=\"31600.00\" \/>\n<meta property=\"product:price:currency\" content=\"USD\" \/>\n<meta property=\"og:availability\" content=\"instock\" \/>\n<meta property=\"product:availability\" content=\"instock\" \/>\n<meta property=\"product:condition\" content=\"new\" \/>\n<!-- \/ Yoast SEO Premium plugin. -->","yoast_head_json":{"title":"Parcela Prado Norte - Los Muermos, Regi\u00f3n de los Lagos - Produncan","description":"Parcelle de 1 hectare \u00e0 20 minutes de Los Muermos avec prairie d\u00e9gag\u00e9e, belle vue, \u00e9lectricit\u00e9, adduction d'eau et proche de la route ;","robots":{"index":"index","follow":"follow","max-snippet":"max-snippet:-1","max-image-preview":"max-image-preview:large","max-video-preview":"max-video-preview:-1"},"canonical":"https:\/\/produncan.cl\/fr\/produit\/parcela-prado-norte-los-muermos-r-de-los-lagos\/","og_locale":"fr_FR","og_type":"article","og_title":"Parcela Prado Norte - Los Muermos, Regi\u00f3n de los Lagos","og_description":"Parcelle de 1 hectare \u00e0 20 minutes de Los Muermos avec prairie d\u00e9gag\u00e9e, belle vue, \u00e9lectricit\u00e9, adduction d'eau et proche de la route ;","og_url":"https:\/\/produncan.cl\/fr\/produit\/parcela-prado-norte-los-muermos-r-de-los-lagos\/","og_site_name":"Produncan","article_publisher":"https:\/\/web.facebook.com\/produncanland","article_modified_time":"2025-08-19T16:01:25+00:00","og_image":[{"width":600,"height":450,"url":"https:\/\/produncan.cl\/wp-content\/uploads\/2023\/05\/Presentacion-Parcela-1ha-Los-Muermos.webp","type":"image\/webp"}],"twitter_card":"summary_large_image","twitter_misc":{"Price":"USD31.600,00","Availability":"In stock"},"schema":{"@context":"https:\/\/schema.org","@graph":[{"@type":"WebPage","@id":"https:\/\/produncan.cl\/fr\/produit\/parcela-prado-norte-los-muermos-r-de-los-lagos\/","url":"https:\/\/produncan.cl\/fr\/produit\/parcela-prado-norte-los-muermos-r-de-los-lagos\/","name":"Parcela Prado Norte - Los Muermos, Regi\u00f3n de los Lagos - Produncan","isPartOf":{"@id":"https:\/\/produncan.cl\/fr\/#website"},"primaryImageOfPage":{"@id":"https:\/\/produncan.cl\/fr\/produit\/parcela-prado-norte-los-muermos-r-de-los-lagos\/#primaryimage"},"image":{"@id":"https:\/\/produncan.cl\/fr\/produit\/parcela-prado-norte-los-muermos-r-de-los-lagos\/#primaryimage"},"thumbnailUrl":"https:\/\/produncan.cl\/wp-content\/uploads\/2023\/05\/Presentacion-Parcela-1ha-Los-Muermos.webp","datePublished":"2023-05-11T20:40:41+00:00","dateModified":"2025-08-19T16:01:25+00:00","description":"Parcelle de 1 hectare \u00e0 20 minutes de Los Muermos avec prairie d\u00e9gag\u00e9e, belle vue, \u00e9lectricit\u00e9, adduction d'eau et proche de la route ;","breadcrumb":{"@id":"https:\/\/produncan.cl\/fr\/produit\/parcela-prado-norte-los-muermos-r-de-los-lagos\/#breadcrumb"},"inLanguage":"fr-FR","potentialAction":[{"@type":"ReadAction","target":["https:\/\/produncan.cl\/fr\/produit\/parcela-prado-norte-los-muermos-r-de-los-lagos\/"]}]},{"@type":"ImageObject","inLanguage":"fr-FR","@id":"https:\/\/produncan.cl\/fr\/produit\/parcela-prado-norte-los-muermos-r-de-los-lagos\/#primaryimage","url":"https:\/\/produncan.cl\/wp-content\/uploads\/2023\/05\/Presentacion-Parcela-1ha-Los-Muermos.webp","contentUrl":"https:\/\/produncan.cl\/wp-content\/uploads\/2023\/05\/Presentacion-Parcela-1ha-Los-Muermos.webp","width":600,"height":450},{"@type":"BreadcrumbList","@id":"https:\/\/produncan.cl\/fr\/produit\/parcela-prado-norte-los-muermos-r-de-los-lagos\/#breadcrumb","itemListElement":[{"@type":"ListItem","position":1,"name":"Inicio","item":"https:\/\/produncan.cl\/fr\/"},{"@type":"ListItem","position":2,"name":"Propri\u00e9t\u00e9s","item":"https:\/\/produncan.cl\/propiedades\/"},{"@type":"ListItem","position":3,"name":"Parcelles","item":"https:\/\/produncan.cl\/fr\/cat&eacute;gorie\/parcelles\/"},{"@type":"ListItem","position":4,"name":"Parcela Prado Norte &#8211; Los Muermos, Regi\u00f3n de los Lagos"}]},{"@type":"WebSite","@id":"https:\/\/produncan.cl\/fr\/#website","url":"https:\/\/produncan.cl\/fr\/","name":"Produncan","description":"Nous vous accompagnons dans votre projet de vie !","publisher":{"@id":"https:\/\/produncan.cl\/fr\/#organization"},"potentialAction":[{"@type":"SearchAction","target":{"@type":"EntryPoint","urlTemplate":"https:\/\/produncan.cl\/fr\/?s={search_term_string}"},"query-input":{"@type":"PropertyValueSpecification","valueRequired":true,"valueName":"search_term_string"}}],"inLanguage":"fr-FR"},{"@type":"Organization","@id":"https:\/\/produncan.cl\/fr\/#organization","name":"Produncan","url":"https:\/\/produncan.cl\/fr\/","logo":{"@type":"ImageObject","inLanguage":"fr-FR","@id":"https:\/\/produncan.cl\/fr\/#\/schema\/logo\/image\/","url":"https:\/\/produncan.cl\/wp-content\/uploads\/2021\/03\/LOGO.jpeg","contentUrl":"https:\/\/produncan.cl\/wp-content\/uploads\/2021\/03\/LOGO.jpeg","width":1280,"height":903,"caption":"Produncan"},"image":{"@id":"https:\/\/produncan.cl\/fr\/#\/schema\/logo\/image\/"},"sameAs":["https:\/\/web.facebook.com\/produncanland","https:\/\/www.instagram.com\/pro_duncan\/","https:\/\/www.linkedin.com\/company\/produncan-lands\/","https:\/\/www.youtube.com\/channel\/UCu7N-f3x0svkazD-Eew1-QQ"],"description":"En Produncan somos especialistas en la venta de terrenos en el sur de Chile. Proveemos estancias, campos, parcelas y hoteles.","email":"info@produncan.cl"}]},"og_video":"https:\/\/www.youtube.com\/embed\/UanYlunINE0","og_video_type":"text\/html","og_video_duration":"65","og_video_width":"480","og_video_height":"360","ya_ovs_adult":"false","ya_ovs_upload_date":"2023-05-11T20:40:41+00:00","ya_ovs_allow_embed":"true","product_price_amount":"31600.00","product_price_currency":"USD","og_availability":"instock","product_availability":"instock","product_condition":"new"},"_links":{"self":[{"href":"https:\/\/produncan.cl\/fr\/wp-json\/wp\/v2\/product\/14738","targetHints":{"allow":["GET"]}}],"collection":[{"href":"https:\/\/produncan.cl\/fr\/wp-json\/wp\/v2\/product"}],"about":[{"href":"https:\/\/produncan.cl\/fr\/wp-json\/wp\/v2\/types\/product"}],"version-history":[{"count":0,"href":"https:\/\/produncan.cl\/fr\/wp-json\/wp\/v2\/product\/14738\/revisions"}],"wp:featuredmedia":[{"embeddable":true,"href":"https:\/\/produncan.cl\/fr\/wp-json\/wp\/v2\/media\/14647"}],"wp:attachment":[{"href":"https:\/\/produncan.cl\/fr\/wp-json\/wp\/v2\/media?parent=14738"}],"wp:term":[{"taxonomy":"product_brand","embeddable":true,"href":"https:\/\/produncan.cl\/fr\/wp-json\/wp\/v2\/product_brand?post=14738"},{"taxonomy":"product_cat","embeddable":true,"href":"https:\/\/produncan.cl\/fr\/wp-json\/wp\/v2\/product_cat?post=14738"},{"taxonomy":"product_tag","embeddable":true,"href":"https:\/\/produncan.cl\/fr\/wp-json\/wp\/v2\/product_tag?post=14738"},{"taxonomy":"regiones","embeddable":true,"href":"https:\/\/produncan.cl\/fr\/wp-json\/wp\/v2\/regiones?post=14738"},{"taxonomy":"ciudades","embeddable":true,"href":"https:\/\/produncan.cl\/fr\/wp-json\/wp\/v2\/ciudades?post=14738"}],"curies":[{"name":"wp","href":"https:\/\/api.w.org\/{rel}","templated":true}]}}