{"id":15946,"date":"2023-05-18T18:02:38","date_gmt":"2023-05-18T22:02:38","guid":{"rendered":"https:\/\/produncan.cl\/producto\/la-maison-du-lac-villarrica-r-de-la-araucania\/"},"modified":"2025-08-19T11:46:40","modified_gmt":"2025-08-19T15:46:40","slug":"la-maison-du-lac-villarrica-r-de-la-araucania","status":"publish","type":"product","link":"https:\/\/produncan.cl\/fr\/produit\/la-maison-du-lac-villarrica-r-de-la-araucania\/","title":{"rendered":"Maison au bord du lac &#8211; Lac de Villarrica &#8211; R\u00e9gion Araucan\u00eda"},"content":{"rendered":"\t\t<div data-elementor-type=\"product-post\" data-elementor-id=\"15946\" class=\"elementor elementor-15946 elementor-14893\" data-elementor-post-type=\"product\">\n\t\t\t\t<div class=\"elementor-element elementor-element-72b0b28 e-flex e-con-boxed e-con e-parent\" data-id=\"72b0b28\" data-element_type=\"container\" data-e-type=\"container\" data-settings=\"{&quot;jet_parallax_layout_list&quot;:[]}\">\n\t\t\t\t\t<div class=\"e-con-inner\">\n\t\t\t\t<div class=\"elementor-element elementor-element-265a359 elementor-widget elementor-widget-heading\" data-id=\"265a359\" data-element_type=\"widget\" data-e-type=\"widget\" data-widget_type=\"heading.default\">\n\t\t\t\t\t<h2 class=\"elementor-heading-title elementor-size-default\">Bienvenue dans votre paradis priv\u00e9 sur le lac Villarrica ! <\/h2>\t\t\t\t<\/div>\n\t\t\t\t\t<\/div>\n\t\t\t\t<\/div>\n\t\t<div class=\"elementor-element elementor-element-87f3450 e-flex e-con-boxed e-con e-parent\" data-id=\"87f3450\" data-element_type=\"container\" data-e-type=\"container\" data-settings=\"{&quot;jet_parallax_layout_list&quot;:[]}\">\n\t\t\t\t\t<div class=\"e-con-inner\">\n\t\t\t\t<div class=\"elementor-element elementor-element-78918b2 elementor-widget elementor-widget-text-editor\" data-id=\"78918b2\" data-element_type=\"widget\" data-e-type=\"widget\" data-widget_type=\"text-editor.default\">\n\t\t\t\t\t\t\t\t\t<p>Cette spectaculaire maison au bord du lac, situ\u00e9e \u00e0 Villarrica et avec un acc\u00e8s direct \u00e0 la route asphalt\u00e9e, est \u00e0 vendre pour UF113.000. Avec une superficie totale de 13.847m\u00b2, la propri\u00e9t\u00e9 a tout ce que vous recherchez dans une maison de lac : des terrains spacieux, des espaces verts et une vue imprenable sur le lac de Villarrica et la cha\u00eene de montagnes, avec une exposition nord.<\/p>\n<p>La propri\u00e9t\u00e9 comprend une maison principale, une maison d&#8217;amis, une maison de gardien, une piscine, un hangar, une pergola, deux barbecues et un d\u00e9barcad\u00e8re avec quai. Le tout repr\u00e9sentant une surface construite de 546m\u00b2.<\/p>\n<p>La maison principale, r\u00e9nov\u00e9e en 2004, offre 183,6m\u00b2 de surface utilisable et 298m\u00b2 de surface totale. Il se compose de 5 chambres au total, dont 2 en suite et 1 chambre de service, 4 salles de bains, une grande terrasse avec vue sur le lac, et une cuisine ouverte sur le salon-salle \u00e0 manger. En outre, il y a deux salles de stockage 2&#215;2 et un parking pour 4 v\u00e9hicules, bien qu&#8217;il y ait plus d&#8217;espace de stationnement sur la m\u00eame propri\u00e9t\u00e9.<\/p>\n<p>En termes de services, elle dispose d&#8217;un puits avec \u00e9tang et d&#8217;un r\u00e9seau \u00e9lectrique souterrain monophas\u00e9 et triphas\u00e9. En termes de t\u00e9l\u00e9communications, il dispose de la fibre optique de la soci\u00e9t\u00e9 Telsur.<\/p>\n<p>En plus de la maison principale, la propri\u00e9t\u00e9 comprend une maison d&#8217;h\u00f4tes et une maison de locataire, chacune avec son propre salon, sa salle \u00e0 manger, sa cuisine int\u00e9gr\u00e9e et ses chambres. Il y a \u00e9galement un hangar de mise en \u0153uvre nautique qui peut \u00eatre utilis\u00e9 comme parking couvert en \u00e9t\u00e9, une piscine de 77,5 m\u00b2 et un espace barbecue ouvert pour profiter de l&#8217;ext\u00e9rieur.<\/p>\n<p>Le terrain, enti\u00e8rement cl\u00f4tur\u00e9 avec du grillage Acma galvanis\u00e9, est en grande partie plat avec une l\u00e9g\u00e8re pente vers la route goudronn\u00e9e. Les arbres fruitiers et la v\u00e9g\u00e9tation luxuriante et color\u00e9e cr\u00e9ent un environnement serein et priv\u00e9.<\/p>\n<p>De plus, cette propri\u00e9t\u00e9 borde le lac de Villarrica sur 95 m\u00e8tres, ce qui lui conf\u00e8re une vue imprenable sur l&#8217;eau et permet un acc\u00e8s direct pour pratiquer des activit\u00e9s nautiques. Il dispose \u00e9galement d&#8217;un d\u00e9barcad\u00e8re et d&#8217;une jet\u00e9e avec des quais.<\/p>\n<p><span style=\"color: var( --e-global-color-text ); font-family: var( --e-global-typography-text-font-family ), Sans-serif; font-weight: var( --e-global-typography-text-font-weight ); text-align: var(--text-align);\">L&#8217;emplacement est excellent, car il se trouve dans un secteur rural, o\u00f9 l&#8217;on trouve principalement des touristes et des r\u00e9sidences secondaires, ainsi qu&#8217;un habitat de faible densit\u00e9. Il se trouve \u00e0 seulement 9 km de Villarrica et \u00e0 une heure de l&#8217;a\u00e9roport de La Araucan\u00eda &#8211; Temuco. Les transports en commun sont disponibles juste \u00e0 l&#8217;ext\u00e9rieur de l&#8217;\u00e9tablissement et les attractions \u00e0 proximit\u00e9, telles que le lac Villarrica, le volcan Villarrica, le parc national Villarrica, le lac Caburga, les sources thermales g\u00e9othermiques et la r\u00e9serve Huilo Huilo, offrent des possibilit\u00e9s d&#8217;exploration infinies.<\/span><\/p>\n<p>Si vous \u00eates \u00e0 la recherche d&#8217;une grande maison au bord du lac avec une vue imprenable, un large \u00e9ventail d&#8217;\u00e9quipements et un acc\u00e8s facile \u00e0 la nature et \u00e0 la ville, cette propri\u00e9t\u00e9 est faite pour vous.<\/p>\n<p>Ne manquez pas cette occasion unique ! Contactez-nous d\u00e8s maintenant pour plus de d\u00e9tails ou pour planifier une visite.<\/p>\t\t\t\t\t\t\t\t<\/div>\n\t\t\t\t\t<\/div>\n\t\t\t\t<\/div>\n\t\t\t\t<\/div>\n\t\t","protected":false},"excerpt":{"rendered":"<p>Maison avec 95 m\u00e8tres du lac Villarrica en a5&gt; rive \u00e0 avec acc\u00e8s direct \u00e0 route goudronn\u00e9e a11&gt; et 95 mts du lac Villarrica rive. Maison principale, maison d&#8217;amis, gardien, piscine, quai, hangar et aire de barbecue.<\/p>\n","protected":false},"featured_media":15362,"template":"","meta":{"_acf_changed":false},"product_brand":[],"product_cat":[113],"product_tag":[236,237],"regiones":[226],"ciudades":[221],"class_list":{"0":"post-15946","1":"product","2":"type-product","3":"status-publish","4":"has-post-thumbnail","6":"product_cat-ohiggins-los-lagos-fr","7":"product_tag-parcelles","8":"product_tag-proprietes-touristiques","9":"regiones-nuble-los_lagos","10":"ciudades-villarrica","12":"first","13":"instock","14":"shipping-taxable","15":"purchasable","16":"product-type-simple"},"acf":[],"yoast_head":"<!-- This site is optimized with the Yoast SEO Premium plugin v26.0 (Yoast SEO v27.3) - https:\/\/yoast.com\/product\/yoast-seo-premium-wordpress\/ -->\n<title>Maison au bord du lac - Lac de Villarrica - R\u00e9gion Araucan\u00eda - Produncan<\/title>\n<meta name=\"description\" content=\"Spectaculaire propri\u00e9t\u00e9 avec acc\u00e8s direct \u00e0 la route asphalt\u00e9e, 95 mts de bord de lac, surface de 13.847m\u00b2, piscine, cabanon, pergola, deux barbecues ;\" \/>\n<meta name=\"robots\" content=\"index, follow, max-snippet:-1, max-image-preview:large, max-video-preview:-1\" \/>\n<link rel=\"canonical\" href=\"https:\/\/produncan.cl\/fr\/produit\/la-maison-du-lac-villarrica-r-de-la-araucania\/\" \/>\n<meta property=\"og:locale\" content=\"fr_FR\" \/>\n<meta property=\"og:type\" content=\"article\" \/>\n<meta property=\"og:title\" content=\"Maison au bord du lac - Lac de Villarrica - R\u00e9gion Araucan\u00eda\" \/>\n<meta property=\"og:description\" content=\"Spectaculaire propri\u00e9t\u00e9 avec acc\u00e8s direct \u00e0 la route asphalt\u00e9e, 95 mts de bord de lac, surface de 13.847m\u00b2, piscine, cabanon, pergola, deux barbecues ;\" \/>\n<meta property=\"og:url\" content=\"https:\/\/produncan.cl\/fr\/produit\/la-maison-du-lac-villarrica-r-de-la-araucania\/\" \/>\n<meta property=\"og:site_name\" content=\"Produncan\" \/>\n<meta property=\"article:publisher\" content=\"https:\/\/web.facebook.com\/produncanland\" \/>\n<meta property=\"article:modified_time\" content=\"2025-08-19T15:46:40+00:00\" \/>\n<meta property=\"og:image\" content=\"https:\/\/produncan.cl\/wp-content\/uploads\/2023\/05\/Presentacion-La-Casa-del-Lago-Villarrica.webp\" \/>\n\t<meta property=\"og:image:width\" content=\"600\" \/>\n\t<meta property=\"og:image:height\" content=\"450\" \/>\n\t<meta property=\"og:image:type\" content=\"image\/webp\" \/>\n<meta name=\"twitter:card\" content=\"summary_large_image\" \/>\n<meta name=\"twitter:label1\" content=\"Price\" \/>\n\t<meta name=\"twitter:data1\" content=\"USD4.891.500,00\" \/>\n\t<meta name=\"twitter:label2\" content=\"Availability\" \/>\n\t<meta name=\"twitter:data2\" content=\"In stock\" \/>\n<script type=\"application\/ld+json\" class=\"yoast-schema-graph\">{\"@context\":\"https:\\\/\\\/schema.org\",\"@graph\":[{\"@type\":\"WebPage\",\"@id\":\"https:\\\/\\\/produncan.cl\\\/fr\\\/produit\\\/la-maison-du-lac-villarrica-r-de-la-araucania\\\/\",\"url\":\"https:\\\/\\\/produncan.cl\\\/fr\\\/produit\\\/la-maison-du-lac-villarrica-r-de-la-araucania\\\/\",\"name\":\"Maison au bord du lac - Lac de Villarrica - R\u00e9gion Araucan\u00eda - Produncan\",\"isPartOf\":{\"@id\":\"https:\\\/\\\/produncan.cl\\\/fr\\\/#website\"},\"primaryImageOfPage\":{\"@id\":\"https:\\\/\\\/produncan.cl\\\/fr\\\/produit\\\/la-maison-du-lac-villarrica-r-de-la-araucania\\\/#primaryimage\"},\"image\":{\"@id\":\"https:\\\/\\\/produncan.cl\\\/fr\\\/produit\\\/la-maison-du-lac-villarrica-r-de-la-araucania\\\/#primaryimage\"},\"thumbnailUrl\":\"https:\\\/\\\/produncan.cl\\\/wp-content\\\/uploads\\\/2023\\\/05\\\/Presentacion-La-Casa-del-Lago-Villarrica.webp\",\"datePublished\":\"2023-05-18T22:02:38+00:00\",\"dateModified\":\"2025-08-19T15:46:40+00:00\",\"description\":\"Spectaculaire propri\u00e9t\u00e9 avec acc\u00e8s direct \u00e0 la route asphalt\u00e9e, 95 mts de bord de lac, surface de 13.847m\u00b2, piscine, cabanon, pergola, deux barbecues ;\",\"breadcrumb\":{\"@id\":\"https:\\\/\\\/produncan.cl\\\/fr\\\/produit\\\/la-maison-du-lac-villarrica-r-de-la-araucania\\\/#breadcrumb\"},\"inLanguage\":\"fr-FR\",\"potentialAction\":[{\"@type\":\"ReadAction\",\"target\":[\"https:\\\/\\\/produncan.cl\\\/fr\\\/produit\\\/la-maison-du-lac-villarrica-r-de-la-araucania\\\/\"]}]},{\"@type\":\"ImageObject\",\"inLanguage\":\"fr-FR\",\"@id\":\"https:\\\/\\\/produncan.cl\\\/fr\\\/produit\\\/la-maison-du-lac-villarrica-r-de-la-araucania\\\/#primaryimage\",\"url\":\"https:\\\/\\\/produncan.cl\\\/wp-content\\\/uploads\\\/2023\\\/05\\\/Presentacion-La-Casa-del-Lago-Villarrica.webp\",\"contentUrl\":\"https:\\\/\\\/produncan.cl\\\/wp-content\\\/uploads\\\/2023\\\/05\\\/Presentacion-La-Casa-del-Lago-Villarrica.webp\",\"width\":600,\"height\":450},{\"@type\":\"BreadcrumbList\",\"@id\":\"https:\\\/\\\/produncan.cl\\\/fr\\\/produit\\\/la-maison-du-lac-villarrica-r-de-la-araucania\\\/#breadcrumb\",\"itemListElement\":[{\"@type\":\"ListItem\",\"position\":1,\"name\":\"Inicio\",\"item\":\"https:\\\/\\\/produncan.cl\\\/fr\\\/\"},{\"@type\":\"ListItem\",\"position\":2,\"name\":\"Propri\u00e9t\u00e9s\",\"item\":\"https:\\\/\\\/produncan.cl\\\/propiedades\\\/\"},{\"@type\":\"ListItem\",\"position\":3,\"name\":\"Parcelles\",\"item\":\"https:\\\/\\\/produncan.cl\\\/fr\\\/cat&eacute;gorie\\\/parcelles\\\/\"},{\"@type\":\"ListItem\",\"position\":4,\"name\":\"Maison au bord du lac &#8211; Lac de Villarrica &#8211; R\u00e9gion Araucan\u00eda\"}]},{\"@type\":\"WebSite\",\"@id\":\"https:\\\/\\\/produncan.cl\\\/fr\\\/#website\",\"url\":\"https:\\\/\\\/produncan.cl\\\/fr\\\/\",\"name\":\"Produncan\",\"description\":\"Nous vous accompagnons dans votre projet de vie !\",\"publisher\":{\"@id\":\"https:\\\/\\\/produncan.cl\\\/fr\\\/#organization\"},\"potentialAction\":[{\"@type\":\"SearchAction\",\"target\":{\"@type\":\"EntryPoint\",\"urlTemplate\":\"https:\\\/\\\/produncan.cl\\\/fr\\\/?s={search_term_string}\"},\"query-input\":{\"@type\":\"PropertyValueSpecification\",\"valueRequired\":true,\"valueName\":\"search_term_string\"}}],\"inLanguage\":\"fr-FR\"},{\"@type\":\"Organization\",\"@id\":\"https:\\\/\\\/produncan.cl\\\/fr\\\/#organization\",\"name\":\"Produncan\",\"url\":\"https:\\\/\\\/produncan.cl\\\/fr\\\/\",\"logo\":{\"@type\":\"ImageObject\",\"inLanguage\":\"fr-FR\",\"@id\":\"https:\\\/\\\/produncan.cl\\\/fr\\\/#\\\/schema\\\/logo\\\/image\\\/\",\"url\":\"https:\\\/\\\/produncan.cl\\\/wp-content\\\/uploads\\\/2021\\\/03\\\/LOGO.jpeg\",\"contentUrl\":\"https:\\\/\\\/produncan.cl\\\/wp-content\\\/uploads\\\/2021\\\/03\\\/LOGO.jpeg\",\"width\":1280,\"height\":903,\"caption\":\"Produncan\"},\"image\":{\"@id\":\"https:\\\/\\\/produncan.cl\\\/fr\\\/#\\\/schema\\\/logo\\\/image\\\/\"},\"sameAs\":[\"https:\\\/\\\/web.facebook.com\\\/produncanland\",\"https:\\\/\\\/www.instagram.com\\\/pro_duncan\\\/\",\"https:\\\/\\\/www.linkedin.com\\\/company\\\/produncan-lands\\\/\",\"https:\\\/\\\/www.youtube.com\\\/channel\\\/UCu7N-f3x0svkazD-Eew1-QQ\"],\"description\":\"En Produncan somos especialistas en la venta de terrenos en el sur de Chile. Proveemos estancias, campos, parcelas y hoteles.\",\"email\":\"info@produncan.cl\"}]}<\/script>\n<meta property=\"og:video\" content=\"https:\/\/www.youtube.com\/embed\/msqP6jvRqDA\" \/>\n<meta property=\"og:video:type\" content=\"text\/html\" \/>\n<meta property=\"og:video:duration\" content=\"67\" \/>\n<meta property=\"og:video:width\" content=\"480\" \/>\n<meta property=\"og:video:height\" content=\"360\" \/>\n<meta property=\"ya:ovs:adult\" content=\"false\" \/>\n<meta property=\"ya:ovs:upload_date\" content=\"2023-05-18T22:02:38+00:00\" \/>\n<meta property=\"ya:ovs:allow_embed\" content=\"true\" \/>\n<meta property=\"product:price:amount\" content=\"4891500.00\" \/>\n<meta property=\"product:price:currency\" content=\"USD\" \/>\n<meta property=\"og:availability\" content=\"instock\" \/>\n<meta property=\"product:availability\" content=\"instock\" \/>\n<meta property=\"product:condition\" content=\"new\" \/>\n<!-- \/ Yoast SEO Premium plugin. -->","yoast_head_json":{"title":"Maison au bord du lac - Lac de Villarrica - R\u00e9gion Araucan\u00eda - Produncan","description":"Spectaculaire propri\u00e9t\u00e9 avec acc\u00e8s direct \u00e0 la route asphalt\u00e9e, 95 mts de bord de lac, surface de 13.847m\u00b2, piscine, cabanon, pergola, deux barbecues ;","robots":{"index":"index","follow":"follow","max-snippet":"max-snippet:-1","max-image-preview":"max-image-preview:large","max-video-preview":"max-video-preview:-1"},"canonical":"https:\/\/produncan.cl\/fr\/produit\/la-maison-du-lac-villarrica-r-de-la-araucania\/","og_locale":"fr_FR","og_type":"article","og_title":"Maison au bord du lac - Lac de Villarrica - R\u00e9gion Araucan\u00eda","og_description":"Spectaculaire propri\u00e9t\u00e9 avec acc\u00e8s direct \u00e0 la route asphalt\u00e9e, 95 mts de bord de lac, surface de 13.847m\u00b2, piscine, cabanon, pergola, deux barbecues ;","og_url":"https:\/\/produncan.cl\/fr\/produit\/la-maison-du-lac-villarrica-r-de-la-araucania\/","og_site_name":"Produncan","article_publisher":"https:\/\/web.facebook.com\/produncanland","article_modified_time":"2025-08-19T15:46:40+00:00","og_image":[{"width":600,"height":450,"url":"https:\/\/produncan.cl\/wp-content\/uploads\/2023\/05\/Presentacion-La-Casa-del-Lago-Villarrica.webp","type":"image\/webp"}],"twitter_card":"summary_large_image","twitter_misc":{"Price":"USD4.891.500,00","Availability":"In stock"},"schema":{"@context":"https:\/\/schema.org","@graph":[{"@type":"WebPage","@id":"https:\/\/produncan.cl\/fr\/produit\/la-maison-du-lac-villarrica-r-de-la-araucania\/","url":"https:\/\/produncan.cl\/fr\/produit\/la-maison-du-lac-villarrica-r-de-la-araucania\/","name":"Maison au bord du lac - Lac de Villarrica - R\u00e9gion Araucan\u00eda - Produncan","isPartOf":{"@id":"https:\/\/produncan.cl\/fr\/#website"},"primaryImageOfPage":{"@id":"https:\/\/produncan.cl\/fr\/produit\/la-maison-du-lac-villarrica-r-de-la-araucania\/#primaryimage"},"image":{"@id":"https:\/\/produncan.cl\/fr\/produit\/la-maison-du-lac-villarrica-r-de-la-araucania\/#primaryimage"},"thumbnailUrl":"https:\/\/produncan.cl\/wp-content\/uploads\/2023\/05\/Presentacion-La-Casa-del-Lago-Villarrica.webp","datePublished":"2023-05-18T22:02:38+00:00","dateModified":"2025-08-19T15:46:40+00:00","description":"Spectaculaire propri\u00e9t\u00e9 avec acc\u00e8s direct \u00e0 la route asphalt\u00e9e, 95 mts de bord de lac, surface de 13.847m\u00b2, piscine, cabanon, pergola, deux barbecues ;","breadcrumb":{"@id":"https:\/\/produncan.cl\/fr\/produit\/la-maison-du-lac-villarrica-r-de-la-araucania\/#breadcrumb"},"inLanguage":"fr-FR","potentialAction":[{"@type":"ReadAction","target":["https:\/\/produncan.cl\/fr\/produit\/la-maison-du-lac-villarrica-r-de-la-araucania\/"]}]},{"@type":"ImageObject","inLanguage":"fr-FR","@id":"https:\/\/produncan.cl\/fr\/produit\/la-maison-du-lac-villarrica-r-de-la-araucania\/#primaryimage","url":"https:\/\/produncan.cl\/wp-content\/uploads\/2023\/05\/Presentacion-La-Casa-del-Lago-Villarrica.webp","contentUrl":"https:\/\/produncan.cl\/wp-content\/uploads\/2023\/05\/Presentacion-La-Casa-del-Lago-Villarrica.webp","width":600,"height":450},{"@type":"BreadcrumbList","@id":"https:\/\/produncan.cl\/fr\/produit\/la-maison-du-lac-villarrica-r-de-la-araucania\/#breadcrumb","itemListElement":[{"@type":"ListItem","position":1,"name":"Inicio","item":"https:\/\/produncan.cl\/fr\/"},{"@type":"ListItem","position":2,"name":"Propri\u00e9t\u00e9s","item":"https:\/\/produncan.cl\/propiedades\/"},{"@type":"ListItem","position":3,"name":"Parcelles","item":"https:\/\/produncan.cl\/fr\/cat&eacute;gorie\/parcelles\/"},{"@type":"ListItem","position":4,"name":"Maison au bord du lac &#8211; Lac de Villarrica &#8211; R\u00e9gion Araucan\u00eda"}]},{"@type":"WebSite","@id":"https:\/\/produncan.cl\/fr\/#website","url":"https:\/\/produncan.cl\/fr\/","name":"Produncan","description":"Nous vous accompagnons dans votre projet de vie !","publisher":{"@id":"https:\/\/produncan.cl\/fr\/#organization"},"potentialAction":[{"@type":"SearchAction","target":{"@type":"EntryPoint","urlTemplate":"https:\/\/produncan.cl\/fr\/?s={search_term_string}"},"query-input":{"@type":"PropertyValueSpecification","valueRequired":true,"valueName":"search_term_string"}}],"inLanguage":"fr-FR"},{"@type":"Organization","@id":"https:\/\/produncan.cl\/fr\/#organization","name":"Produncan","url":"https:\/\/produncan.cl\/fr\/","logo":{"@type":"ImageObject","inLanguage":"fr-FR","@id":"https:\/\/produncan.cl\/fr\/#\/schema\/logo\/image\/","url":"https:\/\/produncan.cl\/wp-content\/uploads\/2021\/03\/LOGO.jpeg","contentUrl":"https:\/\/produncan.cl\/wp-content\/uploads\/2021\/03\/LOGO.jpeg","width":1280,"height":903,"caption":"Produncan"},"image":{"@id":"https:\/\/produncan.cl\/fr\/#\/schema\/logo\/image\/"},"sameAs":["https:\/\/web.facebook.com\/produncanland","https:\/\/www.instagram.com\/pro_duncan\/","https:\/\/www.linkedin.com\/company\/produncan-lands\/","https:\/\/www.youtube.com\/channel\/UCu7N-f3x0svkazD-Eew1-QQ"],"description":"En Produncan somos especialistas en la venta de terrenos en el sur de Chile. Proveemos estancias, campos, parcelas y hoteles.","email":"info@produncan.cl"}]},"og_video":"https:\/\/www.youtube.com\/embed\/msqP6jvRqDA","og_video_type":"text\/html","og_video_duration":"67","og_video_width":"480","og_video_height":"360","ya_ovs_adult":"false","ya_ovs_upload_date":"2023-05-18T22:02:38+00:00","ya_ovs_allow_embed":"true","product_price_amount":"4891500.00","product_price_currency":"USD","og_availability":"instock","product_availability":"instock","product_condition":"new"},"_links":{"self":[{"href":"https:\/\/produncan.cl\/fr\/wp-json\/wp\/v2\/product\/15946","targetHints":{"allow":["GET"]}}],"collection":[{"href":"https:\/\/produncan.cl\/fr\/wp-json\/wp\/v2\/product"}],"about":[{"href":"https:\/\/produncan.cl\/fr\/wp-json\/wp\/v2\/types\/product"}],"version-history":[{"count":0,"href":"https:\/\/produncan.cl\/fr\/wp-json\/wp\/v2\/product\/15946\/revisions"}],"wp:featuredmedia":[{"embeddable":true,"href":"https:\/\/produncan.cl\/fr\/wp-json\/wp\/v2\/media\/15362"}],"wp:attachment":[{"href":"https:\/\/produncan.cl\/fr\/wp-json\/wp\/v2\/media?parent=15946"}],"wp:term":[{"taxonomy":"product_brand","embeddable":true,"href":"https:\/\/produncan.cl\/fr\/wp-json\/wp\/v2\/product_brand?post=15946"},{"taxonomy":"product_cat","embeddable":true,"href":"https:\/\/produncan.cl\/fr\/wp-json\/wp\/v2\/product_cat?post=15946"},{"taxonomy":"product_tag","embeddable":true,"href":"https:\/\/produncan.cl\/fr\/wp-json\/wp\/v2\/product_tag?post=15946"},{"taxonomy":"regiones","embeddable":true,"href":"https:\/\/produncan.cl\/fr\/wp-json\/wp\/v2\/regiones?post=15946"},{"taxonomy":"ciudades","embeddable":true,"href":"https:\/\/produncan.cl\/fr\/wp-json\/wp\/v2\/ciudades?post=15946"}],"curies":[{"name":"wp","href":"https:\/\/api.w.org\/{rel}","templated":true}]}}