{"id":15948,"date":"2022-06-01T13:55:56","date_gmt":"2022-06-01T17:55:56","guid":{"rendered":"https:\/\/produncan.cl\/producto\/terrain-el-olivar-colina-r-metropolitana\/"},"modified":"2025-12-26T17:30:19","modified_gmt":"2025-12-26T20:30:19","slug":"parcela-el-olivar-colina-r-metropolitana","status":"publish","type":"product","link":"https:\/\/produncan.cl\/fr\/produit\/parcela-el-olivar-colina-r-metropolitana\/","title":{"rendered":"Parcela El Olivar &#8211; Colina, R\u00e9gion m\u00e9tropolitaine"},"content":{"rendered":"\t\t<div data-elementor-type=\"product-post\" data-elementor-id=\"15948\" class=\"elementor elementor-15948 elementor-15370\" data-elementor-post-type=\"product\">\n\t\t\t\t<div class=\"elementor-element elementor-element-c403cbb e-flex e-con-boxed e-con e-parent\" data-id=\"c403cbb\" data-element_type=\"container\" data-e-type=\"container\" data-settings=\"{&quot;jet_parallax_layout_list&quot;:[]}\">\n\t\t\t\t\t<div class=\"e-con-inner\">\n\t\t\t\t<div class=\"elementor-element elementor-element-3f54f18 elementor-widget elementor-widget-heading\" data-id=\"3f54f18\" data-element_type=\"widget\" data-e-type=\"widget\" data-widget_type=\"heading.default\">\n\t\t\t\t\t<h2 class=\"elementor-heading-title elementor-size-default\">Terrain \u00e0 Colina secteur Chacabuco au bord de l'autoroute !<\/h2>\t\t\t\t<\/div>\n\t\t\t\t\t<\/div>\n\t\t\t\t<\/div>\n\t\t<div class=\"elementor-element elementor-element-23f5bd1 e-flex e-con-boxed e-con e-parent\" data-id=\"23f5bd1\" data-element_type=\"container\" data-e-type=\"container\" data-settings=\"{&quot;jet_parallax_layout_list&quot;:[]}\">\n\t\t\t\t\t<div class=\"e-con-inner\">\n\t\t\t\t<div class=\"elementor-element elementor-element-1ae6eb0 elementor-widget elementor-widget-text-editor\" data-id=\"1ae6eb0\" data-element_type=\"widget\" data-e-type=\"widget\" data-widget_type=\"text-editor.default\">\n\t\t\t\t\t\t\t\t\t<p>Cette belle propri\u00e9t\u00e9 agricole, dont le prix de vente est de 9 466 UF, offre une opportunit\u00e9 exceptionnelle pour ceux qui recherchent un terrain spacieux et polyvalent. D&#8217;une superficie totale de 2,9 hectares, ce terrain pr\u00e9sente toutes les caract\u00e9ristiques n\u00e9cessaires pour changer votre mode de vie !<\/p>\n<p><span style=\"color: var( --e-global-color-text ); font-family: var( --e-global-typography-text-font-family ), Sans-serif; font-weight: var( --e-global-typography-text-font-weight ); text-align: var(--text-align); font-size: 1rem;\">L&#8217;emplacement du terrain est imbattable, avec un acc\u00e8s direct \u00e0 l&#8217;autoroute Los Libertadores, qui passe \u00e0 120 m\u00e8tres de l&#8217;entr\u00e9e de la propri\u00e9t\u00e9. La route menant \u00e0 la propri\u00e9t\u00e9 est goudronn\u00e9e et celle-ci se trouve \u00e0 proximit\u00e9 des villes de Santiago et de Los Andes, ce qui permet d&#8217;acc\u00e9der \u00e0 un large \u00e9ventail de services et de commodit\u00e9s.<\/span><\/p>\n<p><span style=\"color: var( --e-global-color-text ); font-family: var( --e-global-typography-text-font-family ), Sans-serif; font-weight: var( --e-global-typography-text-font-weight ); text-align: var(--text-align); font-size: 1rem;\">La topographie du terrain est plate, ce qui facilite tout projet de construction.<\/span><\/p>\n<p><span style=\"color: var( --e-global-color-text ); font-family: var( --e-global-typography-text-font-family ), Sans-serif; font-weight: var( --e-global-typography-text-font-weight ); text-align: var(--text-align); font-size: 1rem;\">Le terrain comprend \u00e9galement des b\u00e2timents, une cl\u00f4ture autour du p\u00e9rim\u00e8tre et des \u00e9curies pour 12 chevaux, ainsi qu&#8217;un man\u00e8ge. Cela offre une grande flexibilit\u00e9 \u00e0 ceux qui souhaitent d\u00e9velopper une activit\u00e9 li\u00e9e \u00e0 l&#8217;\u00e9quitation ou \u00e0 toute autre activit\u00e9 connexe.<\/span><\/p>\n<p><span style=\"color: var( --e-global-color-text ); font-family: var( --e-global-typography-text-font-family ), Sans-serif; font-weight: var( --e-global-typography-text-font-weight ); text-align: var(--text-align); font-size: 1rem;\">En ce qui concerne les services de base, le terrain est aliment\u00e9 en \u00e9lectricit\u00e9 basse et moyenne tension en face de la propri\u00e9t\u00e9, o\u00f9 il est n\u00e9cessaire de proc\u00e9der \u00e0 son propre raccordement, il a \u00e9galement acc\u00e8s \u00e0 l&#8217;eau potable rurale (APR), avec son propre compteur ; En outre, elle dispose de droits d&#8217;eau sur le canal Chacabuco &#8211; Polpaico, ce qui constitue un avantage consid\u00e9rable pour un projet agricole ou d&#8217;irrigation.<\/span><\/p>\n<p><span style=\"color: var( --e-global-color-text ); font-family: var( --e-global-typography-text-font-family ), Sans-serif; font-weight: var( --e-global-typography-text-font-weight ); text-align: var(--text-align); font-size: 1rem;\">La maison existante sur le terrain a \u00e9t\u00e9 construite en 2011 et offre 130m\u00b2 de surface habitable. Avec un total de 5 chambres et 3 salles de bains, cette maison est parfaite pour les grandes familles ou pour ceux qui souhaitent disposer de beaucoup d&#8217;espace pour leurs invit\u00e9s.<\/span><\/p>\n<p><span style=\"color: var( --e-global-color-text ); font-family: var( --e-global-typography-text-font-family ), Sans-serif; font-weight: var( --e-global-typography-text-font-weight ); text-align: var(--text-align); font-size: 1rem;\">Elle comprend \u00e9galement une terrasse de 30m\u00b2, une loggia de 5m\u00b2 et un parking pour 5 v\u00e9hicules.<\/span><\/p>\n<p><span style=\"color: var( --e-global-color-text ); font-family: var( --e-global-typography-text-font-family ), Sans-serif; font-weight: var( --e-global-typography-text-font-weight ); text-align: var(--text-align); font-size: 1rem;\">La maison dispose de finitions de qualit\u00e9, avec une cuisine ferm\u00e9e, des sols en c\u00e9ramique dans les salles de bains, les chambres et le salon, des fen\u00eatres en bois et une structure de cloisons en m\u00e9tal ; Il y a \u00e9galement une chemin\u00e9e \u00e0 bois pour garder l&#8217;atmosph\u00e8re chaude et confortable pendant les mois d&#8217;hiver.<\/span><\/p>\n<p><span style=\"color: var( --e-global-color-text ); font-family: var( --e-global-typography-text-font-family ), Sans-serif; font-weight: var( --e-global-typography-text-font-weight ); text-align: var(--text-align); font-size: 1rem;\">\u00c0 proximit\u00e9 de la propri\u00e9t\u00e9, vous trouverez des attractions telles que le casino Enjoy Lo Andes, situ\u00e9 \u00e0 13 km, les sources thermales de Colina et le Sanctuaire des Andes. Les transports publics sont assur\u00e9s par des bus interurbains, des colectivos et des transports publics, et le signal des t\u00e9l\u00e9communications est excellent pour toutes les compagnies de t\u00e9l\u00e9phone.<\/span><\/p>\n<p><span style=\"color: var( --e-global-color-text ); font-family: var( --e-global-typography-text-font-family ), Sans-serif; font-weight: var( --e-global-typography-text-font-weight ); text-align: var(--text-align); font-size: 1rem;\">Contactez-nous d\u00e8s aujourd&#8217;hui pour plus d&#8217;informations et pour planifier une visite de ce terrain exceptionnel dans le secteur Chacabuco de Colina. Ne manquez pas cette opportunit\u00e9 d&#8217;investissement et de qualit\u00e9 de vie !<\/span><\/p>\n\t\t\t\t\t\t\t\t<\/div>\n\t\t\t\t\t<\/div>\n\t\t\t\t<\/div>\n\t\t\t\t<\/div>\n\t\t","protected":false},"excerpt":{"rendered":"<p>\u00c0 quelques pas de la route pr\u00e8s de Santiago et Los Andes. Terrain plat, maison de 5 chambres, \u00e9curies pour 12 chevaux, \u00e9lectricit\u00e9 basse et moyenne, eau par APR.<\/p>\n","protected":false},"featured_media":15375,"template":"","meta":{"_acf_changed":false},"product_brand":[],"product_cat":[158],"product_tag":[236],"regiones":[227],"ciudades":[],"class_list":{"0":"post-15948","1":"product","2":"type-product","3":"status-publish","4":"has-post-thumbnail","6":"product_cat-valparaiso-maule-fr","7":"product_tag-parcelles","8":"regiones-valparaiso-maule","10":"first","11":"instock","12":"sold-individually","13":"shipping-taxable","14":"purchasable","15":"product-type-simple"},"acf":[],"yoast_head":"<!-- This site is optimized with the Yoast SEO Premium plugin v26.0 (Yoast SEO v27.3) - https:\/\/yoast.com\/product\/yoast-seo-premium-wordpress\/ -->\n<title>Parcela El Olivar - Colina, R\u00e9gion m\u00e9tropolitaine - Produncan<\/title>\n<meta name=\"description\" content=\"Parcela El Olivar \u00e0 Colina : un endroit calme et privil\u00e9gi\u00e9 pour vivre dans la r\u00e9gion m\u00e9tropolitaine Terrain de 5.000 m\u00b2 avec une vue spectaculaire sur la Cordill\u00e8re des Andes Id\u00e9al pour construire votre maison de campagne ou pour d\u00e9velopper un projet d&#039;agrotourisme\" \/>\n<meta name=\"robots\" content=\"index, follow, max-snippet:-1, max-image-preview:large, max-video-preview:-1\" \/>\n<link rel=\"canonical\" href=\"https:\/\/produncan.cl\/fr\/produit\/parcela-el-olivar-colina-r-metropolitana\/\" \/>\n<meta property=\"og:locale\" content=\"fr_FR\" \/>\n<meta property=\"og:type\" content=\"article\" \/>\n<meta property=\"og:title\" content=\"Parcela El Olivar - Colina, R\u00e9gion m\u00e9tropolitaine\" \/>\n<meta property=\"og:description\" content=\"Parcela El Olivar \u00e0 Colina : un endroit calme et privil\u00e9gi\u00e9 pour vivre dans la r\u00e9gion m\u00e9tropolitaine Terrain de 5.000 m\u00b2 avec une vue spectaculaire sur la Cordill\u00e8re des Andes Id\u00e9al pour construire votre maison de campagne ou pour d\u00e9velopper un projet d&#039;agrotourisme\" \/>\n<meta property=\"og:url\" content=\"https:\/\/produncan.cl\/fr\/produit\/parcela-el-olivar-colina-r-metropolitana\/\" \/>\n<meta property=\"og:site_name\" content=\"Produncan\" \/>\n<meta property=\"article:publisher\" content=\"https:\/\/web.facebook.com\/produncanland\" \/>\n<meta property=\"article:modified_time\" content=\"2025-12-26T20:30:19+00:00\" \/>\n<meta property=\"og:image\" content=\"https:\/\/produncan.cl\/wp-content\/uploads\/2023\/06\/Presentacion-Parcela-El-Olivar.webp\" \/>\n\t<meta property=\"og:image:width\" content=\"600\" \/>\n\t<meta property=\"og:image:height\" content=\"450\" \/>\n\t<meta property=\"og:image:type\" content=\"image\/webp\" \/>\n<meta name=\"twitter:card\" content=\"summary_large_image\" \/>\n<meta name=\"twitter:label1\" content=\"Price\" \/>\n\t<meta name=\"twitter:data1\" content=\"USD387.000,00\" \/>\n\t<meta name=\"twitter:label2\" content=\"Availability\" \/>\n\t<meta name=\"twitter:data2\" content=\"In stock\" \/>\n<script type=\"application\/ld+json\" class=\"yoast-schema-graph\">{\"@context\":\"https:\\\/\\\/schema.org\",\"@graph\":[{\"@type\":\"WebPage\",\"@id\":\"https:\\\/\\\/produncan.cl\\\/fr\\\/produit\\\/parcela-el-olivar-colina-r-metropolitana\\\/\",\"url\":\"https:\\\/\\\/produncan.cl\\\/fr\\\/produit\\\/parcela-el-olivar-colina-r-metropolitana\\\/\",\"name\":\"Parcela El Olivar - Colina, R\u00e9gion m\u00e9tropolitaine - Produncan\",\"isPartOf\":{\"@id\":\"https:\\\/\\\/produncan.cl\\\/fr\\\/#website\"},\"primaryImageOfPage\":{\"@id\":\"https:\\\/\\\/produncan.cl\\\/fr\\\/produit\\\/parcela-el-olivar-colina-r-metropolitana\\\/#primaryimage\"},\"image\":{\"@id\":\"https:\\\/\\\/produncan.cl\\\/fr\\\/produit\\\/parcela-el-olivar-colina-r-metropolitana\\\/#primaryimage\"},\"thumbnailUrl\":\"https:\\\/\\\/produncan.cl\\\/wp-content\\\/uploads\\\/2023\\\/06\\\/Presentacion-Parcela-El-Olivar.webp\",\"datePublished\":\"2022-06-01T17:55:56+00:00\",\"dateModified\":\"2025-12-26T20:30:19+00:00\",\"description\":\"Parcela El Olivar \u00e0 Colina : un endroit calme et privil\u00e9gi\u00e9 pour vivre dans la r\u00e9gion m\u00e9tropolitaine Terrain de 5.000 m\u00b2 avec une vue spectaculaire sur la Cordill\u00e8re des Andes Id\u00e9al pour construire votre maison de campagne ou pour d\u00e9velopper un projet d'agrotourisme\",\"breadcrumb\":{\"@id\":\"https:\\\/\\\/produncan.cl\\\/fr\\\/produit\\\/parcela-el-olivar-colina-r-metropolitana\\\/#breadcrumb\"},\"inLanguage\":\"fr-FR\",\"potentialAction\":[{\"@type\":\"ReadAction\",\"target\":[\"https:\\\/\\\/produncan.cl\\\/fr\\\/produit\\\/parcela-el-olivar-colina-r-metropolitana\\\/\"]}]},{\"@type\":\"ImageObject\",\"inLanguage\":\"fr-FR\",\"@id\":\"https:\\\/\\\/produncan.cl\\\/fr\\\/produit\\\/parcela-el-olivar-colina-r-metropolitana\\\/#primaryimage\",\"url\":\"https:\\\/\\\/produncan.cl\\\/wp-content\\\/uploads\\\/2023\\\/06\\\/Presentacion-Parcela-El-Olivar.webp\",\"contentUrl\":\"https:\\\/\\\/produncan.cl\\\/wp-content\\\/uploads\\\/2023\\\/06\\\/Presentacion-Parcela-El-Olivar.webp\",\"width\":600,\"height\":450},{\"@type\":\"BreadcrumbList\",\"@id\":\"https:\\\/\\\/produncan.cl\\\/fr\\\/produit\\\/parcela-el-olivar-colina-r-metropolitana\\\/#breadcrumb\",\"itemListElement\":[{\"@type\":\"ListItem\",\"position\":1,\"name\":\"Inicio\",\"item\":\"https:\\\/\\\/produncan.cl\\\/fr\\\/\"},{\"@type\":\"ListItem\",\"position\":2,\"name\":\"Propri\u00e9t\u00e9s\",\"item\":\"https:\\\/\\\/produncan.cl\\\/propiedades\\\/\"},{\"@type\":\"ListItem\",\"position\":3,\"name\":\"Parcelles\",\"item\":\"https:\\\/\\\/produncan.cl\\\/fr\\\/cat&eacute;gorie\\\/parcelles\\\/\"},{\"@type\":\"ListItem\",\"position\":4,\"name\":\"Parcela El Olivar &#8211; Colina, R\u00e9gion m\u00e9tropolitaine\"}]},{\"@type\":\"WebSite\",\"@id\":\"https:\\\/\\\/produncan.cl\\\/fr\\\/#website\",\"url\":\"https:\\\/\\\/produncan.cl\\\/fr\\\/\",\"name\":\"Produncan\",\"description\":\"Nous vous accompagnons dans votre projet de vie !\",\"publisher\":{\"@id\":\"https:\\\/\\\/produncan.cl\\\/fr\\\/#organization\"},\"potentialAction\":[{\"@type\":\"SearchAction\",\"target\":{\"@type\":\"EntryPoint\",\"urlTemplate\":\"https:\\\/\\\/produncan.cl\\\/fr\\\/?s={search_term_string}\"},\"query-input\":{\"@type\":\"PropertyValueSpecification\",\"valueRequired\":true,\"valueName\":\"search_term_string\"}}],\"inLanguage\":\"fr-FR\"},{\"@type\":\"Organization\",\"@id\":\"https:\\\/\\\/produncan.cl\\\/fr\\\/#organization\",\"name\":\"Produncan\",\"url\":\"https:\\\/\\\/produncan.cl\\\/fr\\\/\",\"logo\":{\"@type\":\"ImageObject\",\"inLanguage\":\"fr-FR\",\"@id\":\"https:\\\/\\\/produncan.cl\\\/fr\\\/#\\\/schema\\\/logo\\\/image\\\/\",\"url\":\"https:\\\/\\\/produncan.cl\\\/wp-content\\\/uploads\\\/2021\\\/03\\\/LOGO.jpeg\",\"contentUrl\":\"https:\\\/\\\/produncan.cl\\\/wp-content\\\/uploads\\\/2021\\\/03\\\/LOGO.jpeg\",\"width\":1280,\"height\":903,\"caption\":\"Produncan\"},\"image\":{\"@id\":\"https:\\\/\\\/produncan.cl\\\/fr\\\/#\\\/schema\\\/logo\\\/image\\\/\"},\"sameAs\":[\"https:\\\/\\\/web.facebook.com\\\/produncanland\",\"https:\\\/\\\/www.instagram.com\\\/pro_duncan\\\/\",\"https:\\\/\\\/www.linkedin.com\\\/company\\\/produncan-lands\\\/\",\"https:\\\/\\\/www.youtube.com\\\/channel\\\/UCu7N-f3x0svkazD-Eew1-QQ\"],\"description\":\"En Produncan somos especialistas en la venta de terrenos en el sur de Chile. Proveemos estancias, campos, parcelas y hoteles.\",\"email\":\"info@produncan.cl\"}]}<\/script>\n<meta property=\"og:video\" content=\"https:\/\/www.youtube.com\/embed\/Wh5M_EThBgM\" \/>\n<meta property=\"og:video:type\" content=\"text\/html\" \/>\n<meta property=\"og:video:duration\" content=\"87\" \/>\n<meta property=\"og:video:width\" content=\"480\" \/>\n<meta property=\"og:video:height\" content=\"360\" \/>\n<meta property=\"ya:ovs:adult\" content=\"false\" \/>\n<meta property=\"ya:ovs:upload_date\" content=\"2022-06-01T17:55:56+00:00\" \/>\n<meta property=\"ya:ovs:allow_embed\" content=\"true\" \/>\n<meta property=\"product:price:amount\" content=\"387000.00\" \/>\n<meta property=\"product:price:currency\" content=\"USD\" \/>\n<meta property=\"og:availability\" content=\"instock\" \/>\n<meta property=\"product:availability\" content=\"instock\" \/>\n<meta property=\"product:condition\" content=\"new\" \/>\n<!-- \/ Yoast SEO Premium plugin. -->","yoast_head_json":{"title":"Parcela El Olivar - Colina, R\u00e9gion m\u00e9tropolitaine - Produncan","description":"Parcela El Olivar \u00e0 Colina : un endroit calme et privil\u00e9gi\u00e9 pour vivre dans la r\u00e9gion m\u00e9tropolitaine Terrain de 5.000 m\u00b2 avec une vue spectaculaire sur la Cordill\u00e8re des Andes Id\u00e9al pour construire votre maison de campagne ou pour d\u00e9velopper un projet d'agrotourisme","robots":{"index":"index","follow":"follow","max-snippet":"max-snippet:-1","max-image-preview":"max-image-preview:large","max-video-preview":"max-video-preview:-1"},"canonical":"https:\/\/produncan.cl\/fr\/produit\/parcela-el-olivar-colina-r-metropolitana\/","og_locale":"fr_FR","og_type":"article","og_title":"Parcela El Olivar - Colina, R\u00e9gion m\u00e9tropolitaine","og_description":"Parcela El Olivar \u00e0 Colina : un endroit calme et privil\u00e9gi\u00e9 pour vivre dans la r\u00e9gion m\u00e9tropolitaine Terrain de 5.000 m\u00b2 avec une vue spectaculaire sur la Cordill\u00e8re des Andes Id\u00e9al pour construire votre maison de campagne ou pour d\u00e9velopper un projet d'agrotourisme","og_url":"https:\/\/produncan.cl\/fr\/produit\/parcela-el-olivar-colina-r-metropolitana\/","og_site_name":"Produncan","article_publisher":"https:\/\/web.facebook.com\/produncanland","article_modified_time":"2025-12-26T20:30:19+00:00","og_image":[{"width":600,"height":450,"url":"https:\/\/produncan.cl\/wp-content\/uploads\/2023\/06\/Presentacion-Parcela-El-Olivar.webp","type":"image\/webp"}],"twitter_card":"summary_large_image","twitter_misc":{"Price":"USD387.000,00","Availability":"In stock"},"schema":{"@context":"https:\/\/schema.org","@graph":[{"@type":"WebPage","@id":"https:\/\/produncan.cl\/fr\/produit\/parcela-el-olivar-colina-r-metropolitana\/","url":"https:\/\/produncan.cl\/fr\/produit\/parcela-el-olivar-colina-r-metropolitana\/","name":"Parcela El Olivar - Colina, R\u00e9gion m\u00e9tropolitaine - Produncan","isPartOf":{"@id":"https:\/\/produncan.cl\/fr\/#website"},"primaryImageOfPage":{"@id":"https:\/\/produncan.cl\/fr\/produit\/parcela-el-olivar-colina-r-metropolitana\/#primaryimage"},"image":{"@id":"https:\/\/produncan.cl\/fr\/produit\/parcela-el-olivar-colina-r-metropolitana\/#primaryimage"},"thumbnailUrl":"https:\/\/produncan.cl\/wp-content\/uploads\/2023\/06\/Presentacion-Parcela-El-Olivar.webp","datePublished":"2022-06-01T17:55:56+00:00","dateModified":"2025-12-26T20:30:19+00:00","description":"Parcela El Olivar \u00e0 Colina : un endroit calme et privil\u00e9gi\u00e9 pour vivre dans la r\u00e9gion m\u00e9tropolitaine Terrain de 5.000 m\u00b2 avec une vue spectaculaire sur la Cordill\u00e8re des Andes Id\u00e9al pour construire votre maison de campagne ou pour d\u00e9velopper un projet d'agrotourisme","breadcrumb":{"@id":"https:\/\/produncan.cl\/fr\/produit\/parcela-el-olivar-colina-r-metropolitana\/#breadcrumb"},"inLanguage":"fr-FR","potentialAction":[{"@type":"ReadAction","target":["https:\/\/produncan.cl\/fr\/produit\/parcela-el-olivar-colina-r-metropolitana\/"]}]},{"@type":"ImageObject","inLanguage":"fr-FR","@id":"https:\/\/produncan.cl\/fr\/produit\/parcela-el-olivar-colina-r-metropolitana\/#primaryimage","url":"https:\/\/produncan.cl\/wp-content\/uploads\/2023\/06\/Presentacion-Parcela-El-Olivar.webp","contentUrl":"https:\/\/produncan.cl\/wp-content\/uploads\/2023\/06\/Presentacion-Parcela-El-Olivar.webp","width":600,"height":450},{"@type":"BreadcrumbList","@id":"https:\/\/produncan.cl\/fr\/produit\/parcela-el-olivar-colina-r-metropolitana\/#breadcrumb","itemListElement":[{"@type":"ListItem","position":1,"name":"Inicio","item":"https:\/\/produncan.cl\/fr\/"},{"@type":"ListItem","position":2,"name":"Propri\u00e9t\u00e9s","item":"https:\/\/produncan.cl\/propiedades\/"},{"@type":"ListItem","position":3,"name":"Parcelles","item":"https:\/\/produncan.cl\/fr\/cat&eacute;gorie\/parcelles\/"},{"@type":"ListItem","position":4,"name":"Parcela El Olivar &#8211; Colina, R\u00e9gion m\u00e9tropolitaine"}]},{"@type":"WebSite","@id":"https:\/\/produncan.cl\/fr\/#website","url":"https:\/\/produncan.cl\/fr\/","name":"Produncan","description":"Nous vous accompagnons dans votre projet de vie !","publisher":{"@id":"https:\/\/produncan.cl\/fr\/#organization"},"potentialAction":[{"@type":"SearchAction","target":{"@type":"EntryPoint","urlTemplate":"https:\/\/produncan.cl\/fr\/?s={search_term_string}"},"query-input":{"@type":"PropertyValueSpecification","valueRequired":true,"valueName":"search_term_string"}}],"inLanguage":"fr-FR"},{"@type":"Organization","@id":"https:\/\/produncan.cl\/fr\/#organization","name":"Produncan","url":"https:\/\/produncan.cl\/fr\/","logo":{"@type":"ImageObject","inLanguage":"fr-FR","@id":"https:\/\/produncan.cl\/fr\/#\/schema\/logo\/image\/","url":"https:\/\/produncan.cl\/wp-content\/uploads\/2021\/03\/LOGO.jpeg","contentUrl":"https:\/\/produncan.cl\/wp-content\/uploads\/2021\/03\/LOGO.jpeg","width":1280,"height":903,"caption":"Produncan"},"image":{"@id":"https:\/\/produncan.cl\/fr\/#\/schema\/logo\/image\/"},"sameAs":["https:\/\/web.facebook.com\/produncanland","https:\/\/www.instagram.com\/pro_duncan\/","https:\/\/www.linkedin.com\/company\/produncan-lands\/","https:\/\/www.youtube.com\/channel\/UCu7N-f3x0svkazD-Eew1-QQ"],"description":"En Produncan somos especialistas en la venta de terrenos en el sur de Chile. Proveemos estancias, campos, parcelas y hoteles.","email":"info@produncan.cl"}]},"og_video":"https:\/\/www.youtube.com\/embed\/Wh5M_EThBgM","og_video_type":"text\/html","og_video_duration":"87","og_video_width":"480","og_video_height":"360","ya_ovs_adult":"false","ya_ovs_upload_date":"2022-06-01T17:55:56+00:00","ya_ovs_allow_embed":"true","product_price_amount":"387000.00","product_price_currency":"USD","og_availability":"instock","product_availability":"instock","product_condition":"new"},"_links":{"self":[{"href":"https:\/\/produncan.cl\/fr\/wp-json\/wp\/v2\/product\/15948","targetHints":{"allow":["GET"]}}],"collection":[{"href":"https:\/\/produncan.cl\/fr\/wp-json\/wp\/v2\/product"}],"about":[{"href":"https:\/\/produncan.cl\/fr\/wp-json\/wp\/v2\/types\/product"}],"version-history":[{"count":2,"href":"https:\/\/produncan.cl\/fr\/wp-json\/wp\/v2\/product\/15948\/revisions"}],"predecessor-version":[{"id":54303,"href":"https:\/\/produncan.cl\/fr\/wp-json\/wp\/v2\/product\/15948\/revisions\/54303"}],"wp:featuredmedia":[{"embeddable":true,"href":"https:\/\/produncan.cl\/fr\/wp-json\/wp\/v2\/media\/15375"}],"wp:attachment":[{"href":"https:\/\/produncan.cl\/fr\/wp-json\/wp\/v2\/media?parent=15948"}],"wp:term":[{"taxonomy":"product_brand","embeddable":true,"href":"https:\/\/produncan.cl\/fr\/wp-json\/wp\/v2\/product_brand?post=15948"},{"taxonomy":"product_cat","embeddable":true,"href":"https:\/\/produncan.cl\/fr\/wp-json\/wp\/v2\/product_cat?post=15948"},{"taxonomy":"product_tag","embeddable":true,"href":"https:\/\/produncan.cl\/fr\/wp-json\/wp\/v2\/product_tag?post=15948"},{"taxonomy":"regiones","embeddable":true,"href":"https:\/\/produncan.cl\/fr\/wp-json\/wp\/v2\/regiones?post=15948"},{"taxonomy":"ciudades","embeddable":true,"href":"https:\/\/produncan.cl\/fr\/wp-json\/wp\/v2\/ciudades?post=15948"}],"curies":[{"name":"wp","href":"https:\/\/api.w.org\/{rel}","templated":true}]}}