{"id":15963,"date":"2021-09-06T18:26:36","date_gmt":"2021-09-06T21:26:36","guid":{"rendered":"https:\/\/produncan.cl\/producto\/campito-la-perdiz-la-union-r-de-los-rios\/"},"modified":"2025-08-14T12:35:21","modified_gmt":"2025-08-14T16:35:21","slug":"campito-la-perdiz-la-union-r-de-los-rios","status":"publish","type":"product","link":"https:\/\/produncan.cl\/fr\/produit\/campito-la-perdiz-la-union-r-de-los-rios\/","title":{"rendered":"&#8220;Campito La Perdiz &#8211; La Uni\u00f3n, R\u00e9gion des Rivi\u00e8res&#8221;"},"content":{"rendered":"\t\t<div data-elementor-type=\"product-post\" data-elementor-id=\"15963\" class=\"elementor elementor-15963 elementor-15731\" data-elementor-post-type=\"product\">\n\t\t\t\t<div class=\"elementor-element elementor-element-611e819 e-flex e-con-boxed e-con e-parent\" data-id=\"611e819\" data-element_type=\"container\" data-e-type=\"container\" data-settings=\"{&quot;jet_parallax_layout_list&quot;:[]}\">\n\t\t\t\t\t<div class=\"e-con-inner\">\n\t\t\t\t<div class=\"elementor-element elementor-element-109d8d2 elementor-widget elementor-widget-heading\" data-id=\"109d8d2\" data-element_type=\"widget\" data-e-type=\"widget\" data-widget_type=\"heading.default\">\n\t\t\t\t\t<h2 class=\"elementor-heading-title elementor-size-default\">\"D\u00e9couvrez votre Oasis en Pleine Nature au Campito La Perdiz, \u00e0 Proximit\u00e9 de La Uni\u00f3n, R\u00e9gion des R\u00edos !\"<\/h2>\t\t\t\t<\/div>\n\t\t\t\t\t<\/div>\n\t\t\t\t<\/div>\n\t\t<div class=\"elementor-element elementor-element-6178d6f e-flex e-con-boxed e-con e-parent\" data-id=\"6178d6f\" data-element_type=\"container\" data-e-type=\"container\" data-settings=\"{&quot;jet_parallax_layout_list&quot;:[]}\">\n\t\t\t\t\t<div class=\"e-con-inner\">\n\t\t\t\t<div class=\"elementor-element elementor-element-1c43be5 elementor-widget elementor-widget-text-editor\" data-id=\"1c43be5\" data-element_type=\"widget\" data-e-type=\"widget\" data-widget_type=\"text-editor.default\">\n\t\t\t\t\t\t\t\t\t&#8220;`html\n<p>D\u00e9couvrez votre oasis en pleine nature au Campito La Perdiz, \u00e0 proximit\u00e9 de La Uni\u00f3n, R\u00e9gion de Los R\u00edos !<\/p><p>Ce joli campito de 6,86 hectares vous attend avec toutes les possibilit\u00e9s.<\/p><p>Dans un espace de 5000m\u00b2 au sein du campito, il poss\u00e8de une maison en bois avec trois chambres, une grande salle de bain et un salon-salle \u00e0 manger. De plus, dans ce m\u00eame espace, il y a un hangar, deux serres, un syst\u00e8me d&#8217;irrigation, une cl\u00f4ture \u00e9lectrique, un abri \u00e0 bois et une porcherie.<\/p><p>Avec un prix de vente de 155 000 000 $, ce terrain est un v\u00e9ritable joyau. De plus, il dispose d&#8217;un r\u00f4le propre et est destin\u00e9 \u00e0 un usage agricole, ce qui vous offre une large gamme d&#8217;opportunit\u00e9s pour d\u00e9velopper vos projets.<\/p><p>Dans un espace de 5000m\u00b2 au sein du campito, il poss\u00e8de une maison en bois avec trois chambres, une grande salle de bain et un salon-salle \u00e0 manger. De plus, dans ce m\u00eame espace, il y a un hangar, deux serres, un syst\u00e8me d&#8217;irrigation, une cl\u00f4ture \u00e9lectrique, un abri \u00e0 bois et une porcherie.<\/p><p>Le campito offre une belle vue et vous propose suffisamment d&#8217;espace pour donner libre cours \u00e0 votre cr\u00e9ativit\u00e9. Il n&#8217;y a pas de constructions existantes sur place, ce qui vous donne la libert\u00e9 de concevoir et de construire \u00e0 votre go\u00fbt.<\/p><p>Il dispose d&#8217;\u00e9lectricit\u00e9 et d&#8217;eau via un puits, ce qui facilitera vos activit\u00e9s quotidiennes.<\/p><p>La topographie du champ est majoritairement plate avec des pentes douces, ce qui vous permettra de profiter au maximum de chaque recoin de ce merveilleux terrain. Et si vous recherchez intimit\u00e9 et s\u00e9curit\u00e9, ne vous inqui\u00e9tez pas, car il dispose d&#8217;une cl\u00f4ture p\u00e9rim\u00e9trique en bois avec fil de fer et jouxte d&#8217;autres propri\u00e9t\u00e9s sur tous ses c\u00f4t\u00e9s.<\/p><p>En ce qui concerne l&#8217;emplacement, vous serez \u00e0 seulement 300 m\u00e8tres de l&#8217;asphalte, ce qui vous offre un acc\u00e8s facile et une connectivit\u00e9 vers La Uni\u00f3n et la ville voisine de Rio Bueno. De plus, vous serez \u00e0 seulement 40 minutes de l&#8217;a\u00e9roport d&#8217;Osorno, vous permettant de rejoindre rapidement votre nouveau refuge.<\/p><p>On acc\u00e8de au campito depuis la route publique via une servitude de 70 m\u00e8tres de long.<\/p><p>Bien que vous soyez immerg\u00e9 dans un environnement rural, vous disposerez de signal de t\u00e9l\u00e9communications pour maintenir la connectivit\u00e9. Et si vous cherchez \u00e0 vous d\u00e9tendre et profiter de la tranquillit\u00e9, vous serez entour\u00e9 de beaux arbres indig\u00e8nes tels que Hualles, Coihues et Boldos, vous offrant un environnement naturel et serein.<\/p><p>\u00c0 proximit\u00e9, vous pourrez acc\u00e9der \u00e0 La Uni\u00f3n, Trumao, Alerce Costero, plages de Hueicolla, Lago Ranco et R\u00edo Bueno, entre autres.<\/p><p>Le climat de la r\u00e9gion est principalement temp\u00e9r\u00e9 et pluvieux avec des pr\u00e9cipitations tout au long de l&#8217;ann\u00e9e, avec une p\u00e9riode plus s\u00e8che en \u00e9t\u00e9. Les hivers sont frais et humides, avec des temp\u00e9ratures moyennes oscillant entre 7 \u00b0C et 11 \u00b0C. Les \u00e9t\u00e9s sont plus doux et les temp\u00e9ratures moyennes oscillent entre 14 \u00b0C et 25 \u00b0C.<\/p><p>Ne manquez pas l&#8217;opportunit\u00e9 d&#8217;avoir votre propre paradis au Campito La Perdiz, La Uni\u00f3n.<\/p><p>Ce champ vous attend pour que vous r\u00e9alisiez vos r\u00eaves en pleine nature !<\/p><p>Contactez-nous d\u00e8s maintenant et assurez votre place dans ce coin incroyable du monde.<\/p>\n&#8220;`\t\t\t\t\t\t\t\t<\/div>\n\t\t\t\t\t<\/div>\n\t\t\t\t<\/div>\n\t\t\t\t<\/div>\n\t\t","protected":false},"excerpt":{"rendered":"<p>&#8220;Petit champ \u00e0 proximit\u00e9 de La Uni\u00f3n. Principalement des prairies, avec maison, hangar, \u00e9table, \u00e9lectricit\u00e9, eau de source, ruisseau et acc\u00e8s asphalt\u00e9.&#8221;<\/p>\n","protected":false},"featured_media":36277,"template":"","meta":{"_acf_changed":false},"product_brand":[],"product_cat":[113],"product_tag":[236],"regiones":[226],"ciudades":[215],"class_list":{"0":"post-15963","1":"product","2":"type-product","3":"status-publish","4":"has-post-thumbnail","6":"product_cat-ohiggins-los-lagos-fr","7":"product_tag-parcelles","8":"regiones-nuble-los_lagos","9":"ciudades-la-union","11":"first","12":"outofstock","13":"sold-individually","14":"shipping-taxable","15":"purchasable","16":"product-type-simple"},"acf":[],"yoast_head":"<!-- This site is optimized with the Yoast SEO Premium plugin v26.0 (Yoast SEO v27.3) - https:\/\/yoast.com\/product\/yoast-seo-premium-wordpress\/ -->\n<title>&quot;Campito La Perdiz - La Uni\u00f3n, R\u00e9gion des Rivi\u00e8res&quot; - Produncan<\/title>\n<meta name=\"robots\" content=\"index, follow, max-snippet:-1, max-image-preview:large, max-video-preview:-1\" \/>\n<link rel=\"canonical\" href=\"https:\/\/produncan.cl\/fr\/produit\/campito-la-perdiz-la-union-r-de-los-rios\/\" \/>\n<meta property=\"og:locale\" content=\"fr_FR\" \/>\n<meta property=\"og:type\" content=\"article\" \/>\n<meta property=\"og:title\" content=\"&quot;Campito La Perdiz - La Uni\u00f3n, R\u00e9gion des Rivi\u00e8res&quot;\" \/>\n<meta property=\"og:description\" content=\"&quot;Petit champ \u00e0 proximit\u00e9 de La Uni\u00f3n. Principalement des prairies, avec maison, hangar, \u00e9table, \u00e9lectricit\u00e9, eau de source, ruisseau et acc\u00e8s asphalt\u00e9.&quot;\" \/>\n<meta property=\"og:url\" content=\"https:\/\/produncan.cl\/fr\/produit\/campito-la-perdiz-la-union-r-de-los-rios\/\" \/>\n<meta property=\"og:site_name\" content=\"Produncan\" \/>\n<meta property=\"article:publisher\" content=\"https:\/\/web.facebook.com\/produncanland\" \/>\n<meta property=\"article:modified_time\" content=\"2025-08-14T16:35:21+00:00\" \/>\n<meta property=\"og:image\" content=\"https:\/\/produncan.cl\/wp-content\/uploads\/2023\/09\/Campito-La-Perdiz-Vendido.webp\" \/>\n\t<meta property=\"og:image:width\" content=\"600\" \/>\n\t<meta property=\"og:image:height\" content=\"450\" \/>\n\t<meta property=\"og:image:type\" content=\"image\/webp\" \/>\n<meta name=\"twitter:card\" content=\"summary_large_image\" \/>\n<meta name=\"twitter:label1\" content=\"Price\" \/>\n\t<meta name=\"twitter:data1\" content=\"USD168.500,00\" \/>\n\t<meta name=\"twitter:label2\" content=\"Availability\" \/>\n\t<meta name=\"twitter:data2\" content=\"Out of stock\" \/>\n<script type=\"application\/ld+json\" class=\"yoast-schema-graph\">{\"@context\":\"https:\\\/\\\/schema.org\",\"@graph\":[{\"@type\":\"WebPage\",\"@id\":\"https:\\\/\\\/produncan.cl\\\/fr\\\/produit\\\/campito-la-perdiz-la-union-r-de-los-rios\\\/\",\"url\":\"https:\\\/\\\/produncan.cl\\\/fr\\\/produit\\\/campito-la-perdiz-la-union-r-de-los-rios\\\/\",\"name\":\"\\\"Campito La Perdiz - La Uni\u00f3n, R\u00e9gion des Rivi\u00e8res\\\" - Produncan\",\"isPartOf\":{\"@id\":\"https:\\\/\\\/produncan.cl\\\/fr\\\/#website\"},\"primaryImageOfPage\":{\"@id\":\"https:\\\/\\\/produncan.cl\\\/fr\\\/produit\\\/campito-la-perdiz-la-union-r-de-los-rios\\\/#primaryimage\"},\"image\":{\"@id\":\"https:\\\/\\\/produncan.cl\\\/fr\\\/produit\\\/campito-la-perdiz-la-union-r-de-los-rios\\\/#primaryimage\"},\"thumbnailUrl\":\"https:\\\/\\\/produncan.cl\\\/wp-content\\\/uploads\\\/2023\\\/09\\\/Campito-La-Perdiz-Vendido.webp\",\"datePublished\":\"2021-09-06T21:26:36+00:00\",\"dateModified\":\"2025-08-14T16:35:21+00:00\",\"breadcrumb\":{\"@id\":\"https:\\\/\\\/produncan.cl\\\/fr\\\/produit\\\/campito-la-perdiz-la-union-r-de-los-rios\\\/#breadcrumb\"},\"inLanguage\":\"fr-FR\",\"potentialAction\":[{\"@type\":\"ReadAction\",\"target\":[\"https:\\\/\\\/produncan.cl\\\/fr\\\/produit\\\/campito-la-perdiz-la-union-r-de-los-rios\\\/\"]}]},{\"@type\":\"ImageObject\",\"inLanguage\":\"fr-FR\",\"@id\":\"https:\\\/\\\/produncan.cl\\\/fr\\\/produit\\\/campito-la-perdiz-la-union-r-de-los-rios\\\/#primaryimage\",\"url\":\"https:\\\/\\\/produncan.cl\\\/wp-content\\\/uploads\\\/2023\\\/09\\\/Campito-La-Perdiz-Vendido.webp\",\"contentUrl\":\"https:\\\/\\\/produncan.cl\\\/wp-content\\\/uploads\\\/2023\\\/09\\\/Campito-La-Perdiz-Vendido.webp\",\"width\":600,\"height\":450},{\"@type\":\"BreadcrumbList\",\"@id\":\"https:\\\/\\\/produncan.cl\\\/fr\\\/produit\\\/campito-la-perdiz-la-union-r-de-los-rios\\\/#breadcrumb\",\"itemListElement\":[{\"@type\":\"ListItem\",\"position\":1,\"name\":\"Inicio\",\"item\":\"https:\\\/\\\/produncan.cl\\\/fr\\\/\"},{\"@type\":\"ListItem\",\"position\":2,\"name\":\"Propri\u00e9t\u00e9s\",\"item\":\"https:\\\/\\\/produncan.cl\\\/propiedades\\\/\"},{\"@type\":\"ListItem\",\"position\":3,\"name\":\"Parcelles\",\"item\":\"https:\\\/\\\/produncan.cl\\\/fr\\\/cat&eacute;gorie\\\/parcelles\\\/\"},{\"@type\":\"ListItem\",\"position\":4,\"name\":\"&#8220;Campito La Perdiz &#8211; La Uni\u00f3n, R\u00e9gion des Rivi\u00e8res&#8221;\"}]},{\"@type\":\"WebSite\",\"@id\":\"https:\\\/\\\/produncan.cl\\\/fr\\\/#website\",\"url\":\"https:\\\/\\\/produncan.cl\\\/fr\\\/\",\"name\":\"Produncan\",\"description\":\"Nous vous accompagnons dans votre projet de vie !\",\"publisher\":{\"@id\":\"https:\\\/\\\/produncan.cl\\\/fr\\\/#organization\"},\"potentialAction\":[{\"@type\":\"SearchAction\",\"target\":{\"@type\":\"EntryPoint\",\"urlTemplate\":\"https:\\\/\\\/produncan.cl\\\/fr\\\/?s={search_term_string}\"},\"query-input\":{\"@type\":\"PropertyValueSpecification\",\"valueRequired\":true,\"valueName\":\"search_term_string\"}}],\"inLanguage\":\"fr-FR\"},{\"@type\":\"Organization\",\"@id\":\"https:\\\/\\\/produncan.cl\\\/fr\\\/#organization\",\"name\":\"Produncan\",\"url\":\"https:\\\/\\\/produncan.cl\\\/fr\\\/\",\"logo\":{\"@type\":\"ImageObject\",\"inLanguage\":\"fr-FR\",\"@id\":\"https:\\\/\\\/produncan.cl\\\/fr\\\/#\\\/schema\\\/logo\\\/image\\\/\",\"url\":\"https:\\\/\\\/produncan.cl\\\/wp-content\\\/uploads\\\/2021\\\/03\\\/LOGO.jpeg\",\"contentUrl\":\"https:\\\/\\\/produncan.cl\\\/wp-content\\\/uploads\\\/2021\\\/03\\\/LOGO.jpeg\",\"width\":1280,\"height\":903,\"caption\":\"Produncan\"},\"image\":{\"@id\":\"https:\\\/\\\/produncan.cl\\\/fr\\\/#\\\/schema\\\/logo\\\/image\\\/\"},\"sameAs\":[\"https:\\\/\\\/web.facebook.com\\\/produncanland\",\"https:\\\/\\\/www.instagram.com\\\/pro_duncan\\\/\",\"https:\\\/\\\/www.linkedin.com\\\/company\\\/produncan-lands\\\/\",\"https:\\\/\\\/www.youtube.com\\\/channel\\\/UCu7N-f3x0svkazD-Eew1-QQ\"],\"description\":\"En Produncan somos especialistas en la venta de terrenos en el sur de Chile. Proveemos estancias, campos, parcelas y hoteles.\",\"email\":\"info@produncan.cl\"}]}<\/script>\n<meta property=\"og:video\" content=\"https:\/\/www.youtube.com\/embed\/T3wQozu0Tb0\" \/>\n<meta property=\"og:video:type\" content=\"text\/html\" \/>\n<meta property=\"og:video:duration\" content=\"82\" \/>\n<meta property=\"og:video:width\" content=\"480\" \/>\n<meta property=\"og:video:height\" content=\"360\" \/>\n<meta property=\"ya:ovs:adult\" content=\"false\" \/>\n<meta property=\"ya:ovs:upload_date\" content=\"2021-09-06T21:26:36+00:00\" \/>\n<meta property=\"ya:ovs:allow_embed\" content=\"true\" \/>\n<meta property=\"product:price:amount\" content=\"168500.00\" \/>\n<meta property=\"product:price:currency\" content=\"USD\" \/>\n<meta property=\"og:availability\" content=\"out of stock\" \/>\n<meta property=\"product:availability\" content=\"out of stock\" \/>\n<meta property=\"product:condition\" content=\"new\" \/>\n<!-- \/ Yoast SEO Premium plugin. -->","yoast_head_json":{"title":"\"Campito La Perdiz - La Uni\u00f3n, R\u00e9gion des Rivi\u00e8res\" - Produncan","robots":{"index":"index","follow":"follow","max-snippet":"max-snippet:-1","max-image-preview":"max-image-preview:large","max-video-preview":"max-video-preview:-1"},"canonical":"https:\/\/produncan.cl\/fr\/produit\/campito-la-perdiz-la-union-r-de-los-rios\/","og_locale":"fr_FR","og_type":"article","og_title":"\"Campito La Perdiz - La Uni\u00f3n, R\u00e9gion des Rivi\u00e8res\"","og_description":"\"Petit champ \u00e0 proximit\u00e9 de La Uni\u00f3n. Principalement des prairies, avec maison, hangar, \u00e9table, \u00e9lectricit\u00e9, eau de source, ruisseau et acc\u00e8s asphalt\u00e9.\"","og_url":"https:\/\/produncan.cl\/fr\/produit\/campito-la-perdiz-la-union-r-de-los-rios\/","og_site_name":"Produncan","article_publisher":"https:\/\/web.facebook.com\/produncanland","article_modified_time":"2025-08-14T16:35:21+00:00","og_image":[{"width":600,"height":450,"url":"https:\/\/produncan.cl\/wp-content\/uploads\/2023\/09\/Campito-La-Perdiz-Vendido.webp","type":"image\/webp"}],"twitter_card":"summary_large_image","twitter_misc":{"Price":"USD168.500,00","Availability":"Out of stock"},"schema":{"@context":"https:\/\/schema.org","@graph":[{"@type":"WebPage","@id":"https:\/\/produncan.cl\/fr\/produit\/campito-la-perdiz-la-union-r-de-los-rios\/","url":"https:\/\/produncan.cl\/fr\/produit\/campito-la-perdiz-la-union-r-de-los-rios\/","name":"\"Campito La Perdiz - La Uni\u00f3n, R\u00e9gion des Rivi\u00e8res\" - Produncan","isPartOf":{"@id":"https:\/\/produncan.cl\/fr\/#website"},"primaryImageOfPage":{"@id":"https:\/\/produncan.cl\/fr\/produit\/campito-la-perdiz-la-union-r-de-los-rios\/#primaryimage"},"image":{"@id":"https:\/\/produncan.cl\/fr\/produit\/campito-la-perdiz-la-union-r-de-los-rios\/#primaryimage"},"thumbnailUrl":"https:\/\/produncan.cl\/wp-content\/uploads\/2023\/09\/Campito-La-Perdiz-Vendido.webp","datePublished":"2021-09-06T21:26:36+00:00","dateModified":"2025-08-14T16:35:21+00:00","breadcrumb":{"@id":"https:\/\/produncan.cl\/fr\/produit\/campito-la-perdiz-la-union-r-de-los-rios\/#breadcrumb"},"inLanguage":"fr-FR","potentialAction":[{"@type":"ReadAction","target":["https:\/\/produncan.cl\/fr\/produit\/campito-la-perdiz-la-union-r-de-los-rios\/"]}]},{"@type":"ImageObject","inLanguage":"fr-FR","@id":"https:\/\/produncan.cl\/fr\/produit\/campito-la-perdiz-la-union-r-de-los-rios\/#primaryimage","url":"https:\/\/produncan.cl\/wp-content\/uploads\/2023\/09\/Campito-La-Perdiz-Vendido.webp","contentUrl":"https:\/\/produncan.cl\/wp-content\/uploads\/2023\/09\/Campito-La-Perdiz-Vendido.webp","width":600,"height":450},{"@type":"BreadcrumbList","@id":"https:\/\/produncan.cl\/fr\/produit\/campito-la-perdiz-la-union-r-de-los-rios\/#breadcrumb","itemListElement":[{"@type":"ListItem","position":1,"name":"Inicio","item":"https:\/\/produncan.cl\/fr\/"},{"@type":"ListItem","position":2,"name":"Propri\u00e9t\u00e9s","item":"https:\/\/produncan.cl\/propiedades\/"},{"@type":"ListItem","position":3,"name":"Parcelles","item":"https:\/\/produncan.cl\/fr\/cat&eacute;gorie\/parcelles\/"},{"@type":"ListItem","position":4,"name":"&#8220;Campito La Perdiz &#8211; La Uni\u00f3n, R\u00e9gion des Rivi\u00e8res&#8221;"}]},{"@type":"WebSite","@id":"https:\/\/produncan.cl\/fr\/#website","url":"https:\/\/produncan.cl\/fr\/","name":"Produncan","description":"Nous vous accompagnons dans votre projet de vie !","publisher":{"@id":"https:\/\/produncan.cl\/fr\/#organization"},"potentialAction":[{"@type":"SearchAction","target":{"@type":"EntryPoint","urlTemplate":"https:\/\/produncan.cl\/fr\/?s={search_term_string}"},"query-input":{"@type":"PropertyValueSpecification","valueRequired":true,"valueName":"search_term_string"}}],"inLanguage":"fr-FR"},{"@type":"Organization","@id":"https:\/\/produncan.cl\/fr\/#organization","name":"Produncan","url":"https:\/\/produncan.cl\/fr\/","logo":{"@type":"ImageObject","inLanguage":"fr-FR","@id":"https:\/\/produncan.cl\/fr\/#\/schema\/logo\/image\/","url":"https:\/\/produncan.cl\/wp-content\/uploads\/2021\/03\/LOGO.jpeg","contentUrl":"https:\/\/produncan.cl\/wp-content\/uploads\/2021\/03\/LOGO.jpeg","width":1280,"height":903,"caption":"Produncan"},"image":{"@id":"https:\/\/produncan.cl\/fr\/#\/schema\/logo\/image\/"},"sameAs":["https:\/\/web.facebook.com\/produncanland","https:\/\/www.instagram.com\/pro_duncan\/","https:\/\/www.linkedin.com\/company\/produncan-lands\/","https:\/\/www.youtube.com\/channel\/UCu7N-f3x0svkazD-Eew1-QQ"],"description":"En Produncan somos especialistas en la venta de terrenos en el sur de Chile. Proveemos estancias, campos, parcelas y hoteles.","email":"info@produncan.cl"}]},"og_video":"https:\/\/www.youtube.com\/embed\/T3wQozu0Tb0","og_video_type":"text\/html","og_video_duration":"82","og_video_width":"480","og_video_height":"360","ya_ovs_adult":"false","ya_ovs_upload_date":"2021-09-06T21:26:36+00:00","ya_ovs_allow_embed":"true","product_price_amount":"168500.00","product_price_currency":"USD","og_availability":"out of stock","product_availability":"out of stock","product_condition":"new"},"_links":{"self":[{"href":"https:\/\/produncan.cl\/fr\/wp-json\/wp\/v2\/product\/15963","targetHints":{"allow":["GET"]}}],"collection":[{"href":"https:\/\/produncan.cl\/fr\/wp-json\/wp\/v2\/product"}],"about":[{"href":"https:\/\/produncan.cl\/fr\/wp-json\/wp\/v2\/types\/product"}],"version-history":[{"count":0,"href":"https:\/\/produncan.cl\/fr\/wp-json\/wp\/v2\/product\/15963\/revisions"}],"wp:featuredmedia":[{"embeddable":true,"href":"https:\/\/produncan.cl\/fr\/wp-json\/wp\/v2\/media\/36277"}],"wp:attachment":[{"href":"https:\/\/produncan.cl\/fr\/wp-json\/wp\/v2\/media?parent=15963"}],"wp:term":[{"taxonomy":"product_brand","embeddable":true,"href":"https:\/\/produncan.cl\/fr\/wp-json\/wp\/v2\/product_brand?post=15963"},{"taxonomy":"product_cat","embeddable":true,"href":"https:\/\/produncan.cl\/fr\/wp-json\/wp\/v2\/product_cat?post=15963"},{"taxonomy":"product_tag","embeddable":true,"href":"https:\/\/produncan.cl\/fr\/wp-json\/wp\/v2\/product_tag?post=15963"},{"taxonomy":"regiones","embeddable":true,"href":"https:\/\/produncan.cl\/fr\/wp-json\/wp\/v2\/regiones?post=15963"},{"taxonomy":"ciudades","embeddable":true,"href":"https:\/\/produncan.cl\/fr\/wp-json\/wp\/v2\/ciudades?post=15963"}],"curies":[{"name":"wp","href":"https:\/\/api.w.org\/{rel}","templated":true}]}}