{"id":16504,"date":"2023-08-23T16:58:23","date_gmt":"2023-08-23T20:58:23","guid":{"rendered":"https:\/\/produncan.cl\/producto\/parcelles-rio-huillinco-ancud-chiloe\/"},"modified":"2025-11-24T18:14:48","modified_gmt":"2025-11-24T21:14:48","slug":"parcelles-rio-huillinco-ancud-chiloe","status":"publish","type":"product","link":"https:\/\/produncan.cl\/fr\/produit\/parcelles-rio-huillinco-ancud-chiloe\/","title":{"rendered":"Terrains \u00e0 Ancud, R\u00edo Huillinco &#8211; Chilo\u00e9"},"content":{"rendered":"\t\t<div data-elementor-type=\"product-post\" data-elementor-id=\"16504\" class=\"elementor elementor-16504 elementor-16276\" data-elementor-post-type=\"product\">\n\t\t\t\t<div class=\"elementor-element elementor-element-7eb0e2d e-flex e-con-boxed e-con e-parent\" data-id=\"7eb0e2d\" data-element_type=\"container\" data-e-type=\"container\" data-settings=\"{&quot;jet_parallax_layout_list&quot;:[]}\">\n\t\t\t\t\t<div class=\"e-con-inner\">\n\t\t\t\t<div class=\"elementor-element elementor-element-0b68955 elementor-widget elementor-widget-heading\" data-id=\"0b68955\" data-element_type=\"widget\" data-e-type=\"widget\" data-widget_type=\"heading.default\">\n\t\t\t\t\t<h2 class=\"elementor-heading-title elementor-size-default\">D\u00e9couvrez votre paradis naturel dans la belle commune d'Ancud ! <\/h2>\t\t\t\t<\/div>\n\t\t\t\t\t<\/div>\n\t\t\t\t<\/div>\n\t\t<div class=\"elementor-element elementor-element-ca33632 e-flex e-con-boxed e-con e-parent\" data-id=\"ca33632\" data-element_type=\"container\" data-e-type=\"container\" data-settings=\"{&quot;jet_parallax_layout_list&quot;:[]}\">\n\t\t\t\t\t<div class=\"e-con-inner\">\n\t\t\t\t<div class=\"elementor-element elementor-element-abfce3f elementor-widget elementor-widget-text-editor\" data-id=\"abfce3f\" data-element_type=\"widget\" data-e-type=\"widget\" data-widget_type=\"text-editor.default\">\n\t\t\t\t\t\t\t\t\t<p><strong>Profitez de cette occasion unique d&#8217;acqu\u00e9rir deux parcelles au prix de 25 000 000 $ chacune.<\/strong><br><br>Nous vous pr\u00e9sentons un projet de terrain unique, o\u00f9 vous pourrez construire votre maison au milieu d&#8217;une nature luxuriante et profiter d&#8217;espaces communs spectaculaires. D\u00e9couvrez tous les d\u00e9tails qui font de cet endroit un lieu de vie id\u00e9al.<\/p><p><span style=\"text-align: var(--text-align);\">Ces parcelles \u00e0 Ancud, d&#8217;une superficie de<\/span><span style=\"color: var( --e-global-color-text ); font-family: var( --e-global-typography-text-font-family ), Sans-serif; font-weight: var( --e-global-typography-text-font-weight ); text-align: var(--text-align);\">Le terrain de 5 000 m\u00b2 offre une opportunit\u00e9 in\u00e9gal\u00e9e de cr\u00e9er la maison de vos r\u00eaves. Avec des valeurs de 35 000 000 $ pour les prairies spectaculaires situ\u00e9es dans la partie sup\u00e9rieure du projet, et de 60 000 000 000 $ pour les parcelles surplombant la rivi\u00e8re Huill\u00ednco.<\/span><\/p><p><span style=\"color: var( --e-global-color-text ); font-family: var( --e-global-typography-text-font-family ), Sans-serif; font-weight: var( --e-global-typography-text-font-weight ); text-align: var(--text-align);\">En termes de services, le projet dispose d&#8217;une eau provenant d&#8217;un puits avec des bassins qui passent par des filtres \u00e0 sable et seront \u00e9quip\u00e9s d&#8217;un injecteur de chlore au goutte-\u00e0-goutte pour en garantir la qualit\u00e9. En outre, vous disposerez d&#8217;un r\u00e9seau \u00e9lectrique souterrain et d&#8217;un signal de t\u00e9l\u00e9communications.<\/span><\/p><p><span style=\"color: var( --e-global-color-text ); font-family: var( --e-global-typography-text-font-family ), Sans-serif; font-weight: var( --e-global-typography-text-font-weight ); text-align: var(--text-align);\">Le projet dispose de routes int\u00e9rieures en gravier en excellent \u00e9tat, ainsi que d&#8217;un portail \u00e9lectrique et d&#8217;un acc\u00e8s contr\u00f4l\u00e9 pour assurer la s\u00e9curit\u00e9 de tous les r\u00e9sidents.<\/span><\/p><p><span style=\"color: var( --e-global-color-text ); font-family: var( --e-global-typography-text-font-family ), Sans-serif; font-weight: var( --e-global-typography-text-font-weight ); text-align: var(--text-align);\">En ce qui concerne les espaces communs, 5 hectares seront r\u00e9serv\u00e9s \u00e0 la jouissance de tous les r\u00e9sidents. Il s&#8217;agira notamment d&#8217;un magnifique bord d&#8217;estuaire et d&#8217;espaces nautiques, de sentiers int\u00e9rieurs et de parcs forestiers. Vous pourrez \u00e9galement profiter d&#8217;un espace barbecue, id\u00e9al pour partager des moments privil\u00e9gi\u00e9s en famille ou entre amis.<\/span><\/p><p><span style=\"color: var( --e-global-color-text ); font-family: var( --e-global-typography-text-font-family ), Sans-serif; font-weight: var( --e-global-typography-text-font-weight ); text-align: var(--text-align);\">Si vous \u00eates passionn\u00e9 par la nature, cet endroit est parfait pour vous. Les environs offrent un large \u00e9ventail d&#8217;activit\u00e9s r\u00e9cr\u00e9atives telles que la randonn\u00e9e, l&#8217;observation des oiseaux, le surf, la plong\u00e9e et le camping. En outre, vous aurez la possibilit\u00e9 d&#8217;explorer des sites de grande beaut\u00e9 \u00e0 proximit\u00e9, tels que Faro Corona et La Ping\u00fcinera, pour ne citer qu&#8217;eux.<\/span><\/p><p><span style=\"color: var( --e-global-color-text ); font-family: var( --e-global-typography-text-font-family ), Sans-serif; font-weight: var( --e-global-typography-text-font-weight ); text-align: var(--text-align);\">L&#8217;emplacement vous offre la tranquillit\u00e9 et la connexion que vous souhaitez. Vous pouvez facilement y acc\u00e9der depuis Ancud ou Puerto Montt par la route 5 et ensuite seulement 2 kilom\u00e8tres de route de gravier. Vous serez \u00e9galement \u00e0 seulement 20 minutes d&#8217;Ancud, o\u00f9 vous trouverez un large \u00e9ventail de services et de commodit\u00e9s. L&#8217;a\u00e9roport de Castro se trouve \u00e0 environ 45 minutes et vous serez \u00e9galement \u00e0 proximit\u00e9 de l&#8217;a\u00e9roport d&#8217;El Tepual, ce qui vous permettra d&#8217;acc\u00e9der facilement \u00e0 d&#8217;autres destinations.<\/span><\/p><p><span style=\"color: var( --e-global-color-text ); font-family: var( --e-global-typography-text-font-family ), Sans-serif; font-weight: var( --e-global-typography-text-font-weight ); text-align: var(--text-align);\">En termes de topographie, le site se caract\u00e9rise par une grande plan\u00e9it\u00e9, ce qui facilitera la construction de votre maison. En outre, le projet est situ\u00e9 dans un estuaire aliment\u00e9 par 8 rivi\u00e8res et bord\u00e9 par la rivi\u00e8re Pudeto, ce qui lui conf\u00e8re un environnement naturel unique.<\/span><\/p><p><span style=\"color: var( --e-global-color-text ); font-family: var( --e-global-typography-text-font-family ), Sans-serif; font-weight: var( --e-global-typography-text-font-weight ); text-align: var(--text-align);\">La flore et la faune de la r\u00e9gion sont impressionnantes. Vous pourrez admirer des arbres tels que le coig\u00fce, l&#8217;ulmo, le canelo, le ma\u00f1\u00edo, le huilca, le nalca, le copihue, l&#8217;array\u00e1n et le calafate.<\/span><\/p><p><span style=\"color: var( --e-global-color-text ); font-family: var( --e-global-typography-text-font-family ), Sans-serif; font-weight: var( --e-global-typography-text-font-weight ); text-align: var(--text-align);\">En outre, la diversit\u00e9 de l&#8217;avifaune est remarquable, avec plus de 100 esp\u00e8ces recens\u00e9es, dont des p\u00e9licans, des h\u00e9rons, des hiboux et des faucons. Les rivi\u00e8res Pudeto et Huillinco abritent des esp\u00e8ces de truites et de saumons, ce qui permet de profiter de la p\u00eache et de la nature aquatique.<\/span><\/p><p><span style=\"color: var( --e-global-color-text ); font-family: var( --e-global-typography-text-font-family ), Sans-serif; font-weight: var( --e-global-typography-text-font-weight ); text-align: var(--text-align);\">L&#8217;agence immobili\u00e8re propose des facilit\u00e9s de paiement;<\/span><\/p><ul><li>50% en esp\u00e8ces et solde en 12 mois sans surtaxe.<\/li><li>50 % en esp\u00e8ces et solde en 18 mois plus 1 million de surtaxe<\/li><li>50 % en esp\u00e8ces et solde en 24 mois, plus 2 millions de surtaxe<\/li><\/ul><div> <\/div><p>Ne manquez pas cette opportunit\u00e9 de vivre dans un environnement naturel incomparable.<\/p><p><span style=\"color: var( --e-global-color-text ); font-family: var( --e-global-typography-text-font-family ), Sans-serif; font-weight: var( --e-global-typography-text-font-weight ); text-align: var(--text-align);\">Contactez-nous d\u00e8s maintenant et d\u00e9couvrez tout ce que ce projet peut vous offrir !<\/span><\/p>\t\t\t\t\t\t\t\t<\/div>\n\t\t\t\t\t<\/div>\n\t\t\t\t<\/div>\n\t\t\t\t<\/div>\n\t\t","protected":false},"excerpt":{"rendered":"<p>Terrains \u00e0 Ancud dans le meilleur quartier. \u00c9lectricit\u00e9 souterraine, projet d&#8217;approvisionnement en eau en cours, zone commune adjacente \u00e0 l&#8217;estuaire.  Peu d&#8217;unit\u00e9s disponibles. \u00c0 20 minutes de la ville, \u00e0 2 kilom\u00e8tres de la route goudronn\u00e9e.<\/p>\n","protected":false},"featured_media":16354,"template":"","meta":{"_acf_changed":false},"product_brand":[],"product_cat":[113],"product_tag":[236],"regiones":[226],"ciudades":[212],"class_list":{"0":"post-16504","1":"product","2":"type-product","3":"status-publish","4":"has-post-thumbnail","6":"product_cat-ohiggins-los-lagos-fr","7":"product_tag-parcelles","8":"regiones-nuble-los_lagos","9":"ciudades-ancud","11":"first","12":"instock","13":"featured","14":"shipping-taxable","15":"purchasable","16":"product-type-simple"},"acf":[],"yoast_head":"<!-- This site is optimized with the Yoast SEO Premium plugin v26.0 (Yoast SEO v27.3) - https:\/\/yoast.com\/product\/yoast-seo-premium-wordpress\/ -->\n<title>Terrains \u00e0 Ancud, R\u00edo Huillinco - Chilo\u00e9 - Produncan<\/title>\n<meta name=\"description\" content=\"Parcelles \u00e0 Ancud, Rio Huillinco, adjacentes \u00e0 un estuaire avec des vues spectaculaires. Proche de la ville et de l&#039;a\u00e9roport, \u00e9lectricit\u00e9 et eau potable disponibles.\" \/>\n<meta name=\"robots\" content=\"index, follow, max-snippet:-1, max-image-preview:large, max-video-preview:-1\" \/>\n<link rel=\"canonical\" href=\"https:\/\/produncan.cl\/fr\/produit\/parcelles-rio-huillinco-ancud-chiloe\/\" \/>\n<meta property=\"og:locale\" content=\"fr_FR\" \/>\n<meta property=\"og:type\" content=\"article\" \/>\n<meta property=\"og:title\" content=\"Terrains \u00e0 Ancud, R\u00edo Huillinco - Chilo\u00e9\" \/>\n<meta property=\"og:description\" content=\"Parcelles \u00e0 Ancud, Rio Huillinco, adjacentes \u00e0 un estuaire avec des vues spectaculaires. Proche de la ville et de l&#039;a\u00e9roport, \u00e9lectricit\u00e9 et eau potable disponibles.\" \/>\n<meta property=\"og:url\" content=\"https:\/\/produncan.cl\/fr\/produit\/parcelles-rio-huillinco-ancud-chiloe\/\" \/>\n<meta property=\"og:site_name\" content=\"Produncan\" \/>\n<meta property=\"article:publisher\" content=\"https:\/\/web.facebook.com\/produncanland\" \/>\n<meta property=\"article:modified_time\" content=\"2025-11-24T21:14:48+00:00\" \/>\n<meta property=\"og:image\" content=\"https:\/\/produncan.cl\/wp-content\/uploads\/2023\/06\/Parcelas-en-venta-Rio-Huillinco.webp\" \/>\n\t<meta property=\"og:image:width\" content=\"600\" \/>\n\t<meta property=\"og:image:height\" content=\"450\" \/>\n\t<meta property=\"og:image:type\" content=\"image\/webp\" \/>\n<meta name=\"twitter:card\" content=\"summary_large_image\" \/>\n<meta name=\"twitter:label1\" content=\"Price\" \/>\n\t<meta name=\"twitter:data1\" content=\"USD27.200,00\" \/>\n\t<meta name=\"twitter:label2\" content=\"Availability\" \/>\n\t<meta name=\"twitter:data2\" content=\"In stock\" \/>\n<script type=\"application\/ld+json\" class=\"yoast-schema-graph\">{\"@context\":\"https:\\\/\\\/schema.org\",\"@graph\":[{\"@type\":\"WebPage\",\"@id\":\"https:\\\/\\\/produncan.cl\\\/fr\\\/produit\\\/parcelles-rio-huillinco-ancud-chiloe\\\/\",\"url\":\"https:\\\/\\\/produncan.cl\\\/fr\\\/produit\\\/parcelles-rio-huillinco-ancud-chiloe\\\/\",\"name\":\"Terrains \u00e0 Ancud, R\u00edo Huillinco - Chilo\u00e9 - Produncan\",\"isPartOf\":{\"@id\":\"https:\\\/\\\/produncan.cl\\\/fr\\\/#website\"},\"primaryImageOfPage\":{\"@id\":\"https:\\\/\\\/produncan.cl\\\/fr\\\/produit\\\/parcelles-rio-huillinco-ancud-chiloe\\\/#primaryimage\"},\"image\":{\"@id\":\"https:\\\/\\\/produncan.cl\\\/fr\\\/produit\\\/parcelles-rio-huillinco-ancud-chiloe\\\/#primaryimage\"},\"thumbnailUrl\":\"https:\\\/\\\/produncan.cl\\\/wp-content\\\/uploads\\\/2023\\\/06\\\/Parcelas-en-venta-Rio-Huillinco.webp\",\"datePublished\":\"2023-08-23T20:58:23+00:00\",\"dateModified\":\"2025-11-24T21:14:48+00:00\",\"description\":\"Parcelles \u00e0 Ancud, Rio Huillinco, adjacentes \u00e0 un estuaire avec des vues spectaculaires. Proche de la ville et de l'a\u00e9roport, \u00e9lectricit\u00e9 et eau potable disponibles.\",\"breadcrumb\":{\"@id\":\"https:\\\/\\\/produncan.cl\\\/fr\\\/produit\\\/parcelles-rio-huillinco-ancud-chiloe\\\/#breadcrumb\"},\"inLanguage\":\"fr-FR\",\"potentialAction\":[{\"@type\":\"ReadAction\",\"target\":[\"https:\\\/\\\/produncan.cl\\\/fr\\\/produit\\\/parcelles-rio-huillinco-ancud-chiloe\\\/\"]}]},{\"@type\":\"ImageObject\",\"inLanguage\":\"fr-FR\",\"@id\":\"https:\\\/\\\/produncan.cl\\\/fr\\\/produit\\\/parcelles-rio-huillinco-ancud-chiloe\\\/#primaryimage\",\"url\":\"https:\\\/\\\/produncan.cl\\\/wp-content\\\/uploads\\\/2023\\\/06\\\/Parcelas-en-venta-Rio-Huillinco.webp\",\"contentUrl\":\"https:\\\/\\\/produncan.cl\\\/wp-content\\\/uploads\\\/2023\\\/06\\\/Parcelas-en-venta-Rio-Huillinco.webp\",\"width\":600,\"height\":450,\"caption\":\"Terrains \u00e0 vendre Rio Huillinco\"},{\"@type\":\"BreadcrumbList\",\"@id\":\"https:\\\/\\\/produncan.cl\\\/fr\\\/produit\\\/parcelles-rio-huillinco-ancud-chiloe\\\/#breadcrumb\",\"itemListElement\":[{\"@type\":\"ListItem\",\"position\":1,\"name\":\"Inicio\",\"item\":\"https:\\\/\\\/produncan.cl\\\/fr\\\/\"},{\"@type\":\"ListItem\",\"position\":2,\"name\":\"Propri\u00e9t\u00e9s\",\"item\":\"https:\\\/\\\/produncan.cl\\\/propiedades\\\/\"},{\"@type\":\"ListItem\",\"position\":3,\"name\":\"Parcelles\",\"item\":\"https:\\\/\\\/produncan.cl\\\/fr\\\/cat&eacute;gorie\\\/parcelles\\\/\"},{\"@type\":\"ListItem\",\"position\":4,\"name\":\"Terrains \u00e0 Ancud, R\u00edo Huillinco &#8211; Chilo\u00e9\"}]},{\"@type\":\"WebSite\",\"@id\":\"https:\\\/\\\/produncan.cl\\\/fr\\\/#website\",\"url\":\"https:\\\/\\\/produncan.cl\\\/fr\\\/\",\"name\":\"Produncan\",\"description\":\"Nous vous accompagnons dans votre projet de vie !\",\"publisher\":{\"@id\":\"https:\\\/\\\/produncan.cl\\\/fr\\\/#organization\"},\"potentialAction\":[{\"@type\":\"SearchAction\",\"target\":{\"@type\":\"EntryPoint\",\"urlTemplate\":\"https:\\\/\\\/produncan.cl\\\/fr\\\/?s={search_term_string}\"},\"query-input\":{\"@type\":\"PropertyValueSpecification\",\"valueRequired\":true,\"valueName\":\"search_term_string\"}}],\"inLanguage\":\"fr-FR\"},{\"@type\":\"Organization\",\"@id\":\"https:\\\/\\\/produncan.cl\\\/fr\\\/#organization\",\"name\":\"Produncan\",\"url\":\"https:\\\/\\\/produncan.cl\\\/fr\\\/\",\"logo\":{\"@type\":\"ImageObject\",\"inLanguage\":\"fr-FR\",\"@id\":\"https:\\\/\\\/produncan.cl\\\/fr\\\/#\\\/schema\\\/logo\\\/image\\\/\",\"url\":\"https:\\\/\\\/produncan.cl\\\/wp-content\\\/uploads\\\/2021\\\/03\\\/LOGO.jpeg\",\"contentUrl\":\"https:\\\/\\\/produncan.cl\\\/wp-content\\\/uploads\\\/2021\\\/03\\\/LOGO.jpeg\",\"width\":1280,\"height\":903,\"caption\":\"Produncan\"},\"image\":{\"@id\":\"https:\\\/\\\/produncan.cl\\\/fr\\\/#\\\/schema\\\/logo\\\/image\\\/\"},\"sameAs\":[\"https:\\\/\\\/web.facebook.com\\\/produncanland\",\"https:\\\/\\\/www.instagram.com\\\/pro_duncan\\\/\",\"https:\\\/\\\/www.linkedin.com\\\/company\\\/produncan-lands\\\/\",\"https:\\\/\\\/www.youtube.com\\\/channel\\\/UCu7N-f3x0svkazD-Eew1-QQ\"],\"description\":\"En Produncan somos especialistas en la venta de terrenos en el sur de Chile. Proveemos estancias, campos, parcelas y hoteles.\",\"email\":\"info@produncan.cl\"}]}<\/script>\n<meta property=\"og:video\" content=\"https:\/\/www.youtube.com\/embed\/qz4wG_oe9ho\" \/>\n<meta property=\"og:video:type\" content=\"text\/html\" \/>\n<meta property=\"og:video:duration\" content=\"72\" \/>\n<meta property=\"og:video:width\" content=\"480\" \/>\n<meta property=\"og:video:height\" content=\"360\" \/>\n<meta property=\"ya:ovs:adult\" content=\"false\" \/>\n<meta property=\"ya:ovs:upload_date\" content=\"2023-08-23T20:58:23+00:00\" \/>\n<meta property=\"ya:ovs:allow_embed\" content=\"true\" \/>\n<meta property=\"product:price:amount\" content=\"27200.00\" \/>\n<meta property=\"product:price:currency\" content=\"USD\" \/>\n<meta property=\"og:availability\" content=\"instock\" \/>\n<meta property=\"product:availability\" content=\"instock\" \/>\n<meta property=\"product:condition\" content=\"new\" \/>\n<!-- \/ Yoast SEO Premium plugin. -->","yoast_head_json":{"title":"Terrains \u00e0 Ancud, R\u00edo Huillinco - Chilo\u00e9 - Produncan","description":"Parcelles \u00e0 Ancud, Rio Huillinco, adjacentes \u00e0 un estuaire avec des vues spectaculaires. Proche de la ville et de l'a\u00e9roport, \u00e9lectricit\u00e9 et eau potable disponibles.","robots":{"index":"index","follow":"follow","max-snippet":"max-snippet:-1","max-image-preview":"max-image-preview:large","max-video-preview":"max-video-preview:-1"},"canonical":"https:\/\/produncan.cl\/fr\/produit\/parcelles-rio-huillinco-ancud-chiloe\/","og_locale":"fr_FR","og_type":"article","og_title":"Terrains \u00e0 Ancud, R\u00edo Huillinco - Chilo\u00e9","og_description":"Parcelles \u00e0 Ancud, Rio Huillinco, adjacentes \u00e0 un estuaire avec des vues spectaculaires. Proche de la ville et de l'a\u00e9roport, \u00e9lectricit\u00e9 et eau potable disponibles.","og_url":"https:\/\/produncan.cl\/fr\/produit\/parcelles-rio-huillinco-ancud-chiloe\/","og_site_name":"Produncan","article_publisher":"https:\/\/web.facebook.com\/produncanland","article_modified_time":"2025-11-24T21:14:48+00:00","og_image":[{"width":600,"height":450,"url":"https:\/\/produncan.cl\/wp-content\/uploads\/2023\/06\/Parcelas-en-venta-Rio-Huillinco.webp","type":"image\/webp"}],"twitter_card":"summary_large_image","twitter_misc":{"Price":"USD27.200,00","Availability":"In stock"},"schema":{"@context":"https:\/\/schema.org","@graph":[{"@type":"WebPage","@id":"https:\/\/produncan.cl\/fr\/produit\/parcelles-rio-huillinco-ancud-chiloe\/","url":"https:\/\/produncan.cl\/fr\/produit\/parcelles-rio-huillinco-ancud-chiloe\/","name":"Terrains \u00e0 Ancud, R\u00edo Huillinco - Chilo\u00e9 - Produncan","isPartOf":{"@id":"https:\/\/produncan.cl\/fr\/#website"},"primaryImageOfPage":{"@id":"https:\/\/produncan.cl\/fr\/produit\/parcelles-rio-huillinco-ancud-chiloe\/#primaryimage"},"image":{"@id":"https:\/\/produncan.cl\/fr\/produit\/parcelles-rio-huillinco-ancud-chiloe\/#primaryimage"},"thumbnailUrl":"https:\/\/produncan.cl\/wp-content\/uploads\/2023\/06\/Parcelas-en-venta-Rio-Huillinco.webp","datePublished":"2023-08-23T20:58:23+00:00","dateModified":"2025-11-24T21:14:48+00:00","description":"Parcelles \u00e0 Ancud, Rio Huillinco, adjacentes \u00e0 un estuaire avec des vues spectaculaires. Proche de la ville et de l'a\u00e9roport, \u00e9lectricit\u00e9 et eau potable disponibles.","breadcrumb":{"@id":"https:\/\/produncan.cl\/fr\/produit\/parcelles-rio-huillinco-ancud-chiloe\/#breadcrumb"},"inLanguage":"fr-FR","potentialAction":[{"@type":"ReadAction","target":["https:\/\/produncan.cl\/fr\/produit\/parcelles-rio-huillinco-ancud-chiloe\/"]}]},{"@type":"ImageObject","inLanguage":"fr-FR","@id":"https:\/\/produncan.cl\/fr\/produit\/parcelles-rio-huillinco-ancud-chiloe\/#primaryimage","url":"https:\/\/produncan.cl\/wp-content\/uploads\/2023\/06\/Parcelas-en-venta-Rio-Huillinco.webp","contentUrl":"https:\/\/produncan.cl\/wp-content\/uploads\/2023\/06\/Parcelas-en-venta-Rio-Huillinco.webp","width":600,"height":450,"caption":"Terrains \u00e0 vendre Rio Huillinco"},{"@type":"BreadcrumbList","@id":"https:\/\/produncan.cl\/fr\/produit\/parcelles-rio-huillinco-ancud-chiloe\/#breadcrumb","itemListElement":[{"@type":"ListItem","position":1,"name":"Inicio","item":"https:\/\/produncan.cl\/fr\/"},{"@type":"ListItem","position":2,"name":"Propri\u00e9t\u00e9s","item":"https:\/\/produncan.cl\/propiedades\/"},{"@type":"ListItem","position":3,"name":"Parcelles","item":"https:\/\/produncan.cl\/fr\/cat&eacute;gorie\/parcelles\/"},{"@type":"ListItem","position":4,"name":"Terrains \u00e0 Ancud, R\u00edo Huillinco &#8211; Chilo\u00e9"}]},{"@type":"WebSite","@id":"https:\/\/produncan.cl\/fr\/#website","url":"https:\/\/produncan.cl\/fr\/","name":"Produncan","description":"Nous vous accompagnons dans votre projet de vie !","publisher":{"@id":"https:\/\/produncan.cl\/fr\/#organization"},"potentialAction":[{"@type":"SearchAction","target":{"@type":"EntryPoint","urlTemplate":"https:\/\/produncan.cl\/fr\/?s={search_term_string}"},"query-input":{"@type":"PropertyValueSpecification","valueRequired":true,"valueName":"search_term_string"}}],"inLanguage":"fr-FR"},{"@type":"Organization","@id":"https:\/\/produncan.cl\/fr\/#organization","name":"Produncan","url":"https:\/\/produncan.cl\/fr\/","logo":{"@type":"ImageObject","inLanguage":"fr-FR","@id":"https:\/\/produncan.cl\/fr\/#\/schema\/logo\/image\/","url":"https:\/\/produncan.cl\/wp-content\/uploads\/2021\/03\/LOGO.jpeg","contentUrl":"https:\/\/produncan.cl\/wp-content\/uploads\/2021\/03\/LOGO.jpeg","width":1280,"height":903,"caption":"Produncan"},"image":{"@id":"https:\/\/produncan.cl\/fr\/#\/schema\/logo\/image\/"},"sameAs":["https:\/\/web.facebook.com\/produncanland","https:\/\/www.instagram.com\/pro_duncan\/","https:\/\/www.linkedin.com\/company\/produncan-lands\/","https:\/\/www.youtube.com\/channel\/UCu7N-f3x0svkazD-Eew1-QQ"],"description":"En Produncan somos especialistas en la venta de terrenos en el sur de Chile. Proveemos estancias, campos, parcelas y hoteles.","email":"info@produncan.cl"}]},"og_video":"https:\/\/www.youtube.com\/embed\/qz4wG_oe9ho","og_video_type":"text\/html","og_video_duration":"72","og_video_width":"480","og_video_height":"360","ya_ovs_adult":"false","ya_ovs_upload_date":"2023-08-23T20:58:23+00:00","ya_ovs_allow_embed":"true","product_price_amount":"27200.00","product_price_currency":"USD","og_availability":"instock","product_availability":"instock","product_condition":"new"},"_links":{"self":[{"href":"https:\/\/produncan.cl\/fr\/wp-json\/wp\/v2\/product\/16504","targetHints":{"allow":["GET"]}}],"collection":[{"href":"https:\/\/produncan.cl\/fr\/wp-json\/wp\/v2\/product"}],"about":[{"href":"https:\/\/produncan.cl\/fr\/wp-json\/wp\/v2\/types\/product"}],"version-history":[{"count":4,"href":"https:\/\/produncan.cl\/fr\/wp-json\/wp\/v2\/product\/16504\/revisions"}],"predecessor-version":[{"id":52706,"href":"https:\/\/produncan.cl\/fr\/wp-json\/wp\/v2\/product\/16504\/revisions\/52706"}],"wp:featuredmedia":[{"embeddable":true,"href":"https:\/\/produncan.cl\/fr\/wp-json\/wp\/v2\/media\/16354"}],"wp:attachment":[{"href":"https:\/\/produncan.cl\/fr\/wp-json\/wp\/v2\/media?parent=16504"}],"wp:term":[{"taxonomy":"product_brand","embeddable":true,"href":"https:\/\/produncan.cl\/fr\/wp-json\/wp\/v2\/product_brand?post=16504"},{"taxonomy":"product_cat","embeddable":true,"href":"https:\/\/produncan.cl\/fr\/wp-json\/wp\/v2\/product_cat?post=16504"},{"taxonomy":"product_tag","embeddable":true,"href":"https:\/\/produncan.cl\/fr\/wp-json\/wp\/v2\/product_tag?post=16504"},{"taxonomy":"regiones","embeddable":true,"href":"https:\/\/produncan.cl\/fr\/wp-json\/wp\/v2\/regiones?post=16504"},{"taxonomy":"ciudades","embeddable":true,"href":"https:\/\/produncan.cl\/fr\/wp-json\/wp\/v2\/ciudades?post=16504"}],"curies":[{"name":"wp","href":"https:\/\/api.w.org\/{rel}","templated":true}]}}