{"id":16608,"date":"2023-07-05T10:54:50","date_gmt":"2023-07-05T14:54:50","guid":{"rendered":"https:\/\/produncan.cl\/producto\/parcela-las-cumbres-puerto-varas-region-de-los-lagos\/"},"modified":"2025-08-18T16:45:33","modified_gmt":"2025-08-18T20:45:33","slug":"parcela-las-cumbres-puerto-varas-region-de-los-lagos","status":"publish","type":"product","link":"https:\/\/produncan.cl\/fr\/produit\/parcela-las-cumbres-puerto-varas-region-de-los-lagos\/","title":{"rendered":"Terrain \u00e0 Puerto Varas &#8211; Las Cumbres, R\u00e9gion des lacs"},"content":{"rendered":"\t\t<div data-elementor-type=\"product-post\" data-elementor-id=\"16608\" class=\"elementor elementor-16608 elementor-16522\" data-elementor-post-type=\"product\">\n\t\t\t\t<div class=\"elementor-element elementor-element-7b2099a e-flex e-con-boxed e-con e-parent\" data-id=\"7b2099a\" data-element_type=\"container\" data-e-type=\"container\" data-settings=\"{&quot;jet_parallax_layout_list&quot;:[]}\">\n\t\t\t\t\t<div class=\"e-con-inner\">\n\t\t\t\t<div class=\"elementor-element elementor-element-434dbdf elementor-widget elementor-widget-heading\" data-id=\"434dbdf\" data-element_type=\"widget\" data-e-type=\"widget\" data-widget_type=\"heading.default\">\n\t\t\t\t\t<h2 class=\"elementor-heading-title elementor-size-default\">Un terrain au sein d'un projet consolid\u00e9 \u00e0 proximit\u00e9 de Puerto Varas !<\/h2>\t\t\t\t<\/div>\n\t\t\t\t\t<\/div>\n\t\t\t\t<\/div>\n\t\t<div class=\"elementor-element elementor-element-fc96111 e-flex e-con-boxed e-con e-parent\" data-id=\"fc96111\" data-element_type=\"container\" data-e-type=\"container\" data-settings=\"{&quot;jet_parallax_layout_list&quot;:[]}\">\n\t\t\t\t\t<div class=\"e-con-inner\">\n\t\t\t\t<div class=\"elementor-element elementor-element-a27c55b elementor-widget elementor-widget-text-editor\" data-id=\"a27c55b\" data-element_type=\"widget\" data-e-type=\"widget\" data-widget_type=\"text-editor.default\">\n\t\t\t\t\t\t\t\t\t<p>Ce terrain \u00e0 Puerto Varas vous donne l&#8217;opportunit\u00e9 d&#8217;acqu\u00e9rir un terrain unique dans un environnement naturel \u00e9poustouflant. Vous y trouverez tout ce dont vous avez besoin pour mener une vie paisible et agr\u00e9able.<\/p>\n<p><span style=\"color: var( --e-global-color-text ); font-family: var( --e-global-typography-text-font-family ), Sans-serif; font-weight: var( --e-global-typography-text-font-weight ); text-align: var(--text-align);\">Le terrain a une superficie totale de 5458m\u00b2, ce qui vous offre beaucoup d&#8217;espace pour cr\u00e9er la maison de vos r\u00eaves.<\/span><\/p>\n<p><span style=\"color: var( --e-global-color-text ); font-family: var( --e-global-typography-text-font-family ), Sans-serif; font-weight: var( --e-global-typography-text-font-weight ); text-align: var(--text-align);\">En termes de services, le terrain dispose de l&#8217;\u00e9lectricit\u00e9 souterraine, de l&#8217;eau potable provenant d&#8217;un puits, de la fibre optique et d&#8217;une zone de barbecue commune o\u00f9 vous pourrez vous r\u00e9unir avec vos amis et votre famille pour profiter de moments inoubliables en plein air.<\/span><\/p>\n<p><span style=\"color: var( --e-global-color-text ); font-family: var( --e-global-typography-text-font-family ), Sans-serif; font-weight: var( --e-global-typography-text-font-weight ); text-align: var(--text-align);\">De plus, elle b\u00e9n\u00e9ficie d&#8217;une grande s\u00e9curit\u00e9 car elle dispose de deux portails \u00e9lectriques pour acc\u00e9der \u00e0 la propri\u00e9t\u00e9.<\/span><\/p>\n<p><span style=\"color: var( --e-global-color-text ); font-family: var( --e-global-typography-text-font-family ), Sans-serif; font-weight: var( --e-global-typography-text-font-weight ); text-align: var(--text-align);\">La propri\u00e9t\u00e9 poss\u00e8de un ruisseau qui traverse une petite for\u00eat d&#8217;arbres indig\u00e8nes, ce qui vous permet de vous rapprocher de la nature et d&#8217;avoir une vue magnifique.<\/span><\/p>\n<p><span style=\"color: var( --e-global-color-text ); font-family: var( --e-global-typography-text-font-family ), Sans-serif; font-weight: var( --e-global-typography-text-font-weight ); text-align: var(--text-align);\">La topographie du terrain pr\u00e9sente une l\u00e9g\u00e8re pente vers le ruisseau et une zone plate, ce qui permet d&#8217;utiliser le terrain de mani\u00e8re polyvalente. En outre, un relev\u00e9 topographique a \u00e9t\u00e9 effectu\u00e9 pour votre information. L&#8217;exposition au soleil est bonne, ce qui vous permet de b\u00e9n\u00e9ficier d&#8217;une lumi\u00e8re naturelle abondante.<\/span><\/p>\n<p><span style=\"color: var( --e-global-color-text ); font-family: var( --e-global-typography-text-font-family ), Sans-serif; font-weight: var( --e-global-typography-text-font-weight ); text-align: var(--text-align);\">En ce qui concerne la flore et la faune, vous pourrez appr\u00e9cier une bande d&#8217;arbres tels que le laurier et le ma\u00f1\u00edos, entre autres. La faune du site comprend des oiseaux et des esp\u00e8ces typiques de la r\u00e9gion, des li\u00e8vres et une vari\u00e9t\u00e9 d&#8217;oiseaux.<\/span><\/p>\n<p><span style=\"color: var( --e-global-color-text ); font-family: var( --e-global-typography-text-font-family ), Sans-serif; font-weight: var( --e-global-typography-text-font-weight ); text-align: var(--text-align);\">Le terrain est situ\u00e9 dans un environnement privil\u00e9gi\u00e9. Il se trouve \u00e0 seulement 11 km de Puerto Varas, une ville charmante connue pour sa beaut\u00e9 naturelle et son atmosph\u00e8re conviviale. La route menant au terrain est en grande partie pav\u00e9e, avec un tron\u00e7on de 800 m\u00e8tres de gravier en excellent \u00e9tat.<\/span><\/p>\n<p><span style=\"color: var( --e-global-color-text ); font-family: var( --e-global-typography-text-font-family ), Sans-serif; font-weight: var( --e-global-typography-text-font-weight ); text-align: var(--text-align);\">La situation g\u00e9ographique vous permet d&#8217;acc\u00e9der aux attractions voisines telles que les plages Hermosa et Niklitschek, le majestueux volcan Osorno et bien d&#8217;autres encore. De plus, vous disposerez des transports publics \u00e0 environ 2 km et d&#8217;un signal de t\u00e9l\u00e9communication pour rester en contact.<\/span><\/p>\n<p><span style=\"color: var( --e-global-color-text ); font-family: var( --e-global-typography-text-font-family ), Sans-serif; font-weight: var( --e-global-typography-text-font-weight ); text-align: var(--text-align);\">Le climat de la r\u00e9gion est temp\u00e9r\u00e9 et pluvieux, ce qui vous permet de profiter de la v\u00e9g\u00e9tation luxuriante et des magnifiques paysages qui caract\u00e9risent cette r\u00e9gion.<\/span><\/p>\n<p><span style=\"color: var( --e-global-color-text ); font-family: var( --e-global-typography-text-font-family ), Sans-serif; font-weight: var( --e-global-typography-text-font-weight ); text-align: var(--text-align);\">Ne manquez pas l&#8217;opportunit\u00e9 de poss\u00e9der ce magnifique terrain \u00e0 Puerto Varas.<\/span><\/p>\n<p><span style=\"color: var( --e-global-color-text ); font-family: var( --e-global-typography-text-font-family ), Sans-serif; font-weight: var( --e-global-typography-text-font-weight ); text-align: var(--text-align);\">Contactez-nous d\u00e8s aujourd&#8217;hui et d\u00e9couvrez comment faire de votre maison de r\u00eave dans l&#8217;un des plus beaux endroits de la r\u00e9gion des lacs une r\u00e9alit\u00e9.<\/span><\/p>\t\t\t\t\t\t\t\t<\/div>\n\t\t\t\t\t<\/div>\n\t\t\t\t<\/div>\n\t\t\t\t<\/div>\n\t\t","protected":false},"excerpt":{"rendered":"<p>Terrain \u00e0 Puerto Varas dans un projet consolid\u00e9, avec des services tels que l&#8217;\u00e9lectricit\u00e9 souterraine, l&#8217;eau potable, la fibre optique et un acc\u00e8s en grande partie asphalt\u00e9.<\/p>\n","protected":false},"featured_media":39940,"template":"","meta":{"_acf_changed":false},"product_brand":[],"product_cat":[113],"product_tag":[236],"regiones":[226],"ciudades":[218,219],"class_list":{"0":"post-16608","1":"product","2":"type-product","3":"status-publish","4":"has-post-thumbnail","6":"product_cat-ohiggins-los-lagos-fr","7":"product_tag-parcelles","8":"regiones-nuble-los_lagos","9":"ciudades-puerto-montt","10":"ciudades-puerto-varas","12":"first","13":"outofstock","14":"sold-individually","15":"shipping-taxable","16":"product-type-simple"},"acf":[],"yoast_head":"<!-- This site is optimized with the Yoast SEO Premium plugin v26.0 (Yoast SEO v27.4) - https:\/\/yoast.com\/product\/yoast-seo-premium-wordpress\/ -->\n<title>Terrain \u00e0 vendre Las Cumbres - Puerto Varas - Produncan<\/title>\n<meta name=\"description\" content=\"Terrain \u00e0 Puerto Varas dans un projet consolid\u00e9 de 5458m\u00b2 avec \u00e9lectricit\u00e9 souterraine, eau potable, fibre optique, ruisseau et zone de barbecue commune.\" \/>\n<meta name=\"robots\" content=\"index, follow, max-snippet:-1, max-image-preview:large, max-video-preview:-1\" \/>\n<link rel=\"canonical\" href=\"https:\/\/produncan.cl\/fr\/produit\/parcela-las-cumbres-puerto-varas-region-de-los-lagos\/\" \/>\n<meta property=\"og:locale\" content=\"fr_FR\" \/>\n<meta property=\"og:type\" content=\"article\" \/>\n<meta property=\"og:title\" content=\"Terrain \u00e0 Puerto Varas - Las Cumbres, R\u00e9gion des lacs\" \/>\n<meta property=\"og:description\" content=\"Terrain \u00e0 Puerto Varas dans un projet consolid\u00e9 de 5458m\u00b2 avec \u00e9lectricit\u00e9 souterraine, eau potable, fibre optique, ruisseau et zone de barbecue commune.\" \/>\n<meta property=\"og:url\" content=\"https:\/\/produncan.cl\/fr\/produit\/parcela-las-cumbres-puerto-varas-region-de-los-lagos\/\" \/>\n<meta property=\"og:site_name\" content=\"Produncan\" \/>\n<meta property=\"article:publisher\" content=\"https:\/\/web.facebook.com\/produncanland\" \/>\n<meta property=\"article:modified_time\" content=\"2025-08-18T20:45:33+00:00\" \/>\n<meta property=\"og:image\" content=\"https:\/\/produncan.cl\/wp-content\/uploads\/2023\/07\/Parcela-Las-Cumbres-Vendido.webp\" \/>\n\t<meta property=\"og:image:width\" content=\"800\" \/>\n\t<meta property=\"og:image:height\" content=\"600\" \/>\n\t<meta property=\"og:image:type\" content=\"image\/webp\" \/>\n<meta name=\"twitter:card\" content=\"summary_large_image\" \/>\n<meta name=\"twitter:label1\" content=\"Price\" \/>\n\t<meta name=\"twitter:data1\" content=\"\" \/>\n\t<meta name=\"twitter:label2\" content=\"Availability\" \/>\n\t<meta name=\"twitter:data2\" content=\"Out of stock\" \/>\n<script type=\"application\/ld+json\" class=\"yoast-schema-graph\">{\"@context\":\"https:\\\/\\\/schema.org\",\"@graph\":[{\"@type\":\"WebPage\",\"@id\":\"https:\\\/\\\/produncan.cl\\\/fr\\\/produit\\\/parcela-las-cumbres-puerto-varas-region-de-los-lagos\\\/\",\"url\":\"https:\\\/\\\/produncan.cl\\\/fr\\\/produit\\\/parcela-las-cumbres-puerto-varas-region-de-los-lagos\\\/\",\"name\":\"Terrain \u00e0 vendre Las Cumbres - Puerto Varas - Produncan\",\"isPartOf\":{\"@id\":\"https:\\\/\\\/produncan.cl\\\/fr\\\/#website\"},\"primaryImageOfPage\":{\"@id\":\"https:\\\/\\\/produncan.cl\\\/fr\\\/produit\\\/parcela-las-cumbres-puerto-varas-region-de-los-lagos\\\/#primaryimage\"},\"image\":{\"@id\":\"https:\\\/\\\/produncan.cl\\\/fr\\\/produit\\\/parcela-las-cumbres-puerto-varas-region-de-los-lagos\\\/#primaryimage\"},\"thumbnailUrl\":\"https:\\\/\\\/produncan.cl\\\/wp-content\\\/uploads\\\/2023\\\/07\\\/Parcela-Las-Cumbres-Vendido.webp\",\"datePublished\":\"2023-07-05T14:54:50+00:00\",\"dateModified\":\"2025-08-18T20:45:33+00:00\",\"description\":\"Terrain \u00e0 Puerto Varas dans un projet consolid\u00e9 de 5458m\u00b2 avec \u00e9lectricit\u00e9 souterraine, eau potable, fibre optique, ruisseau et zone de barbecue commune.\",\"breadcrumb\":{\"@id\":\"https:\\\/\\\/produncan.cl\\\/fr\\\/produit\\\/parcela-las-cumbres-puerto-varas-region-de-los-lagos\\\/#breadcrumb\"},\"inLanguage\":\"fr-FR\",\"potentialAction\":[{\"@type\":\"ReadAction\",\"target\":[\"https:\\\/\\\/produncan.cl\\\/fr\\\/produit\\\/parcela-las-cumbres-puerto-varas-region-de-los-lagos\\\/\"]}]},{\"@type\":\"ImageObject\",\"inLanguage\":\"fr-FR\",\"@id\":\"https:\\\/\\\/produncan.cl\\\/fr\\\/produit\\\/parcela-las-cumbres-puerto-varas-region-de-los-lagos\\\/#primaryimage\",\"url\":\"https:\\\/\\\/produncan.cl\\\/wp-content\\\/uploads\\\/2023\\\/07\\\/Parcela-Las-Cumbres-Vendido.webp\",\"contentUrl\":\"https:\\\/\\\/produncan.cl\\\/wp-content\\\/uploads\\\/2023\\\/07\\\/Parcela-Las-Cumbres-Vendido.webp\",\"width\":800,\"height\":600},{\"@type\":\"BreadcrumbList\",\"@id\":\"https:\\\/\\\/produncan.cl\\\/fr\\\/produit\\\/parcela-las-cumbres-puerto-varas-region-de-los-lagos\\\/#breadcrumb\",\"itemListElement\":[{\"@type\":\"ListItem\",\"position\":1,\"name\":\"Inicio\",\"item\":\"https:\\\/\\\/produncan.cl\\\/fr\\\/\"},{\"@type\":\"ListItem\",\"position\":2,\"name\":\"Propri\u00e9t\u00e9s\",\"item\":\"https:\\\/\\\/produncan.cl\\\/propiedades\\\/\"},{\"@type\":\"ListItem\",\"position\":3,\"name\":\"Parcelles\",\"item\":\"https:\\\/\\\/produncan.cl\\\/fr\\\/cat&eacute;gorie\\\/parcelles\\\/\"},{\"@type\":\"ListItem\",\"position\":4,\"name\":\"Terrain \u00e0 Puerto Varas &#8211; Las Cumbres, R\u00e9gion des lacs\"}]},{\"@type\":\"WebSite\",\"@id\":\"https:\\\/\\\/produncan.cl\\\/fr\\\/#website\",\"url\":\"https:\\\/\\\/produncan.cl\\\/fr\\\/\",\"name\":\"Produncan\",\"description\":\"Nous vous accompagnons dans votre projet de vie !\",\"publisher\":{\"@id\":\"https:\\\/\\\/produncan.cl\\\/fr\\\/#organization\"},\"potentialAction\":[{\"@type\":\"SearchAction\",\"target\":{\"@type\":\"EntryPoint\",\"urlTemplate\":\"https:\\\/\\\/produncan.cl\\\/fr\\\/?s={search_term_string}\"},\"query-input\":{\"@type\":\"PropertyValueSpecification\",\"valueRequired\":true,\"valueName\":\"search_term_string\"}}],\"inLanguage\":\"fr-FR\"},{\"@type\":\"Organization\",\"@id\":\"https:\\\/\\\/produncan.cl\\\/fr\\\/#organization\",\"name\":\"Produncan\",\"url\":\"https:\\\/\\\/produncan.cl\\\/fr\\\/\",\"logo\":{\"@type\":\"ImageObject\",\"inLanguage\":\"fr-FR\",\"@id\":\"https:\\\/\\\/produncan.cl\\\/fr\\\/#\\\/schema\\\/logo\\\/image\\\/\",\"url\":\"https:\\\/\\\/produncan.cl\\\/wp-content\\\/uploads\\\/2021\\\/03\\\/LOGO.jpeg\",\"contentUrl\":\"https:\\\/\\\/produncan.cl\\\/wp-content\\\/uploads\\\/2021\\\/03\\\/LOGO.jpeg\",\"width\":1280,\"height\":903,\"caption\":\"Produncan\"},\"image\":{\"@id\":\"https:\\\/\\\/produncan.cl\\\/fr\\\/#\\\/schema\\\/logo\\\/image\\\/\"},\"sameAs\":[\"https:\\\/\\\/web.facebook.com\\\/produncanland\",\"https:\\\/\\\/www.instagram.com\\\/pro_duncan\\\/\",\"https:\\\/\\\/www.linkedin.com\\\/company\\\/produncan-lands\\\/\",\"https:\\\/\\\/www.youtube.com\\\/channel\\\/UCu7N-f3x0svkazD-Eew1-QQ\"],\"description\":\"En Produncan somos especialistas en la venta de terrenos en el sur de Chile. Proveemos estancias, campos, parcelas y hoteles.\",\"email\":\"info@produncan.cl\"}]}<\/script>\n<meta property=\"og:video\" content=\"https:\/\/www.youtube.com\/embed\/NetWXWVSYew\" \/>\n<meta property=\"og:video:type\" content=\"text\/html\" \/>\n<meta property=\"og:video:duration\" content=\"73\" \/>\n<meta property=\"og:video:width\" content=\"480\" \/>\n<meta property=\"og:video:height\" content=\"360\" \/>\n<meta property=\"ya:ovs:adult\" content=\"false\" \/>\n<meta property=\"ya:ovs:upload_date\" content=\"2023-07-05T14:54:50+00:00\" \/>\n<meta property=\"ya:ovs:allow_embed\" content=\"true\" \/>\n<meta property=\"product:price:currency\" content=\"USD\" \/>\n<meta property=\"og:availability\" content=\"out of stock\" \/>\n<meta property=\"product:availability\" content=\"out of stock\" \/>\n<meta property=\"product:condition\" content=\"new\" \/>\n<!-- \/ Yoast SEO Premium plugin. -->","yoast_head_json":{"title":"Terrain \u00e0 vendre Las Cumbres - Puerto Varas - Produncan","description":"Terrain \u00e0 Puerto Varas dans un projet consolid\u00e9 de 5458m\u00b2 avec \u00e9lectricit\u00e9 souterraine, eau potable, fibre optique, ruisseau et zone de barbecue commune.","robots":{"index":"index","follow":"follow","max-snippet":"max-snippet:-1","max-image-preview":"max-image-preview:large","max-video-preview":"max-video-preview:-1"},"canonical":"https:\/\/produncan.cl\/fr\/produit\/parcela-las-cumbres-puerto-varas-region-de-los-lagos\/","og_locale":"fr_FR","og_type":"article","og_title":"Terrain \u00e0 Puerto Varas - Las Cumbres, R\u00e9gion des lacs","og_description":"Terrain \u00e0 Puerto Varas dans un projet consolid\u00e9 de 5458m\u00b2 avec \u00e9lectricit\u00e9 souterraine, eau potable, fibre optique, ruisseau et zone de barbecue commune.","og_url":"https:\/\/produncan.cl\/fr\/produit\/parcela-las-cumbres-puerto-varas-region-de-los-lagos\/","og_site_name":"Produncan","article_publisher":"https:\/\/web.facebook.com\/produncanland","article_modified_time":"2025-08-18T20:45:33+00:00","og_image":[{"width":800,"height":600,"url":"https:\/\/produncan.cl\/wp-content\/uploads\/2023\/07\/Parcela-Las-Cumbres-Vendido.webp","type":"image\/webp"}],"twitter_card":"summary_large_image","twitter_misc":{"Price":"","Availability":"Out of stock"},"schema":{"@context":"https:\/\/schema.org","@graph":[{"@type":"WebPage","@id":"https:\/\/produncan.cl\/fr\/produit\/parcela-las-cumbres-puerto-varas-region-de-los-lagos\/","url":"https:\/\/produncan.cl\/fr\/produit\/parcela-las-cumbres-puerto-varas-region-de-los-lagos\/","name":"Terrain \u00e0 vendre Las Cumbres - Puerto Varas - Produncan","isPartOf":{"@id":"https:\/\/produncan.cl\/fr\/#website"},"primaryImageOfPage":{"@id":"https:\/\/produncan.cl\/fr\/produit\/parcela-las-cumbres-puerto-varas-region-de-los-lagos\/#primaryimage"},"image":{"@id":"https:\/\/produncan.cl\/fr\/produit\/parcela-las-cumbres-puerto-varas-region-de-los-lagos\/#primaryimage"},"thumbnailUrl":"https:\/\/produncan.cl\/wp-content\/uploads\/2023\/07\/Parcela-Las-Cumbres-Vendido.webp","datePublished":"2023-07-05T14:54:50+00:00","dateModified":"2025-08-18T20:45:33+00:00","description":"Terrain \u00e0 Puerto Varas dans un projet consolid\u00e9 de 5458m\u00b2 avec \u00e9lectricit\u00e9 souterraine, eau potable, fibre optique, ruisseau et zone de barbecue commune.","breadcrumb":{"@id":"https:\/\/produncan.cl\/fr\/produit\/parcela-las-cumbres-puerto-varas-region-de-los-lagos\/#breadcrumb"},"inLanguage":"fr-FR","potentialAction":[{"@type":"ReadAction","target":["https:\/\/produncan.cl\/fr\/produit\/parcela-las-cumbres-puerto-varas-region-de-los-lagos\/"]}]},{"@type":"ImageObject","inLanguage":"fr-FR","@id":"https:\/\/produncan.cl\/fr\/produit\/parcela-las-cumbres-puerto-varas-region-de-los-lagos\/#primaryimage","url":"https:\/\/produncan.cl\/wp-content\/uploads\/2023\/07\/Parcela-Las-Cumbres-Vendido.webp","contentUrl":"https:\/\/produncan.cl\/wp-content\/uploads\/2023\/07\/Parcela-Las-Cumbres-Vendido.webp","width":800,"height":600},{"@type":"BreadcrumbList","@id":"https:\/\/produncan.cl\/fr\/produit\/parcela-las-cumbres-puerto-varas-region-de-los-lagos\/#breadcrumb","itemListElement":[{"@type":"ListItem","position":1,"name":"Inicio","item":"https:\/\/produncan.cl\/fr\/"},{"@type":"ListItem","position":2,"name":"Propri\u00e9t\u00e9s","item":"https:\/\/produncan.cl\/propiedades\/"},{"@type":"ListItem","position":3,"name":"Parcelles","item":"https:\/\/produncan.cl\/fr\/cat&eacute;gorie\/parcelles\/"},{"@type":"ListItem","position":4,"name":"Terrain \u00e0 Puerto Varas &#8211; Las Cumbres, R\u00e9gion des lacs"}]},{"@type":"WebSite","@id":"https:\/\/produncan.cl\/fr\/#website","url":"https:\/\/produncan.cl\/fr\/","name":"Produncan","description":"Nous vous accompagnons dans votre projet de vie !","publisher":{"@id":"https:\/\/produncan.cl\/fr\/#organization"},"potentialAction":[{"@type":"SearchAction","target":{"@type":"EntryPoint","urlTemplate":"https:\/\/produncan.cl\/fr\/?s={search_term_string}"},"query-input":{"@type":"PropertyValueSpecification","valueRequired":true,"valueName":"search_term_string"}}],"inLanguage":"fr-FR"},{"@type":"Organization","@id":"https:\/\/produncan.cl\/fr\/#organization","name":"Produncan","url":"https:\/\/produncan.cl\/fr\/","logo":{"@type":"ImageObject","inLanguage":"fr-FR","@id":"https:\/\/produncan.cl\/fr\/#\/schema\/logo\/image\/","url":"https:\/\/produncan.cl\/wp-content\/uploads\/2021\/03\/LOGO.jpeg","contentUrl":"https:\/\/produncan.cl\/wp-content\/uploads\/2021\/03\/LOGO.jpeg","width":1280,"height":903,"caption":"Produncan"},"image":{"@id":"https:\/\/produncan.cl\/fr\/#\/schema\/logo\/image\/"},"sameAs":["https:\/\/web.facebook.com\/produncanland","https:\/\/www.instagram.com\/pro_duncan\/","https:\/\/www.linkedin.com\/company\/produncan-lands\/","https:\/\/www.youtube.com\/channel\/UCu7N-f3x0svkazD-Eew1-QQ"],"description":"En Produncan somos especialistas en la venta de terrenos en el sur de Chile. Proveemos estancias, campos, parcelas y hoteles.","email":"info@produncan.cl"}]},"og_video":"https:\/\/www.youtube.com\/embed\/NetWXWVSYew","og_video_type":"text\/html","og_video_duration":"73","og_video_width":"480","og_video_height":"360","ya_ovs_adult":"false","ya_ovs_upload_date":"2023-07-05T14:54:50+00:00","ya_ovs_allow_embed":"true","product_price_currency":"USD","og_availability":"out of stock","product_availability":"out of stock","product_condition":"new"},"_links":{"self":[{"href":"https:\/\/produncan.cl\/fr\/wp-json\/wp\/v2\/product\/16608","targetHints":{"allow":["GET"]}}],"collection":[{"href":"https:\/\/produncan.cl\/fr\/wp-json\/wp\/v2\/product"}],"about":[{"href":"https:\/\/produncan.cl\/fr\/wp-json\/wp\/v2\/types\/product"}],"version-history":[{"count":0,"href":"https:\/\/produncan.cl\/fr\/wp-json\/wp\/v2\/product\/16608\/revisions"}],"wp:featuredmedia":[{"embeddable":true,"href":"https:\/\/produncan.cl\/fr\/wp-json\/wp\/v2\/media\/39940"}],"wp:attachment":[{"href":"https:\/\/produncan.cl\/fr\/wp-json\/wp\/v2\/media?parent=16608"}],"wp:term":[{"taxonomy":"product_brand","embeddable":true,"href":"https:\/\/produncan.cl\/fr\/wp-json\/wp\/v2\/product_brand?post=16608"},{"taxonomy":"product_cat","embeddable":true,"href":"https:\/\/produncan.cl\/fr\/wp-json\/wp\/v2\/product_cat?post=16608"},{"taxonomy":"product_tag","embeddable":true,"href":"https:\/\/produncan.cl\/fr\/wp-json\/wp\/v2\/product_tag?post=16608"},{"taxonomy":"regiones","embeddable":true,"href":"https:\/\/produncan.cl\/fr\/wp-json\/wp\/v2\/regiones?post=16608"},{"taxonomy":"ciudades","embeddable":true,"href":"https:\/\/produncan.cl\/fr\/wp-json\/wp\/v2\/ciudades?post=16608"}],"curies":[{"name":"wp","href":"https:\/\/api.w.org\/{rel}","templated":true}]}}