{"id":17490,"date":"2023-07-05T18:43:30","date_gmt":"2023-07-05T22:43:30","guid":{"rendered":"https:\/\/produncan.cl\/producto\/parcelles-loncotoro-llanquihue-region-de-los-lagos\/"},"modified":"2025-12-26T17:18:46","modified_gmt":"2025-12-26T20:18:46","slug":"parcelles-loncotoro-llanquihue-region-de-los-lagos","status":"publish","type":"product","link":"https:\/\/produncan.cl\/fr\/produit\/parcelles-loncotoro-llanquihue-region-de-los-lagos\/","title":{"rendered":"Terrains \u00e0 b\u00e2tir \u00e0 Llanquihue &#8211; Loncotoro, R\u00e9gion des lacs"},"content":{"rendered":"\t\t<div data-elementor-type=\"product-post\" data-elementor-id=\"17490\" class=\"elementor elementor-17490 elementor-16259\" data-elementor-post-type=\"product\">\n\t\t\t\t<div class=\"elementor-element elementor-element-2c70002 e-flex e-con-boxed e-con e-parent\" data-id=\"2c70002\" data-element_type=\"container\" data-e-type=\"container\" data-settings=\"{&quot;jet_parallax_layout_list&quot;:[]}\">\n\t\t\t\t\t<div class=\"e-con-inner\">\n\t\t\t\t<div class=\"elementor-element elementor-element-495d42a elementor-widget elementor-widget-heading\" data-id=\"495d42a\" data-element_type=\"widget\" data-e-type=\"widget\" data-widget_type=\"heading.default\">\n\t\t\t\t\t<h2 class=\"elementor-heading-title elementor-size-default\">Parcelles avec des prairies parfaites et la meilleure vue \u00e0 proximit\u00e9 de Frutillar et Puerto Varas.<\/h2>\t\t\t\t<\/div>\n\t\t\t\t\t<\/div>\n\t\t\t\t<\/div>\n\t\t<div class=\"elementor-element elementor-element-a704c2b e-flex e-con-boxed e-con e-parent\" data-id=\"a704c2b\" data-element_type=\"container\" data-e-type=\"container\" data-settings=\"{&quot;jet_parallax_layout_list&quot;:[]}\">\n\t\t\t\t\t<div class=\"e-con-inner\">\n\t\t\t\t<div class=\"elementor-element elementor-element-cceb1b2 elementor-widget elementor-widget-text-editor\" data-id=\"cceb1b2\" data-element_type=\"widget\" data-e-type=\"widget\" data-widget_type=\"text-editor.default\">\n\t\t\t\t\t\t\t\t\t<p>Parcellles Loncotoro est un projet de terrains \u00e0 partir de 5000m2 avec son propre cadastre situ\u00e9 \u00e0 27Km de Frutillar et Puerto Varas, et avec des facilit\u00e9s de paiement direct de l&#8217;agence immobili\u00e8re ;<\/p>\n<p>Le projet r\u00e9sidentiel se caract\u00e9rise par un terrain essentiellement plat, entour\u00e9 de for\u00eats et de prairies, avec une vue sur les volcans Osorno, Calbuco et Puntiagudo.<\/p>\n<p>Le projet comprend des routes, le raccordement \u00e0 l&#8217;\u00e9lectricit\u00e9 et \u00e0 l&#8217;eau potable pour chaque parcelle. Les travaux seront achev\u00e9s en avril 2024 pour la phase I, et entre juillet et d\u00e9cembre 2025 pour la phase II.<\/p>\n<p>L&#8217;acc\u00e8s au projet est facile en empruntant la route 5, puis une route goudronn\u00e9e en direction de l&#8217;ouest et enfin une route de gravier en bon \u00e9tat jusqu&#8217;\u00e0 l&#8217;entr\u00e9e.<\/p>\n<p>Dans les environs, vous pourrez acc\u00e9der \u00e0 diverses attractions touristiques et \u00e0 des lacs. Vous pouvez \u00e9galement participer \u00e0 une grande vari\u00e9t\u00e9 d&#8217;activit\u00e9s telles que la p\u00eache sportive, la randonn\u00e9e, le cyclisme, les sports nautiques, le rafting, et profiter des plages et de la diversit\u00e9 gastronomique offertes par les villes de Puerto Varas et de Frutillar.<\/p>\n<p>En ce qui concerne la flore, vous trouverez des esp\u00e8ces indig\u00e8nes, telles que les tepas, les canneliers, les ma\u00f1\u00edos, entre autres, et une v\u00e9g\u00e9tation basse telle que des buissons \u00e0 fleurs. En ce qui concerne la faune, vous trouverez une grande diversit\u00e9 d&#8217;oiseaux, aussi bien des oiseaux locaux comme les Chucaos, les Trailer, les Bandurrias, que des oiseaux migrateurs selon la saison. Dans la faune terrestre, vous pourrez observer des renards, des Gato Gui\u00f1a, parmi d&#8217;autres.<\/p>\n<p>La topographie du site est en grande partie plate, ce qui facilite la construction de la maison de vos r\u00eaves. Vous pourrez \u00e9galement profiter des sources et autres cours d&#8217;eau qui traversent les parcelles centrales du projet.<\/p>\n<p>Les prix sont convenables car il s&#8217;agit d&#8217;un secteur de plus en plus demand\u00e9.<\/p>\n<p>En ce qui concerne les modes de paiement, vous avez la possibilit\u00e9 de payer en esp\u00e8ces et de b\u00e9n\u00e9ficier d&#8217;une r\u00e9duction de 10 %. Vous pouvez \u00e9galement opter pour le cr\u00e9dit direct, avec des pourcentages de financement et des conditions qui varient en fonction de vos besoins.<\/p>\n<p>SI VOUS CHERCHEZ \u00c0 \u00caTRE PROCHE DE LA ROUTE 5, \u00c0 VIVRE ENTRE FRUTILLAR ET PUERTO VARAS, ET \u00c0 AVOIR UNE BELLE VUE, C&#8217;EST L&#8217;ENDROIT QU&#8217;IL VOUS FAUT !<\/p>\n\t\t\t\t\t\t\t\t<\/div>\n\t\t\t\t\t<\/div>\n\t\t\t\t<\/div>\n\t\t\t\t<\/div>\n\t\t","protected":false},"excerpt":{"rendered":"<p>Terrains plats \u00e0 Llanquihue avec prairies et vues sur les montagnes \u00e0 proximit\u00e9 de Frutillar et Puerto Varas. Avec acc\u00e8s asphalt\u00e9 et tous les services d&#8217;ici 2024.<\/p>\n","protected":false},"featured_media":16646,"template":"","meta":{"_acf_changed":false},"product_brand":[],"product_cat":[113],"product_tag":[236],"regiones":[226],"ciudades":[228,229,219],"class_list":{"0":"post-17490","1":"product","2":"type-product","3":"status-publish","4":"has-post-thumbnail","6":"product_cat-ohiggins-los-lagos-fr","7":"product_tag-parcelles","8":"regiones-nuble-los_lagos","9":"ciudades-frutillar","10":"ciudades-llanquihue","11":"ciudades-puerto-varas","13":"first","14":"instock","15":"shipping-taxable","16":"purchasable","17":"product-type-simple"},"acf":[],"yoast_head":"<!-- This site is optimized with the Yoast SEO Premium plugin v26.0 (Yoast SEO v27.3) - https:\/\/yoast.com\/product\/yoast-seo-premium-wordpress\/ -->\n<title>Parcelles Loncotoro Llanquihue - R\u00e9gion de Los Lagos - Produncan<\/title>\n<meta name=\"description\" content=\"Parcelles Loncotoro \u00e0 Llanquihue, parfaites prairies et vue sur les volcans. Entre Frutillar et Puerto Varas, pr\u00e8s de la Ruta 5, id\u00e9al pour votre maison.\" \/>\n<meta name=\"robots\" content=\"index, follow, max-snippet:-1, max-image-preview:large, max-video-preview:-1\" \/>\n<link rel=\"canonical\" href=\"https:\/\/produncan.cl\/fr\/produit\/parcelles-loncotoro-llanquihue-region-de-los-lagos\/\" \/>\n<meta property=\"og:locale\" content=\"fr_FR\" \/>\n<meta property=\"og:type\" content=\"article\" \/>\n<meta property=\"og:title\" content=\"Terrains \u00e0 b\u00e2tir \u00e0 Llanquihue - Loncotoro, R\u00e9gion des lacs\" \/>\n<meta property=\"og:description\" content=\"Parcelles Loncotoro \u00e0 Llanquihue, parfaites prairies et vue sur les volcans. Entre Frutillar et Puerto Varas, pr\u00e8s de la Ruta 5, id\u00e9al pour votre maison.\" \/>\n<meta property=\"og:url\" content=\"https:\/\/produncan.cl\/fr\/produit\/parcelles-loncotoro-llanquihue-region-de-los-lagos\/\" \/>\n<meta property=\"og:site_name\" content=\"Produncan\" \/>\n<meta property=\"article:publisher\" content=\"https:\/\/web.facebook.com\/produncanland\" \/>\n<meta property=\"article:modified_time\" content=\"2025-12-26T20:18:46+00:00\" \/>\n<meta property=\"og:image\" content=\"https:\/\/produncan.cl\/wp-content\/uploads\/2023\/07\/Parcelas-en-venta-en-Llanquihue-Loncotoro.webp\" \/>\n\t<meta property=\"og:image:width\" content=\"600\" \/>\n\t<meta property=\"og:image:height\" content=\"450\" \/>\n\t<meta property=\"og:image:type\" content=\"image\/webp\" \/>\n<meta name=\"twitter:card\" content=\"summary_large_image\" \/>\n<meta name=\"twitter:label1\" content=\"Price\" \/>\n\t<meta name=\"twitter:data1\" content=\"USD37.600,00\" \/>\n\t<meta name=\"twitter:label2\" content=\"Availability\" \/>\n\t<meta name=\"twitter:data2\" content=\"In stock\" \/>\n<script type=\"application\/ld+json\" class=\"yoast-schema-graph\">{\"@context\":\"https:\\\/\\\/schema.org\",\"@graph\":[{\"@type\":\"WebPage\",\"@id\":\"https:\\\/\\\/produncan.cl\\\/fr\\\/produit\\\/parcelles-loncotoro-llanquihue-region-de-los-lagos\\\/\",\"url\":\"https:\\\/\\\/produncan.cl\\\/fr\\\/produit\\\/parcelles-loncotoro-llanquihue-region-de-los-lagos\\\/\",\"name\":\"Parcelles Loncotoro Llanquihue - R\u00e9gion de Los Lagos - Produncan\",\"isPartOf\":{\"@id\":\"https:\\\/\\\/produncan.cl\\\/fr\\\/#website\"},\"primaryImageOfPage\":{\"@id\":\"https:\\\/\\\/produncan.cl\\\/fr\\\/produit\\\/parcelles-loncotoro-llanquihue-region-de-los-lagos\\\/#primaryimage\"},\"image\":{\"@id\":\"https:\\\/\\\/produncan.cl\\\/fr\\\/produit\\\/parcelles-loncotoro-llanquihue-region-de-los-lagos\\\/#primaryimage\"},\"thumbnailUrl\":\"https:\\\/\\\/produncan.cl\\\/wp-content\\\/uploads\\\/2023\\\/07\\\/Parcelas-en-venta-en-Llanquihue-Loncotoro.webp\",\"datePublished\":\"2023-07-05T22:43:30+00:00\",\"dateModified\":\"2025-12-26T20:18:46+00:00\",\"description\":\"Parcelles Loncotoro \u00e0 Llanquihue, parfaites prairies et vue sur les volcans. Entre Frutillar et Puerto Varas, pr\u00e8s de la Ruta 5, id\u00e9al pour votre maison.\",\"breadcrumb\":{\"@id\":\"https:\\\/\\\/produncan.cl\\\/fr\\\/produit\\\/parcelles-loncotoro-llanquihue-region-de-los-lagos\\\/#breadcrumb\"},\"inLanguage\":\"fr-FR\",\"potentialAction\":[{\"@type\":\"ReadAction\",\"target\":[\"https:\\\/\\\/produncan.cl\\\/fr\\\/produit\\\/parcelles-loncotoro-llanquihue-region-de-los-lagos\\\/\"]}]},{\"@type\":\"ImageObject\",\"inLanguage\":\"fr-FR\",\"@id\":\"https:\\\/\\\/produncan.cl\\\/fr\\\/produit\\\/parcelles-loncotoro-llanquihue-region-de-los-lagos\\\/#primaryimage\",\"url\":\"https:\\\/\\\/produncan.cl\\\/wp-content\\\/uploads\\\/2023\\\/07\\\/Parcelas-en-venta-en-Llanquihue-Loncotoro.webp\",\"contentUrl\":\"https:\\\/\\\/produncan.cl\\\/wp-content\\\/uploads\\\/2023\\\/07\\\/Parcelas-en-venta-en-Llanquihue-Loncotoro.webp\",\"width\":600,\"height\":450,\"caption\":\"Terrain \u00e0 vendre \u00e0 Llanquihue Loncotoro\"},{\"@type\":\"BreadcrumbList\",\"@id\":\"https:\\\/\\\/produncan.cl\\\/fr\\\/produit\\\/parcelles-loncotoro-llanquihue-region-de-los-lagos\\\/#breadcrumb\",\"itemListElement\":[{\"@type\":\"ListItem\",\"position\":1,\"name\":\"Inicio\",\"item\":\"https:\\\/\\\/produncan.cl\\\/fr\\\/\"},{\"@type\":\"ListItem\",\"position\":2,\"name\":\"Propri\u00e9t\u00e9s\",\"item\":\"https:\\\/\\\/produncan.cl\\\/propiedades\\\/\"},{\"@type\":\"ListItem\",\"position\":3,\"name\":\"Parcelles\",\"item\":\"https:\\\/\\\/produncan.cl\\\/fr\\\/cat&eacute;gorie\\\/parcelles\\\/\"},{\"@type\":\"ListItem\",\"position\":4,\"name\":\"Terrains \u00e0 b\u00e2tir \u00e0 Llanquihue &#8211; Loncotoro, R\u00e9gion des lacs\"}]},{\"@type\":\"WebSite\",\"@id\":\"https:\\\/\\\/produncan.cl\\\/fr\\\/#website\",\"url\":\"https:\\\/\\\/produncan.cl\\\/fr\\\/\",\"name\":\"Produncan\",\"description\":\"Nous vous accompagnons dans votre projet de vie !\",\"publisher\":{\"@id\":\"https:\\\/\\\/produncan.cl\\\/fr\\\/#organization\"},\"potentialAction\":[{\"@type\":\"SearchAction\",\"target\":{\"@type\":\"EntryPoint\",\"urlTemplate\":\"https:\\\/\\\/produncan.cl\\\/fr\\\/?s={search_term_string}\"},\"query-input\":{\"@type\":\"PropertyValueSpecification\",\"valueRequired\":true,\"valueName\":\"search_term_string\"}}],\"inLanguage\":\"fr-FR\"},{\"@type\":\"Organization\",\"@id\":\"https:\\\/\\\/produncan.cl\\\/fr\\\/#organization\",\"name\":\"Produncan\",\"url\":\"https:\\\/\\\/produncan.cl\\\/fr\\\/\",\"logo\":{\"@type\":\"ImageObject\",\"inLanguage\":\"fr-FR\",\"@id\":\"https:\\\/\\\/produncan.cl\\\/fr\\\/#\\\/schema\\\/logo\\\/image\\\/\",\"url\":\"https:\\\/\\\/produncan.cl\\\/wp-content\\\/uploads\\\/2021\\\/03\\\/LOGO.jpeg\",\"contentUrl\":\"https:\\\/\\\/produncan.cl\\\/wp-content\\\/uploads\\\/2021\\\/03\\\/LOGO.jpeg\",\"width\":1280,\"height\":903,\"caption\":\"Produncan\"},\"image\":{\"@id\":\"https:\\\/\\\/produncan.cl\\\/fr\\\/#\\\/schema\\\/logo\\\/image\\\/\"},\"sameAs\":[\"https:\\\/\\\/web.facebook.com\\\/produncanland\",\"https:\\\/\\\/www.instagram.com\\\/pro_duncan\\\/\",\"https:\\\/\\\/www.linkedin.com\\\/company\\\/produncan-lands\\\/\",\"https:\\\/\\\/www.youtube.com\\\/channel\\\/UCu7N-f3x0svkazD-Eew1-QQ\"],\"description\":\"En Produncan somos especialistas en la venta de terrenos en el sur de Chile. Proveemos estancias, campos, parcelas y hoteles.\",\"email\":\"info@produncan.cl\"}]}<\/script>\n<meta property=\"og:video\" content=\"https:\/\/www.youtube.com\/embed\/RLvC2LE4oNs\" \/>\n<meta property=\"og:video:type\" content=\"text\/html\" \/>\n<meta property=\"og:video:duration\" content=\"78\" \/>\n<meta property=\"og:video:width\" content=\"480\" \/>\n<meta property=\"og:video:height\" content=\"360\" \/>\n<meta property=\"ya:ovs:adult\" content=\"false\" \/>\n<meta property=\"ya:ovs:upload_date\" content=\"2023-07-05T22:43:30+00:00\" \/>\n<meta property=\"ya:ovs:allow_embed\" content=\"true\" \/>\n<meta property=\"product:price:amount\" content=\"37600.00\" \/>\n<meta property=\"product:price:currency\" content=\"USD\" \/>\n<meta property=\"og:availability\" content=\"instock\" \/>\n<meta property=\"product:availability\" content=\"instock\" \/>\n<meta property=\"product:condition\" content=\"new\" \/>\n<!-- \/ Yoast SEO Premium plugin. -->","yoast_head_json":{"title":"Parcelles Loncotoro Llanquihue - R\u00e9gion de Los Lagos - Produncan","description":"Parcelles Loncotoro \u00e0 Llanquihue, parfaites prairies et vue sur les volcans. Entre Frutillar et Puerto Varas, pr\u00e8s de la Ruta 5, id\u00e9al pour votre maison.","robots":{"index":"index","follow":"follow","max-snippet":"max-snippet:-1","max-image-preview":"max-image-preview:large","max-video-preview":"max-video-preview:-1"},"canonical":"https:\/\/produncan.cl\/fr\/produit\/parcelles-loncotoro-llanquihue-region-de-los-lagos\/","og_locale":"fr_FR","og_type":"article","og_title":"Terrains \u00e0 b\u00e2tir \u00e0 Llanquihue - Loncotoro, R\u00e9gion des lacs","og_description":"Parcelles Loncotoro \u00e0 Llanquihue, parfaites prairies et vue sur les volcans. Entre Frutillar et Puerto Varas, pr\u00e8s de la Ruta 5, id\u00e9al pour votre maison.","og_url":"https:\/\/produncan.cl\/fr\/produit\/parcelles-loncotoro-llanquihue-region-de-los-lagos\/","og_site_name":"Produncan","article_publisher":"https:\/\/web.facebook.com\/produncanland","article_modified_time":"2025-12-26T20:18:46+00:00","og_image":[{"width":600,"height":450,"url":"https:\/\/produncan.cl\/wp-content\/uploads\/2023\/07\/Parcelas-en-venta-en-Llanquihue-Loncotoro.webp","type":"image\/webp"}],"twitter_card":"summary_large_image","twitter_misc":{"Price":"USD37.600,00","Availability":"In stock"},"schema":{"@context":"https:\/\/schema.org","@graph":[{"@type":"WebPage","@id":"https:\/\/produncan.cl\/fr\/produit\/parcelles-loncotoro-llanquihue-region-de-los-lagos\/","url":"https:\/\/produncan.cl\/fr\/produit\/parcelles-loncotoro-llanquihue-region-de-los-lagos\/","name":"Parcelles Loncotoro Llanquihue - R\u00e9gion de Los Lagos - Produncan","isPartOf":{"@id":"https:\/\/produncan.cl\/fr\/#website"},"primaryImageOfPage":{"@id":"https:\/\/produncan.cl\/fr\/produit\/parcelles-loncotoro-llanquihue-region-de-los-lagos\/#primaryimage"},"image":{"@id":"https:\/\/produncan.cl\/fr\/produit\/parcelles-loncotoro-llanquihue-region-de-los-lagos\/#primaryimage"},"thumbnailUrl":"https:\/\/produncan.cl\/wp-content\/uploads\/2023\/07\/Parcelas-en-venta-en-Llanquihue-Loncotoro.webp","datePublished":"2023-07-05T22:43:30+00:00","dateModified":"2025-12-26T20:18:46+00:00","description":"Parcelles Loncotoro \u00e0 Llanquihue, parfaites prairies et vue sur les volcans. Entre Frutillar et Puerto Varas, pr\u00e8s de la Ruta 5, id\u00e9al pour votre maison.","breadcrumb":{"@id":"https:\/\/produncan.cl\/fr\/produit\/parcelles-loncotoro-llanquihue-region-de-los-lagos\/#breadcrumb"},"inLanguage":"fr-FR","potentialAction":[{"@type":"ReadAction","target":["https:\/\/produncan.cl\/fr\/produit\/parcelles-loncotoro-llanquihue-region-de-los-lagos\/"]}]},{"@type":"ImageObject","inLanguage":"fr-FR","@id":"https:\/\/produncan.cl\/fr\/produit\/parcelles-loncotoro-llanquihue-region-de-los-lagos\/#primaryimage","url":"https:\/\/produncan.cl\/wp-content\/uploads\/2023\/07\/Parcelas-en-venta-en-Llanquihue-Loncotoro.webp","contentUrl":"https:\/\/produncan.cl\/wp-content\/uploads\/2023\/07\/Parcelas-en-venta-en-Llanquihue-Loncotoro.webp","width":600,"height":450,"caption":"Terrain \u00e0 vendre \u00e0 Llanquihue Loncotoro"},{"@type":"BreadcrumbList","@id":"https:\/\/produncan.cl\/fr\/produit\/parcelles-loncotoro-llanquihue-region-de-los-lagos\/#breadcrumb","itemListElement":[{"@type":"ListItem","position":1,"name":"Inicio","item":"https:\/\/produncan.cl\/fr\/"},{"@type":"ListItem","position":2,"name":"Propri\u00e9t\u00e9s","item":"https:\/\/produncan.cl\/propiedades\/"},{"@type":"ListItem","position":3,"name":"Parcelles","item":"https:\/\/produncan.cl\/fr\/cat&eacute;gorie\/parcelles\/"},{"@type":"ListItem","position":4,"name":"Terrains \u00e0 b\u00e2tir \u00e0 Llanquihue &#8211; Loncotoro, R\u00e9gion des lacs"}]},{"@type":"WebSite","@id":"https:\/\/produncan.cl\/fr\/#website","url":"https:\/\/produncan.cl\/fr\/","name":"Produncan","description":"Nous vous accompagnons dans votre projet de vie !","publisher":{"@id":"https:\/\/produncan.cl\/fr\/#organization"},"potentialAction":[{"@type":"SearchAction","target":{"@type":"EntryPoint","urlTemplate":"https:\/\/produncan.cl\/fr\/?s={search_term_string}"},"query-input":{"@type":"PropertyValueSpecification","valueRequired":true,"valueName":"search_term_string"}}],"inLanguage":"fr-FR"},{"@type":"Organization","@id":"https:\/\/produncan.cl\/fr\/#organization","name":"Produncan","url":"https:\/\/produncan.cl\/fr\/","logo":{"@type":"ImageObject","inLanguage":"fr-FR","@id":"https:\/\/produncan.cl\/fr\/#\/schema\/logo\/image\/","url":"https:\/\/produncan.cl\/wp-content\/uploads\/2021\/03\/LOGO.jpeg","contentUrl":"https:\/\/produncan.cl\/wp-content\/uploads\/2021\/03\/LOGO.jpeg","width":1280,"height":903,"caption":"Produncan"},"image":{"@id":"https:\/\/produncan.cl\/fr\/#\/schema\/logo\/image\/"},"sameAs":["https:\/\/web.facebook.com\/produncanland","https:\/\/www.instagram.com\/pro_duncan\/","https:\/\/www.linkedin.com\/company\/produncan-lands\/","https:\/\/www.youtube.com\/channel\/UCu7N-f3x0svkazD-Eew1-QQ"],"description":"En Produncan somos especialistas en la venta de terrenos en el sur de Chile. Proveemos estancias, campos, parcelas y hoteles.","email":"info@produncan.cl"}]},"og_video":"https:\/\/www.youtube.com\/embed\/RLvC2LE4oNs","og_video_type":"text\/html","og_video_duration":"78","og_video_width":"480","og_video_height":"360","ya_ovs_adult":"false","ya_ovs_upload_date":"2023-07-05T22:43:30+00:00","ya_ovs_allow_embed":"true","product_price_amount":"37600.00","product_price_currency":"USD","og_availability":"instock","product_availability":"instock","product_condition":"new"},"_links":{"self":[{"href":"https:\/\/produncan.cl\/fr\/wp-json\/wp\/v2\/product\/17490","targetHints":{"allow":["GET"]}}],"collection":[{"href":"https:\/\/produncan.cl\/fr\/wp-json\/wp\/v2\/product"}],"about":[{"href":"https:\/\/produncan.cl\/fr\/wp-json\/wp\/v2\/types\/product"}],"version-history":[{"count":2,"href":"https:\/\/produncan.cl\/fr\/wp-json\/wp\/v2\/product\/17490\/revisions"}],"predecessor-version":[{"id":54114,"href":"https:\/\/produncan.cl\/fr\/wp-json\/wp\/v2\/product\/17490\/revisions\/54114"}],"wp:featuredmedia":[{"embeddable":true,"href":"https:\/\/produncan.cl\/fr\/wp-json\/wp\/v2\/media\/16646"}],"wp:attachment":[{"href":"https:\/\/produncan.cl\/fr\/wp-json\/wp\/v2\/media?parent=17490"}],"wp:term":[{"taxonomy":"product_brand","embeddable":true,"href":"https:\/\/produncan.cl\/fr\/wp-json\/wp\/v2\/product_brand?post=17490"},{"taxonomy":"product_cat","embeddable":true,"href":"https:\/\/produncan.cl\/fr\/wp-json\/wp\/v2\/product_cat?post=17490"},{"taxonomy":"product_tag","embeddable":true,"href":"https:\/\/produncan.cl\/fr\/wp-json\/wp\/v2\/product_tag?post=17490"},{"taxonomy":"regiones","embeddable":true,"href":"https:\/\/produncan.cl\/fr\/wp-json\/wp\/v2\/regiones?post=17490"},{"taxonomy":"ciudades","embeddable":true,"href":"https:\/\/produncan.cl\/fr\/wp-json\/wp\/v2\/ciudades?post=17490"}],"curies":[{"name":"wp","href":"https:\/\/api.w.org\/{rel}","templated":true}]}}