{"id":17492,"date":"2022-07-17T17:02:07","date_gmt":"2022-07-17T21:02:07","guid":{"rendered":"https:\/\/produncan.cl\/producto\/complexe-touristique-ralun-cochamo-region-de-los-lagos\/"},"modified":"2025-12-26T17:30:18","modified_gmt":"2025-12-26T20:30:18","slug":"complexe-touristique-ralun-cochamo-region-de-los-lagos","status":"publish","type":"product","link":"https:\/\/produncan.cl\/fr\/produit\/complexe-touristique-ralun-cochamo-region-de-los-lagos\/","title":{"rendered":"Complexe touristique Ral\u00fan, Cocham\u00f3 &#8211; R\u00e9gion de Los Lagos."},"content":{"rendered":"\t\t<div data-elementor-type=\"product-post\" data-elementor-id=\"17492\" class=\"elementor elementor-17492 elementor-16939\" data-elementor-post-type=\"product\">\n\t\t\t\t<div class=\"elementor-element elementor-element-82015f5 e-flex e-con-boxed e-con e-parent\" data-id=\"82015f5\" data-element_type=\"container\" data-e-type=\"container\" data-settings=\"{&quot;jet_parallax_layout_list&quot;:[]}\">\n\t\t\t\t\t<div class=\"e-con-inner\">\n\t\t\t\t<div class=\"elementor-element elementor-element-b4a249b elementor-widget elementor-widget-heading\" data-id=\"b4a249b\" data-element_type=\"widget\" data-e-type=\"widget\" data-widget_type=\"heading.default\">\n\t\t\t\t\t<h2 class=\"elementor-heading-title elementor-size-default\">Complexe touristique Situ\u00e9 dans un endroit magique sur les rives de la rivi\u00e8re Petrohu\u00e9.<\/h2>\t\t\t\t<\/div>\n\t\t\t\t\t<\/div>\n\t\t\t\t<\/div>\n\t\t<div class=\"elementor-element elementor-element-76c681d e-flex e-con-boxed e-con e-parent\" data-id=\"76c681d\" data-element_type=\"container\" data-e-type=\"container\" data-settings=\"{&quot;jet_parallax_layout_list&quot;:[]}\">\n\t\t\t\t\t<div class=\"e-con-inner\">\n\t\t\t\t<div class=\"elementor-element elementor-element-b1ddd83 elementor-widget elementor-widget-text-editor\" data-id=\"b1ddd83\" data-element_type=\"widget\" data-e-type=\"widget\" data-widget_type=\"text-editor.default\">\n\t\t\t\t\t\t\t\t\t<p>D\u00e9veloppez votre projet dans un complexe touristique situ\u00e9 dans un endroit magique sur les rives du fleuve Petrohu\u00e9, dans la commune de Puerto Varas. Cette propri\u00e9t\u00e9 vous offre une opportunit\u00e9 d&#8217;investissement unique dans un cadre naturel exceptionnel.<\/p>\n<p>Avec une superficie totale de 10.200 m\u00b2 et une vari\u00e9t\u00e9 de cabines disponibles pour l&#8217;h\u00e9bergement construites en 2010, ce complexe offre la possibilit\u00e9 de cr\u00e9er une entreprise prosp\u00e8re dans le secteur du tourisme.<\/p>\n<p>La propri\u00e9t\u00e9 se compose d&#8217;une maison principale et de trois cottages, offrant un total de 8 chambres et 6 salles de bains. La maison principale comprend 3 chambres, 2 salles de bains, un salon et une salle \u00e0 manger dans la cuisine. Les deux grandes cabanes disposent chacune de 2 chambres et d&#8217;une salle de bain, tandis que la petite cabane dispose d&#8217;une chambre et d&#8217;une salle de bain. En outre, il y a une pi\u00e8ce suppl\u00e9mentaire avec 1 chambre et 1 salle de bain, qui peut \u00eatre utilis\u00e9e \u00e0 des fins diverses, telles que la vente de produits alimentaires ou un office de tourisme. Chaque installation dispose de sa propre fosse septique.<\/p>\n<p>Le complexe dispose de grandes terrasses dans chaque cabine, d&#8217;o\u00f9 l&#8217;on peut profiter de vues panoramiques sur les montagnes et la rivi\u00e8re, le tout dans un environnement naturel spectaculaire.<\/p>\n<p>En termes de commodit\u00e9s, le complexe est \u00e9quip\u00e9 de syst\u00e8mes d&#8217;eau chaude par calefont et thermo dans la cuisini\u00e8re \u00e0 bois, ainsi que de syst\u00e8mes de chauffage comprenant des cuisini\u00e8res \u00e0 combustion lente et du mazout. Les fen\u00eatres sont en PVC, ce qui assure l&#8217;isolation et l&#8217;efficacit\u00e9 \u00e9nerg\u00e9tique. Les rev\u00eatements des murs et des sols du salon et de la salle \u00e0 manger sont en bois, ce qui cr\u00e9e une atmosph\u00e8re chaleureuse et accueillante.<\/p>\n<p>Les installations du complexe comprennent trois bains \u00e0 remous, parfaits pour se d\u00e9tendre et profiter de moments privil\u00e9gi\u00e9s. Vous trouverez \u00e9galement un vaste espace de stationnement pour plus de 15 v\u00e9hicules.<\/p>\n<p>Le complexe est vendu avec tous les meubles, \u00e0 l&#8217;exception de la maison principale.<\/p>\n<p>L&#8217;acc\u00e8s au site se fait directement par une route goudronn\u00e9e et le terrain borde la rivi\u00e8re Petrohu\u00e9 sur environ 100 m\u00e8tres. En outre, il existe un bon signal de t\u00e9l\u00e9communications et le complexe dispose d&#8217;un brevet commercial pour la vente d&#8217;aliments.<\/p>\n<p>Il se trouve \u00e9galement \u00e0 proximit\u00e9 de nombreuses attractions, telles que le volcan Osorno, les chutes de Petrohu\u00e9, Cocham\u00f3, Termas del Sol et le lac Chapo, ce qui permet \u00e0 vos invit\u00e9s d&#8217;explorer et de profiter de la beaut\u00e9 naturelle de la r\u00e9gion.<\/p>\n<p>Le Petrohu\u00e9 River Resort est situ\u00e9 \u00e0 une heure de Puerto Varas et \u00e0 20 minutes d&#8217;Ensenada, ce qui vous permet d&#8217;acc\u00e9der aux services, aux magasins et \u00e0 un large \u00e9ventail d&#8217;activit\u00e9s touristiques. En outre, les transports publics sont disponibles sur la route pav\u00e9e, ce qui facilite les d\u00e9placements des h\u00f4tes et du personnel.<\/p>\n<p><span style=\"color: var( --e-global-color-text ); font-family: var( --e-global-typography-text-font-family ), Sans-serif; font-weight: var( --e-global-typography-text-font-weight ); text-align: var(--text-align);\">Ne manquez pas l&#8217;occasion d&#8217;investir dans le projet touristique de vos r\u00eaves et de participer \u00e0 ce secteur passionnant. Profitez des avantages de poss\u00e9der votre propre entreprise tout en vivant dans un environnement de r\u00eave.<\/span><\/p>\n<p>Contactez-nous d\u00e8s aujourd&#8217;hui pour savoir comment y parvenir !<\/p>\n\t\t\t\t\t\t\t\t<\/div>\n\t\t\t\t\t<\/div>\n\t\t\t\t<\/div>\n\t\t\t\t<\/div>\n\t\t","protected":false},"excerpt":{"rendered":"<p>Complexe touristique situ\u00e9 \u00e0 100 m\u00e8tres des rives du fleuve Petrohu\u00e9. Maison principale, 3 cabanes, jacuzzis, parking, acc\u00e8s direct depuis une route goudronn\u00e9e.<\/p>\n","protected":false},"featured_media":16944,"template":"","meta":{"_acf_changed":false},"product_brand":[],"product_cat":[113],"product_tag":[236,237],"regiones":[226],"ciudades":[],"class_list":{"0":"post-17492","1":"product","2":"type-product","3":"status-publish","4":"has-post-thumbnail","6":"product_cat-ohiggins-los-lagos-fr","7":"product_tag-parcelles","8":"product_tag-proprietes-touristiques","9":"regiones-nuble-los_lagos","11":"first","12":"instock","13":"shipping-taxable","14":"purchasable","15":"product-type-simple"},"acf":[],"yoast_head":"<!-- This site is optimized with the Yoast SEO Premium plugin v26.0 (Yoast SEO v27.4) - https:\/\/yoast.com\/product\/yoast-seo-premium-wordpress\/ -->\n<title>Complexe touristique Ral\u00fan, Cocham\u00f3 - R\u00e9gion de Los Lagos. - Produncan<\/title>\n<meta name=\"description\" content=\"Complexe touristique de Ral\u00fan, Cocham\u00f3 : un lieu unique pour profiter de la nature dans le sud du Chili. Cabanes, camping, piscines et vue sur la rivi\u00e8re Ral\u00fan.\" \/>\n<meta name=\"robots\" content=\"index, follow, max-snippet:-1, max-image-preview:large, max-video-preview:-1\" \/>\n<link rel=\"canonical\" href=\"https:\/\/produncan.cl\/fr\/produit\/complexe-touristique-ralun-cochamo-region-de-los-lagos\/\" \/>\n<meta property=\"og:locale\" content=\"fr_FR\" \/>\n<meta property=\"og:type\" content=\"article\" \/>\n<meta property=\"og:title\" content=\"Complexe touristique Ral\u00fan, Cocham\u00f3 - R\u00e9gion de Los Lagos.\" \/>\n<meta property=\"og:description\" content=\"Complexe touristique de Ral\u00fan, Cocham\u00f3 : un lieu unique pour profiter de la nature dans le sud du Chili. Cabanes, camping, piscines et vue sur la rivi\u00e8re Ral\u00fan.\" \/>\n<meta property=\"og:url\" content=\"https:\/\/produncan.cl\/fr\/produit\/complexe-touristique-ralun-cochamo-region-de-los-lagos\/\" \/>\n<meta property=\"og:site_name\" content=\"Produncan\" \/>\n<meta property=\"article:publisher\" content=\"https:\/\/web.facebook.com\/produncanland\" \/>\n<meta property=\"article:modified_time\" content=\"2025-12-26T20:30:18+00:00\" \/>\n<meta property=\"og:image\" content=\"https:\/\/produncan.cl\/wp-content\/uploads\/2023\/07\/Complejo-Turistico-a-la-venta-en-Ralun.webp\" \/>\n\t<meta property=\"og:image:width\" content=\"600\" \/>\n\t<meta property=\"og:image:height\" content=\"450\" \/>\n\t<meta property=\"og:image:type\" content=\"image\/webp\" \/>\n<meta name=\"twitter:card\" content=\"summary_large_image\" \/>\n<meta name=\"twitter:label1\" content=\"Price\" \/>\n\t<meta name=\"twitter:data1\" content=\"USD849.800,00\" \/>\n\t<meta name=\"twitter:label2\" content=\"Availability\" \/>\n\t<meta name=\"twitter:data2\" content=\"In stock\" \/>\n<script type=\"application\/ld+json\" class=\"yoast-schema-graph\">{\"@context\":\"https:\\\/\\\/schema.org\",\"@graph\":[{\"@type\":\"WebPage\",\"@id\":\"https:\\\/\\\/produncan.cl\\\/fr\\\/produit\\\/complexe-touristique-ralun-cochamo-region-de-los-lagos\\\/\",\"url\":\"https:\\\/\\\/produncan.cl\\\/fr\\\/produit\\\/complexe-touristique-ralun-cochamo-region-de-los-lagos\\\/\",\"name\":\"Complexe touristique Ral\u00fan, Cocham\u00f3 - R\u00e9gion de Los Lagos. - Produncan\",\"isPartOf\":{\"@id\":\"https:\\\/\\\/produncan.cl\\\/fr\\\/#website\"},\"primaryImageOfPage\":{\"@id\":\"https:\\\/\\\/produncan.cl\\\/fr\\\/produit\\\/complexe-touristique-ralun-cochamo-region-de-los-lagos\\\/#primaryimage\"},\"image\":{\"@id\":\"https:\\\/\\\/produncan.cl\\\/fr\\\/produit\\\/complexe-touristique-ralun-cochamo-region-de-los-lagos\\\/#primaryimage\"},\"thumbnailUrl\":\"https:\\\/\\\/produncan.cl\\\/wp-content\\\/uploads\\\/2023\\\/07\\\/Complejo-Turistico-a-la-venta-en-Ralun.webp\",\"datePublished\":\"2022-07-17T21:02:07+00:00\",\"dateModified\":\"2025-12-26T20:30:18+00:00\",\"description\":\"Complexe touristique de Ral\u00fan, Cocham\u00f3 : un lieu unique pour profiter de la nature dans le sud du Chili. Cabanes, camping, piscines et vue sur la rivi\u00e8re Ral\u00fan.\",\"breadcrumb\":{\"@id\":\"https:\\\/\\\/produncan.cl\\\/fr\\\/produit\\\/complexe-touristique-ralun-cochamo-region-de-los-lagos\\\/#breadcrumb\"},\"inLanguage\":\"fr-FR\",\"potentialAction\":[{\"@type\":\"ReadAction\",\"target\":[\"https:\\\/\\\/produncan.cl\\\/fr\\\/produit\\\/complexe-touristique-ralun-cochamo-region-de-los-lagos\\\/\"]}]},{\"@type\":\"ImageObject\",\"inLanguage\":\"fr-FR\",\"@id\":\"https:\\\/\\\/produncan.cl\\\/fr\\\/produit\\\/complexe-touristique-ralun-cochamo-region-de-los-lagos\\\/#primaryimage\",\"url\":\"https:\\\/\\\/produncan.cl\\\/wp-content\\\/uploads\\\/2023\\\/07\\\/Complejo-Turistico-a-la-venta-en-Ralun.webp\",\"contentUrl\":\"https:\\\/\\\/produncan.cl\\\/wp-content\\\/uploads\\\/2023\\\/07\\\/Complejo-Turistico-a-la-venta-en-Ralun.webp\",\"width\":600,\"height\":450},{\"@type\":\"BreadcrumbList\",\"@id\":\"https:\\\/\\\/produncan.cl\\\/fr\\\/produit\\\/complexe-touristique-ralun-cochamo-region-de-los-lagos\\\/#breadcrumb\",\"itemListElement\":[{\"@type\":\"ListItem\",\"position\":1,\"name\":\"Inicio\",\"item\":\"https:\\\/\\\/produncan.cl\\\/fr\\\/\"},{\"@type\":\"ListItem\",\"position\":2,\"name\":\"Propri\u00e9t\u00e9s\",\"item\":\"https:\\\/\\\/produncan.cl\\\/propiedades\\\/\"},{\"@type\":\"ListItem\",\"position\":3,\"name\":\"Parcelles\",\"item\":\"https:\\\/\\\/produncan.cl\\\/fr\\\/cat&eacute;gorie\\\/parcelles\\\/\"},{\"@type\":\"ListItem\",\"position\":4,\"name\":\"Complexe touristique Ral\u00fan, Cocham\u00f3 &#8211; R\u00e9gion de Los Lagos.\"}]},{\"@type\":\"WebSite\",\"@id\":\"https:\\\/\\\/produncan.cl\\\/fr\\\/#website\",\"url\":\"https:\\\/\\\/produncan.cl\\\/fr\\\/\",\"name\":\"Produncan\",\"description\":\"Nous vous accompagnons dans votre projet de vie !\",\"publisher\":{\"@id\":\"https:\\\/\\\/produncan.cl\\\/fr\\\/#organization\"},\"potentialAction\":[{\"@type\":\"SearchAction\",\"target\":{\"@type\":\"EntryPoint\",\"urlTemplate\":\"https:\\\/\\\/produncan.cl\\\/fr\\\/?s={search_term_string}\"},\"query-input\":{\"@type\":\"PropertyValueSpecification\",\"valueRequired\":true,\"valueName\":\"search_term_string\"}}],\"inLanguage\":\"fr-FR\"},{\"@type\":\"Organization\",\"@id\":\"https:\\\/\\\/produncan.cl\\\/fr\\\/#organization\",\"name\":\"Produncan\",\"url\":\"https:\\\/\\\/produncan.cl\\\/fr\\\/\",\"logo\":{\"@type\":\"ImageObject\",\"inLanguage\":\"fr-FR\",\"@id\":\"https:\\\/\\\/produncan.cl\\\/fr\\\/#\\\/schema\\\/logo\\\/image\\\/\",\"url\":\"https:\\\/\\\/produncan.cl\\\/wp-content\\\/uploads\\\/2021\\\/03\\\/LOGO.jpeg\",\"contentUrl\":\"https:\\\/\\\/produncan.cl\\\/wp-content\\\/uploads\\\/2021\\\/03\\\/LOGO.jpeg\",\"width\":1280,\"height\":903,\"caption\":\"Produncan\"},\"image\":{\"@id\":\"https:\\\/\\\/produncan.cl\\\/fr\\\/#\\\/schema\\\/logo\\\/image\\\/\"},\"sameAs\":[\"https:\\\/\\\/web.facebook.com\\\/produncanland\",\"https:\\\/\\\/www.instagram.com\\\/pro_duncan\\\/\",\"https:\\\/\\\/www.linkedin.com\\\/company\\\/produncan-lands\\\/\",\"https:\\\/\\\/www.youtube.com\\\/channel\\\/UCu7N-f3x0svkazD-Eew1-QQ\"],\"description\":\"En Produncan somos especialistas en la venta de terrenos en el sur de Chile. Proveemos estancias, campos, parcelas y hoteles.\",\"email\":\"info@produncan.cl\"}]}<\/script>\n<meta property=\"og:video\" content=\"https:\/\/www.youtube.com\/embed\/IxQTkQ-vtsk\" \/>\n<meta property=\"og:video:type\" content=\"text\/html\" \/>\n<meta property=\"og:video:duration\" content=\"88\" \/>\n<meta property=\"og:video:width\" content=\"480\" \/>\n<meta property=\"og:video:height\" content=\"360\" \/>\n<meta property=\"ya:ovs:adult\" content=\"false\" \/>\n<meta property=\"ya:ovs:upload_date\" content=\"2022-07-17T21:02:07+00:00\" \/>\n<meta property=\"ya:ovs:allow_embed\" content=\"true\" \/>\n<meta property=\"product:price:amount\" content=\"849800.00\" \/>\n<meta property=\"product:price:currency\" content=\"USD\" \/>\n<meta property=\"og:availability\" content=\"instock\" \/>\n<meta property=\"product:availability\" content=\"instock\" \/>\n<meta property=\"product:condition\" content=\"new\" \/>\n<!-- \/ Yoast SEO Premium plugin. -->","yoast_head_json":{"title":"Complexe touristique Ral\u00fan, Cocham\u00f3 - R\u00e9gion de Los Lagos. - Produncan","description":"Complexe touristique de Ral\u00fan, Cocham\u00f3 : un lieu unique pour profiter de la nature dans le sud du Chili. Cabanes, camping, piscines et vue sur la rivi\u00e8re Ral\u00fan.","robots":{"index":"index","follow":"follow","max-snippet":"max-snippet:-1","max-image-preview":"max-image-preview:large","max-video-preview":"max-video-preview:-1"},"canonical":"https:\/\/produncan.cl\/fr\/produit\/complexe-touristique-ralun-cochamo-region-de-los-lagos\/","og_locale":"fr_FR","og_type":"article","og_title":"Complexe touristique Ral\u00fan, Cocham\u00f3 - R\u00e9gion de Los Lagos.","og_description":"Complexe touristique de Ral\u00fan, Cocham\u00f3 : un lieu unique pour profiter de la nature dans le sud du Chili. Cabanes, camping, piscines et vue sur la rivi\u00e8re Ral\u00fan.","og_url":"https:\/\/produncan.cl\/fr\/produit\/complexe-touristique-ralun-cochamo-region-de-los-lagos\/","og_site_name":"Produncan","article_publisher":"https:\/\/web.facebook.com\/produncanland","article_modified_time":"2025-12-26T20:30:18+00:00","og_image":[{"width":600,"height":450,"url":"https:\/\/produncan.cl\/wp-content\/uploads\/2023\/07\/Complejo-Turistico-a-la-venta-en-Ralun.webp","type":"image\/webp"}],"twitter_card":"summary_large_image","twitter_misc":{"Price":"USD849.800,00","Availability":"In stock"},"schema":{"@context":"https:\/\/schema.org","@graph":[{"@type":"WebPage","@id":"https:\/\/produncan.cl\/fr\/produit\/complexe-touristique-ralun-cochamo-region-de-los-lagos\/","url":"https:\/\/produncan.cl\/fr\/produit\/complexe-touristique-ralun-cochamo-region-de-los-lagos\/","name":"Complexe touristique Ral\u00fan, Cocham\u00f3 - R\u00e9gion de Los Lagos. - Produncan","isPartOf":{"@id":"https:\/\/produncan.cl\/fr\/#website"},"primaryImageOfPage":{"@id":"https:\/\/produncan.cl\/fr\/produit\/complexe-touristique-ralun-cochamo-region-de-los-lagos\/#primaryimage"},"image":{"@id":"https:\/\/produncan.cl\/fr\/produit\/complexe-touristique-ralun-cochamo-region-de-los-lagos\/#primaryimage"},"thumbnailUrl":"https:\/\/produncan.cl\/wp-content\/uploads\/2023\/07\/Complejo-Turistico-a-la-venta-en-Ralun.webp","datePublished":"2022-07-17T21:02:07+00:00","dateModified":"2025-12-26T20:30:18+00:00","description":"Complexe touristique de Ral\u00fan, Cocham\u00f3 : un lieu unique pour profiter de la nature dans le sud du Chili. Cabanes, camping, piscines et vue sur la rivi\u00e8re Ral\u00fan.","breadcrumb":{"@id":"https:\/\/produncan.cl\/fr\/produit\/complexe-touristique-ralun-cochamo-region-de-los-lagos\/#breadcrumb"},"inLanguage":"fr-FR","potentialAction":[{"@type":"ReadAction","target":["https:\/\/produncan.cl\/fr\/produit\/complexe-touristique-ralun-cochamo-region-de-los-lagos\/"]}]},{"@type":"ImageObject","inLanguage":"fr-FR","@id":"https:\/\/produncan.cl\/fr\/produit\/complexe-touristique-ralun-cochamo-region-de-los-lagos\/#primaryimage","url":"https:\/\/produncan.cl\/wp-content\/uploads\/2023\/07\/Complejo-Turistico-a-la-venta-en-Ralun.webp","contentUrl":"https:\/\/produncan.cl\/wp-content\/uploads\/2023\/07\/Complejo-Turistico-a-la-venta-en-Ralun.webp","width":600,"height":450},{"@type":"BreadcrumbList","@id":"https:\/\/produncan.cl\/fr\/produit\/complexe-touristique-ralun-cochamo-region-de-los-lagos\/#breadcrumb","itemListElement":[{"@type":"ListItem","position":1,"name":"Inicio","item":"https:\/\/produncan.cl\/fr\/"},{"@type":"ListItem","position":2,"name":"Propri\u00e9t\u00e9s","item":"https:\/\/produncan.cl\/propiedades\/"},{"@type":"ListItem","position":3,"name":"Parcelles","item":"https:\/\/produncan.cl\/fr\/cat&eacute;gorie\/parcelles\/"},{"@type":"ListItem","position":4,"name":"Complexe touristique Ral\u00fan, Cocham\u00f3 &#8211; R\u00e9gion de Los Lagos."}]},{"@type":"WebSite","@id":"https:\/\/produncan.cl\/fr\/#website","url":"https:\/\/produncan.cl\/fr\/","name":"Produncan","description":"Nous vous accompagnons dans votre projet de vie !","publisher":{"@id":"https:\/\/produncan.cl\/fr\/#organization"},"potentialAction":[{"@type":"SearchAction","target":{"@type":"EntryPoint","urlTemplate":"https:\/\/produncan.cl\/fr\/?s={search_term_string}"},"query-input":{"@type":"PropertyValueSpecification","valueRequired":true,"valueName":"search_term_string"}}],"inLanguage":"fr-FR"},{"@type":"Organization","@id":"https:\/\/produncan.cl\/fr\/#organization","name":"Produncan","url":"https:\/\/produncan.cl\/fr\/","logo":{"@type":"ImageObject","inLanguage":"fr-FR","@id":"https:\/\/produncan.cl\/fr\/#\/schema\/logo\/image\/","url":"https:\/\/produncan.cl\/wp-content\/uploads\/2021\/03\/LOGO.jpeg","contentUrl":"https:\/\/produncan.cl\/wp-content\/uploads\/2021\/03\/LOGO.jpeg","width":1280,"height":903,"caption":"Produncan"},"image":{"@id":"https:\/\/produncan.cl\/fr\/#\/schema\/logo\/image\/"},"sameAs":["https:\/\/web.facebook.com\/produncanland","https:\/\/www.instagram.com\/pro_duncan\/","https:\/\/www.linkedin.com\/company\/produncan-lands\/","https:\/\/www.youtube.com\/channel\/UCu7N-f3x0svkazD-Eew1-QQ"],"description":"En Produncan somos especialistas en la venta de terrenos en el sur de Chile. Proveemos estancias, campos, parcelas y hoteles.","email":"info@produncan.cl"}]},"og_video":"https:\/\/www.youtube.com\/embed\/IxQTkQ-vtsk","og_video_type":"text\/html","og_video_duration":"88","og_video_width":"480","og_video_height":"360","ya_ovs_adult":"false","ya_ovs_upload_date":"2022-07-17T21:02:07+00:00","ya_ovs_allow_embed":"true","product_price_amount":"849800.00","product_price_currency":"USD","og_availability":"instock","product_availability":"instock","product_condition":"new"},"_links":{"self":[{"href":"https:\/\/produncan.cl\/fr\/wp-json\/wp\/v2\/product\/17492","targetHints":{"allow":["GET"]}}],"collection":[{"href":"https:\/\/produncan.cl\/fr\/wp-json\/wp\/v2\/product"}],"about":[{"href":"https:\/\/produncan.cl\/fr\/wp-json\/wp\/v2\/types\/product"}],"version-history":[{"count":2,"href":"https:\/\/produncan.cl\/fr\/wp-json\/wp\/v2\/product\/17492\/revisions"}],"predecessor-version":[{"id":54287,"href":"https:\/\/produncan.cl\/fr\/wp-json\/wp\/v2\/product\/17492\/revisions\/54287"}],"wp:featuredmedia":[{"embeddable":true,"href":"https:\/\/produncan.cl\/fr\/wp-json\/wp\/v2\/media\/16944"}],"wp:attachment":[{"href":"https:\/\/produncan.cl\/fr\/wp-json\/wp\/v2\/media?parent=17492"}],"wp:term":[{"taxonomy":"product_brand","embeddable":true,"href":"https:\/\/produncan.cl\/fr\/wp-json\/wp\/v2\/product_brand?post=17492"},{"taxonomy":"product_cat","embeddable":true,"href":"https:\/\/produncan.cl\/fr\/wp-json\/wp\/v2\/product_cat?post=17492"},{"taxonomy":"product_tag","embeddable":true,"href":"https:\/\/produncan.cl\/fr\/wp-json\/wp\/v2\/product_tag?post=17492"},{"taxonomy":"regiones","embeddable":true,"href":"https:\/\/produncan.cl\/fr\/wp-json\/wp\/v2\/regiones?post=17492"},{"taxonomy":"ciudades","embeddable":true,"href":"https:\/\/produncan.cl\/fr\/wp-json\/wp\/v2\/ciudades?post=17492"}],"curies":[{"name":"wp","href":"https:\/\/api.w.org\/{rel}","templated":true}]}}